{"id":29880,"date":"2022-04-29T14:12:09","date_gmt":"2022-04-29T14:12:09","guid":{"rendered":"https:\/\/www.secretjardin.com\/grow-tent-socks\/"},"modified":"2024-04-23T14:39:00","modified_gmt":"2024-04-23T14:39:00","slug":"grow-tent-socks","status":"publish","type":"page","link":"https:\/\/www.secretjardin.com\/pl\/grow-tent-socks\/","title":{"rendered":"HYDRO SHOOT NAMIOTY DO UPRAWY (SZA\u0141ASY)"},"content":{"rendered":"[vc_row][vc_column][vc_single_image image=&#8221;56899&#8243; onclick=&#8221;custom_link&#8221; img_link_target=&#8221;_blank&#8221; link=&#8221;https:\/\/www.secretjardin.com\/wp-content\/uploads\/2024\/04\/Hydro-Shoot-Tents-Large.png&#8221; css=&#8221;.vc_custom_1713882637362{margin-bottom: 20px !important;}&#8221;][vc_column_text]\n<h3>NAMIOTY DLA MAJSTERKOWICZ\u00d3W<\/h3>\n<p>Model Hydro Shoot to idealna baza dla ka\u017cdego rolnika pragn\u0105cego stworzy\u0107 spersonalizowan\u0105 konstrukcj\u0119. Jest dostarczany bez akcesori\u00f3w, wy\u0142\u0105cznie ze zdejmowanym zbiornikiem WATER TRAY pokrytym foli\u0105 Mylar, kt\u00f3ry zapobiega zalaniom. Model wyposa\u017cony jest w r\u0119kawy s\u0142u\u017c\u0105ce do wentylacji i prowadzenia przewod\u00f3w\/w\u0119\u017cy. R\u0119kawy o wysokim wsp\u00f3\u0142czynniku odbijania \u015bwiat\u0142a i \u015bwiat\u0142oszczelno\u015bci dostosowuj\u0105 si\u0119 do r\u00f3\u017cnych \u015brednic os\u0142on, filtr\u00f3w, ekstraktor\u00f3w, rur i przewod\u00f3w.<\/p>\n<h3 class=\"vcex-module vcex-heading wpex-text-1x1 wpex-font-normal wpex-m-auto wpex-max-w-50 vcex-heading-plain wpex-block\" style=\"color: #e2231a; font-weight: 600;\">SUROWCE<\/h3>\n<p>Cho\u0107 namioty Hydro Shoot s\u0105 sprzedawane bez akcesori\u00f3w, nie nale\u017c\u0105 do najta\u0144szych. Wytwarzane s\u0105 z tych samych materia\u0142\u00f3w co pozosta\u0142e namioty Secret Jardin, takich jak: Mylar M210D, stal Q195, tworzywa sztuczne niepoddane recyklingowi, ni\u0107 nylonowa 30 210D itd.<br \/>\nPonadto cz\u0119\u015bci zamienne do namiot\u00f3w s\u0105 uniwersalne.<\/p>\n<h3 class=\"vcex-module vcex-heading wpex-text-1x1 wpex-font-normal wpex-m-auto wpex-max-w-50 vcex-heading-plain wpex-block\" style=\"color: #e2231a; font-weight: 600;\">NOWY SYSTEM ZAMK\u00d3W B\u0141YSKAWICZNYCH Z PODW\u00d3JN\u0104 KLAP\u0104: \u201e100% ZACIEMNIENIE KOMORY\u201d<\/h3>\n<p>W serii produkt\u00f3w Hydro Shoot wykorzystano ten sam co w serii Secret Jardin system zamk\u00f3w b\u0142yskawicznych z podw\u00f3jn\u0105 klap\u0105 gwarantuj\u0105cy 100% \u015bwiat\u0142oszczelno\u015b\u0107*.<\/p>\n<p>&nbsp;<\/p>\n<p><a href=\"https:\/\/www.secretjardin.com\/wp-content\/uploads\/2021\/05\/202105-DOUBLE-FLAP-SYSTEM_Plan-de-travail-1.png\"><img loading=\"lazy\" decoding=\"async\" class=\"size-medium wp-image-16108 aligncenter\" src=\"https:\/\/www.secretjardin.com\/wp-content\/uploads\/2021\/05\/202105-DOUBLE-FLAP-SYSTEM_Plan-de-travail-1-300x153.png\" alt=\"\" width=\"300\" height=\"153\" srcset=\"https:\/\/www.secretjardin.com\/wp-content\/uploads\/2021\/05\/202105-DOUBLE-FLAP-SYSTEM_Plan-de-travail-1-300x153.png 300w, https:\/\/www.secretjardin.com\/wp-content\/uploads\/2021\/05\/202105-DOUBLE-FLAP-SYSTEM_Plan-de-travail-1-1024x523.png 1024w, https:\/\/www.secretjardin.com\/wp-content\/uploads\/2021\/05\/202105-DOUBLE-FLAP-SYSTEM_Plan-de-travail-1-768x392.png 768w, https:\/\/www.secretjardin.com\/wp-content\/uploads\/2021\/05\/202105-DOUBLE-FLAP-SYSTEM_Plan-de-travail-1-1536x785.png 1536w, https:\/\/www.secretjardin.com\/wp-content\/uploads\/2021\/05\/202105-DOUBLE-FLAP-SYSTEM_Plan-de-travail-1-2048x1046.png 2048w, https:\/\/www.secretjardin.com\/wp-content\/uploads\/2021\/05\/202105-DOUBLE-FLAP-SYSTEM_Plan-de-travail-1-600x307.png 600w\" sizes=\"auto, (max-width: 300px) 100vw, 300px\" \/><\/a><\/p>\n<h3 class=\"vcex-module vcex-heading wpex-text-1x1 wpex-font-normal wpex-m-auto wpex-max-w-50 vcex-heading-plain wpex-block\" style=\"color: #e2231a; font-weight: 600;\">DWIE SERIE<\/h3>\n<p>Modele o niewielkich rozmiarach, wykonane z 16mm rurek, mo\u017cna stosowa\u0107 pionowo do uprawy wysokich ro\u015blin oraz poziomo do uprawy niskich ro\u015blin. W modelach od HS120 stosuje si\u0119 rurki 19mm oraz drzwi poziome o budowie umo\u017cliwiaj\u0105cej otwieranie 3 \u015bcian namiotu w celu u\u0142atwienia dost\u0119pu do wszystkich przestrzeni pod uprawy.<\/p>\n<p><em>* Z tych samych powod\u00f3w, co w przypadku namiot\u00f3w Secret Jardin, podczas obni\u017cania <\/em><em>namiotu nale\u017cy otworzy\u0107 co najmniej jeden wlot powietrza, aby unikn\u0105\u0107 implozji.<\/em>[\/vc_column_text][\/vc_column][\/vc_row]\n<p><html><a href=\"https:\/\/www.secretjardin.com\/pl\/\"><   Powr\u00f3t do strony g\u0142\u00f3wnej<\/a><\/html><\/p>\n","protected":false},"excerpt":{"rendered":"<p>[vc_row][vc_column][vc_single_image image=&#8221;56899&#8243; onclick=&#8221;custom_link&#8221; img_link_target=&#8221;_blank&#8221; link=&#8221;https:\/\/www.secretjardin.com\/wp-content\/uploads\/2024\/04\/Hydro-Shoot-Tents-Large.png&#8221; css=&#8221;.vc_custom_1713882637362{margin-bottom: 20px !important;}&#8221;][vc_column_text] NAMIOTY DLA MAJSTERKOWICZ\u00d3W Model Hydro Shoot to idealna baza dla ka\u017cdego rolnika pragn\u0105cego stworzy\u0107 spersonalizowan\u0105 konstrukcj\u0119. Jest dostarczany bez akcesori\u00f3w, wy\u0142\u0105cznie ze zdejmowanym zbiornikiem WATER TRAY pokrytym foli\u0105 Mylar, kt\u00f3ry zapobiega zalaniom.&hellip;<\/p>\n","protected":false},"author":2,"featured_media":0,"parent":0,"menu_order":0,"comment_status":"closed","ping_status":"closed","template":"templates\/no-sidebar.php","meta":{"_acf_changed":false,"footnotes":""},"class_list":["post-29880","page","type-page","status-publish","hentry","entry","no-media"],"acf":[],"yoast_head":"<!-- This site is optimized with the Yoast SEO plugin v27.4 - https:\/\/yoast.com\/product\/yoast-seo-wordpress\/ -->\n<title>HYDRO SHOOT NAMIOTY DO UPRAWY (SZA\u0141ASY) - Secret Jardin<\/title>\n<meta name=\"robots\" content=\"index, follow, max-snippet:-1, max-image-preview:large, max-video-preview:-1\" \/>\n<link rel=\"canonical\" href=\"https:\/\/www.secretjardin.com\/pl\/grow-tent-socks\/\" \/>\n<meta property=\"og:locale\" content=\"pl_PL\" \/>\n<meta property=\"og:type\" content=\"article\" \/>\n<meta property=\"og:title\" content=\"HYDRO SHOOT NAMIOTY DO UPRAWY (SZA\u0141ASY) - Secret Jardin\" \/>\n<meta property=\"og:description\" content=\"[vc_row][vc_column][vc_single_image image=&#8221;56899&#8243; onclick=&#8221;custom_link&#8221; img_link_target=&#8221;_blank&#8221; link=&#8221;https:\/\/www.secretjardin.com\/wp-content\/uploads\/2024\/04\/Hydro-Shoot-Tents-Large.png&#8221; css=&#8221;.vc_custom_1713882637362{margin-bottom: 20px !important;}&#8221;][vc_column_text] NAMIOTY DLA MAJSTERKOWICZ\u00d3W Model Hydro Shoot to idealna baza dla ka\u017cdego rolnika pragn\u0105cego stworzy\u0107 spersonalizowan\u0105 konstrukcj\u0119. Jest dostarczany bez akcesori\u00f3w, wy\u0142\u0105cznie ze zdejmowanym zbiornikiem WATER TRAY pokrytym foli\u0105 Mylar, kt\u00f3ry zapobiega zalaniom.&hellip;\" \/>\n<meta property=\"og:url\" content=\"https:\/\/www.secretjardin.com\/pl\/grow-tent-socks\/\" \/>\n<meta property=\"og:site_name\" content=\"Secret Jardin\" \/>\n<meta property=\"article:publisher\" content=\"https:\/\/www.facebook.com\/SecretJardin\/\" \/>\n<meta property=\"article:modified_time\" content=\"2024-04-23T14:39:00+00:00\" \/>\n<meta property=\"og:image\" content=\"https:\/\/www.secretjardin.com\/wp-content\/uploads\/2021\/05\/202105-DOUBLE-FLAP-SYSTEM_Plan-de-travail-1-300x153.png\" \/>\n<meta name=\"twitter:card\" content=\"summary_large_image\" \/>\n<meta name=\"twitter:label1\" content=\"Szacowany czas czytania\" \/>\n\t<meta name=\"twitter:data1\" content=\"2 minuty\" \/>\n<script type=\"application\/ld+json\" class=\"yoast-schema-graph\">{\"@context\":\"https:\\\/\\\/schema.org\",\"@graph\":[{\"@type\":\"WebPage\",\"@id\":\"https:\\\/\\\/www.secretjardin.com\\\/pl\\\/grow-tent-socks\\\/\",\"url\":\"https:\\\/\\\/www.secretjardin.com\\\/pl\\\/grow-tent-socks\\\/\",\"name\":\"HYDRO SHOOT NAMIOTY DO UPRAWY (SZA\u0141ASY) - Secret Jardin\",\"isPartOf\":{\"@id\":\"https:\\\/\\\/www.secretjardin.com\\\/pl\\\/#website\"},\"primaryImageOfPage\":{\"@id\":\"https:\\\/\\\/www.secretjardin.com\\\/pl\\\/grow-tent-socks\\\/#primaryimage\"},\"image\":{\"@id\":\"https:\\\/\\\/www.secretjardin.com\\\/pl\\\/grow-tent-socks\\\/#primaryimage\"},\"thumbnailUrl\":\"https:\\\/\\\/www.secretjardin.com\\\/wp-content\\\/uploads\\\/2021\\\/05\\\/202105-DOUBLE-FLAP-SYSTEM_Plan-de-travail-1-300x153.png\",\"datePublished\":\"2022-04-29T14:12:09+00:00\",\"dateModified\":\"2024-04-23T14:39:00+00:00\",\"breadcrumb\":{\"@id\":\"https:\\\/\\\/www.secretjardin.com\\\/pl\\\/grow-tent-socks\\\/#breadcrumb\"},\"inLanguage\":\"pl-PL\",\"potentialAction\":[{\"@type\":\"ReadAction\",\"target\":[\"https:\\\/\\\/www.secretjardin.com\\\/pl\\\/grow-tent-socks\\\/\"]}]},{\"@type\":\"ImageObject\",\"inLanguage\":\"pl-PL\",\"@id\":\"https:\\\/\\\/www.secretjardin.com\\\/pl\\\/grow-tent-socks\\\/#primaryimage\",\"url\":\"https:\\\/\\\/www.secretjardin.com\\\/wp-content\\\/uploads\\\/2021\\\/05\\\/202105-DOUBLE-FLAP-SYSTEM_Plan-de-travail-1-300x153.png\",\"contentUrl\":\"https:\\\/\\\/www.secretjardin.com\\\/wp-content\\\/uploads\\\/2021\\\/05\\\/202105-DOUBLE-FLAP-SYSTEM_Plan-de-travail-1-300x153.png\"},{\"@type\":\"BreadcrumbList\",\"@id\":\"https:\\\/\\\/www.secretjardin.com\\\/pl\\\/grow-tent-socks\\\/#breadcrumb\",\"itemListElement\":[{\"@type\":\"ListItem\",\"position\":1,\"name\":\"Home\",\"item\":\"https:\\\/\\\/www.secretjardin.com\\\/pl\\\/\"},{\"@type\":\"ListItem\",\"position\":2,\"name\":\"HYDRO SHOOT NAMIOTY DO UPRAWY (SZA\u0141ASY)\"}]},{\"@type\":\"WebSite\",\"@id\":\"https:\\\/\\\/www.secretjardin.com\\\/pl\\\/#website\",\"url\":\"https:\\\/\\\/www.secretjardin.com\\\/pl\\\/\",\"name\":\"Secret Jardin\",\"description\":\"\",\"publisher\":{\"@id\":\"https:\\\/\\\/www.secretjardin.com\\\/pl\\\/#organization\"},\"potentialAction\":[{\"@type\":\"SearchAction\",\"target\":{\"@type\":\"EntryPoint\",\"urlTemplate\":\"https:\\\/\\\/www.secretjardin.com\\\/pl\\\/?s={search_term_string}\"},\"query-input\":{\"@type\":\"PropertyValueSpecification\",\"valueRequired\":true,\"valueName\":\"search_term_string\"}}],\"inLanguage\":\"pl-PL\"},{\"@type\":\"Organization\",\"@id\":\"https:\\\/\\\/www.secretjardin.com\\\/pl\\\/#organization\",\"name\":\"Secret Jardin\",\"url\":\"https:\\\/\\\/www.secretjardin.com\\\/pl\\\/\",\"logo\":{\"@type\":\"ImageObject\",\"inLanguage\":\"pl-PL\",\"@id\":\"https:\\\/\\\/www.secretjardin.com\\\/pl\\\/#\\\/schema\\\/logo\\\/image\\\/\",\"url\":\"https:\\\/\\\/www.secretjardin.com\\\/wp-content\\\/uploads\\\/2019\\\/05\\\/header_logo.png\",\"contentUrl\":\"https:\\\/\\\/www.secretjardin.com\\\/wp-content\\\/uploads\\\/2019\\\/05\\\/header_logo.png\",\"width\":481,\"height\":198,\"caption\":\"Secret Jardin\"},\"image\":{\"@id\":\"https:\\\/\\\/www.secretjardin.com\\\/pl\\\/#\\\/schema\\\/logo\\\/image\\\/\"},\"sameAs\":[\"https:\\\/\\\/www.facebook.com\\\/SecretJardin\\\/\",\"https:\\\/\\\/www.instagram.com\\\/secretjardin_\\\/?hl=fr\",\"https:\\\/\\\/www.linkedin.com\\\/company\\\/secret-jardin\\\/about\\\/\"]}]}<\/script>\n<!-- \/ Yoast SEO plugin. -->","yoast_head_json":{"title":"HYDRO SHOOT NAMIOTY DO UPRAWY (SZA\u0141ASY) - Secret Jardin","robots":{"index":"index","follow":"follow","max-snippet":"max-snippet:-1","max-image-preview":"max-image-preview:large","max-video-preview":"max-video-preview:-1"},"canonical":"https:\/\/www.secretjardin.com\/pl\/grow-tent-socks\/","og_locale":"pl_PL","og_type":"article","og_title":"HYDRO SHOOT NAMIOTY DO UPRAWY (SZA\u0141ASY) - Secret Jardin","og_description":"[vc_row][vc_column][vc_single_image image=&#8221;56899&#8243; onclick=&#8221;custom_link&#8221; img_link_target=&#8221;_blank&#8221; link=&#8221;https:\/\/www.secretjardin.com\/wp-content\/uploads\/2024\/04\/Hydro-Shoot-Tents-Large.png&#8221; css=&#8221;.vc_custom_1713882637362{margin-bottom: 20px !important;}&#8221;][vc_column_text] NAMIOTY DLA MAJSTERKOWICZ\u00d3W Model Hydro Shoot to idealna baza dla ka\u017cdego rolnika pragn\u0105cego stworzy\u0107 spersonalizowan\u0105 konstrukcj\u0119. Jest dostarczany bez akcesori\u00f3w, wy\u0142\u0105cznie ze zdejmowanym zbiornikiem WATER TRAY pokrytym foli\u0105 Mylar, kt\u00f3ry zapobiega zalaniom.&hellip;","og_url":"https:\/\/www.secretjardin.com\/pl\/grow-tent-socks\/","og_site_name":"Secret Jardin","article_publisher":"https:\/\/www.facebook.com\/SecretJardin\/","article_modified_time":"2024-04-23T14:39:00+00:00","og_image":[{"url":"https:\/\/www.secretjardin.com\/wp-content\/uploads\/2021\/05\/202105-DOUBLE-FLAP-SYSTEM_Plan-de-travail-1-300x153.png","type":"","width":"","height":""}],"twitter_card":"summary_large_image","twitter_misc":{"Szacowany czas czytania":"2 minuty"},"schema":{"@context":"https:\/\/schema.org","@graph":[{"@type":"WebPage","@id":"https:\/\/www.secretjardin.com\/pl\/grow-tent-socks\/","url":"https:\/\/www.secretjardin.com\/pl\/grow-tent-socks\/","name":"HYDRO SHOOT NAMIOTY DO UPRAWY (SZA\u0141ASY) - Secret Jardin","isPartOf":{"@id":"https:\/\/www.secretjardin.com\/pl\/#website"},"primaryImageOfPage":{"@id":"https:\/\/www.secretjardin.com\/pl\/grow-tent-socks\/#primaryimage"},"image":{"@id":"https:\/\/www.secretjardin.com\/pl\/grow-tent-socks\/#primaryimage"},"thumbnailUrl":"https:\/\/www.secretjardin.com\/wp-content\/uploads\/2021\/05\/202105-DOUBLE-FLAP-SYSTEM_Plan-de-travail-1-300x153.png","datePublished":"2022-04-29T14:12:09+00:00","dateModified":"2024-04-23T14:39:00+00:00","breadcrumb":{"@id":"https:\/\/www.secretjardin.com\/pl\/grow-tent-socks\/#breadcrumb"},"inLanguage":"pl-PL","potentialAction":[{"@type":"ReadAction","target":["https:\/\/www.secretjardin.com\/pl\/grow-tent-socks\/"]}]},{"@type":"ImageObject","inLanguage":"pl-PL","@id":"https:\/\/www.secretjardin.com\/pl\/grow-tent-socks\/#primaryimage","url":"https:\/\/www.secretjardin.com\/wp-content\/uploads\/2021\/05\/202105-DOUBLE-FLAP-SYSTEM_Plan-de-travail-1-300x153.png","contentUrl":"https:\/\/www.secretjardin.com\/wp-content\/uploads\/2021\/05\/202105-DOUBLE-FLAP-SYSTEM_Plan-de-travail-1-300x153.png"},{"@type":"BreadcrumbList","@id":"https:\/\/www.secretjardin.com\/pl\/grow-tent-socks\/#breadcrumb","itemListElement":[{"@type":"ListItem","position":1,"name":"Home","item":"https:\/\/www.secretjardin.com\/pl\/"},{"@type":"ListItem","position":2,"name":"HYDRO SHOOT NAMIOTY DO UPRAWY (SZA\u0141ASY)"}]},{"@type":"WebSite","@id":"https:\/\/www.secretjardin.com\/pl\/#website","url":"https:\/\/www.secretjardin.com\/pl\/","name":"Secret Jardin","description":"","publisher":{"@id":"https:\/\/www.secretjardin.com\/pl\/#organization"},"potentialAction":[{"@type":"SearchAction","target":{"@type":"EntryPoint","urlTemplate":"https:\/\/www.secretjardin.com\/pl\/?s={search_term_string}"},"query-input":{"@type":"PropertyValueSpecification","valueRequired":true,"valueName":"search_term_string"}}],"inLanguage":"pl-PL"},{"@type":"Organization","@id":"https:\/\/www.secretjardin.com\/pl\/#organization","name":"Secret Jardin","url":"https:\/\/www.secretjardin.com\/pl\/","logo":{"@type":"ImageObject","inLanguage":"pl-PL","@id":"https:\/\/www.secretjardin.com\/pl\/#\/schema\/logo\/image\/","url":"https:\/\/www.secretjardin.com\/wp-content\/uploads\/2019\/05\/header_logo.png","contentUrl":"https:\/\/www.secretjardin.com\/wp-content\/uploads\/2019\/05\/header_logo.png","width":481,"height":198,"caption":"Secret Jardin"},"image":{"@id":"https:\/\/www.secretjardin.com\/pl\/#\/schema\/logo\/image\/"},"sameAs":["https:\/\/www.facebook.com\/SecretJardin\/","https:\/\/www.instagram.com\/secretjardin_\/?hl=fr","https:\/\/www.linkedin.com\/company\/secret-jardin\/about\/"]}]}},"_links":{"self":[{"href":"https:\/\/www.secretjardin.com\/pl\/wp-json\/wp\/v2\/pages\/29880","targetHints":{"allow":["GET"]}}],"collection":[{"href":"https:\/\/www.secretjardin.com\/pl\/wp-json\/wp\/v2\/pages"}],"about":[{"href":"https:\/\/www.secretjardin.com\/pl\/wp-json\/wp\/v2\/types\/page"}],"author":[{"embeddable":true,"href":"https:\/\/www.secretjardin.com\/pl\/wp-json\/wp\/v2\/users\/2"}],"replies":[{"embeddable":true,"href":"https:\/\/www.secretjardin.com\/pl\/wp-json\/wp\/v2\/comments?post=29880"}],"version-history":[{"count":0,"href":"https:\/\/www.secretjardin.com\/pl\/wp-json\/wp\/v2\/pages\/29880\/revisions"}],"wp:attachment":[{"href":"https:\/\/www.secretjardin.com\/pl\/wp-json\/wp\/v2\/media?parent=29880"}],"curies":[{"name":"wp","href":"https:\/\/api.w.org\/{rel}","templated":true}]}}