{"id":29800,"date":"2022-01-13T14:55:08","date_gmt":"2022-01-13T14:55:08","guid":{"rendered":"https:\/\/www.secretjardin.com\/faq\/"},"modified":"2026-03-12T19:17:37","modified_gmt":"2026-03-12T19:17:37","slug":"faq","status":"publish","type":"page","link":"https:\/\/www.secretjardin.com\/pl\/faq\/","title":{"rendered":"FAQ"},"content":{"rendered":"[vc_row][vc_column][vc_column_text]<strong>Szukasz pomocy? W dziale FAQ znajdziesz odpowiedzi na najcz\u0119\u015bciej zadawane pytania.<\/strong><\/p>\n<p><strong>Je\u015bli masz inne pytania, skontaktuj si\u0119 z nami za pomoc\u0105<\/strong><a href=\"https:\/\/www.secretjardin.com\/contact\/\"><strong> formularz kontaktowy<\/strong><\/a><strong>.<\/strong>[\/vc_column_text][\/vc_column][\/vc_row][vc_row][vc_column][vc_tta_accordion active_section=&#8221;&#8221; title=&#8221;PYTANIA OG\u00d3LNE&#8221;][vc_tta_section title=&#8221;Gdzie mog\u0119 kupi\u0107 wasze produkty \/ cz\u0119\u015bci zamienne ?&#8221; tab_id=&#8221;1642077249390-fc91fe83-8aba&#8221;][vc_column_text]Hodowcy: Secret Jardin nie prowadzi sprzeda\u017cy bezpo\u015bredniej dla u\u017cytkownik\u00f3w ko\u0144cowych, prosimy odwiedzi\u0107 nasz lokalizator sklep\u00f3w<br \/>\naby znale\u017a\u0107 najbli\u017cszego sprzedawc\u0119.<\/p>\n<p>Sprzedawcy: Nasza sie\u0107 jest do Twojej dyspozycji, skontaktuj si\u0119 z nami, aby uzyska\u0107 po\u0142\u0105czenie.[\/vc_column_text][\/vc_tta_section][vc_tta_section title=&#8221;Jaki rodzaj gwarancji mam na m\u00f3j produkt? Jak go u\u017cywa\u0107, je\u015bli m\u00f3j jest uszkodzony ?&#8221; tab_id=&#8221;1650614297903-8db17ef7-b71c&#8221;][vc_column_text]ONasze produkty s\u0105 prawnie chronione gwarancj\u0105 handlow\u0105 wyszczeg\u00f3lnion\u0105 na naszej <a href=\"https:\/\/www.secretjardin.com\/resources\/guarantee\/\">stronie gwarancji<\/a>.<\/p>\n<p>Je\u015bli produkt oka\u017ce si\u0119 wadliwy, zapraszamy do kontaktu ze sprzedawc\u0105, kt\u00f3ry zajmie si\u0119 nim na miejscu za po\u015brednictwem naszej sieci.[\/vc_column_text][\/vc_tta_section][\/vc_tta_accordion][\/vc_column][vc_column][vc_tta_accordion active_section=&#8221;&#8221; title=&#8221;PYTANIA DOTYCZ\u0104CE PRODUKT\u00d3W&#8221;][vc_tta_section title=&#8221;Jakie s\u0105 r\u00f3\u017cnice mi\u0119dzy namiotami Secret Jardin i Hydro Shoot ?&#8221; tab_id=&#8221;1642077249390-042803e0-7022&#8243;][vc_column_text]Sprz\u0119t i cena, ale nie materia\u0142y, zobacz nasze <a href=\"https:\/\/www.secretjardin.com\/wp-content\/uploads\/2021\/04\/GROW-ROOM-COMPARATIVE-METRIC.pdf\">por\u00f3wnanie pomieszcze\u0144 do uprawy<\/a> dla kompletnych szczeg\u00f3\u0142\u00f3w.[\/vc_column_text][\/vc_tta_section][vc_tta_section title=&#8221;Co to jest plastikowa folia na Cosmorrow LED? Mam to usun\u0105\u0107?&#8221; tab_id=&#8221;1695993475179-64e947ba-b852&#8243;][vc_column_text]Przezroczysta folia z tworzywa sztucznego na diodach LED Cosmorrow stanowi wa\u017cn\u0105 cz\u0119\u015b\u0107 opatentowanej konstrukcji. Chroni ta\u015bm\u0119 LED, zapewnia jej wodoodporno\u015b\u0107 i s\u0142u\u017cy do odprowadzania ciep\u0142a z diod LED. <strong>Nie nale\u017cy usuwa\u0107 tego filmu!<\/strong>[\/vc_column_text][vc_single_image image=&#8221;28246&#8243; img_size=&#8221;medium&#8221;][\/vc_tta_section][vc_tta_section title=&#8221;Jakie s\u0105 spektrum i wykresy PAR w przypadku Cosmorrow?&#8221; tab_id=&#8221;1712587023900-03fb5bd2-8cb2&#8243;][vc_column_text]<a href=\"https:\/\/www.secretjardin.com\/wp-content\/uploads\/2024\/04\/2024-PPFD-COSMORROW.xlsx\">Kliknij tutaj<\/a>, aby pobra\u0107 arkusz Excela z wykresami PAR i spektrami dla ka\u017cdej \u017car\u00f3wki i zestawu Cosmorrow dla ich zalecanych obszar\u00f3w uprawy.[\/vc_column_text][\/vc_tta_section][vc_tta_section title=&#8221;Jaka jest r\u00f3\u017cnica mi\u0119dzy o\u015bwietleniem Cosmorrow Grow a Full Spectrum?&#8221; tab_id=&#8221;1717747549653-6cc3eeea-3509&#8243;][vc_column_text]Lampy Cosmorrow Grow Spectrum emituj\u0105 zimne bia\u0142e \u015bwiat\u0142o o temperaturze 6500K, przypominaj\u0105ce wiosenne o\u015bwietlenie. Idealnie nadaje si\u0119 do wczesnych etap\u00f3w wzrostu ro\u015blin (sadzonki, ukorzenianie) i wzrostu wegetatywnego.<\/p>\n<p>Lampy Cosmorrow Full Spectrum zawieraj\u0105 r\u00f3\u017cne diody LED, kt\u00f3re tworz\u0105 bardziej pe\u0142ne spektrum \u015bwiat\u0142a, przypominaj\u0105ce letnie, kt\u00f3re jest cieplejsze. Najlepiej sprawdzaj\u0105 si\u0119 w przypadku kwitn\u0105cych i owocuj\u0105cych ro\u015blin na dojrza\u0142ych etapach. Dodali\u015bmy troch\u0119 zimnego bia\u0142ego \u015bwiat\u0142a 6500K, aby te lampy mog\u0142y by\u0107 u\u017cywane r\u00f3wnie\u017c na wczesnych etapach wzrostu, co czyni je przydatnymi przez ca\u0142y cykl wzrostu.[\/vc_column_text][\/vc_tta_section][vc_tta_section title=&#8221;Jak u\u017cywa\u0107 wzmacniaczy Cosmorrow UV i IR Boosters?&#8221; tab_id=&#8221;1717747550498-904706f8-d024&#8243;][vc_column_text]Zawsze nale\u017cy u\u017cywa\u0107 wzmacniaczy Cosmorrow UV i IR razem z g\u0142\u00f3wnym o\u015bwietleniem. Nie u\u017cywaj ich osobno!<\/p>\n<p>Wzmacniacze Cosmorrow UV s\u0105 przydatne do zapobiegania powstawaniu ple\u015bni i wzmocnienia odporno\u015bci ro\u015blin. Promuj\u0105 wzrost z kr\u00f3tszymi mi\u0119dzyw\u0119\u017alami, sprawiaj\u0105c, \u017ce ro\u015bliny s\u0105 bardziej krzaczaste. Nale\u017cy je u\u017cywa\u0107 nie wi\u0119cej ni\u017c 2 godziny dziennie w normalnym okresie o\u015bwietlenia. Zaleca si\u0119 u\u017cycie oddzielnego timera do sterowania o\u015bwietleniem UV.<\/p>\n<p>Wzmacniacze Cosmorrow IR dostarczaj\u0105 ro\u015blinom dodatkowe ciep\u0142o i promuj\u0105 wzrost wy\u017cszych ro\u015blin z d\u0142u\u017cszymi mi\u0119dzyw\u0119\u017alami. \u015awiat\u0142o IR mo\u017ce r\u00f3wnie\u017c pom\u00f3c w rozpocz\u0119ciu procesu kwitnienia. Mo\u017cna ich u\u017cywa\u0107 razem z g\u0142\u00f3wnym o\u015bwietleniem przez ca\u0142y czas o\u015bwietlenia.[\/vc_column_text][\/vc_tta_section][vc_tta_section title=&#8221;Czy mog\u0119 zmodernizowa\u0107 zestawy TNOLED?&#8221; tab_id=&#8221;1717747551040-e593e1cd-e783&#8243;][vc_column_text]Obecna linia zestaw\u00f3w TNOLED mo\u017ce by\u0107 zmodernizowana poprzez dodanie dodatkowej lampy. W zestawie znajduje si\u0119 ju\u017c zasilacz z dodatkowym z\u0142\u0105czem.<\/p>\n<ul>\n<li><strong>TNO40GR<\/strong>: Mo\u017ce by\u0107 zmodernizowany do 60W poprzez dodanie lampy COP2065.<\/li>\n<li><strong>TNO80GR<\/strong>: Mo\u017ce by\u0107 zmodernizowany do 120W poprzez dodanie lampy COP4065.<\/li>\n<\/ul>\n<p>Starsze modele TNO4065, TNO8065, TNO40BL i TNO80BL nie mog\u0105 by\u0107 zmodernizowane.[\/vc_column_text][\/vc_tta_section][vc_tta_section title=&#8221;Czy mog\u0119 zmodernizowa\u0107 zestawy Cosmorrow?&#8221; tab_id=&#8221;1717747552537-d787aa75-8c11&#8243;][vc_column_text]Obecna linia zestaw\u00f3w Cosmorrow mo\u017ce by\u0107 zmodernizowana poprzez dodanie dodatkowych lamp i zasilaczy.<\/p>\n<ul>\n<li><strong>COM200FS<\/strong>: Mo\u017ce by\u0107 zmodernizowany do 280W poprzez dodanie dw\u00f3ch lamp COP40FS i dw\u00f3ch zasilaczy COM40 lub jednego zasilacza COM2X40.<\/li>\n<li><strong>COM100FS<\/strong>: Mo\u017ce by\u0107 zmodernizowany do 140W poprzez dodanie dw\u00f3ch lamp COP20FS i dw\u00f3ch zasilaczy COM20 lub jednego zasilacza COM2X20.<\/li>\n<li><strong>COM60FS<\/strong>: Mo\u017ce by\u0107 zmodernizowany do 100W poprzez dodanie dw\u00f3ch lamp COP20FS i dw\u00f3ch zasilaczy COM20 lub jednego zasilacza COM2X20.<\/li>\n<\/ul>\n<p>Starsze modele COM60K i COM100K nie mog\u0105 by\u0107 zmodernizowane.[\/vc_column_text][\/vc_tta_section][vc_tta_section title=&#8221;Czy mog\u0119 zamontowa\u0107 ekstraktor Secret Jardin pionowo na dachu namiotu?&#8221; tab_id=&#8221;1717747553827-5f7060f5-b78a&#8221;][vc_column_text]Tak! Mo\u017cesz zamontowa\u0107 ko\u0142nierz wentylacyjny w dowolnym rogu namiotu. Obejmuje to r\u00f3wnie\u017c rogi na dachu. Nast\u0119pnie mo\u017cesz pod\u0142\u0105czy\u0107 ekstraktor i filtr tak samo, jak na bocznej \u015bcianie namiotu, bez problem\u00f3w![\/vc_column_text][vc_single_image image=&#8221;57726&#8243; img_size=&#8221;medium&#8221;][\/vc_tta_section][vc_tta_section title=&#8221;Jak zamontowa\u0107 filtr DF16F100 z ekstraktorem DF16E150?&#8221; tab_id=&#8221;1717747554452-6c7c31f3-0ada&#8221;][vc_column_text]Filtr DF16F100 zosta\u0142 zaprojektowany do monta\u017cu w ko\u0142nierzu DF16, tak samo jak os\u0142ona \u015bwietlna. Dlatego podczas u\u017cywania filtra DF16F100 ekstraktor musi by\u0107 umieszczony na zewn\u0105trz ko\u0142nierza. Je\u015bli chcesz umie\u015bci\u0107 ekstraktor wewn\u0105trz namiotu, zaleca si\u0119 u\u017cycie wi\u0119kszego filtra DF16F150, kt\u00f3ry mo\u017cna zamocowa\u0107 na ekstraktorze.[\/vc_column_text][vc_single_image image=&#8221;57735&#8243; img_size=&#8221;medium&#8221;][\/vc_tta_section][vc_tta_section title=&#8221;Czy mog\u0119 pod\u0142\u0105czy\u0107 ekstraktor DF16E350 do ko\u0142nierza DF25?&#8221; tab_id=&#8221;1717747555008-fb0fde34-bcec&#8221;][vc_column_text]Bezpo\u015brednio nie. Ekstraktor DF16E350 jest przeznaczony do u\u017cycia z ko\u0142nierzem DF16 i z\u0142\u0105czami DF16. Je\u015bli tw\u00f3j namiot jest wyposa\u017cony w s\u0142upki o \u015brednicy 25 mm i ko\u0142nierz DF25, \u015brednica otworu b\u0119dzie wi\u0119ksza i ekstraktor nie b\u0119dzie pasowa\u0107. Mo\u017cesz jednak stworzy\u0107 interfejs za pomoc\u0105 z\u0142\u0105czy Secret Jardin i gumowych przewod\u00f3w, jak pokazano poni\u017cej.<\/p>\n<p>B\u0119dziesz potrzebowa\u0107:<\/p>\n<ul>\n<li>DF16150 z\u0142\u0105cze DF16 dla przewod\u00f3w o \u015brednicy 150 mm<\/li>\n<li>RD150 gumowy przew\u00f3d o \u015brednicy 150 mm<\/li>\n<li>DF25150 z\u0142\u0105cze DF25 dla przewod\u00f3w o \u015brednicy 150 mm<\/li>\n<\/ul>\n[\/vc_column_text][vc_single_image image=&#8221;50257&#8243; img_size=&#8221;500&#215;500&#8243;][\/vc_tta_section][vc_tta_section title=&#8221;Czy Twoje Power Pack LED miga?&#8221; tab_id=&#8221;1762486171514-3ea930e4-0ce6&#8243;][vc_column_text]Oznacza to, \u017ce instalacja elektryczna w Twoim domu jest nieprawid\u0142owa \u2014 faza i neutralny przew\u00f3d s\u0105 zamienione miejscami w gnie\u017adzie tr\u00f3jprzewodowym.<br \/>\nSystemy LED s\u0105 wra\u017cliwe na takie ustawienie.<\/p>\n<p><strong>Rozwi\u0105zania:<\/strong><\/p>\n<ol>\n<li>Popraw instalacj\u0119 elektryczn\u0105 w domu, zamieniaj\u0105c faz\u0119 i przew\u00f3d neutralny w gnie\u017adzie.<\/li>\n<li>Lub u\u017cyj timera bipolarniego zamiast unipolarnego:\n<ul>\n<li>Unipolarny: od\u0142\u0105cza tylko faz\u0119<\/li>\n<li>Bipolarny: od\u0142\u0105cza zar\u00f3wno faz\u0119, jak i przew\u00f3d neutralny<\/li>\n<\/ul>\n<\/li>\n<\/ol>\n[\/vc_column_text]<figure class=\"vcex-image vcex-module wpex-clr\"><div class=\"vcex-image-inner wpex-inline-block wpex-relative vc_custom_1762486249491\"><img decoding=\"async\" loading=\"lazy\" class=\"wpex-align-middle\" src=\"https:\/\/www.secretjardin.com\/wp-content\/uploads\/2025\/11\/PP-FLASHING-ISSUES.png\" alt=\"\" width=\"788\" height=\"1000\" \/><\/div><\/figure>[\/vc_tta_section][\/vc_tta_accordion][\/vc_column][vc_column][vc_tta_accordion active_section=&#8221;&#8221; title=&#8221;SECRET JARDIN RADZI&#8221;][vc_tta_section title=&#8221;Dlaczego warto u\u017cywa\u0107 namiotu do uprawy ?&#8221; tab_id=&#8221;1650618388200-a64f56f3-e714&#8243;][vc_column_text]Niezale\u017cnie od tego, czy jeste\u015b pocz\u0105tkuj\u0105cym hodowc\u0105, kt\u00f3ry chce wyhodowa\u0107 kilka ro\u015blin, czy do\u015bwiadczonym, kt\u00f3ry szuka najbardziej efektywnego rozwi\u0105zania, namiot do uprawy jest najlepszym wyborem. Doskona\u0142y stosunek przestrzeni do wydajno\u015bci energetycznej pozwala na ca\u0142oroczn\u0105 upraw\u0119 w kontrolowanym \u015brodowisku, zamykaj\u0105c dost\u0119p \u015bwiat\u0142a i zapach\u00f3w oraz eliminuj\u0105c zagro\u017cenie ze strony szkodnik\u00f3w.[\/vc_column_text][\/vc_tta_section][vc_tta_section title=&#8221;Jak\u0105 konfiguracj\u0119 o\u015bwietlenia, wyci\u0105g\u00f3w i filtr\u00f3w wybra\u0107 do mojego namiotu uprawowego?&#8221; tab_id=&#8221;1642077754160-84e5d40f-2d64&#8243;][vc_column_text]Rodzaj i charakter uprawy, a tak\u017ce \u015brodowisko uprawy to parametry, od kt\u00f3rych zale\u017cy odpowied\u017a na to pytanie. Porady s\u0105 dost\u0119pne w naszej <a href=\"https:\/\/www.secretjardin.com\/pl\/oswietlenie\/\">sekcja o\u015bwietlenie<\/a> oraz w naszej <a href=\"https:\/\/www.secretjardin.com\/pl\/ventilation\/\">sekcja wentylacji<\/a> aby pom\u00f3c Ci znale\u017a\u0107 rozwi\u0105zanie, kt\u00f3re spe\u0142ni Twoje potrzeby.[\/vc_column_text][\/vc_tta_section][vc_tta_section title=&#8221;M\u00f3j namiot jest zbyt gor\u0105cy, co mog\u0119 zrobi\u0107 ?&#8221; tab_id=&#8221;1642077754160-2102b35c-c174&#8243;][vc_column_text]Dzi\u0119ki kilku d\u017awigniom mo\u017cesz wp\u0142yn\u0105\u0107 na temperatur\u0119 w pomieszczeniu, w kt\u00f3rym prowadzisz upraw\u0119 <a href=\"https:\/\/www.secretjardin.com\/pl\/ventilation\/\">sekcja wentylacja<\/a>.[\/vc_column_text][\/vc_tta_section][\/vc_tta_accordion][\/vc_column][vc_column][vc_tta_accordion active_section=&#8221;&#8221; title=&#8221;PYTANIA TECHNICZNE&#8221;][vc_tta_section title=&#8221;Czy mog\u0119 po\u0142\u0105czy\u0107 r\u00f3\u017cne namioty?&#8221; tab_id=&#8221;1642077821769-6085a5a1-3506&#8243;][vc_column_text]Namioty Intense grow s\u0105 zaprojektowane tak, aby mo\u017cna je by\u0142o \u0142\u0105czy\u0107 ze sob\u0105 na wszystkich 4 stronach, patrz <a href=\"https:\/\/www.secretjardin.com\/wp-content\/uploads\/2022\/05\/20220515-CATALOGUE-PAGE-INTENSE-LINKABLE.pdf\">TUTAJ<\/a> r\u00f3\u017cne mo\u017cliwo\u015bci \u0142\u0105czenia w zale\u017cno\u015bci od konfiguracji, jakiej potrzebujesz.[\/vc_column_text][\/vc_tta_section][\/vc_tta_accordion][\/vc_column][vc_column][\/vc_column][\/vc_row]\n","protected":false},"excerpt":{"rendered":"<p>[vc_row][vc_column][vc_column_text]Szukasz pomocy? W dziale FAQ znajdziesz odpowiedzi na najcz\u0119\u015bciej zadawane pytania. Je\u015bli masz inne pytania, skontaktuj si\u0119 z nami za pomoc\u0105 formularz kontaktowy.[\/vc_column_text][\/vc_column][\/vc_row][vc_row][vc_column][vc_tta_accordion active_section=&#8221;&#8221; title=&#8221;PYTANIA OG\u00d3LNE&#8221;][vc_tta_section title=&#8221;Gdzie mog\u0119 kupi\u0107 wasze produkty \/ cz\u0119\u015bci zamienne ?&#8221; tab_id=&#8221;1642077249390-fc91fe83-8aba&#8221;][vc_column_text]Hodowcy: Secret Jardin nie prowadzi&hellip;<\/p>\n","protected":false},"author":2,"featured_media":0,"parent":0,"menu_order":0,"comment_status":"closed","ping_status":"closed","template":"templates\/no-sidebar.php","meta":{"_acf_changed":false,"footnotes":""},"class_list":["post-29800","page","type-page","status-publish","hentry","entry","no-media"],"acf":[],"yoast_head":"<!-- This site is optimized with the Yoast SEO plugin v27.5 - https:\/\/yoast.com\/product\/yoast-seo-wordpress\/ -->\n<title>FAQ - Secret Jardin<\/title>\n<meta name=\"description\" content=\"Szukasz pomocy? Znajd\u017a odpowiedzi na najcz\u0119\u015bciej zadawane pytania. W przypadku innych prosimy o kontakt za po\u015brednictwem naszego formularza kontaktowego.\" \/>\n<meta name=\"robots\" content=\"index, follow, max-snippet:-1, max-image-preview:large, max-video-preview:-1\" \/>\n<link rel=\"canonical\" href=\"https:\/\/www.secretjardin.com\/pl\/faq\/\" \/>\n<meta property=\"og:locale\" content=\"pl_PL\" \/>\n<meta property=\"og:type\" content=\"article\" \/>\n<meta property=\"og:title\" content=\"FAQ - Secret Jardin\" \/>\n<meta property=\"og:description\" content=\"Szukasz pomocy? Znajd\u017a odpowiedzi na najcz\u0119\u015bciej zadawane pytania. W przypadku innych prosimy o kontakt za po\u015brednictwem naszego formularza kontaktowego.\" \/>\n<meta property=\"og:url\" content=\"https:\/\/www.secretjardin.com\/pl\/faq\/\" \/>\n<meta property=\"og:site_name\" content=\"Secret Jardin\" \/>\n<meta property=\"article:publisher\" content=\"https:\/\/www.facebook.com\/SecretJardin\/\" \/>\n<meta property=\"article:modified_time\" content=\"2026-03-12T19:17:37+00:00\" \/>\n<meta name=\"twitter:card\" content=\"summary_large_image\" \/>\n<meta name=\"twitter:label1\" content=\"Szacowany czas czytania\" \/>\n\t<meta name=\"twitter:data1\" content=\"6 minut\" \/>\n<script type=\"application\/ld+json\" class=\"yoast-schema-graph\">{\"@context\":\"https:\\\/\\\/schema.org\",\"@graph\":[{\"@type\":\"WebPage\",\"@id\":\"https:\\\/\\\/www.secretjardin.com\\\/pl\\\/faq\\\/\",\"url\":\"https:\\\/\\\/www.secretjardin.com\\\/pl\\\/faq\\\/\",\"name\":\"FAQ - Secret Jardin\",\"isPartOf\":{\"@id\":\"https:\\\/\\\/www.secretjardin.com\\\/pl\\\/#website\"},\"datePublished\":\"2022-01-13T14:55:08+00:00\",\"dateModified\":\"2026-03-12T19:17:37+00:00\",\"description\":\"Szukasz pomocy? Znajd\u017a odpowiedzi na najcz\u0119\u015bciej zadawane pytania. W przypadku innych prosimy o kontakt za po\u015brednictwem naszego formularza kontaktowego.\",\"breadcrumb\":{\"@id\":\"https:\\\/\\\/www.secretjardin.com\\\/pl\\\/faq\\\/#breadcrumb\"},\"inLanguage\":\"pl-PL\",\"potentialAction\":[{\"@type\":\"ReadAction\",\"target\":[\"https:\\\/\\\/www.secretjardin.com\\\/pl\\\/faq\\\/\"]}]},{\"@type\":\"BreadcrumbList\",\"@id\":\"https:\\\/\\\/www.secretjardin.com\\\/pl\\\/faq\\\/#breadcrumb\",\"itemListElement\":[{\"@type\":\"ListItem\",\"position\":1,\"name\":\"Home\",\"item\":\"https:\\\/\\\/www.secretjardin.com\\\/pl\\\/\"},{\"@type\":\"ListItem\",\"position\":2,\"name\":\"FAQ\"}]},{\"@type\":\"WebSite\",\"@id\":\"https:\\\/\\\/www.secretjardin.com\\\/pl\\\/#website\",\"url\":\"https:\\\/\\\/www.secretjardin.com\\\/pl\\\/\",\"name\":\"Secret Jardin\",\"description\":\"\",\"publisher\":{\"@id\":\"https:\\\/\\\/www.secretjardin.com\\\/pl\\\/#organization\"},\"potentialAction\":[{\"@type\":\"SearchAction\",\"target\":{\"@type\":\"EntryPoint\",\"urlTemplate\":\"https:\\\/\\\/www.secretjardin.com\\\/pl\\\/?s={search_term_string}\"},\"query-input\":{\"@type\":\"PropertyValueSpecification\",\"valueRequired\":true,\"valueName\":\"search_term_string\"}}],\"inLanguage\":\"pl-PL\"},{\"@type\":\"Organization\",\"@id\":\"https:\\\/\\\/www.secretjardin.com\\\/pl\\\/#organization\",\"name\":\"Secret Jardin\",\"url\":\"https:\\\/\\\/www.secretjardin.com\\\/pl\\\/\",\"logo\":{\"@type\":\"ImageObject\",\"inLanguage\":\"pl-PL\",\"@id\":\"https:\\\/\\\/www.secretjardin.com\\\/pl\\\/#\\\/schema\\\/logo\\\/image\\\/\",\"url\":\"https:\\\/\\\/www.secretjardin.com\\\/wp-content\\\/uploads\\\/2019\\\/05\\\/header_logo.png\",\"contentUrl\":\"https:\\\/\\\/www.secretjardin.com\\\/wp-content\\\/uploads\\\/2019\\\/05\\\/header_logo.png\",\"width\":481,\"height\":198,\"caption\":\"Secret Jardin\"},\"image\":{\"@id\":\"https:\\\/\\\/www.secretjardin.com\\\/pl\\\/#\\\/schema\\\/logo\\\/image\\\/\"},\"sameAs\":[\"https:\\\/\\\/www.facebook.com\\\/SecretJardin\\\/\",\"https:\\\/\\\/www.instagram.com\\\/secretjardin_\\\/?hl=fr\",\"https:\\\/\\\/www.linkedin.com\\\/company\\\/secret-jardin\\\/about\\\/\"]}]}<\/script>\n<!-- \/ Yoast SEO plugin. -->","yoast_head_json":{"title":"FAQ - Secret Jardin","description":"Szukasz pomocy? Znajd\u017a odpowiedzi na najcz\u0119\u015bciej zadawane pytania. W przypadku innych prosimy o kontakt za po\u015brednictwem naszego formularza kontaktowego.","robots":{"index":"index","follow":"follow","max-snippet":"max-snippet:-1","max-image-preview":"max-image-preview:large","max-video-preview":"max-video-preview:-1"},"canonical":"https:\/\/www.secretjardin.com\/pl\/faq\/","og_locale":"pl_PL","og_type":"article","og_title":"FAQ - Secret Jardin","og_description":"Szukasz pomocy? Znajd\u017a odpowiedzi na najcz\u0119\u015bciej zadawane pytania. W przypadku innych prosimy o kontakt za po\u015brednictwem naszego formularza kontaktowego.","og_url":"https:\/\/www.secretjardin.com\/pl\/faq\/","og_site_name":"Secret Jardin","article_publisher":"https:\/\/www.facebook.com\/SecretJardin\/","article_modified_time":"2026-03-12T19:17:37+00:00","twitter_card":"summary_large_image","twitter_misc":{"Szacowany czas czytania":"6 minut"},"schema":{"@context":"https:\/\/schema.org","@graph":[{"@type":"WebPage","@id":"https:\/\/www.secretjardin.com\/pl\/faq\/","url":"https:\/\/www.secretjardin.com\/pl\/faq\/","name":"FAQ - Secret Jardin","isPartOf":{"@id":"https:\/\/www.secretjardin.com\/pl\/#website"},"datePublished":"2022-01-13T14:55:08+00:00","dateModified":"2026-03-12T19:17:37+00:00","description":"Szukasz pomocy? Znajd\u017a odpowiedzi na najcz\u0119\u015bciej zadawane pytania. W przypadku innych prosimy o kontakt za po\u015brednictwem naszego formularza kontaktowego.","breadcrumb":{"@id":"https:\/\/www.secretjardin.com\/pl\/faq\/#breadcrumb"},"inLanguage":"pl-PL","potentialAction":[{"@type":"ReadAction","target":["https:\/\/www.secretjardin.com\/pl\/faq\/"]}]},{"@type":"BreadcrumbList","@id":"https:\/\/www.secretjardin.com\/pl\/faq\/#breadcrumb","itemListElement":[{"@type":"ListItem","position":1,"name":"Home","item":"https:\/\/www.secretjardin.com\/pl\/"},{"@type":"ListItem","position":2,"name":"FAQ"}]},{"@type":"WebSite","@id":"https:\/\/www.secretjardin.com\/pl\/#website","url":"https:\/\/www.secretjardin.com\/pl\/","name":"Secret Jardin","description":"","publisher":{"@id":"https:\/\/www.secretjardin.com\/pl\/#organization"},"potentialAction":[{"@type":"SearchAction","target":{"@type":"EntryPoint","urlTemplate":"https:\/\/www.secretjardin.com\/pl\/?s={search_term_string}"},"query-input":{"@type":"PropertyValueSpecification","valueRequired":true,"valueName":"search_term_string"}}],"inLanguage":"pl-PL"},{"@type":"Organization","@id":"https:\/\/www.secretjardin.com\/pl\/#organization","name":"Secret Jardin","url":"https:\/\/www.secretjardin.com\/pl\/","logo":{"@type":"ImageObject","inLanguage":"pl-PL","@id":"https:\/\/www.secretjardin.com\/pl\/#\/schema\/logo\/image\/","url":"https:\/\/www.secretjardin.com\/wp-content\/uploads\/2019\/05\/header_logo.png","contentUrl":"https:\/\/www.secretjardin.com\/wp-content\/uploads\/2019\/05\/header_logo.png","width":481,"height":198,"caption":"Secret Jardin"},"image":{"@id":"https:\/\/www.secretjardin.com\/pl\/#\/schema\/logo\/image\/"},"sameAs":["https:\/\/www.facebook.com\/SecretJardin\/","https:\/\/www.instagram.com\/secretjardin_\/?hl=fr","https:\/\/www.linkedin.com\/company\/secret-jardin\/about\/"]}]}},"_links":{"self":[{"href":"https:\/\/www.secretjardin.com\/pl\/wp-json\/wp\/v2\/pages\/29800","targetHints":{"allow":["GET"]}}],"collection":[{"href":"https:\/\/www.secretjardin.com\/pl\/wp-json\/wp\/v2\/pages"}],"about":[{"href":"https:\/\/www.secretjardin.com\/pl\/wp-json\/wp\/v2\/types\/page"}],"author":[{"embeddable":true,"href":"https:\/\/www.secretjardin.com\/pl\/wp-json\/wp\/v2\/users\/2"}],"replies":[{"embeddable":true,"href":"https:\/\/www.secretjardin.com\/pl\/wp-json\/wp\/v2\/comments?post=29800"}],"version-history":[{"count":0,"href":"https:\/\/www.secretjardin.com\/pl\/wp-json\/wp\/v2\/pages\/29800\/revisions"}],"wp:attachment":[{"href":"https:\/\/www.secretjardin.com\/pl\/wp-json\/wp\/v2\/media?parent=29800"}],"curies":[{"name":"wp","href":"https:\/\/api.w.org\/{rel}","templated":true}]}}