{"id":18608,"date":"2021-07-30T08:16:22","date_gmt":"2021-07-30T08:16:22","guid":{"rendered":"https:\/\/www.secretjardin.com\/ogolne-warunki-sprzedazy-internetowej\/"},"modified":"2021-07-30T08:16:22","modified_gmt":"2021-07-30T08:16:22","slug":"ogolne-warunki-sprzedazy-internetowej","status":"publish","type":"page","link":"https:\/\/www.secretjardin.com\/pl\/ogolne-warunki-sprzedazy-internetowej\/","title":{"rendered":"Og\u00f3lne warunki sprzeda\u017cy internetowej"},"content":{"rendered":"<h2 class=\"page-heading\">Artyku\u0142 1: Preambu\u0142a<\/h2>\n<p>Niniejsze warunki sprzeda\u017cy s\u0105 zawierane z jednej strony przez sp\u00f3\u0142k\u0119 Agomoon SPRL, kt\u00f3rej siedziba znajduje si\u0119 w Dr\u00e8ve de la Courte au Bois, 5 &#8211; 7170 Manage, zarejestrowan\u0105 w Crossroads Bank of Enterprises pod numerem 0831 574 070 ci &#8211; zwan\u0105 dalej &#8222;sprzedaj\u0105cym&#8221;, a z drugiej strony przez ka\u017cd\u0105 osob\u0119 fizyczn\u0105 lub prawn\u0105, kt\u00f3ra chce dokona\u0107 zakupu za po\u015brednictwem strony internetowej sprzedaj\u0105cego, zwan\u0105 dalej &#8222;kupuj\u0105cym&#8221;.<\/p>\n<h2 class=\"page-heading\">Artyku\u0142 2: Cel<\/h2>\n<p>Niniejsze warunki sprzeda\u017cy maj\u0105 na celu okre\u015blenie stosunk\u00f3w umownych pomi\u0119dzy sprzedawc\u0105 a nabywc\u0105, jak r\u00f3wnie\u017c warunk\u00f3w maj\u0105cych zastosowanie do ka\u017cdego zakupu dokonanego za po\u015brednictwem strony internetowej sprzedawcy, \u017ce nabywca jest profesjonalist\u0105 lub konsumentem.<\/p>\n<p>Nabycie towaru lub us\u0142ugi za po\u015brednictwem niniejszej strony internetowej oznacza akceptacj\u0119 przez kupuj\u0105cego bez zastrze\u017ce\u0144 niniejszych warunk\u00f3w sprzeda\u017cy. Niniejsze warunki sprzeda\u017cy maj\u0105 pierwsze\u0144stwo przed wszelkimi innymi og\u00f3lnymi lub szczeg\u00f3lnymi warunkami, kt\u00f3re nie zosta\u0142y wyra\u017anie zatwierdzone przez sprzedaj\u0105cego.<\/p>\n<p>Sprzedaj\u0105cy zastrzega sobie prawo do zmiany swoich warunk\u00f3w sprzeda\u017cy w dowolnym momencie. W takim przypadku obowi\u0105zuj\u0105cymi warunkami b\u0119d\u0105 te, kt\u00f3re obowi\u0105zuj\u0105 w dniu z\u0142o\u017cenia zam\u00f3wienia przez kupuj\u0105cego.<\/p>\n<h2 class=\"page-heading\">Artyku\u0142 3: Charakterystyka oferowanych towar\u00f3w i us\u0142ug<\/h2>\n<p>Oferowane produkty i us\u0142ugi s\u0105 wymienione w katalogu opublikowanym na stronie internetowej sprzedawcy. Do ka\u017cdego produktu do\u0142\u0105czony jest opis sporz\u0105dzony przez dostawc\u0119. Zdj\u0119cia w katalogu s\u0105 jak najbardziej wierne, ale nie mog\u0105 zapewni\u0107 idealnego podobie\u0144stwa z oferowanym produktem, szczeg\u00f3lnie w zakresie kolorystyki. Te produkty i us\u0142ugi s\u0105 oferowane w ramach dost\u0119pnych zapas\u00f3w. Je\u017celi mimo swoich stara\u0144 wszystkie lub cz\u0119\u015b\u0107 przedmiot\u00f3w jest niedost\u0119pna, sprzedaj\u0105cy jak najszybciej informuje o tym kupuj\u0105cego e-mailem i oferuje mu mo\u017cliwo\u015b\u0107 wyboru mi\u0119dzy czekaniem a bezp\u0142atnym anulowaniem zam\u00f3wienia niedost\u0119pnych przedmiot\u00f3w. Dost\u0119pne pozycje zostan\u0105 dostarczone w normalnym trybie.<\/p>\n<h2 class=\"page-heading\">Artyku\u0142 4: Stawki<\/h2>\n<p>Ceny produkt\u00f3w i us\u0142ug prezentowanych na stronie s\u0105 podane z uwzgl\u0119dnieniem wszystkich podatk\u00f3w (VAT i inne obowi\u0105zuj\u0105ce podatki). Sprzedawca zastrzega sobie prawo do zmiany cen w dowolnym momencie. Jednak\u017ce, ceny obowi\u0105zuj\u0105ce dla zam\u00f3wienia s\u0105 cenami obowi\u0105zuj\u0105cymi w momencie jego potwierdzenia. Podane ceny nie zawieraj\u0105 koszt\u00f3w realizacji zam\u00f3wienia, transportu i dostawy pod warunkiem, \u017ce odbywaj\u0105 si\u0119 one w okre\u015blonych poni\u017cej obszarach geograficznych.<\/p>\n<h2 class=\"page-heading\">Artyku\u0142 5: Strefy geograficzne<\/h2>\n<p>Sprzeda\u017c online produkt\u00f3w i us\u0142ug przedstawionych na stronie internetowej sprzedaj\u0105cego jest ograniczona do nabywc\u00f3w, kt\u00f3rzy zamieszkuj\u0105 na terenie Unii Europejskiej i dla dostaw wymaganych na tym obszarze geograficznym.<\/p>\n<h2 class=\"page-heading\">Artyku\u0142 6: Zam\u00f3wienia<\/h2>\n<p>Kupuj\u0105cy, kt\u00f3ry chce kupi\u0107 produkt lub us\u0142ug\u0119 musi:<\/p>\n<ul>\n<li>wype\u0142ni\u0107 formularz identyfikacyjny, na kt\u00f3rym poda wszystkie wymagane dane lub poda sw\u00f3j numer klienta, je\u015bli go posiada;<\/li>\n<li>wype\u0142ni\u0107 formularz zam\u00f3wienia online podaj\u0105c wszystkie referencje wybranych produkt\u00f3w lub us\u0142ug;<\/li>\n<li>zatwierdzi\u0107 jego zam\u00f3wienie po sprawdzeniu go;<\/li>\n<li>dokona\u0107 p\u0142atno\u015bci w okre\u015blonych warunkach;<\/li>\n<li>potwierdzi\u0107 zam\u00f3wienie i p\u0142atno\u015b\u0107. Potwierdzenie zam\u00f3wienia oznacza akceptacj\u0119 niniejszych warunk\u00f3w sprzeda\u017cy, uznanie, \u017ce firma posiada pe\u0142n\u0105 wiedz\u0119 i rezygnacj\u0119 z w\u0142asnych warunk\u00f3w zakupu lub innych warunk\u00f3w.<\/li>\n<\/ul>\n<p>Wszystkie podane dane oraz zarejestrowane potwierdzenie b\u0119d\u0105 stanowi\u0142y warto\u015bciowy dow\u00f3d transakcji. Potwierdzeniem b\u0119dzie podpisanie i akceptacja transakcji. Sprzedawca przeka\u017ce e-mailem potwierdzenie zarejestrowanego zam\u00f3wienia.<\/p>\n<h2 class=\"page-heading\">Artyku\u0142 7: Prawo do odst\u0105pienia od umowy<\/h2>\n<p>Zgodnie z prawem, konsument ma prawo powiadomi\u0107 sprzedawc\u0119 o rezygnacji z zakupu, bez ponoszenia kary i bez podania przyczyny, w ci\u0105gu 14 dni roboczych od dnia nast\u0119puj\u0105cego po dniu dostarczenia produktu lub zawarcia umowy o \u015bwiadczenie us\u0142ug. To prawo do odst\u0105pienia od umowy nie przys\u0142uguje profesjonalnemu kupuj\u0105cemu.<\/p>\n<p>W tym terminie konsument musi zg\u0142osi\u0107 sw\u00f3j zamiar rezygnacji za po\u015brednictwem poczty elektronicznej i odes\u0142a\u0107, na sw\u00f3j koszt i ryzyko, dostarczony produkt do siedziby Agomoon SPRL: Dr\u00e8ve de la Courte au Bois, 5 &#8211; 7170 Manage. Produkty musz\u0105 by\u0107 zwr\u00f3cone w oryginalnym opakowaniu, nieuszkodzone, wraz ze wszystkimi akcesoriami, instrukcj\u0105 obs\u0142ugi i faktur\u0105 \/ oryginalnym dowodem dostawy. Zwracane produkty nie mog\u0105 by\u0107 rozpakowane, rozpiecz\u0119towane, u\u017cywane w jakikolwiek spos\u00f3b. Towar niekompletny, uszkodzony, brudny lub zabrudzony przez klienta nie zostanie przyj\u0119ty z powrotem. W ci\u0105gu 30 dni, po przyj\u0119ciu zwrotu towaru, sprzedaj\u0105cy zobowi\u0105zuje si\u0119 do zwrotu ewentualnej zap\u0142aty, z wyj\u0105tkiem koszt\u00f3w wysy\u0142ki.<\/p>\n<p>O ile nie uzgodniono inaczej, konsument nie mo\u017ce skorzysta\u0107 z prawa do odst\u0105pienia od umowy w przypadku um\u00f3w:<\/p>\n<ol>\n<li>\u015bwiadczenia us\u0142ug, kt\u00f3rych \u015bwiadczenie rozpocz\u0119\u0142o si\u0119 za zgod\u0105 konsumenta przed up\u0142ywem okresu odst\u0105pienia;<\/li>\n<li>dostarczanie produkt\u00f3w wykonanych wed\u0142ug specyfikacji konsumenta lub wyra\u017anie spersonalizowanych, lub takich, kt\u00f3re z uwagi na sw\u00f3j charakter nie mog\u0105 by\u0107 ponownie wys\u0142ane lub istnieje prawdopodobie\u0144stwo, \u017ce ulegn\u0105 szybkiemu zepsuciu lub utraci\u0142y wa\u017cno\u015b\u0107;<\/li>\n<li>dostarczanie nagra\u0144 audio lub wideo lub oprogramowania komputerowego luzem przez konsumenta;<\/li>\n<li>dostawa gazet, periodyk\u00f3w lub czasopism.<\/li>\n<\/ol>\n<h2 class=\"page-heading\">Artyku\u0142 8: Warunki p\u0142atno\u015bci<\/h2>\n<p>Zam\u00f3wione przedmioty pozostaj\u0105 nasz\u0105 wy\u0142\u0105czn\u0105 w\u0142asno\u015bci\u0105 do czasu pe\u0142nej zap\u0142aty zam\u00f3wienia przez kupuj\u0105cego. P\u0142atno\u015b\u0107 jest wymagana natychmiast po z\u0142o\u017ceniu zam\u00f3wienia, w tym produkt\u00f3w w przedsprzeda\u017cy. Klient mo\u017ce zap\u0142aci\u0107 kart\u0105 kredytow\u0105, Visa lub Mastercard. Sprzedaj\u0105cy, wed\u0142ug w\u0142asnego uznania, mo\u017ce r\u00f3wnie\u017c zezwoli\u0107 na p\u0142atno\u015b\u0107 przelewem bankowym, w tym przypadku zam\u00f3wienie zostanie zrealizowane dopiero w dniu wp\u0142yni\u0119cia \u015brodk\u00f3w na konto bankowe sprzedaj\u0105cego.<\/p>\n<p>Bezpieczna p\u0142atno\u015b\u0107 online kart\u0105 kredytow\u0105 jest realizowana przez naszego dostawc\u0119 us\u0142ug p\u0142atniczych. Przesy\u0142ane informacje s\u0105 szyfrowane zgodnie z aktualnym stanem techniki i nie mog\u0105 by\u0107 odczytane podczas transportu w sieci.<\/p>\n<p>Zobowi\u0105zanie do zap\u0142aty za pomoc\u0105 karty jest nieodwo\u0142alne. Podaj\u0105c swoje dane bankowe w momencie sprzeda\u017cy, Klient upowa\u017cnia Sprzedawc\u0119 do obci\u0105\u017cenia jego karty kwot\u0105 odpowiadaj\u0105c\u0105 wskazanej cenie. Klient potwierdza, \u017ce jest prawnym w\u0142a\u015bcicielem karty, kt\u00f3ra ma by\u0107 obci\u0105\u017cona i \u017ce jest prawnie upowa\u017cniony do jej u\u017cywania. W przypadku b\u0142\u0119du, lub niemo\u017cno\u015bci obci\u0105\u017cenia karty, Sprzeda\u017c jest natychmiast rozwi\u0105zany przez prawo i zam\u00f3wienie anulowane.<\/p>\n<h2 class=\"page-heading\">Artyku\u0142 9: Dostawy<\/h2>\n<p>Dostawy s\u0105 realizowane na adres wskazany w formularzu zam\u00f3wienia, kt\u00f3ry mo\u017ce znajdowa\u0107 si\u0119 tylko w uzgodnionym obszarze geograficznym. Towar jest transportowany na ryzyko sprzedaj\u0105cego do momentu dostarczenia towaru na adres dostawy podany przez kupuj\u0105cego. Od tego momentu ryzyko ponosi wy\u0142\u0105cznie kupuj\u0105cy. Terminy dostaw s\u0105 tylko orientacyjne; je\u015bli przekrocz\u0105 trzydzie\u015bci dni od zam\u00f3wienia, umowa sprzeda\u017cy mo\u017ce zosta\u0107 rozwi\u0105zana, a kupuj\u0105cy mo\u017ce otrzyma\u0107 zwrot pieni\u0119dzy.<\/p>\n<h2 class=\"page-heading\">Artyku\u0142 10: Gwarancja<\/h2>\n<p>W odniesieniu do konsument\u00f3w sprzedawca udziela gwarancji na sprzedawane przez siebie produkty i \u015bwiadczone us\u0142ugi zgodnie z ustaw\u0105 z dnia 1 wrze\u015bnia 2004 r. o ochronie konsument\u00f3w w przypadku sprzeda\u017cy towar\u00f3w konsumpcyjnych (art. 1649 bis do 1649 okties kodeksu cywilnego). W przypadku niezgodno\u015bci sprzedanego produktu stwierdzonej w ci\u0105gu 2 miesi\u0119cy od wydania towaru, konsument musi jak najszybciej w spos\u00f3b precyzyjny powiadomi\u0107 sprzedawc\u0119 listem poleconym lub e-mailem. Niniejsza gwarancja obejmuje tylko istniej\u0105ce wady zgodno\u015bci w momencie dostawy towaru. Wady lub uszkodzenia wynikaj\u0105ce z niew\u0142a\u015bciwego u\u017cytkowania, takie jak uszkodzenie przez wod\u0119, utlenianie, upadek lub wstrz\u0105s, zaniedbanie i zu\u017cycie, nie s\u0105 obj\u0119te gwarancj\u0105. Podobnie, naprawy wykonane przez technik\u00f3w nie zatwierdzonych przez dostawc\u0119, spowoduj\u0105 uniewa\u017cnienie gwarancji. Faktura lub dow\u00f3d dostawy dzia\u0142a jako gwarancja i musi by\u0107 przechowywana przez konsumenta i przedstawiona w oryginale. Je\u015bli produkt jest u\u017cywany do cel\u00f3w innych ni\u017c prywatne, obowi\u0105zuj\u0105 warunki ograniczonej gwarancji producenta \/ dostawcy.<\/p>\n<h2 class=\"page-heading\">Artyku\u0142 11: Odpowiedzialno\u015b\u0107<\/h2>\n<p>Sprzedawca, w procesie sprzeda\u017cy online, jest zwi\u0105zany tylko zobowi\u0105zaniem \u015brodk\u00f3w, nie mo\u017ce by\u0107 poci\u0105gni\u0119ty do odpowiedzialno\u015bci za jakiekolwiek szkody wynikaj\u0105ce z korzystania z sieci internetowej, takie jak utrata danych, w\u0142amania, wirusy, przerwy w \u015bwiadczeniu us\u0142ug, lub innych problem\u00f3w nieumy\u015blnych. Dane na stronie podawane s\u0105 r\u00f3wnie\u017c w dobrej wierze. Proponowane linki do stron producent\u00f3w i \/ lub partner\u00f3w maj\u0105 charakter informacyjny. Sprzedawca nie ponosi odpowiedzialno\u015bci za informacje z tych stron.<\/p>\n<h2 class=\"page-heading\">Artyku\u0142 12: W\u0142asno\u015b\u0107 intelektualna<\/h2>\n<p>Wszystkie elementy strony sprzedawcy s\u0105 i pozostaj\u0105 jego wy\u0142\u0105czn\u0105 w\u0142asno\u015bci\u0105 intelektualn\u0105. Nikt nie jest uprawniony do powielania, wykorzystywania, reemitowania lub wykorzystywania w jakimkolwiek celu, nawet cz\u0119\u015bciowo, element\u00f3w strony, kt\u00f3re s\u0105 oprogramowaniem, wizualne lub d\u017awi\u0119kowe. Ka\u017cdy prosty link lub hipertekst jest surowo zabroniony bez uprzedniej pisemnej zgody sprzedawcy.<\/p>\n<h2 class=\"page-heading\">Artyku\u0142 13: Dane osobowe<\/h2>\n<p>Wszystkie dane osobowe niezb\u0119dne do realizacji zam\u00f3wienia s\u0105 przechowywane przez sprzedaj\u0105cego lub jego wsp\u00f3\u0142pracownik\u00f3w i mog\u0105 by\u0107 przekazywane firmom, z kt\u00f3rymi sprzedaj\u0105cy &#8211; lub jego dostawcy &#8211; wsp\u00f3\u0142pracuj\u0105, gdy taka komunikacja jest niezb\u0119dna do realizacji zam\u00f3wienia. polecenie. U\u017cytkownik zezwala r\u00f3wnie\u017c sprzedaj\u0105cemu na wykorzystanie tych danych do sporz\u0105dzania statystyk w celu ulepszenia swojej strony, towar\u00f3w i us\u0142ug, kt\u00f3re oferuje. Informacje te mog\u0105 by\u0107 r\u00f3wnie\u017c wykorzystywane w celu umo\u017cliwienia rozpowszechniania, za pomoc\u0105 dowolnych \u015brodk\u00f3w komunikacji, informacji dotycz\u0105cych dzia\u0142alno\u015bci handlowej sprzedawcy do swoich klient\u00f3w. Sprzedawca ostatecznie zachowuje dane osobowe w celu u\u0142atwienia kolejnych zam\u00f3wie\u0144. Sprzedawca zobowi\u0105zuje si\u0119 do nieujawniania posiadanych informacji innej firmie lub innemu przedsi\u0119biorstwu. O dane przechowywane przez sprzedawc\u0119 mo\u017cna w ka\u017cdej chwili poprosi\u0107 i na \u017c\u0105danie je skorygowa\u0107.<\/p>\n<h2 class=\"page-heading\">Artyku\u0142 14: Dow\u00f3d<\/h2>\n<p>Strony akceptuj\u0105, w ramach swoich stosunk\u00f3w, elektroniczne \u015brodki dowodowe (na przyk\u0142ad: e-mail, kopie zapasowe komputer\u00f3w, &#8230;).<\/p>\n<h2 class=\"page-heading\">Artyku\u0142 15: Rozstrzyganie spor\u00f3w<\/h2>\n<p>Niniejsze warunki sprzeda\u017cy on-line podlegaj\u0105 prawu belgijskiemu. W przypadku sporu w\u0142a\u015bciwe s\u0105 s\u0105dy siedziby sprzedaj\u0105cego, z wyj\u0105tkiem obowi\u0105zuj\u0105cych przepis\u00f3w porz\u0105dkowych.<\/p>\n<p>Agomoon SPRL<br \/>\nDr\u00e8ve de la Courte au Bois,5<br \/>\n7170 Zarz\u0105dzanie<br \/>\nBE0831.574.070<br \/>\ninfo@secretjardin.com<br \/>\n+32 265 237 82<\/p>\n","protected":false},"excerpt":{"rendered":"<p>Artyku\u0142 1: Preambu\u0142a Niniejsze warunki sprzeda\u017cy s\u0105 zawierane z jednej strony przez sp\u00f3\u0142k\u0119 Agomoon SPRL, kt\u00f3rej siedziba znajduje si\u0119 w Dr\u00e8ve de la Courte au Bois, 5 &#8211; 7170 Manage, zarejestrowan\u0105 w Crossroads Bank of Enterprises pod numerem 0831 574&hellip;<\/p>\n","protected":false},"author":2,"featured_media":0,"parent":0,"menu_order":0,"comment_status":"closed","ping_status":"closed","template":"","meta":{"_acf_changed":false,"footnotes":""},"class_list":["post-18608","page","type-page","status-publish","hentry","entry","no-media"],"acf":[],"yoast_head":"<!-- This site is optimized with the Yoast SEO plugin v27.4 - https:\/\/yoast.com\/product\/yoast-seo-wordpress\/ -->\n<title>Og\u00f3lne warunki sprzeda\u017cy internetowej - Secret Jardin<\/title>\n<meta name=\"robots\" content=\"index, follow, max-snippet:-1, max-image-preview:large, max-video-preview:-1\" \/>\n<link rel=\"canonical\" href=\"https:\/\/www.secretjardin.com\/pl\/ogolne-warunki-sprzedazy-internetowej\/\" \/>\n<meta property=\"og:locale\" content=\"pl_PL\" \/>\n<meta property=\"og:type\" content=\"article\" \/>\n<meta property=\"og:title\" content=\"Og\u00f3lne warunki sprzeda\u017cy internetowej - Secret Jardin\" \/>\n<meta property=\"og:description\" content=\"Artyku\u0142 1: Preambu\u0142a Niniejsze warunki sprzeda\u017cy s\u0105 zawierane z jednej strony przez sp\u00f3\u0142k\u0119 Agomoon SPRL, kt\u00f3rej siedziba znajduje si\u0119 w Dr\u00e8ve de la Courte au Bois, 5 &#8211; 7170 Manage, zarejestrowan\u0105 w Crossroads Bank of Enterprises pod numerem 0831 574&hellip;\" \/>\n<meta property=\"og:url\" content=\"https:\/\/www.secretjardin.com\/pl\/ogolne-warunki-sprzedazy-internetowej\/\" \/>\n<meta property=\"og:site_name\" content=\"Secret Jardin\" \/>\n<meta property=\"article:publisher\" content=\"https:\/\/www.facebook.com\/SecretJardin\/\" \/>\n<meta name=\"twitter:card\" content=\"summary_large_image\" \/>\n<meta name=\"twitter:label1\" content=\"Szacowany czas czytania\" \/>\n\t<meta name=\"twitter:data1\" content=\"8 minut\" \/>\n<script type=\"application\/ld+json\" class=\"yoast-schema-graph\">{\"@context\":\"https:\\\/\\\/schema.org\",\"@graph\":[{\"@type\":\"WebPage\",\"@id\":\"https:\\\/\\\/www.secretjardin.com\\\/pl\\\/ogolne-warunki-sprzedazy-internetowej\\\/\",\"url\":\"https:\\\/\\\/www.secretjardin.com\\\/pl\\\/ogolne-warunki-sprzedazy-internetowej\\\/\",\"name\":\"Og\u00f3lne warunki sprzeda\u017cy internetowej - Secret Jardin\",\"isPartOf\":{\"@id\":\"https:\\\/\\\/www.secretjardin.com\\\/pl\\\/#website\"},\"datePublished\":\"2021-07-30T08:16:22+00:00\",\"breadcrumb\":{\"@id\":\"https:\\\/\\\/www.secretjardin.com\\\/pl\\\/ogolne-warunki-sprzedazy-internetowej\\\/#breadcrumb\"},\"inLanguage\":\"pl-PL\",\"potentialAction\":[{\"@type\":\"ReadAction\",\"target\":[\"https:\\\/\\\/www.secretjardin.com\\\/pl\\\/ogolne-warunki-sprzedazy-internetowej\\\/\"]}]},{\"@type\":\"BreadcrumbList\",\"@id\":\"https:\\\/\\\/www.secretjardin.com\\\/pl\\\/ogolne-warunki-sprzedazy-internetowej\\\/#breadcrumb\",\"itemListElement\":[{\"@type\":\"ListItem\",\"position\":1,\"name\":\"Home\",\"item\":\"https:\\\/\\\/www.secretjardin.com\\\/pl\\\/\"},{\"@type\":\"ListItem\",\"position\":2,\"name\":\"Og\u00f3lne warunki sprzeda\u017cy internetowej\"}]},{\"@type\":\"WebSite\",\"@id\":\"https:\\\/\\\/www.secretjardin.com\\\/pl\\\/#website\",\"url\":\"https:\\\/\\\/www.secretjardin.com\\\/pl\\\/\",\"name\":\"Secret Jardin\",\"description\":\"\",\"publisher\":{\"@id\":\"https:\\\/\\\/www.secretjardin.com\\\/pl\\\/#organization\"},\"potentialAction\":[{\"@type\":\"SearchAction\",\"target\":{\"@type\":\"EntryPoint\",\"urlTemplate\":\"https:\\\/\\\/www.secretjardin.com\\\/pl\\\/?s={search_term_string}\"},\"query-input\":{\"@type\":\"PropertyValueSpecification\",\"valueRequired\":true,\"valueName\":\"search_term_string\"}}],\"inLanguage\":\"pl-PL\"},{\"@type\":\"Organization\",\"@id\":\"https:\\\/\\\/www.secretjardin.com\\\/pl\\\/#organization\",\"name\":\"Secret Jardin\",\"url\":\"https:\\\/\\\/www.secretjardin.com\\\/pl\\\/\",\"logo\":{\"@type\":\"ImageObject\",\"inLanguage\":\"pl-PL\",\"@id\":\"https:\\\/\\\/www.secretjardin.com\\\/pl\\\/#\\\/schema\\\/logo\\\/image\\\/\",\"url\":\"https:\\\/\\\/www.secretjardin.com\\\/wp-content\\\/uploads\\\/2019\\\/05\\\/header_logo.png\",\"contentUrl\":\"https:\\\/\\\/www.secretjardin.com\\\/wp-content\\\/uploads\\\/2019\\\/05\\\/header_logo.png\",\"width\":481,\"height\":198,\"caption\":\"Secret Jardin\"},\"image\":{\"@id\":\"https:\\\/\\\/www.secretjardin.com\\\/pl\\\/#\\\/schema\\\/logo\\\/image\\\/\"},\"sameAs\":[\"https:\\\/\\\/www.facebook.com\\\/SecretJardin\\\/\",\"https:\\\/\\\/www.instagram.com\\\/secretjardin_\\\/?hl=fr\",\"https:\\\/\\\/www.linkedin.com\\\/company\\\/secret-jardin\\\/about\\\/\"]}]}<\/script>\n<!-- \/ Yoast SEO plugin. -->","yoast_head_json":{"title":"Og\u00f3lne warunki sprzeda\u017cy internetowej - Secret Jardin","robots":{"index":"index","follow":"follow","max-snippet":"max-snippet:-1","max-image-preview":"max-image-preview:large","max-video-preview":"max-video-preview:-1"},"canonical":"https:\/\/www.secretjardin.com\/pl\/ogolne-warunki-sprzedazy-internetowej\/","og_locale":"pl_PL","og_type":"article","og_title":"Og\u00f3lne warunki sprzeda\u017cy internetowej - Secret Jardin","og_description":"Artyku\u0142 1: Preambu\u0142a Niniejsze warunki sprzeda\u017cy s\u0105 zawierane z jednej strony przez sp\u00f3\u0142k\u0119 Agomoon SPRL, kt\u00f3rej siedziba znajduje si\u0119 w Dr\u00e8ve de la Courte au Bois, 5 &#8211; 7170 Manage, zarejestrowan\u0105 w Crossroads Bank of Enterprises pod numerem 0831 574&hellip;","og_url":"https:\/\/www.secretjardin.com\/pl\/ogolne-warunki-sprzedazy-internetowej\/","og_site_name":"Secret Jardin","article_publisher":"https:\/\/www.facebook.com\/SecretJardin\/","twitter_card":"summary_large_image","twitter_misc":{"Szacowany czas czytania":"8 minut"},"schema":{"@context":"https:\/\/schema.org","@graph":[{"@type":"WebPage","@id":"https:\/\/www.secretjardin.com\/pl\/ogolne-warunki-sprzedazy-internetowej\/","url":"https:\/\/www.secretjardin.com\/pl\/ogolne-warunki-sprzedazy-internetowej\/","name":"Og\u00f3lne warunki sprzeda\u017cy internetowej - Secret Jardin","isPartOf":{"@id":"https:\/\/www.secretjardin.com\/pl\/#website"},"datePublished":"2021-07-30T08:16:22+00:00","breadcrumb":{"@id":"https:\/\/www.secretjardin.com\/pl\/ogolne-warunki-sprzedazy-internetowej\/#breadcrumb"},"inLanguage":"pl-PL","potentialAction":[{"@type":"ReadAction","target":["https:\/\/www.secretjardin.com\/pl\/ogolne-warunki-sprzedazy-internetowej\/"]}]},{"@type":"BreadcrumbList","@id":"https:\/\/www.secretjardin.com\/pl\/ogolne-warunki-sprzedazy-internetowej\/#breadcrumb","itemListElement":[{"@type":"ListItem","position":1,"name":"Home","item":"https:\/\/www.secretjardin.com\/pl\/"},{"@type":"ListItem","position":2,"name":"Og\u00f3lne warunki sprzeda\u017cy internetowej"}]},{"@type":"WebSite","@id":"https:\/\/www.secretjardin.com\/pl\/#website","url":"https:\/\/www.secretjardin.com\/pl\/","name":"Secret Jardin","description":"","publisher":{"@id":"https:\/\/www.secretjardin.com\/pl\/#organization"},"potentialAction":[{"@type":"SearchAction","target":{"@type":"EntryPoint","urlTemplate":"https:\/\/www.secretjardin.com\/pl\/?s={search_term_string}"},"query-input":{"@type":"PropertyValueSpecification","valueRequired":true,"valueName":"search_term_string"}}],"inLanguage":"pl-PL"},{"@type":"Organization","@id":"https:\/\/www.secretjardin.com\/pl\/#organization","name":"Secret Jardin","url":"https:\/\/www.secretjardin.com\/pl\/","logo":{"@type":"ImageObject","inLanguage":"pl-PL","@id":"https:\/\/www.secretjardin.com\/pl\/#\/schema\/logo\/image\/","url":"https:\/\/www.secretjardin.com\/wp-content\/uploads\/2019\/05\/header_logo.png","contentUrl":"https:\/\/www.secretjardin.com\/wp-content\/uploads\/2019\/05\/header_logo.png","width":481,"height":198,"caption":"Secret Jardin"},"image":{"@id":"https:\/\/www.secretjardin.com\/pl\/#\/schema\/logo\/image\/"},"sameAs":["https:\/\/www.facebook.com\/SecretJardin\/","https:\/\/www.instagram.com\/secretjardin_\/?hl=fr","https:\/\/www.linkedin.com\/company\/secret-jardin\/about\/"]}]}},"_links":{"self":[{"href":"https:\/\/www.secretjardin.com\/pl\/wp-json\/wp\/v2\/pages\/18608","targetHints":{"allow":["GET"]}}],"collection":[{"href":"https:\/\/www.secretjardin.com\/pl\/wp-json\/wp\/v2\/pages"}],"about":[{"href":"https:\/\/www.secretjardin.com\/pl\/wp-json\/wp\/v2\/types\/page"}],"author":[{"embeddable":true,"href":"https:\/\/www.secretjardin.com\/pl\/wp-json\/wp\/v2\/users\/2"}],"replies":[{"embeddable":true,"href":"https:\/\/www.secretjardin.com\/pl\/wp-json\/wp\/v2\/comments?post=18608"}],"version-history":[{"count":0,"href":"https:\/\/www.secretjardin.com\/pl\/wp-json\/wp\/v2\/pages\/18608\/revisions"}],"wp:attachment":[{"href":"https:\/\/www.secretjardin.com\/pl\/wp-json\/wp\/v2\/media?parent=18608"}],"curies":[{"name":"wp","href":"https:\/\/api.w.org\/{rel}","templated":true}]}}