{"id":18539,"date":"2021-07-29T13:29:03","date_gmt":"2021-07-29T13:29:03","guid":{"rendered":"https:\/\/www.secretjardin.com\/certyfikaty\/"},"modified":"2024-01-16T14:29:49","modified_gmt":"2024-01-16T14:29:49","slug":"certyfikaty","status":"publish","type":"page","link":"https:\/\/www.secretjardin.com\/pl\/certyfikaty\/","title":{"rendered":"Certyfikaty"},"content":{"rendered":"[vc_row][vc_column]<h2 class=\"vcex-module vcex-heading wpex-text-2xl wpex-font-normal wpex-m-auto wpex-max-w-100 vcex-heading-plain wpex-block\"><span class=\"vcex-heading-inner wpex-inline-block wpex-clr\">Gwarancja certyfikat\u00f3w Secret Jardin<\/span><\/h2>[\/vc_column][\/vc_row][vc_row][vc_column][vc_column_text]<strong>Europejskie i mi\u0119dzynarodowe certyfikaty Secret Jardin gwarantuj\u0105<\/strong> u\u017cytkownikom przestrzeganie obowi\u0105zuj\u0105cych norm jako\u015bci i bezpiecze\u0144stwa. Niekt\u00f3re z naszych namiot\u00f3w, o\u015bwietlenie i wszystkie nasze akcesoria elektryczne i elektroniczne s\u0105 certyfikowane, standaryzowane i\/lub oznakowane.<\/p>\n<p><strong>Nasze produkty spe\u0142niaj\u0105 normy<\/strong>, kt\u00f3re gwarantuj\u0105 sta\u0142\u0105 i optymaln\u0105 jako\u015b\u0107 produkt\u00f3w i \u015bwiadczonych us\u0142ug.<\/p>\n<p><strong>Niekt\u00f3re z naszych produkt\u00f3w posiadaj\u0105 etykiet\u0119<\/strong> informuj\u0105c\u0105 o ich kwalifikacji. Dzi\u0119ki naszym etykietom znajdziecie Pa\u0144stwo wszystkie cechy charakterystyczne dla oczekiwanego poziomu wykonania naszych produkt\u00f3w i \u015bwiadczonych przez nas us\u0142ug.<\/p>\n<p>Nasze certyfikaty zosta\u0142y przyznane przez kompetentne jednostki. Nasze certyfikowane produkty gwarantuj\u0105 Pa\u0144stwu jako\u015b\u0107 lub us\u0142ug\u0119, kt\u00f3ra spe\u0142nia wymagania okre\u015blone w repozytorium.<\/p>\n<p><strong>Nasza karta jako\u015bci<\/strong> jest formalnym zobowi\u0105zaniem podj\u0119tym wobec naszych klient\u00f3w, dostawc\u00f3w, pracownik\u00f3w i organizacji udzielaj\u0105cych gwarancji. Poprzez ten dokument umowny, Secret Jardin wyra\u017ca swoj\u0105 g\u0142\u00f3wn\u0105 trosk\u0119 o zadowolenie swoich klient\u00f3w. Zobowi\u0105zujemy si\u0119 do ci\u0105g\u0142ego odnawiania jako\u015bci i mobilizujemy ca\u0142\u0105 nasz\u0105 energi\u0119 do ci\u0105g\u0142ego ulepszania naszych maszyn do intensywnej uprawy. W ci\u0105g\u0142ej samoocenie, Secret Jardin s\u0142ucha wszystkich sugestii.[\/vc_column_text][\/vc_column][\/vc_row][vc_row][vc_column]<div class=\"textcenter theme-button-block-wrap wpex-block wpex-clear theme-button-wrap wpex-clr\"><a href=\"https:\/\/www.secretjardin.com\/pl\/zasoby\/certyfikaty\/dokumenty-uwierzytelnione\/\" class=\"vcex-button theme-button medium align-center block\"><span class=\"theme-button-inner\">Dost\u0119p do certyfikat\u00f3w wed\u0142ug produkt\u00f3w<span class=\"vcex-icon-wrap theme-button-icon-right\"><span class=\"ticon ticon-angle-right\" aria-hidden=\"true\"><\/span><\/span><\/span><\/a><\/div> [\/vc_column][\/vc_row][vc_row][vc_column width=&#8221;1\/3&#8243;][vc_single_image image=&#8221;18542&#8243; img_size=&#8221;thumbnail&#8221; add_caption=&#8221;yes&#8221; alignment=&#8221;left&#8221; onclick=&#8221;custom_link&#8221; img_link_target=&#8221;_blank&#8221; link=&#8221;https:%2F%2Fwww.fcc.gov%2F|&#8221;][vc_column_text]\n<h3>FEDERALNA KOMISJA \u0141\u0104CZNO\u015aCI<\/h3>\n<p>FCC jest ameryka\u0144sk\u0105 organizacj\u0105, kt\u00f3ra certyfikuje i zatwierdza wszystkie urz\u0105dzenia emituj\u0105ce fale elektromagnetyczne przeznaczone do sprzeda\u017cy w Stanach Zjednoczonych. Industry Canada akceptuje r\u00f3wnie\u017c raporty zgodno\u015bci z ameryka\u0144sk\u0105 komisj\u0105 FCC. Wnioskodawca opisuje, w jaki spos\u00f3b normy FCC s\u0105 por\u00f3wnywane z normami kanadyjskimi stosowanymi w odniesieniu do przedmiotowego sprz\u0119tu. W przypadku odchyle\u0144 od innych bada\u0144 s\u0105 wymagane.[\/vc_column_text][\/vc_column][vc_column width=&#8221;1\/3&#8243;][vc_single_image image=&#8221;18543&#8243; img_size=&#8221;thumbnail&#8221; add_caption=&#8221;yes&#8221; alignment=&#8221;left&#8221; onclick=&#8221;custom_link&#8221; img_link_target=&#8221;_blank&#8221; link=&#8221;https:%2F%2Fwww.economie.gouv.fr%2Fdgccrf%2FPublications%2FVie-pratique%2FFiches-pratiques%2FLe-marquage-CE|&#8221;][vc_column_text]\n<h3>ZGODNO\u015a\u0106 EUROPEJSKA<\/h3>\n<p>Znak CE jest wymagany dla produkt\u00f3w sprzedawanych na rynku europejskim. Znak EC identyfikuje produkt jako zgodny z wymaganiami dotycz\u0105cymi zdrowia i bezpiecze\u0144stwa okre\u015blonymi w ustawodawstwie europejskim (dyrektywach) i jest obowi\u0105zkowy dla urz\u0105dze\u0144 dzia\u0142aj\u0105cych w Unii Europejskiej (UE). Po otrzymaniu znaku CE produkt mo\u017ce by\u0107 swobodnie rozprowadzany w krajach Unii Europejskiej.[\/vc_column_text][\/vc_column][vc_column width=&#8221;1\/3&#8243;][vc_single_image image=&#8221;18544&#8243; img_size=&#8221;thumbnail&#8221; add_caption=&#8221;yes&#8221; alignment=&#8221;left&#8221; onclick=&#8221;custom_link&#8221; img_link_target=&#8221;_blank&#8221; link=&#8221;http:%2F%2Fwww.sgs.com%2F|&#8221;][vc_column_text]\n<h3>GRUPA SGS<\/h3>\n<p>SGS jest \u015bwiatowym liderem w dziedzinie kontroli i certyfikacji. Uznane w kraju laboratorium badawcze, testuje produkty zgodnie z normami UL, CSA i CE. Produkt opatrzony tym znakiem oznacza, \u017ce zak\u0142ad produkcyjny producenta spe\u0142nia normy bezpiecze\u0144stwa UL i CSA oraz podlega okresowym kontrolom. Dzi\u0119ki temu spe\u0142nia wymagania norm bezpiecze\u0144stwa.[\/vc_column_text][\/vc_column][\/vc_row][vc_row][vc_column width=&#8221;1\/3&#8243;][vc_single_image image=&#8221;18545&#8243; img_size=&#8221;thumbnail&#8221; add_caption=&#8221;yes&#8221; alignment=&#8221;left&#8221; onclick=&#8221;custom_link&#8221; img_link_target=&#8221;_blank&#8221; link=&#8221;https:%2F%2Fwww.osha.gov%2Fdts%2Fotpca%2Fnrtl%2Ful.html|&#8221;][vc_column_text]\n<h3>UNDERWRITERS LABORATORIES INC.<\/h3>\n<p>Underwriters Laboratories Inc.<a href=\"https:\/\/www.ul.com\/\" target=\"_blank\" rel=\"noopener noreferrer\">(www.ul.com<\/a>) jest niezale\u017cn\u0105 organizacj\u0105 typu non-profit, kt\u00f3ra ocenia standardy testowania i testuje produkty pod k\u0105tem bezpiecze\u0144stwa i wydaje im certyfikaty. UL opracowa\u0142 ponad 800 norm bezpiecze\u0144stwa, a miliony produkt\u00f3w i komponent\u00f3w s\u0105 testowane zgodnie z normami bezpiecze\u0144stwa UL.[\/vc_column_text][\/vc_column][vc_column width=&#8221;1\/3&#8243;][vc_single_image image=&#8221;18546&#8243; img_size=&#8221;thumbnail&#8221; add_caption=&#8221;yes&#8221; alignment=&#8221;left&#8221; onclick=&#8221;custom_link&#8221; img_link_target=&#8221;_blank&#8221; link=&#8221;http:%2F%2Fwww.csagroup.org%2F|&#8221;][vc_column_text]\n<h3>KANADYJSKIE STOWARZYSZENIE NORMALIZACYJNE<\/h3>\n<p>CSA opracowuje standardy dla bezpiecze\u0144stwa publicznego i s\u0142u\u017cy przedsi\u0119biorstwom, rynkowi globalnemu i konsumentom w Kanadzie. To laboratorium badawcze jest zgodne z wymaganiami Stan\u00f3w Zjednoczonych. Zgodnie z przepisami ameryka\u0144skiego Departamentu Pracy, Administracji Bezpiecze\u0144stwa i Zdrowia w Pracy, marka ta jest kwalifikowana jako alternatywa dla marki UL.[\/vc_column_text][\/vc_column][vc_column width=&#8221;1\/3&#8243;][\/vc_column][\/vc_row]\n","protected":false},"excerpt":{"rendered":"<p>[vc_row][vc_column][\/vc_column][\/vc_row][vc_row][vc_column][vc_column_text]Europejskie i mi\u0119dzynarodowe certyfikaty Secret Jardin gwarantuj\u0105 u\u017cytkownikom przestrzeganie obowi\u0105zuj\u0105cych norm jako\u015bci i bezpiecze\u0144stwa. Niekt\u00f3re z naszych namiot\u00f3w, o\u015bwietlenie i wszystkie nasze akcesoria elektryczne i elektroniczne s\u0105 certyfikowane, standaryzowane i\/lub oznakowane. Nasze produkty spe\u0142niaj\u0105 normy, kt\u00f3re gwarantuj\u0105 sta\u0142\u0105 i optymaln\u0105&hellip;<\/p>\n","protected":false},"author":2,"featured_media":0,"parent":0,"menu_order":5,"comment_status":"closed","ping_status":"closed","template":"templates\/no-sidebar.php","meta":{"_acf_changed":false,"footnotes":""},"class_list":["post-18539","page","type-page","status-publish","hentry","entry","no-media"],"acf":[],"yoast_head":"<!-- This site is optimized with the Yoast SEO plugin v26.7 - https:\/\/yoast.com\/wordpress\/plugins\/seo\/ -->\n<title>Certyfikaty - Secret Jardin<\/title>\n<meta name=\"robots\" content=\"index, follow, max-snippet:-1, max-image-preview:large, max-video-preview:-1\" \/>\n<link rel=\"canonical\" href=\"https:\/\/www.secretjardin.com\/pl\/certyfikaty\/\" \/>\n<meta property=\"og:locale\" content=\"pl_PL\" \/>\n<meta property=\"og:type\" content=\"article\" \/>\n<meta property=\"og:title\" content=\"Certyfikaty - Secret Jardin\" \/>\n<meta property=\"og:description\" content=\"[vc_row][vc_column][\/vc_column][\/vc_row][vc_row][vc_column][vc_column_text]Europejskie i mi\u0119dzynarodowe certyfikaty Secret Jardin gwarantuj\u0105 u\u017cytkownikom przestrzeganie obowi\u0105zuj\u0105cych norm jako\u015bci i bezpiecze\u0144stwa. Niekt\u00f3re z naszych namiot\u00f3w, o\u015bwietlenie i wszystkie nasze akcesoria elektryczne i elektroniczne s\u0105 certyfikowane, standaryzowane i\/lub oznakowane. Nasze produkty spe\u0142niaj\u0105 normy, kt\u00f3re gwarantuj\u0105 sta\u0142\u0105 i optymaln\u0105&hellip;\" \/>\n<meta property=\"og:url\" content=\"https:\/\/www.secretjardin.com\/pl\/certyfikaty\/\" \/>\n<meta property=\"og:site_name\" content=\"Secret Jardin\" \/>\n<meta property=\"article:publisher\" content=\"https:\/\/www.facebook.com\/SecretJardin\/\" \/>\n<meta property=\"article:modified_time\" content=\"2024-01-16T14:29:49+00:00\" \/>\n<meta name=\"twitter:card\" content=\"summary_large_image\" \/>\n<meta name=\"twitter:label1\" content=\"Szacowany czas czytania\" \/>\n\t<meta name=\"twitter:data1\" content=\"3 minuty\" \/>\n<script type=\"application\/ld+json\" class=\"yoast-schema-graph\">{\"@context\":\"https:\/\/schema.org\",\"@graph\":[{\"@type\":\"WebPage\",\"@id\":\"https:\/\/www.secretjardin.com\/pl\/certyfikaty\/\",\"url\":\"https:\/\/www.secretjardin.com\/pl\/certyfikaty\/\",\"name\":\"Certyfikaty - Secret Jardin\",\"isPartOf\":{\"@id\":\"https:\/\/www.secretjardin.com\/pl\/#website\"},\"datePublished\":\"2021-07-29T13:29:03+00:00\",\"dateModified\":\"2024-01-16T14:29:49+00:00\",\"breadcrumb\":{\"@id\":\"https:\/\/www.secretjardin.com\/pl\/certyfikaty\/#breadcrumb\"},\"inLanguage\":\"pl-PL\",\"potentialAction\":[{\"@type\":\"ReadAction\",\"target\":[\"https:\/\/www.secretjardin.com\/pl\/certyfikaty\/\"]}]},{\"@type\":\"BreadcrumbList\",\"@id\":\"https:\/\/www.secretjardin.com\/pl\/certyfikaty\/#breadcrumb\",\"itemListElement\":[{\"@type\":\"ListItem\",\"position\":1,\"name\":\"Home\",\"item\":\"https:\/\/www.secretjardin.com\/pl\/\"},{\"@type\":\"ListItem\",\"position\":2,\"name\":\"Zasoby\",\"item\":\"https:\/\/www.secretjardin.com\/pl\/zasoby\/\"},{\"@type\":\"ListItem\",\"position\":3,\"name\":\"Certyfikaty\"}]},{\"@type\":\"WebSite\",\"@id\":\"https:\/\/www.secretjardin.com\/pl\/#website\",\"url\":\"https:\/\/www.secretjardin.com\/pl\/\",\"name\":\"Secret Jardin\",\"description\":\"\",\"publisher\":{\"@id\":\"https:\/\/www.secretjardin.com\/pl\/#organization\"},\"potentialAction\":[{\"@type\":\"SearchAction\",\"target\":{\"@type\":\"EntryPoint\",\"urlTemplate\":\"https:\/\/www.secretjardin.com\/pl\/?s={search_term_string}\"},\"query-input\":{\"@type\":\"PropertyValueSpecification\",\"valueRequired\":true,\"valueName\":\"search_term_string\"}}],\"inLanguage\":\"pl-PL\"},{\"@type\":\"Organization\",\"@id\":\"https:\/\/www.secretjardin.com\/pl\/#organization\",\"name\":\"Secret Jardin\",\"url\":\"https:\/\/www.secretjardin.com\/pl\/\",\"logo\":{\"@type\":\"ImageObject\",\"inLanguage\":\"pl-PL\",\"@id\":\"https:\/\/www.secretjardin.com\/pl\/#\/schema\/logo\/image\/\",\"url\":\"https:\/\/www.secretjardin.com\/wp-content\/uploads\/2019\/05\/header_logo.png\",\"contentUrl\":\"https:\/\/www.secretjardin.com\/wp-content\/uploads\/2019\/05\/header_logo.png\",\"width\":481,\"height\":198,\"caption\":\"Secret Jardin\"},\"image\":{\"@id\":\"https:\/\/www.secretjardin.com\/pl\/#\/schema\/logo\/image\/\"},\"sameAs\":[\"https:\/\/www.facebook.com\/SecretJardin\/\",\"https:\/\/www.instagram.com\/secretjardin_\/?hl=fr\",\"https:\/\/www.linkedin.com\/company\/secret-jardin\/about\/\"]}]}<\/script>\n<!-- \/ Yoast SEO plugin. -->","yoast_head_json":{"title":"Certyfikaty - Secret Jardin","robots":{"index":"index","follow":"follow","max-snippet":"max-snippet:-1","max-image-preview":"max-image-preview:large","max-video-preview":"max-video-preview:-1"},"canonical":"https:\/\/www.secretjardin.com\/pl\/certyfikaty\/","og_locale":"pl_PL","og_type":"article","og_title":"Certyfikaty - Secret Jardin","og_description":"[vc_row][vc_column][\/vc_column][\/vc_row][vc_row][vc_column][vc_column_text]Europejskie i mi\u0119dzynarodowe certyfikaty Secret Jardin gwarantuj\u0105 u\u017cytkownikom przestrzeganie obowi\u0105zuj\u0105cych norm jako\u015bci i bezpiecze\u0144stwa. Niekt\u00f3re z naszych namiot\u00f3w, o\u015bwietlenie i wszystkie nasze akcesoria elektryczne i elektroniczne s\u0105 certyfikowane, standaryzowane i\/lub oznakowane. Nasze produkty spe\u0142niaj\u0105 normy, kt\u00f3re gwarantuj\u0105 sta\u0142\u0105 i optymaln\u0105&hellip;","og_url":"https:\/\/www.secretjardin.com\/pl\/certyfikaty\/","og_site_name":"Secret Jardin","article_publisher":"https:\/\/www.facebook.com\/SecretJardin\/","article_modified_time":"2024-01-16T14:29:49+00:00","twitter_card":"summary_large_image","twitter_misc":{"Szacowany czas czytania":"3 minuty"},"schema":{"@context":"https:\/\/schema.org","@graph":[{"@type":"WebPage","@id":"https:\/\/www.secretjardin.com\/pl\/certyfikaty\/","url":"https:\/\/www.secretjardin.com\/pl\/certyfikaty\/","name":"Certyfikaty - Secret Jardin","isPartOf":{"@id":"https:\/\/www.secretjardin.com\/pl\/#website"},"datePublished":"2021-07-29T13:29:03+00:00","dateModified":"2024-01-16T14:29:49+00:00","breadcrumb":{"@id":"https:\/\/www.secretjardin.com\/pl\/certyfikaty\/#breadcrumb"},"inLanguage":"pl-PL","potentialAction":[{"@type":"ReadAction","target":["https:\/\/www.secretjardin.com\/pl\/certyfikaty\/"]}]},{"@type":"BreadcrumbList","@id":"https:\/\/www.secretjardin.com\/pl\/certyfikaty\/#breadcrumb","itemListElement":[{"@type":"ListItem","position":1,"name":"Home","item":"https:\/\/www.secretjardin.com\/pl\/"},{"@type":"ListItem","position":2,"name":"Zasoby","item":"https:\/\/www.secretjardin.com\/pl\/zasoby\/"},{"@type":"ListItem","position":3,"name":"Certyfikaty"}]},{"@type":"WebSite","@id":"https:\/\/www.secretjardin.com\/pl\/#website","url":"https:\/\/www.secretjardin.com\/pl\/","name":"Secret Jardin","description":"","publisher":{"@id":"https:\/\/www.secretjardin.com\/pl\/#organization"},"potentialAction":[{"@type":"SearchAction","target":{"@type":"EntryPoint","urlTemplate":"https:\/\/www.secretjardin.com\/pl\/?s={search_term_string}"},"query-input":{"@type":"PropertyValueSpecification","valueRequired":true,"valueName":"search_term_string"}}],"inLanguage":"pl-PL"},{"@type":"Organization","@id":"https:\/\/www.secretjardin.com\/pl\/#organization","name":"Secret Jardin","url":"https:\/\/www.secretjardin.com\/pl\/","logo":{"@type":"ImageObject","inLanguage":"pl-PL","@id":"https:\/\/www.secretjardin.com\/pl\/#\/schema\/logo\/image\/","url":"https:\/\/www.secretjardin.com\/wp-content\/uploads\/2019\/05\/header_logo.png","contentUrl":"https:\/\/www.secretjardin.com\/wp-content\/uploads\/2019\/05\/header_logo.png","width":481,"height":198,"caption":"Secret Jardin"},"image":{"@id":"https:\/\/www.secretjardin.com\/pl\/#\/schema\/logo\/image\/"},"sameAs":["https:\/\/www.facebook.com\/SecretJardin\/","https:\/\/www.instagram.com\/secretjardin_\/?hl=fr","https:\/\/www.linkedin.com\/company\/secret-jardin\/about\/"]}]}},"_links":{"self":[{"href":"https:\/\/www.secretjardin.com\/pl\/wp-json\/wp\/v2\/pages\/18539","targetHints":{"allow":["GET"]}}],"collection":[{"href":"https:\/\/www.secretjardin.com\/pl\/wp-json\/wp\/v2\/pages"}],"about":[{"href":"https:\/\/www.secretjardin.com\/pl\/wp-json\/wp\/v2\/types\/page"}],"author":[{"embeddable":true,"href":"https:\/\/www.secretjardin.com\/pl\/wp-json\/wp\/v2\/users\/2"}],"replies":[{"embeddable":true,"href":"https:\/\/www.secretjardin.com\/pl\/wp-json\/wp\/v2\/comments?post=18539"}],"version-history":[{"count":4,"href":"https:\/\/www.secretjardin.com\/pl\/wp-json\/wp\/v2\/pages\/18539\/revisions"}],"predecessor-version":[{"id":53077,"href":"https:\/\/www.secretjardin.com\/pl\/wp-json\/wp\/v2\/pages\/18539\/revisions\/53077"}],"wp:attachment":[{"href":"https:\/\/www.secretjardin.com\/pl\/wp-json\/wp\/v2\/media?parent=18539"}],"curies":[{"name":"wp","href":"https:\/\/api.w.org\/{rel}","templated":true}]}}