{"id":18467,"date":"2021-07-29T13:28:06","date_gmt":"2021-07-29T13:28:06","guid":{"rendered":"https:\/\/www.secretjardin.com\/namioty-instrukcja-montazu\/"},"modified":"2024-08-09T07:12:24","modified_gmt":"2024-08-09T07:12:24","slug":"namioty-instrukcja-montazu","status":"publish","type":"page","link":"https:\/\/www.secretjardin.com\/pl\/namioty-instrukcja-montazu\/","title":{"rendered":"Namioty : Instrukcja monta\u017cu"},"content":{"rendered":"[vc_row][vc_column][vc_column_text]\n<h3 style=\"text-align: center;\">Aktualny sk\u0142ad<br \/>\n<div class=\"vcex-module vcex-divider vcex-divider-solid wpex-max-w-100 wpex-mx-auto wpex-block wpex-h-0 wpex-border-b wpex-border-solid wpex-border-gray-200\" style=\"width:100%;margin-top:10px;margin-bottom:20px;border-bottom-width:1px;border-color:#dddddd;\"><\/div><\/h3>\n[\/vc_column_text]<div class=\"vc_custom_1668445701505 wpex-clr\"><div class=\"theme-button-expanded-wrap theme-button-wrap wpex-clr\"><a href=\"https:\/\/www.secretjardin.com\/wp-content\/uploads\/2022\/11\/20221026-INSTRUCTION-DARK-STREET-Web.pdf\" class=\"vcex-button theme-button expanded expanded\" target=\"_blank\" rel=\"noopener noreferrer\"><span class=\"theme-button-inner\">DARK STREET R4.00<span class=\"vcex-icon-wrap theme-button-icon-right\"><span class=\"ticon ticon-angle-right\" aria-hidden=\"true\"><\/span><\/span><\/span><\/a><\/div><\/div> <div class=\"vc_custom_1668445680919 wpex-clr\"><div class=\"theme-button-expanded-wrap theme-button-wrap wpex-clr\"><a href=\"https:\/\/www.secretjardin.com\/wp-content\/uploads\/2022\/11\/20221025-INSTRUCTIONS-DARKROOM-R4.00-Web.pdf\" class=\"vcex-button theme-button expanded expanded\" target=\"_blank\" rel=\"noopener noreferrer\"><span class=\"theme-button-inner\">DARK ROOM R4.00<span class=\"vcex-icon-wrap theme-button-icon-right\"><span class=\"ticon ticon-angle-right\" aria-hidden=\"true\"><\/span><\/span><\/span><\/a><\/div><\/div> <div class=\"vc_custom_1668445651824 wpex-clr\"><div class=\"theme-button-expanded-wrap theme-button-wrap wpex-clr\"><a href=\"https:\/\/www.secretjardin.com\/wp-content\/uploads\/2022\/11\/202210-INSTRUCTION-INTENSE-Web.pdf\" class=\"vcex-button theme-button expanded expanded\" target=\"_blank\" rel=\"noopener noreferrer\"><span class=\"theme-button-inner\">INTENSE R4.00<span class=\"vcex-icon-wrap theme-button-icon-right\"><span class=\"ticon ticon-angle-right\" aria-hidden=\"true\"><\/span><\/span><\/span><\/a><\/div><\/div> <div class=\"vc_custom_1723187538874 wpex-clr\"><div class=\"theme-button-expanded-wrap theme-button-wrap wpex-clr\"><a href=\"https:\/\/www.secretjardin.com\/wp-content\/uploads\/2024\/08\/20240731-HYDROSHOOT-BOOK-ASSEMBLY.pdf\" class=\"vcex-button theme-button expanded expanded\" target=\"_blank\" rel=\"noopener noreferrer\"><span class=\"theme-button-inner\">HYDRO SHOOT R2.00<span class=\"vcex-icon-wrap theme-button-icon-right\"><span class=\"ticon ticon-angle-right\" aria-hidden=\"true\"><\/span><\/span><\/span><\/a><\/div><\/div> <div class=\"vc_custom_1670244652682 wpex-clr\"><div class=\"theme-button-expanded-wrap theme-button-wrap wpex-clr\"><a href=\"https:\/\/www.secretjardin.com\/wp-content\/uploads\/2022\/12\/20221116-DARKPROP-INSTRUCTION-Web.pdf\" class=\"vcex-button theme-button expanded expanded\" target=\"_blank\" rel=\"noopener noreferrer\"><span class=\"theme-button-inner\">DARK PROPAGATOR R4.00<span class=\"vcex-icon-wrap theme-button-icon-right\"><span class=\"ticon ticon-angle-right\" aria-hidden=\"true\"><\/span><\/span><\/span><\/a><\/div><\/div> [\/vc_column][\/vc_row][vc_row][vc_column][vc_column_text]\n<h3 style=\"text-align: center;\">Starsze produkty<br \/>\n<div class=\"vcex-module vcex-divider vcex-divider-solid wpex-max-w-100 wpex-mx-auto wpex-block wpex-h-0 wpex-border-b wpex-border-solid wpex-border-gray-200\" style=\"width:100%;margin-top:10px;margin-bottom:20px;border-bottom-width:1px;border-color:#dddddd;\"><\/div><\/h3>\n[\/vc_column_text]<div class=\"vc_custom_1668445594785 wpex-clr\"><div class=\"theme-button-expanded-wrap theme-button-wrap wpex-clr\"><a href=\"https:\/\/www.secretjardin.com\/wp-content\/uploads\/2022\/11\/202210-LODGE-INSTRUCTION-Web.pdf\" class=\"vcex-button theme-button expanded expanded\" target=\"_blank\" rel=\"noopener noreferrer\"><span class=\"theme-button-inner\">LODGE R4.00<span class=\"vcex-icon-wrap theme-button-icon-right\"><span class=\"ticon ticon-angle-right\" aria-hidden=\"true\"><\/span><\/span><\/span><\/a><\/div><\/div> <div class=\"vc_custom_1575458331477 wpex-clr\"><div class=\"theme-button-expanded-wrap theme-button-wrap wpex-clr\"><a href=\"https:\/\/www.secretjardin.com\/wp-content\/uploads\/2019\/05\/201803-greenhouse-instructions-web.pdf\" class=\"vcex-button theme-button expanded expanded\" target=\"_blank\" rel=\"noopener noreferrer\"><span class=\"theme-button-inner\">GREEN HOUSE R1.00<span class=\"vcex-icon-wrap theme-button-icon-right\"><span class=\"ticon ticon-angle-right\" aria-hidden=\"true\"><\/span><\/span><\/span><\/a><\/div><\/div> <div class=\"vc_custom_1584029780728 wpex-clr\"><div class=\"theme-button-expanded-wrap theme-button-wrap wpex-clr\"><a href=\"https:\/\/www.secretjardin.com\/wp-content\/uploads\/2020\/03\/2017Q3-INSTRUCTION-HOBBY-print-02.pdf\" class=\"vcex-button theme-button expanded expanded\" target=\"_blank\" rel=\"noopener noreferrer\"><span class=\"theme-button-inner\">HOBBY R3.00<span class=\"vcex-icon-wrap theme-button-icon-right\"><span class=\"ticon ticon-angle-right\" aria-hidden=\"true\"><\/span><\/span><\/span><\/a><\/div><\/div> <div class=\"vc_custom_1584027306210 wpex-clr\"><div class=\"theme-button-expanded-wrap theme-button-wrap wpex-clr\"><a href=\"https:\/\/www.secretjardin.com\/wp-content\/uploads\/2019\/12\/2017Q4-INSTRUCTION-PRO-web.pdf\" class=\"vcex-button theme-button expanded expanded\" target=\"_blank\" rel=\"noopener noreferrer\"><span class=\"theme-button-inner\">DARK ROOM R2.60 &#8211; R3.00<span class=\"vcex-icon-wrap theme-button-icon-right\"><span class=\"ticon ticon-angle-right\" aria-hidden=\"true\"><\/span><\/span><\/span><\/a><\/div><\/div> <div class=\"vc_custom_1653470383532 wpex-clr\"><div class=\"theme-button-expanded-wrap theme-button-wrap wpex-clr\"><a href=\"https:\/\/www.secretjardin.com\/wp-content\/uploads\/2019\/12\/2016Q3-INSTRUCTION-EXPERT-website.pdf\" class=\"vcex-button theme-button expanded expanded\" target=\"_blank\" rel=\"noopener noreferrer\"><span class=\"theme-button-inner\">INTENSE R3.00<span class=\"vcex-icon-wrap theme-button-icon-right\"><span class=\"ticon ticon-angle-right\" aria-hidden=\"true\"><\/span><\/span><\/span><\/a><\/div><\/div> <div class=\"vc_custom_1723187530654 wpex-clr\"><div class=\"theme-button-expanded-wrap theme-button-wrap wpex-clr\"><a href=\"https:\/\/www.secretjardin.com\/wp-content\/uploads\/2021\/04\/20200928-HYDROSHOOT-BOOK-ASSEMBLY.pdf\" class=\"vcex-button theme-button expanded expanded\" target=\"_blank\" rel=\"noopener noreferrer\"><span class=\"theme-button-inner\">HYDRO SHOOT R2.00 (2020)<span class=\"vcex-icon-wrap theme-button-icon-right\"><span class=\"ticon ticon-angle-right\" aria-hidden=\"true\"><\/span><\/span><\/span><\/a><\/div><\/div> <div class=\"vc_custom_1692611919509 wpex-clr\"><div class=\"theme-button-expanded-wrap theme-button-wrap wpex-clr\"><a href=\"https:\/\/www.secretjardin.com\/wp-content\/uploads\/2019\/05\/201810-hydroshoot-instructions-web.pdf\" class=\"vcex-button theme-button expanded expanded\" target=\"_blank\" rel=\"noopener noreferrer\"><span class=\"theme-button-inner\">HYDRO SHOOT R2.00 (2018)<span class=\"vcex-icon-wrap theme-button-icon-right\"><span class=\"ticon ticon-angle-right\" aria-hidden=\"true\"><\/span><\/span><\/span><\/a><\/div><\/div> [\/vc_column][\/vc_row]\n","protected":false},"excerpt":{"rendered":"<p>[vc_row][vc_column][vc_column_text] Aktualny sk\u0142ad [\/vc_column_text][\/vc_column][\/vc_row][vc_row][vc_column][vc_column_text] Starsze produkty [\/vc_column_text][\/vc_column][\/vc_row]<\/p>\n","protected":false},"author":2,"featured_media":0,"parent":0,"menu_order":3,"comment_status":"closed","ping_status":"closed","template":"templates\/no-sidebar.php","meta":{"_acf_changed":false,"footnotes":""},"class_list":["post-18467","page","type-page","status-publish","hentry","entry","no-media"],"acf":[],"yoast_head":"<!-- This site is optimized with the Yoast SEO plugin v27.5 - https:\/\/yoast.com\/product\/yoast-seo-wordpress\/ -->\n<title>Namioty : Instrukcja monta\u017cu - Secret Jardin<\/title>\n<meta name=\"description\" content=\"Tutaj znajdziesz wszystkie instrukcje monta\u017cu dla r\u00f3\u017cnych namiot\u00f3w uprawowych SECRET JARDIN, zar\u00f3wno aktualnych, jak i starszych.\" \/>\n<meta name=\"robots\" content=\"index, follow, max-snippet:-1, max-image-preview:large, max-video-preview:-1\" \/>\n<link rel=\"canonical\" href=\"https:\/\/www.secretjardin.com\/pl\/namioty-instrukcja-montazu\/\" \/>\n<meta property=\"og:locale\" content=\"pl_PL\" \/>\n<meta property=\"og:type\" content=\"article\" \/>\n<meta property=\"og:title\" content=\"Namioty : Instrukcja monta\u017cu - Secret Jardin\" \/>\n<meta property=\"og:description\" content=\"Tutaj znajdziesz wszystkie instrukcje monta\u017cu dla r\u00f3\u017cnych namiot\u00f3w uprawowych SECRET JARDIN, zar\u00f3wno aktualnych, jak i starszych.\" \/>\n<meta property=\"og:url\" content=\"https:\/\/www.secretjardin.com\/pl\/namioty-instrukcja-montazu\/\" \/>\n<meta property=\"og:site_name\" content=\"Secret Jardin\" \/>\n<meta property=\"article:publisher\" content=\"https:\/\/www.facebook.com\/SecretJardin\/\" \/>\n<meta property=\"article:modified_time\" content=\"2024-08-09T07:12:24+00:00\" \/>\n<meta name=\"twitter:card\" content=\"summary_large_image\" \/>\n<meta name=\"twitter:label1\" content=\"Szacowany czas czytania\" \/>\n\t<meta name=\"twitter:data1\" content=\"1 minuta\" \/>\n<script type=\"application\/ld+json\" class=\"yoast-schema-graph\">{\"@context\":\"https:\\\/\\\/schema.org\",\"@graph\":[{\"@type\":\"WebPage\",\"@id\":\"https:\\\/\\\/www.secretjardin.com\\\/pl\\\/namioty-instrukcja-montazu\\\/\",\"url\":\"https:\\\/\\\/www.secretjardin.com\\\/pl\\\/namioty-instrukcja-montazu\\\/\",\"name\":\"Namioty : Instrukcja monta\u017cu - Secret Jardin\",\"isPartOf\":{\"@id\":\"https:\\\/\\\/www.secretjardin.com\\\/pl\\\/#website\"},\"datePublished\":\"2021-07-29T13:28:06+00:00\",\"dateModified\":\"2024-08-09T07:12:24+00:00\",\"description\":\"Tutaj znajdziesz wszystkie instrukcje monta\u017cu dla r\u00f3\u017cnych namiot\u00f3w uprawowych SECRET JARDIN, zar\u00f3wno aktualnych, jak i starszych.\",\"breadcrumb\":{\"@id\":\"https:\\\/\\\/www.secretjardin.com\\\/pl\\\/namioty-instrukcja-montazu\\\/#breadcrumb\"},\"inLanguage\":\"pl-PL\",\"potentialAction\":[{\"@type\":\"ReadAction\",\"target\":[\"https:\\\/\\\/www.secretjardin.com\\\/pl\\\/namioty-instrukcja-montazu\\\/\"]}]},{\"@type\":\"BreadcrumbList\",\"@id\":\"https:\\\/\\\/www.secretjardin.com\\\/pl\\\/namioty-instrukcja-montazu\\\/#breadcrumb\",\"itemListElement\":[{\"@type\":\"ListItem\",\"position\":1,\"name\":\"Home\",\"item\":\"https:\\\/\\\/www.secretjardin.com\\\/pl\\\/\"},{\"@type\":\"ListItem\",\"position\":2,\"name\":\"Zasoby\",\"item\":\"https:\\\/\\\/www.secretjardin.com\\\/pl\\\/zasoby\\\/\"},{\"@type\":\"ListItem\",\"position\":3,\"name\":\"Namioty : Instrukcja monta\u017cu\"}]},{\"@type\":\"WebSite\",\"@id\":\"https:\\\/\\\/www.secretjardin.com\\\/pl\\\/#website\",\"url\":\"https:\\\/\\\/www.secretjardin.com\\\/pl\\\/\",\"name\":\"Secret Jardin\",\"description\":\"\",\"publisher\":{\"@id\":\"https:\\\/\\\/www.secretjardin.com\\\/pl\\\/#organization\"},\"potentialAction\":[{\"@type\":\"SearchAction\",\"target\":{\"@type\":\"EntryPoint\",\"urlTemplate\":\"https:\\\/\\\/www.secretjardin.com\\\/pl\\\/?s={search_term_string}\"},\"query-input\":{\"@type\":\"PropertyValueSpecification\",\"valueRequired\":true,\"valueName\":\"search_term_string\"}}],\"inLanguage\":\"pl-PL\"},{\"@type\":\"Organization\",\"@id\":\"https:\\\/\\\/www.secretjardin.com\\\/pl\\\/#organization\",\"name\":\"Secret Jardin\",\"url\":\"https:\\\/\\\/www.secretjardin.com\\\/pl\\\/\",\"logo\":{\"@type\":\"ImageObject\",\"inLanguage\":\"pl-PL\",\"@id\":\"https:\\\/\\\/www.secretjardin.com\\\/pl\\\/#\\\/schema\\\/logo\\\/image\\\/\",\"url\":\"https:\\\/\\\/www.secretjardin.com\\\/wp-content\\\/uploads\\\/2019\\\/05\\\/header_logo.png\",\"contentUrl\":\"https:\\\/\\\/www.secretjardin.com\\\/wp-content\\\/uploads\\\/2019\\\/05\\\/header_logo.png\",\"width\":481,\"height\":198,\"caption\":\"Secret Jardin\"},\"image\":{\"@id\":\"https:\\\/\\\/www.secretjardin.com\\\/pl\\\/#\\\/schema\\\/logo\\\/image\\\/\"},\"sameAs\":[\"https:\\\/\\\/www.facebook.com\\\/SecretJardin\\\/\",\"https:\\\/\\\/www.instagram.com\\\/secretjardin_\\\/?hl=fr\",\"https:\\\/\\\/www.linkedin.com\\\/company\\\/secret-jardin\\\/about\\\/\"]}]}<\/script>\n<!-- \/ Yoast SEO plugin. -->","yoast_head_json":{"title":"Namioty : Instrukcja monta\u017cu - Secret Jardin","description":"Tutaj znajdziesz wszystkie instrukcje monta\u017cu dla r\u00f3\u017cnych namiot\u00f3w uprawowych SECRET JARDIN, zar\u00f3wno aktualnych, jak i starszych.","robots":{"index":"index","follow":"follow","max-snippet":"max-snippet:-1","max-image-preview":"max-image-preview:large","max-video-preview":"max-video-preview:-1"},"canonical":"https:\/\/www.secretjardin.com\/pl\/namioty-instrukcja-montazu\/","og_locale":"pl_PL","og_type":"article","og_title":"Namioty : Instrukcja monta\u017cu - Secret Jardin","og_description":"Tutaj znajdziesz wszystkie instrukcje monta\u017cu dla r\u00f3\u017cnych namiot\u00f3w uprawowych SECRET JARDIN, zar\u00f3wno aktualnych, jak i starszych.","og_url":"https:\/\/www.secretjardin.com\/pl\/namioty-instrukcja-montazu\/","og_site_name":"Secret Jardin","article_publisher":"https:\/\/www.facebook.com\/SecretJardin\/","article_modified_time":"2024-08-09T07:12:24+00:00","twitter_card":"summary_large_image","twitter_misc":{"Szacowany czas czytania":"1 minuta"},"schema":{"@context":"https:\/\/schema.org","@graph":[{"@type":"WebPage","@id":"https:\/\/www.secretjardin.com\/pl\/namioty-instrukcja-montazu\/","url":"https:\/\/www.secretjardin.com\/pl\/namioty-instrukcja-montazu\/","name":"Namioty : Instrukcja monta\u017cu - Secret Jardin","isPartOf":{"@id":"https:\/\/www.secretjardin.com\/pl\/#website"},"datePublished":"2021-07-29T13:28:06+00:00","dateModified":"2024-08-09T07:12:24+00:00","description":"Tutaj znajdziesz wszystkie instrukcje monta\u017cu dla r\u00f3\u017cnych namiot\u00f3w uprawowych SECRET JARDIN, zar\u00f3wno aktualnych, jak i starszych.","breadcrumb":{"@id":"https:\/\/www.secretjardin.com\/pl\/namioty-instrukcja-montazu\/#breadcrumb"},"inLanguage":"pl-PL","potentialAction":[{"@type":"ReadAction","target":["https:\/\/www.secretjardin.com\/pl\/namioty-instrukcja-montazu\/"]}]},{"@type":"BreadcrumbList","@id":"https:\/\/www.secretjardin.com\/pl\/namioty-instrukcja-montazu\/#breadcrumb","itemListElement":[{"@type":"ListItem","position":1,"name":"Home","item":"https:\/\/www.secretjardin.com\/pl\/"},{"@type":"ListItem","position":2,"name":"Zasoby","item":"https:\/\/www.secretjardin.com\/pl\/zasoby\/"},{"@type":"ListItem","position":3,"name":"Namioty : Instrukcja monta\u017cu"}]},{"@type":"WebSite","@id":"https:\/\/www.secretjardin.com\/pl\/#website","url":"https:\/\/www.secretjardin.com\/pl\/","name":"Secret Jardin","description":"","publisher":{"@id":"https:\/\/www.secretjardin.com\/pl\/#organization"},"potentialAction":[{"@type":"SearchAction","target":{"@type":"EntryPoint","urlTemplate":"https:\/\/www.secretjardin.com\/pl\/?s={search_term_string}"},"query-input":{"@type":"PropertyValueSpecification","valueRequired":true,"valueName":"search_term_string"}}],"inLanguage":"pl-PL"},{"@type":"Organization","@id":"https:\/\/www.secretjardin.com\/pl\/#organization","name":"Secret Jardin","url":"https:\/\/www.secretjardin.com\/pl\/","logo":{"@type":"ImageObject","inLanguage":"pl-PL","@id":"https:\/\/www.secretjardin.com\/pl\/#\/schema\/logo\/image\/","url":"https:\/\/www.secretjardin.com\/wp-content\/uploads\/2019\/05\/header_logo.png","contentUrl":"https:\/\/www.secretjardin.com\/wp-content\/uploads\/2019\/05\/header_logo.png","width":481,"height":198,"caption":"Secret Jardin"},"image":{"@id":"https:\/\/www.secretjardin.com\/pl\/#\/schema\/logo\/image\/"},"sameAs":["https:\/\/www.facebook.com\/SecretJardin\/","https:\/\/www.instagram.com\/secretjardin_\/?hl=fr","https:\/\/www.linkedin.com\/company\/secret-jardin\/about\/"]}]}},"_links":{"self":[{"href":"https:\/\/www.secretjardin.com\/pl\/wp-json\/wp\/v2\/pages\/18467","targetHints":{"allow":["GET"]}}],"collection":[{"href":"https:\/\/www.secretjardin.com\/pl\/wp-json\/wp\/v2\/pages"}],"about":[{"href":"https:\/\/www.secretjardin.com\/pl\/wp-json\/wp\/v2\/types\/page"}],"author":[{"embeddable":true,"href":"https:\/\/www.secretjardin.com\/pl\/wp-json\/wp\/v2\/users\/2"}],"replies":[{"embeddable":true,"href":"https:\/\/www.secretjardin.com\/pl\/wp-json\/wp\/v2\/comments?post=18467"}],"version-history":[{"count":0,"href":"https:\/\/www.secretjardin.com\/pl\/wp-json\/wp\/v2\/pages\/18467\/revisions"}],"wp:attachment":[{"href":"https:\/\/www.secretjardin.com\/pl\/wp-json\/wp\/v2\/media?parent=18467"}],"curies":[{"name":"wp","href":"https:\/\/api.w.org\/{rel}","templated":true}]}}