{"id":18434,"date":"2021-07-29T09:58:54","date_gmt":"2021-07-29T09:58:54","guid":{"rendered":"https:\/\/www.secretjardin.com\/szczegoly-dotyczace-oswietlenia\/"},"modified":"2021-07-29T09:59:13","modified_gmt":"2021-07-29T09:59:13","slug":"szczegoly-dotyczace-oswietlenia","status":"publish","type":"page","link":"https:\/\/www.secretjardin.com\/pl\/zasoby\/szczegoly-dotyczace-oswietlenia\/","title":{"rendered":"Szczeg\u00f3\u0142y dotycz\u0105ce o\u015bwietlenia"},"content":{"rendered":"[vc_row][vc_column][vc_column_text]O\u015bwietlenie jest opisywane w kategoriach jego <strong>JAKO\u015aCI<\/strong> (Spectrum) i <strong>INTENSYWNO\u015aCI<\/strong> (P.A.R.).[\/vc_column_text][\/vc_column][\/vc_row][vc_row][vc_column]<h3 class=\"vcex-module vcex-heading wpex-text-2xl wpex-font-normal wpex-m-auto wpex-max-w-100 vcex-heading-plain wpex-block\" style=\"color:#ffde00;font-weight:600;\"><span class=\"vcex-heading-inner wpex-inline-block wpex-clr\">JAKO\u015a\u0106 \u015aWIAT\u0141A<\/span><\/h3>[\/vc_column][\/vc_row][vc_row][vc_column][vc_column_text]\u015awiat\u0142o sk\u0142ada si\u0119 z foton\u00f3w, kt\u00f3re poruszaj\u0105 si\u0119 w formie fal. M\u00f3wimy o nich w kategoriach d\u0142ugo\u015bci fali. Fotony, kt\u00f3re oddzia\u0142uj\u0105 na ro\u015bliny znajduj\u0105 si\u0119 w zakresie pomi\u0119dzy ultrafioletem a podczerwieni\u0105, w pobli\u017cu widzialnego ko\u0144ca widma, przy d\u0142ugo\u015bci fali pomi\u0119dzy 350 a 750 nm (Rys. 2).<br \/>\n&#8211;<strong>Bliskie UV (350-380 nm<\/strong>): Te d\u0142ugo\u015bci fal pomagaj\u0105 zwalcza\u0107 niekt\u00f3re mikroorganizmy i poprawiaj\u0105 system odporno\u015bciowy ro\u015blin.<br \/>\n&#8211;<strong>Widzialne (380-700 nm)<\/strong>: Jest to zakres \u015bwiat\u0142a, kt\u00f3re jest wykorzystywane w fotosyntezie. Ro\u015bliny absorbuj\u0105 g\u0142\u00f3wnie \u015bwiat\u0142o niebieskie i czerwone. Og\u00f3lnie rzecz bior\u0105c, niebieskie \u015bwiat\u0142o (430-500) promuje wzrost, a czerwone (630-680) kwitnienie i owocowanie.<br \/>\n&#8211;<strong>Bliska podczerwie\u0144 (700-750 nm)<\/strong>: Znane r\u00f3wnie\u017c jako &#8222;g\u0142\u0119bokie czerwienie&#8221;, dzia\u0142aj\u0105 jak promienniki i pomagaj\u0105 ro\u015blinom kochaj\u0105cym s\u0142o\u0144ce rosn\u0105\u0107 wysoko.[\/vc_column_text][\/vc_column][\/vc_row][vc_row][vc_column]<h3 class=\"vcex-module vcex-heading wpex-text-2xl wpex-font-normal wpex-m-auto wpex-max-w-100 vcex-heading-plain wpex-block\" style=\"color:#ffde00;font-weight:600;\"><span class=\"vcex-heading-inner wpex-inline-block wpex-clr\">NAT\u0118\u017bENIE \u015aWIAT\u0141A<\/span><\/h3>[\/vc_column][\/vc_row][vc_row][vc_column][vc_column_text]Tylko fotony o d\u0142ugo\u015bci fali pomi\u0119dzy 400 a 700 nm (bliskie zakresowi widzialnemu) bior\u0105 udzia\u0142 w fotosyntezie. Fotony te nazywane s\u0105 &#8222;Fotosyntetycznie Aktywnym Promieniowaniem&#8221;. PAR systemu o\u015bwietleniowego mo\u017ce by\u0107 mierzony, gdy jest on u\u017cywany samodzielnie (PPF-PPE) lub w ramach kompletnej konfiguracji uprawy (PPFD).[\/vc_column_text][\/vc_column][\/vc_row][vc_row][vc_column]<h3 class=\"vcex-module vcex-heading wpex-text-2xl wpex-font-normal wpex-m-auto wpex-max-w-100 vcex-heading-plain wpex-block\" style=\"color:#ffde00;font-weight:600;\"><span class=\"vcex-heading-inner wpex-inline-block wpex-clr\">TYLKO SYSTEM O\u015aWIETLENIA<\/span><\/h3>[\/vc_column][\/vc_row][vc_row][vc_column][vc_column_text]Lamp\u0119 umieszcza si\u0119 w kuli Ulbrichta (Rys. 3) i mierzy si\u0119 liczb\u0119 foton\u00f3w emitowanych przez ni\u0105 w ka\u017cdej sekundzie. Daje to &#8222;Photosynthetic Photon Flux&#8221;, (PPF, mierzony w \u03bcmol\/s), kt\u00f3ry ocenia potencjaln\u0105 moc fotosyntetyczn\u0105 systemu o\u015bwietleniowego. Dziel\u0105c PPF przez zu\u017cyt\u0105 energi\u0119 elektryczn\u0105 otrzymujemy &#8222;Photosynthetic Photon Efficacy&#8221; (PPE, mierzone w \u03bcmol\/s\/w lub \u03bcmol\/d), kt\u00f3re jest u\u017cywane do oceny potencjalnej wydajno\u015bci fotosyntetycznej systemu o\u015bwietleniowego na zu\u017cyty wat. Oto kilka przyk\u0142adowych warto\u015bci PPE : kompaktowe lampy fluorescencyjne (CFL, TCL, T5, itp.) = mniej ni\u017c 1 \u03bcmol\/s\/w, lampy wy\u0142adowcze (HPS, MH, CMH, itp.) = 1 do 2 \u03bcmol\/s\/w, diody elektroluminescencyjne (LED): obecnie 2 do 3 \u03bcmol\/s\/w.[\/vc_column_text][\/vc_column][\/vc_row][vc_row][vc_column]<h3 class=\"vcex-module vcex-heading wpex-text-2xl wpex-font-normal wpex-m-auto wpex-max-w-100 vcex-heading-plain wpex-block\" style=\"color:#ffde00;font-weight:600;\"><span class=\"vcex-heading-inner wpex-inline-block wpex-clr\">KOMPLETNY SYSTEM UPRAWY<\/span><\/h3>[\/vc_column][\/vc_row][vc_row][vc_column][vc_column_text]Co sekund\u0119 mierzona jest liczba foton\u00f3w odbieranych przez przestrze\u0144 hodowlan\u0105 na metr kwadratowy. Jest to tzw. g\u0119sto\u015b\u0107 strumienia foton\u00f3w fotosyntetycznych (P.P.F.D. mierzona w \u03bcmol\/s\/m2). Umo\u017cliwia to ocen\u0119 rzeczywistej mocy fotosyntetycznej na m2 powierzchni uprawy. PPFD jest przedstawiony jako widok z g\u00f3ry przestrzeni uprawowej, z pomiarami wykonywanymi co 15 x 15 cm (6&#8243; x 6&#8243;) (Rys. 4). Dla uproszczenia, okre\u015blili\u015bmy trzy kolory dla trzech poziom\u00f3w PPFD.<\/p>\n<p style=\"color: #553286\"><strong>Poziom I<\/strong>: Mniej ni\u017c 300 \u03bcmol\/s\/m2 = rozmna\u017canie, sadzonki, wzrost na \u015bwietle, wegetacja.<\/p>\n<p style=\"color: #2f722f\"><strong>Poziom II<\/strong>: 300 do 600 \u03bcmol\/s\/m2 = ro\u015bliny lubi\u0105ce s\u0142o\u0144ce, intensywna uprawa ro\u015blin lubi\u0105cych cie\u0144.<\/p>\n<p style=\"color: #941914\"><strong>Poziom III <\/strong>: ponad 600 \u03bcmol\/s\/m2 = intensywna uprawa ro\u015blin lubi\u0105cych s\u0142o\u0144ce.<\/p>\n[\/vc_column_text][\/vc_column][\/vc_row][vc_row][vc_column][vc_single_image image=&#8221;18436&#8243;][\/vc_column][\/vc_row][vc_row][vc_column]<h3 class=\"vcex-module vcex-heading wpex-text-2xl wpex-font-normal wpex-m-auto wpex-max-w-100 vcex-heading-plain wpex-block\" style=\"color:#ffde00;font-weight:600;\"><span class=\"vcex-heading-inner wpex-inline-block wpex-clr\">TYPY LED\u00d3W<\/span><\/h3>[\/vc_column][\/vc_row][vc_row][vc_column][vc_column_text]Istniej\u0105 dwa g\u0142\u00f3wne typy diod LED. <strong>Monochromatyczne<\/strong> diody LED emituj\u0105 fotony, kt\u00f3re drgaj\u0105 z jedn\u0105 cz\u0119stotliwo\u015bci\u0105. W zale\u017cno\u015bci od d\u0142ugo\u015bci fali, nazywane s\u0105 one: 450 nm niebieskie, 660 nm czerwone, itd. <strong>Bia\u0142e diody LED<\/strong> maj\u0105 szersze spektrum. Bia\u0142e diody LED s\u0105 w rzeczywisto\u015bci monochromatycznymi niebieskimi diodami LED z pow\u0142ok\u0105 fosforow\u0105, kt\u00f3ra przesuwa i sp\u0142aszcza widmo w kierunku koloru \u017c\u00f3\u0142tego poprzez zmniejszenie energii niekt\u00f3rych foton\u00f3w (Rys. 5). W zale\u017cno\u015bci od ich temperatury barwowej, w Kelwinach, nazywane s\u0105: 6500 \u00b0K Cool White, 5000\/4000 \u00b0K Warm White, 3000\/2700\/2100 \u00b0K Yellow White. Dzi\u0119ki tej metodzie powstaj\u0105 diody LED, kt\u00f3re mog\u0105 by\u0107 stosowane zar\u00f3wno w codziennym o\u015bwietleniu, jak i w uprawie, ze wzgl\u0119du na ich szersze spektrum.[\/vc_column_text][\/vc_column][\/vc_row][vc_row][vc_column][vc_single_image image=&#8221;18435&#8243;][\/vc_column][\/vc_row]\n","protected":false},"excerpt":{"rendered":"<p>[vc_row][vc_column][vc_column_text]O\u015bwietlenie jest opisywane w kategoriach jego JAKO\u015aCI (Spectrum) i INTENSYWNO\u015aCI (P.A.R.).[\/vc_column_text][\/vc_column][\/vc_row][vc_row][vc_column][\/vc_column][\/vc_row][vc_row][vc_column][vc_column_text]\u015awiat\u0142o sk\u0142ada si\u0119 z foton\u00f3w, kt\u00f3re poruszaj\u0105 si\u0119 w formie fal. M\u00f3wimy o nich w kategoriach d\u0142ugo\u015bci fali. Fotony, kt\u00f3re oddzia\u0142uj\u0105 na ro\u015bliny znajduj\u0105 si\u0119 w zakresie pomi\u0119dzy ultrafioletem a&hellip;<\/p>\n","protected":false},"author":6,"featured_media":0,"parent":19128,"menu_order":8,"comment_status":"closed","ping_status":"closed","template":"templates\/no-sidebar.php","meta":{"_acf_changed":false,"footnotes":""},"class_list":["post-18434","page","type-page","status-publish","hentry","entry","no-media"],"acf":[],"yoast_head":"<!-- This site is optimized with the Yoast SEO plugin v27.4 - https:\/\/yoast.com\/product\/yoast-seo-wordpress\/ -->\n<title>Szczeg\u00f3\u0142y dotycz\u0105ce o\u015bwietlenia - Secret Jardin<\/title>\n<meta name=\"robots\" content=\"index, follow, max-snippet:-1, max-image-preview:large, max-video-preview:-1\" \/>\n<link rel=\"canonical\" href=\"https:\/\/www.secretjardin.com\/pl\/zasoby\/szczegoly-dotyczace-oswietlenia\/\" \/>\n<meta property=\"og:locale\" content=\"pl_PL\" \/>\n<meta property=\"og:type\" content=\"article\" \/>\n<meta property=\"og:title\" content=\"Szczeg\u00f3\u0142y dotycz\u0105ce o\u015bwietlenia - Secret Jardin\" \/>\n<meta property=\"og:description\" content=\"[vc_row][vc_column][vc_column_text]O\u015bwietlenie jest opisywane w kategoriach jego JAKO\u015aCI (Spectrum) i INTENSYWNO\u015aCI (P.A.R.).[\/vc_column_text][\/vc_column][\/vc_row][vc_row][vc_column][\/vc_column][\/vc_row][vc_row][vc_column][vc_column_text]\u015awiat\u0142o sk\u0142ada si\u0119 z foton\u00f3w, kt\u00f3re poruszaj\u0105 si\u0119 w formie fal. M\u00f3wimy o nich w kategoriach d\u0142ugo\u015bci fali. Fotony, kt\u00f3re oddzia\u0142uj\u0105 na ro\u015bliny znajduj\u0105 si\u0119 w zakresie pomi\u0119dzy ultrafioletem a&hellip;\" \/>\n<meta property=\"og:url\" content=\"https:\/\/www.secretjardin.com\/pl\/zasoby\/szczegoly-dotyczace-oswietlenia\/\" \/>\n<meta property=\"og:site_name\" content=\"Secret Jardin\" \/>\n<meta property=\"article:publisher\" content=\"https:\/\/www.facebook.com\/SecretJardin\/\" \/>\n<meta property=\"article:modified_time\" content=\"2021-07-29T09:59:13+00:00\" \/>\n<meta name=\"twitter:card\" content=\"summary_large_image\" \/>\n<meta name=\"twitter:label1\" content=\"Szacowany czas czytania\" \/>\n\t<meta name=\"twitter:data1\" content=\"4 minuty\" \/>\n<script type=\"application\/ld+json\" class=\"yoast-schema-graph\">{\"@context\":\"https:\\\/\\\/schema.org\",\"@graph\":[{\"@type\":\"WebPage\",\"@id\":\"https:\\\/\\\/www.secretjardin.com\\\/pl\\\/zasoby\\\/szczegoly-dotyczace-oswietlenia\\\/\",\"url\":\"https:\\\/\\\/www.secretjardin.com\\\/pl\\\/zasoby\\\/szczegoly-dotyczace-oswietlenia\\\/\",\"name\":\"Szczeg\u00f3\u0142y dotycz\u0105ce o\u015bwietlenia - Secret Jardin\",\"isPartOf\":{\"@id\":\"https:\\\/\\\/www.secretjardin.com\\\/pl\\\/#website\"},\"datePublished\":\"2021-07-29T09:58:54+00:00\",\"dateModified\":\"2021-07-29T09:59:13+00:00\",\"breadcrumb\":{\"@id\":\"https:\\\/\\\/www.secretjardin.com\\\/pl\\\/zasoby\\\/szczegoly-dotyczace-oswietlenia\\\/#breadcrumb\"},\"inLanguage\":\"pl-PL\",\"potentialAction\":[{\"@type\":\"ReadAction\",\"target\":[\"https:\\\/\\\/www.secretjardin.com\\\/pl\\\/zasoby\\\/szczegoly-dotyczace-oswietlenia\\\/\"]}]},{\"@type\":\"BreadcrumbList\",\"@id\":\"https:\\\/\\\/www.secretjardin.com\\\/pl\\\/zasoby\\\/szczegoly-dotyczace-oswietlenia\\\/#breadcrumb\",\"itemListElement\":[{\"@type\":\"ListItem\",\"position\":1,\"name\":\"Home\",\"item\":\"https:\\\/\\\/www.secretjardin.com\\\/pl\\\/\"},{\"@type\":\"ListItem\",\"position\":2,\"name\":\"Zasoby\",\"item\":\"https:\\\/\\\/www.secretjardin.com\\\/pl\\\/zasoby\\\/\"},{\"@type\":\"ListItem\",\"position\":3,\"name\":\"Szczeg\u00f3\u0142y dotycz\u0105ce o\u015bwietlenia\"}]},{\"@type\":\"WebSite\",\"@id\":\"https:\\\/\\\/www.secretjardin.com\\\/pl\\\/#website\",\"url\":\"https:\\\/\\\/www.secretjardin.com\\\/pl\\\/\",\"name\":\"Secret Jardin\",\"description\":\"\",\"publisher\":{\"@id\":\"https:\\\/\\\/www.secretjardin.com\\\/pl\\\/#organization\"},\"potentialAction\":[{\"@type\":\"SearchAction\",\"target\":{\"@type\":\"EntryPoint\",\"urlTemplate\":\"https:\\\/\\\/www.secretjardin.com\\\/pl\\\/?s={search_term_string}\"},\"query-input\":{\"@type\":\"PropertyValueSpecification\",\"valueRequired\":true,\"valueName\":\"search_term_string\"}}],\"inLanguage\":\"pl-PL\"},{\"@type\":\"Organization\",\"@id\":\"https:\\\/\\\/www.secretjardin.com\\\/pl\\\/#organization\",\"name\":\"Secret Jardin\",\"url\":\"https:\\\/\\\/www.secretjardin.com\\\/pl\\\/\",\"logo\":{\"@type\":\"ImageObject\",\"inLanguage\":\"pl-PL\",\"@id\":\"https:\\\/\\\/www.secretjardin.com\\\/pl\\\/#\\\/schema\\\/logo\\\/image\\\/\",\"url\":\"https:\\\/\\\/www.secretjardin.com\\\/wp-content\\\/uploads\\\/2019\\\/05\\\/header_logo.png\",\"contentUrl\":\"https:\\\/\\\/www.secretjardin.com\\\/wp-content\\\/uploads\\\/2019\\\/05\\\/header_logo.png\",\"width\":481,\"height\":198,\"caption\":\"Secret Jardin\"},\"image\":{\"@id\":\"https:\\\/\\\/www.secretjardin.com\\\/pl\\\/#\\\/schema\\\/logo\\\/image\\\/\"},\"sameAs\":[\"https:\\\/\\\/www.facebook.com\\\/SecretJardin\\\/\",\"https:\\\/\\\/www.instagram.com\\\/secretjardin_\\\/?hl=fr\",\"https:\\\/\\\/www.linkedin.com\\\/company\\\/secret-jardin\\\/about\\\/\"]}]}<\/script>\n<!-- \/ Yoast SEO plugin. -->","yoast_head_json":{"title":"Szczeg\u00f3\u0142y dotycz\u0105ce o\u015bwietlenia - Secret Jardin","robots":{"index":"index","follow":"follow","max-snippet":"max-snippet:-1","max-image-preview":"max-image-preview:large","max-video-preview":"max-video-preview:-1"},"canonical":"https:\/\/www.secretjardin.com\/pl\/zasoby\/szczegoly-dotyczace-oswietlenia\/","og_locale":"pl_PL","og_type":"article","og_title":"Szczeg\u00f3\u0142y dotycz\u0105ce o\u015bwietlenia - Secret Jardin","og_description":"[vc_row][vc_column][vc_column_text]O\u015bwietlenie jest opisywane w kategoriach jego JAKO\u015aCI (Spectrum) i INTENSYWNO\u015aCI (P.A.R.).[\/vc_column_text][\/vc_column][\/vc_row][vc_row][vc_column][\/vc_column][\/vc_row][vc_row][vc_column][vc_column_text]\u015awiat\u0142o sk\u0142ada si\u0119 z foton\u00f3w, kt\u00f3re poruszaj\u0105 si\u0119 w formie fal. M\u00f3wimy o nich w kategoriach d\u0142ugo\u015bci fali. Fotony, kt\u00f3re oddzia\u0142uj\u0105 na ro\u015bliny znajduj\u0105 si\u0119 w zakresie pomi\u0119dzy ultrafioletem a&hellip;","og_url":"https:\/\/www.secretjardin.com\/pl\/zasoby\/szczegoly-dotyczace-oswietlenia\/","og_site_name":"Secret Jardin","article_publisher":"https:\/\/www.facebook.com\/SecretJardin\/","article_modified_time":"2021-07-29T09:59:13+00:00","twitter_card":"summary_large_image","twitter_misc":{"Szacowany czas czytania":"4 minuty"},"schema":{"@context":"https:\/\/schema.org","@graph":[{"@type":"WebPage","@id":"https:\/\/www.secretjardin.com\/pl\/zasoby\/szczegoly-dotyczace-oswietlenia\/","url":"https:\/\/www.secretjardin.com\/pl\/zasoby\/szczegoly-dotyczace-oswietlenia\/","name":"Szczeg\u00f3\u0142y dotycz\u0105ce o\u015bwietlenia - Secret Jardin","isPartOf":{"@id":"https:\/\/www.secretjardin.com\/pl\/#website"},"datePublished":"2021-07-29T09:58:54+00:00","dateModified":"2021-07-29T09:59:13+00:00","breadcrumb":{"@id":"https:\/\/www.secretjardin.com\/pl\/zasoby\/szczegoly-dotyczace-oswietlenia\/#breadcrumb"},"inLanguage":"pl-PL","potentialAction":[{"@type":"ReadAction","target":["https:\/\/www.secretjardin.com\/pl\/zasoby\/szczegoly-dotyczace-oswietlenia\/"]}]},{"@type":"BreadcrumbList","@id":"https:\/\/www.secretjardin.com\/pl\/zasoby\/szczegoly-dotyczace-oswietlenia\/#breadcrumb","itemListElement":[{"@type":"ListItem","position":1,"name":"Home","item":"https:\/\/www.secretjardin.com\/pl\/"},{"@type":"ListItem","position":2,"name":"Zasoby","item":"https:\/\/www.secretjardin.com\/pl\/zasoby\/"},{"@type":"ListItem","position":3,"name":"Szczeg\u00f3\u0142y dotycz\u0105ce o\u015bwietlenia"}]},{"@type":"WebSite","@id":"https:\/\/www.secretjardin.com\/pl\/#website","url":"https:\/\/www.secretjardin.com\/pl\/","name":"Secret Jardin","description":"","publisher":{"@id":"https:\/\/www.secretjardin.com\/pl\/#organization"},"potentialAction":[{"@type":"SearchAction","target":{"@type":"EntryPoint","urlTemplate":"https:\/\/www.secretjardin.com\/pl\/?s={search_term_string}"},"query-input":{"@type":"PropertyValueSpecification","valueRequired":true,"valueName":"search_term_string"}}],"inLanguage":"pl-PL"},{"@type":"Organization","@id":"https:\/\/www.secretjardin.com\/pl\/#organization","name":"Secret Jardin","url":"https:\/\/www.secretjardin.com\/pl\/","logo":{"@type":"ImageObject","inLanguage":"pl-PL","@id":"https:\/\/www.secretjardin.com\/pl\/#\/schema\/logo\/image\/","url":"https:\/\/www.secretjardin.com\/wp-content\/uploads\/2019\/05\/header_logo.png","contentUrl":"https:\/\/www.secretjardin.com\/wp-content\/uploads\/2019\/05\/header_logo.png","width":481,"height":198,"caption":"Secret Jardin"},"image":{"@id":"https:\/\/www.secretjardin.com\/pl\/#\/schema\/logo\/image\/"},"sameAs":["https:\/\/www.facebook.com\/SecretJardin\/","https:\/\/www.instagram.com\/secretjardin_\/?hl=fr","https:\/\/www.linkedin.com\/company\/secret-jardin\/about\/"]}]}},"_links":{"self":[{"href":"https:\/\/www.secretjardin.com\/pl\/wp-json\/wp\/v2\/pages\/18434","targetHints":{"allow":["GET"]}}],"collection":[{"href":"https:\/\/www.secretjardin.com\/pl\/wp-json\/wp\/v2\/pages"}],"about":[{"href":"https:\/\/www.secretjardin.com\/pl\/wp-json\/wp\/v2\/types\/page"}],"author":[{"embeddable":true,"href":"https:\/\/www.secretjardin.com\/pl\/wp-json\/wp\/v2\/users\/6"}],"replies":[{"embeddable":true,"href":"https:\/\/www.secretjardin.com\/pl\/wp-json\/wp\/v2\/comments?post=18434"}],"version-history":[{"count":0,"href":"https:\/\/www.secretjardin.com\/pl\/wp-json\/wp\/v2\/pages\/18434\/revisions"}],"up":[{"embeddable":true,"href":"https:\/\/www.secretjardin.com\/pl\/wp-json\/wp\/v2\/pages\/19128"}],"wp:attachment":[{"href":"https:\/\/www.secretjardin.com\/pl\/wp-json\/wp\/v2\/media?parent=18434"}],"curies":[{"name":"wp","href":"https:\/\/api.w.org\/{rel}","templated":true}]}}