{"id":8644,"date":"2020-03-19T13:00:35","date_gmt":"2020-03-19T13:00:35","guid":{"rendered":"https:\/\/www.secretjardin.com\/condizioni-generali-di-vendita-online\/"},"modified":"2021-05-25T21:54:09","modified_gmt":"2021-05-25T21:54:09","slug":"condizioni-generali-di-vendita-online","status":"publish","type":"page","link":"https:\/\/www.secretjardin.com\/it\/condizioni-generali-di-vendita-online\/","title":{"rendered":"Condizioni generali di vendita online"},"content":{"rendered":"<h2 class=\"page-heading\">Articolo 1: Preambolo<\/h2>\n<p>Questi termini e condizioni di vendita sono conclusi, da un lato, dalla societ\u00e0 Agomoon SPRL la cui sede centrale si trova a Dr\u00e8ve de la Courte au Bois, 5 &#8211; 7170 Manage registrata presso la Crossroads Bank of Enterprises con il numero 0831 574 070 ci -dopo indicato al come &#8220;venditore&#8221; e, d&#8217;altra parte, da qualsiasi persona fisica o giuridica che desideri effettuare un acquisto tramite il sito web del venditore, qui di seguito indicato come &#8220;l&#8217;acquirente&#8221;.<\/p>\n<h2 class=\"page-heading\">Articolo 2: Scopo<\/h2>\n<p>Le attuali condizioni di vendita mirano a definire i rapporti contrattuali tra il venditore e l&#8217;acquirente, nonch\u00e9 le condizioni applicabili a qualsiasi acquisto effettuato attraverso il sito del venditore, che l&#8217;acquirente sia professionale o consumatore.<\/p>\n<p>L&#8217;acquisizione di un bene o di un servizio attraverso il presente sito implica un&#8217;accettazione senza riserve da parte dell&#8217;acquirente di queste condizioni di vendita. Queste condizioni di vendita prevalgono su qualsiasi altra condizione generale o speciale non espressamente approvata dal venditore.<\/p>\n<p>Il venditore si riserva il diritto di modificare le sue condizioni di vendita in qualsiasi momento. In questo caso, le condizioni applicabili saranno quelle in vigore alla data dell&#8217;ordine da parte dell&#8217;acquirente.<\/p>\n<h2 class=\"page-heading\">Articolo 3: Caratteristiche dei beni e dei servizi offerti<\/h2>\n<p>I prodotti e i servizi offerti sono quelli elencati nel catalogo pubblicato sul sito web del venditore. Ogni prodotto \u00e8 accompagnato da una descrizione redatta dal fornitore. Le fotografie nel catalogo sono il pi\u00f9 fedeli possibile ma non possono garantire una perfetta somiglianza con il prodotto offerto, in particolare per quanto riguarda i colori. Questi prodotti e servizi sono offerti entro i limiti delle scorte disponibili. Se, nonostante i suoi sforzi, tutti o parte degli articoli non sono disponibili, il venditore informa l&#8217;acquirente via e-mail il prima possibile e gli offre la possibilit\u00e0 di scegliere tra aspettare o annullare senza alcun costo l&#8217;ordine degli articoli non disponibili. Gli articoli disponibili verranno consegnati normalmente.<\/p>\n<h2 class=\"page-heading\">Articolo 4: Tariffe<\/h2>\n<p>I prezzi dei prodotti e dei servizi visualizzati sul sito sono indicati in tutte le imposte incluse (IVA e altre imposte applicabili). Il venditore si riserva il diritto di modificare i prezzi in qualsiasi momento. Tuttavia, i prezzi applicabili all&#8217;ordine sono quelli in vigore al momento della conferma. I prezzi citati non comprendono i costi di elaborazione, trasporto e consegna degli ordini, a condizione che abbiano luogo nelle aree geografiche specificate di seguito.<\/p>\n<h2 class=\"page-heading\">Articolo 5: Aree geografiche<\/h2>\n<p>La vendita online dei prodotti e dei servizi presentati sul sito web del venditore \u00e8 limitata agli acquirenti che risiedono nell&#8217;Unione europea e alle consegne richieste in questa area geografica.<\/p>\n<h2 class=\"page-heading\">Articolo 6: Ordini<\/h2>\n<p>L&#8217;acquirente che desidera acquistare un prodotto o un servizio deve:<\/p>\n<ul>\n<li>compilare il modulo di identificazione su cui indicher\u00e0 tutti i dettagli richiesti o fornire il suo numero cliente se ne ha uno;<\/li>\n<li>compilare il modulo d&#8217;ordine online fornendo tutti i riferimenti dei prodotti o servizi selezionati;<\/li>\n<li>convalidare il suo ordine dopo averlo controllato;<\/li>\n<li>effettuare il pagamento nelle condizioni prescritte;<\/li>\n<li>confermare l&#8217;ordine e il pagamento. La conferma dell&#8217;ordine implica l&#8217;accettazione di queste condizioni di vendita, il riconoscimento di avere una conoscenza perfetta e la rinuncia delle proprie condizioni di acquisto o di altre condizioni.<\/li>\n<\/ul>\n<p>Tutti i dati forniti e la conferma registrata varranno la prova della transazione. La conferma varr\u00e0 la firma e l&#8217;accettazione delle transazioni. Il venditore comunicher\u00e0 via e-mail conferma dell&#8217;ordine registrato.<\/p>\n<h2 class=\"page-heading\">Articolo 7: Diritto di recesso<\/h2>\n<p>Conformemente alla legge, il consumatore ha il diritto di notificare al venditore che rinuncia al suo acquisto, senza penalit\u00e0 e senza dare alcun motivo, entro 14 giorni lavorativi dal giorno successivo al giorno dalla consegna del prodotto o dalla conclusione del contratto di servizio. Questo diritto di cancellazione non appartiene all&#8217;acquirente professionale.<\/p>\n<p>Entro questo periodo, il consumatore deve notificare la sua intenzione di dimettersi per e-mail e restituire, a sue spese e rischi, il prodotto consegnato alla sede di Agomoon SPRL: Dr\u00e8ve de la Courte au Bois, 5 &#8211; 7170 Manage. I prodotti devono essere restituiti nella loro confezione originale, intatto, accompagnato da tutti i loro accessori, il manuale dell&#8217;utente e la fattura \/ nota di consegna originale. I prodotti restituiti non devono essere stati disimballati, non sigillati, utilizzati in alcun modo. Le merci incomplete, danneggiate, sporche o sporche dal cliente non verranno ritirate. Entro 30 giorni, dopo l&#8217;accettazione della restituzione della merce, il venditore accetta di rimborsare l&#8217;eventuale pagamento, ad eccezione delle spese di spedizione.<\/p>\n<p>Se non diversamente concordato, il consumatore non pu\u00f2 esercitare il diritto di cancellazione per i contratti:<\/p>\n<ol>\n<li>la fornitura di servizi la cui prestazione \u00e8 iniziata con il consenso del consumatore prima della fine del periodo di cancellazione;<\/li>\n<li>la fornitura di prodotti realizzati secondo le specifiche del consumatore o chiaramente personalizzati o che, per loro natura, non possono essere rispediti o rischiano di deteriorarsi o scadere rapidamente;<\/li>\n<li>la fornitura di registrazione audio o video o di software per computer allentato dal consumatore;<\/li>\n<li>fornitura di giornali, periodici o riviste.<\/li>\n<\/ol>\n<h2 class=\"page-heading\">Articolo 8: Condizioni di pagamento<\/h2>\n<p>Gli articoli ordinati rimangono la nostra propriet\u00e0 esclusiva fino al pagamento completo dell&#8217;ordine da parte dell&#8217;acquirente. Il pagamento \u00e8 dovuto immediatamente su ordinazione, compresi i prodotti in pre-ordine. Il Cliente pu\u00f2 pagare con carta di credito, Visa o Mastercard. Il venditore, a sua discrezione, pu\u00f2 anche autorizzare il pagamento tramite bonifico bancario; in questo caso, l&#8217;ordine verr\u00e0 elaborato solo alla data in cui i fondi vengono ricevuti sul conto bancario del venditore.<\/p>\n<p>Il pagamento online sicuro tramite carta di credito viene effettuato dal nostro fornitore di servizi di pagamento. Le informazioni trasmesse vengono crittografate nello stato dell&#8217;arte e non possono essere lette durante il trasporto in rete.<\/p>\n<p>L&#8217;impegno a pagare con carta \u00e8 irrevocabile. Fornendo i suoi dati bancari al momento della vendita, il Cliente autorizza il Venditore ad addebitare alla sua carta l&#8217;importo relativo al prezzo indicato. Il Cliente conferma di essere il titolare legale della carta da addebitare e di avere legalmente il diritto di utilizzarla. In caso di errore o incapacit\u00e0 di addebitare la carta, la Vendita viene immediatamente risolta per diritto e l&#8217;ordine annullato.<\/p>\n<h2 class=\"page-heading\">Articolo 9: Consegne<\/h2>\n<p>Le consegne vengono effettuate all&#8217;indirizzo indicato nel modulo d&#8217;ordine che pu\u00f2 essere solo nell&#8217;area geografica concordata. Le merci vengono trasportate a rischio del venditore fino alla consegna della merce all&#8217;indirizzo di consegna specificato dall&#8217;acquirente. Da questo momento, l&#8217;acquirente si assume i rischi da solo. I tempi di consegna sono solo indicativi; se superano i trenta giorni dall&#8217;ordine, il contratto di vendita pu\u00f2 essere risolto e l&#8217;acquirente rimborsato.<\/p>\n<h2 class=\"page-heading\">Articolo 10: Garanzia<\/h2>\n<p>Per quanto riguarda i consumatori, il venditore garantisce i prodotti che vende e i servizi che fornisce in conformit\u00e0 con la legge del 1o settembre 2004 sulla protezione dei consumatori in caso di vendita di beni di consumo (articoli da 1649 bis a 1649 octies del codice civile). In caso di inosservanza di un prodotto venduto trovato entro 2 mesi dalla consegna della merce, il consumatore deve informare il venditore il pi\u00f9 presto possibile in modo preciso con lettera o e-mail registrata. Questa garanzia copre solo i difetti di conformit\u00e0 esistenti al momento della consegna della merce. I difetti o i danni dovuti ad un uso improprio, come danni all&#8217;acqua, ossidazione, caduta o shock, negligenza e usura, non sono coperti dalla garanzia. Allo stesso modo, le riparazioni eseguite da tecnici non approvati dal fornitore, comporter\u00e0 la cancellazione della garanzia. La fattura o la nota di consegna funge da garanzia e deve essere tenuta dal consumatore e prodotta in originale. Se il prodotto viene utilizzato per scopi non privati, sono attivi i termini di garanzia limitati del produttore\/fornitore.<\/p>\n<h2 class=\"page-heading\">Articolo 11: Responsabilit\u00e0<\/h2>\n<p>Il venditore, nel processo di vendita online, \u00e8 vincolato solo da un obbligo di mezzi; non pu\u00f2 essere ritenuto responsabile per eventuali danni derivanti dall&#8217;uso della rete Internet come perdita di dati, intrusione, virus, interruzione del servizio o altri problemi involontari. I dati sul sito sono anche dati in buona fede. I link proposti per i siti dei produttori e \/ o partner sono forniti a scopo informativo. Il venditore non pu\u00f2 essere ritenuto responsabile per le informazioni provenienti da questi siti.<\/p>\n<h2 class=\"page-heading\">Articolo 12: Propriet\u00e0 intellettuale<\/h2>\n<p>Tutti gli elementi del sito del venditore sono e rimangono la propriet\u00e0 intellettuale esclusiva di esso. Nessuno \u00e8 autorizzato a riprodurre, sfruttare, ritrasmettere o utilizzare per qualsiasi scopo, anche parzialmente, elementi del sito che sono software, visivi o sonori. Qualsiasi link semplice o ipertesto \u00e8 severamente vietato senza il previo consenso scritto del venditore.<\/p>\n<h2 class=\"page-heading\">Articolo 13: Dati personali<\/h2>\n<p>Tutti i dati personali necessari per l&#8217;elaborazione di un ordine sono conservati dal venditore o dai suoi collaboratori e possono essere trasmessi alle societ\u00e0 con cui il venditore &#8211; o i suoi fornitori &#8211; collaborano, quando tale comunicazione \u00e8 necessaria per il trattamento dell&#8217;ordine. Comando. L&#8217;utente autorizza inoltre il venditore a utilizzare questi dati per stabilire statistiche al fine di migliorare il suo sito, le merci e il servizio che offre. Queste informazioni possono essere utilizzate anche per consentire la diffusione, mediante qualsiasi mezzo di comunicazione, di informazioni relative alle attivit\u00e0 commerciali del venditore ai suoi clienti. Il venditore conserva infine i dati personali per facilitare gli ordini successivi. Il venditore accetta per il resto di non divulgare le informazioni che ha a un&#8217;altra societ\u00e0 o un&#8217;altra societ\u00e0. I dati conservati dal venditore possono essere richiesti in qualsiasi momento e corretti su richiesta.<\/p>\n<h2 class=\"page-heading\">Articolo 14: Prova<\/h2>\n<p>Le parti accettano, nell&#8217;ambito delle loro relazioni, i mezzi elettronici di prova (ad esempio: e-mail, backup del computer, &#8230;).<\/p>\n<h2 class=\"page-heading\">Articolo 15: Risoluzione delle controversie<\/h2>\n<p>Le attuali condizioni di vendita on line sono soggette alla legge belga. In caso di controversia, i tribunali dell&#8217;ufficio registrato del venditore sono competenti, fatta eccezione per le disposizioni di ordine pubblico vincolanti.<\/p>\n<p>Agomoon SPRL<br \/>\nDr\u00e8ve de la Courte au Bois,5<br \/>\n7170 Manage<br \/>\nBE0831.574.070<br \/>\ninfo@secretjardin.com<br \/>\n32 265 237 82<\/p>\n","protected":false},"excerpt":{"rendered":"<p>Articolo 1: Preambolo Questi termini e condizioni di vendita sono conclusi, da un lato, dalla societ\u00e0 Agomoon SPRL la cui sede centrale si trova a Dr\u00e8ve de la Courte au Bois, 5 &#8211; 7170 Manage registrata presso la Crossroads Bank&hellip;<\/p>\n","protected":false},"author":2,"featured_media":0,"parent":0,"menu_order":0,"comment_status":"closed","ping_status":"closed","template":"","meta":{"_acf_changed":false,"footnotes":""},"class_list":["post-8644","page","type-page","status-publish","hentry","entry","no-media"],"acf":[],"yoast_head":"<!-- This site is optimized with the Yoast SEO plugin v27.5 - https:\/\/yoast.com\/product\/yoast-seo-wordpress\/ -->\n<title>Condizioni generali di vendita online - Secret Jardin<\/title>\n<meta name=\"robots\" content=\"index, follow, max-snippet:-1, max-image-preview:large, max-video-preview:-1\" \/>\n<link rel=\"canonical\" href=\"https:\/\/www.secretjardin.com\/it\/condizioni-generali-di-vendita-online\/\" \/>\n<meta property=\"og:locale\" content=\"it_IT\" \/>\n<meta property=\"og:type\" content=\"article\" \/>\n<meta property=\"og:title\" content=\"Condizioni generali di vendita online - Secret Jardin\" \/>\n<meta property=\"og:description\" content=\"Articolo 1: Preambolo Questi termini e condizioni di vendita sono conclusi, da un lato, dalla societ\u00e0 Agomoon SPRL la cui sede centrale si trova a Dr\u00e8ve de la Courte au Bois, 5 &#8211; 7170 Manage registrata presso la Crossroads Bank&hellip;\" \/>\n<meta property=\"og:url\" content=\"https:\/\/www.secretjardin.com\/it\/condizioni-generali-di-vendita-online\/\" \/>\n<meta property=\"og:site_name\" content=\"Secret Jardin\" \/>\n<meta property=\"article:publisher\" content=\"https:\/\/www.facebook.com\/SecretJardin\/\" \/>\n<meta property=\"article:modified_time\" content=\"2021-05-25T21:54:09+00:00\" \/>\n<meta name=\"twitter:card\" content=\"summary_large_image\" \/>\n<meta name=\"twitter:label1\" content=\"Tempo di lettura stimato\" \/>\n\t<meta name=\"twitter:data1\" content=\"8 minuti\" \/>\n<script type=\"application\/ld+json\" class=\"yoast-schema-graph\">{\"@context\":\"https:\\\/\\\/schema.org\",\"@graph\":[{\"@type\":\"WebPage\",\"@id\":\"https:\\\/\\\/www.secretjardin.com\\\/it\\\/condizioni-generali-di-vendita-online\\\/\",\"url\":\"https:\\\/\\\/www.secretjardin.com\\\/it\\\/condizioni-generali-di-vendita-online\\\/\",\"name\":\"Condizioni generali di vendita online - Secret Jardin\",\"isPartOf\":{\"@id\":\"https:\\\/\\\/www.secretjardin.com\\\/it\\\/#website\"},\"datePublished\":\"2020-03-19T13:00:35+00:00\",\"dateModified\":\"2021-05-25T21:54:09+00:00\",\"breadcrumb\":{\"@id\":\"https:\\\/\\\/www.secretjardin.com\\\/it\\\/condizioni-generali-di-vendita-online\\\/#breadcrumb\"},\"inLanguage\":\"it-IT\",\"potentialAction\":[{\"@type\":\"ReadAction\",\"target\":[\"https:\\\/\\\/www.secretjardin.com\\\/it\\\/condizioni-generali-di-vendita-online\\\/\"]}]},{\"@type\":\"BreadcrumbList\",\"@id\":\"https:\\\/\\\/www.secretjardin.com\\\/it\\\/condizioni-generali-di-vendita-online\\\/#breadcrumb\",\"itemListElement\":[{\"@type\":\"ListItem\",\"position\":1,\"name\":\"Home\",\"item\":\"https:\\\/\\\/www.secretjardin.com\\\/it\\\/\"},{\"@type\":\"ListItem\",\"position\":2,\"name\":\"Condizioni generali di vendita online\"}]},{\"@type\":\"WebSite\",\"@id\":\"https:\\\/\\\/www.secretjardin.com\\\/it\\\/#website\",\"url\":\"https:\\\/\\\/www.secretjardin.com\\\/it\\\/\",\"name\":\"Secret Jardin\",\"description\":\"\",\"publisher\":{\"@id\":\"https:\\\/\\\/www.secretjardin.com\\\/it\\\/#organization\"},\"potentialAction\":[{\"@type\":\"SearchAction\",\"target\":{\"@type\":\"EntryPoint\",\"urlTemplate\":\"https:\\\/\\\/www.secretjardin.com\\\/it\\\/?s={search_term_string}\"},\"query-input\":{\"@type\":\"PropertyValueSpecification\",\"valueRequired\":true,\"valueName\":\"search_term_string\"}}],\"inLanguage\":\"it-IT\"},{\"@type\":\"Organization\",\"@id\":\"https:\\\/\\\/www.secretjardin.com\\\/it\\\/#organization\",\"name\":\"Secret Jardin\",\"url\":\"https:\\\/\\\/www.secretjardin.com\\\/it\\\/\",\"logo\":{\"@type\":\"ImageObject\",\"inLanguage\":\"it-IT\",\"@id\":\"https:\\\/\\\/www.secretjardin.com\\\/it\\\/#\\\/schema\\\/logo\\\/image\\\/\",\"url\":\"https:\\\/\\\/www.secretjardin.com\\\/wp-content\\\/uploads\\\/2019\\\/05\\\/header_logo.png\",\"contentUrl\":\"https:\\\/\\\/www.secretjardin.com\\\/wp-content\\\/uploads\\\/2019\\\/05\\\/header_logo.png\",\"width\":481,\"height\":198,\"caption\":\"Secret Jardin\"},\"image\":{\"@id\":\"https:\\\/\\\/www.secretjardin.com\\\/it\\\/#\\\/schema\\\/logo\\\/image\\\/\"},\"sameAs\":[\"https:\\\/\\\/www.facebook.com\\\/SecretJardin\\\/\",\"https:\\\/\\\/www.instagram.com\\\/secretjardin_\\\/?hl=fr\",\"https:\\\/\\\/www.linkedin.com\\\/company\\\/secret-jardin\\\/about\\\/\"]}]}<\/script>\n<!-- \/ Yoast SEO plugin. -->","yoast_head_json":{"title":"Condizioni generali di vendita online - Secret Jardin","robots":{"index":"index","follow":"follow","max-snippet":"max-snippet:-1","max-image-preview":"max-image-preview:large","max-video-preview":"max-video-preview:-1"},"canonical":"https:\/\/www.secretjardin.com\/it\/condizioni-generali-di-vendita-online\/","og_locale":"it_IT","og_type":"article","og_title":"Condizioni generali di vendita online - Secret Jardin","og_description":"Articolo 1: Preambolo Questi termini e condizioni di vendita sono conclusi, da un lato, dalla societ\u00e0 Agomoon SPRL la cui sede centrale si trova a Dr\u00e8ve de la Courte au Bois, 5 &#8211; 7170 Manage registrata presso la Crossroads Bank&hellip;","og_url":"https:\/\/www.secretjardin.com\/it\/condizioni-generali-di-vendita-online\/","og_site_name":"Secret Jardin","article_publisher":"https:\/\/www.facebook.com\/SecretJardin\/","article_modified_time":"2021-05-25T21:54:09+00:00","twitter_card":"summary_large_image","twitter_misc":{"Tempo di lettura stimato":"8 minuti"},"schema":{"@context":"https:\/\/schema.org","@graph":[{"@type":"WebPage","@id":"https:\/\/www.secretjardin.com\/it\/condizioni-generali-di-vendita-online\/","url":"https:\/\/www.secretjardin.com\/it\/condizioni-generali-di-vendita-online\/","name":"Condizioni generali di vendita online - Secret Jardin","isPartOf":{"@id":"https:\/\/www.secretjardin.com\/it\/#website"},"datePublished":"2020-03-19T13:00:35+00:00","dateModified":"2021-05-25T21:54:09+00:00","breadcrumb":{"@id":"https:\/\/www.secretjardin.com\/it\/condizioni-generali-di-vendita-online\/#breadcrumb"},"inLanguage":"it-IT","potentialAction":[{"@type":"ReadAction","target":["https:\/\/www.secretjardin.com\/it\/condizioni-generali-di-vendita-online\/"]}]},{"@type":"BreadcrumbList","@id":"https:\/\/www.secretjardin.com\/it\/condizioni-generali-di-vendita-online\/#breadcrumb","itemListElement":[{"@type":"ListItem","position":1,"name":"Home","item":"https:\/\/www.secretjardin.com\/it\/"},{"@type":"ListItem","position":2,"name":"Condizioni generali di vendita online"}]},{"@type":"WebSite","@id":"https:\/\/www.secretjardin.com\/it\/#website","url":"https:\/\/www.secretjardin.com\/it\/","name":"Secret Jardin","description":"","publisher":{"@id":"https:\/\/www.secretjardin.com\/it\/#organization"},"potentialAction":[{"@type":"SearchAction","target":{"@type":"EntryPoint","urlTemplate":"https:\/\/www.secretjardin.com\/it\/?s={search_term_string}"},"query-input":{"@type":"PropertyValueSpecification","valueRequired":true,"valueName":"search_term_string"}}],"inLanguage":"it-IT"},{"@type":"Organization","@id":"https:\/\/www.secretjardin.com\/it\/#organization","name":"Secret Jardin","url":"https:\/\/www.secretjardin.com\/it\/","logo":{"@type":"ImageObject","inLanguage":"it-IT","@id":"https:\/\/www.secretjardin.com\/it\/#\/schema\/logo\/image\/","url":"https:\/\/www.secretjardin.com\/wp-content\/uploads\/2019\/05\/header_logo.png","contentUrl":"https:\/\/www.secretjardin.com\/wp-content\/uploads\/2019\/05\/header_logo.png","width":481,"height":198,"caption":"Secret Jardin"},"image":{"@id":"https:\/\/www.secretjardin.com\/it\/#\/schema\/logo\/image\/"},"sameAs":["https:\/\/www.facebook.com\/SecretJardin\/","https:\/\/www.instagram.com\/secretjardin_\/?hl=fr","https:\/\/www.linkedin.com\/company\/secret-jardin\/about\/"]}]}},"_links":{"self":[{"href":"https:\/\/www.secretjardin.com\/it\/wp-json\/wp\/v2\/pages\/8644","targetHints":{"allow":["GET"]}}],"collection":[{"href":"https:\/\/www.secretjardin.com\/it\/wp-json\/wp\/v2\/pages"}],"about":[{"href":"https:\/\/www.secretjardin.com\/it\/wp-json\/wp\/v2\/types\/page"}],"author":[{"embeddable":true,"href":"https:\/\/www.secretjardin.com\/it\/wp-json\/wp\/v2\/users\/2"}],"replies":[{"embeddable":true,"href":"https:\/\/www.secretjardin.com\/it\/wp-json\/wp\/v2\/comments?post=8644"}],"version-history":[{"count":0,"href":"https:\/\/www.secretjardin.com\/it\/wp-json\/wp\/v2\/pages\/8644\/revisions"}],"wp:attachment":[{"href":"https:\/\/www.secretjardin.com\/it\/wp-json\/wp\/v2\/media?parent=8644"}],"curies":[{"name":"wp","href":"https:\/\/api.w.org\/{rel}","templated":true}]}}