{"id":33388,"date":"2022-08-16T09:21:35","date_gmt":"2022-08-16T09:21:35","guid":{"rendered":"https:\/\/www.secretjardin.com\/eclairage\/"},"modified":"2023-03-16T15:02:58","modified_gmt":"2023-03-16T15:02:58","slug":"illuminazione","status":"publish","type":"page","link":"https:\/\/www.secretjardin.com\/it\/illuminazione\/","title":{"rendered":"ILLUMINAZIONE"},"content":{"rendered":"[vc_row][vc_column][vc_column_text]\n<h3 class=\"vcex-module vcex-heading wpex-text-1x1 wpex-font-normal wpex-m-auto wpex-max-w-50 vcex-heading-plain wpex-block\" style=\"color: #ffde00; font-weight: 600;\">PRODOTTI DI ILLUMINAZIONE SECRET JARDIN<\/h3>\n<p>Secret Jardin offre tre tecnologie di illuminazione.<\/p>\n<p><strong>COSMORROW\u00a0:<\/strong> la gamma Cosmorrow \u00e8 composta da lampadine LED a 24 V e alimentatori separati. Questa tecnologia brevettata permette alla lampadina LED Cosmorrow di essere compatta, indistruttibile, impermeabile, durevole e sicura. Il LED Cosmorrow \u00e8 disponibile in quattro categorie :<\/p>\n<ul>\n<li>I <a href=\"https:\/\/www.secretjardin.com\/it\/intensive-blooming\/\"><span style=\"color: #000000;\"><strong><u>Cosmorrow Kit Full Spectrum<\/u><\/strong><\/span><\/a> simulano il sole estivo: particolarmente adatti per la fioritura e la fruttificazione.<\/li>\n<li><a href=\"https:\/\/www.secretjardin.com\/it\/intermediate-growing\/\"><strong><u><span style=\"color: #000000;\">Kit TNoled Grow Spectrum<\/span><\/u><\/strong><\/a>, simula il sole primaverile: ideale per la crescita delle vostre piante.<\/li>\n<li>I <a href=\"https:\/\/www.secretjardin.com\/it\/cosmorrow-boosters-ir-uv\/\"><strong><u><span style=\"color: #000000;\">Cosmorrow IR e UV<\/span><\/u><\/strong><\/a> per l&#8217;illuminazione supplementare, segnaletica e curativa.<\/li>\n<li><span style=\"color: #000000;\"><a style=\"color: #000000;\" href=\"https:\/\/www.secretjardin.com\/it\/bulbs-power-supplies\/\"><strong>Lampadine e alimentatori<\/strong><\/a><\/span> venduti singolarmente.<\/li>\n<\/ul>\n<p><img decoding=\"async\" class=\"wp-image-28243 alignleft\" src=\"https:\/\/www.secretjardin.com\/wp-content\/uploads\/2022\/04\/PATENT-300x300.png\" alt=\"Cosmorrow Patent Pended\" width=\"150\" height=\"150\" srcset=\"https:\/\/www.secretjardin.com\/wp-content\/uploads\/2022\/04\/PATENT-300x300.png 300w, https:\/\/www.secretjardin.com\/wp-content\/uploads\/2022\/04\/PATENT-768x768.png 768w, https:\/\/www.secretjardin.com\/wp-content\/uploads\/2022\/04\/PATENT-600x600.png 600w, https:\/\/www.secretjardin.com\/wp-content\/uploads\/2022\/04\/PATENT-100x100.png 100w, https:\/\/www.secretjardin.com\/wp-content\/uploads\/2022\/04\/PATENT.png 1000w\" sizes=\"(max-width: 150px) 100vw, 150px\" \/><img decoding=\"async\" class=\"wp-image-28207 alignleft\" src=\"https:\/\/www.secretjardin.com\/wp-content\/uploads\/2022\/04\/COM100K-300x300.png\" alt=\"Cosmorrow 100K - Kit 100W\" width=\"150\" height=\"150\" srcset=\"https:\/\/www.secretjardin.com\/wp-content\/uploads\/2022\/04\/COM100K-300x300.png 300w, https:\/\/www.secretjardin.com\/wp-content\/uploads\/2022\/04\/COM100K-768x768.png 768w, https:\/\/www.secretjardin.com\/wp-content\/uploads\/2022\/04\/COM100K-600x600.png 600w, https:\/\/www.secretjardin.com\/wp-content\/uploads\/2022\/04\/COM100K-100x100.png 100w, https:\/\/www.secretjardin.com\/wp-content\/uploads\/2022\/04\/COM100K.png 1000w\" sizes=\"(max-width: 150px) 100vw, 150px\" \/><\/p>\n<p><img decoding=\"async\" class=\"alignnone wp-image-42565\" src=\"https:\/\/www.secretjardin.com\/wp-content\/uploads\/2023\/03\/TNO40GR-300x300.png\" alt=\"Secret Jardin TNO40GR\" width=\"150\" height=\"150\" srcset=\"https:\/\/www.secretjardin.com\/wp-content\/uploads\/2023\/03\/TNO40GR-300x300.png 300w, https:\/\/www.secretjardin.com\/wp-content\/uploads\/2023\/03\/TNO40GR-768x768.png 768w, https:\/\/www.secretjardin.com\/wp-content\/uploads\/2023\/03\/TNO40GR-600x600.png 600w, https:\/\/www.secretjardin.com\/wp-content\/uploads\/2023\/03\/TNO40GR-100x100.png 100w, https:\/\/www.secretjardin.com\/wp-content\/uploads\/2023\/03\/TNO40GR.png 1000w\" sizes=\"(max-width: 150px) 100vw, 150px\" \/><\/p>\n<p>&nbsp;<\/p>\n<p><strong><img decoding=\"async\" class=\"wp-image-4398 alignleft\" src=\"https:\/\/www.secretjardin.com\/wp-content\/uploads\/2019\/10\/TLED26-GROW-300x300.png\" alt=\"Secret Jardin TLED2665\" width=\"100\" height=\"100\" \/>TLED<\/strong> :\u00a0<a href=\"https:\/\/www.secretjardin.com\/it\/tled-bars\/\"><strong><span style=\"color: #000000;\">barra LED<\/span><\/strong><\/a> per piccoli spazi, il TLED \u00e8 collegato direttamente alla rete elettrica. \u00c8 disponibile in due potenze, 26 e 42 watt, e in due colori, primavera ed estate. Pu\u00f2 essere agganciato\/fissato verticalmente e orizzontalmente a qualsiasi struttura tubolare da \u230016 a \u230025 mm &#8211; da \u23000,63&#8243; a \u23001,00&#8243;. Si tratta di un prodotto all-in-one, compatto e resistente, che potrete conservare a lungo.<\/p>\n<p>&nbsp;<\/p>\n<p><strong><img decoding=\"async\" class=\"wp-image-4250 alignleft\" src=\"https:\/\/www.secretjardin.com\/wp-content\/uploads\/2019\/10\/DY80-SIDE-DOWN-300x300.png\" alt=\"Secret Jardin DY80\" width=\"100\" height=\"100\" \/>DAISY<\/strong> :\u00a0<a href=\"https:\/\/www.secretjardin.com\/it\/daisy-reflectors\/\"><strong><span style=\"color: #000000;\">riflettore verticale per lampade HPS, MH, CFL e LED<\/span><\/strong><\/a>, Daisy fornisce fino al 40% di fotoni in pi\u00f9 rispetto ai riflettori convenzionali e, soprattutto, una migliore distribuzione della luce. Include un taglio termico per la sicurezza ed \u00e8 disponibile in quattro dimensioni per adattarsi a qualsiasi spazio.<\/p>\n<h3><\/h3>\n<h3><\/h3>\n<h3 class=\"vcex-module vcex-heading wpex-text-1x1 wpex-font-normal wpex-m-auto wpex-max-w-50 vcex-heading-plain wpex-block\" style=\"color: #ffde00; font-weight: 600;\">I COLORI OFFERTI<\/h3>\n<p><strong>\u00a0<\/strong>Per la fotosintesi, le nostre luci sono disponibili in due colori principali<\/p>\n<p><img decoding=\"async\" class=\"alignleft wp-image-27231\" src=\"https:\/\/www.secretjardin.com\/wp-content\/uploads\/2021\/11\/COP2065-SPECTRE-300x300.png\" alt=\"Grow Spectrum\" width=\"100\" height=\"100\" srcset=\"https:\/\/www.secretjardin.com\/wp-content\/uploads\/2021\/11\/COP2065-SPECTRE-300x300.png 300w, https:\/\/www.secretjardin.com\/wp-content\/uploads\/2021\/11\/COP2065-SPECTRE-768x768.png 768w, https:\/\/www.secretjardin.com\/wp-content\/uploads\/2021\/11\/COP2065-SPECTRE-600x600.png 600w, https:\/\/www.secretjardin.com\/wp-content\/uploads\/2021\/11\/COP2065-SPECTRE-100x100.png 100w, https:\/\/www.secretjardin.com\/wp-content\/uploads\/2021\/11\/COP2065-SPECTRE.png 897w\" sizes=\"(max-width: 100px) 100vw, 100px\" \/><\/p>\n<p><strong>SPETTRO DI CRESCITA o 6500\u00b0K<\/strong> : corrisponde al sole primaverile con pi\u00f9 blu che rosso. \u00c8 particolarmente dedicato alla crescita delle foglie.<\/p>\n<p>&nbsp;<\/p>\n<p><strong><img decoding=\"async\" class=\"alignleft wp-image-27204\" src=\"https:\/\/www.secretjardin.com\/wp-content\/uploads\/2021\/11\/COP20BL-SPECTRE-300x300.png\" alt=\"Bloom Spectrum\" width=\"100\" height=\"100\" srcset=\"https:\/\/www.secretjardin.com\/wp-content\/uploads\/2021\/11\/COP20BL-SPECTRE-300x300.png 300w, https:\/\/www.secretjardin.com\/wp-content\/uploads\/2021\/11\/COP20BL-SPECTRE-768x768.png 768w, https:\/\/www.secretjardin.com\/wp-content\/uploads\/2021\/11\/COP20BL-SPECTRE-600x600.png 600w, https:\/\/www.secretjardin.com\/wp-content\/uploads\/2021\/11\/COP20BL-SPECTRE-100x100.png 100w, https:\/\/www.secretjardin.com\/wp-content\/uploads\/2021\/11\/COP20BL-SPECTRE.png 897w\" sizes=\"(max-width: 100px) 100vw, 100px\" \/>SPECTRUM PIENO o BLOOM<\/strong> : corrisponde al sole estivo, con pi\u00f9 rosso che blu. \u00c8 particolarmente dedicato alla fioritura e alla fruttificazione delle piante, ma sar\u00e0 adatto anche alla crescita grazie alla sua parte blu che rimane importante.<\/p>\n<p>&nbsp;<\/p>\n<p>Ad alcune luci si aggiungono colori non visibili, che non agiscono sulla fotosintesi, ma hanno comunque la loro utilit\u00e0 :<\/p>\n<p><img decoding=\"async\" class=\"alignleft wp-image-8429\" src=\"https:\/\/www.secretjardin.com\/wp-content\/uploads\/2020\/03\/COL20UV-SPECTRE-e1660727458390-300x300.png\" alt=\"UV SPECTRUM\" width=\"100\" height=\"100\" srcset=\"https:\/\/www.secretjardin.com\/wp-content\/uploads\/2020\/03\/COL20UV-SPECTRE-e1660727458390-300x300.png 300w, https:\/\/www.secretjardin.com\/wp-content\/uploads\/2020\/03\/COL20UV-SPECTRE-e1660727458390-100x100.png 100w, https:\/\/www.secretjardin.com\/wp-content\/uploads\/2020\/03\/COL20UV-SPECTRE-e1660727458390-600x600.png 600w, https:\/\/www.secretjardin.com\/wp-content\/uploads\/2020\/03\/COL20UV-SPECTRE-e1660727458390-768x768.png 768w, https:\/\/www.secretjardin.com\/wp-content\/uploads\/2020\/03\/COL20UV-SPECTRE-e1660727458390-125x125.png 125w, https:\/\/www.secretjardin.com\/wp-content\/uploads\/2020\/03\/COL20UV-SPECTRE-e1660727458390.png 1000w\" sizes=\"(max-width: 100px) 100vw, 100px\" \/><\/p>\n<p><strong>ULTRA-LUCE (UV) RAVVICINATA<\/strong> : rafforza il sistema immunitario, combatte le muffe e accorcia gli internodi (piante pi\u00f9 tozze).<\/p>\n<p>&nbsp;<\/p>\n<p>&nbsp;<\/p>\n<p><img decoding=\"async\" class=\"alignleft wp-image-8411\" src=\"https:\/\/www.secretjardin.com\/wp-content\/uploads\/2020\/03\/COL20IR-SPECTRE-e1660727643735-300x300.png\" alt=\"IR SPECTRUM\" width=\"100\" height=\"100\" srcset=\"https:\/\/www.secretjardin.com\/wp-content\/uploads\/2020\/03\/COL20IR-SPECTRE-e1660727643735-300x300.png 300w, https:\/\/www.secretjardin.com\/wp-content\/uploads\/2020\/03\/COL20IR-SPECTRE-e1660727643735-100x100.png 100w, https:\/\/www.secretjardin.com\/wp-content\/uploads\/2020\/03\/COL20IR-SPECTRE-e1660727643735-600x600.png 600w, https:\/\/www.secretjardin.com\/wp-content\/uploads\/2020\/03\/COL20IR-SPECTRE-e1660727643735.png 1024w, https:\/\/www.secretjardin.com\/wp-content\/uploads\/2020\/03\/COL20IR-SPECTRE-e1660727643735-768x768.png 768w, https:\/\/www.secretjardin.com\/wp-content\/uploads\/2020\/03\/COL20IR-SPECTRE-e1660727643735-125x125.png 125w\" sizes=\"(max-width: 100px) 100vw, 100px\" \/><\/p>\n<p><strong>NEAR INFRA RED (IR)<\/strong> : attiva la fioritura e la fruttificazione, riscalda le piante e allunga gli internodi (piante pi\u00f9 alte).<\/p>\n<p>&nbsp;<\/p>\n<p>&nbsp;<\/p>\n<h3 class=\"vcex-module vcex-heading wpex-text-1x1 wpex-font-normal wpex-m-auto wpex-max-w-50 vcex-heading-plain wpex-block\" style=\"color: #ffde00; font-weight: 600;\">LIVELLI DI ILLUMINAZIONE<\/h3>\n<p>Per valutare la &#8220;potenza di una luce in un sistema di coltivazione&#8221;, misuriamo il numero di fotoni nella gamma visibile (fotoni che contribuiscono alla fotosintesi), ricevuti per m2 e per secondo, sulla superficie di coltivazione. Si ottiene cos\u00ec un grafico delle dimensioni dell&#8217;area coltivata, sul quale si possono leggere i livelli di PPFD (Photosynthetic Photon Flux Density) misurati ogni 15 cm. Per rimanere neutrali, utilizziamo uno sfondo trasparente per queste misurazioni.<\/p>\n<p>In natura, a 45\u00b0 di latitudine, la PPFD media durante il giorno \u00e8 :<\/p>\n<ul>\n<li>Inverno : 170 \u03bcmol\/s\/m<sup>2<\/sup><\/li>\n<li>Molla : 400 \u03bcmol\/s\/m<sup>2<\/sup><\/li>\n<li>Estate : 750 \u03bcmol\/s\/m<sup>2<\/sup><\/li>\n<\/ul>\n<p>Utilizziamo quindi tre tipi di colore per differenziare i livelli di luce :<\/p>\n<ul>\n<li><span style=\"color: #000080;\"><strong>Livello I<\/strong><\/span> : 0-300 \u03bcmol\/s\/m<sup>2 <\/sup>: Propagazione, fase vegetativa, crescita iniziale<\/li>\n<li><span style=\"color: #008000;\"><strong>Livello II<\/strong><\/span> : 300-600 \u03bcmol\/s\/m<sup>2 <\/sup>: Crescita<\/li>\n<li><span style=\"color: #993366;\"><strong>Livello III<\/strong><\/span> : Oltre de 600 \u03bcmol\/s\/m<sup>2\u00a0<\/sup>: Crescita intensiva<\/li>\n<\/ul>\n<p><a href=\"https:\/\/www.secretjardin.com\/wp-content\/uploads\/2021\/04\/SCALE-LEVEL-02.png\"><img decoding=\"async\" class=\"alignnone size-full wp-image-14820\" src=\"https:\/\/www.secretjardin.com\/wp-content\/uploads\/2021\/04\/SCALE-LEVEL-02.png\" alt=\"\" width=\"2097\" height=\"160\" srcset=\"https:\/\/www.secretjardin.com\/wp-content\/uploads\/2021\/04\/SCALE-LEVEL-02.png 2097w, https:\/\/www.secretjardin.com\/wp-content\/uploads\/2021\/04\/SCALE-LEVEL-02-300x23.png 300w, https:\/\/www.secretjardin.com\/wp-content\/uploads\/2021\/04\/SCALE-LEVEL-02-1024x78.png 1024w, https:\/\/www.secretjardin.com\/wp-content\/uploads\/2021\/04\/SCALE-LEVEL-02-768x59.png 768w, https:\/\/www.secretjardin.com\/wp-content\/uploads\/2021\/04\/SCALE-LEVEL-02-1536x117.png 1536w, https:\/\/www.secretjardin.com\/wp-content\/uploads\/2021\/04\/SCALE-LEVEL-02-2048x156.png 2048w, https:\/\/www.secretjardin.com\/wp-content\/uploads\/2021\/04\/SCALE-LEVEL-02-600x46.png 600w\" sizes=\"(max-width: 2097px) 100vw, 2097px\" \/><\/a><\/p>\n<h3 class=\"vcex-module vcex-heading wpex-text-1x1 wpex-font-normal wpex-m-auto wpex-max-w-50 vcex-heading-plain wpex-block\"><span style=\"color: #ffcc00;\">LE PRESTAZIONI DELL&#8217;ILLUMINAZIONE<\/span><\/h3>\n<p>Una volta individuati il colore e il livello giusti, \u00e8 necessario controllare il consumo. Questo si ottiene misurando in laboratorio il numero totale di fotoni visibili che la vostra luce emetter\u00e0 ogni secondo (PPF, Photosynthetic Photon Flux) e dividendolo per il numero di watt che la vostra luce consumer\u00e0, in watt. Si ottiene cos\u00ec la PPE (Photosynthetic Photon Efficacy), in \u03bcmol\/s\/w o \u03bcmol\/joule.<\/p>\n<p>Per aiutarvi a comprenderlo, ecco alcuni valori tipici dei DPI :<\/p>\n<ul>\n<li>Lampade fluorescenti : CFL, TCL, T8, T5 : Fino a 1 \u03bcmol\/d<\/li>\n<li>Lampade a scarica: HPS, MH, CMH : fino a 2 \u03bcmol\/d<\/li>\n<li>Diodi ad emissione luminosa : LED : fino a 3 \u03bcmol\/d<\/li>\n<\/ul>\n<p>Ad esempio, la nostra Cosmorrow COP40FS, con un EPP di 2,85 \u03bcmol\/d, consumer\u00e0 un terzo in meno di una lampada a scarica (HPS, MH, CMH&#8230;) e due terzi in meno di una lampada Compact Fluo (CFL, TCL, T5, T8&#8230;) a parit\u00e0 di fotoni emessi.[\/vc_column_text][\/vc_column][\/vc_row]\n<p><a href=\"https:\/\/www.secretjardin.com\/it\/\">&lt; Torna alla pagina principale<\/a><\/p>\n","protected":false},"excerpt":{"rendered":"<p>[vc_row][vc_column][vc_column_text] PRODOTTI DI ILLUMINAZIONE SECRET JARDIN Secret Jardin offre tre tecnologie di illuminazione. COSMORROW\u00a0: la gamma Cosmorrow \u00e8 composta da lampadine LED a 24 V e alimentatori separati. Questa tecnologia brevettata permette alla lampadina LED Cosmorrow di essere compatta, indistruttibile,&hellip;<\/p>\n","protected":false},"author":6,"featured_media":0,"parent":0,"menu_order":0,"comment_status":"closed","ping_status":"closed","template":"templates\/no-sidebar.php","meta":{"_acf_changed":false,"footnotes":""},"class_list":["post-33388","page","type-page","status-publish","hentry","entry","no-media"],"acf":[],"yoast_head":"<!-- This site is optimized with the Yoast SEO plugin v26.7 - https:\/\/yoast.com\/wordpress\/plugins\/seo\/ -->\n<title>ILLUMINAZIONE - Secret Jardin<\/title>\n<meta name=\"description\" content=\"Secret Jardin offre tecnologie di illuminazione : Cosmorrow kits Full Spectrum, TNOLED kits Grow Spectrum, TLED bars, Daisy...\" \/>\n<meta name=\"robots\" content=\"index, follow, max-snippet:-1, max-image-preview:large, max-video-preview:-1\" \/>\n<link rel=\"canonical\" href=\"https:\/\/www.secretjardin.com\/it\/illuminazione\/\" \/>\n<meta property=\"og:locale\" content=\"it_IT\" \/>\n<meta property=\"og:type\" content=\"article\" \/>\n<meta property=\"og:title\" content=\"ILLUMINAZIONE - Secret Jardin\" \/>\n<meta property=\"og:description\" content=\"Secret Jardin offre tecnologie di illuminazione : Cosmorrow kits Full Spectrum, TNOLED kits Grow Spectrum, TLED bars, Daisy...\" \/>\n<meta property=\"og:url\" content=\"https:\/\/www.secretjardin.com\/it\/illuminazione\/\" \/>\n<meta property=\"og:site_name\" content=\"Secret Jardin\" \/>\n<meta property=\"article:publisher\" content=\"https:\/\/www.facebook.com\/SecretJardin\/\" \/>\n<meta property=\"article:modified_time\" content=\"2023-03-16T15:02:58+00:00\" \/>\n<meta property=\"og:image\" content=\"https:\/\/www.secretjardin.com\/wp-content\/uploads\/2022\/04\/PATENT-300x300.png\" \/>\n<meta name=\"twitter:card\" content=\"summary_large_image\" \/>\n<meta name=\"twitter:label1\" content=\"Tempo di lettura stimato\" \/>\n\t<meta name=\"twitter:data1\" content=\"6 minuti\" \/>\n<script type=\"application\/ld+json\" class=\"yoast-schema-graph\">{\"@context\":\"https:\/\/schema.org\",\"@graph\":[{\"@type\":\"WebPage\",\"@id\":\"https:\/\/www.secretjardin.com\/it\/illuminazione\/\",\"url\":\"https:\/\/www.secretjardin.com\/it\/illuminazione\/\",\"name\":\"ILLUMINAZIONE - Secret Jardin\",\"isPartOf\":{\"@id\":\"https:\/\/www.secretjardin.com\/it\/#website\"},\"primaryImageOfPage\":{\"@id\":\"https:\/\/www.secretjardin.com\/it\/illuminazione\/#primaryimage\"},\"image\":{\"@id\":\"https:\/\/www.secretjardin.com\/it\/illuminazione\/#primaryimage\"},\"thumbnailUrl\":\"https:\/\/www.secretjardin.com\/wp-content\/uploads\/2022\/04\/PATENT-300x300.png\",\"datePublished\":\"2022-08-16T09:21:35+00:00\",\"dateModified\":\"2023-03-16T15:02:58+00:00\",\"description\":\"Secret Jardin offre tecnologie di illuminazione : Cosmorrow kits Full Spectrum, TNOLED kits Grow Spectrum, TLED bars, Daisy...\",\"breadcrumb\":{\"@id\":\"https:\/\/www.secretjardin.com\/it\/illuminazione\/#breadcrumb\"},\"inLanguage\":\"it-IT\",\"potentialAction\":[{\"@type\":\"ReadAction\",\"target\":[\"https:\/\/www.secretjardin.com\/it\/illuminazione\/\"]}]},{\"@type\":\"ImageObject\",\"inLanguage\":\"it-IT\",\"@id\":\"https:\/\/www.secretjardin.com\/it\/illuminazione\/#primaryimage\",\"url\":\"https:\/\/www.secretjardin.com\/wp-content\/uploads\/2022\/04\/PATENT-300x300.png\",\"contentUrl\":\"https:\/\/www.secretjardin.com\/wp-content\/uploads\/2022\/04\/PATENT-300x300.png\"},{\"@type\":\"BreadcrumbList\",\"@id\":\"https:\/\/www.secretjardin.com\/it\/illuminazione\/#breadcrumb\",\"itemListElement\":[{\"@type\":\"ListItem\",\"position\":1,\"name\":\"Home\",\"item\":\"https:\/\/www.secretjardin.com\/it\/\"},{\"@type\":\"ListItem\",\"position\":2,\"name\":\"ILLUMINAZIONE\"}]},{\"@type\":\"WebSite\",\"@id\":\"https:\/\/www.secretjardin.com\/it\/#website\",\"url\":\"https:\/\/www.secretjardin.com\/it\/\",\"name\":\"Secret Jardin\",\"description\":\"\",\"publisher\":{\"@id\":\"https:\/\/www.secretjardin.com\/it\/#organization\"},\"potentialAction\":[{\"@type\":\"SearchAction\",\"target\":{\"@type\":\"EntryPoint\",\"urlTemplate\":\"https:\/\/www.secretjardin.com\/it\/?s={search_term_string}\"},\"query-input\":{\"@type\":\"PropertyValueSpecification\",\"valueRequired\":true,\"valueName\":\"search_term_string\"}}],\"inLanguage\":\"it-IT\"},{\"@type\":\"Organization\",\"@id\":\"https:\/\/www.secretjardin.com\/it\/#organization\",\"name\":\"Secret Jardin\",\"url\":\"https:\/\/www.secretjardin.com\/it\/\",\"logo\":{\"@type\":\"ImageObject\",\"inLanguage\":\"it-IT\",\"@id\":\"https:\/\/www.secretjardin.com\/it\/#\/schema\/logo\/image\/\",\"url\":\"https:\/\/www.secretjardin.com\/wp-content\/uploads\/2019\/05\/header_logo.png\",\"contentUrl\":\"https:\/\/www.secretjardin.com\/wp-content\/uploads\/2019\/05\/header_logo.png\",\"width\":481,\"height\":198,\"caption\":\"Secret Jardin\"},\"image\":{\"@id\":\"https:\/\/www.secretjardin.com\/it\/#\/schema\/logo\/image\/\"},\"sameAs\":[\"https:\/\/www.facebook.com\/SecretJardin\/\",\"https:\/\/www.instagram.com\/secretjardin_\/?hl=fr\",\"https:\/\/www.linkedin.com\/company\/secret-jardin\/about\/\"]}]}<\/script>\n<!-- \/ Yoast SEO plugin. -->","yoast_head_json":{"title":"ILLUMINAZIONE - Secret Jardin","description":"Secret Jardin offre tecnologie di illuminazione : Cosmorrow kits Full Spectrum, TNOLED kits Grow Spectrum, TLED bars, Daisy...","robots":{"index":"index","follow":"follow","max-snippet":"max-snippet:-1","max-image-preview":"max-image-preview:large","max-video-preview":"max-video-preview:-1"},"canonical":"https:\/\/www.secretjardin.com\/it\/illuminazione\/","og_locale":"it_IT","og_type":"article","og_title":"ILLUMINAZIONE - Secret Jardin","og_description":"Secret Jardin offre tecnologie di illuminazione : Cosmorrow kits Full Spectrum, TNOLED kits Grow Spectrum, TLED bars, Daisy...","og_url":"https:\/\/www.secretjardin.com\/it\/illuminazione\/","og_site_name":"Secret Jardin","article_publisher":"https:\/\/www.facebook.com\/SecretJardin\/","article_modified_time":"2023-03-16T15:02:58+00:00","og_image":[{"url":"https:\/\/www.secretjardin.com\/wp-content\/uploads\/2022\/04\/PATENT-300x300.png","type":"","width":"","height":""}],"twitter_card":"summary_large_image","twitter_misc":{"Tempo di lettura stimato":"6 minuti"},"schema":{"@context":"https:\/\/schema.org","@graph":[{"@type":"WebPage","@id":"https:\/\/www.secretjardin.com\/it\/illuminazione\/","url":"https:\/\/www.secretjardin.com\/it\/illuminazione\/","name":"ILLUMINAZIONE - Secret Jardin","isPartOf":{"@id":"https:\/\/www.secretjardin.com\/it\/#website"},"primaryImageOfPage":{"@id":"https:\/\/www.secretjardin.com\/it\/illuminazione\/#primaryimage"},"image":{"@id":"https:\/\/www.secretjardin.com\/it\/illuminazione\/#primaryimage"},"thumbnailUrl":"https:\/\/www.secretjardin.com\/wp-content\/uploads\/2022\/04\/PATENT-300x300.png","datePublished":"2022-08-16T09:21:35+00:00","dateModified":"2023-03-16T15:02:58+00:00","description":"Secret Jardin offre tecnologie di illuminazione : Cosmorrow kits Full Spectrum, TNOLED kits Grow Spectrum, TLED bars, Daisy...","breadcrumb":{"@id":"https:\/\/www.secretjardin.com\/it\/illuminazione\/#breadcrumb"},"inLanguage":"it-IT","potentialAction":[{"@type":"ReadAction","target":["https:\/\/www.secretjardin.com\/it\/illuminazione\/"]}]},{"@type":"ImageObject","inLanguage":"it-IT","@id":"https:\/\/www.secretjardin.com\/it\/illuminazione\/#primaryimage","url":"https:\/\/www.secretjardin.com\/wp-content\/uploads\/2022\/04\/PATENT-300x300.png","contentUrl":"https:\/\/www.secretjardin.com\/wp-content\/uploads\/2022\/04\/PATENT-300x300.png"},{"@type":"BreadcrumbList","@id":"https:\/\/www.secretjardin.com\/it\/illuminazione\/#breadcrumb","itemListElement":[{"@type":"ListItem","position":1,"name":"Home","item":"https:\/\/www.secretjardin.com\/it\/"},{"@type":"ListItem","position":2,"name":"ILLUMINAZIONE"}]},{"@type":"WebSite","@id":"https:\/\/www.secretjardin.com\/it\/#website","url":"https:\/\/www.secretjardin.com\/it\/","name":"Secret Jardin","description":"","publisher":{"@id":"https:\/\/www.secretjardin.com\/it\/#organization"},"potentialAction":[{"@type":"SearchAction","target":{"@type":"EntryPoint","urlTemplate":"https:\/\/www.secretjardin.com\/it\/?s={search_term_string}"},"query-input":{"@type":"PropertyValueSpecification","valueRequired":true,"valueName":"search_term_string"}}],"inLanguage":"it-IT"},{"@type":"Organization","@id":"https:\/\/www.secretjardin.com\/it\/#organization","name":"Secret Jardin","url":"https:\/\/www.secretjardin.com\/it\/","logo":{"@type":"ImageObject","inLanguage":"it-IT","@id":"https:\/\/www.secretjardin.com\/it\/#\/schema\/logo\/image\/","url":"https:\/\/www.secretjardin.com\/wp-content\/uploads\/2019\/05\/header_logo.png","contentUrl":"https:\/\/www.secretjardin.com\/wp-content\/uploads\/2019\/05\/header_logo.png","width":481,"height":198,"caption":"Secret Jardin"},"image":{"@id":"https:\/\/www.secretjardin.com\/it\/#\/schema\/logo\/image\/"},"sameAs":["https:\/\/www.facebook.com\/SecretJardin\/","https:\/\/www.instagram.com\/secretjardin_\/?hl=fr","https:\/\/www.linkedin.com\/company\/secret-jardin\/about\/"]}]}},"_links":{"self":[{"href":"https:\/\/www.secretjardin.com\/it\/wp-json\/wp\/v2\/pages\/33388","targetHints":{"allow":["GET"]}}],"collection":[{"href":"https:\/\/www.secretjardin.com\/it\/wp-json\/wp\/v2\/pages"}],"about":[{"href":"https:\/\/www.secretjardin.com\/it\/wp-json\/wp\/v2\/types\/page"}],"author":[{"embeddable":true,"href":"https:\/\/www.secretjardin.com\/it\/wp-json\/wp\/v2\/users\/6"}],"replies":[{"embeddable":true,"href":"https:\/\/www.secretjardin.com\/it\/wp-json\/wp\/v2\/comments?post=33388"}],"version-history":[{"count":12,"href":"https:\/\/www.secretjardin.com\/it\/wp-json\/wp\/v2\/pages\/33388\/revisions"}],"predecessor-version":[{"id":42702,"href":"https:\/\/www.secretjardin.com\/it\/wp-json\/wp\/v2\/pages\/33388\/revisions\/42702"}],"wp:attachment":[{"href":"https:\/\/www.secretjardin.com\/it\/wp-json\/wp\/v2\/media?parent=33388"}],"curies":[{"name":"wp","href":"https:\/\/api.w.org\/{rel}","templated":true}]}}