{"id":30103,"date":"2022-04-29T14:17:41","date_gmt":"2022-04-29T14:17:41","guid":{"rendered":"https:\/\/www.secretjardin.com\/ventilation\/"},"modified":"2022-09-21T11:23:44","modified_gmt":"2022-09-21T11:23:44","slug":"ventilation","status":"publish","type":"page","link":"https:\/\/www.secretjardin.com\/it\/ventilation\/","title":{"rendered":"VENTILAZIONE"},"content":{"rendered":"[vc_row][vc_column][vc_column_text]\n<h3 class=\"vcex-module vcex-heading wpex-text-1xl wpex-font-normal wpex-m-auto wpex-max-w-100 vcex-heading-plain wpex-block\" style=\"color: #00a1df; font-weight: 600;\">COME SI FA A CREARE UNA BUONA VENTILAZIONE NELLA GROWBOX ?<\/h3>\n<p>Per creare una ventilazione uniforme nella box, gli ingressi e le uscite devono essere diametralmente opposti, cos\u00ec da assicurare il corretto ricircolo dell\u2019aria (vedere fig 1-2-3). Nelle growbox pi\u00f9 grandi e lunghe \u00e8 possibile utilizzare due estrattori e due introduttori.<\/p>\n<p><a href=\"https:\/\/www.secretjardin.com\/wp-content\/uploads\/2021\/04\/FIG-1-2-3-1.png\"><img loading=\"lazy\" decoding=\"async\" class=\"aligncenter wp-image-15715\" src=\"https:\/\/www.secretjardin.com\/wp-content\/uploads\/2021\/04\/FIG-1-2-3-1.png\" alt=\"\" width=\"700\" height=\"308\" srcset=\"https:\/\/www.secretjardin.com\/wp-content\/uploads\/2021\/04\/FIG-1-2-3-1.png 990w, https:\/\/www.secretjardin.com\/wp-content\/uploads\/2021\/04\/FIG-1-2-3-1-300x132.png 300w, https:\/\/www.secretjardin.com\/wp-content\/uploads\/2021\/04\/FIG-1-2-3-1-768x337.png 768w, https:\/\/www.secretjardin.com\/wp-content\/uploads\/2021\/04\/FIG-1-2-3-1-600x264.png 600w\" sizes=\"auto, (max-width: 700px) 100vw, 700px\" \/><\/a><\/p>\n<h3 class=\"vcex-module vcex-heading wpex-text-1xl wpex-font-normal wpex-m-auto wpex-max-w-100 vcex-heading-plain wpex-block\" style=\"color: #00a1df; font-weight: 600;\">QUALI SONO LE PORTATE DEGLI ESTRATTORI E DEI FILTRI ?<\/h3>\n<p>Le capacit\u00e0, in m3\/h, indicate sugli estrattori vengono calcolate senza filtro e senza vincoli esterni (in pratica all\u2019aria aperta). Si deve utilizzare un filtro con capacit\u00e0 per lo meno uguale a quella dell\u2019estrattore. Un filtro diminuisce del 30% il flusso di un estrattore, e fino al 50% una volta usato. Un\u2019immissione passiva del tipo \u00ab DUCTING FLANGE &#8211; LIGHT BAFFLE \u00bb, in<br \/>\nuna growbox Secret Jardin, diminuir\u00e0 il flusso del 40%. Un esempio con una growbox DS120 120cmx120cm : 350m<sup>3<\/sup>\/h senza filtro, 275m<sup>3<\/sup>\/h con filtro e 160m<sup>3<\/sup>\/h nella growbox con filtro e deflettore di luce. L\u2019aria verr\u00e0 cambiata ogni minuto o due, a seconda dello stato del filtro (160m<sup>3<\/sup>\/h \/ 60 min \/ 2.9m<sup>3<\/sup> = 0.9 volte al minuto).<\/p>\n<h3 class=\"vcex-module vcex-heading wpex-text-1xl wpex-font-normal wpex-m-auto wpex-max-w-100 vcex-heading-plain wpex-block\" style=\"color: #00a1df; font-weight: 600;\">QUALE FREQUENZA DI ESTRAZIONE SCEGLIERE ?<\/h3>\n<p>Offriamo tre livelli di ventilazione : <em>\u00ab Ogni quanto serve il ricambio dell\u2019aria? \u00bb<\/em><br \/>\n\u2022 <strong>Da 1 a 2 min<\/strong> : Crescita e crescita intensiva, con problemi di temperatura (temperatura esterna superiore a &gt; 25\u00b0C oppure illuminazione troppo calda, per esempio HPS aperto)<br \/>\n\u2022 <strong>Da 2 a 4 min<\/strong> : Crescita e crescita intensiva, senza problemi di temperatura<br \/>\n\u2022 <strong>Da 4 a 8 min<\/strong> : propagazione, semina, crescita leggera e fase vegetativa, senza problemi di temperatura<br \/>\nL\u2019ideale sarebbe utilizzare l\u2019aspirazione con il solo scopo di far respirare le piante. Progettiamo i nostri prodotti perch\u00e9 non dobbiate \u00ab sovraventilare \u00bb, se l\u2019aria che entra \u00e8 tra i 15\u00b0C and 25\u00b0C e se l\u2019impianto di illuminazione non \u00e8 troppo caldo (per esempio LED oppure HPS ventilati).<\/p>\n<h3 class=\"vcex-module vcex-heading wpex-text-1xl wpex-font-normal wpex-m-auto wpex-max-w-100 vcex-heading-plain wpex-block\" style=\"color: #00a1df; font-weight: 600;\">COSA SI FA QUANDO FA TROPPO CALDO ?<\/h3>\n<p>In determinate circostanze, la temperatura esterna \u00e8 troppo alta. Il grafico a fianco (Fig 4), valido per installazioni inferiori a 5m<sup>3<\/sup> , vi aiuta a prevedere in anticipo queste circostanze.<\/p>\n<p>Ecco alcune idee da sfruttare :<br \/>\n\u2022 Raffreddare l&#8217;aria in entrata o collegare un condotto a un luogo pi\u00f9 fresco.<br \/>\n\u2022 Utilizzare l\u2019illuminazione di notte, quando fa meno caldo.<br \/>\n\u2022 Rimuovere il filtro che limita il flusso, quando possibile.<br \/>\n\u2022 Sostituire il deflettore di luce con una condotta pi\u00f9 lunga per non far entrare la luce.<br \/>\n\u2022 Aggiungere un \u00ab aspiratore \u00bb che invece immette aria nella box.<br \/>\n\u2022 Inserire una o pi\u00f9 modalit\u00e0 di \u00ab immissione passiva \u00bb tramite l\u2019aggiunta di DUCTING FLANGE e LIGHT BAFFLE.<\/p>\n<p><a href=\"https:\/\/www.secretjardin.com\/wp-content\/uploads\/2021\/04\/temp-vs-air-1.png\"><img loading=\"lazy\" decoding=\"async\" class=\"aligncenter wp-image-15709\" src=\"https:\/\/www.secretjardin.com\/wp-content\/uploads\/2021\/04\/temp-vs-air-1.png\" alt=\"\" width=\"600\" height=\"351\" srcset=\"https:\/\/www.secretjardin.com\/wp-content\/uploads\/2021\/04\/temp-vs-air-1.png 990w, https:\/\/www.secretjardin.com\/wp-content\/uploads\/2021\/04\/temp-vs-air-1-300x175.png 300w, https:\/\/www.secretjardin.com\/wp-content\/uploads\/2021\/04\/temp-vs-air-1-768x449.png 768w, https:\/\/www.secretjardin.com\/wp-content\/uploads\/2021\/04\/temp-vs-air-1-600x351.png 600w\" sizes=\"auto, (max-width: 600px) 100vw, 600px\" \/><\/a><\/p>\n<h3 class=\"vcex-module vcex-heading wpex-text-1xl wpex-font-normal wpex-m-auto wpex-max-w-100 vcex-heading-plain wpex-block\" style=\"color: #00a1df; font-weight: 600;\">SPACE BOOSTER O IMMISSIONE ?<\/h3>\n<p>Perch\u00e9 la struttura esterna mantenga salda quella esterna, la growbox deve essere in depressione. Questo impedisce la dispersione degli odori se viene aggiunto un filtro. Pi\u00f9 la box \u00e8 grande, pi\u00f9 la depressione avanza sull\u2019area di coltivazione, e in alcuni casi pu\u00f2 anche far implodere la growbox. Per growbox molto grandi, si deve aggiungere un\u2019immissione che non superi il 70% dell\u2019estrazione cos\u00ec da mantenere la box in depressione. Senza Space-Booster, che \u00e8 incluso nelle growbox pre-attrezzate, si dovr\u00e0 aggiungere un\u2019immissione nelle growbox con dimensioni a partire da 120cmx120cm o anche da 100cmx100cm. Con SPACE BOOSTER, l\u2019immissione servir\u00e0 solamente nelle growbox con dimensioni da 150cmx150cm, oppure nei casi<br \/>\nin cui serve un ricambio dell\u2019aria pi\u00f9 frequente, come la propagazione.[\/vc_column_text][\/vc_column][\/vc_row][vc_row][vc_column]\n<p><html><a href=\"https:\/\/www.secretjardin.com\/it\/\"><   Torna alla pagina principale<\/a><\/html><\/p>\n","protected":false},"excerpt":{"rendered":"<p>[vc_row][vc_column][vc_column_text] COME SI FA A CREARE UNA BUONA VENTILAZIONE NELLA GROWBOX ? Per creare una ventilazione uniforme nella box, gli ingressi e le uscite devono essere diametralmente opposti, cos\u00ec da assicurare il corretto ricircolo dell\u2019aria (vedere fig 1-2-3). Nelle growbox&hellip;<\/p>\n","protected":false},"author":2,"featured_media":0,"parent":0,"menu_order":0,"comment_status":"closed","ping_status":"closed","template":"templates\/no-sidebar.php","meta":{"_acf_changed":false,"footnotes":""},"class_list":["post-30103","page","type-page","status-publish","hentry","entry","no-media"],"acf":[],"yoast_head":"<!-- This site is optimized with the Yoast SEO plugin v27.5 - https:\/\/yoast.com\/product\/yoast-seo-wordpress\/ -->\n<title>VENTILAZIONE - Secret Jardin<\/title>\n<meta name=\"robots\" content=\"index, follow, max-snippet:-1, max-image-preview:large, max-video-preview:-1\" \/>\n<link rel=\"canonical\" href=\"https:\/\/www.secretjardin.com\/it\/ventilation\/\" \/>\n<meta property=\"og:locale\" content=\"it_IT\" \/>\n<meta property=\"og:type\" content=\"article\" \/>\n<meta property=\"og:title\" content=\"VENTILAZIONE - Secret Jardin\" \/>\n<meta property=\"og:description\" content=\"[vc_row][vc_column][vc_column_text] COME SI FA A CREARE UNA BUONA VENTILAZIONE NELLA GROWBOX ? Per creare una ventilazione uniforme nella box, gli ingressi e le uscite devono essere diametralmente opposti, cos\u00ec da assicurare il corretto ricircolo dell\u2019aria (vedere fig 1-2-3). Nelle growbox&hellip;\" \/>\n<meta property=\"og:url\" content=\"https:\/\/www.secretjardin.com\/it\/ventilation\/\" \/>\n<meta property=\"og:site_name\" content=\"Secret Jardin\" \/>\n<meta property=\"article:publisher\" content=\"https:\/\/www.facebook.com\/SecretJardin\/\" \/>\n<meta property=\"article:modified_time\" content=\"2022-09-21T11:23:44+00:00\" \/>\n<meta property=\"og:image\" content=\"https:\/\/www.secretjardin.com\/wp-content\/uploads\/2021\/04\/FIG-1-2-3-1.png\" \/>\n<meta name=\"twitter:card\" content=\"summary_large_image\" \/>\n<meta name=\"twitter:label1\" content=\"Tempo di lettura stimato\" \/>\n\t<meta name=\"twitter:data1\" content=\"4 minuti\" \/>\n<script type=\"application\/ld+json\" class=\"yoast-schema-graph\">{\"@context\":\"https:\\\/\\\/schema.org\",\"@graph\":[{\"@type\":\"WebPage\",\"@id\":\"https:\\\/\\\/www.secretjardin.com\\\/it\\\/ventilation\\\/\",\"url\":\"https:\\\/\\\/www.secretjardin.com\\\/it\\\/ventilation\\\/\",\"name\":\"VENTILAZIONE - Secret Jardin\",\"isPartOf\":{\"@id\":\"https:\\\/\\\/www.secretjardin.com\\\/it\\\/#website\"},\"primaryImageOfPage\":{\"@id\":\"https:\\\/\\\/www.secretjardin.com\\\/it\\\/ventilation\\\/#primaryimage\"},\"image\":{\"@id\":\"https:\\\/\\\/www.secretjardin.com\\\/it\\\/ventilation\\\/#primaryimage\"},\"thumbnailUrl\":\"https:\\\/\\\/www.secretjardin.com\\\/wp-content\\\/uploads\\\/2021\\\/04\\\/FIG-1-2-3-1.png\",\"datePublished\":\"2022-04-29T14:17:41+00:00\",\"dateModified\":\"2022-09-21T11:23:44+00:00\",\"breadcrumb\":{\"@id\":\"https:\\\/\\\/www.secretjardin.com\\\/it\\\/ventilation\\\/#breadcrumb\"},\"inLanguage\":\"it-IT\",\"potentialAction\":[{\"@type\":\"ReadAction\",\"target\":[\"https:\\\/\\\/www.secretjardin.com\\\/it\\\/ventilation\\\/\"]}]},{\"@type\":\"ImageObject\",\"inLanguage\":\"it-IT\",\"@id\":\"https:\\\/\\\/www.secretjardin.com\\\/it\\\/ventilation\\\/#primaryimage\",\"url\":\"https:\\\/\\\/www.secretjardin.com\\\/wp-content\\\/uploads\\\/2021\\\/04\\\/FIG-1-2-3-1.png\",\"contentUrl\":\"https:\\\/\\\/www.secretjardin.com\\\/wp-content\\\/uploads\\\/2021\\\/04\\\/FIG-1-2-3-1.png\"},{\"@type\":\"BreadcrumbList\",\"@id\":\"https:\\\/\\\/www.secretjardin.com\\\/it\\\/ventilation\\\/#breadcrumb\",\"itemListElement\":[{\"@type\":\"ListItem\",\"position\":1,\"name\":\"Home\",\"item\":\"https:\\\/\\\/www.secretjardin.com\\\/it\\\/\"},{\"@type\":\"ListItem\",\"position\":2,\"name\":\"VENTILAZIONE\"}]},{\"@type\":\"WebSite\",\"@id\":\"https:\\\/\\\/www.secretjardin.com\\\/it\\\/#website\",\"url\":\"https:\\\/\\\/www.secretjardin.com\\\/it\\\/\",\"name\":\"Secret Jardin\",\"description\":\"\",\"publisher\":{\"@id\":\"https:\\\/\\\/www.secretjardin.com\\\/it\\\/#organization\"},\"potentialAction\":[{\"@type\":\"SearchAction\",\"target\":{\"@type\":\"EntryPoint\",\"urlTemplate\":\"https:\\\/\\\/www.secretjardin.com\\\/it\\\/?s={search_term_string}\"},\"query-input\":{\"@type\":\"PropertyValueSpecification\",\"valueRequired\":true,\"valueName\":\"search_term_string\"}}],\"inLanguage\":\"it-IT\"},{\"@type\":\"Organization\",\"@id\":\"https:\\\/\\\/www.secretjardin.com\\\/it\\\/#organization\",\"name\":\"Secret Jardin\",\"url\":\"https:\\\/\\\/www.secretjardin.com\\\/it\\\/\",\"logo\":{\"@type\":\"ImageObject\",\"inLanguage\":\"it-IT\",\"@id\":\"https:\\\/\\\/www.secretjardin.com\\\/it\\\/#\\\/schema\\\/logo\\\/image\\\/\",\"url\":\"https:\\\/\\\/www.secretjardin.com\\\/wp-content\\\/uploads\\\/2019\\\/05\\\/header_logo.png\",\"contentUrl\":\"https:\\\/\\\/www.secretjardin.com\\\/wp-content\\\/uploads\\\/2019\\\/05\\\/header_logo.png\",\"width\":481,\"height\":198,\"caption\":\"Secret Jardin\"},\"image\":{\"@id\":\"https:\\\/\\\/www.secretjardin.com\\\/it\\\/#\\\/schema\\\/logo\\\/image\\\/\"},\"sameAs\":[\"https:\\\/\\\/www.facebook.com\\\/SecretJardin\\\/\",\"https:\\\/\\\/www.instagram.com\\\/secretjardin_\\\/?hl=fr\",\"https:\\\/\\\/www.linkedin.com\\\/company\\\/secret-jardin\\\/about\\\/\"]}]}<\/script>\n<!-- \/ Yoast SEO plugin. -->","yoast_head_json":{"title":"VENTILAZIONE - Secret Jardin","robots":{"index":"index","follow":"follow","max-snippet":"max-snippet:-1","max-image-preview":"max-image-preview:large","max-video-preview":"max-video-preview:-1"},"canonical":"https:\/\/www.secretjardin.com\/it\/ventilation\/","og_locale":"it_IT","og_type":"article","og_title":"VENTILAZIONE - Secret Jardin","og_description":"[vc_row][vc_column][vc_column_text] COME SI FA A CREARE UNA BUONA VENTILAZIONE NELLA GROWBOX ? Per creare una ventilazione uniforme nella box, gli ingressi e le uscite devono essere diametralmente opposti, cos\u00ec da assicurare il corretto ricircolo dell\u2019aria (vedere fig 1-2-3). Nelle growbox&hellip;","og_url":"https:\/\/www.secretjardin.com\/it\/ventilation\/","og_site_name":"Secret Jardin","article_publisher":"https:\/\/www.facebook.com\/SecretJardin\/","article_modified_time":"2022-09-21T11:23:44+00:00","og_image":[{"url":"https:\/\/www.secretjardin.com\/wp-content\/uploads\/2021\/04\/FIG-1-2-3-1.png","type":"","width":"","height":""}],"twitter_card":"summary_large_image","twitter_misc":{"Tempo di lettura stimato":"4 minuti"},"schema":{"@context":"https:\/\/schema.org","@graph":[{"@type":"WebPage","@id":"https:\/\/www.secretjardin.com\/it\/ventilation\/","url":"https:\/\/www.secretjardin.com\/it\/ventilation\/","name":"VENTILAZIONE - Secret Jardin","isPartOf":{"@id":"https:\/\/www.secretjardin.com\/it\/#website"},"primaryImageOfPage":{"@id":"https:\/\/www.secretjardin.com\/it\/ventilation\/#primaryimage"},"image":{"@id":"https:\/\/www.secretjardin.com\/it\/ventilation\/#primaryimage"},"thumbnailUrl":"https:\/\/www.secretjardin.com\/wp-content\/uploads\/2021\/04\/FIG-1-2-3-1.png","datePublished":"2022-04-29T14:17:41+00:00","dateModified":"2022-09-21T11:23:44+00:00","breadcrumb":{"@id":"https:\/\/www.secretjardin.com\/it\/ventilation\/#breadcrumb"},"inLanguage":"it-IT","potentialAction":[{"@type":"ReadAction","target":["https:\/\/www.secretjardin.com\/it\/ventilation\/"]}]},{"@type":"ImageObject","inLanguage":"it-IT","@id":"https:\/\/www.secretjardin.com\/it\/ventilation\/#primaryimage","url":"https:\/\/www.secretjardin.com\/wp-content\/uploads\/2021\/04\/FIG-1-2-3-1.png","contentUrl":"https:\/\/www.secretjardin.com\/wp-content\/uploads\/2021\/04\/FIG-1-2-3-1.png"},{"@type":"BreadcrumbList","@id":"https:\/\/www.secretjardin.com\/it\/ventilation\/#breadcrumb","itemListElement":[{"@type":"ListItem","position":1,"name":"Home","item":"https:\/\/www.secretjardin.com\/it\/"},{"@type":"ListItem","position":2,"name":"VENTILAZIONE"}]},{"@type":"WebSite","@id":"https:\/\/www.secretjardin.com\/it\/#website","url":"https:\/\/www.secretjardin.com\/it\/","name":"Secret Jardin","description":"","publisher":{"@id":"https:\/\/www.secretjardin.com\/it\/#organization"},"potentialAction":[{"@type":"SearchAction","target":{"@type":"EntryPoint","urlTemplate":"https:\/\/www.secretjardin.com\/it\/?s={search_term_string}"},"query-input":{"@type":"PropertyValueSpecification","valueRequired":true,"valueName":"search_term_string"}}],"inLanguage":"it-IT"},{"@type":"Organization","@id":"https:\/\/www.secretjardin.com\/it\/#organization","name":"Secret Jardin","url":"https:\/\/www.secretjardin.com\/it\/","logo":{"@type":"ImageObject","inLanguage":"it-IT","@id":"https:\/\/www.secretjardin.com\/it\/#\/schema\/logo\/image\/","url":"https:\/\/www.secretjardin.com\/wp-content\/uploads\/2019\/05\/header_logo.png","contentUrl":"https:\/\/www.secretjardin.com\/wp-content\/uploads\/2019\/05\/header_logo.png","width":481,"height":198,"caption":"Secret Jardin"},"image":{"@id":"https:\/\/www.secretjardin.com\/it\/#\/schema\/logo\/image\/"},"sameAs":["https:\/\/www.facebook.com\/SecretJardin\/","https:\/\/www.instagram.com\/secretjardin_\/?hl=fr","https:\/\/www.linkedin.com\/company\/secret-jardin\/about\/"]}]}},"_links":{"self":[{"href":"https:\/\/www.secretjardin.com\/it\/wp-json\/wp\/v2\/pages\/30103","targetHints":{"allow":["GET"]}}],"collection":[{"href":"https:\/\/www.secretjardin.com\/it\/wp-json\/wp\/v2\/pages"}],"about":[{"href":"https:\/\/www.secretjardin.com\/it\/wp-json\/wp\/v2\/types\/page"}],"author":[{"embeddable":true,"href":"https:\/\/www.secretjardin.com\/it\/wp-json\/wp\/v2\/users\/2"}],"replies":[{"embeddable":true,"href":"https:\/\/www.secretjardin.com\/it\/wp-json\/wp\/v2\/comments?post=30103"}],"version-history":[{"count":0,"href":"https:\/\/www.secretjardin.com\/it\/wp-json\/wp\/v2\/pages\/30103\/revisions"}],"wp:attachment":[{"href":"https:\/\/www.secretjardin.com\/it\/wp-json\/wp\/v2\/media?parent=30103"}],"curies":[{"name":"wp","href":"https:\/\/api.w.org\/{rel}","templated":true}]}}