{"id":7665,"date":"2019-11-29T16:20:19","date_gmt":"2019-11-29T16:20:19","guid":{"rendered":"https:\/\/www.secretjardin.com\/ressources\/garantie\/"},"modified":"2021-05-25T09:40:53","modified_gmt":"2021-05-25T09:40:53","slug":"garantie","status":"publish","type":"page","link":"https:\/\/www.secretjardin.com\/fr\/garantie\/","title":{"rendered":"Garantie"},"content":{"rendered":"[vc_row][vc_column width=\u00a0\u00bb1\/5&Prime;][vc_single_image image=\u00a0\u00bb522&Prime; img_size=\u00a0\u00bblarge\u00a0\u00bb add_caption=\u00a0\u00bbyes\u00a0\u00bb][\/vc_column][vc_column width=\u00a0\u00bb4\/5&Prime;]<h2 class=\"vcex-module vcex-heading wpex-text-2xl wpex-font-normal wpex-m-auto wpex-max-w-100 vcex-heading-plain wpex-block\"><span class=\"vcex-heading-inner wpex-inline-block wpex-clr\">Application de Garantie Secret Jardin<\/span><\/h2><div class=\"vcex-spacing wpex-w-100 wpex-clear\" style=\"height:20px\"><\/div>[vc_column_text]\n<p style=\"text-align: justify;\"><strong>Secret Jardin garantit tous ses produits. Selon le produit que vous achetez, il est l\u00e9galement prot\u00e9g\u00e9 par une garantie commerciale. En tant que fabricant et avec un souci constant de qualit\u00e9 et de s\u00e9curit\u00e9, nous souhaitons donner enti\u00e8re satisfaction \u00e0 tous nos acheteurs et faire ainsi preuve d&rsquo;une totale transparence de notre technicit\u00e9.<\/strong><\/p>\n[\/vc_column_text][\/vc_column][\/vc_row][vc_row][vc_column]<h3 class=\"vcex-module vcex-heading wpex-text-2xl wpex-font-normal wpex-m-auto wpex-max-w-100 vcex-heading-plain wpex-block\" style=\"color:#81d742;\"><span class=\"vcex-heading-inner wpex-inline-block wpex-clr\">Application de la garantie Secret Jardin<\/span><\/h3>[\/vc_column][\/vc_row][vc_row][vc_column][vc_column_text]Les tentes Secret Jardin sont garanties au propri\u00e9taire d&rsquo;origine contre les d\u00e9fauts de mat\u00e9riaux et de fabrication pendant 2,5 ans \u00e0 compter de la date de fabrication ou pendant 2 ans \u00e0 compter de la date d&rsquo;achat.<\/p>\n<p>Les produits consommables sont garantis 3 mois \u00e0 compter de la date d&rsquo;achat.<\/p>\n<p>Si un produit Secret Jardin tombe en panne en raison d&rsquo;un d\u00e9faut de fabrication, Secret Jardin r\u00e9parera le produit sans frais ou le remplacera, \u00e0 sa discr\u00e9tion.<br \/>\nSeuls les mat\u00e9riaux et la main-d&rsquo;\u0153uvre d&rsquo;origine, inchang\u00e9s et non modifi\u00e9s sont couverts par cette politique. Cette garantie ne couvre pas les dommages caus\u00e9s par un accident, un mauvais entretien, une n\u00e9gligence, une usure normale ou la d\u00e9gradation naturelle des mat\u00e9riaux pendant de longues p\u00e9riodes et une utilisation prolong\u00e9e.<br \/>\nCette garantie ne couvre pas les dommages indirects ou toute autre perte r\u00e9sultant d&rsquo;un d\u00e9faut du produit.[\/vc_column_text][\/vc_column][\/vc_row][vc_row][vc_column][vc_column_text]\n<h2 style=\"text-align: center;\"><strong>DEMANDE DE SERVICE APR\u00c8S-VENTE<\/strong><\/h2>\n[\/vc_column_text][\/vc_column][\/vc_row][vc_row][vc_column]<h3 class=\"vcex-module vcex-heading wpex-text-2xl wpex-font-normal wpex-m-auto wpex-max-w-100 vcex-heading-plain wpex-block\" style=\"color:#81d742;\"><span class=\"vcex-heading-inner wpex-inline-block wpex-clr\">Vous \u00eates un consommateur final et avez achet\u00e9 notre produit aupr\u00e8s d'un d\u00e9taillant<\/span><\/h3>[\/vc_column][\/vc_row][vc_row][vc_column][vc_column_text]Votre revendeur est responsable de la gestion des demandes de service apr\u00e8s-vente. Afin de g\u00e9rer correctement votre demande, veuillez envoyer les informations suivantes \u00e0 votre revendeur avec les d\u00e9tails suivants:<\/p>\n<p><strong>\u2022 Nom et description du produit<\/strong><br \/>\n<strong>\u2022 Description d\u00e9taill\u00e9e des probl\u00e8mes et des images de tout dommage<\/strong><br \/>\n<strong>\u2022 Photo du code de fabrication et de la date de fabrication figurant sur l&rsquo;autocollant du produit ou sur l&rsquo;\u00e9tiquette cousue sur la tente<\/strong><br \/>\n<strong>\u2022 Preuve d&rsquo;achat<\/strong><\/p>\n<p>Une fois toutes les informations rassembl\u00e9es, une enqu\u00eate suivra. Toutes les informations sont n\u00e9cessaires pour traiter efficacement la demande.<br \/>\nA l&rsquo;issue de ces v\u00e9rifications, un remplacement du produit d\u00e9fectueux ou une note de cr\u00e9dit sera effectu\u00e9 par le revendeur.<br \/>\nAucun avoir ou remplacement de produit ne sera effectu\u00e9 directement par Secret Jardin.[\/vc_column_text][\/vc_column][\/vc_row][vc_row][vc_column]<h3 class=\"vcex-module vcex-heading wpex-text-2xl wpex-font-normal wpex-m-auto wpex-max-w-100 vcex-heading-plain wpex-block\" style=\"color:#81d742;\"><span class=\"vcex-heading-inner wpex-inline-block wpex-clr\">Vous \u00eates un d\u00e9taillant et avez achet\u00e9 nos produits aupr\u00e8s d'un distributeur Secret Jardin autoris\u00e9<\/span><\/h3>[\/vc_column][\/vc_row][vc_row][vc_column][vc_column_text]Votre distributeur est responsable de la gestion des demandes de service apr\u00e8s-vente. Afin de bien g\u00e9rer votre demande, veuillez envoyer les informations suivantes \u00e0 votre distributeur avec les d\u00e9tails suivants:<\/p>\n<p><strong>\u2022 Nom et description du produit<\/strong><br \/>\n<strong>\u2022 Description d\u00e9taill\u00e9e des probl\u00e8mes et des images de tout dommage<\/strong><br \/>\n<strong>\u2022 Photo du code de fabrication et de la date de fabrication figurant sur l&rsquo;autocollant du produit ou sur l&rsquo;\u00e9tiquette cousue sur la tente.<\/strong><br \/>\n<strong>\u2022 Preuve d&rsquo;achat<\/strong><\/p>\n<p>Une fois toutes les informations rassembl\u00e9es, une enqu\u00eate suivra. Toutes les informations sont n\u00e9cessaires pour traiter efficacement la r\u00e9clamation.<br \/>\nA l&rsquo;issue de ces contr\u00f4les, un remplacement du produit d\u00e9fectueux ou une note de cr\u00e9dit sera \u00e9mis.<br \/>\nAucun avoir ou remplacement de produit ne sera effectu\u00e9 directement par Secret Jardin.[\/vc_column_text][\/vc_column][\/vc_row]\n","protected":false},"excerpt":{"rendered":"<p>[vc_row][vc_column width=\u00a0\u00bb1\/5&Prime;][vc_single_image image=\u00a0\u00bb522&Prime; img_size=\u00a0\u00bblarge\u00a0\u00bb add_caption=\u00a0\u00bbyes\u00a0\u00bb][\/vc_column][vc_column width=\u00a0\u00bb4\/5&Prime;][vc_column_text] Secret Jardin garantit tous ses produits. Selon le produit que vous achetez, il est l\u00e9galement prot\u00e9g\u00e9 par une garantie commerciale. En tant que fabricant et avec un souci constant de qualit\u00e9 et de s\u00e9curit\u00e9,&hellip;<\/p>\n","protected":false},"author":2,"featured_media":0,"parent":0,"menu_order":8,"comment_status":"closed","ping_status":"closed","template":"templates\/no-sidebar.php","meta":{"_acf_changed":false,"footnotes":""},"class_list":["post-7665","page","type-page","status-publish","hentry","entry","no-media"],"acf":[],"yoast_head":"<!-- This site is optimized with the Yoast SEO plugin v27.5 - https:\/\/yoast.com\/product\/yoast-seo-wordpress\/ -->\n<title>Garantie - Secret Jardin<\/title>\n<meta name=\"robots\" content=\"index, follow, max-snippet:-1, max-image-preview:large, max-video-preview:-1\" \/>\n<link rel=\"canonical\" href=\"https:\/\/www.secretjardin.com\/fr\/garantie\/\" \/>\n<meta property=\"og:locale\" content=\"fr_FR\" \/>\n<meta property=\"og:type\" content=\"article\" \/>\n<meta property=\"og:title\" content=\"Garantie - Secret Jardin\" \/>\n<meta property=\"og:description\" content=\"[vc_row][vc_column width=\u00a0\u00bb1\/5&Prime;][vc_single_image image=\u00a0\u00bb522&Prime; img_size=\u00a0\u00bblarge\u00a0\u00bb add_caption=\u00a0\u00bbyes\u00a0\u00bb][\/vc_column][vc_column width=\u00a0\u00bb4\/5&Prime;][vc_column_text] Secret Jardin garantit tous ses produits. Selon le produit que vous achetez, il est l\u00e9galement prot\u00e9g\u00e9 par une garantie commerciale. En tant que fabricant et avec un souci constant de qualit\u00e9 et de s\u00e9curit\u00e9,&hellip;\" \/>\n<meta property=\"og:url\" content=\"https:\/\/www.secretjardin.com\/fr\/garantie\/\" \/>\n<meta property=\"og:site_name\" content=\"Secret Jardin\" \/>\n<meta property=\"article:publisher\" content=\"https:\/\/www.facebook.com\/SecretJardin\/\" \/>\n<meta property=\"article:modified_time\" content=\"2021-05-25T09:40:53+00:00\" \/>\n<meta name=\"twitter:card\" content=\"summary_large_image\" \/>\n<meta name=\"twitter:label1\" content=\"Dur\u00e9e de lecture estim\u00e9e\" \/>\n\t<meta name=\"twitter:data1\" content=\"3 minutes\" \/>\n<script type=\"application\/ld+json\" class=\"yoast-schema-graph\">{\"@context\":\"https:\\\/\\\/schema.org\",\"@graph\":[{\"@type\":\"WebPage\",\"@id\":\"https:\\\/\\\/www.secretjardin.com\\\/fr\\\/garantie\\\/\",\"url\":\"https:\\\/\\\/www.secretjardin.com\\\/fr\\\/garantie\\\/\",\"name\":\"Garantie - Secret Jardin\",\"isPartOf\":{\"@id\":\"https:\\\/\\\/www.secretjardin.com\\\/fr\\\/#website\"},\"datePublished\":\"2019-11-29T16:20:19+00:00\",\"dateModified\":\"2021-05-25T09:40:53+00:00\",\"breadcrumb\":{\"@id\":\"https:\\\/\\\/www.secretjardin.com\\\/fr\\\/garantie\\\/#breadcrumb\"},\"inLanguage\":\"fr-FR\",\"potentialAction\":[{\"@type\":\"ReadAction\",\"target\":[\"https:\\\/\\\/www.secretjardin.com\\\/fr\\\/garantie\\\/\"]}]},{\"@type\":\"BreadcrumbList\",\"@id\":\"https:\\\/\\\/www.secretjardin.com\\\/fr\\\/garantie\\\/#breadcrumb\",\"itemListElement\":[{\"@type\":\"ListItem\",\"position\":1,\"name\":\"Home\",\"item\":\"https:\\\/\\\/www.secretjardin.com\\\/fr\\\/\"},{\"@type\":\"ListItem\",\"position\":2,\"name\":\"Ressources\",\"item\":\"https:\\\/\\\/www.secretjardin.com\\\/fr\\\/ressources\\\/\"},{\"@type\":\"ListItem\",\"position\":3,\"name\":\"Garantie\"}]},{\"@type\":\"WebSite\",\"@id\":\"https:\\\/\\\/www.secretjardin.com\\\/fr\\\/#website\",\"url\":\"https:\\\/\\\/www.secretjardin.com\\\/fr\\\/\",\"name\":\"Secret Jardin\",\"description\":\"\",\"publisher\":{\"@id\":\"https:\\\/\\\/www.secretjardin.com\\\/fr\\\/#organization\"},\"potentialAction\":[{\"@type\":\"SearchAction\",\"target\":{\"@type\":\"EntryPoint\",\"urlTemplate\":\"https:\\\/\\\/www.secretjardin.com\\\/fr\\\/?s={search_term_string}\"},\"query-input\":{\"@type\":\"PropertyValueSpecification\",\"valueRequired\":true,\"valueName\":\"search_term_string\"}}],\"inLanguage\":\"fr-FR\"},{\"@type\":\"Organization\",\"@id\":\"https:\\\/\\\/www.secretjardin.com\\\/fr\\\/#organization\",\"name\":\"Secret Jardin\",\"url\":\"https:\\\/\\\/www.secretjardin.com\\\/fr\\\/\",\"logo\":{\"@type\":\"ImageObject\",\"inLanguage\":\"fr-FR\",\"@id\":\"https:\\\/\\\/www.secretjardin.com\\\/fr\\\/#\\\/schema\\\/logo\\\/image\\\/\",\"url\":\"https:\\\/\\\/www.secretjardin.com\\\/wp-content\\\/uploads\\\/2019\\\/05\\\/header_logo.png\",\"contentUrl\":\"https:\\\/\\\/www.secretjardin.com\\\/wp-content\\\/uploads\\\/2019\\\/05\\\/header_logo.png\",\"width\":481,\"height\":198,\"caption\":\"Secret Jardin\"},\"image\":{\"@id\":\"https:\\\/\\\/www.secretjardin.com\\\/fr\\\/#\\\/schema\\\/logo\\\/image\\\/\"},\"sameAs\":[\"https:\\\/\\\/www.facebook.com\\\/SecretJardin\\\/\",\"https:\\\/\\\/www.instagram.com\\\/secretjardin_\\\/?hl=fr\",\"https:\\\/\\\/www.linkedin.com\\\/company\\\/secret-jardin\\\/about\\\/\"]}]}<\/script>\n<!-- \/ Yoast SEO plugin. -->","yoast_head_json":{"title":"Garantie - Secret Jardin","robots":{"index":"index","follow":"follow","max-snippet":"max-snippet:-1","max-image-preview":"max-image-preview:large","max-video-preview":"max-video-preview:-1"},"canonical":"https:\/\/www.secretjardin.com\/fr\/garantie\/","og_locale":"fr_FR","og_type":"article","og_title":"Garantie - Secret Jardin","og_description":"[vc_row][vc_column width=\u00a0\u00bb1\/5&Prime;][vc_single_image image=\u00a0\u00bb522&Prime; img_size=\u00a0\u00bblarge\u00a0\u00bb add_caption=\u00a0\u00bbyes\u00a0\u00bb][\/vc_column][vc_column width=\u00a0\u00bb4\/5&Prime;][vc_column_text] Secret Jardin garantit tous ses produits. Selon le produit que vous achetez, il est l\u00e9galement prot\u00e9g\u00e9 par une garantie commerciale. En tant que fabricant et avec un souci constant de qualit\u00e9 et de s\u00e9curit\u00e9,&hellip;","og_url":"https:\/\/www.secretjardin.com\/fr\/garantie\/","og_site_name":"Secret Jardin","article_publisher":"https:\/\/www.facebook.com\/SecretJardin\/","article_modified_time":"2021-05-25T09:40:53+00:00","twitter_card":"summary_large_image","twitter_misc":{"Dur\u00e9e de lecture estim\u00e9e":"3 minutes"},"schema":{"@context":"https:\/\/schema.org","@graph":[{"@type":"WebPage","@id":"https:\/\/www.secretjardin.com\/fr\/garantie\/","url":"https:\/\/www.secretjardin.com\/fr\/garantie\/","name":"Garantie - Secret Jardin","isPartOf":{"@id":"https:\/\/www.secretjardin.com\/fr\/#website"},"datePublished":"2019-11-29T16:20:19+00:00","dateModified":"2021-05-25T09:40:53+00:00","breadcrumb":{"@id":"https:\/\/www.secretjardin.com\/fr\/garantie\/#breadcrumb"},"inLanguage":"fr-FR","potentialAction":[{"@type":"ReadAction","target":["https:\/\/www.secretjardin.com\/fr\/garantie\/"]}]},{"@type":"BreadcrumbList","@id":"https:\/\/www.secretjardin.com\/fr\/garantie\/#breadcrumb","itemListElement":[{"@type":"ListItem","position":1,"name":"Home","item":"https:\/\/www.secretjardin.com\/fr\/"},{"@type":"ListItem","position":2,"name":"Ressources","item":"https:\/\/www.secretjardin.com\/fr\/ressources\/"},{"@type":"ListItem","position":3,"name":"Garantie"}]},{"@type":"WebSite","@id":"https:\/\/www.secretjardin.com\/fr\/#website","url":"https:\/\/www.secretjardin.com\/fr\/","name":"Secret Jardin","description":"","publisher":{"@id":"https:\/\/www.secretjardin.com\/fr\/#organization"},"potentialAction":[{"@type":"SearchAction","target":{"@type":"EntryPoint","urlTemplate":"https:\/\/www.secretjardin.com\/fr\/?s={search_term_string}"},"query-input":{"@type":"PropertyValueSpecification","valueRequired":true,"valueName":"search_term_string"}}],"inLanguage":"fr-FR"},{"@type":"Organization","@id":"https:\/\/www.secretjardin.com\/fr\/#organization","name":"Secret Jardin","url":"https:\/\/www.secretjardin.com\/fr\/","logo":{"@type":"ImageObject","inLanguage":"fr-FR","@id":"https:\/\/www.secretjardin.com\/fr\/#\/schema\/logo\/image\/","url":"https:\/\/www.secretjardin.com\/wp-content\/uploads\/2019\/05\/header_logo.png","contentUrl":"https:\/\/www.secretjardin.com\/wp-content\/uploads\/2019\/05\/header_logo.png","width":481,"height":198,"caption":"Secret Jardin"},"image":{"@id":"https:\/\/www.secretjardin.com\/fr\/#\/schema\/logo\/image\/"},"sameAs":["https:\/\/www.facebook.com\/SecretJardin\/","https:\/\/www.instagram.com\/secretjardin_\/?hl=fr","https:\/\/www.linkedin.com\/company\/secret-jardin\/about\/"]}]}},"_links":{"self":[{"href":"https:\/\/www.secretjardin.com\/fr\/wp-json\/wp\/v2\/pages\/7665","targetHints":{"allow":["GET"]}}],"collection":[{"href":"https:\/\/www.secretjardin.com\/fr\/wp-json\/wp\/v2\/pages"}],"about":[{"href":"https:\/\/www.secretjardin.com\/fr\/wp-json\/wp\/v2\/types\/page"}],"author":[{"embeddable":true,"href":"https:\/\/www.secretjardin.com\/fr\/wp-json\/wp\/v2\/users\/2"}],"replies":[{"embeddable":true,"href":"https:\/\/www.secretjardin.com\/fr\/wp-json\/wp\/v2\/comments?post=7665"}],"version-history":[{"count":0,"href":"https:\/\/www.secretjardin.com\/fr\/wp-json\/wp\/v2\/pages\/7665\/revisions"}],"wp:attachment":[{"href":"https:\/\/www.secretjardin.com\/fr\/wp-json\/wp\/v2\/media?parent=7665"}],"curies":[{"name":"wp","href":"https:\/\/api.w.org\/{rel}","templated":true}]}}