{"id":7616,"date":"2019-11-29T15:13:52","date_gmt":"2019-11-29T15:13:52","guid":{"rendered":"https:\/\/www.secretjardin.com\/ressources\/certifications\/documents-certifies\/"},"modified":"2024-12-10T10:03:14","modified_gmt":"2024-12-10T10:03:14","slug":"documents-certifies","status":"publish","type":"page","link":"https:\/\/www.secretjardin.com\/fr\/certifications\/documents-certifies\/","title":{"rendered":"Documents certifi\u00e9s"},"content":{"rendered":"[vc_row][vc_column][vc_column_text]<strong>Dans un souci de transparence absolue avec ses diff\u00e9rents interlocuteurs, Secret Jardin vous donne la possibilit\u00e9 d&rsquo;avoir acc\u00e8s aux diff\u00e9rents documents de certification concernant ses ventilateurs et son \u00e9clairage.<\/strong><\/p>\n<p>Ces certifications garantissent une qualit\u00e9 et une s\u00e9curit\u00e9 optimales de vos achats. Pour assurer un fonctionnement efficace de vos \u00e9quipements, Secret Jardin vous recommande de vous conformer \u00e0 la r\u00e9glementation \u00e9lectrique en vigueur[\/vc_column_text][\/vc_column][\/vc_row][vc_row][vc_column width=\u00a0\u00bb1\/3&Prime;]<h3 class=\"vcex-module vcex-heading wpex-text-2xl wpex-font-normal wpex-m-auto wpex-max-w-100 vcex-heading-plain wpex-block wpex-text-left\"><span class=\"vcex-heading-inner wpex-inline-block wpex-clr\">TENTES DE CULTURE<\/span><\/h3>[vc_single_image image=\u00a0\u00bb9843&Prime; img_size=\u00a0\u00bblarge\u00a0\u00bb add_caption=\u00a0\u00bbyes\u00a0\u00bb][vc_column_text]<em><strong>TENTES DE CULTURE<\/strong><\/em><\/p>\n<p><a href=\"https:\/\/www.secretjardin.com\/wp-content\/uploads\/2019\/05\/szx18ec18892647f-0.pdf\">Contr\u00f4le des substances dangereuses DR &amp; DS &#8211; Mylar<\/a><br \/>\n<a href=\"https:\/\/www.secretjardin.com\/wp-content\/uploads\/2019\/05\/int-mylar-fabric-tests-against-hazardous-substances.pdf\">Contr\u00f4le des substances dangereuses INTENSE &#8211; Mylar<\/a><br \/>\n<a href=\"https:\/\/www.secretjardin.com\/wp-content\/uploads\/2019\/05\/dr-and-ds-mylar-fabric-tests-against-hazardous-substances.pdf\">Contr\u00f4le des substances dangereuses INTENSE &#8211; Sol<\/a><br \/>\n<a href=\"https:\/\/www.secretjardin.com\/wp-content\/uploads\/2021\/06\/202103-WT-PVC-15P.pdf\">Contr\u00f4le des substances dangereuses Water Tray Liner <\/a><br \/>\n<em>&gt; Les subs. dangereuses sont contr\u00f4l\u00e9es tous les 3 mois<\/em><\/p>\n<p>&#8212;<br \/>\n<a href=\"https:\/\/www.secretjardin.com\/wp-content\/uploads\/2021\/04\/20210204-FIRE-RATING-MYLAR-SJ.pdf\">Test de r\u00e9sistance au feu du Mylar<\/a><\/p>\n<p><a href=\"https:\/\/www.secretjardin.com\/wp-content\/uploads\/2019\/05\/201810-sj-tents-compliance-for-indoor-culture.pdf\">Conformit\u00e9 et s\u00e9curit\u00e9 de la culture int\u00e9rieure<\/a><\/p>\n<p><a href=\"https:\/\/www.secretjardin.com\/wp-content\/uploads\/2020\/11\/20201117-NORMES-SECURITY.pdf\">PR\u00c9CAUTIONS D&rsquo;INCENDIE ET DE VENTILATION<\/a>[\/vc_column_text][\/vc_column][vc_column width=\u00a0\u00bb1\/3&Prime;]<h3 class=\"vcex-module vcex-heading wpex-text-2xl wpex-font-normal wpex-m-auto wpex-max-w-100 vcex-heading-plain wpex-block wpex-text-left\"><span class=\"vcex-heading-inner wpex-inline-block wpex-clr\">STATIONS DE CULTURE<\/span><\/h3>[vc_single_image image=\u00a0\u00bb55970&Prime; img_size=\u00a0\u00bblarge\u00a0\u00bb add_caption=\u00a0\u00bbyes\u00a0\u00bb][vc_column_text]<em><strong>STATIONS DE CULTURE<\/strong><\/em><\/p>\n<p><a href=\"https:\/\/www.secretjardin.com\/wp-content\/uploads\/2024\/03\/GR60-DSS_SZEM2402001392AT-Ver_CE.pdf\">V\u00e9rification EMC CE GR60<\/a><br \/>\n<a href=\"https:\/\/www.secretjardin.com\/wp-content\/uploads\/2024\/03\/GR60-DSS_SZEM2402001392AT-Ver_UKCA-EMC.pdf\">V\u00e9rification EMC UKCA GR60<\/a><\/p>\n<p><a href=\"https:\/\/www.secretjardin.com\/wp-content\/uploads\/2024\/03\/FS100-DSS_SZEM2402001393AT-Ver_CE.pdf\">V\u00e9rification EMC CE FS100<\/a><br \/>\n<a href=\"https:\/\/www.secretjardin.com\/wp-content\/uploads\/2024\/03\/FS100-DSS_SZEM2402001393AT-Ver_UKCA-EMC.pdf\">V\u00e9rification EMC UKCA FS100<\/a><\/p>\n<p><em><strong>TAPIS DE CHAUFFAGE<\/strong><\/em><\/p>\n<p><a href=\"https:\/\/www.secretjardin.com\/wp-content\/uploads\/2024\/03\/HM20-DSS_SZEM2402001394AT-Ver_CE.pdf\">V\u00e9rification EMC CE HM20<\/a><br \/>\n<a href=\"https:\/\/www.secretjardin.com\/wp-content\/uploads\/2024\/03\/HM20-DSS_SZEM2402001394AT-Ver_UKCA-EMC.pdf\">V\u00e9rification EMC UKCA HM20<\/a>[\/vc_column_text][\/vc_column][vc_column width=\u00a0\u00bb1\/3&Prime;]<h3 class=\"vcex-module vcex-heading wpex-text-2xl wpex-font-normal wpex-m-auto wpex-max-w-100 vcex-heading-plain wpex-block wpex-text-left\"><span class=\"vcex-heading-inner wpex-inline-block wpex-clr\">VENTILATION<\/span><\/h3>[vc_single_image image=\u00a0\u00bb9831&Prime; img_size=\u00a0\u00bblarge\u00a0\u00bb add_caption=\u00a0\u00bbyes\u00a0\u00bb][vc_column_text]<em><strong>MONKEY FAN 110-220V<\/strong><\/em><\/p>\n<p><a href=\"https:\/\/www.secretjardin.com\/wp-content\/uploads\/2023\/06\/20230412-CE-DECLARATION-OF-CONFORMITY-MONKEY-FAN.pdf\">D\u00e9claration de conformit\u00e9 CE MF16 MFO20 MF30<\/a><\/p>\n<p><a href=\"https:\/\/www.secretjardin.com\/wp-content\/uploads\/2021\/04\/20180613-CERTIFICATE-MF16-MFO20-LVD.pdf\">CE (LVD) MF16-MFO20<\/a><br \/>\n<a href=\"https:\/\/www.secretjardin.com\/wp-content\/uploads\/2021\/04\/20181108-CERTIFICATE-MF30-LVD.pdf\">CE (LVD) MF30<\/a><br \/>\n<a href=\"https:\/\/www.secretjardin.com\/wp-content\/uploads\/2021\/04\/20180930-CERTIFICATE-MONKEY-FAN-EMC.pdf\">CE (CEM) MF16-MFO20-MF30<\/a><\/p>\n<p><a href=\"https:\/\/www.secretjardin.com\/wp-content\/uploads\/2019\/05\/mf16-mfo20-mf30-fcc.pdf\">V\u00e9rification FCC &#8211; MF16-MFO20-MF30<\/a><\/p>\n<p><a href=\"https:\/\/www.secretjardin.com\/wp-content\/uploads\/2021\/12\/20211123-CERTIFICATE-MONKEY-FAN-QMARK.pdf\">Monkey Fan UL &amp; CSA<\/a><\/p>\n<p><em><strong>MONKEY FAN 24V<\/strong><\/em><\/p>\n<p><a href=\"https:\/\/www.secretjardin.com\/wp-content\/uploads\/2024\/03\/MF120-DSS_SZEM2311007188HS-Ver_CE.pdf\">V\u00e9rification EMC CE MF120<\/a><br \/>\n<a href=\"https:\/\/www.secretjardin.com\/wp-content\/uploads\/2024\/03\/MF120-DSS_SZEM2311007188HS-UKCA-VOC.pdf\">V\u00e9rification EMC UKCA MF120<\/a><br \/>\n<a href=\"https:\/\/www.secretjardin.com\/wp-content\/uploads\/2024\/03\/MF120-DSS_SZEM2311007189HS-Ver_FCC-SDOC.pdf\">V\u00e9rification EMC FCC MF120<\/a><\/p>\n<p><a href=\"https:\/\/www.secretjardin.com\/wp-content\/uploads\/2024\/03\/MF2X120-DSS_SZEM2311007191HS-Ver_CE.pdf\">V\u00e9rification EMC CE MF2X120<\/a><br \/>\n<a href=\"https:\/\/www.secretjardin.com\/wp-content\/uploads\/2024\/03\/MF2X120-DSS_SZEM2311007191HS-UKCA-VOC.pdf\">V\u00e9rification EMC UKCA MF2X120<\/a><br \/>\n<a href=\"https:\/\/www.secretjardin.com\/wp-content\/uploads\/2024\/03\/MF2X120-DSS_SZEM2311007192HS-Ver_FCC-SDOC.pdf\">V\u00e9rification EMC FCC MF2X120<\/a><\/p>\n<p><em><strong>RUBBER DUCT<\/strong><\/em><\/p>\n<p><a href=\"https:\/\/www.secretjardin.com\/wp-content\/uploads\/2019\/05\/15p-test-for-rubber-ducting-from-jk-sun.pdf\">Rapport d&rsquo;essai des conduits en caoutchouc SGS <em>(contr\u00f4le tous les 3 mois)<\/em><\/a>[\/vc_column_text][\/vc_column][\/vc_row][vc_row][vc_column width=\u00a0\u00bb1\/3&Prime;]<h3 class=\"vcex-module vcex-heading wpex-text-2xl wpex-font-normal wpex-m-auto wpex-max-w-100 vcex-heading-plain wpex-block wpex-text-left\"><span class=\"vcex-heading-inner wpex-inline-block wpex-clr\">EXTRACTEURS ET FILTRES<\/span><\/h3>[vc_single_image image=\u00a0\u00bb18239&Prime; img_size=\u00a0\u00bblarge\u00a0\u00bb add_caption=\u00a0\u00bbyes\u00a0\u00bb][vc_column_text]<em><strong>EXTRACTEURS<\/strong><\/em><\/p>\n<p><a href=\"https:\/\/www.secretjardin.com\/wp-content\/uploads\/2021\/06\/202106-CE-EXTRACTOR-DF16E350.pdf\">D\u00e9claration de conformit\u00e9 CE DF16E350<\/a><\/p>\n<p><a href=\"https:\/\/www.secretjardin.com\/wp-content\/uploads\/2022\/07\/20220722-CERTIFICATE-DF16E350-UKCA-DSS_SZEM2207005295AT-UKCA-VOC-1.pdf\">Certificat CEM CE DF16E350<\/a><br \/>\n<a href=\"https:\/\/www.secretjardin.com\/wp-content\/uploads\/2021\/06\/20210517-CERTIFICATE-DF16E350-FCC-DSS_SZEM2103002261Ver_FCC-SDOC.pdf\">Certificat FCC DF16E350<\/a><br \/>\n<a href=\"https:\/\/www.secretjardin.com\/wp-content\/uploads\/2022\/07\/20210722-CERTIFICATE-DF16E350-CE-EMC-DSS_SZEM2207005295AT-Ver_CE-1.pdf\">UKCA Certificat DF16E350<\/a><\/p>\n<p><a href=\"https:\/\/www.secretjardin.com\/wp-content\/uploads\/2022\/06\/20220603-CERTIFICATE-DF16E150-CE-DSS_SZEM2205003748-Ver_CE.pdf\">DSS CE Certificat DF16E150<\/a><br \/>\n<a href=\"https:\/\/www.secretjardin.com\/wp-content\/uploads\/2022\/06\/20220603-CERTIFICATE-DF16E150-FCC-DSS_SZEM2205003749Ver_FCC-SDOC.pdf\">FCC Certificat DF16E150<\/a><br \/>\n<a href=\"https:\/\/www.secretjardin.com\/wp-content\/uploads\/2022\/06\/20220603-CERTIFICATE-DF16E150-UKCA-DSS_SZEM2205003748Ver_UKCA-2.pdf\">UKCA Certificat DF16E150<\/a><\/p>\n<p><em><strong>FILTRES<\/strong><\/em><\/p>\n<p><a href=\"https:\/\/www.secretjardin.com\/wp-content\/uploads\/2021\/06\/202104-TEST-FILTER-DF16-CTC-official.pdf\">TEST CTC80 Carbone <em>(Contr\u00f4le tous les 3 mois)<\/em><\/a>[\/vc_column_text][\/vc_column][vc_column width=\u00a0\u00bb1\/3&Prime;]<h3 class=\"vcex-module vcex-heading wpex-text-2xl wpex-font-normal wpex-m-auto wpex-max-w-100 vcex-heading-plain wpex-block wpex-text-left\"><span class=\"vcex-heading-inner wpex-inline-block wpex-clr\">\u00c9CLAIRAGE<\/span><\/h3>[vc_single_image image=\u00a0\u00bb9813&Prime; img_size=\u00a0\u00bblarge\u00a0\u00bb add_caption=\u00a0\u00bbyes\u00a0\u00bb][vc_column_text]<em><strong>DAISY<\/strong><\/em><\/p>\n<p><a href=\"https:\/\/www.secretjardin.com\/wp-content\/uploads\/2019\/05\/daisy-instruction-certificat.pdf\">D\u00e9claration de conformit\u00e9 CE DAISY<\/a><br \/>\n<a href=\"https:\/\/www.secretjardin.com\/wp-content\/uploads\/2019\/05\/gzem1709005811lmv.pdf\">Daisy de v\u00e9rification FCC<\/a><br \/>\n<a href=\"https:\/\/www.secretjardin.com\/wp-content\/uploads\/2019\/05\/sgsna-18-gz-00100.pdf\">Daisy de certificat UL et CSA<\/a><\/p>\n<p><em><strong>VARIDRIVE<\/strong><\/em><\/p>\n<p><a href=\"https:\/\/www.secretjardin.com\/wp-content\/uploads\/2021\/05\/Varidrive-2021-EU-Declaration-of-Conformity.pdf\">D\u00e9claration de conformit\u00e9 CE VariDrive<\/a><\/p>\n<p><em><strong>TNEON<\/strong><\/em><\/p>\n<p><a href=\"https:\/\/www.secretjardin.com\/wp-content\/uploads\/2019\/05\/ce-ngrow.pdf\">D\u00e9claration de conformit\u00e9 CE TNEON<\/a>[\/vc_column_text][\/vc_column][vc_column width=\u00a0\u00bb1\/3&Prime;]<h3 class=\"vcex-module vcex-heading wpex-text-2xl wpex-font-normal wpex-m-auto wpex-max-w-100 vcex-heading-plain wpex-block wpex-text-left\"><span class=\"vcex-heading-inner wpex-inline-block wpex-clr\">\u00c9CLAIRAGE<\/span><\/h3>[vc_single_image image=\u00a0\u00bb9819&Prime; img_size=\u00a0\u00bblarge\u00a0\u00bb add_caption=\u00a0\u00bbyes\u00a0\u00bb][vc_column_text]<em><strong>TLED<\/strong><\/em><\/p>\n<p><a href=\"https:\/\/www.secretjardin.com\/wp-content\/uploads\/2023\/08\/20200924-CE-DECLARATION-OF-CONFORMITY-TLED.pdf\">D\u00e9claration de conformit\u00e9 CE TLED<\/a><\/p>\n<p><a href=\"https:\/\/www.secretjardin.com\/wp-content\/uploads\/2019\/05\/tled26-ce-emc-1.pdf\">Certificat CE CEM TLED26<\/a><br \/>\n<a href=\"https:\/\/www.secretjardin.com\/wp-content\/uploads\/2019\/05\/tled26-ce-lvd.pdf\">Certificat CE LVD TLED26<\/a><br \/>\n<a href=\"https:\/\/www.secretjardin.com\/wp-content\/uploads\/2019\/05\/tled26-fcc-1.pdf\">V\u00e9rification FCC TLED26<\/a><br \/>\n<a href=\"https:\/\/www.secretjardin.com\/wp-content\/uploads\/2019\/05\/tled42-ce-emc.pdf\">Certificat CE CEM TLED42<\/a><br \/>\n<a href=\"https:\/\/www.secretjardin.com\/wp-content\/uploads\/2019\/05\/tled42-ce-lvd.pdf\">Certificat CE LVD TLED42<\/a><br \/>\n<a href=\"https:\/\/www.secretjardin.com\/wp-content\/uploads\/2019\/05\/tled42-fcc.pdf\">V\u00e9rification FCC TLED42<\/a><br \/>\n<a href=\"https:\/\/www.secretjardin.com\/wp-content\/uploads\/2019\/05\/ulcsa-certificate-tled.pdf\">UL et CSA TLED26 \/ 42W<\/a><\/p>\n<p><em><strong>LED COSMORROW<\/strong><\/em><\/p>\n<p><a href=\"https:\/\/www.secretjardin.com\/wp-content\/uploads\/2020\/05\/201912-CERTIFICATE-COSMORROW-LED-CE-EMC.pdf\">Certificat CEM CE COL<\/a><br \/>\n<a href=\"https:\/\/www.secretjardin.com\/wp-content\/uploads\/2020\/05\/201912-CERTIFICATE-COSMORROW-LED-IP65.pdf\">Certificat CE IP65 COL<\/a><br \/>\n<a href=\"https:\/\/www.secretjardin.com\/wp-content\/uploads\/2020\/05\/201912-CERTIFICATE-COSMORROW-LED-CE-FCC.pdf\">V\u00e9rification FCC COL<\/a><br \/>\n<a href=\"https:\/\/www.secretjardin.com\/wp-content\/uploads\/2020\/05\/201912-CERTIFICATE-COSMORROW-LED-ROHS.pdf\">Certificat ROHS COL<\/a><\/p>\n<p><em><strong>TNOLED KIT<\/strong><\/em><\/p>\n<p><a href=\"https:\/\/www.secretjardin.com\/wp-content\/uploads\/2024\/03\/TNO40GR-DSS_SZEM2311007259LM-Ver_CE.pdf\">V\u00e9rification EMC CE TNO40GR<\/a><br \/>\n<a href=\"https:\/\/www.secretjardin.com\/wp-content\/uploads\/2024\/03\/TNO40GR-DSS_SZEM2311007259LM-UKCA-VOC.pdf\">V\u00e9rification EMC UKCA TNO40GR<\/a><br \/>\n<a href=\"https:\/\/www.secretjardin.com\/wp-content\/uploads\/2024\/03\/TNO40GR-DSS_SZEM2311007260LM-Ver_FCC-SDOC.pdf\">V\u00e9rification EMC FCC TNO40GR<\/a><\/p>\n<p><a href=\"https:\/\/www.secretjardin.com\/wp-content\/uploads\/2024\/03\/TNO80GR-DSS_SZEM2311007262LM-Ver_CE.pdf\">V\u00e9rification EMC CE TNO80GR<\/a><br \/>\n<a href=\"https:\/\/www.secretjardin.com\/wp-content\/uploads\/2024\/03\/TNO80GR-DSS_SZEM2311007262LM-UKCA-VOC.pdf\">V\u00e9rification EMC UKCA TNO80GR<\/a><br \/>\n<a href=\"https:\/\/www.secretjardin.com\/wp-content\/uploads\/2024\/03\/TNO80GR-DSS_SZEM2311007263LM-Ver_FCC-SDOC.pdf\">V\u00e9rification EMC FCC TNO80GR<\/a><br \/>\n[\/vc_column_text][\/vc_column][\/vc_row][vc_row][vc_column width=\u00a0\u00bb1\/3&Prime;]<h3 class=\"vcex-module vcex-heading wpex-text-2xl wpex-font-normal wpex-m-auto wpex-max-w-100 vcex-heading-plain wpex-block wpex-text-left\"><span class=\"vcex-heading-inner wpex-inline-block wpex-clr\">\u00c9CLAIRAGE<\/span><\/h3>[vc_single_image image=\u00a0\u00bb9825&Prime; img_size=\u00a0\u00bblarge\u00a0\u00bb add_caption=\u00a0\u00bbyes\u00a0\u00bb][vc_column_text]<em><strong>COSMORROW POWER<\/strong><\/em><\/p>\n<p><a href=\"https:\/\/www.secretjardin.com\/wp-content\/uploads\/2023\/06\/202005-CE-DECLARATION-OF-CONFORMITY-COSMORROW-1.pdf\">D\u00e9claration de conformit\u00e9 CE COM20 COM40 COM40D COM80D<\/a><\/p>\n<p><a href=\"https:\/\/www.secretjardin.com\/wp-content\/uploads\/2020\/05\/24W36W-ROHS-certificate.pdf\">Certificat ROHS TOUS COMORROW<\/a><br \/>\n<a href=\"https:\/\/www.secretjardin.com\/wp-content\/uploads\/2020\/05\/24W36W-CE-EMC-Cert.-18year.pdf\">Certificat CE CEM COM20<\/a><br \/>\n<a href=\"https:\/\/www.secretjardin.com\/wp-content\/uploads\/2020\/05\/24W36W-CE-LVD-cert.-18-year.pdf\">Certificat CE LVD COM20<\/a><br \/>\n<a href=\"https:\/\/www.secretjardin.com\/wp-content\/uploads\/2020\/05\/36W24W-FCC-Certificate.pdf\">V\u00e9rification FCC COM20<\/a><br \/>\n<a href=\"https:\/\/www.secretjardin.com\/wp-content\/uploads\/2020\/05\/24W36WUL.pdf\">Certificat UL COM20<\/a><br \/>\n<a href=\"https:\/\/www.secretjardin.com\/wp-content\/uploads\/2020\/05\/36W-GS-Certificate.pdf\">Certificat GS COM20<\/a><\/p>\n<p><a href=\"https:\/\/www.secretjardin.com\/wp-content\/uploads\/2020\/05\/72W-CE-EMC-Cert..pdf\">Certificat CE CEM COM40 COM40D<\/a><br \/>\n<a href=\"https:\/\/www.secretjardin.com\/wp-content\/uploads\/2020\/05\/72W-CE-LVD-Cert.pdf\">Certificat CE LVD COM40 COM40D<\/a><br \/>\n<a href=\"https:\/\/www.secretjardin.com\/wp-content\/uploads\/2020\/05\/72W-FCC-Cert..pdf\">V\u00e9rification FCC COM40 COM40D<\/a><br \/>\n<a href=\"https:\/\/www.secretjardin.com\/wp-content\/uploads\/2020\/05\/72W-C8-UL-certificate.pdf\">Certificat UL COM40 COM40D<\/a><br \/>\n<a href=\"https:\/\/www.secretjardin.com\/wp-content\/uploads\/2020\/05\/72W-SAA-certificate.pdf\">Certificat SAA COM40 COM40D<\/a><\/p>\n<p><a href=\"https:\/\/www.secretjardin.com\/wp-content\/uploads\/2020\/05\/120W-CE-EMC-Cert..pdf\">Certificat CE CEM COM80D<\/a><br \/>\n<a href=\"https:\/\/www.secretjardin.com\/wp-content\/uploads\/2020\/05\/120W-CE-LVD-Cert.pdf\">Certificat CE LVD COM80D<\/a><br \/>\n<a href=\"https:\/\/www.secretjardin.com\/wp-content\/uploads\/2020\/05\/120W-FCC-Cert..pdf\">V\u00e9rification FCC COM80D<\/a><br \/>\n<a href=\"https:\/\/www.secretjardin.com\/wp-content\/uploads\/2020\/05\/120W-UL-Certificate.pdf\">Certificat UL COM80D<\/a><br \/>\n<a href=\"https:\/\/www.secretjardin.com\/wp-content\/uploads\/2020\/05\/120W-SAA-Cert-Class-II.pdf\">Certificat SAA COM80D<\/a>[\/vc_column_text][\/vc_column][vc_column width=\u00a0\u00bb1\/3&Prime;][\/vc_column][vc_column width=\u00a0\u00bb1\/3&Prime;][\/vc_column][\/vc_row]\n","protected":false},"excerpt":{"rendered":"<p>[vc_row][vc_column][vc_column_text]Dans un souci de transparence absolue avec ses diff\u00e9rents interlocuteurs, Secret Jardin vous donne la possibilit\u00e9 d&rsquo;avoir acc\u00e8s aux diff\u00e9rents documents de certification concernant ses ventilateurs et son \u00e9clairage. Ces certifications garantissent une qualit\u00e9 et une s\u00e9curit\u00e9 optimales de vos&hellip;<\/p>\n","protected":false},"author":2,"featured_media":0,"parent":7593,"menu_order":1,"comment_status":"closed","ping_status":"closed","template":"templates\/no-sidebar.php","meta":{"_acf_changed":false,"footnotes":""},"class_list":["post-7616","page","type-page","status-publish","hentry","entry","no-media"],"acf":[],"yoast_head":"<!-- This site is optimized with the Yoast SEO plugin v27.5 - https:\/\/yoast.com\/product\/yoast-seo-wordpress\/ -->\n<title>Documents certifi\u00e9s - Secret Jardin<\/title>\n<meta name=\"robots\" content=\"index, follow, max-snippet:-1, max-image-preview:large, max-video-preview:-1\" \/>\n<link rel=\"canonical\" href=\"https:\/\/www.secretjardin.com\/fr\/certifications\/documents-certifies\/\" \/>\n<meta property=\"og:locale\" content=\"fr_FR\" \/>\n<meta property=\"og:type\" content=\"article\" \/>\n<meta property=\"og:title\" content=\"Documents certifi\u00e9s - Secret Jardin\" \/>\n<meta property=\"og:description\" content=\"[vc_row][vc_column][vc_column_text]Dans un souci de transparence absolue avec ses diff\u00e9rents interlocuteurs, Secret Jardin vous donne la possibilit\u00e9 d&rsquo;avoir acc\u00e8s aux diff\u00e9rents documents de certification concernant ses ventilateurs et son \u00e9clairage. Ces certifications garantissent une qualit\u00e9 et une s\u00e9curit\u00e9 optimales de vos&hellip;\" \/>\n<meta property=\"og:url\" content=\"https:\/\/www.secretjardin.com\/fr\/certifications\/documents-certifies\/\" \/>\n<meta property=\"og:site_name\" content=\"Secret Jardin\" \/>\n<meta property=\"article:publisher\" content=\"https:\/\/www.facebook.com\/SecretJardin\/\" \/>\n<meta property=\"article:modified_time\" content=\"2024-12-10T10:03:14+00:00\" \/>\n<meta name=\"twitter:card\" content=\"summary_large_image\" \/>\n<meta name=\"twitter:label1\" content=\"Dur\u00e9e de lecture estim\u00e9e\" \/>\n\t<meta name=\"twitter:data1\" content=\"4 minutes\" \/>\n<script type=\"application\/ld+json\" class=\"yoast-schema-graph\">{\"@context\":\"https:\\\/\\\/schema.org\",\"@graph\":[{\"@type\":\"WebPage\",\"@id\":\"https:\\\/\\\/www.secretjardin.com\\\/fr\\\/certifications\\\/documents-certifies\\\/\",\"url\":\"https:\\\/\\\/www.secretjardin.com\\\/fr\\\/certifications\\\/documents-certifies\\\/\",\"name\":\"Documents certifi\u00e9s - Secret Jardin\",\"isPartOf\":{\"@id\":\"https:\\\/\\\/www.secretjardin.com\\\/fr\\\/#website\"},\"datePublished\":\"2019-11-29T15:13:52+00:00\",\"dateModified\":\"2024-12-10T10:03:14+00:00\",\"breadcrumb\":{\"@id\":\"https:\\\/\\\/www.secretjardin.com\\\/fr\\\/certifications\\\/documents-certifies\\\/#breadcrumb\"},\"inLanguage\":\"fr-FR\",\"potentialAction\":[{\"@type\":\"ReadAction\",\"target\":[\"https:\\\/\\\/www.secretjardin.com\\\/fr\\\/certifications\\\/documents-certifies\\\/\"]}]},{\"@type\":\"BreadcrumbList\",\"@id\":\"https:\\\/\\\/www.secretjardin.com\\\/fr\\\/certifications\\\/documents-certifies\\\/#breadcrumb\",\"itemListElement\":[{\"@type\":\"ListItem\",\"position\":1,\"name\":\"Home\",\"item\":\"https:\\\/\\\/www.secretjardin.com\\\/fr\\\/\"},{\"@type\":\"ListItem\",\"position\":2,\"name\":\"Certifications\",\"item\":\"https:\\\/\\\/www.secretjardin.com\\\/fr\\\/ressources\\\/certifications\\\/\"},{\"@type\":\"ListItem\",\"position\":3,\"name\":\"Documents certifi\u00e9s\"}]},{\"@type\":\"WebSite\",\"@id\":\"https:\\\/\\\/www.secretjardin.com\\\/fr\\\/#website\",\"url\":\"https:\\\/\\\/www.secretjardin.com\\\/fr\\\/\",\"name\":\"Secret Jardin\",\"description\":\"\",\"publisher\":{\"@id\":\"https:\\\/\\\/www.secretjardin.com\\\/fr\\\/#organization\"},\"potentialAction\":[{\"@type\":\"SearchAction\",\"target\":{\"@type\":\"EntryPoint\",\"urlTemplate\":\"https:\\\/\\\/www.secretjardin.com\\\/fr\\\/?s={search_term_string}\"},\"query-input\":{\"@type\":\"PropertyValueSpecification\",\"valueRequired\":true,\"valueName\":\"search_term_string\"}}],\"inLanguage\":\"fr-FR\"},{\"@type\":\"Organization\",\"@id\":\"https:\\\/\\\/www.secretjardin.com\\\/fr\\\/#organization\",\"name\":\"Secret Jardin\",\"url\":\"https:\\\/\\\/www.secretjardin.com\\\/fr\\\/\",\"logo\":{\"@type\":\"ImageObject\",\"inLanguage\":\"fr-FR\",\"@id\":\"https:\\\/\\\/www.secretjardin.com\\\/fr\\\/#\\\/schema\\\/logo\\\/image\\\/\",\"url\":\"https:\\\/\\\/www.secretjardin.com\\\/wp-content\\\/uploads\\\/2019\\\/05\\\/header_logo.png\",\"contentUrl\":\"https:\\\/\\\/www.secretjardin.com\\\/wp-content\\\/uploads\\\/2019\\\/05\\\/header_logo.png\",\"width\":481,\"height\":198,\"caption\":\"Secret Jardin\"},\"image\":{\"@id\":\"https:\\\/\\\/www.secretjardin.com\\\/fr\\\/#\\\/schema\\\/logo\\\/image\\\/\"},\"sameAs\":[\"https:\\\/\\\/www.facebook.com\\\/SecretJardin\\\/\",\"https:\\\/\\\/www.instagram.com\\\/secretjardin_\\\/?hl=fr\",\"https:\\\/\\\/www.linkedin.com\\\/company\\\/secret-jardin\\\/about\\\/\"]}]}<\/script>\n<!-- \/ Yoast SEO plugin. -->","yoast_head_json":{"title":"Documents certifi\u00e9s - Secret Jardin","robots":{"index":"index","follow":"follow","max-snippet":"max-snippet:-1","max-image-preview":"max-image-preview:large","max-video-preview":"max-video-preview:-1"},"canonical":"https:\/\/www.secretjardin.com\/fr\/certifications\/documents-certifies\/","og_locale":"fr_FR","og_type":"article","og_title":"Documents certifi\u00e9s - Secret Jardin","og_description":"[vc_row][vc_column][vc_column_text]Dans un souci de transparence absolue avec ses diff\u00e9rents interlocuteurs, Secret Jardin vous donne la possibilit\u00e9 d&rsquo;avoir acc\u00e8s aux diff\u00e9rents documents de certification concernant ses ventilateurs et son \u00e9clairage. Ces certifications garantissent une qualit\u00e9 et une s\u00e9curit\u00e9 optimales de vos&hellip;","og_url":"https:\/\/www.secretjardin.com\/fr\/certifications\/documents-certifies\/","og_site_name":"Secret Jardin","article_publisher":"https:\/\/www.facebook.com\/SecretJardin\/","article_modified_time":"2024-12-10T10:03:14+00:00","twitter_card":"summary_large_image","twitter_misc":{"Dur\u00e9e de lecture estim\u00e9e":"4 minutes"},"schema":{"@context":"https:\/\/schema.org","@graph":[{"@type":"WebPage","@id":"https:\/\/www.secretjardin.com\/fr\/certifications\/documents-certifies\/","url":"https:\/\/www.secretjardin.com\/fr\/certifications\/documents-certifies\/","name":"Documents certifi\u00e9s - Secret Jardin","isPartOf":{"@id":"https:\/\/www.secretjardin.com\/fr\/#website"},"datePublished":"2019-11-29T15:13:52+00:00","dateModified":"2024-12-10T10:03:14+00:00","breadcrumb":{"@id":"https:\/\/www.secretjardin.com\/fr\/certifications\/documents-certifies\/#breadcrumb"},"inLanguage":"fr-FR","potentialAction":[{"@type":"ReadAction","target":["https:\/\/www.secretjardin.com\/fr\/certifications\/documents-certifies\/"]}]},{"@type":"BreadcrumbList","@id":"https:\/\/www.secretjardin.com\/fr\/certifications\/documents-certifies\/#breadcrumb","itemListElement":[{"@type":"ListItem","position":1,"name":"Home","item":"https:\/\/www.secretjardin.com\/fr\/"},{"@type":"ListItem","position":2,"name":"Certifications","item":"https:\/\/www.secretjardin.com\/fr\/ressources\/certifications\/"},{"@type":"ListItem","position":3,"name":"Documents certifi\u00e9s"}]},{"@type":"WebSite","@id":"https:\/\/www.secretjardin.com\/fr\/#website","url":"https:\/\/www.secretjardin.com\/fr\/","name":"Secret Jardin","description":"","publisher":{"@id":"https:\/\/www.secretjardin.com\/fr\/#organization"},"potentialAction":[{"@type":"SearchAction","target":{"@type":"EntryPoint","urlTemplate":"https:\/\/www.secretjardin.com\/fr\/?s={search_term_string}"},"query-input":{"@type":"PropertyValueSpecification","valueRequired":true,"valueName":"search_term_string"}}],"inLanguage":"fr-FR"},{"@type":"Organization","@id":"https:\/\/www.secretjardin.com\/fr\/#organization","name":"Secret Jardin","url":"https:\/\/www.secretjardin.com\/fr\/","logo":{"@type":"ImageObject","inLanguage":"fr-FR","@id":"https:\/\/www.secretjardin.com\/fr\/#\/schema\/logo\/image\/","url":"https:\/\/www.secretjardin.com\/wp-content\/uploads\/2019\/05\/header_logo.png","contentUrl":"https:\/\/www.secretjardin.com\/wp-content\/uploads\/2019\/05\/header_logo.png","width":481,"height":198,"caption":"Secret Jardin"},"image":{"@id":"https:\/\/www.secretjardin.com\/fr\/#\/schema\/logo\/image\/"},"sameAs":["https:\/\/www.facebook.com\/SecretJardin\/","https:\/\/www.instagram.com\/secretjardin_\/?hl=fr","https:\/\/www.linkedin.com\/company\/secret-jardin\/about\/"]}]}},"_links":{"self":[{"href":"https:\/\/www.secretjardin.com\/fr\/wp-json\/wp\/v2\/pages\/7616","targetHints":{"allow":["GET"]}}],"collection":[{"href":"https:\/\/www.secretjardin.com\/fr\/wp-json\/wp\/v2\/pages"}],"about":[{"href":"https:\/\/www.secretjardin.com\/fr\/wp-json\/wp\/v2\/types\/page"}],"author":[{"embeddable":true,"href":"https:\/\/www.secretjardin.com\/fr\/wp-json\/wp\/v2\/users\/2"}],"replies":[{"embeddable":true,"href":"https:\/\/www.secretjardin.com\/fr\/wp-json\/wp\/v2\/comments?post=7616"}],"version-history":[{"count":0,"href":"https:\/\/www.secretjardin.com\/fr\/wp-json\/wp\/v2\/pages\/7616\/revisions"}],"up":[{"embeddable":true,"href":"https:\/\/www.secretjardin.com\/fr\/wp-json\/wp\/v2\/pages\/7593"}],"wp:attachment":[{"href":"https:\/\/www.secretjardin.com\/fr\/wp-json\/wp\/v2\/media?parent=7616"}],"curies":[{"name":"wp","href":"https:\/\/api.w.org\/{rel}","templated":true}]}}