{"id":31431,"date":"2022-05-25T12:33:00","date_gmt":"2022-05-25T12:33:00","guid":{"rendered":"https:\/\/www.secretjardin.com\/web-plant-supports\/"},"modified":"2023-12-01T13:34:11","modified_gmt":"2023-12-01T13:34:11","slug":"web-plant-supports","status":"publish","type":"page","link":"https:\/\/www.secretjardin.com\/fr\/web-plant-supports\/","title":{"rendered":"SPACE BOOSTER &#038; SUPPORTS DE PLANTES"},"content":{"rendered":"","protected":false},"excerpt":{"rendered":"","protected":false},"author":6,"featured_media":0,"parent":0,"menu_order":0,"comment_status":"closed","ping_status":"closed","template":"template-category.php","meta":{"_acf_changed":false,"footnotes":""},"class_list":["post-31431","page","type-page","status-publish","hentry","entry","no-media"],"acf":[],"yoast_head":"<!-- This site is optimized with the Yoast SEO plugin v27.5 - https:\/\/yoast.com\/product\/yoast-seo-wordpress\/ -->\n<title>SPACE BOOSTER &amp; SUPPORTS DE PLANTES - Secret Jardin<\/title>\n<meta name=\"description\" content=\"Augmentez votre espace de culture jusqu&#039;\u00e0 25 % avec notre syst\u00e8me Space Boster. Il maintient le mat\u00e9riau de la tente de culture \u00e9loign\u00e9 de vos plantes lors d&#039;une extraction \u00e0 haute puissance. Il renforce votre tente et l&#039;emp\u00eache d&#039;imploser. Il peut \u00e9galement \u00eatre utilis\u00e9 pour maintenir le WebIT en place.\" \/>\n<meta name=\"robots\" content=\"index, follow, max-snippet:-1, max-image-preview:large, max-video-preview:-1\" \/>\n<link rel=\"canonical\" href=\"https:\/\/www.secretjardin.com\/fr\/web-plant-supports\/\" \/>\n<meta property=\"og:locale\" content=\"fr_FR\" \/>\n<meta property=\"og:type\" content=\"article\" \/>\n<meta property=\"og:title\" content=\"SPACE BOOSTER &amp; SUPPORTS DE PLANTES - Secret Jardin\" \/>\n<meta property=\"og:description\" content=\"Augmentez votre espace de culture jusqu&#039;\u00e0 25 % avec notre syst\u00e8me Space Boster. Il maintient le mat\u00e9riau de la tente de culture \u00e9loign\u00e9 de vos plantes lors d&#039;une extraction \u00e0 haute puissance. Il renforce votre tente et l&#039;emp\u00eache d&#039;imploser. Il peut \u00e9galement \u00eatre utilis\u00e9 pour maintenir le WebIT en place.\" \/>\n<meta property=\"og:url\" content=\"https:\/\/www.secretjardin.com\/fr\/web-plant-supports\/\" \/>\n<meta property=\"og:site_name\" content=\"Secret Jardin\" \/>\n<meta property=\"article:publisher\" content=\"https:\/\/www.facebook.com\/SecretJardin\/\" \/>\n<meta property=\"article:modified_time\" content=\"2023-12-01T13:34:11+00:00\" \/>\n<meta name=\"twitter:card\" content=\"summary_large_image\" \/>\n<script type=\"application\/ld+json\" class=\"yoast-schema-graph\">{\"@context\":\"https:\\\/\\\/schema.org\",\"@graph\":[{\"@type\":\"WebPage\",\"@id\":\"https:\\\/\\\/www.secretjardin.com\\\/fr\\\/web-plant-supports\\\/\",\"url\":\"https:\\\/\\\/www.secretjardin.com\\\/fr\\\/web-plant-supports\\\/\",\"name\":\"SPACE BOOSTER & SUPPORTS DE PLANTES - Secret Jardin\",\"isPartOf\":{\"@id\":\"https:\\\/\\\/www.secretjardin.com\\\/fr\\\/#website\"},\"datePublished\":\"2022-05-25T12:33:00+00:00\",\"dateModified\":\"2023-12-01T13:34:11+00:00\",\"description\":\"Augmentez votre espace de culture jusqu'\u00e0 25 % avec notre syst\u00e8me Space Boster. Il maintient le mat\u00e9riau de la tente de culture \u00e9loign\u00e9 de vos plantes lors d'une extraction \u00e0 haute puissance. Il renforce votre tente et l'emp\u00eache d'imploser. Il peut \u00e9galement \u00eatre utilis\u00e9 pour maintenir le WebIT en place.\",\"breadcrumb\":{\"@id\":\"https:\\\/\\\/www.secretjardin.com\\\/fr\\\/web-plant-supports\\\/#breadcrumb\"},\"inLanguage\":\"fr-FR\",\"potentialAction\":[{\"@type\":\"ReadAction\",\"target\":[\"https:\\\/\\\/www.secretjardin.com\\\/fr\\\/web-plant-supports\\\/\"]}]},{\"@type\":\"BreadcrumbList\",\"@id\":\"https:\\\/\\\/www.secretjardin.com\\\/fr\\\/web-plant-supports\\\/#breadcrumb\",\"itemListElement\":[{\"@type\":\"ListItem\",\"position\":1,\"name\":\"Home\",\"item\":\"https:\\\/\\\/www.secretjardin.com\\\/fr\\\/\"},{\"@type\":\"ListItem\",\"position\":2,\"name\":\"SPACE BOOSTER &#038; SUPPORTS DE PLANTES\"}]},{\"@type\":\"WebSite\",\"@id\":\"https:\\\/\\\/www.secretjardin.com\\\/fr\\\/#website\",\"url\":\"https:\\\/\\\/www.secretjardin.com\\\/fr\\\/\",\"name\":\"Secret Jardin\",\"description\":\"\",\"publisher\":{\"@id\":\"https:\\\/\\\/www.secretjardin.com\\\/fr\\\/#organization\"},\"potentialAction\":[{\"@type\":\"SearchAction\",\"target\":{\"@type\":\"EntryPoint\",\"urlTemplate\":\"https:\\\/\\\/www.secretjardin.com\\\/fr\\\/?s={search_term_string}\"},\"query-input\":{\"@type\":\"PropertyValueSpecification\",\"valueRequired\":true,\"valueName\":\"search_term_string\"}}],\"inLanguage\":\"fr-FR\"},{\"@type\":\"Organization\",\"@id\":\"https:\\\/\\\/www.secretjardin.com\\\/fr\\\/#organization\",\"name\":\"Secret Jardin\",\"url\":\"https:\\\/\\\/www.secretjardin.com\\\/fr\\\/\",\"logo\":{\"@type\":\"ImageObject\",\"inLanguage\":\"fr-FR\",\"@id\":\"https:\\\/\\\/www.secretjardin.com\\\/fr\\\/#\\\/schema\\\/logo\\\/image\\\/\",\"url\":\"https:\\\/\\\/www.secretjardin.com\\\/wp-content\\\/uploads\\\/2019\\\/05\\\/header_logo.png\",\"contentUrl\":\"https:\\\/\\\/www.secretjardin.com\\\/wp-content\\\/uploads\\\/2019\\\/05\\\/header_logo.png\",\"width\":481,\"height\":198,\"caption\":\"Secret Jardin\"},\"image\":{\"@id\":\"https:\\\/\\\/www.secretjardin.com\\\/fr\\\/#\\\/schema\\\/logo\\\/image\\\/\"},\"sameAs\":[\"https:\\\/\\\/www.facebook.com\\\/SecretJardin\\\/\",\"https:\\\/\\\/www.instagram.com\\\/secretjardin_\\\/?hl=fr\",\"https:\\\/\\\/www.linkedin.com\\\/company\\\/secret-jardin\\\/about\\\/\"]}]}<\/script>\n<!-- \/ Yoast SEO plugin. -->","yoast_head_json":{"title":"SPACE BOOSTER & SUPPORTS DE PLANTES - Secret Jardin","description":"Augmentez votre espace de culture jusqu'\u00e0 25 % avec notre syst\u00e8me Space Boster. Il maintient le mat\u00e9riau de la tente de culture \u00e9loign\u00e9 de vos plantes lors d'une extraction \u00e0 haute puissance. Il renforce votre tente et l'emp\u00eache d'imploser. Il peut \u00e9galement \u00eatre utilis\u00e9 pour maintenir le WebIT en place.","robots":{"index":"index","follow":"follow","max-snippet":"max-snippet:-1","max-image-preview":"max-image-preview:large","max-video-preview":"max-video-preview:-1"},"canonical":"https:\/\/www.secretjardin.com\/fr\/web-plant-supports\/","og_locale":"fr_FR","og_type":"article","og_title":"SPACE BOOSTER & SUPPORTS DE PLANTES - Secret Jardin","og_description":"Augmentez votre espace de culture jusqu'\u00e0 25 % avec notre syst\u00e8me Space Boster. Il maintient le mat\u00e9riau de la tente de culture \u00e9loign\u00e9 de vos plantes lors d'une extraction \u00e0 haute puissance. Il renforce votre tente et l'emp\u00eache d'imploser. Il peut \u00e9galement \u00eatre utilis\u00e9 pour maintenir le WebIT en place.","og_url":"https:\/\/www.secretjardin.com\/fr\/web-plant-supports\/","og_site_name":"Secret Jardin","article_publisher":"https:\/\/www.facebook.com\/SecretJardin\/","article_modified_time":"2023-12-01T13:34:11+00:00","twitter_card":"summary_large_image","schema":{"@context":"https:\/\/schema.org","@graph":[{"@type":"WebPage","@id":"https:\/\/www.secretjardin.com\/fr\/web-plant-supports\/","url":"https:\/\/www.secretjardin.com\/fr\/web-plant-supports\/","name":"SPACE BOOSTER & SUPPORTS DE PLANTES - Secret Jardin","isPartOf":{"@id":"https:\/\/www.secretjardin.com\/fr\/#website"},"datePublished":"2022-05-25T12:33:00+00:00","dateModified":"2023-12-01T13:34:11+00:00","description":"Augmentez votre espace de culture jusqu'\u00e0 25 % avec notre syst\u00e8me Space Boster. Il maintient le mat\u00e9riau de la tente de culture \u00e9loign\u00e9 de vos plantes lors d'une extraction \u00e0 haute puissance. Il renforce votre tente et l'emp\u00eache d'imploser. Il peut \u00e9galement \u00eatre utilis\u00e9 pour maintenir le WebIT en place.","breadcrumb":{"@id":"https:\/\/www.secretjardin.com\/fr\/web-plant-supports\/#breadcrumb"},"inLanguage":"fr-FR","potentialAction":[{"@type":"ReadAction","target":["https:\/\/www.secretjardin.com\/fr\/web-plant-supports\/"]}]},{"@type":"BreadcrumbList","@id":"https:\/\/www.secretjardin.com\/fr\/web-plant-supports\/#breadcrumb","itemListElement":[{"@type":"ListItem","position":1,"name":"Home","item":"https:\/\/www.secretjardin.com\/fr\/"},{"@type":"ListItem","position":2,"name":"SPACE BOOSTER &#038; SUPPORTS DE PLANTES"}]},{"@type":"WebSite","@id":"https:\/\/www.secretjardin.com\/fr\/#website","url":"https:\/\/www.secretjardin.com\/fr\/","name":"Secret Jardin","description":"","publisher":{"@id":"https:\/\/www.secretjardin.com\/fr\/#organization"},"potentialAction":[{"@type":"SearchAction","target":{"@type":"EntryPoint","urlTemplate":"https:\/\/www.secretjardin.com\/fr\/?s={search_term_string}"},"query-input":{"@type":"PropertyValueSpecification","valueRequired":true,"valueName":"search_term_string"}}],"inLanguage":"fr-FR"},{"@type":"Organization","@id":"https:\/\/www.secretjardin.com\/fr\/#organization","name":"Secret Jardin","url":"https:\/\/www.secretjardin.com\/fr\/","logo":{"@type":"ImageObject","inLanguage":"fr-FR","@id":"https:\/\/www.secretjardin.com\/fr\/#\/schema\/logo\/image\/","url":"https:\/\/www.secretjardin.com\/wp-content\/uploads\/2019\/05\/header_logo.png","contentUrl":"https:\/\/www.secretjardin.com\/wp-content\/uploads\/2019\/05\/header_logo.png","width":481,"height":198,"caption":"Secret Jardin"},"image":{"@id":"https:\/\/www.secretjardin.com\/fr\/#\/schema\/logo\/image\/"},"sameAs":["https:\/\/www.facebook.com\/SecretJardin\/","https:\/\/www.instagram.com\/secretjardin_\/?hl=fr","https:\/\/www.linkedin.com\/company\/secret-jardin\/about\/"]}]}},"_links":{"self":[{"href":"https:\/\/www.secretjardin.com\/fr\/wp-json\/wp\/v2\/pages\/31431","targetHints":{"allow":["GET"]}}],"collection":[{"href":"https:\/\/www.secretjardin.com\/fr\/wp-json\/wp\/v2\/pages"}],"about":[{"href":"https:\/\/www.secretjardin.com\/fr\/wp-json\/wp\/v2\/types\/page"}],"author":[{"embeddable":true,"href":"https:\/\/www.secretjardin.com\/fr\/wp-json\/wp\/v2\/users\/6"}],"replies":[{"embeddable":true,"href":"https:\/\/www.secretjardin.com\/fr\/wp-json\/wp\/v2\/comments?post=31431"}],"version-history":[{"count":0,"href":"https:\/\/www.secretjardin.com\/fr\/wp-json\/wp\/v2\/pages\/31431\/revisions"}],"wp:attachment":[{"href":"https:\/\/www.secretjardin.com\/fr\/wp-json\/wp\/v2\/media?parent=31431"}],"curies":[{"name":"wp","href":"https:\/\/api.w.org\/{rel}","templated":true}]}}