{"id":31376,"date":"2022-05-25T10:24:05","date_gmt":"2022-05-25T10:24:05","guid":{"rendered":"https:\/\/www.secretjardin.com\/dryers\/"},"modified":"2022-10-06T11:56:09","modified_gmt":"2022-10-06T11:56:09","slug":"dryers","status":"publish","type":"page","link":"https:\/\/www.secretjardin.com\/fr\/dryers\/","title":{"rendered":"S\u00c9CHEURS"},"content":{"rendered":"","protected":false},"excerpt":{"rendered":"","protected":false},"author":6,"featured_media":0,"parent":0,"menu_order":0,"comment_status":"closed","ping_status":"closed","template":"template-category.php","meta":{"_acf_changed":false,"footnotes":""},"class_list":["post-31376","page","type-page","status-publish","hentry","entry","no-media"],"acf":[],"yoast_head":"<!-- This site is optimized with the Yoast SEO plugin v27.4 - https:\/\/yoast.com\/product\/yoast-seo-wordpress\/ -->\n<title>S\u00c9CHEURS - Secret Jardin<\/title>\n<meta name=\"description\" content=\"Notre DRYIT est un s\u00e9cheur accessible \u00e0 360 degr\u00e9s. \u00c9quip\u00e9 d\u2019un syst\u00e8me de crochet, il est possible de fixer les produits entre eux ou sur un tube de support (HANDLING) de votre tente, apr\u00e8s votre culture.\" \/>\n<meta name=\"robots\" content=\"index, follow, max-snippet:-1, max-image-preview:large, max-video-preview:-1\" \/>\n<link rel=\"canonical\" href=\"https:\/\/www.secretjardin.com\/fr\/dryers\/\" \/>\n<meta property=\"og:locale\" content=\"fr_FR\" \/>\n<meta property=\"og:type\" content=\"article\" \/>\n<meta property=\"og:title\" content=\"S\u00c9CHEURS - Secret Jardin\" \/>\n<meta property=\"og:description\" content=\"Notre DRYIT est un s\u00e9cheur accessible \u00e0 360 degr\u00e9s. \u00c9quip\u00e9 d\u2019un syst\u00e8me de crochet, il est possible de fixer les produits entre eux ou sur un tube de support (HANDLING) de votre tente, apr\u00e8s votre culture.\" \/>\n<meta property=\"og:url\" content=\"https:\/\/www.secretjardin.com\/fr\/dryers\/\" \/>\n<meta property=\"og:site_name\" content=\"Secret Jardin\" \/>\n<meta property=\"article:publisher\" content=\"https:\/\/www.facebook.com\/SecretJardin\/\" \/>\n<meta property=\"article:modified_time\" content=\"2022-10-06T11:56:09+00:00\" \/>\n<meta name=\"twitter:card\" content=\"summary_large_image\" \/>\n<script type=\"application\/ld+json\" class=\"yoast-schema-graph\">{\"@context\":\"https:\\\/\\\/schema.org\",\"@graph\":[{\"@type\":\"WebPage\",\"@id\":\"https:\\\/\\\/www.secretjardin.com\\\/fr\\\/dryers\\\/\",\"url\":\"https:\\\/\\\/www.secretjardin.com\\\/fr\\\/dryers\\\/\",\"name\":\"S\u00c9CHEURS - Secret Jardin\",\"isPartOf\":{\"@id\":\"https:\\\/\\\/www.secretjardin.com\\\/fr\\\/#website\"},\"datePublished\":\"2022-05-25T10:24:05+00:00\",\"dateModified\":\"2022-10-06T11:56:09+00:00\",\"description\":\"Notre DRYIT est un s\u00e9cheur accessible \u00e0 360 degr\u00e9s. \u00c9quip\u00e9 d\u2019un syst\u00e8me de crochet, il est possible de fixer les produits entre eux ou sur un tube de support (HANDLING) de votre tente, apr\u00e8s votre culture.\",\"breadcrumb\":{\"@id\":\"https:\\\/\\\/www.secretjardin.com\\\/fr\\\/dryers\\\/#breadcrumb\"},\"inLanguage\":\"fr-FR\",\"potentialAction\":[{\"@type\":\"ReadAction\",\"target\":[\"https:\\\/\\\/www.secretjardin.com\\\/fr\\\/dryers\\\/\"]}]},{\"@type\":\"BreadcrumbList\",\"@id\":\"https:\\\/\\\/www.secretjardin.com\\\/fr\\\/dryers\\\/#breadcrumb\",\"itemListElement\":[{\"@type\":\"ListItem\",\"position\":1,\"name\":\"Home\",\"item\":\"https:\\\/\\\/www.secretjardin.com\\\/fr\\\/\"},{\"@type\":\"ListItem\",\"position\":2,\"name\":\"S\u00c9CHEURS\"}]},{\"@type\":\"WebSite\",\"@id\":\"https:\\\/\\\/www.secretjardin.com\\\/fr\\\/#website\",\"url\":\"https:\\\/\\\/www.secretjardin.com\\\/fr\\\/\",\"name\":\"Secret Jardin\",\"description\":\"\",\"publisher\":{\"@id\":\"https:\\\/\\\/www.secretjardin.com\\\/fr\\\/#organization\"},\"potentialAction\":[{\"@type\":\"SearchAction\",\"target\":{\"@type\":\"EntryPoint\",\"urlTemplate\":\"https:\\\/\\\/www.secretjardin.com\\\/fr\\\/?s={search_term_string}\"},\"query-input\":{\"@type\":\"PropertyValueSpecification\",\"valueRequired\":true,\"valueName\":\"search_term_string\"}}],\"inLanguage\":\"fr-FR\"},{\"@type\":\"Organization\",\"@id\":\"https:\\\/\\\/www.secretjardin.com\\\/fr\\\/#organization\",\"name\":\"Secret Jardin\",\"url\":\"https:\\\/\\\/www.secretjardin.com\\\/fr\\\/\",\"logo\":{\"@type\":\"ImageObject\",\"inLanguage\":\"fr-FR\",\"@id\":\"https:\\\/\\\/www.secretjardin.com\\\/fr\\\/#\\\/schema\\\/logo\\\/image\\\/\",\"url\":\"https:\\\/\\\/www.secretjardin.com\\\/wp-content\\\/uploads\\\/2019\\\/05\\\/header_logo.png\",\"contentUrl\":\"https:\\\/\\\/www.secretjardin.com\\\/wp-content\\\/uploads\\\/2019\\\/05\\\/header_logo.png\",\"width\":481,\"height\":198,\"caption\":\"Secret Jardin\"},\"image\":{\"@id\":\"https:\\\/\\\/www.secretjardin.com\\\/fr\\\/#\\\/schema\\\/logo\\\/image\\\/\"},\"sameAs\":[\"https:\\\/\\\/www.facebook.com\\\/SecretJardin\\\/\",\"https:\\\/\\\/www.instagram.com\\\/secretjardin_\\\/?hl=fr\",\"https:\\\/\\\/www.linkedin.com\\\/company\\\/secret-jardin\\\/about\\\/\"]}]}<\/script>\n<!-- \/ Yoast SEO plugin. -->","yoast_head_json":{"title":"S\u00c9CHEURS - Secret Jardin","description":"Notre DRYIT est un s\u00e9cheur accessible \u00e0 360 degr\u00e9s. \u00c9quip\u00e9 d\u2019un syst\u00e8me de crochet, il est possible de fixer les produits entre eux ou sur un tube de support (HANDLING) de votre tente, apr\u00e8s votre culture.","robots":{"index":"index","follow":"follow","max-snippet":"max-snippet:-1","max-image-preview":"max-image-preview:large","max-video-preview":"max-video-preview:-1"},"canonical":"https:\/\/www.secretjardin.com\/fr\/dryers\/","og_locale":"fr_FR","og_type":"article","og_title":"S\u00c9CHEURS - Secret Jardin","og_description":"Notre DRYIT est un s\u00e9cheur accessible \u00e0 360 degr\u00e9s. \u00c9quip\u00e9 d\u2019un syst\u00e8me de crochet, il est possible de fixer les produits entre eux ou sur un tube de support (HANDLING) de votre tente, apr\u00e8s votre culture.","og_url":"https:\/\/www.secretjardin.com\/fr\/dryers\/","og_site_name":"Secret Jardin","article_publisher":"https:\/\/www.facebook.com\/SecretJardin\/","article_modified_time":"2022-10-06T11:56:09+00:00","twitter_card":"summary_large_image","schema":{"@context":"https:\/\/schema.org","@graph":[{"@type":"WebPage","@id":"https:\/\/www.secretjardin.com\/fr\/dryers\/","url":"https:\/\/www.secretjardin.com\/fr\/dryers\/","name":"S\u00c9CHEURS - Secret Jardin","isPartOf":{"@id":"https:\/\/www.secretjardin.com\/fr\/#website"},"datePublished":"2022-05-25T10:24:05+00:00","dateModified":"2022-10-06T11:56:09+00:00","description":"Notre DRYIT est un s\u00e9cheur accessible \u00e0 360 degr\u00e9s. \u00c9quip\u00e9 d\u2019un syst\u00e8me de crochet, il est possible de fixer les produits entre eux ou sur un tube de support (HANDLING) de votre tente, apr\u00e8s votre culture.","breadcrumb":{"@id":"https:\/\/www.secretjardin.com\/fr\/dryers\/#breadcrumb"},"inLanguage":"fr-FR","potentialAction":[{"@type":"ReadAction","target":["https:\/\/www.secretjardin.com\/fr\/dryers\/"]}]},{"@type":"BreadcrumbList","@id":"https:\/\/www.secretjardin.com\/fr\/dryers\/#breadcrumb","itemListElement":[{"@type":"ListItem","position":1,"name":"Home","item":"https:\/\/www.secretjardin.com\/fr\/"},{"@type":"ListItem","position":2,"name":"S\u00c9CHEURS"}]},{"@type":"WebSite","@id":"https:\/\/www.secretjardin.com\/fr\/#website","url":"https:\/\/www.secretjardin.com\/fr\/","name":"Secret Jardin","description":"","publisher":{"@id":"https:\/\/www.secretjardin.com\/fr\/#organization"},"potentialAction":[{"@type":"SearchAction","target":{"@type":"EntryPoint","urlTemplate":"https:\/\/www.secretjardin.com\/fr\/?s={search_term_string}"},"query-input":{"@type":"PropertyValueSpecification","valueRequired":true,"valueName":"search_term_string"}}],"inLanguage":"fr-FR"},{"@type":"Organization","@id":"https:\/\/www.secretjardin.com\/fr\/#organization","name":"Secret Jardin","url":"https:\/\/www.secretjardin.com\/fr\/","logo":{"@type":"ImageObject","inLanguage":"fr-FR","@id":"https:\/\/www.secretjardin.com\/fr\/#\/schema\/logo\/image\/","url":"https:\/\/www.secretjardin.com\/wp-content\/uploads\/2019\/05\/header_logo.png","contentUrl":"https:\/\/www.secretjardin.com\/wp-content\/uploads\/2019\/05\/header_logo.png","width":481,"height":198,"caption":"Secret Jardin"},"image":{"@id":"https:\/\/www.secretjardin.com\/fr\/#\/schema\/logo\/image\/"},"sameAs":["https:\/\/www.facebook.com\/SecretJardin\/","https:\/\/www.instagram.com\/secretjardin_\/?hl=fr","https:\/\/www.linkedin.com\/company\/secret-jardin\/about\/"]}]}},"_links":{"self":[{"href":"https:\/\/www.secretjardin.com\/fr\/wp-json\/wp\/v2\/pages\/31376","targetHints":{"allow":["GET"]}}],"collection":[{"href":"https:\/\/www.secretjardin.com\/fr\/wp-json\/wp\/v2\/pages"}],"about":[{"href":"https:\/\/www.secretjardin.com\/fr\/wp-json\/wp\/v2\/types\/page"}],"author":[{"embeddable":true,"href":"https:\/\/www.secretjardin.com\/fr\/wp-json\/wp\/v2\/users\/6"}],"replies":[{"embeddable":true,"href":"https:\/\/www.secretjardin.com\/fr\/wp-json\/wp\/v2\/comments?post=31376"}],"version-history":[{"count":0,"href":"https:\/\/www.secretjardin.com\/fr\/wp-json\/wp\/v2\/pages\/31376\/revisions"}],"wp:attachment":[{"href":"https:\/\/www.secretjardin.com\/fr\/wp-json\/wp\/v2\/media?parent=31376"}],"curies":[{"name":"wp","href":"https:\/\/api.w.org\/{rel}","templated":true}]}}