{"id":30100,"date":"2022-04-29T14:17:41","date_gmt":"2022-04-29T14:17:41","guid":{"rendered":"https:\/\/www.secretjardin.com\/ventilation\/"},"modified":"2022-09-21T10:30:31","modified_gmt":"2022-09-21T10:30:31","slug":"ventilation","status":"publish","type":"page","link":"https:\/\/www.secretjardin.com\/fr\/ventilation\/","title":{"rendered":"VENTILATION"},"content":{"rendered":"[vc_row][vc_column][vc_column_text]\n<h3 class=\"vcex-module vcex-heading wpex-text-1xl wpex-font-normal wpex-m-auto wpex-max-w-100 vcex-heading-plain wpex-block\" style=\"color: #00a1df; font-weight: 600;\"><b>COMMENT VENTILER VOTRE TENTE DE CULTURE ?<\/b><\/h3>\n<p>Pour que l&rsquo;air de votre tente de culture soit le m\u00eame partout, les orifices d&rsquo;admission et d&rsquo;\u00e9chappement doivent \u00eatre oppos\u00e9s l&rsquo;un \u00e0 l&rsquo;autre, et l&rsquo;air entre eux doit \u00eatre m\u00e9lang\u00e9 (voir Fig 1-2-3). Dans les grandes tentes qui sont longues, on peut utiliser deux \u00e9chappements et deux prises d&rsquo;air.<\/p>\n<p><a href=\"https:\/\/www.secretjardin.com\/wp-content\/uploads\/2021\/04\/FIG-1-2-3-1.png\"><img loading=\"lazy\" decoding=\"async\" class=\"aligncenter wp-image-15715\" src=\"https:\/\/www.secretjardin.com\/wp-content\/uploads\/2021\/04\/FIG-1-2-3-1.png\" alt=\"\" width=\"700\" height=\"308\" srcset=\"https:\/\/www.secretjardin.com\/wp-content\/uploads\/2021\/04\/FIG-1-2-3-1.png 990w, https:\/\/www.secretjardin.com\/wp-content\/uploads\/2021\/04\/FIG-1-2-3-1-300x132.png 300w, https:\/\/www.secretjardin.com\/wp-content\/uploads\/2021\/04\/FIG-1-2-3-1-768x337.png 768w, https:\/\/www.secretjardin.com\/wp-content\/uploads\/2021\/04\/FIG-1-2-3-1-600x264.png 600w\" sizes=\"auto, (max-width: 700px) 100vw, 700px\" \/><\/a><\/p>\n<h3 class=\"vcex-module vcex-heading wpex-text-1xl wpex-font-normal wpex-m-auto wpex-max-w-100 vcex-heading-plain wpex-block\" style=\"color: #00a1df; font-weight: 600;\"><b>LES D\u00c9BITS POUR LES EXTRACTEURS ET LES FILTRES ?<\/b><\/h3>\n<p>Les capacit\u00e9s en m3\/h (cfm) indiqu\u00e9es sur les extracteurs sont mesur\u00e9es sans filtre et sans contraintes ext\u00e9rieures (\u00e0 l&rsquo;air libre). Il faut utiliser un filtre dont la capacit\u00e9 est au moins \u00e9gale \u00e0 celle de l&rsquo;extracteur. L&rsquo;utilisation d&rsquo;un filtre r\u00e9duit le d\u00e9bit de l&rsquo;extracteur de 30%, jusqu&rsquo;\u00e0 50% lorsqu&rsquo;il est vieux. L&rsquo;utilisation d&rsquo;une prise passive \u00a0\u00bb DUCTING FLANGE &#8211; LIGHT BAFFLE \u00a0\u00bb sur une tente de culture Secret Jardin r\u00e9duira le d\u00e9bit de 40%. Exemple pour un DS120 120cmx120cm : 350m<sup>3<\/sup>\/h sans filtre, pour un d\u00e9bit de 275m<sup>3<\/sup>\/h avec un filtre et 160m<sup>3<\/sup>\/h dans la tente avec un filtre et un d\u00e9flecteur de lumi\u00e8re : L&rsquo;air est renouvel\u00e9 toutes les 1 \u00e0 2 minutes, selon l&rsquo;\u00e9tat du filtre (160m<sup>3<\/sup>\/h \/ 60 min \/ 2.9m<sup>3<\/sup> = 0,9 fois par minute).<\/p>\n<h3 class=\"vcex-module vcex-heading wpex-text-1xl wpex-font-normal wpex-m-auto wpex-max-w-100 vcex-heading-plain wpex-block\" style=\"color: #00a1df; font-weight: 600;\"><b>FR\u00c9QUENCE D&rsquo;EXTRACTION \u00c0 UTILISER ?<\/b><\/h3>\n<p>Nous proposons trois niveaux de ventilation. \u00a0\u00bb L&rsquo;air de la tente est renouvel\u00e9 tous les ? \u00a0\u00bb<br \/>\n&#8211; 1 \u00e0 2 min : culture et culture intensive, avec des probl\u00e8mes de temp\u00e9rature (air ext\u00e9rieur &gt; 25\u00b0C ou \u00e9clairage trop chaud, comme des HPS ouvertes).<br \/>\n&#8211; 2 \u00e0 4 min : Croissance et croissance intensive, sans probl\u00e8mes de temp\u00e9rature<br \/>\n&#8211; 4 \u00e0 8 min : Propagation, semis, croissance l\u00e9g\u00e8re, v\u00e9g\u00e9tation, pas de probl\u00e8mes de temp\u00e9rature.<br \/>\nL&rsquo;extraction ne doit \u00eatre utilis\u00e9e que pour permettre aux plantes de respirer. Nous concevons nos produits de mani\u00e8re \u00e0 ce que vous n&rsquo;ayez pas besoin de les \u00a0\u00bb surventiler \u00ab\u00a0, si l&rsquo;air entrant se situe entre 15\u00b0C et 25\u00b0C et si votre syst\u00e8me d&rsquo;\u00e9clairage est froid (par exemple, LED ou HPS ventil\u00e9s).<\/p>\n<h3 class=\"vcex-module vcex-heading wpex-text-1xl wpex-font-normal wpex-m-auto wpex-max-w-100 vcex-heading-plain wpex-block\" style=\"color: #00a1df; font-weight: 600;\"><b>QUAND IL FAIT TROP CHAUD ?<\/b><\/h3>\n<p>Parfois, la temp\u00e9rature ext\u00e9rieure est trop \u00e9lev\u00e9e. Le graphique ci-contre (Fig 4), qui s&rsquo;applique aux configurations inf\u00e9rieures \u00e0 5m<sup>3<\/sup>, vous permettra d&rsquo;anticiper ces situations. Voici quelques id\u00e9es :<br \/>\n&#8211; Refroidissez l&rsquo;air entrant ou raccordez un conduit \u00e0 un endroit plus frais.<br \/>\n&#8211; Utilisez l&rsquo;\u00e9clairage pour les plantes la nuit, lorsque la temp\u00e9rature ext\u00e9rieure est la plus fra\u00eeche.<br \/>\n&#8211; Retirez \u00e9galement le filtre limiteur de d\u00e9bit, si possible.<br \/>\n&#8211; Remplacez le d\u00e9flecteur de lumi\u00e8re par un conduit suffisamment long pour emp\u00eacher la lumi\u00e8re d&rsquo;entrer.<br \/>\n&#8211; Ajouter une ou plusieurs \u00a0\u00bb prises d&rsquo;eau passives \u00a0\u00bb en ajoutant une FLANGE DE DOUBLAGE et une BAFFLE DE LUMI\u00c8RE.<br \/>\n&#8211; Ajoutez un \u00a0\u00bb extracteur \u00a0\u00bb qui souffle de l&rsquo;air dans votre tente.<\/p>\n<p><a href=\"https:\/\/www.secretjardin.com\/wp-content\/uploads\/2021\/04\/temp-vs-air-1.png\"><img loading=\"lazy\" decoding=\"async\" class=\"aligncenter wp-image-15709\" src=\"https:\/\/www.secretjardin.com\/wp-content\/uploads\/2021\/04\/temp-vs-air-1.png\" alt=\"\" width=\"600\" height=\"351\" srcset=\"https:\/\/www.secretjardin.com\/wp-content\/uploads\/2021\/04\/temp-vs-air-1.png 990w, https:\/\/www.secretjardin.com\/wp-content\/uploads\/2021\/04\/temp-vs-air-1-300x175.png 300w, https:\/\/www.secretjardin.com\/wp-content\/uploads\/2021\/04\/temp-vs-air-1-768x449.png 768w, https:\/\/www.secretjardin.com\/wp-content\/uploads\/2021\/04\/temp-vs-air-1-600x351.png 600w\" sizes=\"auto, (max-width: 600px) 100vw, 600px\" \/><\/a><\/p>\n<h3 class=\"vcex-module vcex-heading wpex-text-1xl wpex-font-normal wpex-m-auto wpex-max-w-100 vcex-heading-plain wpex-block\" style=\"color: #00a1df; font-weight: 600;\"><b>SPACE BOOSTER OU INTRACTION ?<\/b><\/h3>\n<p>Pour que l&rsquo;enveloppe ext\u00e9rieure maintienne le cadre bien en place, il doit y avoir une pression d&rsquo;air n\u00e9gative dans la tente de culture. Cela permet \u00e9galement d&rsquo;\u00e9viter l&rsquo;\u00e9mission d&rsquo;odeurs, gr\u00e2ce \u00e0 l&rsquo;ajout d&rsquo;un filtre. Plus la tente est grande, plus cette pression d&rsquo;air n\u00e9gative empi\u00e8te sur votre espace de culture, provoquant m\u00eame dans certains cas l&rsquo;implosion de votre tente. Si la tente de culture est trop grande, il faut ajouter une aspiration qui ne doit pas d\u00e9passer 70 % de l&rsquo;extraction afin de maintenir une pression d&rsquo;air n\u00e9gative \u00e0 l&rsquo;int\u00e9rieur de la tente. Sans le Space Booster, qui est fourni avec nos tentes de culture pr\u00e9-\u00e9quip\u00e9es, vous devrez ajouter cet apport \u00e0 partir des tentes 120&#215;120cmou 100&#215;100cm. Avec le SPACE BOOSTER, il faut ajouter une prise d&rsquo;air avec des tentes \u00e0 partir de 150&#215;150cm, voire plus si vous changez l&rsquo;air peu souvent, comme c&rsquo;est le cas pendant la propagation.[\/vc_column_text][\/vc_column][\/vc_row][vc_row][vc_column]\n<div id=\"malwarebytes-root\"><\/div>\n<p><html><a href=\"https:\/\/www.secretjardin.com\/fr\/\"><   Retour page d'Accueil<\/a><\/html><\/p>\n","protected":false},"excerpt":{"rendered":"<p>[vc_row][vc_column][vc_column_text] COMMENT VENTILER VOTRE TENTE DE CULTURE ? Pour que l&rsquo;air de votre tente de culture soit le m\u00eame partout, les orifices d&rsquo;admission et d&rsquo;\u00e9chappement doivent \u00eatre oppos\u00e9s l&rsquo;un \u00e0 l&rsquo;autre, et l&rsquo;air entre eux doit \u00eatre m\u00e9lang\u00e9 (voir Fig&hellip;<\/p>\n","protected":false},"author":2,"featured_media":0,"parent":0,"menu_order":0,"comment_status":"closed","ping_status":"closed","template":"templates\/no-sidebar.php","meta":{"_acf_changed":false,"footnotes":""},"class_list":["post-30100","page","type-page","status-publish","hentry","entry","no-media"],"acf":[],"yoast_head":"<!-- This site is optimized with the Yoast SEO plugin v27.5 - https:\/\/yoast.com\/product\/yoast-seo-wordpress\/ -->\n<title>VENTILATION - Secret Jardin<\/title>\n<meta name=\"robots\" content=\"index, follow, max-snippet:-1, max-image-preview:large, max-video-preview:-1\" \/>\n<link rel=\"canonical\" href=\"https:\/\/www.secretjardin.com\/fr\/ventilation\/\" \/>\n<meta property=\"og:locale\" content=\"fr_FR\" \/>\n<meta property=\"og:type\" content=\"article\" \/>\n<meta property=\"og:title\" content=\"VENTILATION - Secret Jardin\" \/>\n<meta property=\"og:description\" content=\"[vc_row][vc_column][vc_column_text] COMMENT VENTILER VOTRE TENTE DE CULTURE ? Pour que l&rsquo;air de votre tente de culture soit le m\u00eame partout, les orifices d&rsquo;admission et d&rsquo;\u00e9chappement doivent \u00eatre oppos\u00e9s l&rsquo;un \u00e0 l&rsquo;autre, et l&rsquo;air entre eux doit \u00eatre m\u00e9lang\u00e9 (voir Fig&hellip;\" \/>\n<meta property=\"og:url\" content=\"https:\/\/www.secretjardin.com\/fr\/ventilation\/\" \/>\n<meta property=\"og:site_name\" content=\"Secret Jardin\" \/>\n<meta property=\"article:publisher\" content=\"https:\/\/www.facebook.com\/SecretJardin\/\" \/>\n<meta property=\"article:modified_time\" content=\"2022-09-21T10:30:31+00:00\" \/>\n<meta property=\"og:image\" content=\"https:\/\/www.secretjardin.com\/wp-content\/uploads\/2021\/04\/FIG-1-2-3-1.png\" \/>\n<meta name=\"twitter:card\" content=\"summary_large_image\" \/>\n<meta name=\"twitter:label1\" content=\"Dur\u00e9e de lecture estim\u00e9e\" \/>\n\t<meta name=\"twitter:data1\" content=\"4 minutes\" \/>\n<script type=\"application\/ld+json\" class=\"yoast-schema-graph\">{\"@context\":\"https:\\\/\\\/schema.org\",\"@graph\":[{\"@type\":\"WebPage\",\"@id\":\"https:\\\/\\\/www.secretjardin.com\\\/fr\\\/ventilation\\\/\",\"url\":\"https:\\\/\\\/www.secretjardin.com\\\/fr\\\/ventilation\\\/\",\"name\":\"VENTILATION - Secret Jardin\",\"isPartOf\":{\"@id\":\"https:\\\/\\\/www.secretjardin.com\\\/fr\\\/#website\"},\"primaryImageOfPage\":{\"@id\":\"https:\\\/\\\/www.secretjardin.com\\\/fr\\\/ventilation\\\/#primaryimage\"},\"image\":{\"@id\":\"https:\\\/\\\/www.secretjardin.com\\\/fr\\\/ventilation\\\/#primaryimage\"},\"thumbnailUrl\":\"https:\\\/\\\/www.secretjardin.com\\\/wp-content\\\/uploads\\\/2021\\\/04\\\/FIG-1-2-3-1.png\",\"datePublished\":\"2022-04-29T14:17:41+00:00\",\"dateModified\":\"2022-09-21T10:30:31+00:00\",\"breadcrumb\":{\"@id\":\"https:\\\/\\\/www.secretjardin.com\\\/fr\\\/ventilation\\\/#breadcrumb\"},\"inLanguage\":\"fr-FR\",\"potentialAction\":[{\"@type\":\"ReadAction\",\"target\":[\"https:\\\/\\\/www.secretjardin.com\\\/fr\\\/ventilation\\\/\"]}]},{\"@type\":\"ImageObject\",\"inLanguage\":\"fr-FR\",\"@id\":\"https:\\\/\\\/www.secretjardin.com\\\/fr\\\/ventilation\\\/#primaryimage\",\"url\":\"https:\\\/\\\/www.secretjardin.com\\\/wp-content\\\/uploads\\\/2021\\\/04\\\/FIG-1-2-3-1.png\",\"contentUrl\":\"https:\\\/\\\/www.secretjardin.com\\\/wp-content\\\/uploads\\\/2021\\\/04\\\/FIG-1-2-3-1.png\"},{\"@type\":\"BreadcrumbList\",\"@id\":\"https:\\\/\\\/www.secretjardin.com\\\/fr\\\/ventilation\\\/#breadcrumb\",\"itemListElement\":[{\"@type\":\"ListItem\",\"position\":1,\"name\":\"Home\",\"item\":\"https:\\\/\\\/www.secretjardin.com\\\/fr\\\/\"},{\"@type\":\"ListItem\",\"position\":2,\"name\":\"VENTILATION\"}]},{\"@type\":\"WebSite\",\"@id\":\"https:\\\/\\\/www.secretjardin.com\\\/fr\\\/#website\",\"url\":\"https:\\\/\\\/www.secretjardin.com\\\/fr\\\/\",\"name\":\"Secret Jardin\",\"description\":\"\",\"publisher\":{\"@id\":\"https:\\\/\\\/www.secretjardin.com\\\/fr\\\/#organization\"},\"potentialAction\":[{\"@type\":\"SearchAction\",\"target\":{\"@type\":\"EntryPoint\",\"urlTemplate\":\"https:\\\/\\\/www.secretjardin.com\\\/fr\\\/?s={search_term_string}\"},\"query-input\":{\"@type\":\"PropertyValueSpecification\",\"valueRequired\":true,\"valueName\":\"search_term_string\"}}],\"inLanguage\":\"fr-FR\"},{\"@type\":\"Organization\",\"@id\":\"https:\\\/\\\/www.secretjardin.com\\\/fr\\\/#organization\",\"name\":\"Secret Jardin\",\"url\":\"https:\\\/\\\/www.secretjardin.com\\\/fr\\\/\",\"logo\":{\"@type\":\"ImageObject\",\"inLanguage\":\"fr-FR\",\"@id\":\"https:\\\/\\\/www.secretjardin.com\\\/fr\\\/#\\\/schema\\\/logo\\\/image\\\/\",\"url\":\"https:\\\/\\\/www.secretjardin.com\\\/wp-content\\\/uploads\\\/2019\\\/05\\\/header_logo.png\",\"contentUrl\":\"https:\\\/\\\/www.secretjardin.com\\\/wp-content\\\/uploads\\\/2019\\\/05\\\/header_logo.png\",\"width\":481,\"height\":198,\"caption\":\"Secret Jardin\"},\"image\":{\"@id\":\"https:\\\/\\\/www.secretjardin.com\\\/fr\\\/#\\\/schema\\\/logo\\\/image\\\/\"},\"sameAs\":[\"https:\\\/\\\/www.facebook.com\\\/SecretJardin\\\/\",\"https:\\\/\\\/www.instagram.com\\\/secretjardin_\\\/?hl=fr\",\"https:\\\/\\\/www.linkedin.com\\\/company\\\/secret-jardin\\\/about\\\/\"]}]}<\/script>\n<!-- \/ Yoast SEO plugin. -->","yoast_head_json":{"title":"VENTILATION - Secret Jardin","robots":{"index":"index","follow":"follow","max-snippet":"max-snippet:-1","max-image-preview":"max-image-preview:large","max-video-preview":"max-video-preview:-1"},"canonical":"https:\/\/www.secretjardin.com\/fr\/ventilation\/","og_locale":"fr_FR","og_type":"article","og_title":"VENTILATION - Secret Jardin","og_description":"[vc_row][vc_column][vc_column_text] COMMENT VENTILER VOTRE TENTE DE CULTURE ? Pour que l&rsquo;air de votre tente de culture soit le m\u00eame partout, les orifices d&rsquo;admission et d&rsquo;\u00e9chappement doivent \u00eatre oppos\u00e9s l&rsquo;un \u00e0 l&rsquo;autre, et l&rsquo;air entre eux doit \u00eatre m\u00e9lang\u00e9 (voir Fig&hellip;","og_url":"https:\/\/www.secretjardin.com\/fr\/ventilation\/","og_site_name":"Secret Jardin","article_publisher":"https:\/\/www.facebook.com\/SecretJardin\/","article_modified_time":"2022-09-21T10:30:31+00:00","og_image":[{"url":"https:\/\/www.secretjardin.com\/wp-content\/uploads\/2021\/04\/FIG-1-2-3-1.png","type":"","width":"","height":""}],"twitter_card":"summary_large_image","twitter_misc":{"Dur\u00e9e de lecture estim\u00e9e":"4 minutes"},"schema":{"@context":"https:\/\/schema.org","@graph":[{"@type":"WebPage","@id":"https:\/\/www.secretjardin.com\/fr\/ventilation\/","url":"https:\/\/www.secretjardin.com\/fr\/ventilation\/","name":"VENTILATION - Secret Jardin","isPartOf":{"@id":"https:\/\/www.secretjardin.com\/fr\/#website"},"primaryImageOfPage":{"@id":"https:\/\/www.secretjardin.com\/fr\/ventilation\/#primaryimage"},"image":{"@id":"https:\/\/www.secretjardin.com\/fr\/ventilation\/#primaryimage"},"thumbnailUrl":"https:\/\/www.secretjardin.com\/wp-content\/uploads\/2021\/04\/FIG-1-2-3-1.png","datePublished":"2022-04-29T14:17:41+00:00","dateModified":"2022-09-21T10:30:31+00:00","breadcrumb":{"@id":"https:\/\/www.secretjardin.com\/fr\/ventilation\/#breadcrumb"},"inLanguage":"fr-FR","potentialAction":[{"@type":"ReadAction","target":["https:\/\/www.secretjardin.com\/fr\/ventilation\/"]}]},{"@type":"ImageObject","inLanguage":"fr-FR","@id":"https:\/\/www.secretjardin.com\/fr\/ventilation\/#primaryimage","url":"https:\/\/www.secretjardin.com\/wp-content\/uploads\/2021\/04\/FIG-1-2-3-1.png","contentUrl":"https:\/\/www.secretjardin.com\/wp-content\/uploads\/2021\/04\/FIG-1-2-3-1.png"},{"@type":"BreadcrumbList","@id":"https:\/\/www.secretjardin.com\/fr\/ventilation\/#breadcrumb","itemListElement":[{"@type":"ListItem","position":1,"name":"Home","item":"https:\/\/www.secretjardin.com\/fr\/"},{"@type":"ListItem","position":2,"name":"VENTILATION"}]},{"@type":"WebSite","@id":"https:\/\/www.secretjardin.com\/fr\/#website","url":"https:\/\/www.secretjardin.com\/fr\/","name":"Secret Jardin","description":"","publisher":{"@id":"https:\/\/www.secretjardin.com\/fr\/#organization"},"potentialAction":[{"@type":"SearchAction","target":{"@type":"EntryPoint","urlTemplate":"https:\/\/www.secretjardin.com\/fr\/?s={search_term_string}"},"query-input":{"@type":"PropertyValueSpecification","valueRequired":true,"valueName":"search_term_string"}}],"inLanguage":"fr-FR"},{"@type":"Organization","@id":"https:\/\/www.secretjardin.com\/fr\/#organization","name":"Secret Jardin","url":"https:\/\/www.secretjardin.com\/fr\/","logo":{"@type":"ImageObject","inLanguage":"fr-FR","@id":"https:\/\/www.secretjardin.com\/fr\/#\/schema\/logo\/image\/","url":"https:\/\/www.secretjardin.com\/wp-content\/uploads\/2019\/05\/header_logo.png","contentUrl":"https:\/\/www.secretjardin.com\/wp-content\/uploads\/2019\/05\/header_logo.png","width":481,"height":198,"caption":"Secret Jardin"},"image":{"@id":"https:\/\/www.secretjardin.com\/fr\/#\/schema\/logo\/image\/"},"sameAs":["https:\/\/www.facebook.com\/SecretJardin\/","https:\/\/www.instagram.com\/secretjardin_\/?hl=fr","https:\/\/www.linkedin.com\/company\/secret-jardin\/about\/"]}]}},"_links":{"self":[{"href":"https:\/\/www.secretjardin.com\/fr\/wp-json\/wp\/v2\/pages\/30100","targetHints":{"allow":["GET"]}}],"collection":[{"href":"https:\/\/www.secretjardin.com\/fr\/wp-json\/wp\/v2\/pages"}],"about":[{"href":"https:\/\/www.secretjardin.com\/fr\/wp-json\/wp\/v2\/types\/page"}],"author":[{"embeddable":true,"href":"https:\/\/www.secretjardin.com\/fr\/wp-json\/wp\/v2\/users\/2"}],"replies":[{"embeddable":true,"href":"https:\/\/www.secretjardin.com\/fr\/wp-json\/wp\/v2\/comments?post=30100"}],"version-history":[{"count":0,"href":"https:\/\/www.secretjardin.com\/fr\/wp-json\/wp\/v2\/pages\/30100\/revisions"}],"wp:attachment":[{"href":"https:\/\/www.secretjardin.com\/fr\/wp-json\/wp\/v2\/media?parent=30100"}],"curies":[{"name":"wp","href":"https:\/\/api.w.org\/{rel}","templated":true}]}}