{"id":29876,"date":"2022-04-29T14:12:09","date_gmt":"2022-04-29T14:12:09","guid":{"rendered":"https:\/\/www.secretjardin.com\/grow-tent-socks\/"},"modified":"2024-04-23T14:34:40","modified_gmt":"2024-04-23T14:34:40","slug":"grow-tent-socks","status":"publish","type":"page","link":"https:\/\/www.secretjardin.com\/fr\/grow-tent-socks\/","title":{"rendered":"TENTES DE CULTURE HYDRO SHOOT (CHAUSSETTES)"},"content":{"rendered":"[vc_row][vc_column][vc_single_image image=\u00a0\u00bb56896&Prime; onclick=\u00a0\u00bbcustom_link\u00a0\u00bb img_link_target=\u00a0\u00bb_blank\u00a0\u00bb link=\u00a0\u00bbhttps:\/\/www.secretjardin.com\/wp-content\/uploads\/2024\/04\/Hydro-Shoot-Tents-Large.png\u00a0\u00bb css=\u00a0\u00bb.vc_custom_1713882637362{margin-bottom: 20px !important;}\u00a0\u00bb][vc_column_text]\n<h3>LA TENTE POUR LES BRICOLEURS<\/h3>\n<p>La tente Hydro Shoot est une base id\u00e9ale pour tout agriculteur d\u00e9sirant construire une configuration personnalis\u00e9e. Elle est livr\u00e9e sans accessoires, avec simplement un WATER TRAY Mylar amovible permettant d\u2019\u00e9viter les inondations. Elle poss\u00e8de des chaussettes pour la gestion de<br \/>\nl\u2019a\u00e9ration et le passage des c\u00e2bles\/tuyaux. Hautement r\u00e9fl\u00e9chissantes et \u00e9tanches \u00e0 la lumi\u00e8re, ces chaussettes peuvent s\u2019adapter \u00e0 divers diam\u00e8tres de gaine, filtre, extraction, tuyaux ou c\u00e2bles.<\/p>\n<h3 class=\"vcex-module vcex-heading wpex-text-1x1 wpex-font-normal wpex-m-auto wpex-max-w-50 vcex-heading-plain wpex-block\" style=\"color: #e2231a; font-weight: 600;\">MATI\u00c8RES PREMI\u00c8RES<\/h3>\n<p>Si les tentes Hydro Shoot sont vendues sans accessoires, ce ne sont pas des tentes premier prix. Les mat\u00e9riaux utilis\u00e9s sont les m\u00eame que ceux utilis\u00e9s pour les tentes Secret Jardin : Mylar M210D, acier Q195, plastiques non recycl\u00e9s, fil Nylon #30 210D, etc. Elles en partagent, d\u2019ailleurs, les m\u00eames pi\u00e8ces d\u00e9tach\u00e9es.<\/p>\n<h3 class=\"vcex-module vcex-heading wpex-text-1x1 wpex-font-normal wpex-m-auto wpex-max-w-50 vcex-heading-plain wpex-block\" style=\"color: #e2231a; font-weight: 600;\">NOUVEAU SYST\u00c8ME ZIP \u00c0 DOUBLE RABAT \u00ab UNE CHAMBRE 100% NOIRE \u00bb<\/h3>\n<p>La gamme Hydro Shoot utilise le m\u00eame syst\u00e8me de zip \u00e0 double rabat que la gamme Secret Jardin, garantissant une \u00e9tanch\u00e9it\u00e9 \u00e0 la lumi\u00e8re 100% efficace*.<\/p>\n<p><a href=\"https:\/\/www.secretjardin.com\/wp-content\/uploads\/2021\/05\/202105-DOUBLE-FLAP-SYSTEM_Plan-de-travail-1.png\"><img decoding=\"async\" class=\"size-medium wp-image-16108 aligncenter\" src=\"https:\/\/www.secretjardin.com\/wp-content\/uploads\/2021\/05\/202105-DOUBLE-FLAP-SYSTEM_Plan-de-travail-1-300x153.png\" alt=\"\" width=\"300\" height=\"153\" srcset=\"https:\/\/www.secretjardin.com\/wp-content\/uploads\/2021\/05\/202105-DOUBLE-FLAP-SYSTEM_Plan-de-travail-1-300x153.png 300w, https:\/\/www.secretjardin.com\/wp-content\/uploads\/2021\/05\/202105-DOUBLE-FLAP-SYSTEM_Plan-de-travail-1-1024x523.png 1024w, https:\/\/www.secretjardin.com\/wp-content\/uploads\/2021\/05\/202105-DOUBLE-FLAP-SYSTEM_Plan-de-travail-1-768x392.png 768w, https:\/\/www.secretjardin.com\/wp-content\/uploads\/2021\/05\/202105-DOUBLE-FLAP-SYSTEM_Plan-de-travail-1-1536x785.png 1536w, https:\/\/www.secretjardin.com\/wp-content\/uploads\/2021\/05\/202105-DOUBLE-FLAP-SYSTEM_Plan-de-travail-1-2048x1046.png 2048w, https:\/\/www.secretjardin.com\/wp-content\/uploads\/2021\/05\/202105-DOUBLE-FLAP-SYSTEM_Plan-de-travail-1-600x307.png 600w\" sizes=\"(max-width: 300px) 100vw, 300px\" \/><\/a><\/p>\n<h3 class=\"vcex-module vcex-heading wpex-text-1x1 wpex-font-normal wpex-m-auto wpex-max-w-50 vcex-heading-plain wpex-block\" style=\"color: #e2231a; font-weight: 600;\">DEUX GAMMES<\/h3>\n<p>Les petites tailles peuvent \u00eatre utilis\u00e9es verticalement pour les grandes plantes, comme horizontalement pour les petites plantes, et poss\u00e8dent une structure en 16mm. A partir de la HS120, la structure passe en 19mm, et le design de la porte horizontale permet d\u2019ouvrir la tente sur 3 c\u00f4t\u00e9s afin d\u2019acc\u00e9der facilement \u00e0 toute la surface de culture.<\/p>\n<p><em>*Pour les m\u00eames raisons que les tentes Secret Jardin, pensez \u00e0 ouvrir au moins une entr\u00e9e d\u2019air <\/em><em>lorsque vous mettez votre tente en d\u00e9pression, ceci afin d\u2019\u00e9viter toute implosion.<\/em>[\/vc_column_text][\/vc_column][\/vc_row]\n<p><html><a href=\"https:\/\/www.secretjardin.com\/fr\/\"><   Retour page d'Accueil<\/a><\/html><\/p>\n","protected":false},"excerpt":{"rendered":"<p>[vc_row][vc_column][vc_single_image image=\u00a0\u00bb56896&Prime; onclick=\u00a0\u00bbcustom_link\u00a0\u00bb img_link_target=\u00a0\u00bb_blank\u00a0\u00bb link=\u00a0\u00bbhttps:\/\/www.secretjardin.com\/wp-content\/uploads\/2024\/04\/Hydro-Shoot-Tents-Large.png\u00a0\u00bb css=\u00a0\u00bb.vc_custom_1713882637362{margin-bottom: 20px !important;}\u00a0\u00bb][vc_column_text] LA TENTE POUR LES BRICOLEURS La tente Hydro Shoot est une base id\u00e9ale pour tout agriculteur d\u00e9sirant construire une configuration personnalis\u00e9e. Elle est livr\u00e9e sans accessoires, avec simplement un WATER TRAY Mylar&hellip;<\/p>\n","protected":false},"author":2,"featured_media":0,"parent":0,"menu_order":0,"comment_status":"closed","ping_status":"closed","template":"templates\/no-sidebar.php","meta":{"_acf_changed":false,"footnotes":""},"class_list":["post-29876","page","type-page","status-publish","hentry","entry","no-media"],"acf":[],"yoast_head":"<!-- This site is optimized with the Yoast SEO plugin v26.7 - https:\/\/yoast.com\/wordpress\/plugins\/seo\/ -->\n<title>TENTES DE CULTURE HYDRO SHOOT (CHAUSSETTES) - Secret Jardin<\/title>\n<meta name=\"robots\" content=\"index, follow, max-snippet:-1, max-image-preview:large, max-video-preview:-1\" \/>\n<link rel=\"canonical\" href=\"https:\/\/www.secretjardin.com\/fr\/grow-tent-socks\/\" \/>\n<meta property=\"og:locale\" content=\"fr_FR\" \/>\n<meta property=\"og:type\" content=\"article\" \/>\n<meta property=\"og:title\" content=\"TENTES DE CULTURE HYDRO SHOOT (CHAUSSETTES) - Secret Jardin\" \/>\n<meta property=\"og:description\" content=\"[vc_row][vc_column][vc_single_image image=\u00a0\u00bb56896&Prime; onclick=\u00a0\u00bbcustom_link\u00a0\u00bb img_link_target=\u00a0\u00bb_blank\u00a0\u00bb link=\u00a0\u00bbhttps:\/\/www.secretjardin.com\/wp-content\/uploads\/2024\/04\/Hydro-Shoot-Tents-Large.png\u00a0\u00bb css=\u00a0\u00bb.vc_custom_1713882637362{margin-bottom: 20px !important;}\u00a0\u00bb][vc_column_text] LA TENTE POUR LES BRICOLEURS La tente Hydro Shoot est une base id\u00e9ale pour tout agriculteur d\u00e9sirant construire une configuration personnalis\u00e9e. Elle est livr\u00e9e sans accessoires, avec simplement un WATER TRAY Mylar&hellip;\" \/>\n<meta property=\"og:url\" content=\"https:\/\/www.secretjardin.com\/fr\/grow-tent-socks\/\" \/>\n<meta property=\"og:site_name\" content=\"Secret Jardin\" \/>\n<meta property=\"article:publisher\" content=\"https:\/\/www.facebook.com\/SecretJardin\/\" \/>\n<meta property=\"article:modified_time\" content=\"2024-04-23T14:34:40+00:00\" \/>\n<meta property=\"og:image\" content=\"https:\/\/www.secretjardin.com\/wp-content\/uploads\/2021\/05\/202105-DOUBLE-FLAP-SYSTEM_Plan-de-travail-1-300x153.png\" \/>\n<meta name=\"twitter:card\" content=\"summary_large_image\" \/>\n<meta name=\"twitter:label1\" content=\"Dur\u00e9e de lecture estim\u00e9e\" \/>\n\t<meta name=\"twitter:data1\" content=\"2 minutes\" \/>\n<script type=\"application\/ld+json\" class=\"yoast-schema-graph\">{\"@context\":\"https:\/\/schema.org\",\"@graph\":[{\"@type\":\"WebPage\",\"@id\":\"https:\/\/www.secretjardin.com\/fr\/grow-tent-socks\/\",\"url\":\"https:\/\/www.secretjardin.com\/fr\/grow-tent-socks\/\",\"name\":\"TENTES DE CULTURE HYDRO SHOOT (CHAUSSETTES) - Secret Jardin\",\"isPartOf\":{\"@id\":\"https:\/\/www.secretjardin.com\/fr\/#website\"},\"primaryImageOfPage\":{\"@id\":\"https:\/\/www.secretjardin.com\/fr\/grow-tent-socks\/#primaryimage\"},\"image\":{\"@id\":\"https:\/\/www.secretjardin.com\/fr\/grow-tent-socks\/#primaryimage\"},\"thumbnailUrl\":\"https:\/\/www.secretjardin.com\/wp-content\/uploads\/2021\/05\/202105-DOUBLE-FLAP-SYSTEM_Plan-de-travail-1-300x153.png\",\"datePublished\":\"2022-04-29T14:12:09+00:00\",\"dateModified\":\"2024-04-23T14:34:40+00:00\",\"breadcrumb\":{\"@id\":\"https:\/\/www.secretjardin.com\/fr\/grow-tent-socks\/#breadcrumb\"},\"inLanguage\":\"fr-FR\",\"potentialAction\":[{\"@type\":\"ReadAction\",\"target\":[\"https:\/\/www.secretjardin.com\/fr\/grow-tent-socks\/\"]}]},{\"@type\":\"ImageObject\",\"inLanguage\":\"fr-FR\",\"@id\":\"https:\/\/www.secretjardin.com\/fr\/grow-tent-socks\/#primaryimage\",\"url\":\"https:\/\/www.secretjardin.com\/wp-content\/uploads\/2021\/05\/202105-DOUBLE-FLAP-SYSTEM_Plan-de-travail-1-300x153.png\",\"contentUrl\":\"https:\/\/www.secretjardin.com\/wp-content\/uploads\/2021\/05\/202105-DOUBLE-FLAP-SYSTEM_Plan-de-travail-1-300x153.png\"},{\"@type\":\"BreadcrumbList\",\"@id\":\"https:\/\/www.secretjardin.com\/fr\/grow-tent-socks\/#breadcrumb\",\"itemListElement\":[{\"@type\":\"ListItem\",\"position\":1,\"name\":\"Home\",\"item\":\"https:\/\/www.secretjardin.com\/fr\/\"},{\"@type\":\"ListItem\",\"position\":2,\"name\":\"TENTES DE CULTURE HYDRO SHOOT (CHAUSSETTES)\"}]},{\"@type\":\"WebSite\",\"@id\":\"https:\/\/www.secretjardin.com\/fr\/#website\",\"url\":\"https:\/\/www.secretjardin.com\/fr\/\",\"name\":\"Secret Jardin\",\"description\":\"\",\"publisher\":{\"@id\":\"https:\/\/www.secretjardin.com\/fr\/#organization\"},\"potentialAction\":[{\"@type\":\"SearchAction\",\"target\":{\"@type\":\"EntryPoint\",\"urlTemplate\":\"https:\/\/www.secretjardin.com\/fr\/?s={search_term_string}\"},\"query-input\":{\"@type\":\"PropertyValueSpecification\",\"valueRequired\":true,\"valueName\":\"search_term_string\"}}],\"inLanguage\":\"fr-FR\"},{\"@type\":\"Organization\",\"@id\":\"https:\/\/www.secretjardin.com\/fr\/#organization\",\"name\":\"Secret Jardin\",\"url\":\"https:\/\/www.secretjardin.com\/fr\/\",\"logo\":{\"@type\":\"ImageObject\",\"inLanguage\":\"fr-FR\",\"@id\":\"https:\/\/www.secretjardin.com\/fr\/#\/schema\/logo\/image\/\",\"url\":\"https:\/\/www.secretjardin.com\/wp-content\/uploads\/2019\/05\/header_logo.png\",\"contentUrl\":\"https:\/\/www.secretjardin.com\/wp-content\/uploads\/2019\/05\/header_logo.png\",\"width\":481,\"height\":198,\"caption\":\"Secret Jardin\"},\"image\":{\"@id\":\"https:\/\/www.secretjardin.com\/fr\/#\/schema\/logo\/image\/\"},\"sameAs\":[\"https:\/\/www.facebook.com\/SecretJardin\/\",\"https:\/\/www.instagram.com\/secretjardin_\/?hl=fr\",\"https:\/\/www.linkedin.com\/company\/secret-jardin\/about\/\"]}]}<\/script>\n<!-- \/ Yoast SEO plugin. -->","yoast_head_json":{"title":"TENTES DE CULTURE HYDRO SHOOT (CHAUSSETTES) - Secret Jardin","robots":{"index":"index","follow":"follow","max-snippet":"max-snippet:-1","max-image-preview":"max-image-preview:large","max-video-preview":"max-video-preview:-1"},"canonical":"https:\/\/www.secretjardin.com\/fr\/grow-tent-socks\/","og_locale":"fr_FR","og_type":"article","og_title":"TENTES DE CULTURE HYDRO SHOOT (CHAUSSETTES) - Secret Jardin","og_description":"[vc_row][vc_column][vc_single_image image=\u00a0\u00bb56896&Prime; onclick=\u00a0\u00bbcustom_link\u00a0\u00bb img_link_target=\u00a0\u00bb_blank\u00a0\u00bb link=\u00a0\u00bbhttps:\/\/www.secretjardin.com\/wp-content\/uploads\/2024\/04\/Hydro-Shoot-Tents-Large.png\u00a0\u00bb css=\u00a0\u00bb.vc_custom_1713882637362{margin-bottom: 20px !important;}\u00a0\u00bb][vc_column_text] LA TENTE POUR LES BRICOLEURS La tente Hydro Shoot est une base id\u00e9ale pour tout agriculteur d\u00e9sirant construire une configuration personnalis\u00e9e. Elle est livr\u00e9e sans accessoires, avec simplement un WATER TRAY Mylar&hellip;","og_url":"https:\/\/www.secretjardin.com\/fr\/grow-tent-socks\/","og_site_name":"Secret Jardin","article_publisher":"https:\/\/www.facebook.com\/SecretJardin\/","article_modified_time":"2024-04-23T14:34:40+00:00","og_image":[{"url":"https:\/\/www.secretjardin.com\/wp-content\/uploads\/2021\/05\/202105-DOUBLE-FLAP-SYSTEM_Plan-de-travail-1-300x153.png","type":"","width":"","height":""}],"twitter_card":"summary_large_image","twitter_misc":{"Dur\u00e9e de lecture estim\u00e9e":"2 minutes"},"schema":{"@context":"https:\/\/schema.org","@graph":[{"@type":"WebPage","@id":"https:\/\/www.secretjardin.com\/fr\/grow-tent-socks\/","url":"https:\/\/www.secretjardin.com\/fr\/grow-tent-socks\/","name":"TENTES DE CULTURE HYDRO SHOOT (CHAUSSETTES) - Secret Jardin","isPartOf":{"@id":"https:\/\/www.secretjardin.com\/fr\/#website"},"primaryImageOfPage":{"@id":"https:\/\/www.secretjardin.com\/fr\/grow-tent-socks\/#primaryimage"},"image":{"@id":"https:\/\/www.secretjardin.com\/fr\/grow-tent-socks\/#primaryimage"},"thumbnailUrl":"https:\/\/www.secretjardin.com\/wp-content\/uploads\/2021\/05\/202105-DOUBLE-FLAP-SYSTEM_Plan-de-travail-1-300x153.png","datePublished":"2022-04-29T14:12:09+00:00","dateModified":"2024-04-23T14:34:40+00:00","breadcrumb":{"@id":"https:\/\/www.secretjardin.com\/fr\/grow-tent-socks\/#breadcrumb"},"inLanguage":"fr-FR","potentialAction":[{"@type":"ReadAction","target":["https:\/\/www.secretjardin.com\/fr\/grow-tent-socks\/"]}]},{"@type":"ImageObject","inLanguage":"fr-FR","@id":"https:\/\/www.secretjardin.com\/fr\/grow-tent-socks\/#primaryimage","url":"https:\/\/www.secretjardin.com\/wp-content\/uploads\/2021\/05\/202105-DOUBLE-FLAP-SYSTEM_Plan-de-travail-1-300x153.png","contentUrl":"https:\/\/www.secretjardin.com\/wp-content\/uploads\/2021\/05\/202105-DOUBLE-FLAP-SYSTEM_Plan-de-travail-1-300x153.png"},{"@type":"BreadcrumbList","@id":"https:\/\/www.secretjardin.com\/fr\/grow-tent-socks\/#breadcrumb","itemListElement":[{"@type":"ListItem","position":1,"name":"Home","item":"https:\/\/www.secretjardin.com\/fr\/"},{"@type":"ListItem","position":2,"name":"TENTES DE CULTURE HYDRO SHOOT (CHAUSSETTES)"}]},{"@type":"WebSite","@id":"https:\/\/www.secretjardin.com\/fr\/#website","url":"https:\/\/www.secretjardin.com\/fr\/","name":"Secret Jardin","description":"","publisher":{"@id":"https:\/\/www.secretjardin.com\/fr\/#organization"},"potentialAction":[{"@type":"SearchAction","target":{"@type":"EntryPoint","urlTemplate":"https:\/\/www.secretjardin.com\/fr\/?s={search_term_string}"},"query-input":{"@type":"PropertyValueSpecification","valueRequired":true,"valueName":"search_term_string"}}],"inLanguage":"fr-FR"},{"@type":"Organization","@id":"https:\/\/www.secretjardin.com\/fr\/#organization","name":"Secret Jardin","url":"https:\/\/www.secretjardin.com\/fr\/","logo":{"@type":"ImageObject","inLanguage":"fr-FR","@id":"https:\/\/www.secretjardin.com\/fr\/#\/schema\/logo\/image\/","url":"https:\/\/www.secretjardin.com\/wp-content\/uploads\/2019\/05\/header_logo.png","contentUrl":"https:\/\/www.secretjardin.com\/wp-content\/uploads\/2019\/05\/header_logo.png","width":481,"height":198,"caption":"Secret Jardin"},"image":{"@id":"https:\/\/www.secretjardin.com\/fr\/#\/schema\/logo\/image\/"},"sameAs":["https:\/\/www.facebook.com\/SecretJardin\/","https:\/\/www.instagram.com\/secretjardin_\/?hl=fr","https:\/\/www.linkedin.com\/company\/secret-jardin\/about\/"]}]}},"_links":{"self":[{"href":"https:\/\/www.secretjardin.com\/fr\/wp-json\/wp\/v2\/pages\/29876","targetHints":{"allow":["GET"]}}],"collection":[{"href":"https:\/\/www.secretjardin.com\/fr\/wp-json\/wp\/v2\/pages"}],"about":[{"href":"https:\/\/www.secretjardin.com\/fr\/wp-json\/wp\/v2\/types\/page"}],"author":[{"embeddable":true,"href":"https:\/\/www.secretjardin.com\/fr\/wp-json\/wp\/v2\/users\/2"}],"replies":[{"embeddable":true,"href":"https:\/\/www.secretjardin.com\/fr\/wp-json\/wp\/v2\/comments?post=29876"}],"version-history":[{"count":12,"href":"https:\/\/www.secretjardin.com\/fr\/wp-json\/wp\/v2\/pages\/29876\/revisions"}],"predecessor-version":[{"id":56956,"href":"https:\/\/www.secretjardin.com\/fr\/wp-json\/wp\/v2\/pages\/29876\/revisions\/56956"}],"wp:attachment":[{"href":"https:\/\/www.secretjardin.com\/fr\/wp-json\/wp\/v2\/media?parent=29876"}],"curies":[{"name":"wp","href":"https:\/\/api.w.org\/{rel}","templated":true}]}}