{"id":28080,"date":"2022-04-22T08:57:20","date_gmt":"2022-04-22T08:57:20","guid":{"rendered":"https:\/\/www.secretjardin.com\/faq\/"},"modified":"2026-03-12T19:09:05","modified_gmt":"2026-03-12T19:09:05","slug":"faq","status":"publish","type":"page","link":"https:\/\/www.secretjardin.com\/fr\/faq\/","title":{"rendered":"FAQ"},"content":{"rendered":"[vc_row][vc_column][vc_column_text]<strong>Vous cherchez de l&rsquo;aide ? Trouvez les r\u00e9ponses aux questions les plus fr\u00e9quemment pos\u00e9es dans cette FAQ.<\/strong><\/p>\n<p><strong>Pour toute autre question, veuillez nous contacter via notre <\/strong><a href=\"https:\/\/www.secretjardin.com\/fr\/contact\/\"><strong>formulaire de contact<\/strong><\/a><strong>.<\/strong>[\/vc_column_text][\/vc_column][\/vc_row][vc_row][vc_column][vc_tta_accordion active_section=\u00a0\u00bb\u00a0\u00bb title=\u00a0\u00bbQUESTIONS G\u00c9N\u00c9RALES\u00a0\u00bb][vc_tta_section title=\u00a0\u00bbO\u00f9 puis-je acheter vos produits \/ pi\u00e8ces d\u00e9tach\u00e9es ?\u00a0\u00bb tab_id=\u00a0\u00bb1642077249390-fc91fe83-8aba\u00a0\u00bb][vc_column_text]Cultivateurs : Secret Jardin ne vend pas directement aux utilisateurs finaux, veuillez consulter notre <a href=\"https:\/\/www.secretjardin.com\/fr\/trouver-un-magasin\/\">shop locator<\/a> pour trouver le revendeur le plus proche.<\/p>\n<p>Revendeurs : Notre r\u00e9seau est \u00e0 votre disposition, contactez-nous pour \u00eatre mis en relation.[\/vc_column_text][\/vc_tta_section][vc_tta_section title=\u00a0\u00bbQuel type de garantie ai-je sur mon produit ? Comment l&rsquo;utiliser si le mien est d\u00e9fectueux ?\u00a0\u00bb tab_id=\u00a0\u00bb1650614297903-8db17ef7-b71c\u00a0\u00bb][vc_column_text]Nos produits sont l\u00e9galement prot\u00e9g\u00e9s par une garantie commerciale d\u00e9taill\u00e9e sur notre <a href=\"https:\/\/www.secretjardin.com\/fr\/ressources\/garantie\/\">page de garantie<\/a>.<\/p>\n<p>Si votre produit s&rsquo;av\u00e8re d\u00e9fectueux, nous vous invitons \u00e0 contacter votre revendeur qui s&rsquo;en occupera localement \u00e0 travers notre r\u00e9seau.[\/vc_column_text][\/vc_tta_section][\/vc_tta_accordion][\/vc_column][vc_column][vc_tta_accordion active_section=\u00a0\u00bb\u00a0\u00bb title=\u00a0\u00bbQUESTIONS SUR LES PRODUITS\u00a0\u00bb][vc_tta_section title=\u00a0\u00bbQuelles sont les diff\u00e9rences entre les tentes Secret Jardin et Hydro Shoot ?\u00a0\u00bb tab_id=\u00a0\u00bb1642077249390-042803e0-7022&Prime;][vc_column_text]Equipement et prix mais pas les mat\u00e9riaux, voir notre <a href=\"https:\/\/www.secretjardin.com\/wp-content\/uploads\/2021\/04\/GROW-ROOM-COMPARATIVE-METRIC.pdf\">comparatif des tentes de culture<\/a> pour les d\u00e9tails complets.[\/vc_column_text][\/vc_tta_section][vc_tta_section title=\u00a0\u00bbQu&rsquo;est-ce que ce film plastique sur les Cosmorrow LED ? Dois-je le retirer?\u00a0\u00bb tab_id=\u00a0\u00bb1695993475179-64e947ba-b852&Prime;][vc_column_text]Le film plastique transparent des LED Cosmorrow est un \u00e9l\u00e9ment important de sa conception brevet\u00e9e. Il prot\u00e8ge la bande LED, lui permet de rester \u00e9tanche et sert \u00e0 dissiper la chaleur des LED. <strong>Il ne faut pas retirer ce film !<\/strong>[\/vc_column_text][vc_single_image image=\u00a0\u00bb28243&Prime; img_size=\u00a0\u00bbmedium\u00a0\u00bb][\/vc_tta_section][vc_tta_section title=\u00a0\u00bbQuels sont les spectres et les graphiques PAR de Cosmorrow ?\u00a0\u00bb tab_id=\u00a0\u00bb1712586826314-1449b354-ad24&Prime;][vc_column_text]<a href=\"https:\/\/www.secretjardin.com\/wp-content\/uploads\/2024\/04\/2024-PPFD-COSMORROW.xlsx\">Cliquez ici<\/a> pour t\u00e9l\u00e9charger une feuille de calcul Excel avec les graphiques PAR et les spectres pour chaque ampoule et kit Cosmorrow pour leurs zones de culture recommand\u00e9es.[\/vc_column_text][\/vc_tta_section][vc_tta_section title=\u00a0\u00bbQuelle est la diff\u00e9rence entre les \u00e9clairages Cosmorrow Grow et Full Spectrum ?\u00a0\u00bb tab_id=\u00a0\u00bb1717578458583-cc7480f2-1388&Prime;][vc_column_text]Les ampoules Cosmorrow Grow Spectrum produisent une lumi\u00e8re blanche froide de 6500k, similaire \u00e0 la lumi\u00e8re du printemps. C&rsquo;est id\u00e9al pour la croissance pr\u00e9coce des plantes (semis, boutures) et la croissance v\u00e9g\u00e9tative.<\/p>\n<p>Les ampoules Cosmorrow Full Spectrum incluent diff\u00e9rentes LED pour une lumi\u00e8re plus compl\u00e8te, similaire \u00e0 la lumi\u00e8re estivale, qui est plus chaude. Elles sont mieux utilis\u00e9es pour les plantes \u00e0 fleurs et \u00e0 fruits \u00e0 leurs stades matures. Nous avons inclus un peu de lumi\u00e8re blanche froide de 6500k pour que ces ampoules puissent \u00e9galement \u00eatre utilis\u00e9es pour les premiers stades de croissance, les rendant utiles pour tout le cycle de croissance.[\/vc_column_text][\/vc_tta_section][vc_tta_section title=\u00a0\u00bbComment dois-je utiliser les boosters UV et IR de Cosmorrow ?\u00a0\u00bb tab_id=\u00a0\u00bb1717578460340-f3fcd263-e059&Prime;][vc_column_text]Vous devez toujours utiliser les boosters UV et IR de Cosmorrow en compl\u00e9ment de votre \u00e9clairage normal. Ne les utilisez pas seuls !<\/p>\n<p>Les boosters UV de Cosmorrow sont utiles pour pr\u00e9venir la formation de moisissures et renforcer l&rsquo;immunit\u00e9 de vos plantes. Ils favorisent la croissance avec des entre-n\u0153uds plus courts pour des plantes plus touffues. Ils doivent \u00eatre utilis\u00e9s pendant un maximum de 2 heures par jour pendant la p\u00e9riode d&rsquo;\u00e9clairage normale. Nous recommandons d&rsquo;utiliser une minuterie s\u00e9par\u00e9e pour contr\u00f4ler l&rsquo;\u00e9clairage UV.<\/p>\n<p>Les boosters IR de Cosmorrow fournissent un peu de chaleur suppl\u00e9mentaire \u00e0 vos plantes et favorisent le d\u00e9veloppement de plantes plus hautes avec des entre-n\u0153uds plus longs. La lumi\u00e8re IR peut \u00e9galement aider \u00e0 d\u00e9clencher la floraison. Vous pouvez les utiliser en compl\u00e9ment de votre \u00e9clairage normal et les utiliser tout au long de la p\u00e9riode d&rsquo;\u00e9clairage.[\/vc_column_text][\/vc_tta_section][vc_tta_section title=\u00a0\u00bbPuis-je mettre \u00e0 niveau les kits TNOLED ?\u00a0\u00bb tab_id=\u00a0\u00bb1717578460913-ce9c52d7-9fdc\u00a0\u00bb][vc_column_text]Notre ligne actuelle de kits TNOLED peut \u00eatre mise \u00e0 niveau simplement en ajoutant une ampoule suppl\u00e9mentaire. L&rsquo;alimentation incluse a d\u00e9j\u00e0 un connecteur suppl\u00e9mentaire pr\u00eat.<\/p>\n<ul>\n<li><strong>TNO40GR<\/strong> : Peut \u00eatre mis \u00e0 niveau \u00e0 60W en ajoutant une ampoule COP2065.<\/li>\n<li><strong>TNO80GR<\/strong> : Peut \u00eatre mis \u00e0 niveau \u00e0 120W en ajoutant une ampoule COP4065.<\/li>\n<\/ul>\n<p>Les anciens mod\u00e8les TNO4065, TNO8065, TNO40BL et TNO80BL ne peuvent pas \u00eatre mis \u00e0 niveau.[\/vc_column_text][\/vc_tta_section][vc_tta_section title=\u00a0\u00bbPuis-je mettre \u00e0 niveau les kits Cosmorrow ?\u00a0\u00bb tab_id=\u00a0\u00bb1717578461314-6b49cbe8-9a41&Prime;][vc_column_text]Notre ligne actuelle de kits Cosmorrow peut \u00eatre mise \u00e0 niveau en ajoutant des ampoules suppl\u00e9mentaires et des alimentations suppl\u00e9mentaires.<\/p>\n<ul>\n<li><strong>COM200FS<\/strong> : Peut \u00eatre mis \u00e0 niveau \u00e0 280W en ajoutant deux ampoules COP40FS et soit 2x COM40 ou 1x COM2X40 alimentation.<\/li>\n<li><strong>COM100FS<\/strong> : Peut \u00eatre mis \u00e0 niveau \u00e0 140W en ajoutant deux ampoules COP20FS et soit 2x COM20 ou 1x COM2X20 alimentation.<\/li>\n<li><strong>COM60FS<\/strong> : Peut \u00eatre mis \u00e0 niveau \u00e0 100W en ajoutant deux ampoules COP20FS et soit 2x COM20 ou 1x COM2X20 alimentation.<\/li>\n<\/ul>\n<p>Les anciens mod\u00e8les COM60K et COM100K ne peuvent pas \u00eatre mis \u00e0 niveau.[\/vc_column_text][\/vc_tta_section][vc_tta_section title=\u00a0\u00bbPuis-je installer l&rsquo;extracteur Secret Jardin verticalement sur le toit de ma tente ?\u00a0\u00bb tab_id=\u00a0\u00bb1717578462074-e787c02f-fe71&Prime;][vc_column_text]Oui ! Vous pouvez installer une bride de conduit dans n&rsquo;importe quel coin de votre tente. Cela inclut les coins du plafond \u00e9galement. Vous pouvez ensuite connecter l&rsquo;extracteur et le filtre comme vous le feriez sur le c\u00f4t\u00e9 de la tente sans aucun probl\u00e8me ![\/vc_column_text][vc_single_image image=\u00a0\u00bb57723&Prime; img_size=\u00a0\u00bbmedium\u00a0\u00bb][\/vc_tta_section][vc_tta_section title=\u00a0\u00bbComment installer le filtre DF16F100 avec mon extracteur DF16E150 ?\u00a0\u00bb tab_id=\u00a0\u00bb1717578462304-2a6f1b50-bf72&Prime;][vc_column_text]Le filtre DF16F100 est con\u00e7u pour s&rsquo;ins\u00e9rer dans la bride de conduit DF16 tout comme le d\u00e9flecteur de lumi\u00e8re. En raison de cela, lors de l&rsquo;utilisation d&rsquo;un filtre DF16F100, l&rsquo;extracteur doit \u00eatre plac\u00e9 \u00e0 l&rsquo;ext\u00e9rieur de la bride de conduit. Si vous avez besoin de garder l&rsquo;extracteur \u00e0 l&rsquo;int\u00e9rieur de la tente, nous vous recommandons d&rsquo;utiliser le filtre plus grand DF16F150 que vous pouvez clipser sur l&rsquo;extracteur.[\/vc_column_text][vc_single_image image=\u00a0\u00bb57732&Prime; img_size=\u00a0\u00bbmedium\u00a0\u00bb][\/vc_tta_section][vc_tta_section title=\u00a0\u00bbPuis-je connecter un extracteur DF16E350 \u00e0 une bride de conduit DF25 ?\u00a0\u00bb tab_id=\u00a0\u00bb1717578462942-709cd8b2-18de\u00a0\u00bb][vc_column_text]Pas directement, non. L&rsquo;extracteur DF16E350 est con\u00e7u pour \u00eatre utilis\u00e9 avec la bride de conduit DF16 et les connecteurs DF16. Si votre tente est \u00e9quip\u00e9e de poteaux de 25 mm de diam\u00e8tre et de brides de conduit DF25, le diam\u00e8tre de l&rsquo;ouverture est plus grand et l&rsquo;extracteur ne conviendra pas. Vous pouvez cependant cr\u00e9er une interface en utilisant les connecteurs Secret Jardin et les conduits en caoutchouc comme indiqu\u00e9 ci-dessous.<\/p>\n<p>Vous aurez besoin de :<\/p>\n<ul>\n<li><strong>DF16150<\/strong> Connecteur DF16 pour conduit de 150 mm de diam\u00e8tre<\/li>\n<li><strong>RD150<\/strong> Conduit en caoutchouc de 150 mm de diam\u00e8tre<\/li>\n<li><strong>DF25150<\/strong> Connecteur DF25 pour conduit de 150 mm de diam\u00e8tre<\/li>\n<\/ul>\n[\/vc_column_text][vc_single_image image=\u00a0\u00bb50254&Prime; img_size=\u00a0\u00bb500&#215;500&Prime;][\/vc_tta_section][vc_tta_section title=\u00a0\u00bbVotre Power Pack LED clignote ?\u00a0\u00bb tab_id=\u00a0\u00bb1762484010622-c696efce-f0d1&Prime;][vc_column_text]Cela signifie que le c\u00e2blage \u00e9lectrique de votre maison est incorrect \u2014 la phase et le neutre sont invers\u00e9s sur votre prise murale \u00e0 trois fils.<br \/>\nLes syst\u00e8mes \u00e0 LED sont sensibles \u00e0 ce type de configuration.<\/p>\n<p><strong>Solutions :<\/strong><\/p>\n<ol>\n<li>Corrigez le c\u00e2blage de votre maison en inversant la phase et le neutre sur la prise murale.<\/li>\n<li>Ou utilisez un minuteur bipolaire au lieu d\u2019un unipolaire :\n<ul>\n<li>Unipolaire : coupe uniquement la phase<\/li>\n<li>Bipolaire : coupe \u00e0 la fois la phase et le neutre<\/li>\n<\/ul>\n<\/li>\n<\/ol>\n[\/vc_column_text]<figure class=\"vcex-image vcex-module wpex-clr\"><div class=\"vcex-image-inner wpex-inline-block wpex-relative vc_custom_1762484274559\"><img decoding=\"async\" loading=\"lazy\" class=\"wpex-align-middle\" src=\"https:\/\/www.secretjardin.com\/wp-content\/uploads\/2025\/11\/PP-FLASHING-ISSUES.png\" alt=\"\" width=\"788\" height=\"1000\" \/><\/div><\/figure>[\/vc_tta_section][\/vc_tta_accordion][\/vc_column][vc_column][vc_tta_accordion active_section=\u00a0\u00bb\u00a0\u00bb title=\u00a0\u00bbCONSEILS SECRET JARDIN\u00a0\u00bb][vc_tta_section title=\u00a0\u00bbPourquoi utiliser une tente de culture ?\u00a0\u00bb tab_id=\u00a0\u00bb1650618388200-a64f56f3-e714&Prime;][vc_column_text]Que vous soyez un d\u00e9butant cherchant \u00e0 faire pousser quelques plantes ou un cultivateur exp\u00e9riment\u00e9 \u00e0 la recherche de la solution la plus efficace, une tente de culture est le meilleur choix. L&rsquo;excellent rapport espace\/efficacit\u00e9 \u00e9nerg\u00e9tique vous permet de cultiver toute l&rsquo;ann\u00e9e dans un environnement contr\u00f4l\u00e9, en bloquant la lumi\u00e8re et les odeurs et en \u00e9liminant le danger des parasites.[\/vc_column_text][\/vc_tta_section][vc_tta_section title=\u00a0\u00bbQuelle configuration d&rsquo;\u00e9clairage, d&rsquo;extracteur et de filtre pour ma tente de culture ?\u00a0\u00bb tab_id=\u00a0\u00bb1642077754160-84e5d40f-2d64&Prime;][vc_column_text]Le type et la nature de votre culture, ainsi que votre environnement de culture, sont autant de param\u00e8tres dont d\u00e9pend la r\u00e9ponse. Des conseils sont disponibles dans notre <a href=\"https:\/\/www.secretjardin.com\/fr\/eclairage\/\">section \u00e9clairage<\/a> et dans notre <a href=\"https:\/\/www.secretjardin.com\/fr\/ventilation\/\">section ventilation<\/a> pour vous aider \u00e0 trouver la solution qui r\u00e9pond \u00e0 vos besoins.[\/vc_column_text][\/vc_tta_section][vc_tta_section title=\u00a0\u00bbMa tente est trop chaude, que puis-je faire ?\u00a0\u00bb tab_id=\u00a0\u00bb1642077754160-2102b35c-c174&Prime;][vc_column_text]Plusieurs leviers peuvent vous permettre d&rsquo;agir sur la temp\u00e9rature de votre tente de culture, tous nos conseils peuvent \u00eatre consult\u00e9s dans notre <a href=\"https:\/\/www.secretjardin.com\/fr\/ventilation\/\">rubrique ventilation<\/a>.[\/vc_column_text][\/vc_tta_section][\/vc_tta_accordion][\/vc_column][vc_column][vc_tta_accordion active_section=\u00a0\u00bb\u00a0\u00bb title=\u00a0\u00bbQUESTIONS TECHNIQUES\u00a0\u00bb][vc_tta_section title=\u00a0\u00bbPuis-je relier plusieurs tentes ?\u00a0\u00bb tab_id=\u00a0\u00bb1642077821769-6085a5a1-3506&Prime;][vc_column_text]Les tentes de culture Intense sont nativement con\u00e7ues pour \u00eatre reli\u00e9es entre elles sur les 4 c\u00f4t\u00e9s, voir <a href=\"https:\/\/www.secretjardin.com\/wp-content\/uploads\/2022\/05\/20220515-CATALOGUE-PAGE-INTENSE-LINKABLE.pdf\/\">ICI<\/a> les diff\u00e9rentes possibilit\u00e9s de liaison en fonction de la configuration dont vous avez besoin.[\/vc_column_text][\/vc_tta_section][\/vc_tta_accordion][\/vc_column][vc_column][\/vc_column][\/vc_row]\n","protected":false},"excerpt":{"rendered":"<p>[vc_row][vc_column][vc_column_text]Vous cherchez de l&rsquo;aide ? Trouvez les r\u00e9ponses aux questions les plus fr\u00e9quemment pos\u00e9es dans cette FAQ. Pour toute autre question, veuillez nous contacter via notre formulaire de contact.[\/vc_column_text][\/vc_column][\/vc_row][vc_row][vc_column][vc_tta_accordion active_section=\u00a0\u00bb\u00a0\u00bb title=\u00a0\u00bbQUESTIONS G\u00c9N\u00c9RALES\u00a0\u00bb][vc_tta_section title=\u00a0\u00bbO\u00f9 puis-je acheter vos produits \/ pi\u00e8ces d\u00e9tach\u00e9es&hellip;<\/p>\n","protected":false},"author":2,"featured_media":0,"parent":0,"menu_order":0,"comment_status":"closed","ping_status":"closed","template":"templates\/no-sidebar.php","meta":{"_acf_changed":false,"footnotes":""},"class_list":["post-28080","page","type-page","status-publish","hentry","entry","no-media"],"acf":[],"yoast_head":"<!-- This site is optimized with the Yoast SEO plugin v27.4 - https:\/\/yoast.com\/product\/yoast-seo-wordpress\/ -->\n<title>FAQ - Secret Jardin<\/title>\n<meta name=\"description\" content=\"Vous cherchez de l&#039;aide ? Trouvez les r\u00e9ponses aux questions les plus fr\u00e9quemment pos\u00e9es. Pour toute autre question, veuillez nous contacter via notre formulaire de contact.\" \/>\n<meta name=\"robots\" content=\"index, follow, max-snippet:-1, max-image-preview:large, max-video-preview:-1\" \/>\n<link rel=\"canonical\" href=\"https:\/\/www.secretjardin.com\/fr\/faq\/\" \/>\n<meta property=\"og:locale\" content=\"fr_FR\" \/>\n<meta property=\"og:type\" content=\"article\" \/>\n<meta property=\"og:title\" content=\"FAQ - Secret Jardin\" \/>\n<meta property=\"og:description\" content=\"Vous cherchez de l&#039;aide ? Trouvez les r\u00e9ponses aux questions les plus fr\u00e9quemment pos\u00e9es. Pour toute autre question, veuillez nous contacter via notre formulaire de contact.\" \/>\n<meta property=\"og:url\" content=\"https:\/\/www.secretjardin.com\/fr\/faq\/\" \/>\n<meta property=\"og:site_name\" content=\"Secret Jardin\" \/>\n<meta property=\"article:publisher\" content=\"https:\/\/www.facebook.com\/SecretJardin\/\" \/>\n<meta property=\"article:modified_time\" content=\"2026-03-12T19:09:05+00:00\" \/>\n<meta name=\"twitter:card\" content=\"summary_large_image\" \/>\n<meta name=\"twitter:label1\" content=\"Dur\u00e9e de lecture estim\u00e9e\" \/>\n\t<meta name=\"twitter:data1\" content=\"7 minutes\" \/>\n<script type=\"application\/ld+json\" class=\"yoast-schema-graph\">{\"@context\":\"https:\\\/\\\/schema.org\",\"@graph\":[{\"@type\":\"WebPage\",\"@id\":\"https:\\\/\\\/www.secretjardin.com\\\/fr\\\/faq\\\/\",\"url\":\"https:\\\/\\\/www.secretjardin.com\\\/fr\\\/faq\\\/\",\"name\":\"FAQ - Secret Jardin\",\"isPartOf\":{\"@id\":\"https:\\\/\\\/www.secretjardin.com\\\/fr\\\/#website\"},\"datePublished\":\"2022-04-22T08:57:20+00:00\",\"dateModified\":\"2026-03-12T19:09:05+00:00\",\"description\":\"Vous cherchez de l'aide ? Trouvez les r\u00e9ponses aux questions les plus fr\u00e9quemment pos\u00e9es. Pour toute autre question, veuillez nous contacter via notre formulaire de contact.\",\"breadcrumb\":{\"@id\":\"https:\\\/\\\/www.secretjardin.com\\\/fr\\\/faq\\\/#breadcrumb\"},\"inLanguage\":\"fr-FR\",\"potentialAction\":[{\"@type\":\"ReadAction\",\"target\":[\"https:\\\/\\\/www.secretjardin.com\\\/fr\\\/faq\\\/\"]}]},{\"@type\":\"BreadcrumbList\",\"@id\":\"https:\\\/\\\/www.secretjardin.com\\\/fr\\\/faq\\\/#breadcrumb\",\"itemListElement\":[{\"@type\":\"ListItem\",\"position\":1,\"name\":\"Home\",\"item\":\"https:\\\/\\\/www.secretjardin.com\\\/fr\\\/\"},{\"@type\":\"ListItem\",\"position\":2,\"name\":\"FAQ\"}]},{\"@type\":\"WebSite\",\"@id\":\"https:\\\/\\\/www.secretjardin.com\\\/fr\\\/#website\",\"url\":\"https:\\\/\\\/www.secretjardin.com\\\/fr\\\/\",\"name\":\"Secret Jardin\",\"description\":\"\",\"publisher\":{\"@id\":\"https:\\\/\\\/www.secretjardin.com\\\/fr\\\/#organization\"},\"potentialAction\":[{\"@type\":\"SearchAction\",\"target\":{\"@type\":\"EntryPoint\",\"urlTemplate\":\"https:\\\/\\\/www.secretjardin.com\\\/fr\\\/?s={search_term_string}\"},\"query-input\":{\"@type\":\"PropertyValueSpecification\",\"valueRequired\":true,\"valueName\":\"search_term_string\"}}],\"inLanguage\":\"fr-FR\"},{\"@type\":\"Organization\",\"@id\":\"https:\\\/\\\/www.secretjardin.com\\\/fr\\\/#organization\",\"name\":\"Secret Jardin\",\"url\":\"https:\\\/\\\/www.secretjardin.com\\\/fr\\\/\",\"logo\":{\"@type\":\"ImageObject\",\"inLanguage\":\"fr-FR\",\"@id\":\"https:\\\/\\\/www.secretjardin.com\\\/fr\\\/#\\\/schema\\\/logo\\\/image\\\/\",\"url\":\"https:\\\/\\\/www.secretjardin.com\\\/wp-content\\\/uploads\\\/2019\\\/05\\\/header_logo.png\",\"contentUrl\":\"https:\\\/\\\/www.secretjardin.com\\\/wp-content\\\/uploads\\\/2019\\\/05\\\/header_logo.png\",\"width\":481,\"height\":198,\"caption\":\"Secret Jardin\"},\"image\":{\"@id\":\"https:\\\/\\\/www.secretjardin.com\\\/fr\\\/#\\\/schema\\\/logo\\\/image\\\/\"},\"sameAs\":[\"https:\\\/\\\/www.facebook.com\\\/SecretJardin\\\/\",\"https:\\\/\\\/www.instagram.com\\\/secretjardin_\\\/?hl=fr\",\"https:\\\/\\\/www.linkedin.com\\\/company\\\/secret-jardin\\\/about\\\/\"]}]}<\/script>\n<!-- \/ Yoast SEO plugin. -->","yoast_head_json":{"title":"FAQ - Secret Jardin","description":"Vous cherchez de l'aide ? Trouvez les r\u00e9ponses aux questions les plus fr\u00e9quemment pos\u00e9es. Pour toute autre question, veuillez nous contacter via notre formulaire de contact.","robots":{"index":"index","follow":"follow","max-snippet":"max-snippet:-1","max-image-preview":"max-image-preview:large","max-video-preview":"max-video-preview:-1"},"canonical":"https:\/\/www.secretjardin.com\/fr\/faq\/","og_locale":"fr_FR","og_type":"article","og_title":"FAQ - Secret Jardin","og_description":"Vous cherchez de l'aide ? Trouvez les r\u00e9ponses aux questions les plus fr\u00e9quemment pos\u00e9es. Pour toute autre question, veuillez nous contacter via notre formulaire de contact.","og_url":"https:\/\/www.secretjardin.com\/fr\/faq\/","og_site_name":"Secret Jardin","article_publisher":"https:\/\/www.facebook.com\/SecretJardin\/","article_modified_time":"2026-03-12T19:09:05+00:00","twitter_card":"summary_large_image","twitter_misc":{"Dur\u00e9e de lecture estim\u00e9e":"7 minutes"},"schema":{"@context":"https:\/\/schema.org","@graph":[{"@type":"WebPage","@id":"https:\/\/www.secretjardin.com\/fr\/faq\/","url":"https:\/\/www.secretjardin.com\/fr\/faq\/","name":"FAQ - Secret Jardin","isPartOf":{"@id":"https:\/\/www.secretjardin.com\/fr\/#website"},"datePublished":"2022-04-22T08:57:20+00:00","dateModified":"2026-03-12T19:09:05+00:00","description":"Vous cherchez de l'aide ? Trouvez les r\u00e9ponses aux questions les plus fr\u00e9quemment pos\u00e9es. Pour toute autre question, veuillez nous contacter via notre formulaire de contact.","breadcrumb":{"@id":"https:\/\/www.secretjardin.com\/fr\/faq\/#breadcrumb"},"inLanguage":"fr-FR","potentialAction":[{"@type":"ReadAction","target":["https:\/\/www.secretjardin.com\/fr\/faq\/"]}]},{"@type":"BreadcrumbList","@id":"https:\/\/www.secretjardin.com\/fr\/faq\/#breadcrumb","itemListElement":[{"@type":"ListItem","position":1,"name":"Home","item":"https:\/\/www.secretjardin.com\/fr\/"},{"@type":"ListItem","position":2,"name":"FAQ"}]},{"@type":"WebSite","@id":"https:\/\/www.secretjardin.com\/fr\/#website","url":"https:\/\/www.secretjardin.com\/fr\/","name":"Secret Jardin","description":"","publisher":{"@id":"https:\/\/www.secretjardin.com\/fr\/#organization"},"potentialAction":[{"@type":"SearchAction","target":{"@type":"EntryPoint","urlTemplate":"https:\/\/www.secretjardin.com\/fr\/?s={search_term_string}"},"query-input":{"@type":"PropertyValueSpecification","valueRequired":true,"valueName":"search_term_string"}}],"inLanguage":"fr-FR"},{"@type":"Organization","@id":"https:\/\/www.secretjardin.com\/fr\/#organization","name":"Secret Jardin","url":"https:\/\/www.secretjardin.com\/fr\/","logo":{"@type":"ImageObject","inLanguage":"fr-FR","@id":"https:\/\/www.secretjardin.com\/fr\/#\/schema\/logo\/image\/","url":"https:\/\/www.secretjardin.com\/wp-content\/uploads\/2019\/05\/header_logo.png","contentUrl":"https:\/\/www.secretjardin.com\/wp-content\/uploads\/2019\/05\/header_logo.png","width":481,"height":198,"caption":"Secret Jardin"},"image":{"@id":"https:\/\/www.secretjardin.com\/fr\/#\/schema\/logo\/image\/"},"sameAs":["https:\/\/www.facebook.com\/SecretJardin\/","https:\/\/www.instagram.com\/secretjardin_\/?hl=fr","https:\/\/www.linkedin.com\/company\/secret-jardin\/about\/"]}]}},"_links":{"self":[{"href":"https:\/\/www.secretjardin.com\/fr\/wp-json\/wp\/v2\/pages\/28080","targetHints":{"allow":["GET"]}}],"collection":[{"href":"https:\/\/www.secretjardin.com\/fr\/wp-json\/wp\/v2\/pages"}],"about":[{"href":"https:\/\/www.secretjardin.com\/fr\/wp-json\/wp\/v2\/types\/page"}],"author":[{"embeddable":true,"href":"https:\/\/www.secretjardin.com\/fr\/wp-json\/wp\/v2\/users\/2"}],"replies":[{"embeddable":true,"href":"https:\/\/www.secretjardin.com\/fr\/wp-json\/wp\/v2\/comments?post=28080"}],"version-history":[{"count":0,"href":"https:\/\/www.secretjardin.com\/fr\/wp-json\/wp\/v2\/pages\/28080\/revisions"}],"wp:attachment":[{"href":"https:\/\/www.secretjardin.com\/fr\/wp-json\/wp\/v2\/media?parent=28080"}],"curies":[{"name":"wp","href":"https:\/\/api.w.org\/{rel}","templated":true}]}}