{"id":8645,"date":"2020-03-19T13:01:33","date_gmt":"2020-03-19T13:01:33","guid":{"rendered":"https:\/\/www.secretjardin.com\/condiciones-generales-de-venta-online\/"},"modified":"2021-05-25T21:54:21","modified_gmt":"2021-05-25T21:54:21","slug":"condiciones-generales-de-venta-online","status":"publish","type":"page","link":"https:\/\/www.secretjardin.com\/es\/condiciones-generales-de-venta-online\/","title":{"rendered":"Condiciones generales de venta online"},"content":{"rendered":"<h2 class=\"page-heading\">Art\u00edculo 1: Pre\u00e1mbulo<\/h2>\n<p>Estos t\u00e9rminos y condiciones de venta son concluidos, por un lado, por la empresa Agomoon SPRL, cuya sede se encuentra en Dr\u00e9ve de la Courte au Bois, 5 &#8211; 7170 Manage registrado en el Crossroads Bank of Enterprises con el n\u00famero 0831 574 070 ci -despu\u00e9s de referencia como \u00abel vendedor\u00bb y, por otro lado, por cualquier persona f\u00edsica o jur\u00eddica que desee realizar una compra a trav\u00e9s del sitio web del vendedor, en lo sucesivo denominado \u00abel comprador\u00bb.<\/p>\n<h2 class=\"page-heading\">Art\u00edculo 2: Prop\u00f3sito<\/h2>\n<p>Las presentes condiciones de venta tienen por objeto definir las relaciones contractuales entre el vendedor y el comprador, as\u00ed como las condiciones aplicables a cualquier compra realizada a trav\u00e9s del sitio del vendedor, que el comprador sea profesional o consumidor.<\/p>\n<p>La adquisici\u00f3n de un bien o un servicio a trav\u00e9s del presente sitio implica una aceptaci\u00f3n sin reserva por parte del comprador de estas condiciones de venta. Estas condiciones de venta prevalecer\u00e1n sobre cualquier otra condici\u00f3n general o especial no expresamente aprobada por el vendedor.<\/p>\n<p>El vendedor se reserva el derecho de modificar sus condiciones de venta en cualquier momento. En este caso, las condiciones aplicables ser\u00e1n las vigentes en la fecha del pedido por parte del comprador.<\/p>\n<h2 class=\"page-heading\">Art\u00edculo 3: Caracter\u00edsticas de los bienes y servicios ofrecidos<\/h2>\n<p>Los productos y servicios ofrecidos son los que figuran en el cat\u00e1logo publicado en el sitio web del vendedor. Cada producto va acompa\u00f1ado de una descripci\u00f3n elaborada por el proveedor. Las fotograf\u00edas del cat\u00e1logo son lo m\u00e1s fieles posible pero no pueden garantizar una similitud perfecta con el producto ofrecido, especialmente en lo que se refiere a los colores. Estos productos y servicios se ofrecen dentro de los l\u00edmites de las existencias disponibles. Si, a pesar de sus esfuerzos, la totalidad o parte de los art\u00edculos no est\u00e1n disponibles, el vendedor informa al comprador por correo electr\u00f3nico tan pronto como sea posible y le ofrece la oportunidad de elegir entre esperar o cancelar sin cobrar el orden de los art\u00edculos no disponibles. Los art\u00edculos disponibles se entregar\u00e1n normalmente.<\/p>\n<h2 class=\"page-heading\">Art\u00edculo 4: Tasas<\/h2>\n<p>Los precios de los productos y servicios mostrados en el sitio se indican en todos los impuestos incluidos (IVA y otros impuestos aplicables). El vendedor se reserva el derecho de cambiar los precios en cualquier momento. Sin embargo, los precios aplicables a la orden son los vigentes en el momento de la confirmaci\u00f3n de la misma. Los precios indicados no incluyen los costes de tramitaci\u00f3n, transporte y entrega de pedidos siempre que tengan lugar en las zonas geogr\u00e1ficas especificadas a continuaci\u00f3n.<\/p>\n<h2 class=\"page-heading\">Art\u00edculo 5: Zonas geogr\u00e1ficas<\/h2>\n<p>La venta en l\u00ednea de los productos y servicios presentados en el sitio web del vendedor est\u00e1 restringida a los compradores que residen en la Uni\u00f3n Europea y a las entregas requeridas en esta zona geogr\u00e1fica.<\/p>\n<h2 class=\"page-heading\">Art\u00edculo 6: Pedidos<\/h2>\n<p>El comprador que quiera comprar un producto o un servicio debe:<\/p>\n<ul>\n<li>completar el formulario de identificaci\u00f3n en el que indicar\u00e1 todos los datos solicitados o dar su n\u00famero de cliente si tiene uno;<\/li>\n<li>completar el formulario de pedido en l\u00ednea dando todas las referencias de los productos o servicios seleccionados;<\/li>\n<li>validar su pedido despu\u00e9s de haberlo comprobado;<\/li>\n<li>realizar el pago en las condiciones prescritas;<\/li>\n<li>confirmar su pedido y pago. La confirmaci\u00f3n del pedido implica la aceptaci\u00f3n de estas condiciones de venta, el reconocimiento de tener perfecto conocimiento y renuncia a sus propias condiciones de compra u otras condiciones.<\/li>\n<\/ul>\n<p>Todos los datos proporcionados y la confirmaci\u00f3n registrada valdr\u00e1n la pena prueba de la transacci\u00f3n. La confirmaci\u00f3n valdr\u00e1 la pena firmar y aceptar las transacciones. El vendedor comunicar\u00e1 por correo electr\u00f3nico la confirmaci\u00f3n del pedido registrado.<\/p>\n<h2 class=\"page-heading\">Art\u00edculo 7: Derecho de desistimiento<\/h2>\n<p>De conformidad con la ley, el consumidor tiene derecho a notificar al vendedor que renuncia a su compra, sin penalizaci\u00f3n y sin dar ning\u00fan motivo, dentro de los 14 d\u00edas h\u00e1biles siguientes al d\u00eda siguiente al d\u00eda de la entrega del producto o de la celebraci\u00f3n del contrato de servicio. Este derecho de cancelaci\u00f3n no pertenece al comprador profesional.<\/p>\n<p>Dentro de este plazo, el consumidor deber\u00e1 notificar su intenci\u00f3n de dimitir por correo electr\u00f3nico y devolver, a su cargo y riesgo, el producto entregado a la sede de Agomoon SPRL: Dr\u00e9ve de la Courte au Bois, 5 &#8211; 7170 Manage. Los productos deben ser devueltos en su embalaje original, sin da\u00f1os, acompa\u00f1ados de todos sus accesorios, el manual de usuario y la factura \/ albar\u00e1n de entrega original. Los productos devueltos no deben haber sido desempaquetados, desensatinados, utilizados de ninguna manera. Las mercanc\u00edas que est\u00e9n incompletas, da\u00f1adas, sucias o sucias por el cliente no ser\u00e1n recuperadas. Dentro de los 30 d\u00edas, previa aceptaci\u00f3n de la devoluci\u00f3n de la mercanc\u00eda, el vendedor se compromete a reembolsar el posible pago, con la excepci\u00f3n de los gastos de env\u00edo.<\/p>\n<p>Salvo acuerdo en contrario, el consumidor no podr\u00e1 ejercer el derecho de cancelaci\u00f3n de los contratos:<\/p>\n<ol>\n<li>la prestaci\u00f3n de servicios cuyo desempe\u00f1o comenz\u00f3 con el consentimiento del consumidor antes de que finalice el per\u00edodo de cancelaci\u00f3n;<\/li>\n<li>el suministro de productos fabricados seg\u00fan las especificaciones del consumidor o claramente personalizados o que, por su naturaleza, no pueden ser reenviados o es probable que se deterioren o expiren r\u00e1pidamente;<\/li>\n<li>el suministro de grabaci\u00f3n de audio o v\u00eddeo o software inform\u00e1tico aflojado por el consumidor;<\/li>\n<li>suministro de peri\u00f3dicos, publicaciones peri\u00f3dicas o revistas.<\/li>\n<\/ol>\n<h2 class=\"page-heading\">Art\u00edculo 8: Condiciones de pago<\/h2>\n<p>Los art\u00edculos solicitados siguen siendo de nuestra propiedad exclusiva hasta el pago total del pedido por parte del comprador. El pago debe efectuarse inmediatamente despu\u00e9s del pedido, incluidos los productos de reserva. El Cliente puede pagar con tarjeta de cr\u00e9dito, Visa o Mastercard. El vendedor, a su discreci\u00f3n, tambi\u00e9n puede autorizar el pago por transferencia bancaria; en este caso, el pedido solo se procesar\u00e1 en la fecha en que se reciban los fondos en la cuenta bancaria del vendedor.<\/p>\n<p>Nuestro proveedor de pagos realiza un pago seguro en l\u00ednea con tarjeta de cr\u00e9dito. La informaci\u00f3n transmitida se cifra en el estado de la t\u00e9cnica y no se puede leer durante el transporte en la red.<\/p>\n<p>El compromiso de pago dado con tarjeta es irrevocable. Al dar sus datos bancarios en el momento de la venta, el Cliente autoriza al Vendedor a cargar en su tarjeta el importe correspondiente al precio indicado. El Cliente confirma que es el propietario legal de la tarjeta a debitar y que tiene derecho legal a utilizarla. En caso de error, o incapacidad para cargar la tarjeta, la Venta se resuelve inmediatamente por derecho y el pedido cancelado.<\/p>\n<h2 class=\"page-heading\">Art\u00edculo 9: Entregas<\/h2>\n<p>Las entregas se realizan a la direcci\u00f3n indicada en el formulario de pedido que s\u00f3lo puede estar en la zona geogr\u00e1fica acordada. Las mercanc\u00edas se transportan a riesgo del vendedor hasta la entrega de la mercanc\u00eda a la direcci\u00f3n de entrega especificada por el comprador. A partir de este momento, el comprador asume los riesgos solo. Los plazos de entrega son s\u00f3lo indicativos; si superan los treinta d\u00edas a partir del pedido, el contrato de venta podr\u00e1 ser rescindido y el comprador reembolsado.<\/p>\n<h2 class=\"page-heading\">Art\u00edculo 10: Garant\u00eda<\/h2>\n<p>Por lo que respecta a los consumidores, el vendedor garantiza los productos que vende y los servicios que presta de conformidad con la ley de 1 de septiembre de 2004 sobre la protecci\u00f3n de los consumidores en caso de venta de bienes de consumo (art\u00edculos 1649 bis a 1649 octies del C\u00f3digo Civil). En caso de incumplimiento de un producto vendido encontrado dentro de los 2 meses de la entrega de los bienes, el consumidor debe notificar al vendedor tan pronto como sea posible de manera precisa por carta o correo electr\u00f3nico registrado. Esta garant\u00eda solo cubre los defectos de conformidad existentes en el momento de la entrega de la mercanc\u00eda. Los defectos o da\u00f1os debidos al mal uso, como da\u00f1os por Water oxidaci\u00f3n, ca\u00edda o choque, negligencia y desgaste, no est\u00e1n cubiertos por la garant\u00eda. Del mismo modo, las reparaciones realizadas por t\u00e9cnicos no aprobados por el proveedor, dar\u00e1n lugar a la cancelaci\u00f3n de la garant\u00eda. La factura o el albar\u00e1n de entrega act\u00faa como garant\u00eda y debe ser mantenido por el consumidor y producido en original. Si el producto se utiliza para fines no privados, los t\u00e9rminos de garant\u00eda limitada del fabricante \/ proveedor est\u00e1n en vigor.<\/p>\n<h2 class=\"page-heading\">Art\u00edculo 11: Responsabilidad<\/h2>\n<p>El vendedor, en el proceso de venta en l\u00ednea, est\u00e1 obligado \u00fanicamente por una obligaci\u00f3n de medios; no se hace responsable de ning\u00fan da\u00f1o resultante del uso de la red de Internet, como la p\u00e9rdida de datos, la intrusi\u00f3n, los virus, la interrupci\u00f3n del servicio u otros problemas involuntarios. Los datos en el sitio tambi\u00e9n se dan de buena fe. Los enlaces propuestos a los sitios de los fabricantes y \/ o socios se dan con fines informativos. El vendedor no se hace responsable de la informaci\u00f3n de estos sitios.<\/p>\n<h2 class=\"page-heading\">Art\u00edculo 12: Propiedad Intelectual<\/h2>\n<p>Todos los elementos del sitio del vendedor son y siguen siendo propiedad intelectual exclusiva del mismo. Nadie est\u00e1 autorizado a reproducir, explotar, retransmitir o utilizar para ning\u00fan prop\u00f3sito, ni siquiera parcialmente, elementos del sitio que sean software, visual es o sonido. Cualquier simple enlace o hipertexto est\u00e1 estrictamente prohibido sin el consentimiento previo por escrito del vendedor.<\/p>\n<h2 class=\"page-heading\">Art\u00edculo 13: Datos personales<\/h2>\n<p>Todos los datos personales necesarios para el tratamiento de un pedido son conservados por el vendedor o sus colaboradores y pueden ser transmitidos a las empresas con las que el vendedor &#8211; o sus proveedores &#8211; colaboran, cuando dicha comunicaci\u00f3n es necesaria para el procesamiento del pedido. Comando. El usuario tambi\u00e9n autoriza al vendedor a utilizar estos datos para establecer estad\u00edsticas con el fin de mejorar su sitio, los bienes y el servicio que ofrece. Esta informaci\u00f3n tambi\u00e9n puede ser utilizada para permitir la difusi\u00f3n, por cualquier medio de comunicaci\u00f3n, de informaci\u00f3n relacionada con las actividades comerciales del vendedor a sus clientes. El vendedor finalmente conserva los datos personales para facilitar los pedidos posteriores. El vendedor se compromete por el resto a no revelar la informaci\u00f3n que tiene a otra empresa u otra empresa. Los datos conservados por el vendedor pueden ser solicitados en cualquier momento y corregidos a petici\u00f3n.<\/p>\n<h2 class=\"page-heading\">Art\u00edculo 14: Prueba<\/h2>\n<p>Las partes aceptan, en el marco de sus relaciones, los medios electr\u00f3nicos de prueba (por ejemplo: correo electr\u00f3nico, copias de seguridad inform\u00e1ticas, &#8230;).<\/p>\n<h2 class=\"page-heading\">Art\u00edculo 15: Resoluci\u00f3n de controversias<\/h2>\n<p>Las presentes condiciones de venta en l\u00ednea est\u00e1n sujetas a la legislaci\u00f3n belga. En caso de litigio, los tribunales del domicilio social del vendedor son competentes, excepto las disposiciones vinculantes de orden p\u00fablico.<\/p>\n<p>Agomoon SPRL<br \/>\nDr\u00e9ve de la Courte au Bois,5<br \/>\n7170 Manage<br \/>\nBE0831.574.070<br \/>\ninfo@secretjardin.com<br \/>\n+32 265 237 82<\/p>\n","protected":false},"excerpt":{"rendered":"<p>Art\u00edculo 1: Pre\u00e1mbulo Estos t\u00e9rminos y condiciones de venta son concluidos, por un lado, por la empresa Agomoon SPRL, cuya sede se encuentra en Dr\u00e9ve de la Courte au Bois, 5 &#8211; 7170 Manage registrado en el Crossroads Bank of&hellip;<\/p>\n","protected":false},"author":2,"featured_media":0,"parent":0,"menu_order":0,"comment_status":"closed","ping_status":"closed","template":"","meta":{"_acf_changed":false,"footnotes":""},"class_list":["post-8645","page","type-page","status-publish","hentry","entry","no-media"],"acf":[],"yoast_head":"<!-- This site is optimized with the Yoast SEO plugin v26.7 - https:\/\/yoast.com\/wordpress\/plugins\/seo\/ -->\n<title>Condiciones generales de venta online - Secret Jardin<\/title>\n<meta name=\"robots\" content=\"index, follow, max-snippet:-1, max-image-preview:large, max-video-preview:-1\" \/>\n<link rel=\"canonical\" href=\"https:\/\/www.secretjardin.com\/es\/condiciones-generales-de-venta-online\/\" \/>\n<meta property=\"og:locale\" content=\"es_ES\" \/>\n<meta property=\"og:type\" content=\"article\" \/>\n<meta property=\"og:title\" content=\"Condiciones generales de venta online - Secret Jardin\" \/>\n<meta property=\"og:description\" content=\"Art\u00edculo 1: Pre\u00e1mbulo Estos t\u00e9rminos y condiciones de venta son concluidos, por un lado, por la empresa Agomoon SPRL, cuya sede se encuentra en Dr\u00e9ve de la Courte au Bois, 5 &#8211; 7170 Manage registrado en el Crossroads Bank of&hellip;\" \/>\n<meta property=\"og:url\" content=\"https:\/\/www.secretjardin.com\/es\/condiciones-generales-de-venta-online\/\" \/>\n<meta property=\"og:site_name\" content=\"Secret Jardin\" \/>\n<meta property=\"article:publisher\" content=\"https:\/\/www.facebook.com\/SecretJardin\/\" \/>\n<meta property=\"article:modified_time\" content=\"2021-05-25T21:54:21+00:00\" \/>\n<meta name=\"twitter:card\" content=\"summary_large_image\" \/>\n<meta name=\"twitter:label1\" content=\"Tiempo de lectura\" \/>\n\t<meta name=\"twitter:data1\" content=\"9 minutos\" \/>\n<script type=\"application\/ld+json\" class=\"yoast-schema-graph\">{\"@context\":\"https:\/\/schema.org\",\"@graph\":[{\"@type\":\"WebPage\",\"@id\":\"https:\/\/www.secretjardin.com\/es\/condiciones-generales-de-venta-online\/\",\"url\":\"https:\/\/www.secretjardin.com\/es\/condiciones-generales-de-venta-online\/\",\"name\":\"Condiciones generales de venta online - Secret Jardin\",\"isPartOf\":{\"@id\":\"https:\/\/www.secretjardin.com\/es\/#website\"},\"datePublished\":\"2020-03-19T13:01:33+00:00\",\"dateModified\":\"2021-05-25T21:54:21+00:00\",\"breadcrumb\":{\"@id\":\"https:\/\/www.secretjardin.com\/es\/condiciones-generales-de-venta-online\/#breadcrumb\"},\"inLanguage\":\"es\",\"potentialAction\":[{\"@type\":\"ReadAction\",\"target\":[\"https:\/\/www.secretjardin.com\/es\/condiciones-generales-de-venta-online\/\"]}]},{\"@type\":\"BreadcrumbList\",\"@id\":\"https:\/\/www.secretjardin.com\/es\/condiciones-generales-de-venta-online\/#breadcrumb\",\"itemListElement\":[{\"@type\":\"ListItem\",\"position\":1,\"name\":\"Home\",\"item\":\"https:\/\/www.secretjardin.com\/es\/\"},{\"@type\":\"ListItem\",\"position\":2,\"name\":\"Condiciones generales de venta online\"}]},{\"@type\":\"WebSite\",\"@id\":\"https:\/\/www.secretjardin.com\/es\/#website\",\"url\":\"https:\/\/www.secretjardin.com\/es\/\",\"name\":\"Secret Jardin\",\"description\":\"The Specialist of indoor culture materials\",\"publisher\":{\"@id\":\"https:\/\/www.secretjardin.com\/es\/#organization\"},\"potentialAction\":[{\"@type\":\"SearchAction\",\"target\":{\"@type\":\"EntryPoint\",\"urlTemplate\":\"https:\/\/www.secretjardin.com\/es\/?s={search_term_string}\"},\"query-input\":{\"@type\":\"PropertyValueSpecification\",\"valueRequired\":true,\"valueName\":\"search_term_string\"}}],\"inLanguage\":\"es\"},{\"@type\":\"Organization\",\"@id\":\"https:\/\/www.secretjardin.com\/es\/#organization\",\"name\":\"Secret Jardin\",\"url\":\"https:\/\/www.secretjardin.com\/es\/\",\"logo\":{\"@type\":\"ImageObject\",\"inLanguage\":\"es\",\"@id\":\"https:\/\/www.secretjardin.com\/es\/#\/schema\/logo\/image\/\",\"url\":\"https:\/\/www.secretjardin.com\/wp-content\/uploads\/2019\/05\/header_logo.png\",\"contentUrl\":\"https:\/\/www.secretjardin.com\/wp-content\/uploads\/2019\/05\/header_logo.png\",\"width\":481,\"height\":198,\"caption\":\"Secret Jardin\"},\"image\":{\"@id\":\"https:\/\/www.secretjardin.com\/es\/#\/schema\/logo\/image\/\"},\"sameAs\":[\"https:\/\/www.facebook.com\/SecretJardin\/\",\"https:\/\/www.instagram.com\/secretjardin_\/?hl=fr\",\"https:\/\/www.linkedin.com\/company\/secret-jardin\/about\/\"]}]}<\/script>\n<!-- \/ Yoast SEO plugin. -->","yoast_head_json":{"title":"Condiciones generales de venta online - Secret Jardin","robots":{"index":"index","follow":"follow","max-snippet":"max-snippet:-1","max-image-preview":"max-image-preview:large","max-video-preview":"max-video-preview:-1"},"canonical":"https:\/\/www.secretjardin.com\/es\/condiciones-generales-de-venta-online\/","og_locale":"es_ES","og_type":"article","og_title":"Condiciones generales de venta online - Secret Jardin","og_description":"Art\u00edculo 1: Pre\u00e1mbulo Estos t\u00e9rminos y condiciones de venta son concluidos, por un lado, por la empresa Agomoon SPRL, cuya sede se encuentra en Dr\u00e9ve de la Courte au Bois, 5 &#8211; 7170 Manage registrado en el Crossroads Bank of&hellip;","og_url":"https:\/\/www.secretjardin.com\/es\/condiciones-generales-de-venta-online\/","og_site_name":"Secret Jardin","article_publisher":"https:\/\/www.facebook.com\/SecretJardin\/","article_modified_time":"2021-05-25T21:54:21+00:00","twitter_card":"summary_large_image","twitter_misc":{"Tiempo de lectura":"9 minutos"},"schema":{"@context":"https:\/\/schema.org","@graph":[{"@type":"WebPage","@id":"https:\/\/www.secretjardin.com\/es\/condiciones-generales-de-venta-online\/","url":"https:\/\/www.secretjardin.com\/es\/condiciones-generales-de-venta-online\/","name":"Condiciones generales de venta online - Secret Jardin","isPartOf":{"@id":"https:\/\/www.secretjardin.com\/es\/#website"},"datePublished":"2020-03-19T13:01:33+00:00","dateModified":"2021-05-25T21:54:21+00:00","breadcrumb":{"@id":"https:\/\/www.secretjardin.com\/es\/condiciones-generales-de-venta-online\/#breadcrumb"},"inLanguage":"es","potentialAction":[{"@type":"ReadAction","target":["https:\/\/www.secretjardin.com\/es\/condiciones-generales-de-venta-online\/"]}]},{"@type":"BreadcrumbList","@id":"https:\/\/www.secretjardin.com\/es\/condiciones-generales-de-venta-online\/#breadcrumb","itemListElement":[{"@type":"ListItem","position":1,"name":"Home","item":"https:\/\/www.secretjardin.com\/es\/"},{"@type":"ListItem","position":2,"name":"Condiciones generales de venta online"}]},{"@type":"WebSite","@id":"https:\/\/www.secretjardin.com\/es\/#website","url":"https:\/\/www.secretjardin.com\/es\/","name":"Secret Jardin","description":"The Specialist of indoor culture materials","publisher":{"@id":"https:\/\/www.secretjardin.com\/es\/#organization"},"potentialAction":[{"@type":"SearchAction","target":{"@type":"EntryPoint","urlTemplate":"https:\/\/www.secretjardin.com\/es\/?s={search_term_string}"},"query-input":{"@type":"PropertyValueSpecification","valueRequired":true,"valueName":"search_term_string"}}],"inLanguage":"es"},{"@type":"Organization","@id":"https:\/\/www.secretjardin.com\/es\/#organization","name":"Secret Jardin","url":"https:\/\/www.secretjardin.com\/es\/","logo":{"@type":"ImageObject","inLanguage":"es","@id":"https:\/\/www.secretjardin.com\/es\/#\/schema\/logo\/image\/","url":"https:\/\/www.secretjardin.com\/wp-content\/uploads\/2019\/05\/header_logo.png","contentUrl":"https:\/\/www.secretjardin.com\/wp-content\/uploads\/2019\/05\/header_logo.png","width":481,"height":198,"caption":"Secret Jardin"},"image":{"@id":"https:\/\/www.secretjardin.com\/es\/#\/schema\/logo\/image\/"},"sameAs":["https:\/\/www.facebook.com\/SecretJardin\/","https:\/\/www.instagram.com\/secretjardin_\/?hl=fr","https:\/\/www.linkedin.com\/company\/secret-jardin\/about\/"]}]}},"_links":{"self":[{"href":"https:\/\/www.secretjardin.com\/es\/wp-json\/wp\/v2\/pages\/8645","targetHints":{"allow":["GET"]}}],"collection":[{"href":"https:\/\/www.secretjardin.com\/es\/wp-json\/wp\/v2\/pages"}],"about":[{"href":"https:\/\/www.secretjardin.com\/es\/wp-json\/wp\/v2\/types\/page"}],"author":[{"embeddable":true,"href":"https:\/\/www.secretjardin.com\/es\/wp-json\/wp\/v2\/users\/2"}],"replies":[{"embeddable":true,"href":"https:\/\/www.secretjardin.com\/es\/wp-json\/wp\/v2\/comments?post=8645"}],"version-history":[{"count":1,"href":"https:\/\/www.secretjardin.com\/es\/wp-json\/wp\/v2\/pages\/8645\/revisions"}],"predecessor-version":[{"id":16820,"href":"https:\/\/www.secretjardin.com\/es\/wp-json\/wp\/v2\/pages\/8645\/revisions\/16820"}],"wp:attachment":[{"href":"https:\/\/www.secretjardin.com\/es\/wp-json\/wp\/v2\/media?parent=8645"}],"curies":[{"name":"wp","href":"https:\/\/api.w.org\/{rel}","templated":true}]}}