{"id":7680,"date":"2019-11-29T16:25:00","date_gmt":"2019-11-29T16:25:00","guid":{"rendered":"https:\/\/www.secretjardin.com\/recursos\/garantizar\/"},"modified":"2021-05-25T09:42:55","modified_gmt":"2021-05-25T09:42:55","slug":"garantizar","status":"publish","type":"page","link":"https:\/\/www.secretjardin.com\/es\/garantizar\/","title":{"rendered":"Garant\u00eda"},"content":{"rendered":"[vc_row][vc_column width=\u00bb1\/5&#8243;][vc_single_image image=\u00bb524&#8243; img_size=\u00bblarge\u00bb add_caption=\u00bbyes\u00bb][\/vc_column][vc_column width=\u00bb4\/5&#8243;]<h2 class=\"vcex-module vcex-heading wpex-text-2xl wpex-font-normal wpex-m-auto wpex-max-w-100 vcex-heading-plain wpex-block\"><span class=\"vcex-heading-inner wpex-inline-block wpex-clr\">Aplicaci\u00f3n de la Garant\u00eda Secret Jardin<\/span><\/h2><div class=\"vcex-spacing wpex-w-100 wpex-clear\" style=\"height:20px\"><\/div>[vc_column_text]\n<p style=\"text-align: justify\"><strong>Secret Jardin garantiza todos sus productos. Dependiendo del producto que compre, est\u00e1 legalmente protegido por una garant\u00eda comercial. Como fabricante y con una preocupaci\u00f3n constante por la calidad y la seguridad, queremos dar la completa satisfacci\u00f3n a todos nuestros compradores y as\u00ed mostrar una total transparencia de nuestro tecnicismo.<\/strong><\/p>\n[\/vc_column_text][\/vc_column][\/vc_row][vc_row][vc_column]<h3 class=\"vcex-module vcex-heading wpex-text-2xl wpex-font-normal wpex-m-auto wpex-max-w-100 vcex-heading-plain wpex-block\" style=\"color:#81d742;\"><span class=\"vcex-heading-inner wpex-inline-block wpex-clr\">Aplicaci\u00f3n de la garant\u00eda de Secret Jardin<\/span><\/h3>[\/vc_column][\/vc_row][vc_row][vc_column][vc_column_text]Las tiendas Secret Jardin est\u00e1n garantizadas al propietario original contra defectos de materiales y mano de obra durante 2,5 a\u00f1os a partir de la fecha de fabricaci\u00f3n o durante 2 a\u00f1os a partir de la fecha de compra.<\/p>\n<p>Los productos consumibles tienen una garant\u00eda de 3 meses a partir de la fecha de compra.<\/p>\n<p>Si un producto de Secret Jardin falla debido a un defecto de fabricaci\u00f3n, Secret Jardin reparar\u00e1 el producto sin cargo o lo reemplazar\u00e1, a su discreci\u00f3n.<br \/>\nEsta pol\u00edtica solo cubre los materiales y la mano de obra originales, sin cambios y sin modificar. Esta garant\u00eda no cubre da\u00f1os causados por accidentes, mantenimiento deficiente, negligencia, desgaste normal o degradaci\u00f3n natural de los materiales durante per\u00edodos prolongados de tiempo y uso prolongado.<br \/>\nEsta garant\u00eda no cubre da\u00f1os consecuentes o cualquier otra p\u00e9rdida resultante de un defecto en el producto.[\/vc_column_text][\/vc_column][\/vc_row][vc_row][vc_column][vc_column_text]\n<h2 style=\"text-align: center\"><strong>SOLICITUD DE SERVICIO POSTVENTA<\/strong><\/h2>\n[\/vc_column_text][\/vc_column][\/vc_row][vc_row][vc_column]<h3 class=\"vcex-module vcex-heading wpex-text-2xl wpex-font-normal wpex-m-auto wpex-max-w-100 vcex-heading-plain wpex-block\" style=\"color:#81d742;\"><span class=\"vcex-heading-inner wpex-inline-block wpex-clr\">Usted es un consumidor final y compr\u00f3 nuestro producto a un minorista<\/span><\/h3>[\/vc_column][\/vc_row][vc_row][vc_column][vc_column_text]Su distribuidor es responsable de gestionar las solicitudes del servicio posventa. Para gestionar correctamente su solicitud, env\u00ede la siguiente informaci\u00f3n a su minorista con los siguientes detalles:<\/p>\n<p><strong>\u2022 Nombre y descripci\u00f3n del producto<\/strong><br \/>\n<strong>\u2022 Descripci\u00f3n detallada de los problemas e im\u00e1genes de cualquier da\u00f1o.<\/strong><br \/>\n<strong>\u2022 Imagen del c\u00f3digo de fabricaci\u00f3n y la fecha de producci\u00f3n que se muestra en la etiqueta del producto o en la etiqueta cosida en la carpa<\/strong><br \/>\n<strong>\u2022 Comprobante de compra<\/strong><\/p>\n<p>Una vez que se haya recopilado toda la informaci\u00f3n, se llevar\u00e1 a cabo una investigaci\u00f3n. Toda la informaci\u00f3n es necesaria para procesar la solicitud de manera eficiente.<br \/>\nSobre el resultado de esos controles, el minorista realizar\u00e1 un reemplazo del producto defectuoso o una nota de cr\u00e9dito.<br \/>\nSecret Jardin no realizar\u00e1 ninguna nota de cr\u00e9dito o reemplazo de producto directamente.[\/vc_column_text][\/vc_column][\/vc_row][vc_row][vc_column]<h3 class=\"vcex-module vcex-heading wpex-text-2xl wpex-font-normal wpex-m-auto wpex-max-w-100 vcex-heading-plain wpex-block\" style=\"color:#81d742;\"><span class=\"vcex-heading-inner wpex-inline-block wpex-clr\">Usted es un minorista y compr\u00f3 nuestros productos a un Distribuidor Secreto Jardin autorizado<\/span><\/h3>[\/vc_column][\/vc_row][vc_row][vc_column][vc_column_text]Su distribuidor es responsable de gestionar las solicitudes del servicio posventa. Para gestionar adecuadamente su solicitud, env\u00ede la siguiente informaci\u00f3n a su distribuidor con los siguientes detalles:<\/p>\n<p><strong>\u2022 Nombre y descripci\u00f3n del producto<\/strong><br \/>\n<strong>\u2022 Descripci\u00f3n detallada de los problemas e im\u00e1genes de cualquier da\u00f1o.<\/strong><br \/>\n<strong>\u2022 Imagen del c\u00f3digo de fabricaci\u00f3n y la fecha de producci\u00f3n que se muestra en la etiqueta del producto o en la etiqueta cosida en la carpa.<\/strong><br \/>\n<strong>\u2022 Comprobante de compra<\/strong><\/p>\n<p>Una vez que se haya recopilado toda la informaci\u00f3n, se llevar\u00e1 a cabo una investigaci\u00f3n. Toda la informaci\u00f3n es necesaria para procesar la queja de manera eficiente.<br \/>\nSobre el resultado de esos controles, se emitir\u00e1 un reemplazo del producto defectuoso o una nota de cr\u00e9dito.<br \/>\nSecret Jardin no realizar\u00e1 ninguna nota de cr\u00e9dito o reemplazo de producto directamente.[\/vc_column_text][\/vc_column][\/vc_row]\n","protected":false},"excerpt":{"rendered":"<p>[vc_row][vc_column width=\u00bb1\/5&#8243;][vc_single_image image=\u00bb524&#8243; img_size=\u00bblarge\u00bb add_caption=\u00bbyes\u00bb][\/vc_column][vc_column width=\u00bb4\/5&#8243;][vc_column_text] Secret Jardin garantiza todos sus productos. Dependiendo del producto que compre, est\u00e1 legalmente protegido por una garant\u00eda comercial. Como fabricante y con una preocupaci\u00f3n constante por la calidad y la seguridad, queremos dar la&hellip;<\/p>\n","protected":false},"author":2,"featured_media":0,"parent":0,"menu_order":8,"comment_status":"closed","ping_status":"closed","template":"templates\/no-sidebar.php","meta":{"_acf_changed":false,"footnotes":""},"class_list":["post-7680","page","type-page","status-publish","hentry","entry","no-media"],"acf":[],"yoast_head":"<!-- This site is optimized with the Yoast SEO plugin v27.5 - https:\/\/yoast.com\/product\/yoast-seo-wordpress\/ -->\n<title>Garant\u00eda - Secret Jardin<\/title>\n<meta name=\"robots\" content=\"index, follow, max-snippet:-1, max-image-preview:large, max-video-preview:-1\" \/>\n<link rel=\"canonical\" href=\"https:\/\/www.secretjardin.com\/es\/garantizar\/\" \/>\n<meta property=\"og:locale\" content=\"es_ES\" \/>\n<meta property=\"og:type\" content=\"article\" \/>\n<meta property=\"og:title\" content=\"Garant\u00eda - Secret Jardin\" \/>\n<meta property=\"og:description\" content=\"[vc_row][vc_column width=\u00bb1\/5&#8243;][vc_single_image image=\u00bb524&#8243; img_size=\u00bblarge\u00bb add_caption=\u00bbyes\u00bb][\/vc_column][vc_column width=\u00bb4\/5&#8243;][vc_column_text] Secret Jardin garantiza todos sus productos. Dependiendo del producto que compre, est\u00e1 legalmente protegido por una garant\u00eda comercial. Como fabricante y con una preocupaci\u00f3n constante por la calidad y la seguridad, queremos dar la&hellip;\" \/>\n<meta property=\"og:url\" content=\"https:\/\/www.secretjardin.com\/es\/garantizar\/\" \/>\n<meta property=\"og:site_name\" content=\"Secret Jardin\" \/>\n<meta property=\"article:publisher\" content=\"https:\/\/www.facebook.com\/SecretJardin\/\" \/>\n<meta property=\"article:modified_time\" content=\"2021-05-25T09:42:55+00:00\" \/>\n<meta name=\"twitter:card\" content=\"summary_large_image\" \/>\n<meta name=\"twitter:label1\" content=\"Tiempo de lectura\" \/>\n\t<meta name=\"twitter:data1\" content=\"3 minutos\" \/>\n<script type=\"application\/ld+json\" class=\"yoast-schema-graph\">{\"@context\":\"https:\\\/\\\/schema.org\",\"@graph\":[{\"@type\":\"WebPage\",\"@id\":\"https:\\\/\\\/www.secretjardin.com\\\/es\\\/garantizar\\\/\",\"url\":\"https:\\\/\\\/www.secretjardin.com\\\/es\\\/garantizar\\\/\",\"name\":\"Garant\u00eda - Secret Jardin\",\"isPartOf\":{\"@id\":\"https:\\\/\\\/www.secretjardin.com\\\/es\\\/#website\"},\"datePublished\":\"2019-11-29T16:25:00+00:00\",\"dateModified\":\"2021-05-25T09:42:55+00:00\",\"breadcrumb\":{\"@id\":\"https:\\\/\\\/www.secretjardin.com\\\/es\\\/garantizar\\\/#breadcrumb\"},\"inLanguage\":\"es\",\"potentialAction\":[{\"@type\":\"ReadAction\",\"target\":[\"https:\\\/\\\/www.secretjardin.com\\\/es\\\/garantizar\\\/\"]}]},{\"@type\":\"BreadcrumbList\",\"@id\":\"https:\\\/\\\/www.secretjardin.com\\\/es\\\/garantizar\\\/#breadcrumb\",\"itemListElement\":[{\"@type\":\"ListItem\",\"position\":1,\"name\":\"Home\",\"item\":\"https:\\\/\\\/www.secretjardin.com\\\/es\\\/\"},{\"@type\":\"ListItem\",\"position\":2,\"name\":\"Recursos\",\"item\":\"https:\\\/\\\/www.secretjardin.com\\\/es\\\/recursos\\\/\"},{\"@type\":\"ListItem\",\"position\":3,\"name\":\"Garant\u00eda\"}]},{\"@type\":\"WebSite\",\"@id\":\"https:\\\/\\\/www.secretjardin.com\\\/es\\\/#website\",\"url\":\"https:\\\/\\\/www.secretjardin.com\\\/es\\\/\",\"name\":\"Secret Jardin\",\"description\":\"The Specialist of indoor culture materials\",\"publisher\":{\"@id\":\"https:\\\/\\\/www.secretjardin.com\\\/es\\\/#organization\"},\"potentialAction\":[{\"@type\":\"SearchAction\",\"target\":{\"@type\":\"EntryPoint\",\"urlTemplate\":\"https:\\\/\\\/www.secretjardin.com\\\/es\\\/?s={search_term_string}\"},\"query-input\":{\"@type\":\"PropertyValueSpecification\",\"valueRequired\":true,\"valueName\":\"search_term_string\"}}],\"inLanguage\":\"es\"},{\"@type\":\"Organization\",\"@id\":\"https:\\\/\\\/www.secretjardin.com\\\/es\\\/#organization\",\"name\":\"Secret Jardin\",\"url\":\"https:\\\/\\\/www.secretjardin.com\\\/es\\\/\",\"logo\":{\"@type\":\"ImageObject\",\"inLanguage\":\"es\",\"@id\":\"https:\\\/\\\/www.secretjardin.com\\\/es\\\/#\\\/schema\\\/logo\\\/image\\\/\",\"url\":\"https:\\\/\\\/www.secretjardin.com\\\/wp-content\\\/uploads\\\/2019\\\/05\\\/header_logo.png\",\"contentUrl\":\"https:\\\/\\\/www.secretjardin.com\\\/wp-content\\\/uploads\\\/2019\\\/05\\\/header_logo.png\",\"width\":481,\"height\":198,\"caption\":\"Secret Jardin\"},\"image\":{\"@id\":\"https:\\\/\\\/www.secretjardin.com\\\/es\\\/#\\\/schema\\\/logo\\\/image\\\/\"},\"sameAs\":[\"https:\\\/\\\/www.facebook.com\\\/SecretJardin\\\/\",\"https:\\\/\\\/www.instagram.com\\\/secretjardin_\\\/?hl=fr\",\"https:\\\/\\\/www.linkedin.com\\\/company\\\/secret-jardin\\\/about\\\/\"]}]}<\/script>\n<!-- \/ Yoast SEO plugin. -->","yoast_head_json":{"title":"Garant\u00eda - Secret Jardin","robots":{"index":"index","follow":"follow","max-snippet":"max-snippet:-1","max-image-preview":"max-image-preview:large","max-video-preview":"max-video-preview:-1"},"canonical":"https:\/\/www.secretjardin.com\/es\/garantizar\/","og_locale":"es_ES","og_type":"article","og_title":"Garant\u00eda - Secret Jardin","og_description":"[vc_row][vc_column width=\u00bb1\/5&#8243;][vc_single_image image=\u00bb524&#8243; img_size=\u00bblarge\u00bb add_caption=\u00bbyes\u00bb][\/vc_column][vc_column width=\u00bb4\/5&#8243;][vc_column_text] Secret Jardin garantiza todos sus productos. Dependiendo del producto que compre, est\u00e1 legalmente protegido por una garant\u00eda comercial. Como fabricante y con una preocupaci\u00f3n constante por la calidad y la seguridad, queremos dar la&hellip;","og_url":"https:\/\/www.secretjardin.com\/es\/garantizar\/","og_site_name":"Secret Jardin","article_publisher":"https:\/\/www.facebook.com\/SecretJardin\/","article_modified_time":"2021-05-25T09:42:55+00:00","twitter_card":"summary_large_image","twitter_misc":{"Tiempo de lectura":"3 minutos"},"schema":{"@context":"https:\/\/schema.org","@graph":[{"@type":"WebPage","@id":"https:\/\/www.secretjardin.com\/es\/garantizar\/","url":"https:\/\/www.secretjardin.com\/es\/garantizar\/","name":"Garant\u00eda - Secret Jardin","isPartOf":{"@id":"https:\/\/www.secretjardin.com\/es\/#website"},"datePublished":"2019-11-29T16:25:00+00:00","dateModified":"2021-05-25T09:42:55+00:00","breadcrumb":{"@id":"https:\/\/www.secretjardin.com\/es\/garantizar\/#breadcrumb"},"inLanguage":"es","potentialAction":[{"@type":"ReadAction","target":["https:\/\/www.secretjardin.com\/es\/garantizar\/"]}]},{"@type":"BreadcrumbList","@id":"https:\/\/www.secretjardin.com\/es\/garantizar\/#breadcrumb","itemListElement":[{"@type":"ListItem","position":1,"name":"Home","item":"https:\/\/www.secretjardin.com\/es\/"},{"@type":"ListItem","position":2,"name":"Recursos","item":"https:\/\/www.secretjardin.com\/es\/recursos\/"},{"@type":"ListItem","position":3,"name":"Garant\u00eda"}]},{"@type":"WebSite","@id":"https:\/\/www.secretjardin.com\/es\/#website","url":"https:\/\/www.secretjardin.com\/es\/","name":"Secret Jardin","description":"The Specialist of indoor culture materials","publisher":{"@id":"https:\/\/www.secretjardin.com\/es\/#organization"},"potentialAction":[{"@type":"SearchAction","target":{"@type":"EntryPoint","urlTemplate":"https:\/\/www.secretjardin.com\/es\/?s={search_term_string}"},"query-input":{"@type":"PropertyValueSpecification","valueRequired":true,"valueName":"search_term_string"}}],"inLanguage":"es"},{"@type":"Organization","@id":"https:\/\/www.secretjardin.com\/es\/#organization","name":"Secret Jardin","url":"https:\/\/www.secretjardin.com\/es\/","logo":{"@type":"ImageObject","inLanguage":"es","@id":"https:\/\/www.secretjardin.com\/es\/#\/schema\/logo\/image\/","url":"https:\/\/www.secretjardin.com\/wp-content\/uploads\/2019\/05\/header_logo.png","contentUrl":"https:\/\/www.secretjardin.com\/wp-content\/uploads\/2019\/05\/header_logo.png","width":481,"height":198,"caption":"Secret Jardin"},"image":{"@id":"https:\/\/www.secretjardin.com\/es\/#\/schema\/logo\/image\/"},"sameAs":["https:\/\/www.facebook.com\/SecretJardin\/","https:\/\/www.instagram.com\/secretjardin_\/?hl=fr","https:\/\/www.linkedin.com\/company\/secret-jardin\/about\/"]}]}},"_links":{"self":[{"href":"https:\/\/www.secretjardin.com\/es\/wp-json\/wp\/v2\/pages\/7680","targetHints":{"allow":["GET"]}}],"collection":[{"href":"https:\/\/www.secretjardin.com\/es\/wp-json\/wp\/v2\/pages"}],"about":[{"href":"https:\/\/www.secretjardin.com\/es\/wp-json\/wp\/v2\/types\/page"}],"author":[{"embeddable":true,"href":"https:\/\/www.secretjardin.com\/es\/wp-json\/wp\/v2\/users\/2"}],"replies":[{"embeddable":true,"href":"https:\/\/www.secretjardin.com\/es\/wp-json\/wp\/v2\/comments?post=7680"}],"version-history":[{"count":0,"href":"https:\/\/www.secretjardin.com\/es\/wp-json\/wp\/v2\/pages\/7680\/revisions"}],"wp:attachment":[{"href":"https:\/\/www.secretjardin.com\/es\/wp-json\/wp\/v2\/media?parent=7680"}],"curies":[{"name":"wp","href":"https:\/\/api.w.org\/{rel}","templated":true}]}}