{"id":30070,"date":"2022-04-29T14:16:17","date_gmt":"2022-04-29T14:16:17","guid":{"rendered":"https:\/\/www.secretjardin.com\/lighting\/"},"modified":"2022-06-01T08:55:04","modified_gmt":"2022-06-01T08:55:04","slug":"lighting","status":"publish","type":"page","link":"https:\/\/www.secretjardin.com\/es\/lighting\/","title":{"rendered":"ILUMINACI\u00d3N"},"content":{"rendered":"[vc_row][vc_column][vc_column_text]Una luz se califica evaluando su <strong>CALIDAD<\/strong> (Espectro) y su <strong>INTENSIDAD<\/strong> (P.A.R.).<\/p>\n<h3 class=\"vcex-module vcex-heading wpex-text-1x1 wpex-font-normal wpex-m-auto wpex-max-w-50 vcex-heading-plain wpex-block\" style=\"color: #ffde00; font-weight: 600;\">CALIDAD DE UNA LUZ<\/h3>\n<p>La luz est\u00e1 formada por fotones que reaccionan como ondas a medida que se desplazan. Por lo tanto, les asociamos longitudes de onda. Los fotones que act\u00faan sobre las plantas se encuentran entre el ultravioleta y el infrarrojo, cerca de la luz visible, de 350 a 750 nm (Fig. 2).<br \/>\n\u2022\u2003<strong>UV cercanos\u00a0(350-380 nm)<\/strong> : Permiten luchar contra determinados microorganismos y mejorar el sistema inmunitario de las plantas.<br \/>\n\u2022\u2003<strong>Visible (380-700 nm)<\/strong> : Esta es la parte que act\u00faa sobre la fotos\u00edntesis. La planta absorbe principalmente el azul y el rojo. En general, el azul (430-500) favorece el crecimiento y el rojo (630-680) favorece la floraci\u00f3n y la fructificaci\u00f3n.<br \/>\n\u2022\u2003<strong>IR cercanos(700-750 nm)<\/strong> : Tambi\u00e9n llamados \u00abrojos oscuros\u00bb, act\u00faan como un calentador radiante y favorecen el alargamiento de las plantas que buscan el sol.<\/p>\n<h3 class=\"vcex-module vcex-heading wpex-text-1x1 wpex-font-normal wpex-m-auto wpex-max-w-50 vcex-heading-plain wpex-block\" style=\"color: #ffde00; font-weight: 600;\">INTENSIDAD DE UNA LUZ<\/h3>\n<p>Solo los fotones con longitudes de onda de 400 a 700 nm (cerca del rango visible) participan en la fotos\u00edntesis. Estos fotones se denominan \u00abPhotosynthetically Active Radiation\u00bb. Podemos medir el P.A.R. de un sistema de iluminaci\u00f3n cuando est\u00e1 solo (PPF-PPE) o dentro de una configuraci\u00f3n de cultivo completa (PPFD).<\/p>\n<h3 class=\"vcex-module vcex-heading wpex-text-1x1 wpex-font-normal wpex-m-auto wpex-max-w-50 vcex-heading-plain wpex-block\" style=\"color: #ffde00; font-weight: 600;\">SISTEMA DE ILUMINACI\u00d3N SOLO<\/h3>\n<p>Colocamos la l\u00e1mpara en una esfera de Ulbritch (Fig. 3) y medimos todos los fotones que emite cada segundo. Obtenemos as\u00ed el \u00ab Photosynthetic Photon Flux\u00bb, (P.P.F. en \u03bcmol\/s), que eval\u00faa la potencia fotosint\u00e9tica potencial del sistema de iluminaci\u00f3n. Dividiendo el P.P.F. por la potencia consumida se obtiene la \u00abPhotosynthetic Photon Efficacy\u00bb (P.P.E. en \u03bcmol\/s\/w o \u03bcmol\/j) que permite evaluar el rendimiento fotosint\u00e9tico potencial, por vatio consumido, de un sistema de iluminaci\u00f3n. A continuaci\u00f3n se muestran algunos valores de P.P.E.: Fluo Compact (CFL, TCL, T5\u2026) = Menos de 1 \u03bcmol\/s\/w, l\u00e1mparas de descarga (HPS, MH, CMH\u2026) = 1 a 2 \u03bcmol\/s\/w, diodos emisores de luz (LED): de 2 a 3 \u03bcmol\/s\/w actualmente.<\/p>\n<h3 class=\"vcex-module vcex-heading wpex-text-1x1 wpex-font-normal wpex-m-auto wpex-max-w-50 vcex-heading-plain wpex-block\" style=\"color: #ffde00; font-weight: 600;\">SISTEMA DE CULTIVO COMPLETO<\/h3>\n<p>Medimos los fotones que caen a la superficie de cultivo referida a los m2, cada segundo. Denominamos a esto la \u00ab Photosynthetic Photon Flux Density \u00bb, (P.P.F.D., en \u03bcmol\/s\/m2). Esto permite evaluar la potencia fotosint\u00e9tica real por m2 de una superficie de cultivo. La P.P.F.D. se representa mediante una vista superior del espacio de cultivo, con valores tomados cada 15 x 15 cm (6&#8243; x 6&#8243;) (Fig. 4). Para simplificar la lectura, hemos definido tres colores para tres niveles de P.P.F.D.<\/p>\n<p style=\"color: #553286;\"><strong>Nivel I<\/strong> : Menos de 300 \u03bcmol\/s\/m2 = Propagaci\u00f3n, semilla,crecimiento ligero, modo vegetativo.<\/p>\n<p style=\"color: #2f722f;\"><strong>Nivel\u00a0II<\/strong> : de 300 a 600 \u03bcmol\/s\/m2: cultivo de plantas a las que les gusta mucho el sol y cultivo intensivo de plantas a las que les gusta mucho la sombra.<\/p>\n<p style=\"color: #941914;\"><strong>Nivel III <\/strong>: M\u00e1s de 600 \u03bcmol\/s\/m2: cultivo intensivo de plantas a las que les gusta mucho el sol.<\/p>\n<p><a href=\"https:\/\/www.secretjardin.com\/wp-content\/uploads\/2021\/04\/SCALE-LEVEL-02.png\"><img loading=\"lazy\" decoding=\"async\" class=\"alignnone size-full wp-image-14820\" src=\"https:\/\/www.secretjardin.com\/wp-content\/uploads\/2021\/04\/SCALE-LEVEL-02.png\" alt=\"\" width=\"2097\" height=\"160\" srcset=\"https:\/\/www.secretjardin.com\/wp-content\/uploads\/2021\/04\/SCALE-LEVEL-02.png 2097w, https:\/\/www.secretjardin.com\/wp-content\/uploads\/2021\/04\/SCALE-LEVEL-02-300x23.png 300w, https:\/\/www.secretjardin.com\/wp-content\/uploads\/2021\/04\/SCALE-LEVEL-02-1024x78.png 1024w, https:\/\/www.secretjardin.com\/wp-content\/uploads\/2021\/04\/SCALE-LEVEL-02-768x59.png 768w, https:\/\/www.secretjardin.com\/wp-content\/uploads\/2021\/04\/SCALE-LEVEL-02-1536x117.png 1536w, https:\/\/www.secretjardin.com\/wp-content\/uploads\/2021\/04\/SCALE-LEVEL-02-2048x156.png 2048w, https:\/\/www.secretjardin.com\/wp-content\/uploads\/2021\/04\/SCALE-LEVEL-02-600x46.png 600w\" sizes=\"auto, (max-width: 2097px) 100vw, 2097px\" \/><\/a><\/p>\n<h3 class=\"vcex-module vcex-heading wpex-text-1x1 wpex-font-normal wpex-m-auto wpex-max-w-50 vcex-heading-plain wpex-block\" style=\"color: #ffde00; font-weight: 600;\">DENOMINACI\u00d3N DE LAS LUCES LED<\/h3>\n<p>Existen dos tipos de luces LED. Las luces LED monocrom\u00e1ticas emiten fotones que vibran alrededor de una sola frecuencia. Los nombraremos por su longitud de onda: 450 nm azul, 660 nm rojo\u2026 Las luces LED blancas tienen un espectro m\u00e1s amplio. Proceden de una luz LED monocrom\u00e1tica azul, sobre la que se ha depositado una capa de lumin\u00f3foro, que desplaza y aplana el espectro hacia el amarillo disminuyendo la energ\u00eda de ciertos fotones (Fig. 5). Los denominamos por su temperatura de color, en Kelvin: 6500 \u00baK blanco fr\u00edo, 5000\/4000 \u00baK blanco c\u00e1lido y 3000\/2700\/2100 \u00baK blanco amarillo. Este m\u00e9todo permite obtener luces LED que se pueden utilizar para la iluminaci\u00f3n diaria, pero tambi\u00e9n para el cultivo, gracias a su espectro m\u00e1s completo.<\/p>\n<p><a href=\"https:\/\/www.secretjardin.com\/wp-content\/uploads\/2021\/04\/FIGURE-INTRO-LIGHTING-02.png\"><img loading=\"lazy\" decoding=\"async\" class=\"alignnone size-full wp-image-14756\" src=\"https:\/\/www.secretjardin.com\/wp-content\/uploads\/2021\/04\/FIGURE-INTRO-LIGHTING-02.png\" alt=\"\" width=\"4130\" height=\"528\" srcset=\"https:\/\/www.secretjardin.com\/wp-content\/uploads\/2021\/04\/FIGURE-INTRO-LIGHTING-02.png 4130w, https:\/\/www.secretjardin.com\/wp-content\/uploads\/2021\/04\/FIGURE-INTRO-LIGHTING-02-300x38.png 300w, https:\/\/www.secretjardin.com\/wp-content\/uploads\/2021\/04\/FIGURE-INTRO-LIGHTING-02-1024x131.png 1024w, https:\/\/www.secretjardin.com\/wp-content\/uploads\/2021\/04\/FIGURE-INTRO-LIGHTING-02-768x98.png 768w, https:\/\/www.secretjardin.com\/wp-content\/uploads\/2021\/04\/FIGURE-INTRO-LIGHTING-02-1536x196.png 1536w, https:\/\/www.secretjardin.com\/wp-content\/uploads\/2021\/04\/FIGURE-INTRO-LIGHTING-02-2048x262.png 2048w, https:\/\/www.secretjardin.com\/wp-content\/uploads\/2021\/04\/FIGURE-INTRO-LIGHTING-02-600x77.png 600w\" sizes=\"auto, (max-width: 4130px) 100vw, 4130px\" \/><\/a>[\/vc_column_text][\/vc_column][\/vc_row][vc_row][vc_column]<div class=\"vcex-module vcex-list_item wpex-max-w-100 wpex-clr wpex-mb-5\" style=\"color:#ffde00;\"><a  href=\"https:\/\/www.secretjardin.com\/intensive-blooming\/\" title=\"INTENSIVE (BLOOMING)\" class=\"wpex-inherit-color\"><div class=\"vcex-list-item-inner wpex-inline-flex wpex-flex-no-wrap\"><div class=\"vcex-list-item-icon wpex-mr-10\"><div class=\"vcex-icon-wrap\" style=\"color:#ffde00;\"><span class=\"ticon ticon-eercast\"><\/span><\/div><\/div><div class=\"vcex-list-item-text vcex-content wpex-flex-grow\">INTENSIVO (FLORACI\u00d3N)<\/div><\/div><\/a><\/div><div class=\"vcex-module vcex-list_item wpex-max-w-100 wpex-clr wpex-mb-5\" style=\"color:#ffde00;\"><a  href=\"https:\/\/www.secretjardin.com\/intermediate-growing\/\" title=\"INTENSIVE (BLOOMING)\" class=\"wpex-inherit-color\"><div class=\"vcex-list-item-inner wpex-inline-flex wpex-flex-no-wrap\"><div class=\"vcex-list-item-icon wpex-mr-10\"><div class=\"vcex-icon-wrap\" style=\"color:#ffde00;\"><span class=\"ticon ticon-eercast\"><\/span><\/div><\/div><div class=\"vcex-list-item-text vcex-content wpex-flex-grow\">INTERMEDIO (EN CRECIMIENTO)<\/div><\/div><\/a><\/div><div class=\"vcex-module vcex-list_item wpex-max-w-100 wpex-clr wpex-mb-5\" style=\"color:#ffde00;\"><a  href=\"https:\/\/www.secretjardin.com\/booster\/\" title=\"INTENSIVE (BLOOMING)\" class=\"wpex-inherit-color\"><div class=\"vcex-list-item-inner wpex-inline-flex wpex-flex-no-wrap\"><div class=\"vcex-list-item-icon wpex-mr-10\"><div class=\"vcex-icon-wrap\" style=\"color:#ffde00;\"><span class=\"ticon ticon-eercast\"><\/span><\/div><\/div><div class=\"vcex-list-item-text vcex-content wpex-flex-grow\">BOOSTERS<\/div><\/div><\/a><\/div><div class=\"vcex-module vcex-list_item wpex-max-w-100 wpex-clr wpex-mb-5\" style=\"color:#ffde00;\"><a  href=\"https:\/\/www.secretjardin.com\/product-category\/lightings\/\" title=\"other\" class=\"wpex-inherit-color\"><div class=\"vcex-list-item-inner wpex-inline-flex wpex-flex-no-wrap\"><div class=\"vcex-list-item-icon wpex-mr-10\"><div class=\"vcex-icon-wrap\" style=\"color:#ffde00;\"><span class=\"ticon ticon-eercast\"><\/span><\/div><\/div><div class=\"vcex-list-item-text vcex-content wpex-flex-grow\">OTROS<\/div><\/div><\/a><\/div>[\/vc_column][\/vc_row]\n","protected":false},"excerpt":{"rendered":"<p>[vc_row][vc_column][vc_column_text]Una luz se califica evaluando su CALIDAD (Espectro) y su INTENSIDAD (P.A.R.). CALIDAD DE UNA LUZ La luz est\u00e1 formada por fotones que reaccionan como ondas a medida que se desplazan. Por lo tanto, les asociamos longitudes de onda. Los&hellip;<\/p>\n","protected":false},"author":2,"featured_media":0,"parent":0,"menu_order":0,"comment_status":"closed","ping_status":"closed","template":"templates\/no-sidebar.php","meta":{"_acf_changed":false,"footnotes":""},"class_list":["post-30070","page","type-page","status-publish","hentry","entry","no-media"],"acf":[],"yoast_head":"<!-- This site is optimized with the Yoast SEO plugin v27.5 - https:\/\/yoast.com\/product\/yoast-seo-wordpress\/ -->\n<title>ILUMINACI\u00d3N - Secret Jardin<\/title>\n<meta name=\"robots\" content=\"index, follow, max-snippet:-1, max-image-preview:large, max-video-preview:-1\" \/>\n<link rel=\"canonical\" href=\"https:\/\/www.secretjardin.com\/es\/lighting\/\" \/>\n<meta property=\"og:locale\" content=\"es_ES\" \/>\n<meta property=\"og:type\" content=\"article\" \/>\n<meta property=\"og:title\" content=\"ILUMINACI\u00d3N - Secret Jardin\" \/>\n<meta property=\"og:description\" content=\"[vc_row][vc_column][vc_column_text]Una luz se califica evaluando su CALIDAD (Espectro) y su INTENSIDAD (P.A.R.). CALIDAD DE UNA LUZ La luz est\u00e1 formada por fotones que reaccionan como ondas a medida que se desplazan. Por lo tanto, les asociamos longitudes de onda. Los&hellip;\" \/>\n<meta property=\"og:url\" content=\"https:\/\/www.secretjardin.com\/es\/lighting\/\" \/>\n<meta property=\"og:site_name\" content=\"Secret Jardin\" \/>\n<meta property=\"article:publisher\" content=\"https:\/\/www.facebook.com\/SecretJardin\/\" \/>\n<meta property=\"article:modified_time\" content=\"2022-06-01T08:55:04+00:00\" \/>\n<meta property=\"og:image\" content=\"https:\/\/www.secretjardin.com\/wp-content\/uploads\/2021\/04\/SCALE-LEVEL-02.png\" \/>\n<meta name=\"twitter:card\" content=\"summary_large_image\" \/>\n<meta name=\"twitter:label1\" content=\"Tiempo de lectura\" \/>\n\t<meta name=\"twitter:data1\" content=\"4 minutos\" \/>\n<script type=\"application\/ld+json\" class=\"yoast-schema-graph\">{\"@context\":\"https:\\\/\\\/schema.org\",\"@graph\":[{\"@type\":\"WebPage\",\"@id\":\"https:\\\/\\\/www.secretjardin.com\\\/es\\\/lighting\\\/\",\"url\":\"https:\\\/\\\/www.secretjardin.com\\\/es\\\/lighting\\\/\",\"name\":\"ILUMINACI\u00d3N - Secret Jardin\",\"isPartOf\":{\"@id\":\"https:\\\/\\\/www.secretjardin.com\\\/es\\\/#website\"},\"primaryImageOfPage\":{\"@id\":\"https:\\\/\\\/www.secretjardin.com\\\/es\\\/lighting\\\/#primaryimage\"},\"image\":{\"@id\":\"https:\\\/\\\/www.secretjardin.com\\\/es\\\/lighting\\\/#primaryimage\"},\"thumbnailUrl\":\"https:\\\/\\\/www.secretjardin.com\\\/wp-content\\\/uploads\\\/2021\\\/04\\\/SCALE-LEVEL-02.png\",\"datePublished\":\"2022-04-29T14:16:17+00:00\",\"dateModified\":\"2022-06-01T08:55:04+00:00\",\"breadcrumb\":{\"@id\":\"https:\\\/\\\/www.secretjardin.com\\\/es\\\/lighting\\\/#breadcrumb\"},\"inLanguage\":\"es\",\"potentialAction\":[{\"@type\":\"ReadAction\",\"target\":[\"https:\\\/\\\/www.secretjardin.com\\\/es\\\/lighting\\\/\"]}]},{\"@type\":\"ImageObject\",\"inLanguage\":\"es\",\"@id\":\"https:\\\/\\\/www.secretjardin.com\\\/es\\\/lighting\\\/#primaryimage\",\"url\":\"https:\\\/\\\/www.secretjardin.com\\\/wp-content\\\/uploads\\\/2021\\\/04\\\/SCALE-LEVEL-02.png\",\"contentUrl\":\"https:\\\/\\\/www.secretjardin.com\\\/wp-content\\\/uploads\\\/2021\\\/04\\\/SCALE-LEVEL-02.png\"},{\"@type\":\"BreadcrumbList\",\"@id\":\"https:\\\/\\\/www.secretjardin.com\\\/es\\\/lighting\\\/#breadcrumb\",\"itemListElement\":[{\"@type\":\"ListItem\",\"position\":1,\"name\":\"Home\",\"item\":\"https:\\\/\\\/www.secretjardin.com\\\/es\\\/\"},{\"@type\":\"ListItem\",\"position\":2,\"name\":\"ILUMINACI\u00d3N\"}]},{\"@type\":\"WebSite\",\"@id\":\"https:\\\/\\\/www.secretjardin.com\\\/es\\\/#website\",\"url\":\"https:\\\/\\\/www.secretjardin.com\\\/es\\\/\",\"name\":\"Secret Jardin\",\"description\":\"The Specialist of indoor culture materials\",\"publisher\":{\"@id\":\"https:\\\/\\\/www.secretjardin.com\\\/es\\\/#organization\"},\"potentialAction\":[{\"@type\":\"SearchAction\",\"target\":{\"@type\":\"EntryPoint\",\"urlTemplate\":\"https:\\\/\\\/www.secretjardin.com\\\/es\\\/?s={search_term_string}\"},\"query-input\":{\"@type\":\"PropertyValueSpecification\",\"valueRequired\":true,\"valueName\":\"search_term_string\"}}],\"inLanguage\":\"es\"},{\"@type\":\"Organization\",\"@id\":\"https:\\\/\\\/www.secretjardin.com\\\/es\\\/#organization\",\"name\":\"Secret Jardin\",\"url\":\"https:\\\/\\\/www.secretjardin.com\\\/es\\\/\",\"logo\":{\"@type\":\"ImageObject\",\"inLanguage\":\"es\",\"@id\":\"https:\\\/\\\/www.secretjardin.com\\\/es\\\/#\\\/schema\\\/logo\\\/image\\\/\",\"url\":\"https:\\\/\\\/www.secretjardin.com\\\/wp-content\\\/uploads\\\/2019\\\/05\\\/header_logo.png\",\"contentUrl\":\"https:\\\/\\\/www.secretjardin.com\\\/wp-content\\\/uploads\\\/2019\\\/05\\\/header_logo.png\",\"width\":481,\"height\":198,\"caption\":\"Secret Jardin\"},\"image\":{\"@id\":\"https:\\\/\\\/www.secretjardin.com\\\/es\\\/#\\\/schema\\\/logo\\\/image\\\/\"},\"sameAs\":[\"https:\\\/\\\/www.facebook.com\\\/SecretJardin\\\/\",\"https:\\\/\\\/www.instagram.com\\\/secretjardin_\\\/?hl=fr\",\"https:\\\/\\\/www.linkedin.com\\\/company\\\/secret-jardin\\\/about\\\/\"]}]}<\/script>\n<!-- \/ Yoast SEO plugin. -->","yoast_head_json":{"title":"ILUMINACI\u00d3N - Secret Jardin","robots":{"index":"index","follow":"follow","max-snippet":"max-snippet:-1","max-image-preview":"max-image-preview:large","max-video-preview":"max-video-preview:-1"},"canonical":"https:\/\/www.secretjardin.com\/es\/lighting\/","og_locale":"es_ES","og_type":"article","og_title":"ILUMINACI\u00d3N - Secret Jardin","og_description":"[vc_row][vc_column][vc_column_text]Una luz se califica evaluando su CALIDAD (Espectro) y su INTENSIDAD (P.A.R.). CALIDAD DE UNA LUZ La luz est\u00e1 formada por fotones que reaccionan como ondas a medida que se desplazan. Por lo tanto, les asociamos longitudes de onda. Los&hellip;","og_url":"https:\/\/www.secretjardin.com\/es\/lighting\/","og_site_name":"Secret Jardin","article_publisher":"https:\/\/www.facebook.com\/SecretJardin\/","article_modified_time":"2022-06-01T08:55:04+00:00","og_image":[{"url":"https:\/\/www.secretjardin.com\/wp-content\/uploads\/2021\/04\/SCALE-LEVEL-02.png","type":"","width":"","height":""}],"twitter_card":"summary_large_image","twitter_misc":{"Tiempo de lectura":"4 minutos"},"schema":{"@context":"https:\/\/schema.org","@graph":[{"@type":"WebPage","@id":"https:\/\/www.secretjardin.com\/es\/lighting\/","url":"https:\/\/www.secretjardin.com\/es\/lighting\/","name":"ILUMINACI\u00d3N - Secret Jardin","isPartOf":{"@id":"https:\/\/www.secretjardin.com\/es\/#website"},"primaryImageOfPage":{"@id":"https:\/\/www.secretjardin.com\/es\/lighting\/#primaryimage"},"image":{"@id":"https:\/\/www.secretjardin.com\/es\/lighting\/#primaryimage"},"thumbnailUrl":"https:\/\/www.secretjardin.com\/wp-content\/uploads\/2021\/04\/SCALE-LEVEL-02.png","datePublished":"2022-04-29T14:16:17+00:00","dateModified":"2022-06-01T08:55:04+00:00","breadcrumb":{"@id":"https:\/\/www.secretjardin.com\/es\/lighting\/#breadcrumb"},"inLanguage":"es","potentialAction":[{"@type":"ReadAction","target":["https:\/\/www.secretjardin.com\/es\/lighting\/"]}]},{"@type":"ImageObject","inLanguage":"es","@id":"https:\/\/www.secretjardin.com\/es\/lighting\/#primaryimage","url":"https:\/\/www.secretjardin.com\/wp-content\/uploads\/2021\/04\/SCALE-LEVEL-02.png","contentUrl":"https:\/\/www.secretjardin.com\/wp-content\/uploads\/2021\/04\/SCALE-LEVEL-02.png"},{"@type":"BreadcrumbList","@id":"https:\/\/www.secretjardin.com\/es\/lighting\/#breadcrumb","itemListElement":[{"@type":"ListItem","position":1,"name":"Home","item":"https:\/\/www.secretjardin.com\/es\/"},{"@type":"ListItem","position":2,"name":"ILUMINACI\u00d3N"}]},{"@type":"WebSite","@id":"https:\/\/www.secretjardin.com\/es\/#website","url":"https:\/\/www.secretjardin.com\/es\/","name":"Secret Jardin","description":"The Specialist of indoor culture materials","publisher":{"@id":"https:\/\/www.secretjardin.com\/es\/#organization"},"potentialAction":[{"@type":"SearchAction","target":{"@type":"EntryPoint","urlTemplate":"https:\/\/www.secretjardin.com\/es\/?s={search_term_string}"},"query-input":{"@type":"PropertyValueSpecification","valueRequired":true,"valueName":"search_term_string"}}],"inLanguage":"es"},{"@type":"Organization","@id":"https:\/\/www.secretjardin.com\/es\/#organization","name":"Secret Jardin","url":"https:\/\/www.secretjardin.com\/es\/","logo":{"@type":"ImageObject","inLanguage":"es","@id":"https:\/\/www.secretjardin.com\/es\/#\/schema\/logo\/image\/","url":"https:\/\/www.secretjardin.com\/wp-content\/uploads\/2019\/05\/header_logo.png","contentUrl":"https:\/\/www.secretjardin.com\/wp-content\/uploads\/2019\/05\/header_logo.png","width":481,"height":198,"caption":"Secret Jardin"},"image":{"@id":"https:\/\/www.secretjardin.com\/es\/#\/schema\/logo\/image\/"},"sameAs":["https:\/\/www.facebook.com\/SecretJardin\/","https:\/\/www.instagram.com\/secretjardin_\/?hl=fr","https:\/\/www.linkedin.com\/company\/secret-jardin\/about\/"]}]}},"_links":{"self":[{"href":"https:\/\/www.secretjardin.com\/es\/wp-json\/wp\/v2\/pages\/30070","targetHints":{"allow":["GET"]}}],"collection":[{"href":"https:\/\/www.secretjardin.com\/es\/wp-json\/wp\/v2\/pages"}],"about":[{"href":"https:\/\/www.secretjardin.com\/es\/wp-json\/wp\/v2\/types\/page"}],"author":[{"embeddable":true,"href":"https:\/\/www.secretjardin.com\/es\/wp-json\/wp\/v2\/users\/2"}],"replies":[{"embeddable":true,"href":"https:\/\/www.secretjardin.com\/es\/wp-json\/wp\/v2\/comments?post=30070"}],"version-history":[{"count":0,"href":"https:\/\/www.secretjardin.com\/es\/wp-json\/wp\/v2\/pages\/30070\/revisions"}],"wp:attachment":[{"href":"https:\/\/www.secretjardin.com\/es\/wp-json\/wp\/v2\/media?parent=30070"}],"curies":[{"name":"wp","href":"https:\/\/api.w.org\/{rel}","templated":true}]}}