{"id":29955,"date":"2022-04-29T14:28:07","date_gmt":"2022-04-29T14:28:07","guid":{"rendered":"https:\/\/www.secretjardin.com\/grow-tent\/"},"modified":"2024-04-24T07:45:32","modified_gmt":"2024-04-24T07:45:32","slug":"grow-tent","status":"publish","type":"page","link":"https:\/\/www.secretjardin.com\/es\/grow-tent\/","title":{"rendered":"ARMARIOS DE CULTIVO SECRET JARDIN"},"content":{"rendered":"[vc_row][vc_column][vc_single_image image=\u00bb56919&#8243; onclick=\u00bbcustom_link\u00bb img_link_target=\u00bb_blank\u00bb link=\u00bbhttps:\/\/www.secretjardin.com\/wp-content\/uploads\/2024\/04\/Secret-Jardin-Tents-Large.png\u00bb css=\u00bb.vc_custom_1713881701330{margin-bottom: 20px !important;}\u00bb][vc_column_text]\n<p><a href=\"https:\/\/www.secretjardin.com\/wp-content\/uploads\/2022\/11\/202210-ARGUMENTS.png\"><img loading=\"lazy\" decoding=\"async\" class=\"alignleft wp-image-16066\" src=\"https:\/\/www.secretjardin.com\/wp-content\/uploads\/2022\/11\/202210-ARGUMENTS.png\" alt=\"\" width=\"380\" height=\"525\" \/><\/a><\/p>\n<p>Los armarios Secret Jardin est\u00e1n preequipados para permitirle crear r\u00e1pidamente una configuraci\u00f3n completa sin herramientas. Los DUCTING FLANGE crean interfaces de entradas-salidas. El STRAPIT, as\u00ed como la CABLE FLANGE,\u00a0 los CABLEIT y los HANDLING TUBE se utilizan para el montaje de la iluminaci\u00f3n, la ventilaci\u00f3n, los cables, los sistemas de rociadores, etc.. Los HOOKIT, STRAPIT, CABLEIT, CABLE FLANGE y HANDLING TUBE se utilizan para montar la iluminaci\u00f3n, la ventilaci\u00f3n, el cableado, el sistema de riego, etc. El WATER TRAY es una bandeja de retenci\u00f3n de agua extra\u00edble y flexible, que mantiene su armario limpio y evita cualquier riesgo de inundaci\u00f3n. Finalmente, los SPACE BOOSTER y los WEBIT le permiten ahorrar hasta un 25 % de espacio de cultivo, sujetando sus plantas.<\/p>\n<h3 class=\"vcex-module vcex-heading wpex-text-1x1 wpex-font-normal wpex-m-auto wpex-max-w-50 vcex-heading-plain wpex-block\" style=\"color: #dcaa00; font-weight: 600;\">MATERIAS PRIMERAS<\/h3>\n<p>Secret Jardin privilegia el uso de materiales de calidad: La estructura est\u00e1 compuesta por tubos de acero Q195 o acero inoxidable #201. En lugar de utilizar un sistema est\u00e1ndar soldado-clipsado, Secret Jardin ha desarrollado esquinas de pl\u00e1stico reforzadas, que son m\u00e1s resistentes a las variaciones repetitivas de cargas sufridas por los armarios. La tela est\u00e1 constituida de tejido Oxford 210D, 400D o 900D, una capa de PVC de 0.20mmuna pel\u00edcula de poli\u00e9ster Mylar altamente reflectante. Esto aumenta la luz recibida por las plantas entre un 50 % y un 100 % y a\u00edsla t\u00e9rmicamente el armario. El tejido ha sido probado seg\u00fan la norma EN 14372:2004 para garantizar que ning\u00fan componente t\u00f3xico, como los ftalatos, pueda matar sus plantas. El WATER TRAY est\u00e1 fabricada con un revestimiento de piscina de 400g\/m2, resistente a 5 a\u00f1os de uso intensivo. La bolsa del armario est\u00e1 fabricada con un resistente poli\u00e9ster 600D. Finalmente, se utilizan hilos de nailon 30 210D para garantizarle unas costuras resistentes.<br \/>\n<BR><\/p>\n<h3 class=\"vcex-module vcex-heading wpex-text-1x1 wpex-font-normal wpex-m-auto wpex-max-w-50 vcex-heading-plain wpex-block\" style=\"color: #dcaa00; font-weight: 600; clear: left; margin-top: 20px;\">NUEVO SISTEMA DE CREMALLERA CON DOBLE SOLAPA \u00ab UNA C\u00c1MARA 100 % NEGRA \u00bb<\/h3>\n<p>Las cremalleras de las puertas y las ventanas se cortan por separado para que se superpongan con una solapa de 3cm de cada lado. Gracias a esta DOBLE SOLAPA, el armario es 100 % estanco a la luz*.<\/p>\n<p><img loading=\"lazy\" decoding=\"async\" class=\"aligncenter wp-image-16108 size-medium\" src=\"https:\/\/www.secretjardin.com\/wp-content\/uploads\/2021\/05\/202105-DOUBLE-FLAP-SYSTEM_Plan-de-travail-1-300x153.png\" alt=\"\" width=\"300\" height=\"153\" srcset=\"https:\/\/www.secretjardin.com\/wp-content\/uploads\/2021\/05\/202105-DOUBLE-FLAP-SYSTEM_Plan-de-travail-1-300x153.png 300w, https:\/\/www.secretjardin.com\/wp-content\/uploads\/2021\/05\/202105-DOUBLE-FLAP-SYSTEM_Plan-de-travail-1-1024x523.png 1024w, https:\/\/www.secretjardin.com\/wp-content\/uploads\/2021\/05\/202105-DOUBLE-FLAP-SYSTEM_Plan-de-travail-1-768x392.png 768w, https:\/\/www.secretjardin.com\/wp-content\/uploads\/2021\/05\/202105-DOUBLE-FLAP-SYSTEM_Plan-de-travail-1-1536x785.png 1536w, https:\/\/www.secretjardin.com\/wp-content\/uploads\/2021\/05\/202105-DOUBLE-FLAP-SYSTEM_Plan-de-travail-1-2048x1046.png 2048w, https:\/\/www.secretjardin.com\/wp-content\/uploads\/2021\/05\/202105-DOUBLE-FLAP-SYSTEM_Plan-de-travail-1-600x307.png 600w\" sizes=\"auto, (max-width: 300px) 100vw, 300px\" \/><\/p>\n<h3 class=\"vcex-module vcex-heading wpex-text-1x1 wpex-font-normal wpex-m-auto wpex-max-w-50 vcex-heading-plain wpex-block\" style=\"color: #dcaa00; font-weight: 600;\">TRES GAMAS<\/h3>\n<p>Los armarios Secret Jardin se dividen en tres gamas.<br \/>\n\u2022 La gama \u00abHigh-Space\u00bb, compuesta por los Dark Street (tama\u00f1os peque\u00f1os), los Dark Room (tama\u00f1os medianos) y los Intense (tama\u00f1os grandes), est\u00e1 especialmente destinada a plantas altas, de 50cm \u00e0 150cm.<br \/>\n\u2022 La gama \u00abLow-Space\u00bb, compuerta por los Dark Propagator, est\u00e1 destinada a plantas de menos de 80cm. A menudo se usa para la propagaci\u00f3n y el crecimiento, y puede ser adecuado para la floraci\u00f3n de las plantas peque\u00f1as si se usa la iluminaci\u00f3n adecuada.<\/p>\n<p><em>*Atenci\u00f3n: cuando ponga en funcionamiento la extracci\u00f3n, recuerde dejar una entrada de aire abierta para evitar una implosi\u00f3n, ya que los armarios tambi\u00e9n son herm\u00e9ticos al aire.<\/em>[\/vc_column_text][\/vc_column][\/vc_row]\n<p>&lt; Volver a la p\u00e1gina principal<\/p>\n","protected":false},"excerpt":{"rendered":"<p>[vc_row][vc_column][vc_single_image image=\u00bb56919&#8243; onclick=\u00bbcustom_link\u00bb img_link_target=\u00bb_blank\u00bb link=\u00bbhttps:\/\/www.secretjardin.com\/wp-content\/uploads\/2024\/04\/Secret-Jardin-Tents-Large.png\u00bb css=\u00bb.vc_custom_1713881701330{margin-bottom: 20px !important;}\u00bb][vc_column_text] Los armarios Secret Jardin est\u00e1n preequipados para permitirle crear r\u00e1pidamente una configuraci\u00f3n completa sin herramientas. Los DUCTING FLANGE crean interfaces de entradas-salidas. El STRAPIT, as\u00ed como la CABLE FLANGE,\u00a0 los CABLEIT y&hellip;<\/p>\n","protected":false},"author":2,"featured_media":0,"parent":0,"menu_order":0,"comment_status":"closed","ping_status":"closed","template":"templates\/no-sidebar.php","meta":{"_acf_changed":false,"footnotes":""},"class_list":["post-29955","page","type-page","status-publish","hentry","entry","no-media"],"acf":[],"yoast_head":"<!-- This site is optimized with the Yoast SEO plugin v27.4 - https:\/\/yoast.com\/product\/yoast-seo-wordpress\/ -->\n<title>ARMARIOS DE CULTIVO SECRET JARDIN - Secret Jardin<\/title>\n<meta name=\"robots\" content=\"index, follow, max-snippet:-1, max-image-preview:large, max-video-preview:-1\" \/>\n<link rel=\"canonical\" href=\"https:\/\/www.secretjardin.com\/es\/grow-tent\/\" \/>\n<meta property=\"og:locale\" content=\"es_ES\" \/>\n<meta property=\"og:type\" content=\"article\" \/>\n<meta property=\"og:title\" content=\"ARMARIOS DE CULTIVO SECRET JARDIN - Secret Jardin\" \/>\n<meta property=\"og:description\" content=\"[vc_row][vc_column][vc_single_image image=\u00bb56919&#8243; onclick=\u00bbcustom_link\u00bb img_link_target=\u00bb_blank\u00bb link=\u00bbhttps:\/\/www.secretjardin.com\/wp-content\/uploads\/2024\/04\/Secret-Jardin-Tents-Large.png\u00bb css=\u00bb.vc_custom_1713881701330{margin-bottom: 20px !important;}\u00bb][vc_column_text] Los armarios Secret Jardin est\u00e1n preequipados para permitirle crear r\u00e1pidamente una configuraci\u00f3n completa sin herramientas. Los DUCTING FLANGE crean interfaces de entradas-salidas. El STRAPIT, as\u00ed como la CABLE FLANGE,\u00a0 los CABLEIT y&hellip;\" \/>\n<meta property=\"og:url\" content=\"https:\/\/www.secretjardin.com\/es\/grow-tent\/\" \/>\n<meta property=\"og:site_name\" content=\"Secret Jardin\" \/>\n<meta property=\"article:publisher\" content=\"https:\/\/www.facebook.com\/SecretJardin\/\" \/>\n<meta property=\"article:modified_time\" content=\"2024-04-24T07:45:32+00:00\" \/>\n<meta property=\"og:image\" content=\"https:\/\/www.secretjardin.com\/wp-content\/uploads\/2022\/11\/202210-ARGUMENTS.png\" \/>\n<meta name=\"twitter:card\" content=\"summary_large_image\" \/>\n<meta name=\"twitter:label1\" content=\"Tiempo de lectura\" \/>\n\t<meta name=\"twitter:data1\" content=\"4 minutos\" \/>\n<script type=\"application\/ld+json\" class=\"yoast-schema-graph\">{\"@context\":\"https:\\\/\\\/schema.org\",\"@graph\":[{\"@type\":\"WebPage\",\"@id\":\"https:\\\/\\\/www.secretjardin.com\\\/es\\\/grow-tent\\\/\",\"url\":\"https:\\\/\\\/www.secretjardin.com\\\/es\\\/grow-tent\\\/\",\"name\":\"ARMARIOS DE CULTIVO SECRET JARDIN - Secret Jardin\",\"isPartOf\":{\"@id\":\"https:\\\/\\\/www.secretjardin.com\\\/es\\\/#website\"},\"primaryImageOfPage\":{\"@id\":\"https:\\\/\\\/www.secretjardin.com\\\/es\\\/grow-tent\\\/#primaryimage\"},\"image\":{\"@id\":\"https:\\\/\\\/www.secretjardin.com\\\/es\\\/grow-tent\\\/#primaryimage\"},\"thumbnailUrl\":\"https:\\\/\\\/www.secretjardin.com\\\/wp-content\\\/uploads\\\/2022\\\/11\\\/202210-ARGUMENTS.png\",\"datePublished\":\"2022-04-29T14:28:07+00:00\",\"dateModified\":\"2024-04-24T07:45:32+00:00\",\"breadcrumb\":{\"@id\":\"https:\\\/\\\/www.secretjardin.com\\\/es\\\/grow-tent\\\/#breadcrumb\"},\"inLanguage\":\"es\",\"potentialAction\":[{\"@type\":\"ReadAction\",\"target\":[\"https:\\\/\\\/www.secretjardin.com\\\/es\\\/grow-tent\\\/\"]}]},{\"@type\":\"ImageObject\",\"inLanguage\":\"es\",\"@id\":\"https:\\\/\\\/www.secretjardin.com\\\/es\\\/grow-tent\\\/#primaryimage\",\"url\":\"https:\\\/\\\/www.secretjardin.com\\\/wp-content\\\/uploads\\\/2022\\\/11\\\/202210-ARGUMENTS.png\",\"contentUrl\":\"https:\\\/\\\/www.secretjardin.com\\\/wp-content\\\/uploads\\\/2022\\\/11\\\/202210-ARGUMENTS.png\"},{\"@type\":\"BreadcrumbList\",\"@id\":\"https:\\\/\\\/www.secretjardin.com\\\/es\\\/grow-tent\\\/#breadcrumb\",\"itemListElement\":[{\"@type\":\"ListItem\",\"position\":1,\"name\":\"Home\",\"item\":\"https:\\\/\\\/www.secretjardin.com\\\/es\\\/\"},{\"@type\":\"ListItem\",\"position\":2,\"name\":\"ARMARIOS DE CULTIVO SECRET JARDIN\"}]},{\"@type\":\"WebSite\",\"@id\":\"https:\\\/\\\/www.secretjardin.com\\\/es\\\/#website\",\"url\":\"https:\\\/\\\/www.secretjardin.com\\\/es\\\/\",\"name\":\"Secret Jardin\",\"description\":\"The Specialist of indoor culture materials\",\"publisher\":{\"@id\":\"https:\\\/\\\/www.secretjardin.com\\\/es\\\/#organization\"},\"potentialAction\":[{\"@type\":\"SearchAction\",\"target\":{\"@type\":\"EntryPoint\",\"urlTemplate\":\"https:\\\/\\\/www.secretjardin.com\\\/es\\\/?s={search_term_string}\"},\"query-input\":{\"@type\":\"PropertyValueSpecification\",\"valueRequired\":true,\"valueName\":\"search_term_string\"}}],\"inLanguage\":\"es\"},{\"@type\":\"Organization\",\"@id\":\"https:\\\/\\\/www.secretjardin.com\\\/es\\\/#organization\",\"name\":\"Secret Jardin\",\"url\":\"https:\\\/\\\/www.secretjardin.com\\\/es\\\/\",\"logo\":{\"@type\":\"ImageObject\",\"inLanguage\":\"es\",\"@id\":\"https:\\\/\\\/www.secretjardin.com\\\/es\\\/#\\\/schema\\\/logo\\\/image\\\/\",\"url\":\"https:\\\/\\\/www.secretjardin.com\\\/wp-content\\\/uploads\\\/2019\\\/05\\\/header_logo.png\",\"contentUrl\":\"https:\\\/\\\/www.secretjardin.com\\\/wp-content\\\/uploads\\\/2019\\\/05\\\/header_logo.png\",\"width\":481,\"height\":198,\"caption\":\"Secret Jardin\"},\"image\":{\"@id\":\"https:\\\/\\\/www.secretjardin.com\\\/es\\\/#\\\/schema\\\/logo\\\/image\\\/\"},\"sameAs\":[\"https:\\\/\\\/www.facebook.com\\\/SecretJardin\\\/\",\"https:\\\/\\\/www.instagram.com\\\/secretjardin_\\\/?hl=fr\",\"https:\\\/\\\/www.linkedin.com\\\/company\\\/secret-jardin\\\/about\\\/\"]}]}<\/script>\n<!-- \/ Yoast SEO plugin. -->","yoast_head_json":{"title":"ARMARIOS DE CULTIVO SECRET JARDIN - Secret Jardin","robots":{"index":"index","follow":"follow","max-snippet":"max-snippet:-1","max-image-preview":"max-image-preview:large","max-video-preview":"max-video-preview:-1"},"canonical":"https:\/\/www.secretjardin.com\/es\/grow-tent\/","og_locale":"es_ES","og_type":"article","og_title":"ARMARIOS DE CULTIVO SECRET JARDIN - Secret Jardin","og_description":"[vc_row][vc_column][vc_single_image image=\u00bb56919&#8243; onclick=\u00bbcustom_link\u00bb img_link_target=\u00bb_blank\u00bb link=\u00bbhttps:\/\/www.secretjardin.com\/wp-content\/uploads\/2024\/04\/Secret-Jardin-Tents-Large.png\u00bb css=\u00bb.vc_custom_1713881701330{margin-bottom: 20px !important;}\u00bb][vc_column_text] Los armarios Secret Jardin est\u00e1n preequipados para permitirle crear r\u00e1pidamente una configuraci\u00f3n completa sin herramientas. Los DUCTING FLANGE crean interfaces de entradas-salidas. El STRAPIT, as\u00ed como la CABLE FLANGE,\u00a0 los CABLEIT y&hellip;","og_url":"https:\/\/www.secretjardin.com\/es\/grow-tent\/","og_site_name":"Secret Jardin","article_publisher":"https:\/\/www.facebook.com\/SecretJardin\/","article_modified_time":"2024-04-24T07:45:32+00:00","og_image":[{"url":"https:\/\/www.secretjardin.com\/wp-content\/uploads\/2022\/11\/202210-ARGUMENTS.png","type":"","width":"","height":""}],"twitter_card":"summary_large_image","twitter_misc":{"Tiempo de lectura":"4 minutos"},"schema":{"@context":"https:\/\/schema.org","@graph":[{"@type":"WebPage","@id":"https:\/\/www.secretjardin.com\/es\/grow-tent\/","url":"https:\/\/www.secretjardin.com\/es\/grow-tent\/","name":"ARMARIOS DE CULTIVO SECRET JARDIN - Secret Jardin","isPartOf":{"@id":"https:\/\/www.secretjardin.com\/es\/#website"},"primaryImageOfPage":{"@id":"https:\/\/www.secretjardin.com\/es\/grow-tent\/#primaryimage"},"image":{"@id":"https:\/\/www.secretjardin.com\/es\/grow-tent\/#primaryimage"},"thumbnailUrl":"https:\/\/www.secretjardin.com\/wp-content\/uploads\/2022\/11\/202210-ARGUMENTS.png","datePublished":"2022-04-29T14:28:07+00:00","dateModified":"2024-04-24T07:45:32+00:00","breadcrumb":{"@id":"https:\/\/www.secretjardin.com\/es\/grow-tent\/#breadcrumb"},"inLanguage":"es","potentialAction":[{"@type":"ReadAction","target":["https:\/\/www.secretjardin.com\/es\/grow-tent\/"]}]},{"@type":"ImageObject","inLanguage":"es","@id":"https:\/\/www.secretjardin.com\/es\/grow-tent\/#primaryimage","url":"https:\/\/www.secretjardin.com\/wp-content\/uploads\/2022\/11\/202210-ARGUMENTS.png","contentUrl":"https:\/\/www.secretjardin.com\/wp-content\/uploads\/2022\/11\/202210-ARGUMENTS.png"},{"@type":"BreadcrumbList","@id":"https:\/\/www.secretjardin.com\/es\/grow-tent\/#breadcrumb","itemListElement":[{"@type":"ListItem","position":1,"name":"Home","item":"https:\/\/www.secretjardin.com\/es\/"},{"@type":"ListItem","position":2,"name":"ARMARIOS DE CULTIVO SECRET JARDIN"}]},{"@type":"WebSite","@id":"https:\/\/www.secretjardin.com\/es\/#website","url":"https:\/\/www.secretjardin.com\/es\/","name":"Secret Jardin","description":"The Specialist of indoor culture materials","publisher":{"@id":"https:\/\/www.secretjardin.com\/es\/#organization"},"potentialAction":[{"@type":"SearchAction","target":{"@type":"EntryPoint","urlTemplate":"https:\/\/www.secretjardin.com\/es\/?s={search_term_string}"},"query-input":{"@type":"PropertyValueSpecification","valueRequired":true,"valueName":"search_term_string"}}],"inLanguage":"es"},{"@type":"Organization","@id":"https:\/\/www.secretjardin.com\/es\/#organization","name":"Secret Jardin","url":"https:\/\/www.secretjardin.com\/es\/","logo":{"@type":"ImageObject","inLanguage":"es","@id":"https:\/\/www.secretjardin.com\/es\/#\/schema\/logo\/image\/","url":"https:\/\/www.secretjardin.com\/wp-content\/uploads\/2019\/05\/header_logo.png","contentUrl":"https:\/\/www.secretjardin.com\/wp-content\/uploads\/2019\/05\/header_logo.png","width":481,"height":198,"caption":"Secret Jardin"},"image":{"@id":"https:\/\/www.secretjardin.com\/es\/#\/schema\/logo\/image\/"},"sameAs":["https:\/\/www.facebook.com\/SecretJardin\/","https:\/\/www.instagram.com\/secretjardin_\/?hl=fr","https:\/\/www.linkedin.com\/company\/secret-jardin\/about\/"]}]}},"_links":{"self":[{"href":"https:\/\/www.secretjardin.com\/es\/wp-json\/wp\/v2\/pages\/29955","targetHints":{"allow":["GET"]}}],"collection":[{"href":"https:\/\/www.secretjardin.com\/es\/wp-json\/wp\/v2\/pages"}],"about":[{"href":"https:\/\/www.secretjardin.com\/es\/wp-json\/wp\/v2\/types\/page"}],"author":[{"embeddable":true,"href":"https:\/\/www.secretjardin.com\/es\/wp-json\/wp\/v2\/users\/2"}],"replies":[{"embeddable":true,"href":"https:\/\/www.secretjardin.com\/es\/wp-json\/wp\/v2\/comments?post=29955"}],"version-history":[{"count":0,"href":"https:\/\/www.secretjardin.com\/es\/wp-json\/wp\/v2\/pages\/29955\/revisions"}],"wp:attachment":[{"href":"https:\/\/www.secretjardin.com\/es\/wp-json\/wp\/v2\/media?parent=29955"}],"curies":[{"name":"wp","href":"https:\/\/api.w.org\/{rel}","templated":true}]}}