{"id":29882,"date":"2022-04-29T14:12:09","date_gmt":"2022-04-29T14:12:09","guid":{"rendered":"https:\/\/www.secretjardin.com\/grow-tent-socks\/"},"modified":"2024-04-23T14:36:17","modified_gmt":"2024-04-23T14:36:17","slug":"grow-tent-socks","status":"publish","type":"page","link":"https:\/\/www.secretjardin.com\/es\/grow-tent-socks\/","title":{"rendered":"ARMARIOS DE CULTIVO HYDRO SHOOT (SOCKS)"},"content":{"rendered":"[vc_row][vc_column][vc_single_image image=\u00bb56901&#8243; onclick=\u00bbcustom_link\u00bb img_link_target=\u00bb_blank\u00bb link=\u00bbhttps:\/\/www.secretjardin.com\/wp-content\/uploads\/2024\/04\/Hydro-Shoot-Tents-Large.png\u00bb css=\u00bb.vc_custom_1713882637362{margin-bottom: 20px !important;}\u00bb][vc_column_text]\n<h3>EL ARMARIO PARA LOS HABILIDOSOS<\/h3>\n<p>El armario Hydro Shoot es una base ideal para cualquier agricultor que desee construir una configuraci\u00f3n personalizada. No incluye accesorios, solo un WATER TRAY de Mylar extra\u00edble para evitar inundaciones. Dispone de mangas para la gesti\u00f3n de la ventilaci\u00f3n y el paso de los cables y tubos. Estas mangas, altamente reflectantes y estancas a la luz, pueden adaptarse a diversos di\u00e1metros de conductos, filtros, extracciones, tubos o cables.<\/p>\n<h3 class=\"vcex-module vcex-heading wpex-text-1x1 wpex-font-normal wpex-m-auto wpex-max-w-50 vcex-heading-plain wpex-block\" style=\"color: #e2231a; font-weight: 600;\">MATERIAS PRIMAS<\/h3>\n<p>Aunque los armarios Hydro Shoot no incluyen accesorios, no son armarios econ\u00f3micos. Los materiales utilizados son los mismos que los utilizados en los armarios Secret Jardin: Mylar M210D, acero Q195, pl\u00e1sticos no reciclados, hilo de nailon #30 210D, etc. Comparten, adem\u00e1s, las mismas piezas de repuesto.<\/p>\n<h3 class=\"vcex-module vcex-heading wpex-text-1x1 wpex-font-normal wpex-m-auto wpex-max-w-50 vcex-heading-plain wpex-block\" style=\"color: #e2231a; font-weight: 600;\">NUEVO SISTEMA DE CREMALLERA CON DOBLE SOLAPA \u00ab UNA C\u00c1MARA 100 % NEGRA \u00bb<\/h3>\n<p>La gama Hydro Shoot utiliza el mismo sistema de cremallera con doble solapa que la gama Secret Jardin, lo que garantiza una estanqueidad a la luz 100 % eficaz*.<\/p>\n<p><a href=\"https:\/\/www.secretjardin.com\/wp-content\/uploads\/2021\/05\/202105-DOUBLE-FLAP-SYSTEM_Plan-de-travail-1.png\"><img loading=\"lazy\" decoding=\"async\" class=\"size-medium wp-image-16108 aligncenter\" src=\"https:\/\/www.secretjardin.com\/wp-content\/uploads\/2021\/05\/202105-DOUBLE-FLAP-SYSTEM_Plan-de-travail-1-300x153.png\" alt=\"\" width=\"300\" height=\"153\" srcset=\"https:\/\/www.secretjardin.com\/wp-content\/uploads\/2021\/05\/202105-DOUBLE-FLAP-SYSTEM_Plan-de-travail-1-300x153.png 300w, https:\/\/www.secretjardin.com\/wp-content\/uploads\/2021\/05\/202105-DOUBLE-FLAP-SYSTEM_Plan-de-travail-1-1024x523.png 1024w, https:\/\/www.secretjardin.com\/wp-content\/uploads\/2021\/05\/202105-DOUBLE-FLAP-SYSTEM_Plan-de-travail-1-768x392.png 768w, https:\/\/www.secretjardin.com\/wp-content\/uploads\/2021\/05\/202105-DOUBLE-FLAP-SYSTEM_Plan-de-travail-1-1536x785.png 1536w, https:\/\/www.secretjardin.com\/wp-content\/uploads\/2021\/05\/202105-DOUBLE-FLAP-SYSTEM_Plan-de-travail-1-2048x1046.png 2048w, https:\/\/www.secretjardin.com\/wp-content\/uploads\/2021\/05\/202105-DOUBLE-FLAP-SYSTEM_Plan-de-travail-1-600x307.png 600w\" sizes=\"auto, (max-width: 300px) 100vw, 300px\" \/><\/a><\/p>\n<h3 class=\"vcex-module vcex-heading wpex-text-1x1 wpex-font-normal wpex-m-auto wpex-max-w-50 vcex-heading-plain wpex-block\" style=\"color: #e2231a; font-weight: 600;\">DOS GAMAS<\/h3>\n<p>Los tama\u00f1os peque\u00f1os se pueden usar verticalmente para las plantas grandes, as\u00ed como horizontalmente para las plantas peque\u00f1as, y tienen una estructura de 16mm. A partir del<br \/>\nHS120, la estructura cambia a 19mm y el dise\u00f1o de la puerta horizontal permite abrir 3 lados del armario para garantizar un f\u00e1cil acceso a toda la superficie de cultivo.<\/p>\n<p>*Por las mismas razones que en los armarios Secret Jardin, recuerde abrir al menos una entrada de aire cuando ponga en funcionamiento la extracci\u00f3n para evitar cualquier implosi\u00f3n.[\/vc_column_text][\/vc_column][\/vc_row]\n<p><html><a href=\"https:\/\/www.secretjardin.com\/es\/\"><   Volver a la p\u00e1gina principal\/a><\/html><\/p>\n","protected":false},"excerpt":{"rendered":"<p>[vc_row][vc_column][vc_single_image image=\u00bb56901&#8243; onclick=\u00bbcustom_link\u00bb img_link_target=\u00bb_blank\u00bb link=\u00bbhttps:\/\/www.secretjardin.com\/wp-content\/uploads\/2024\/04\/Hydro-Shoot-Tents-Large.png\u00bb css=\u00bb.vc_custom_1713882637362{margin-bottom: 20px !important;}\u00bb][vc_column_text] EL ARMARIO PARA LOS HABILIDOSOS El armario Hydro Shoot es una base ideal para cualquier agricultor que desee construir una configuraci\u00f3n personalizada. No incluye accesorios, solo un WATER TRAY de Mylar extra\u00edble&hellip;<\/p>\n","protected":false},"author":2,"featured_media":0,"parent":0,"menu_order":0,"comment_status":"closed","ping_status":"closed","template":"templates\/no-sidebar.php","meta":{"_acf_changed":false,"footnotes":""},"class_list":["post-29882","page","type-page","status-publish","hentry","entry","no-media"],"acf":[],"yoast_head":"<!-- This site is optimized with the Yoast SEO plugin v27.5 - https:\/\/yoast.com\/product\/yoast-seo-wordpress\/ -->\n<title>ARMARIOS DE CULTIVO HYDRO SHOOT (SOCKS) - Secret Jardin<\/title>\n<meta name=\"robots\" content=\"index, follow, max-snippet:-1, max-image-preview:large, max-video-preview:-1\" \/>\n<link rel=\"canonical\" href=\"https:\/\/www.secretjardin.com\/es\/grow-tent-socks\/\" \/>\n<meta property=\"og:locale\" content=\"es_ES\" \/>\n<meta property=\"og:type\" content=\"article\" \/>\n<meta property=\"og:title\" content=\"ARMARIOS DE CULTIVO HYDRO SHOOT (SOCKS) - Secret Jardin\" \/>\n<meta property=\"og:description\" content=\"[vc_row][vc_column][vc_single_image image=\u00bb56901&#8243; onclick=\u00bbcustom_link\u00bb img_link_target=\u00bb_blank\u00bb link=\u00bbhttps:\/\/www.secretjardin.com\/wp-content\/uploads\/2024\/04\/Hydro-Shoot-Tents-Large.png\u00bb css=\u00bb.vc_custom_1713882637362{margin-bottom: 20px !important;}\u00bb][vc_column_text] EL ARMARIO PARA LOS HABILIDOSOS El armario Hydro Shoot es una base ideal para cualquier agricultor que desee construir una configuraci\u00f3n personalizada. No incluye accesorios, solo un WATER TRAY de Mylar extra\u00edble&hellip;\" \/>\n<meta property=\"og:url\" content=\"https:\/\/www.secretjardin.com\/es\/grow-tent-socks\/\" \/>\n<meta property=\"og:site_name\" content=\"Secret Jardin\" \/>\n<meta property=\"article:publisher\" content=\"https:\/\/www.facebook.com\/SecretJardin\/\" \/>\n<meta property=\"article:modified_time\" content=\"2024-04-23T14:36:17+00:00\" \/>\n<meta property=\"og:image\" content=\"https:\/\/www.secretjardin.com\/wp-content\/uploads\/2021\/05\/202105-DOUBLE-FLAP-SYSTEM_Plan-de-travail-1-300x153.png\" \/>\n<meta name=\"twitter:card\" content=\"summary_large_image\" \/>\n<meta name=\"twitter:label1\" content=\"Tiempo de lectura\" \/>\n\t<meta name=\"twitter:data1\" content=\"2 minutos\" \/>\n<script type=\"application\/ld+json\" class=\"yoast-schema-graph\">{\"@context\":\"https:\\\/\\\/schema.org\",\"@graph\":[{\"@type\":\"WebPage\",\"@id\":\"https:\\\/\\\/www.secretjardin.com\\\/es\\\/grow-tent-socks\\\/\",\"url\":\"https:\\\/\\\/www.secretjardin.com\\\/es\\\/grow-tent-socks\\\/\",\"name\":\"ARMARIOS DE CULTIVO HYDRO SHOOT (SOCKS) - Secret Jardin\",\"isPartOf\":{\"@id\":\"https:\\\/\\\/www.secretjardin.com\\\/es\\\/#website\"},\"primaryImageOfPage\":{\"@id\":\"https:\\\/\\\/www.secretjardin.com\\\/es\\\/grow-tent-socks\\\/#primaryimage\"},\"image\":{\"@id\":\"https:\\\/\\\/www.secretjardin.com\\\/es\\\/grow-tent-socks\\\/#primaryimage\"},\"thumbnailUrl\":\"https:\\\/\\\/www.secretjardin.com\\\/wp-content\\\/uploads\\\/2021\\\/05\\\/202105-DOUBLE-FLAP-SYSTEM_Plan-de-travail-1-300x153.png\",\"datePublished\":\"2022-04-29T14:12:09+00:00\",\"dateModified\":\"2024-04-23T14:36:17+00:00\",\"breadcrumb\":{\"@id\":\"https:\\\/\\\/www.secretjardin.com\\\/es\\\/grow-tent-socks\\\/#breadcrumb\"},\"inLanguage\":\"es\",\"potentialAction\":[{\"@type\":\"ReadAction\",\"target\":[\"https:\\\/\\\/www.secretjardin.com\\\/es\\\/grow-tent-socks\\\/\"]}]},{\"@type\":\"ImageObject\",\"inLanguage\":\"es\",\"@id\":\"https:\\\/\\\/www.secretjardin.com\\\/es\\\/grow-tent-socks\\\/#primaryimage\",\"url\":\"https:\\\/\\\/www.secretjardin.com\\\/wp-content\\\/uploads\\\/2021\\\/05\\\/202105-DOUBLE-FLAP-SYSTEM_Plan-de-travail-1-300x153.png\",\"contentUrl\":\"https:\\\/\\\/www.secretjardin.com\\\/wp-content\\\/uploads\\\/2021\\\/05\\\/202105-DOUBLE-FLAP-SYSTEM_Plan-de-travail-1-300x153.png\"},{\"@type\":\"BreadcrumbList\",\"@id\":\"https:\\\/\\\/www.secretjardin.com\\\/es\\\/grow-tent-socks\\\/#breadcrumb\",\"itemListElement\":[{\"@type\":\"ListItem\",\"position\":1,\"name\":\"Home\",\"item\":\"https:\\\/\\\/www.secretjardin.com\\\/es\\\/\"},{\"@type\":\"ListItem\",\"position\":2,\"name\":\"ARMARIOS DE CULTIVO HYDRO SHOOT (SOCKS)\"}]},{\"@type\":\"WebSite\",\"@id\":\"https:\\\/\\\/www.secretjardin.com\\\/es\\\/#website\",\"url\":\"https:\\\/\\\/www.secretjardin.com\\\/es\\\/\",\"name\":\"Secret Jardin\",\"description\":\"The Specialist of indoor culture materials\",\"publisher\":{\"@id\":\"https:\\\/\\\/www.secretjardin.com\\\/es\\\/#organization\"},\"potentialAction\":[{\"@type\":\"SearchAction\",\"target\":{\"@type\":\"EntryPoint\",\"urlTemplate\":\"https:\\\/\\\/www.secretjardin.com\\\/es\\\/?s={search_term_string}\"},\"query-input\":{\"@type\":\"PropertyValueSpecification\",\"valueRequired\":true,\"valueName\":\"search_term_string\"}}],\"inLanguage\":\"es\"},{\"@type\":\"Organization\",\"@id\":\"https:\\\/\\\/www.secretjardin.com\\\/es\\\/#organization\",\"name\":\"Secret Jardin\",\"url\":\"https:\\\/\\\/www.secretjardin.com\\\/es\\\/\",\"logo\":{\"@type\":\"ImageObject\",\"inLanguage\":\"es\",\"@id\":\"https:\\\/\\\/www.secretjardin.com\\\/es\\\/#\\\/schema\\\/logo\\\/image\\\/\",\"url\":\"https:\\\/\\\/www.secretjardin.com\\\/wp-content\\\/uploads\\\/2019\\\/05\\\/header_logo.png\",\"contentUrl\":\"https:\\\/\\\/www.secretjardin.com\\\/wp-content\\\/uploads\\\/2019\\\/05\\\/header_logo.png\",\"width\":481,\"height\":198,\"caption\":\"Secret Jardin\"},\"image\":{\"@id\":\"https:\\\/\\\/www.secretjardin.com\\\/es\\\/#\\\/schema\\\/logo\\\/image\\\/\"},\"sameAs\":[\"https:\\\/\\\/www.facebook.com\\\/SecretJardin\\\/\",\"https:\\\/\\\/www.instagram.com\\\/secretjardin_\\\/?hl=fr\",\"https:\\\/\\\/www.linkedin.com\\\/company\\\/secret-jardin\\\/about\\\/\"]}]}<\/script>\n<!-- \/ Yoast SEO plugin. -->","yoast_head_json":{"title":"ARMARIOS DE CULTIVO HYDRO SHOOT (SOCKS) - Secret Jardin","robots":{"index":"index","follow":"follow","max-snippet":"max-snippet:-1","max-image-preview":"max-image-preview:large","max-video-preview":"max-video-preview:-1"},"canonical":"https:\/\/www.secretjardin.com\/es\/grow-tent-socks\/","og_locale":"es_ES","og_type":"article","og_title":"ARMARIOS DE CULTIVO HYDRO SHOOT (SOCKS) - Secret Jardin","og_description":"[vc_row][vc_column][vc_single_image image=\u00bb56901&#8243; onclick=\u00bbcustom_link\u00bb img_link_target=\u00bb_blank\u00bb link=\u00bbhttps:\/\/www.secretjardin.com\/wp-content\/uploads\/2024\/04\/Hydro-Shoot-Tents-Large.png\u00bb css=\u00bb.vc_custom_1713882637362{margin-bottom: 20px !important;}\u00bb][vc_column_text] EL ARMARIO PARA LOS HABILIDOSOS El armario Hydro Shoot es una base ideal para cualquier agricultor que desee construir una configuraci\u00f3n personalizada. No incluye accesorios, solo un WATER TRAY de Mylar extra\u00edble&hellip;","og_url":"https:\/\/www.secretjardin.com\/es\/grow-tent-socks\/","og_site_name":"Secret Jardin","article_publisher":"https:\/\/www.facebook.com\/SecretJardin\/","article_modified_time":"2024-04-23T14:36:17+00:00","og_image":[{"url":"https:\/\/www.secretjardin.com\/wp-content\/uploads\/2021\/05\/202105-DOUBLE-FLAP-SYSTEM_Plan-de-travail-1-300x153.png","type":"","width":"","height":""}],"twitter_card":"summary_large_image","twitter_misc":{"Tiempo de lectura":"2 minutos"},"schema":{"@context":"https:\/\/schema.org","@graph":[{"@type":"WebPage","@id":"https:\/\/www.secretjardin.com\/es\/grow-tent-socks\/","url":"https:\/\/www.secretjardin.com\/es\/grow-tent-socks\/","name":"ARMARIOS DE CULTIVO HYDRO SHOOT (SOCKS) - Secret Jardin","isPartOf":{"@id":"https:\/\/www.secretjardin.com\/es\/#website"},"primaryImageOfPage":{"@id":"https:\/\/www.secretjardin.com\/es\/grow-tent-socks\/#primaryimage"},"image":{"@id":"https:\/\/www.secretjardin.com\/es\/grow-tent-socks\/#primaryimage"},"thumbnailUrl":"https:\/\/www.secretjardin.com\/wp-content\/uploads\/2021\/05\/202105-DOUBLE-FLAP-SYSTEM_Plan-de-travail-1-300x153.png","datePublished":"2022-04-29T14:12:09+00:00","dateModified":"2024-04-23T14:36:17+00:00","breadcrumb":{"@id":"https:\/\/www.secretjardin.com\/es\/grow-tent-socks\/#breadcrumb"},"inLanguage":"es","potentialAction":[{"@type":"ReadAction","target":["https:\/\/www.secretjardin.com\/es\/grow-tent-socks\/"]}]},{"@type":"ImageObject","inLanguage":"es","@id":"https:\/\/www.secretjardin.com\/es\/grow-tent-socks\/#primaryimage","url":"https:\/\/www.secretjardin.com\/wp-content\/uploads\/2021\/05\/202105-DOUBLE-FLAP-SYSTEM_Plan-de-travail-1-300x153.png","contentUrl":"https:\/\/www.secretjardin.com\/wp-content\/uploads\/2021\/05\/202105-DOUBLE-FLAP-SYSTEM_Plan-de-travail-1-300x153.png"},{"@type":"BreadcrumbList","@id":"https:\/\/www.secretjardin.com\/es\/grow-tent-socks\/#breadcrumb","itemListElement":[{"@type":"ListItem","position":1,"name":"Home","item":"https:\/\/www.secretjardin.com\/es\/"},{"@type":"ListItem","position":2,"name":"ARMARIOS DE CULTIVO HYDRO SHOOT (SOCKS)"}]},{"@type":"WebSite","@id":"https:\/\/www.secretjardin.com\/es\/#website","url":"https:\/\/www.secretjardin.com\/es\/","name":"Secret Jardin","description":"The Specialist of indoor culture materials","publisher":{"@id":"https:\/\/www.secretjardin.com\/es\/#organization"},"potentialAction":[{"@type":"SearchAction","target":{"@type":"EntryPoint","urlTemplate":"https:\/\/www.secretjardin.com\/es\/?s={search_term_string}"},"query-input":{"@type":"PropertyValueSpecification","valueRequired":true,"valueName":"search_term_string"}}],"inLanguage":"es"},{"@type":"Organization","@id":"https:\/\/www.secretjardin.com\/es\/#organization","name":"Secret Jardin","url":"https:\/\/www.secretjardin.com\/es\/","logo":{"@type":"ImageObject","inLanguage":"es","@id":"https:\/\/www.secretjardin.com\/es\/#\/schema\/logo\/image\/","url":"https:\/\/www.secretjardin.com\/wp-content\/uploads\/2019\/05\/header_logo.png","contentUrl":"https:\/\/www.secretjardin.com\/wp-content\/uploads\/2019\/05\/header_logo.png","width":481,"height":198,"caption":"Secret Jardin"},"image":{"@id":"https:\/\/www.secretjardin.com\/es\/#\/schema\/logo\/image\/"},"sameAs":["https:\/\/www.facebook.com\/SecretJardin\/","https:\/\/www.instagram.com\/secretjardin_\/?hl=fr","https:\/\/www.linkedin.com\/company\/secret-jardin\/about\/"]}]}},"_links":{"self":[{"href":"https:\/\/www.secretjardin.com\/es\/wp-json\/wp\/v2\/pages\/29882","targetHints":{"allow":["GET"]}}],"collection":[{"href":"https:\/\/www.secretjardin.com\/es\/wp-json\/wp\/v2\/pages"}],"about":[{"href":"https:\/\/www.secretjardin.com\/es\/wp-json\/wp\/v2\/types\/page"}],"author":[{"embeddable":true,"href":"https:\/\/www.secretjardin.com\/es\/wp-json\/wp\/v2\/users\/2"}],"replies":[{"embeddable":true,"href":"https:\/\/www.secretjardin.com\/es\/wp-json\/wp\/v2\/comments?post=29882"}],"version-history":[{"count":0,"href":"https:\/\/www.secretjardin.com\/es\/wp-json\/wp\/v2\/pages\/29882\/revisions"}],"wp:attachment":[{"href":"https:\/\/www.secretjardin.com\/es\/wp-json\/wp\/v2\/media?parent=29882"}],"curies":[{"name":"wp","href":"https:\/\/api.w.org\/{rel}","templated":true}]}}