{"id":15004,"date":"2021-04-20T13:12:17","date_gmt":"2021-04-20T13:12:17","guid":{"rendered":"https:\/\/www.secretjardin.com\/recursos\/detalle-de-la-iluminacion\/"},"modified":"2021-04-27T15:24:43","modified_gmt":"2021-04-27T15:24:43","slug":"detalle-de-la-iluminacion","status":"publish","type":"page","link":"https:\/\/www.secretjardin.com\/es\/recursos\/detalle-de-la-iluminacion\/","title":{"rendered":"Detalle de la iluminaci\u00f3n"},"content":{"rendered":"[vc_row][vc_column][vc_column_text]Una luz se califica evaluando su <strong>CALIDAD <\/strong>(ESPECTRO) y su <strong>INTENSIDAD <\/strong>(P.A.R.).[\/vc_column_text][\/vc_column][\/vc_row][vc_row][vc_column]<h3 class=\"vcex-module vcex-heading wpex-text-2xl wpex-font-normal wpex-m-auto wpex-max-w-100 vcex-heading-plain wpex-block\" style=\"color:#ffde00;font-weight:600;\"><span class=\"vcex-heading-inner wpex-inline-block wpex-clr\">CALIDAD DE UNA LUZ<\/span><\/h3>[\/vc_column][\/vc_row][vc_row][vc_column][vc_column_text]La luz est\u00e1 formada por fotones que reaccionan como ondas a medida que se desplazan Por lo tanto, les asociamos longitudes de onda. Los fotones que act\u00faan sobre las plantas se encuentran entre el ultravioleta y el infrarrojo, cerca de la luz visible, de 350 a 750 nm (Fig. 2).<br \/>\n<strong>UV cercanos (350-380 nm):<\/strong> Permiten luchar contra determinados microorganismos y mejorar el sistema inmunitario de las plantas.<br \/>\n<strong>Visible (380-700 nm):<\/strong> Esta es la parte que act\u00faa sobre la fotos\u00edntesis. La planta absorbe principalmente el azul y el rojo. En general, el azul (430-500) favorece el crecimiento y el rojo (630-680) favorece la floraci\u00f3n y la fructificaci\u00f3n.<br \/>\n<strong>IR cercanos (700-750 nm):<\/strong> Tambi\u00e9n llamados \u00abrojos oscuros\u00bb, act\u00faan como un calentador radiante y favorecen el alargamiento de las plantas que buscan el sol.[\/vc_column_text][\/vc_column][\/vc_row][vc_row][vc_column]<h3 class=\"vcex-module vcex-heading wpex-text-2xl wpex-font-normal wpex-m-auto wpex-max-w-100 vcex-heading-plain wpex-block\" style=\"color:#ffde00;font-weight:600;\"><span class=\"vcex-heading-inner wpex-inline-block wpex-clr\">INTENSIDAD DE UNA LUZ<\/span><\/h3>[\/vc_column][\/vc_row][vc_row][vc_column][vc_column_text]Solo los fotones con longitudes de onda de 400 a 700 nm (cerca del rango visible) participan en la fotos\u00edntesis. Estos fotones se denominan \u00abPhotosynthetically Active Radiation\u00bb. Podemos medir el P.A.R. de un sistema de iluminaci\u00f3n cuando est\u00e1 solo (PPF-PPE) o dentro de una configuraci\u00f3n de cultivo completa (PPFD).[\/vc_column_text][\/vc_column][\/vc_row][vc_row][vc_column]<h3 class=\"vcex-module vcex-heading wpex-text-2xl wpex-font-normal wpex-m-auto wpex-max-w-100 vcex-heading-plain wpex-block\" style=\"color:#ffde00;font-weight:600;\"><span class=\"vcex-heading-inner wpex-inline-block wpex-clr\">SISTEMA DE ILUMINACION SOLO<\/span><\/h3>[\/vc_column][\/vc_row][vc_row][vc_column][vc_column_text]Colocamos la l\u00e1mpara en una esfera de Ulbritch (Fig. 3) y medimos todos los fotones que emite cada segundo. Obtenemos as\u00ed el \u00abPhotosynthetic Photon Flux\u00bb, (P.P.F. en \u03bcmol\/s), que eval\u00faa la potencia fotosint\u00e9tica potencial del sistema de iluminaci\u00f3n. Dividiendo el P.P.F. por la potencia consumida se obtiene la \u00abPhotosynthetic Photon Efficacy\u00bb (P.P.E. en \u03bcmol\/s\/w o \u03bcmol\/j) que permite evaluar el rendimiento fotosint\u00e9tico potencial, por vatio consumido, de un sistema de iluminaci\u00f3n. A continuaci\u00f3n se muestran algunos valores de P.P.E.: Fluo Compact (CFL, TCL, T5\u2026) = Menos de 1 \u03bcmol\/s\/w, l\u00e1mparas de descarga (HPS, MH, CMH\u2026) = 1 a 2 \u03bcmol\/s\/w, diodos emisores de luz (LED): de 2 a 3 \u03bcmol\/s\/w actualmente.[\/vc_column_text][\/vc_column][\/vc_row][vc_row][vc_column]<h3 class=\"vcex-module vcex-heading wpex-text-2xl wpex-font-normal wpex-m-auto wpex-max-w-100 vcex-heading-plain wpex-block\" style=\"color:#ffde00;font-weight:600;\"><span class=\"vcex-heading-inner wpex-inline-block wpex-clr\">SISTEMA DE CULTIVO COMPLETO<\/span><\/h3>[\/vc_column][\/vc_row][vc_row][vc_column][vc_column_text]Medimos los fotones que caen a la superficie de cultivo referida a los m2, cada segundo. Denominamos a esto la \u00abPhotosynthetic Photon Flux Density\u00bb, (P.P.F.D., en \u03bcmol\/s\/m2). Esto permite evaluar la potencia fotosint\u00e9tica real por m2 de una superficie de cultivo. La P.P.F.D. se representa mediante una vista superior del espacio de cultivo, con valores tomados cada 30 x 30 cm (36&#8243; x 36&#8243;) (Fig. 4). Para simplificar la lectura, hemos definido tres colores para tres niveles de P.P.F.D.<\/p>\n<p style=\"color: #553286;\"><strong>Nivel I:<\/strong> menos de 300 \u03bcmol\/s\/m2: propagaci\u00f3n, semilla, crecimiento ligero y modo vegetativo.<\/p>\n<p style=\"color: #2f722f;\"><strong>Nivel II:<\/strong> de 300 a 600 \u03bcmol\/s\/m2: cultivo de plantas a las que les gusta mucho el sol y cultivo intensivo de plantas a las que les gusta mucho la sombra.<\/p>\n<p style=\"color: #941914;\"><strong>Nivel III:<\/strong> m\u00e1s de 600 \u03bcmol\/s\/m2: cultivo intensivo de plantas a las que les gusta mucho el sol.<\/p>\n[\/vc_column_text][\/vc_column][\/vc_row][vc_row][vc_column][vc_single_image image=\u00bb14825&#8243;][\/vc_column][\/vc_row][vc_row][vc_column]<h3 class=\"vcex-module vcex-heading wpex-text-2xl wpex-font-normal wpex-m-auto wpex-max-w-100 vcex-heading-plain wpex-block\" style=\"color:#ffde00;font-weight:600;\"><span class=\"vcex-heading-inner wpex-inline-block wpex-clr\">DENOMINACI\u00d3N DE LAS LUCES LED<\/span><\/h3>[\/vc_column][\/vc_row][vc_row][vc_column][vc_column_text]Existen dos tipos de luces LED. Las luces <strong>LED monocrom\u00e1ticas<\/strong> emiten fotones que vibran alrededor de una sola frecuencia. Los nombraremos por su longitud de onda: 450 nm azul, 660 nm rojo\u2026 Las luces <strong>LED blancas<\/strong> tienen un espectro m\u00e1s amplio. Proceden de una luz LED monocrom\u00e1tica azul, sobre la que se ha depositado una capa de lumin\u00f3foro, que desplaza y aplana el espectro hacia el amarillo disminuyendo la energ\u00eda de ciertos fotones (Fig. 5). Los denominamos por su temperatura de color, en Kelvin: 6500 \u00baK blanco fr\u00edo, 5000\/4000 \u00baK blanco c\u00e1lido y 3000\/2700\/2100 \u00baK blanco amarillo. Este m\u00e9todo permite obtener luces LED que se pueden utilizar para la iluminaci\u00f3n diaria, pero tambi\u00e9n para el cultivo, gracias a su espectro m\u00e1s completo.[\/vc_column_text][\/vc_column][\/vc_row][vc_row][vc_column][vc_single_image image=\u00bb14761&#8243;][\/vc_column][\/vc_row]\n","protected":false},"excerpt":{"rendered":"<p>[vc_row][vc_column][vc_column_text]Una luz se califica evaluando su CALIDAD (ESPECTRO) y su INTENSIDAD (P.A.R.).[\/vc_column_text][\/vc_column][\/vc_row][vc_row][vc_column][\/vc_column][\/vc_row][vc_row][vc_column][vc_column_text]La luz est\u00e1 formada por fotones que reaccionan como ondas a medida que se desplazan Por lo tanto, les asociamos longitudes de onda. Los fotones que act\u00faan sobre las&hellip;<\/p>\n","protected":false},"author":6,"featured_media":0,"parent":7466,"menu_order":8,"comment_status":"closed","ping_status":"closed","template":"templates\/no-sidebar.php","meta":{"_acf_changed":false,"footnotes":""},"class_list":["post-15004","page","type-page","status-publish","hentry","entry","no-media"],"acf":[],"yoast_head":"<!-- This site is optimized with the Yoast SEO plugin v27.4 - https:\/\/yoast.com\/product\/yoast-seo-wordpress\/ -->\n<title>Detalle de la iluminaci\u00f3n - Secret Jardin<\/title>\n<meta name=\"robots\" content=\"index, follow, max-snippet:-1, max-image-preview:large, max-video-preview:-1\" \/>\n<link rel=\"canonical\" href=\"https:\/\/www.secretjardin.com\/es\/recursos\/detalle-de-la-iluminacion\/\" \/>\n<meta property=\"og:locale\" content=\"es_ES\" \/>\n<meta property=\"og:type\" content=\"article\" \/>\n<meta property=\"og:title\" content=\"Detalle de la iluminaci\u00f3n - Secret Jardin\" \/>\n<meta property=\"og:description\" content=\"[vc_row][vc_column][vc_column_text]Una luz se califica evaluando su CALIDAD (ESPECTRO) y su INTENSIDAD (P.A.R.).[\/vc_column_text][\/vc_column][\/vc_row][vc_row][vc_column][\/vc_column][\/vc_row][vc_row][vc_column][vc_column_text]La luz est\u00e1 formada por fotones que reaccionan como ondas a medida que se desplazan Por lo tanto, les asociamos longitudes de onda. Los fotones que act\u00faan sobre las&hellip;\" \/>\n<meta property=\"og:url\" content=\"https:\/\/www.secretjardin.com\/es\/recursos\/detalle-de-la-iluminacion\/\" \/>\n<meta property=\"og:site_name\" content=\"Secret Jardin\" \/>\n<meta property=\"article:publisher\" content=\"https:\/\/www.facebook.com\/SecretJardin\/\" \/>\n<meta property=\"article:modified_time\" content=\"2021-04-27T15:24:43+00:00\" \/>\n<meta name=\"twitter:card\" content=\"summary_large_image\" \/>\n<meta name=\"twitter:label1\" content=\"Tiempo de lectura\" \/>\n\t<meta name=\"twitter:data1\" content=\"4 minutos\" \/>\n<script type=\"application\/ld+json\" class=\"yoast-schema-graph\">{\"@context\":\"https:\\\/\\\/schema.org\",\"@graph\":[{\"@type\":\"WebPage\",\"@id\":\"https:\\\/\\\/www.secretjardin.com\\\/es\\\/recursos\\\/detalle-de-la-iluminacion\\\/\",\"url\":\"https:\\\/\\\/www.secretjardin.com\\\/es\\\/recursos\\\/detalle-de-la-iluminacion\\\/\",\"name\":\"Detalle de la iluminaci\u00f3n - Secret Jardin\",\"isPartOf\":{\"@id\":\"https:\\\/\\\/www.secretjardin.com\\\/es\\\/#website\"},\"datePublished\":\"2021-04-20T13:12:17+00:00\",\"dateModified\":\"2021-04-27T15:24:43+00:00\",\"breadcrumb\":{\"@id\":\"https:\\\/\\\/www.secretjardin.com\\\/es\\\/recursos\\\/detalle-de-la-iluminacion\\\/#breadcrumb\"},\"inLanguage\":\"es\",\"potentialAction\":[{\"@type\":\"ReadAction\",\"target\":[\"https:\\\/\\\/www.secretjardin.com\\\/es\\\/recursos\\\/detalle-de-la-iluminacion\\\/\"]}]},{\"@type\":\"BreadcrumbList\",\"@id\":\"https:\\\/\\\/www.secretjardin.com\\\/es\\\/recursos\\\/detalle-de-la-iluminacion\\\/#breadcrumb\",\"itemListElement\":[{\"@type\":\"ListItem\",\"position\":1,\"name\":\"Home\",\"item\":\"https:\\\/\\\/www.secretjardin.com\\\/es\\\/\"},{\"@type\":\"ListItem\",\"position\":2,\"name\":\"Recursos\",\"item\":\"https:\\\/\\\/www.secretjardin.com\\\/es\\\/recursos\\\/\"},{\"@type\":\"ListItem\",\"position\":3,\"name\":\"Detalle de la iluminaci\u00f3n\"}]},{\"@type\":\"WebSite\",\"@id\":\"https:\\\/\\\/www.secretjardin.com\\\/es\\\/#website\",\"url\":\"https:\\\/\\\/www.secretjardin.com\\\/es\\\/\",\"name\":\"Secret Jardin\",\"description\":\"The Specialist of indoor culture materials\",\"publisher\":{\"@id\":\"https:\\\/\\\/www.secretjardin.com\\\/es\\\/#organization\"},\"potentialAction\":[{\"@type\":\"SearchAction\",\"target\":{\"@type\":\"EntryPoint\",\"urlTemplate\":\"https:\\\/\\\/www.secretjardin.com\\\/es\\\/?s={search_term_string}\"},\"query-input\":{\"@type\":\"PropertyValueSpecification\",\"valueRequired\":true,\"valueName\":\"search_term_string\"}}],\"inLanguage\":\"es\"},{\"@type\":\"Organization\",\"@id\":\"https:\\\/\\\/www.secretjardin.com\\\/es\\\/#organization\",\"name\":\"Secret Jardin\",\"url\":\"https:\\\/\\\/www.secretjardin.com\\\/es\\\/\",\"logo\":{\"@type\":\"ImageObject\",\"inLanguage\":\"es\",\"@id\":\"https:\\\/\\\/www.secretjardin.com\\\/es\\\/#\\\/schema\\\/logo\\\/image\\\/\",\"url\":\"https:\\\/\\\/www.secretjardin.com\\\/wp-content\\\/uploads\\\/2019\\\/05\\\/header_logo.png\",\"contentUrl\":\"https:\\\/\\\/www.secretjardin.com\\\/wp-content\\\/uploads\\\/2019\\\/05\\\/header_logo.png\",\"width\":481,\"height\":198,\"caption\":\"Secret Jardin\"},\"image\":{\"@id\":\"https:\\\/\\\/www.secretjardin.com\\\/es\\\/#\\\/schema\\\/logo\\\/image\\\/\"},\"sameAs\":[\"https:\\\/\\\/www.facebook.com\\\/SecretJardin\\\/\",\"https:\\\/\\\/www.instagram.com\\\/secretjardin_\\\/?hl=fr\",\"https:\\\/\\\/www.linkedin.com\\\/company\\\/secret-jardin\\\/about\\\/\"]}]}<\/script>\n<!-- \/ Yoast SEO plugin. -->","yoast_head_json":{"title":"Detalle de la iluminaci\u00f3n - Secret Jardin","robots":{"index":"index","follow":"follow","max-snippet":"max-snippet:-1","max-image-preview":"max-image-preview:large","max-video-preview":"max-video-preview:-1"},"canonical":"https:\/\/www.secretjardin.com\/es\/recursos\/detalle-de-la-iluminacion\/","og_locale":"es_ES","og_type":"article","og_title":"Detalle de la iluminaci\u00f3n - Secret Jardin","og_description":"[vc_row][vc_column][vc_column_text]Una luz se califica evaluando su CALIDAD (ESPECTRO) y su INTENSIDAD (P.A.R.).[\/vc_column_text][\/vc_column][\/vc_row][vc_row][vc_column][\/vc_column][\/vc_row][vc_row][vc_column][vc_column_text]La luz est\u00e1 formada por fotones que reaccionan como ondas a medida que se desplazan Por lo tanto, les asociamos longitudes de onda. Los fotones que act\u00faan sobre las&hellip;","og_url":"https:\/\/www.secretjardin.com\/es\/recursos\/detalle-de-la-iluminacion\/","og_site_name":"Secret Jardin","article_publisher":"https:\/\/www.facebook.com\/SecretJardin\/","article_modified_time":"2021-04-27T15:24:43+00:00","twitter_card":"summary_large_image","twitter_misc":{"Tiempo de lectura":"4 minutos"},"schema":{"@context":"https:\/\/schema.org","@graph":[{"@type":"WebPage","@id":"https:\/\/www.secretjardin.com\/es\/recursos\/detalle-de-la-iluminacion\/","url":"https:\/\/www.secretjardin.com\/es\/recursos\/detalle-de-la-iluminacion\/","name":"Detalle de la iluminaci\u00f3n - Secret Jardin","isPartOf":{"@id":"https:\/\/www.secretjardin.com\/es\/#website"},"datePublished":"2021-04-20T13:12:17+00:00","dateModified":"2021-04-27T15:24:43+00:00","breadcrumb":{"@id":"https:\/\/www.secretjardin.com\/es\/recursos\/detalle-de-la-iluminacion\/#breadcrumb"},"inLanguage":"es","potentialAction":[{"@type":"ReadAction","target":["https:\/\/www.secretjardin.com\/es\/recursos\/detalle-de-la-iluminacion\/"]}]},{"@type":"BreadcrumbList","@id":"https:\/\/www.secretjardin.com\/es\/recursos\/detalle-de-la-iluminacion\/#breadcrumb","itemListElement":[{"@type":"ListItem","position":1,"name":"Home","item":"https:\/\/www.secretjardin.com\/es\/"},{"@type":"ListItem","position":2,"name":"Recursos","item":"https:\/\/www.secretjardin.com\/es\/recursos\/"},{"@type":"ListItem","position":3,"name":"Detalle de la iluminaci\u00f3n"}]},{"@type":"WebSite","@id":"https:\/\/www.secretjardin.com\/es\/#website","url":"https:\/\/www.secretjardin.com\/es\/","name":"Secret Jardin","description":"The Specialist of indoor culture materials","publisher":{"@id":"https:\/\/www.secretjardin.com\/es\/#organization"},"potentialAction":[{"@type":"SearchAction","target":{"@type":"EntryPoint","urlTemplate":"https:\/\/www.secretjardin.com\/es\/?s={search_term_string}"},"query-input":{"@type":"PropertyValueSpecification","valueRequired":true,"valueName":"search_term_string"}}],"inLanguage":"es"},{"@type":"Organization","@id":"https:\/\/www.secretjardin.com\/es\/#organization","name":"Secret Jardin","url":"https:\/\/www.secretjardin.com\/es\/","logo":{"@type":"ImageObject","inLanguage":"es","@id":"https:\/\/www.secretjardin.com\/es\/#\/schema\/logo\/image\/","url":"https:\/\/www.secretjardin.com\/wp-content\/uploads\/2019\/05\/header_logo.png","contentUrl":"https:\/\/www.secretjardin.com\/wp-content\/uploads\/2019\/05\/header_logo.png","width":481,"height":198,"caption":"Secret Jardin"},"image":{"@id":"https:\/\/www.secretjardin.com\/es\/#\/schema\/logo\/image\/"},"sameAs":["https:\/\/www.facebook.com\/SecretJardin\/","https:\/\/www.instagram.com\/secretjardin_\/?hl=fr","https:\/\/www.linkedin.com\/company\/secret-jardin\/about\/"]}]}},"_links":{"self":[{"href":"https:\/\/www.secretjardin.com\/es\/wp-json\/wp\/v2\/pages\/15004","targetHints":{"allow":["GET"]}}],"collection":[{"href":"https:\/\/www.secretjardin.com\/es\/wp-json\/wp\/v2\/pages"}],"about":[{"href":"https:\/\/www.secretjardin.com\/es\/wp-json\/wp\/v2\/types\/page"}],"author":[{"embeddable":true,"href":"https:\/\/www.secretjardin.com\/es\/wp-json\/wp\/v2\/users\/6"}],"replies":[{"embeddable":true,"href":"https:\/\/www.secretjardin.com\/es\/wp-json\/wp\/v2\/comments?post=15004"}],"version-history":[{"count":0,"href":"https:\/\/www.secretjardin.com\/es\/wp-json\/wp\/v2\/pages\/15004\/revisions"}],"up":[{"embeddable":true,"href":"https:\/\/www.secretjardin.com\/es\/wp-json\/wp\/v2\/pages\/7466"}],"wp:attachment":[{"href":"https:\/\/www.secretjardin.com\/es\/wp-json\/wp\/v2\/media?parent=15004"}],"curies":[{"name":"wp","href":"https:\/\/api.w.org\/{rel}","templated":true}]}}