{"id":7670,"date":"2019-11-29T16:20:58","date_gmt":"2019-11-29T16:20:58","guid":{"rendered":"https:\/\/www.secretjardin.com\/ressourcen\/garantieren\/"},"modified":"2021-05-25T09:41:50","modified_gmt":"2021-05-25T09:41:50","slug":"garantieren","status":"publish","type":"page","link":"https:\/\/www.secretjardin.com\/de\/garantieren\/","title":{"rendered":"Garantie"},"content":{"rendered":"[vc_row][vc_column width=&#8220;1\/5&#8243;][vc_single_image image=&#8220;520&#8243; img_size=&#8220;large&#8220; add_caption=&#8220;yes&#8220;][\/vc_column][vc_column width=&#8220;4\/5&#8243;]<h2 class=\"vcex-module vcex-heading wpex-text-2xl wpex-font-normal wpex-m-auto wpex-max-w-100 vcex-heading-plain wpex-block\"><span class=\"vcex-heading-inner wpex-inline-block wpex-clr\">Anwendung der Secret Jardin-Garantie<\/span><\/h2><div class=\"vcex-spacing wpex-w-100 wpex-clear\" style=\"height:20px\"><\/div>[vc_column_text]\n<p style=\"text-align: justify;\"><strong>Secret Jardin garantiert alle seine Produkte. Je nachdem, welches Produkt Sie kaufen, ist es gesetzlich durch eine kommerzielle Garantie gesch\u00fctzt. Als Hersteller und mit st\u00e4ndigem Interesse an Qualit\u00e4t und Sicherheit m\u00f6chten wir allen unseren K\u00e4ufern die volle Zufriedenheit bieten und damit eine vollst\u00e4ndige Transparenz unserer Technik zeigen.<\/strong><\/p>\n[\/vc_column_text][\/vc_column][\/vc_row][vc_row][vc_column]<h3 class=\"vcex-module vcex-heading wpex-text-2xl wpex-font-normal wpex-m-auto wpex-max-w-100 vcex-heading-plain wpex-block\" style=\"color:#81d742;\"><span class=\"vcex-heading-inner wpex-inline-block wpex-clr\">Anwendung der Secret Jardin Garantie<\/span><\/h3>[\/vc_column][\/vc_row][vc_row][vc_column][vc_column_text]Geheime Jardin-Zelte haben gegen\u00fcber dem urspr\u00fcnglichen Eigent\u00fcmer eine Garantie von 2,5 Jahren ab Herstellungsdatum oder 2 Jahre ab Kaufdatum gegen Material- und Verarbeitungsfehler.<\/p>\n<p>Verbrauchsmaterialien haben eine Garantie von 3 Monaten ab Kaufdatum.<\/p>\n<p>Wenn ein Secret Jardin-Produkt aufgrund eines Herstellungsfehlers ausf\u00e4llt, repariert Secret Jardin das Produkt nach eigenem Ermessen kostenlos oder ersetzt es.<br \/>\nDiese Richtlinie deckt nur originale, unver\u00e4nderte und unver\u00e4nderte Materialien und Arbeitskr\u00e4fte ab. Diese Garantie deckt keine Sch\u00e4den ab, die durch Unf\u00e4lle, schlechte Wartung, Vernachl\u00e4ssigung, normale Abnutzung oder den nat\u00fcrlichen Abbau von Materialien \u00fcber einen l\u00e4ngeren Zeitraum und einen l\u00e4ngeren Gebrauch verursacht wurden.<br \/>\nDiese Garantie deckt keine Folgesch\u00e4den oder sonstigen Verluste ab, die auf einen Defekt des Produkts zur\u00fcckzuf\u00fchren sind.[\/vc_column_text][\/vc_column][\/vc_row][vc_row][vc_column][vc_column_text]\n<h2 style=\"text-align: center;\"><strong>NACHVERKAUFS-SERVICE-ANFRAGE<\/strong><\/h2>\n[\/vc_column_text][\/vc_column][\/vc_row][vc_row][vc_column]<h3 class=\"vcex-module vcex-heading wpex-text-2xl wpex-font-normal wpex-m-auto wpex-max-w-100 vcex-heading-plain wpex-block\" style=\"color:#81d742;\"><span class=\"vcex-heading-inner wpex-inline-block wpex-clr\">Sie sind Endverbraucher und haben unser Produkt bei einem H\u00e4ndler gekauft<\/span><\/h3>[\/vc_column][\/vc_row][vc_row][vc_column][vc_column_text]Ihr H\u00e4ndler ist f\u00fcr die Verwaltung der After-Sales-Serviceanfragen verantwortlich. Um Ihre Anfrage ordnungsgem\u00e4\u00df zu verwalten, senden Sie bitte folgende Informationen mit den folgenden Angaben an Ihren H\u00e4ndler:<\/p>\n<p><strong>\u2022 Produktname und Beschreibung<\/strong><br \/>\n<strong>\u2022 Detaillierte Beschreibung der Probleme und Bilder von Sch\u00e4den<\/strong><br \/>\n<strong>\u2022 Auf dem Produktaufkleber oder auf dem auf dem Zelt aufgen\u00e4hten Etikett ist das Bild des Herstellungscodes und des Produktionsdatums angegeben<\/strong><br \/>\n<strong>\u2022 Kaufbeleg<\/strong><\/p>\n<p>Sobald alle Informationen gesammelt wurden, wird eine Untersuchung folgen. Alle Informationen sind erforderlich, um die Anfrage effizient zu verarbeiten.<br \/>\nNach diesen \u00dcberpr\u00fcfungen wird der H\u00e4ndler das fehlerhafte Produkt oder eine Gutschrift ersetzen.<br \/>\nKeine Gutschrift oder Produktersetzung wird direkt von Secret Jardin durchgef\u00fchrt.[\/vc_column_text][\/vc_column][\/vc_row][vc_row][vc_column]<h3 class=\"vcex-module vcex-heading wpex-text-2xl wpex-font-normal wpex-m-auto wpex-max-w-100 vcex-heading-plain wpex-block\" style=\"color:#81d742;\"><span class=\"vcex-heading-inner wpex-inline-block wpex-clr\">Sie sind H\u00e4ndler und haben unsere Produkte bei einem autorisierten Secret Jardin Distributor gekauft<\/span><\/h3>[\/vc_column][\/vc_row][vc_row][vc_column][vc_column_text]Ihr H\u00e4ndler ist f\u00fcr die Verwaltung der After-Sales-Serviceanfragen verantwortlich. Um Ihre Anfrage ordnungsgem\u00e4\u00df zu verwalten, senden Sie bitte folgende Informationen mit den folgenden Angaben an Ihren H\u00e4ndler:<\/p>\n<p><strong>\u2022 Produktname und Beschreibung<\/strong><br \/>\n<strong>\u2022 Detaillierte Beschreibung der Probleme und Bilder von Sch\u00e4den<\/strong><br \/>\n<strong>\u2022 Auf dem Produktaufkleber oder auf dem auf dem Zelt aufgen\u00e4hten Etikett ist das Bild des Herstellungscodes und des Produktionsdatums angegeben.<\/strong><br \/>\n<strong>\u2022 Kaufbeleg<\/strong><\/p>\n<p>Sobald alle Informationen gesammelt wurden, wird eine Untersuchung folgen. Alle Informationen sind erforderlich, um die Beschwerde effizient zu bearbeiten.<br \/>\nNach diesen \u00dcberpr\u00fcfungen wird ein Ersatz des fehlerhaften Produkts oder eine Gutschrift ausgestellt.<br \/>\nKeine Gutschrift oder Produktersetzung wird direkt von Secret Jardin durchgef\u00fchrt.[\/vc_column_text][\/vc_column][\/vc_row]\n","protected":false},"excerpt":{"rendered":"<p>[vc_row][vc_column width=&#8220;1\/5&#8243;][vc_single_image image=&#8220;520&#8243; img_size=&#8220;large&#8220; add_caption=&#8220;yes&#8220;][\/vc_column][vc_column width=&#8220;4\/5&#8243;][vc_column_text] Secret Jardin garantiert alle seine Produkte. Je nachdem, welches Produkt Sie kaufen, ist es gesetzlich durch eine kommerzielle Garantie gesch\u00fctzt. Als Hersteller und mit st\u00e4ndigem Interesse an Qualit\u00e4t und Sicherheit m\u00f6chten wir allen unseren&hellip;<\/p>\n","protected":false},"author":2,"featured_media":0,"parent":0,"menu_order":8,"comment_status":"closed","ping_status":"closed","template":"templates\/no-sidebar.php","meta":{"_acf_changed":false,"footnotes":""},"class_list":["post-7670","page","type-page","status-publish","hentry","entry","no-media"],"acf":[],"yoast_head":"<!-- This site is optimized with the Yoast SEO plugin v27.4 - https:\/\/yoast.com\/product\/yoast-seo-wordpress\/ -->\n<title>Garantie - Secret Jardin<\/title>\n<meta name=\"robots\" content=\"index, follow, max-snippet:-1, max-image-preview:large, max-video-preview:-1\" \/>\n<link rel=\"canonical\" href=\"https:\/\/www.secretjardin.com\/de\/garantieren\/\" \/>\n<meta property=\"og:locale\" content=\"de_DE\" \/>\n<meta property=\"og:type\" content=\"article\" \/>\n<meta property=\"og:title\" content=\"Garantie - Secret Jardin\" \/>\n<meta property=\"og:description\" content=\"[vc_row][vc_column width=&#8220;1\/5&#8243;][vc_single_image image=&#8220;520&#8243; img_size=&#8220;large&#8220; add_caption=&#8220;yes&#8220;][\/vc_column][vc_column width=&#8220;4\/5&#8243;][vc_column_text] Secret Jardin garantiert alle seine Produkte. Je nachdem, welches Produkt Sie kaufen, ist es gesetzlich durch eine kommerzielle Garantie gesch\u00fctzt. Als Hersteller und mit st\u00e4ndigem Interesse an Qualit\u00e4t und Sicherheit m\u00f6chten wir allen unseren&hellip;\" \/>\n<meta property=\"og:url\" content=\"https:\/\/www.secretjardin.com\/de\/garantieren\/\" \/>\n<meta property=\"og:site_name\" content=\"Secret Jardin\" \/>\n<meta property=\"article:publisher\" content=\"https:\/\/www.facebook.com\/SecretJardin\/\" \/>\n<meta property=\"article:modified_time\" content=\"2021-05-25T09:41:50+00:00\" \/>\n<meta name=\"twitter:card\" content=\"summary_large_image\" \/>\n<meta name=\"twitter:label1\" content=\"Gesch\u00e4tzte Lesezeit\" \/>\n\t<meta name=\"twitter:data1\" content=\"3\u00a0Minuten\" \/>\n<script type=\"application\/ld+json\" class=\"yoast-schema-graph\">{\"@context\":\"https:\\\/\\\/schema.org\",\"@graph\":[{\"@type\":\"WebPage\",\"@id\":\"https:\\\/\\\/www.secretjardin.com\\\/de\\\/garantieren\\\/\",\"url\":\"https:\\\/\\\/www.secretjardin.com\\\/de\\\/garantieren\\\/\",\"name\":\"Garantie - Secret Jardin\",\"isPartOf\":{\"@id\":\"https:\\\/\\\/www.secretjardin.com\\\/de\\\/#website\"},\"datePublished\":\"2019-11-29T16:20:58+00:00\",\"dateModified\":\"2021-05-25T09:41:50+00:00\",\"breadcrumb\":{\"@id\":\"https:\\\/\\\/www.secretjardin.com\\\/de\\\/garantieren\\\/#breadcrumb\"},\"inLanguage\":\"de\",\"potentialAction\":[{\"@type\":\"ReadAction\",\"target\":[\"https:\\\/\\\/www.secretjardin.com\\\/de\\\/garantieren\\\/\"]}]},{\"@type\":\"BreadcrumbList\",\"@id\":\"https:\\\/\\\/www.secretjardin.com\\\/de\\\/garantieren\\\/#breadcrumb\",\"itemListElement\":[{\"@type\":\"ListItem\",\"position\":1,\"name\":\"Home\",\"item\":\"https:\\\/\\\/www.secretjardin.com\\\/de\\\/\"},{\"@type\":\"ListItem\",\"position\":2,\"name\":\"Ressourcen\",\"item\":\"https:\\\/\\\/www.secretjardin.com\\\/de\\\/ressourcen\\\/\"},{\"@type\":\"ListItem\",\"position\":3,\"name\":\"Garantie\"}]},{\"@type\":\"WebSite\",\"@id\":\"https:\\\/\\\/www.secretjardin.com\\\/de\\\/#website\",\"url\":\"https:\\\/\\\/www.secretjardin.com\\\/de\\\/\",\"name\":\"Secret Jardin\",\"description\":\"\",\"publisher\":{\"@id\":\"https:\\\/\\\/www.secretjardin.com\\\/de\\\/#organization\"},\"potentialAction\":[{\"@type\":\"SearchAction\",\"target\":{\"@type\":\"EntryPoint\",\"urlTemplate\":\"https:\\\/\\\/www.secretjardin.com\\\/de\\\/?s={search_term_string}\"},\"query-input\":{\"@type\":\"PropertyValueSpecification\",\"valueRequired\":true,\"valueName\":\"search_term_string\"}}],\"inLanguage\":\"de\"},{\"@type\":\"Organization\",\"@id\":\"https:\\\/\\\/www.secretjardin.com\\\/de\\\/#organization\",\"name\":\"Secret Jardin\",\"url\":\"https:\\\/\\\/www.secretjardin.com\\\/de\\\/\",\"logo\":{\"@type\":\"ImageObject\",\"inLanguage\":\"de\",\"@id\":\"https:\\\/\\\/www.secretjardin.com\\\/de\\\/#\\\/schema\\\/logo\\\/image\\\/\",\"url\":\"https:\\\/\\\/www.secretjardin.com\\\/wp-content\\\/uploads\\\/2019\\\/05\\\/header_logo.png\",\"contentUrl\":\"https:\\\/\\\/www.secretjardin.com\\\/wp-content\\\/uploads\\\/2019\\\/05\\\/header_logo.png\",\"width\":481,\"height\":198,\"caption\":\"Secret Jardin\"},\"image\":{\"@id\":\"https:\\\/\\\/www.secretjardin.com\\\/de\\\/#\\\/schema\\\/logo\\\/image\\\/\"},\"sameAs\":[\"https:\\\/\\\/www.facebook.com\\\/SecretJardin\\\/\",\"https:\\\/\\\/www.instagram.com\\\/secretjardin_\\\/?hl=fr\",\"https:\\\/\\\/www.linkedin.com\\\/company\\\/secret-jardin\\\/about\\\/\"]}]}<\/script>\n<!-- \/ Yoast SEO plugin. -->","yoast_head_json":{"title":"Garantie - Secret Jardin","robots":{"index":"index","follow":"follow","max-snippet":"max-snippet:-1","max-image-preview":"max-image-preview:large","max-video-preview":"max-video-preview:-1"},"canonical":"https:\/\/www.secretjardin.com\/de\/garantieren\/","og_locale":"de_DE","og_type":"article","og_title":"Garantie - Secret Jardin","og_description":"[vc_row][vc_column width=&#8220;1\/5&#8243;][vc_single_image image=&#8220;520&#8243; img_size=&#8220;large&#8220; add_caption=&#8220;yes&#8220;][\/vc_column][vc_column width=&#8220;4\/5&#8243;][vc_column_text] Secret Jardin garantiert alle seine Produkte. Je nachdem, welches Produkt Sie kaufen, ist es gesetzlich durch eine kommerzielle Garantie gesch\u00fctzt. Als Hersteller und mit st\u00e4ndigem Interesse an Qualit\u00e4t und Sicherheit m\u00f6chten wir allen unseren&hellip;","og_url":"https:\/\/www.secretjardin.com\/de\/garantieren\/","og_site_name":"Secret Jardin","article_publisher":"https:\/\/www.facebook.com\/SecretJardin\/","article_modified_time":"2021-05-25T09:41:50+00:00","twitter_card":"summary_large_image","twitter_misc":{"Gesch\u00e4tzte Lesezeit":"3\u00a0Minuten"},"schema":{"@context":"https:\/\/schema.org","@graph":[{"@type":"WebPage","@id":"https:\/\/www.secretjardin.com\/de\/garantieren\/","url":"https:\/\/www.secretjardin.com\/de\/garantieren\/","name":"Garantie - Secret Jardin","isPartOf":{"@id":"https:\/\/www.secretjardin.com\/de\/#website"},"datePublished":"2019-11-29T16:20:58+00:00","dateModified":"2021-05-25T09:41:50+00:00","breadcrumb":{"@id":"https:\/\/www.secretjardin.com\/de\/garantieren\/#breadcrumb"},"inLanguage":"de","potentialAction":[{"@type":"ReadAction","target":["https:\/\/www.secretjardin.com\/de\/garantieren\/"]}]},{"@type":"BreadcrumbList","@id":"https:\/\/www.secretjardin.com\/de\/garantieren\/#breadcrumb","itemListElement":[{"@type":"ListItem","position":1,"name":"Home","item":"https:\/\/www.secretjardin.com\/de\/"},{"@type":"ListItem","position":2,"name":"Ressourcen","item":"https:\/\/www.secretjardin.com\/de\/ressourcen\/"},{"@type":"ListItem","position":3,"name":"Garantie"}]},{"@type":"WebSite","@id":"https:\/\/www.secretjardin.com\/de\/#website","url":"https:\/\/www.secretjardin.com\/de\/","name":"Secret Jardin","description":"","publisher":{"@id":"https:\/\/www.secretjardin.com\/de\/#organization"},"potentialAction":[{"@type":"SearchAction","target":{"@type":"EntryPoint","urlTemplate":"https:\/\/www.secretjardin.com\/de\/?s={search_term_string}"},"query-input":{"@type":"PropertyValueSpecification","valueRequired":true,"valueName":"search_term_string"}}],"inLanguage":"de"},{"@type":"Organization","@id":"https:\/\/www.secretjardin.com\/de\/#organization","name":"Secret Jardin","url":"https:\/\/www.secretjardin.com\/de\/","logo":{"@type":"ImageObject","inLanguage":"de","@id":"https:\/\/www.secretjardin.com\/de\/#\/schema\/logo\/image\/","url":"https:\/\/www.secretjardin.com\/wp-content\/uploads\/2019\/05\/header_logo.png","contentUrl":"https:\/\/www.secretjardin.com\/wp-content\/uploads\/2019\/05\/header_logo.png","width":481,"height":198,"caption":"Secret Jardin"},"image":{"@id":"https:\/\/www.secretjardin.com\/de\/#\/schema\/logo\/image\/"},"sameAs":["https:\/\/www.facebook.com\/SecretJardin\/","https:\/\/www.instagram.com\/secretjardin_\/?hl=fr","https:\/\/www.linkedin.com\/company\/secret-jardin\/about\/"]}]}},"_links":{"self":[{"href":"https:\/\/www.secretjardin.com\/de\/wp-json\/wp\/v2\/pages\/7670","targetHints":{"allow":["GET"]}}],"collection":[{"href":"https:\/\/www.secretjardin.com\/de\/wp-json\/wp\/v2\/pages"}],"about":[{"href":"https:\/\/www.secretjardin.com\/de\/wp-json\/wp\/v2\/types\/page"}],"author":[{"embeddable":true,"href":"https:\/\/www.secretjardin.com\/de\/wp-json\/wp\/v2\/users\/2"}],"replies":[{"embeddable":true,"href":"https:\/\/www.secretjardin.com\/de\/wp-json\/wp\/v2\/comments?post=7670"}],"version-history":[{"count":0,"href":"https:\/\/www.secretjardin.com\/de\/wp-json\/wp\/v2\/pages\/7670\/revisions"}],"wp:attachment":[{"href":"https:\/\/www.secretjardin.com\/de\/wp-json\/wp\/v2\/media?parent=7670"}],"curies":[{"name":"wp","href":"https:\/\/api.w.org\/{rel}","templated":true}]}}