{"id":7618,"date":"2019-11-29T15:15:12","date_gmt":"2019-11-29T15:15:12","guid":{"rendered":"https:\/\/www.secretjardin.com\/ressourcen\/zertifizierungen\/beglaubigte-dokumente\/"},"modified":"2024-03-29T14:47:56","modified_gmt":"2024-03-29T14:47:56","slug":"beglaubigte-dokumente","status":"publish","type":"page","link":"https:\/\/www.secretjardin.com\/de\/zertifizierungen\/beglaubigte-dokumente\/","title":{"rendered":"Zertifizierte Dokumente"},"content":{"rendered":"[vc_row][vc_column][vc_column_text]<strong>Um f\u00fcr die verschiedenen Gespr\u00e4chspartner absolut transparent zu sein, bietet Ihnen Secret Jardin die M\u00f6glichkeit, auf die verschiedenen Zertifizierungsdokumente zu den Ventilatoren und der Beleuchtung zuzugreifen.<\/strong><\/p>\n<p>Diese Zertifizierungen garantieren optimale Qualit\u00e4t und Sicherheit Ihrer Eink\u00e4ufe. Um einen effizienten Betrieb Ihrer Ger\u00e4te zu gew\u00e4hrleisten, empfiehlt Secret Jardin, dass Sie die geltenden elektrischen Vorschriften einhalten[\/vc_column_text][\/vc_column][\/vc_row][vc_row][vc_column width=&#8220;1\/3&#8243;]<h3 class=\"vcex-module vcex-heading wpex-text-2xl wpex-font-normal wpex-m-auto wpex-max-w-100 vcex-heading-plain wpex-block wpex-text-left\"><span class=\"vcex-heading-inner wpex-inline-block wpex-clr\">PFLANZENZELTE<\/span><\/h3>[vc_single_image image=&#8220;9844&#8243; img_size=&#8220;large&#8220; add_caption=&#8220;yes&#8220;][vc_column_text el_id=&#8220;PFLANZENZELTE&#8220;]<em><strong>PFLANZENZELTE<\/strong><\/em><\/p>\n<p><a href=\"https:\/\/www.secretjardin.com\/wp-content\/uploads\/2019\/05\/szx18ec18892647f-0.pdf\">Gefahrstoffpr\u00fcfung DR &amp; DS &#8211; Mylar<\/a><br \/>\n<a href=\"https:\/\/www.secretjardin.com\/wp-content\/uploads\/2019\/05\/int-mylar-fabric-tests-against-hazardous-substances.pdf\">Gefahrstoffpr\u00fcfung INTENSIV &#8211; Mylar<\/a><br \/>\n<a href=\"https:\/\/www.secretjardin.com\/wp-content\/uploads\/2019\/05\/dr-and-ds-mylar-fabric-tests-against-hazardous-substances.pdf\">Gefahrstoffpr\u00fcfung INTENSIV &#8211; Boden<\/a><br \/>\n<a href=\"https:\/\/www.secretjardin.com\/wp-content\/uploads\/2021\/06\/202103-WT-PVC-15P.pdf\">Gefahrstoffpr\u00fcfung Water Tray Liner <\/a><br \/>\n<em>&gt; Alle gef\u00e4hrlichen sub. werden alle 3 Monate \u00fcberpr\u00fcft<\/em><\/p>\n<p>&#8212;<br \/>\n<a href=\"https:\/\/www.secretjardin.com\/wp-content\/uploads\/2021\/04\/20210204-FIRE-RATING-MYLAR-SJ.pdf\">Feuerbest\u00e4ndiger Test Mylar<\/a><\/p>\n<p><a href=\"https:\/\/www.secretjardin.com\/wp-content\/uploads\/2019\/05\/201810-sj-tents-compliance-for-indoor-culture.pdf\">Einhaltung und Sicherheit der Innenkultur<\/a><\/p>\n<p><a href=\"https:\/\/www.secretjardin.com\/wp-content\/uploads\/2020\/11\/20201117-NORMES-SECURITY.pdf\">VORSICHTSMASSNAHMEN F\u00dcR FEUER UND BEL\u00dcFTUNG<\/a>[\/vc_column_text][\/vc_column][vc_column width=&#8220;1\/3&#8243;]<h3 class=\"vcex-module vcex-heading wpex-text-2xl wpex-font-normal wpex-m-auto wpex-max-w-100 vcex-heading-plain wpex-block wpex-text-left\"><span class=\"vcex-heading-inner wpex-inline-block wpex-clr\">PFLANZENSTATIONEN<\/span><\/h3>[vc_single_image image=&#8220;55971&#8243; img_size=&#8220;large&#8220; add_caption=&#8220;yes&#8220;][vc_column_text]<em><strong>PFLANZENSTATIONEN<\/strong><\/em><\/p>\n<p><a href=\"https:\/\/www.secretjardin.com\/wp-content\/uploads\/2024\/03\/GR60-DSS_SZEM2402001392AT-Ver_CE.pdf\">EMC CE-\u00dcberpr\u00fcfung GR60<\/a><br \/>\n<a href=\"https:\/\/www.secretjardin.com\/wp-content\/uploads\/2024\/03\/GR60-DSS_SZEM2402001392AT-Ver_UKCA-EMC.pdf\">EMC UKCA-\u00dcberpr\u00fcfung GR60<\/a><\/p>\n<p><a href=\"https:\/\/www.secretjardin.com\/wp-content\/uploads\/2024\/03\/FS100-DSS_SZEM2402001393AT-Ver_CE.pdf\">EMC CE-\u00dcberpr\u00fcfung FS100<\/a><br \/>\n<a href=\"https:\/\/www.secretjardin.com\/wp-content\/uploads\/2024\/03\/FS100-DSS_SZEM2402001393AT-Ver_UKCA-EMC.pdf\">EMC UKCA-\u00dcberpr\u00fcfung FS100<\/a><\/p>\n<p><em><strong>HEIZMATTE<\/strong><\/em><\/p>\n<p><a href=\"https:\/\/www.secretjardin.com\/wp-content\/uploads\/2024\/03\/HM20-DSS_SZEM2402001394AT-Ver_CE.pdf\">EMC CE-\u00dcberpr\u00fcfung HM20<\/a><br \/>\n<a href=\"https:\/\/www.secretjardin.com\/wp-content\/uploads\/2024\/03\/HM20-DSS_SZEM2402001394AT-Ver_UKCA-EMC.pdf\">EMC UKCA-\u00dcberpr\u00fcfung HM20<\/a>[\/vc_column_text][\/vc_column][vc_column width=&#8220;1\/3&#8243;]<h3 class=\"vcex-module vcex-heading wpex-text-2xl wpex-font-normal wpex-m-auto wpex-max-w-100 vcex-heading-plain wpex-block wpex-text-left\"><span class=\"vcex-heading-inner wpex-inline-block wpex-clr\">VENTILATION<\/span><\/h3>[vc_single_image image=&#8220;9832&#8243; img_size=&#8220;large&#8220; add_caption=&#8220;yes&#8220;][vc_column_text]<em><strong>MONKEY FAN 110-220v<\/strong><\/em><\/p>\n<p><a href=\"https:\/\/www.secretjardin.com\/wp-content\/uploads\/2023\/06\/20230412-CE-DECLARATION-OF-CONFORMITY-MONKEY-FAN.pdf\">CE-Konformit\u00e4tserkl\u00e4rung MF16 MFO20 MF30<\/a><\/p>\n<p><a href=\"https:\/\/www.secretjardin.com\/wp-content\/uploads\/2021\/04\/20180613-CERTIFICATE-MF16-MFO20-LVD.pdf\">CE (LVD) MF16-MFO20<\/a><br \/>\n<a href=\"https:\/\/www.secretjardin.com\/wp-content\/uploads\/2021\/04\/20181108-CERTIFICATE-MF30-LVD.pdf\">CE (LVD) MF30<\/a><br \/>\n<a href=\"https:\/\/www.secretjardin.com\/wp-content\/uploads\/2021\/04\/20180930-CERTIFICATE-MONKEY-FAN-EMC.pdf\">CE (EMV) MF16-MFO20-MF30<\/a><\/p>\n<p><a href=\"https:\/\/www.secretjardin.com\/wp-content\/uploads\/2019\/05\/mf16-mfo20-mf30-fcc.pdf\">FCC-\u00dcberpr\u00fcfung &#8211; MF16-MFO20-MF30<\/a><\/p>\n<p><a href=\"https:\/\/www.secretjardin.com\/wp-content\/uploads\/2021\/12\/20211123-CERTIFICATE-MONKEY-FAN-QMARK.pdf\">UL &amp; CSA Monkey Fan<\/a><\/p>\n<p><em><strong>MONKEY FAN 24V<\/strong><\/em><\/p>\n<p><a href=\"https:\/\/www.secretjardin.com\/wp-content\/uploads\/2024\/03\/MF120-DSS_SZEM2311007188HS-Ver_CE.pdf\">EMC CE-\u00dcberpr\u00fcfung MF120<\/a><br \/>\n<a href=\"https:\/\/www.secretjardin.com\/wp-content\/uploads\/2024\/03\/MF120-DSS_SZEM2311007188HS-UKCA-VOC.pdf\">EMC UKCA-\u00dcberpr\u00fcfung MF120<\/a><br \/>\n<a href=\"https:\/\/www.secretjardin.com\/wp-content\/uploads\/2024\/03\/MF120-DSS_SZEM2311007189HS-Ver_FCC-SDOC.pdf\">EMC FCC-\u00dcberpr\u00fcfung MF120<\/a><\/p>\n<p><a href=\"https:\/\/www.secretjardin.com\/wp-content\/uploads\/2024\/03\/MF2X120-DSS_SZEM2311007191HS-Ver_CE.pdf\">EMC CE-\u00dcberpr\u00fcfung MF2X120<\/a><br \/>\n<a href=\"https:\/\/www.secretjardin.com\/wp-content\/uploads\/2024\/03\/MF2X120-DSS_SZEM2311007191HS-UKCA-VOC.pdf\">EMC UKCA-\u00dcberpr\u00fcfung MF2X120<\/a><br \/>\n<a href=\"https:\/\/www.secretjardin.com\/wp-content\/uploads\/2024\/03\/MF2X120-DSS_SZEM2311007192HS-Ver_FCC-SDOC.pdf\">EMC FCC-\u00dcberpr\u00fcfung MF2X120<\/a><\/p>\n<p><em><strong>RUBBER DUCT<\/strong><\/em><\/p>\n<p><a href=\"https:\/\/www.secretjardin.com\/wp-content\/uploads\/2019\/05\/15p-test-for-rubber-ducting-from-jk-sun.pdf\">Pr\u00fcfbericht Gummikan\u00e4le SGS <em>(alle 3 Monate pr\u00fcfen)<\/em><\/a>[\/vc_column_text][\/vc_column][\/vc_row][vc_row][vc_column width=&#8220;1\/3&#8243;]<h3 class=\"vcex-module vcex-heading wpex-text-2xl wpex-font-normal wpex-m-auto wpex-max-w-100 vcex-heading-plain wpex-block wpex-text-left\"><span class=\"vcex-heading-inner wpex-inline-block wpex-clr\">EXTRAKTOREN &amp; FILTER<\/span><\/h3>[vc_single_image image=&#8220;18240&#8243; img_size=&#8220;large&#8220; add_caption=&#8220;yes&#8220;][vc_column_text]<em><strong>EXTRAKTOREN<br \/>\n<\/strong><\/em><\/p>\n<p><a href=\"https:\/\/www.secretjardin.com\/wp-content\/uploads\/2021\/06\/202106-CE-EXTRACTOR-DF16E350.pdf\">CE-Konformit\u00e4tserkl\u00e4rung DF16E350<\/a><\/p>\n<p><a href=\"https:\/\/www.secretjardin.com\/wp-content\/uploads\/2022\/07\/20210722-CERTIFICATE-DF16E350-CE-EMC-DSS_SZEM2207005295AT-Ver_CE-1.pdf\">EMC CE-Zertifikat DF16E350<\/a><br \/>\n<a href=\"https:\/\/www.secretjardin.com\/wp-content\/uploads\/2021\/06\/20210517-CERTIFICATE-DF16E350-FCC-DSS_SZEM2103002261Ver_FCC-SDOC.pdf\">FCC-Zertifikat DF16E350<\/a><br \/>\n<a href=\"https:\/\/www.secretjardin.com\/wp-content\/uploads\/2022\/07\/20220722-CERTIFICATE-DF16E350-UKCA-DSS_SZEM2207005295AT-UKCA-VOC-1.pdf\">UKCA Zertifikat DF16E350<\/a><\/p>\n<p><a href=\"https:\/\/www.secretjardin.com\/wp-content\/uploads\/2022\/06\/20220603-CERTIFICATE-DF16E150-CE-DSS_SZEM2205003748-Ver_CE.pdf\">DSS CE ZertifiKat DF16E150<\/a><br \/>\n<a href=\"https:\/\/www.secretjardin.com\/wp-content\/uploads\/2022\/06\/20220603-CERTIFICATE-DF16E150-FCC-DSS_SZEM2205003749Ver_FCC-SDOC.pdf\">FCC ZertifiKat DF16E150<\/a><br \/>\n<a href=\"https:\/\/www.secretjardin.com\/wp-content\/uploads\/2022\/06\/20220603-CERTIFICATE-DF16E150-UKCA-DSS_SZEM2205003748Ver_UKCA-2.pdf\">UKCA Zertifikat DF16E150<\/a><\/p>\n<p><em><strong>FILTER<\/strong><\/em><\/p>\n<p><a href=\"https:\/\/www.secretjardin.com\/wp-content\/uploads\/2021\/06\/202104-TEST-FILTER-DF16-CTC-official.pdf\">TEST CTC80 Kohle <em>(alle 3 Monate pr\u00fcfen)<\/em><\/a>[\/vc_column_text][\/vc_column][vc_column width=&#8220;1\/3&#8243;]<h3 class=\"vcex-module vcex-heading wpex-text-2xl wpex-font-normal wpex-m-auto wpex-max-w-100 vcex-heading-plain wpex-block wpex-text-left\"><span class=\"vcex-heading-inner wpex-inline-block wpex-clr\">BELEUCHTUNG<\/span><\/h3>[vc_single_image image=&#8220;9814&#8243; img_size=&#8220;large&#8220; add_caption=&#8220;yes&#8220;][vc_column_text]<em><strong>DAISY<\/strong><\/em><\/p>\n<p><a href=\"https:\/\/www.secretjardin.com\/wp-content\/uploads\/2019\/05\/daisy-instruction-certificat.pdf\">CE-Konformit\u00e4tserkl\u00e4rung DAISY<\/a><br \/>\n<a href=\"https:\/\/www.secretjardin.com\/wp-content\/uploads\/2019\/05\/gzem1709005811lmv.pdf\">FCC Verification Daisy<\/a><br \/>\n<a href=\"https:\/\/www.secretjardin.com\/wp-content\/uploads\/2019\/05\/sgsna-18-gz-00100.pdf\">UL &amp; CSA-Zertifikat Daisy<\/a><\/p>\n<p><em><strong>VARIDRIVE<\/strong><\/em><\/p>\n<p><a href=\"https:\/\/www.secretjardin.com\/wp-content\/uploads\/2021\/05\/Varidrive-2021-EU-Declaration-of-Conformity.pdf\">CE-Konformit\u00e4tserkl\u00e4rung VariDrive<\/a><\/p>\n<p><em><strong>TNEON<\/strong><\/em><\/p>\n<p><a href=\"https:\/\/www.secretjardin.com\/wp-content\/uploads\/2019\/05\/ce-ngrow.pdf\">CE-Konformit\u00e4tserkl\u00e4rung TNEON<\/a>[\/vc_column_text][\/vc_column][vc_column width=&#8220;1\/3&#8243;]<h3 class=\"vcex-module vcex-heading wpex-text-2xl wpex-font-normal wpex-m-auto wpex-max-w-100 vcex-heading-plain wpex-block wpex-text-left\"><span class=\"vcex-heading-inner wpex-inline-block wpex-clr\">BELEUCHTUNG<\/span><\/h3>[vc_single_image image=&#8220;9820&#8243; img_size=&#8220;large&#8220; add_caption=&#8220;yes&#8220;][vc_column_text]<em><strong>TLED<\/strong><\/em><\/p>\n<p><a href=\"https:\/\/www.secretjardin.com\/wp-content\/uploads\/2023\/08\/20200924-CE-DECLARATION-OF-CONFORMITY-TLED.pdf\">CE-Konformit\u00e4tserkl\u00e4rung TLED<\/a><\/p>\n<p><a href=\"https:\/\/www.secretjardin.com\/wp-content\/uploads\/2019\/05\/tled26-ce-emc-1.pdf\">EMC CE Certificate TLED26<\/a><br \/>\n<a href=\"https:\/\/www.secretjardin.com\/wp-content\/uploads\/2019\/05\/tled26-ce-lvd.pdf\">LVD CE-Zertifikat TLED26<\/a><br \/>\n<a href=\"https:\/\/www.secretjardin.com\/wp-content\/uploads\/2019\/05\/tled26-fcc-1.pdf\">FCC-\u00dcberpr\u00fcfung TLED26<\/a><br \/>\n<a href=\"https:\/\/www.secretjardin.com\/wp-content\/uploads\/2019\/05\/tled42-ce-emc.pdf\">EMC CE Certificate TLED42<\/a><br \/>\n<a href=\"https:\/\/www.secretjardin.com\/wp-content\/uploads\/2019\/05\/tled42-ce-lvd.pdf\">LVD CE-Zertifikat TLED42<\/a><br \/>\n<a href=\"https:\/\/www.secretjardin.com\/wp-content\/uploads\/2019\/05\/tled42-fcc.pdf\">FCC-\u00dcberpr\u00fcfung TLED42<\/a><br \/>\n<a href=\"https:\/\/www.secretjardin.com\/wp-content\/uploads\/2019\/05\/ulcsa-certificate-tled.pdf\">UL &amp; CSA TLED26 \/ 42W<\/a><\/p>\n<p><em><strong>COSMORROW LED<\/strong><\/em><\/p>\n<p><a href=\"https:\/\/www.secretjardin.com\/wp-content\/uploads\/2020\/05\/201912-CERTIFICATE-COSMORROW-LED-CE-EMC.pdf\">EMC CE-Zertifikat COL<\/a><br \/>\n<a href=\"https:\/\/www.secretjardin.com\/wp-content\/uploads\/2020\/05\/201912-CERTIFICATE-COSMORROW-LED-IP65.pdf\">IP65 CE-Zertifikat COL<\/a><br \/>\n<a href=\"https:\/\/www.secretjardin.com\/wp-content\/uploads\/2020\/05\/201912-CERTIFICATE-COSMORROW-LED-CE-FCC.pdf\">FCC Verification COL<\/a><br \/>\n<a href=\"https:\/\/www.secretjardin.com\/wp-content\/uploads\/2020\/05\/201912-CERTIFICATE-COSMORROW-LED-ROHS.pdf\">ROHS-Zertifikat COL<\/a><\/p>\n<p><em><strong>TNOLED KIT<\/strong><\/em><\/p>\n<p><a href=\"https:\/\/www.secretjardin.com\/wp-content\/uploads\/2024\/03\/TNO40GR-DSS_SZEM2311007259LM-Ver_CE.pdf\">EMC CE-\u00dcberpr\u00fcfung TNO40GR<\/a><br \/>\n<a href=\"https:\/\/www.secretjardin.com\/wp-content\/uploads\/2024\/03\/TNO40GR-DSS_SZEM2311007259LM-UKCA-VOC.pdf\">EMC UKCA-\u00dcberpr\u00fcfung TNO40GR<\/a><br \/>\n<a href=\"https:\/\/www.secretjardin.com\/wp-content\/uploads\/2024\/03\/TNO40GR-DSS_SZEM2311007260LM-Ver_FCC-SDOC.pdf\">EMC FCC-\u00dcberpr\u00fcfung TNO40GR<\/a><\/p>\n<p><a href=\"https:\/\/www.secretjardin.com\/wp-content\/uploads\/2024\/03\/TNO80GR-DSS_SZEM2311007262LM-Ver_CE.pdf\">EMC CE-\u00dcberpr\u00fcfung TNO80GR<\/a><br \/>\n<a href=\"https:\/\/www.secretjardin.com\/wp-content\/uploads\/2024\/03\/TNO80GR-DSS_SZEM2311007262LM-UKCA-VOC.pdf\">EMC UKCA-\u00dcberpr\u00fcfung TNO80GR<\/a><br \/>\n<a href=\"https:\/\/www.secretjardin.com\/wp-content\/uploads\/2024\/03\/TNO80GR-DSS_SZEM2311007263LM-Ver_FCC-SDOC.pdf\">EMC FCC-\u00dcberpr\u00fcfung TNO80GR<\/a>[\/vc_column_text][\/vc_column][\/vc_row][vc_row][vc_column width=&#8220;1\/3&#8243;]<h3 class=\"vcex-module vcex-heading wpex-text-2xl wpex-font-normal wpex-m-auto wpex-max-w-100 vcex-heading-plain wpex-block wpex-text-left\"><span class=\"vcex-heading-inner wpex-inline-block wpex-clr\">BELEUCHTUNG<\/span><\/h3>[vc_single_image image=&#8220;9826&#8243; img_size=&#8220;large&#8220; add_caption=&#8220;yes&#8220;][vc_column_text]<em><strong>COSMORROW POWER<\/strong><\/em><\/p>\n<p><a href=\"https:\/\/www.secretjardin.com\/wp-content\/uploads\/2023\/06\/202005-CE-DECLARATION-OF-CONFORMITY-COSMORROW-1.pdf\">CE-Konformit\u00e4tserkl\u00e4rung COM20 COM40 COM40D COM80D<\/a><\/p>\n<p><a href=\"https:\/\/www.secretjardin.com\/wp-content\/uploads\/2020\/05\/24W36W-ROHS-certificate.pdf\">ROHS-Zertifikat ALL COMORROW<\/a><br \/>\n<a href=\"https:\/\/www.secretjardin.com\/wp-content\/uploads\/2020\/05\/24W36W-CE-EMC-Cert.-18year.pdf\">EMC CE-Zertifikat COM20<\/a><br \/>\n<a href=\"https:\/\/www.secretjardin.com\/wp-content\/uploads\/2020\/05\/24W36W-CE-LVD-cert.-18-year.pdf\">LVD CE-Zertifikat COM20<\/a><br \/>\n<a href=\"https:\/\/www.secretjardin.com\/wp-content\/uploads\/2020\/05\/36W24W-FCC-Certificate.pdf\">FCC-\u00dcberpr\u00fcfung COM20<\/a><br \/>\n<a href=\"https:\/\/www.secretjardin.com\/wp-content\/uploads\/2020\/05\/24W36WUL.pdf\">UL-Zertifikat COM20<\/a><br \/>\n<a href=\"https:\/\/www.secretjardin.com\/wp-content\/uploads\/2020\/05\/36W-GS-Certificate.pdf\">GS-Zertifikat COM20<\/a><\/p>\n<p><a href=\"https:\/\/www.secretjardin.com\/wp-content\/uploads\/2020\/05\/72W-CE-EMC-Cert..pdf\">EMC CE-Zertifikat COM40 COM40D<\/a><br \/>\n<a href=\"https:\/\/www.secretjardin.com\/wp-content\/uploads\/2020\/05\/72W-CE-LVD-Cert.pdf\">LVD CE-Zertifikat COM40 COM40D<\/a><br \/>\n<a href=\"https:\/\/www.secretjardin.com\/wp-content\/uploads\/2020\/05\/72W-FCC-Cert..pdf\">FCC-\u00dcberpr\u00fcfung COM40 COM40D<\/a><br \/>\n<a href=\"https:\/\/www.secretjardin.com\/wp-content\/uploads\/2020\/05\/72W-C8-UL-certificate.pdf\">UL-Zertifikat COM40 COM40D<\/a><br \/>\n<a href=\"https:\/\/www.secretjardin.com\/wp-content\/uploads\/2020\/05\/72W-SAA-certificate.pdf\">SAA-Zertifikat COM40 COM40D<\/a><\/p>\n<p><a href=\"https:\/\/www.secretjardin.com\/wp-content\/uploads\/2020\/05\/120W-CE-EMC-Cert..pdf\">EMC CE-Zertifikat COM80D<\/a><br \/>\n<a href=\"https:\/\/www.secretjardin.com\/wp-content\/uploads\/2020\/05\/120W-CE-LVD-Cert.pdf\">LVD CE-Zertifikat COM80D<\/a><br \/>\n<a href=\"https:\/\/www.secretjardin.com\/wp-content\/uploads\/2020\/05\/120W-FCC-Cert..pdf\">FCC-\u00dcberpr\u00fcfung COM80D<\/a><br \/>\n<a href=\"https:\/\/www.secretjardin.com\/wp-content\/uploads\/2020\/05\/120W-UL-Certificate.pdf\">UL-Zertifikat COM80D<\/a><br \/>\n<a href=\"https:\/\/www.secretjardin.com\/wp-content\/uploads\/2020\/05\/120W-SAA-Cert-Class-II.pdf\">SAA-Zertifikat COM80D<\/a>[\/vc_column_text][\/vc_column][vc_column width=&#8220;1\/3&#8243;][\/vc_column][vc_column width=&#8220;1\/3&#8243;][\/vc_column][\/vc_row]\n","protected":false},"excerpt":{"rendered":"<p>[vc_row][vc_column][vc_column_text]Um f\u00fcr die verschiedenen Gespr\u00e4chspartner absolut transparent zu sein, bietet Ihnen Secret Jardin die M\u00f6glichkeit, auf die verschiedenen Zertifizierungsdokumente zu den Ventilatoren und der Beleuchtung zuzugreifen. Diese Zertifizierungen garantieren optimale Qualit\u00e4t und Sicherheit Ihrer Eink\u00e4ufe. Um einen effizienten Betrieb Ihrer&hellip;<\/p>\n","protected":false},"author":2,"featured_media":0,"parent":7595,"menu_order":1,"comment_status":"closed","ping_status":"closed","template":"templates\/no-sidebar.php","meta":{"_acf_changed":false,"footnotes":""},"class_list":["post-7618","page","type-page","status-publish","hentry","entry","no-media"],"acf":[],"yoast_head":"<!-- This site is optimized with the Yoast SEO plugin v27.5 - https:\/\/yoast.com\/product\/yoast-seo-wordpress\/ -->\n<title>Zertifizierte Dokumente - Secret Jardin<\/title>\n<meta name=\"robots\" content=\"index, follow, max-snippet:-1, max-image-preview:large, max-video-preview:-1\" \/>\n<link rel=\"canonical\" href=\"https:\/\/www.secretjardin.com\/de\/zertifizierungen\/beglaubigte-dokumente\/\" \/>\n<meta property=\"og:locale\" content=\"de_DE\" \/>\n<meta property=\"og:type\" content=\"article\" \/>\n<meta property=\"og:title\" content=\"Zertifizierte Dokumente - Secret Jardin\" \/>\n<meta property=\"og:description\" content=\"[vc_row][vc_column][vc_column_text]Um f\u00fcr die verschiedenen Gespr\u00e4chspartner absolut transparent zu sein, bietet Ihnen Secret Jardin die M\u00f6glichkeit, auf die verschiedenen Zertifizierungsdokumente zu den Ventilatoren und der Beleuchtung zuzugreifen. Diese Zertifizierungen garantieren optimale Qualit\u00e4t und Sicherheit Ihrer Eink\u00e4ufe. Um einen effizienten Betrieb Ihrer&hellip;\" \/>\n<meta property=\"og:url\" content=\"https:\/\/www.secretjardin.com\/de\/zertifizierungen\/beglaubigte-dokumente\/\" \/>\n<meta property=\"og:site_name\" content=\"Secret Jardin\" \/>\n<meta property=\"article:publisher\" content=\"https:\/\/www.facebook.com\/SecretJardin\/\" \/>\n<meta property=\"article:modified_time\" content=\"2024-03-29T14:47:56+00:00\" \/>\n<meta name=\"twitter:card\" content=\"summary_large_image\" \/>\n<meta name=\"twitter:label1\" content=\"Gesch\u00e4tzte Lesezeit\" \/>\n\t<meta name=\"twitter:data1\" content=\"2\u00a0Minuten\" \/>\n<script type=\"application\/ld+json\" class=\"yoast-schema-graph\">{\"@context\":\"https:\\\/\\\/schema.org\",\"@graph\":[{\"@type\":\"WebPage\",\"@id\":\"https:\\\/\\\/www.secretjardin.com\\\/de\\\/zertifizierungen\\\/beglaubigte-dokumente\\\/\",\"url\":\"https:\\\/\\\/www.secretjardin.com\\\/de\\\/zertifizierungen\\\/beglaubigte-dokumente\\\/\",\"name\":\"Zertifizierte Dokumente - Secret Jardin\",\"isPartOf\":{\"@id\":\"https:\\\/\\\/www.secretjardin.com\\\/de\\\/#website\"},\"datePublished\":\"2019-11-29T15:15:12+00:00\",\"dateModified\":\"2024-03-29T14:47:56+00:00\",\"breadcrumb\":{\"@id\":\"https:\\\/\\\/www.secretjardin.com\\\/de\\\/zertifizierungen\\\/beglaubigte-dokumente\\\/#breadcrumb\"},\"inLanguage\":\"de\",\"potentialAction\":[{\"@type\":\"ReadAction\",\"target\":[\"https:\\\/\\\/www.secretjardin.com\\\/de\\\/zertifizierungen\\\/beglaubigte-dokumente\\\/\"]}]},{\"@type\":\"BreadcrumbList\",\"@id\":\"https:\\\/\\\/www.secretjardin.com\\\/de\\\/zertifizierungen\\\/beglaubigte-dokumente\\\/#breadcrumb\",\"itemListElement\":[{\"@type\":\"ListItem\",\"position\":1,\"name\":\"Home\",\"item\":\"https:\\\/\\\/www.secretjardin.com\\\/de\\\/\"},{\"@type\":\"ListItem\",\"position\":2,\"name\":\"Ressourcen\",\"item\":\"https:\\\/\\\/www.secretjardin.com\\\/de\\\/ressourcen\\\/\"},{\"@type\":\"ListItem\",\"position\":3,\"name\":\"Zertifizierungen\",\"item\":\"https:\\\/\\\/www.secretjardin.com\\\/de\\\/ressourcen\\\/zertifizierungen\\\/\"},{\"@type\":\"ListItem\",\"position\":4,\"name\":\"Zertifizierte Dokumente\"}]},{\"@type\":\"WebSite\",\"@id\":\"https:\\\/\\\/www.secretjardin.com\\\/de\\\/#website\",\"url\":\"https:\\\/\\\/www.secretjardin.com\\\/de\\\/\",\"name\":\"Secret Jardin\",\"description\":\"\",\"publisher\":{\"@id\":\"https:\\\/\\\/www.secretjardin.com\\\/de\\\/#organization\"},\"potentialAction\":[{\"@type\":\"SearchAction\",\"target\":{\"@type\":\"EntryPoint\",\"urlTemplate\":\"https:\\\/\\\/www.secretjardin.com\\\/de\\\/?s={search_term_string}\"},\"query-input\":{\"@type\":\"PropertyValueSpecification\",\"valueRequired\":true,\"valueName\":\"search_term_string\"}}],\"inLanguage\":\"de\"},{\"@type\":\"Organization\",\"@id\":\"https:\\\/\\\/www.secretjardin.com\\\/de\\\/#organization\",\"name\":\"Secret Jardin\",\"url\":\"https:\\\/\\\/www.secretjardin.com\\\/de\\\/\",\"logo\":{\"@type\":\"ImageObject\",\"inLanguage\":\"de\",\"@id\":\"https:\\\/\\\/www.secretjardin.com\\\/de\\\/#\\\/schema\\\/logo\\\/image\\\/\",\"url\":\"https:\\\/\\\/www.secretjardin.com\\\/wp-content\\\/uploads\\\/2019\\\/05\\\/header_logo.png\",\"contentUrl\":\"https:\\\/\\\/www.secretjardin.com\\\/wp-content\\\/uploads\\\/2019\\\/05\\\/header_logo.png\",\"width\":481,\"height\":198,\"caption\":\"Secret Jardin\"},\"image\":{\"@id\":\"https:\\\/\\\/www.secretjardin.com\\\/de\\\/#\\\/schema\\\/logo\\\/image\\\/\"},\"sameAs\":[\"https:\\\/\\\/www.facebook.com\\\/SecretJardin\\\/\",\"https:\\\/\\\/www.instagram.com\\\/secretjardin_\\\/?hl=fr\",\"https:\\\/\\\/www.linkedin.com\\\/company\\\/secret-jardin\\\/about\\\/\"]}]}<\/script>\n<!-- \/ Yoast SEO plugin. -->","yoast_head_json":{"title":"Zertifizierte Dokumente - Secret Jardin","robots":{"index":"index","follow":"follow","max-snippet":"max-snippet:-1","max-image-preview":"max-image-preview:large","max-video-preview":"max-video-preview:-1"},"canonical":"https:\/\/www.secretjardin.com\/de\/zertifizierungen\/beglaubigte-dokumente\/","og_locale":"de_DE","og_type":"article","og_title":"Zertifizierte Dokumente - Secret Jardin","og_description":"[vc_row][vc_column][vc_column_text]Um f\u00fcr die verschiedenen Gespr\u00e4chspartner absolut transparent zu sein, bietet Ihnen Secret Jardin die M\u00f6glichkeit, auf die verschiedenen Zertifizierungsdokumente zu den Ventilatoren und der Beleuchtung zuzugreifen. Diese Zertifizierungen garantieren optimale Qualit\u00e4t und Sicherheit Ihrer Eink\u00e4ufe. Um einen effizienten Betrieb Ihrer&hellip;","og_url":"https:\/\/www.secretjardin.com\/de\/zertifizierungen\/beglaubigte-dokumente\/","og_site_name":"Secret Jardin","article_publisher":"https:\/\/www.facebook.com\/SecretJardin\/","article_modified_time":"2024-03-29T14:47:56+00:00","twitter_card":"summary_large_image","twitter_misc":{"Gesch\u00e4tzte Lesezeit":"2\u00a0Minuten"},"schema":{"@context":"https:\/\/schema.org","@graph":[{"@type":"WebPage","@id":"https:\/\/www.secretjardin.com\/de\/zertifizierungen\/beglaubigte-dokumente\/","url":"https:\/\/www.secretjardin.com\/de\/zertifizierungen\/beglaubigte-dokumente\/","name":"Zertifizierte Dokumente - Secret Jardin","isPartOf":{"@id":"https:\/\/www.secretjardin.com\/de\/#website"},"datePublished":"2019-11-29T15:15:12+00:00","dateModified":"2024-03-29T14:47:56+00:00","breadcrumb":{"@id":"https:\/\/www.secretjardin.com\/de\/zertifizierungen\/beglaubigte-dokumente\/#breadcrumb"},"inLanguage":"de","potentialAction":[{"@type":"ReadAction","target":["https:\/\/www.secretjardin.com\/de\/zertifizierungen\/beglaubigte-dokumente\/"]}]},{"@type":"BreadcrumbList","@id":"https:\/\/www.secretjardin.com\/de\/zertifizierungen\/beglaubigte-dokumente\/#breadcrumb","itemListElement":[{"@type":"ListItem","position":1,"name":"Home","item":"https:\/\/www.secretjardin.com\/de\/"},{"@type":"ListItem","position":2,"name":"Ressourcen","item":"https:\/\/www.secretjardin.com\/de\/ressourcen\/"},{"@type":"ListItem","position":3,"name":"Zertifizierungen","item":"https:\/\/www.secretjardin.com\/de\/ressourcen\/zertifizierungen\/"},{"@type":"ListItem","position":4,"name":"Zertifizierte Dokumente"}]},{"@type":"WebSite","@id":"https:\/\/www.secretjardin.com\/de\/#website","url":"https:\/\/www.secretjardin.com\/de\/","name":"Secret Jardin","description":"","publisher":{"@id":"https:\/\/www.secretjardin.com\/de\/#organization"},"potentialAction":[{"@type":"SearchAction","target":{"@type":"EntryPoint","urlTemplate":"https:\/\/www.secretjardin.com\/de\/?s={search_term_string}"},"query-input":{"@type":"PropertyValueSpecification","valueRequired":true,"valueName":"search_term_string"}}],"inLanguage":"de"},{"@type":"Organization","@id":"https:\/\/www.secretjardin.com\/de\/#organization","name":"Secret Jardin","url":"https:\/\/www.secretjardin.com\/de\/","logo":{"@type":"ImageObject","inLanguage":"de","@id":"https:\/\/www.secretjardin.com\/de\/#\/schema\/logo\/image\/","url":"https:\/\/www.secretjardin.com\/wp-content\/uploads\/2019\/05\/header_logo.png","contentUrl":"https:\/\/www.secretjardin.com\/wp-content\/uploads\/2019\/05\/header_logo.png","width":481,"height":198,"caption":"Secret Jardin"},"image":{"@id":"https:\/\/www.secretjardin.com\/de\/#\/schema\/logo\/image\/"},"sameAs":["https:\/\/www.facebook.com\/SecretJardin\/","https:\/\/www.instagram.com\/secretjardin_\/?hl=fr","https:\/\/www.linkedin.com\/company\/secret-jardin\/about\/"]}]}},"_links":{"self":[{"href":"https:\/\/www.secretjardin.com\/de\/wp-json\/wp\/v2\/pages\/7618","targetHints":{"allow":["GET"]}}],"collection":[{"href":"https:\/\/www.secretjardin.com\/de\/wp-json\/wp\/v2\/pages"}],"about":[{"href":"https:\/\/www.secretjardin.com\/de\/wp-json\/wp\/v2\/types\/page"}],"author":[{"embeddable":true,"href":"https:\/\/www.secretjardin.com\/de\/wp-json\/wp\/v2\/users\/2"}],"replies":[{"embeddable":true,"href":"https:\/\/www.secretjardin.com\/de\/wp-json\/wp\/v2\/comments?post=7618"}],"version-history":[{"count":0,"href":"https:\/\/www.secretjardin.com\/de\/wp-json\/wp\/v2\/pages\/7618\/revisions"}],"up":[{"embeddable":true,"href":"https:\/\/www.secretjardin.com\/de\/wp-json\/wp\/v2\/pages\/7595"}],"wp:attachment":[{"href":"https:\/\/www.secretjardin.com\/de\/wp-json\/wp\/v2\/media?parent=7618"}],"curies":[{"name":"wp","href":"https:\/\/api.w.org\/{rel}","templated":true}]}}