{"id":33387,"date":"2022-08-16T09:21:35","date_gmt":"2022-08-16T09:21:35","guid":{"rendered":"https:\/\/www.secretjardin.com\/eclairage\/"},"modified":"2023-03-16T15:01:48","modified_gmt":"2023-03-16T15:01:48","slug":"beleuchtung","status":"publish","type":"page","link":"https:\/\/www.secretjardin.com\/de\/beleuchtung\/","title":{"rendered":"BELEUCHTUNG"},"content":{"rendered":"[vc_row][vc_column][vc_column_text]\n<h3 class=\"vcex-module vcex-heading wpex-text-1x1 wpex-font-normal wpex-m-auto wpex-max-w-50 vcex-heading-plain wpex-block\" style=\"color: #ffde00; font-weight: 600;\">SECRET JARDIN BELEUCHTUNGSPRODUKTE<\/h3>\n<p>Secret Jardin bietet drei Beleuchtungstechnologien an.<\/p>\n<p><strong>COSMORROW\u00a0:<\/strong> Die Cosmorrow-Reihe besteht aus 24V-LED-Gl\u00fchbirnen und separaten Netzteilen. Dank dieser patentierten Technologie ist die Cosmorrow LED-Gl\u00fchbirne kompakt, unverw\u00fcstlich, wasserdicht, langlebig und sicher. Die Cosmorrow LED ist in vier Kategorien erh\u00e4ltlich:<\/p>\n<ul>\n<li>Die <a href=\"https:\/\/www.secretjardin.com\/de\/intensive-blooming\/\"><span style=\"color: #000000;\"><strong><u>Cosmorrow Kits Full Spectrum<\/u><\/strong><\/span><\/a> simulieren die Sommersonne: Besonders geeignet f\u00fcr die Bl\u00fcte und Fruchtbildung.<\/li>\n<li>Die <a href=\"https:\/\/www.secretjardin.com\/de\/intermediate-growing\/\"><strong><u><span style=\"color: #000000;\">TNoled Kits Grow Spectrum<\/span><\/u><\/strong><\/a>, simulieren die Fr\u00fchlingssonne: f\u00f6rderlich f\u00fcr das Wachstum Ihrer Pflanzen.<\/li>\n<li>Die <a href=\"https:\/\/www.secretjardin.com\/de\/cosmorrow-boosters-ir-uv\/\"><strong><u><span style=\"color: #000000;\">Cosmorrow IR et UV<\/span><\/u><\/strong><\/a> in erg\u00e4nzenden, Beschilderung und kurative Beleuchtung.<\/li>\n<li>Die <a href=\"https:\/\/www.secretjardin.com\/de\/bulbs-power-supplies\/\"><strong><span style=\"color: #000000;\">Gl\u00fchbirnen und Netzteile<\/span><\/strong><\/a> werden einzeln verkauft.<\/li>\n<\/ul>\n<p><img loading=\"lazy\" decoding=\"async\" class=\"wp-image-28243 alignleft\" src=\"https:\/\/www.secretjardin.com\/wp-content\/uploads\/2022\/04\/PATENT-300x300.png\" alt=\"Cosmorrow Patent Pended\" width=\"150\" height=\"150\" srcset=\"https:\/\/www.secretjardin.com\/wp-content\/uploads\/2022\/04\/PATENT-300x300.png 300w, https:\/\/www.secretjardin.com\/wp-content\/uploads\/2022\/04\/PATENT-768x768.png 768w, https:\/\/www.secretjardin.com\/wp-content\/uploads\/2022\/04\/PATENT-600x600.png 600w, https:\/\/www.secretjardin.com\/wp-content\/uploads\/2022\/04\/PATENT-100x100.png 100w, https:\/\/www.secretjardin.com\/wp-content\/uploads\/2022\/04\/PATENT.png 1000w\" sizes=\"auto, (max-width: 150px) 100vw, 150px\" \/><img loading=\"lazy\" decoding=\"async\" class=\"wp-image-28207 alignleft\" src=\"https:\/\/www.secretjardin.com\/wp-content\/uploads\/2022\/04\/COM100K-300x300.png\" alt=\"Cosmorrow 100K - Kit 100W\" width=\"150\" height=\"150\" srcset=\"https:\/\/www.secretjardin.com\/wp-content\/uploads\/2022\/04\/COM100K-300x300.png 300w, https:\/\/www.secretjardin.com\/wp-content\/uploads\/2022\/04\/COM100K-768x768.png 768w, https:\/\/www.secretjardin.com\/wp-content\/uploads\/2022\/04\/COM100K-600x600.png 600w, https:\/\/www.secretjardin.com\/wp-content\/uploads\/2022\/04\/COM100K-100x100.png 100w, https:\/\/www.secretjardin.com\/wp-content\/uploads\/2022\/04\/COM100K.png 1000w\" sizes=\"auto, (max-width: 150px) 100vw, 150px\" \/><\/p>\n<p><img loading=\"lazy\" decoding=\"async\" class=\"alignnone wp-image-42565\" src=\"https:\/\/www.secretjardin.com\/wp-content\/uploads\/2023\/03\/TNO40GR-300x300.png\" alt=\"Secret Jardin TNO40GR\" width=\"150\" height=\"150\" srcset=\"https:\/\/www.secretjardin.com\/wp-content\/uploads\/2023\/03\/TNO40GR-300x300.png 300w, https:\/\/www.secretjardin.com\/wp-content\/uploads\/2023\/03\/TNO40GR-768x768.png 768w, https:\/\/www.secretjardin.com\/wp-content\/uploads\/2023\/03\/TNO40GR-600x600.png 600w, https:\/\/www.secretjardin.com\/wp-content\/uploads\/2023\/03\/TNO40GR-100x100.png 100w, https:\/\/www.secretjardin.com\/wp-content\/uploads\/2023\/03\/TNO40GR.png 1000w\" sizes=\"auto, (max-width: 150px) 100vw, 150px\" \/><\/p>\n<p>&nbsp;<\/p>\n<p><strong><img loading=\"lazy\" decoding=\"async\" class=\"wp-image-4398 alignleft\" src=\"https:\/\/www.secretjardin.com\/wp-content\/uploads\/2019\/10\/TLED26-GROW-300x300.png\" alt=\"Secret Jardin TLED2665\" width=\"100\" height=\"100\" \/>TLED<\/strong> :\u00a0<strong>LED-Leiste<\/strong> f\u00fcr kleine R\u00e4ume, die TLED Stecker direkt an das Stromnetz. Es gibt sie in zwei Wattst\u00e4rken, 26 und 42 Watt, und zwei Farben, Fr\u00fchling und Sommer. Sie kann sowohl vertikal als auch horizontal an jeder Rohrstruktur von \u230016 bis \u230025 mm &#8211; \u23000,63&#8243; bis \u23001,00&#8243; &#8211; befestigt werden. Es handelt sich um ein kompaktes und langlebiges Produkt, das Sie lange Zeit behalten werden.<\/p>\n<p>&nbsp;<\/p>\n<p><strong><img loading=\"lazy\" decoding=\"async\" class=\"wp-image-4250 alignleft\" src=\"https:\/\/www.secretjardin.com\/wp-content\/uploads\/2019\/10\/DY80-SIDE-DOWN-300x300.png\" alt=\"Secret Jardin DY80\" width=\"100\" height=\"100\" \/>DAISY<\/strong> : <a href=\"https:\/\/www.secretjardin.com\/de\/daisy-reflectors\/\"><strong>Vertikaler Reflektor f\u00fcr HPS-, MH-, CFL- und LED-Lampen<\/strong><\/a>. Daisy liefert bis zu 40 % mehr Photonen als herk\u00f6mmliche Reflektoren und bietet vor allem eine viel bessere Lichtverteilung. Der Reflektor verf\u00fcgt \u00fcber eine thermische Sicherung und ist in vier Gr\u00f6\u00dfen erh\u00e4ltlich, die f\u00fcr jeden Raum geeignet sind.<\/p>\n<h3><\/h3>\n<h3><\/h3>\n<h3 class=\"vcex-module vcex-heading wpex-text-1x1 wpex-font-normal wpex-m-auto wpex-max-w-50 vcex-heading-plain wpex-block\" style=\"color: #ffde00; font-weight: 600;\">DIE VORGESCHLAGENEN FARBEN<\/h3>\n<p>F\u00fcr die Photosynthese sind unsere Leuchten in zwei Hauptfarben erh\u00e4ltlich :<\/p>\n<p><img loading=\"lazy\" decoding=\"async\" class=\"alignleft wp-image-27231\" src=\"https:\/\/www.secretjardin.com\/wp-content\/uploads\/2021\/11\/COP2065-SPECTRE-300x300.png\" alt=\"Grow Spectrum\" width=\"100\" height=\"100\" srcset=\"https:\/\/www.secretjardin.com\/wp-content\/uploads\/2021\/11\/COP2065-SPECTRE-300x300.png 300w, https:\/\/www.secretjardin.com\/wp-content\/uploads\/2021\/11\/COP2065-SPECTRE-768x768.png 768w, https:\/\/www.secretjardin.com\/wp-content\/uploads\/2021\/11\/COP2065-SPECTRE-600x600.png 600w, https:\/\/www.secretjardin.com\/wp-content\/uploads\/2021\/11\/COP2065-SPECTRE-100x100.png 100w, https:\/\/www.secretjardin.com\/wp-content\/uploads\/2021\/11\/COP2065-SPECTRE.png 897w\" sizes=\"auto, (max-width: 100px) 100vw, 100px\" \/><\/p>\n<p><strong>GROW SPECTRUM oder 6500\u00b0K<\/strong> : Entspricht der Fr\u00fchlingssonne mit mehr Blau als Rot. Es ist besonders f\u00fcr das Wachstum der Bl\u00e4tter geeignet.<\/p>\n<p>&nbsp;<\/p>\n<p><strong><img loading=\"lazy\" decoding=\"async\" class=\"alignleft wp-image-27204\" src=\"https:\/\/www.secretjardin.com\/wp-content\/uploads\/2021\/11\/COP20BL-SPECTRE-300x300.png\" alt=\"Bloom Spectrum\" width=\"100\" height=\"100\" srcset=\"https:\/\/www.secretjardin.com\/wp-content\/uploads\/2021\/11\/COP20BL-SPECTRE-300x300.png 300w, https:\/\/www.secretjardin.com\/wp-content\/uploads\/2021\/11\/COP20BL-SPECTRE-768x768.png 768w, https:\/\/www.secretjardin.com\/wp-content\/uploads\/2021\/11\/COP20BL-SPECTRE-600x600.png 600w, https:\/\/www.secretjardin.com\/wp-content\/uploads\/2021\/11\/COP20BL-SPECTRE-100x100.png 100w, https:\/\/www.secretjardin.com\/wp-content\/uploads\/2021\/11\/COP20BL-SPECTRE.png 897w\" sizes=\"auto, (max-width: 100px) 100vw, 100px\" \/>FULL SPECTRUM oder BLOOM<\/strong> : Entspricht der Sommersonne, mit mehr Rot als Blau. Es ist besonders f\u00fcr die Bl\u00fcte und Fruchtbildung der Pflanzen geeignet, aber auch f\u00fcr das Wachstum dank seines blauen Anteils, der wichtig bleibt.<\/p>\n<p>&nbsp;<\/p>\n<p>Bei einigen Lampen f\u00fcgen wir nicht sichtbare Farben hinzu, die sich nicht auf die Photosynthese auswirken, aber ihren Nutzen haben:<\/p>\n<p><img loading=\"lazy\" decoding=\"async\" class=\"alignleft wp-image-8429\" src=\"https:\/\/www.secretjardin.com\/wp-content\/uploads\/2020\/03\/COL20UV-SPECTRE-e1660727458390-300x300.png\" alt=\"UV SPECTRUM\" width=\"100\" height=\"100\" srcset=\"https:\/\/www.secretjardin.com\/wp-content\/uploads\/2020\/03\/COL20UV-SPECTRE-e1660727458390-300x300.png 300w, https:\/\/www.secretjardin.com\/wp-content\/uploads\/2020\/03\/COL20UV-SPECTRE-e1660727458390-100x100.png 100w, https:\/\/www.secretjardin.com\/wp-content\/uploads\/2020\/03\/COL20UV-SPECTRE-e1660727458390-600x600.png 600w, https:\/\/www.secretjardin.com\/wp-content\/uploads\/2020\/03\/COL20UV-SPECTRE-e1660727458390-768x768.png 768w, https:\/\/www.secretjardin.com\/wp-content\/uploads\/2020\/03\/COL20UV-SPECTRE-e1660727458390-125x125.png 125w, https:\/\/www.secretjardin.com\/wp-content\/uploads\/2020\/03\/COL20UV-SPECTRE-e1660727458390.png 1000w\" sizes=\"auto, (max-width: 100px) 100vw, 100px\" \/><\/p>\n<p><strong>NAHES ULTRAVIOLETT (UV)<\/strong> : St\u00e4rkung des Immunsystems, Bek\u00e4mpfung von Mehltau und Verk\u00fcrzung der Internodien (st\u00e4mmigere Pflanzen).<\/p>\n<p>&nbsp;<\/p>\n<p><img loading=\"lazy\" decoding=\"async\" class=\"alignleft wp-image-8411\" src=\"https:\/\/www.secretjardin.com\/wp-content\/uploads\/2020\/03\/COL20IR-SPECTRE-e1660727643735-300x300.png\" alt=\"IR SPECTRUM\" width=\"100\" height=\"100\" srcset=\"https:\/\/www.secretjardin.com\/wp-content\/uploads\/2020\/03\/COL20IR-SPECTRE-e1660727643735-300x300.png 300w, https:\/\/www.secretjardin.com\/wp-content\/uploads\/2020\/03\/COL20IR-SPECTRE-e1660727643735-100x100.png 100w, https:\/\/www.secretjardin.com\/wp-content\/uploads\/2020\/03\/COL20IR-SPECTRE-e1660727643735-600x600.png 600w, https:\/\/www.secretjardin.com\/wp-content\/uploads\/2020\/03\/COL20IR-SPECTRE-e1660727643735.png 1024w, https:\/\/www.secretjardin.com\/wp-content\/uploads\/2020\/03\/COL20IR-SPECTRE-e1660727643735-768x768.png 768w, https:\/\/www.secretjardin.com\/wp-content\/uploads\/2020\/03\/COL20IR-SPECTRE-e1660727643735-125x125.png 125w\" sizes=\"auto, (max-width: 100px) 100vw, 100px\" \/><\/p>\n<p><strong>NAHES INFRAROT (IR)<\/strong> : Ausl\u00f6sung von Bl\u00fcte und Fruchtbildung, Erw\u00e4rmung der Pflanzen und Verl\u00e4ngerung der Internodien (h\u00f6here Pflanzen).<\/p>\n<p>&nbsp;<\/p>\n<h3 class=\"vcex-module vcex-heading wpex-text-1x1 wpex-font-normal wpex-m-auto wpex-max-w-50 vcex-heading-plain wpex-block\" style=\"color: #ffde00; font-weight: 600;\">DIE BELEUCHTUNGSST\u00c4RKEN<\/h3>\n<p>Um die &#8222;St\u00e4rke einer Beleuchtung in einem Anbausystem&#8220; zu bewerten, messen wir die Anzahl der Photonen im sichtbaren Bereich (Photonen, die zur Photosynthese beitragen), die pro m2 und pro Sekunde auf der Anbaufl\u00e4che empfangen werden. Das Ergebnis ist ein Diagramm der Gr\u00f6\u00dfe der Anbaufl\u00e4che, auf dem die PPFD-Werte (Photosynthetic Photon Flux Density), die alle 15 cm gemessen werden, abgelesen werden k\u00f6nnen. Um neutral zu bleiben, verwenden wir einen transparenten Hintergrund, um diese Messungen durchzuf\u00fchren.<\/p>\n<p>In der Natur, in Breitengraden von 45\u00b0, betr\u00e4gt die durchschnittliche PPFD am Tag :<\/p>\n<p>&nbsp;<\/p>\n<ul>\n<li>Winter : 170 \u03bcmol\/s\/m<sup>2<\/sup><\/li>\n<li>Fr\u00fchling : 400 \u03bcmol\/s\/m<sup>2<\/sup><\/li>\n<li>Sommer : 750 \u03bcmol\/s\/m<sup>2<\/sup><\/li>\n<\/ul>\n<p>Wir verwenden also drei Farbtypen, um die Beleuchtungsstufen zu unterscheiden :<\/p>\n<ul>\n<li><span style=\"color: #000080;\"><strong>Stufe I<\/strong><\/span> : 0-300 \u03bcmol\/s\/m<sup>2 <\/sup>: Vermehrung, vegetatives Stadium, fr\u00fches Wachstum<\/li>\n<li><span style=\"color: #008000;\"><strong>Stufe II<\/strong><\/span> : 300-600 \u03bcmol\/s\/m<sup>2 <\/sup>: Wachstum<\/li>\n<li><span style=\"color: #993366;\"><strong>Stufe III<\/strong><\/span> : \u00dcber 600 \u03bcmol\/s\/m<sup>2 <\/sup>: Intensives Wachstum<\/li>\n<\/ul>\n<p><a href=\"https:\/\/www.secretjardin.com\/wp-content\/uploads\/2021\/04\/SCALE-LEVEL-02.png\"><img loading=\"lazy\" decoding=\"async\" class=\"alignnone size-full wp-image-14820\" src=\"https:\/\/www.secretjardin.com\/wp-content\/uploads\/2021\/04\/SCALE-LEVEL-02.png\" alt=\"\" width=\"2097\" height=\"160\" srcset=\"https:\/\/www.secretjardin.com\/wp-content\/uploads\/2021\/04\/SCALE-LEVEL-02.png 2097w, https:\/\/www.secretjardin.com\/wp-content\/uploads\/2021\/04\/SCALE-LEVEL-02-300x23.png 300w, https:\/\/www.secretjardin.com\/wp-content\/uploads\/2021\/04\/SCALE-LEVEL-02-1024x78.png 1024w, https:\/\/www.secretjardin.com\/wp-content\/uploads\/2021\/04\/SCALE-LEVEL-02-768x59.png 768w, https:\/\/www.secretjardin.com\/wp-content\/uploads\/2021\/04\/SCALE-LEVEL-02-1536x117.png 1536w, https:\/\/www.secretjardin.com\/wp-content\/uploads\/2021\/04\/SCALE-LEVEL-02-2048x156.png 2048w, https:\/\/www.secretjardin.com\/wp-content\/uploads\/2021\/04\/SCALE-LEVEL-02-600x46.png 600w\" sizes=\"auto, (max-width: 2097px) 100vw, 2097px\" \/><\/a><\/p>\n<h3 class=\"vcex-module vcex-heading wpex-text-1x1 wpex-font-normal wpex-m-auto wpex-max-w-50 vcex-heading-plain wpex-block\"><span style=\"color: #ffcc00;\">DER WIRKUNGSGRAD IHRER BELEUCHTUNG<\/span><\/h3>\n<p>Wenn Sie die richtige Farbe und das richtige Niveau haben, m\u00fcssen Sie nun den Verbrauch \u00fcberpr\u00fcfen. Dazu wird in einem Labor die Gesamtzahl der sichtbaren Photonen gemessen, die deine Beleuchtung jede Sekunde aussendet (Der PPF f\u00fcr Photosynthetic Photon Flux) und durch die Wattzahl in Watt geteilt, die deine Beleuchtung verbrauchen wird. Dies ergibt den PPE (Photosynthetic Photon Efficacy), in \u03bcmol\/s\/w oder \u03bcmol\/Joule.<\/p>\n<p>Damit Sie sich zurechtfinden, hier einige typische PPE-Werte :<\/p>\n<ul>\n<li>Leuchtstofflampen : CFL, TCL, T8, T5: Bis zu 1 \u03bcmol\/j.<\/li>\n<li>Entladungslampen: HPS, MH, CMH: Bis zu 2 \u03bcmol\/j.<\/li>\n<li>Leuchtdioden: LEDs: Bis zu 3 \u03bcmol\/j.<\/li>\n<\/ul>\n<p>Zum Beispiel wird unsere Cosmorrow COP40FS bei einer PPE von 2.85 \u03bcmol\/d ein Drittel weniger verbrauchen als eine Entladungslampe (HPS, MH, CMH&#8230;) und zwei Drittel weniger als eine Fluo Compact-Lampe (CFL, TCL, T5, T8&#8230;) f\u00fcr die gleiche Anzahl an emittierten Photonen.[\/vc_column_text][\/vc_column][\/vc_row]\n<p><a href=\"https:\/\/www.secretjardin.com\/de\/\">&lt; Zur\u00fcck zur Startseite<\/a><\/p>\n","protected":false},"excerpt":{"rendered":"<p>[vc_row][vc_column][vc_column_text] SECRET JARDIN BELEUCHTUNGSPRODUKTE Secret Jardin bietet drei Beleuchtungstechnologien an. COSMORROW\u00a0: Die Cosmorrow-Reihe besteht aus 24V-LED-Gl\u00fchbirnen und separaten Netzteilen. Dank dieser patentierten Technologie ist die Cosmorrow LED-Gl\u00fchbirne kompakt, unverw\u00fcstlich, wasserdicht, langlebig und sicher. Die Cosmorrow LED ist in vier Kategorien&hellip;<\/p>\n","protected":false},"author":6,"featured_media":0,"parent":0,"menu_order":0,"comment_status":"closed","ping_status":"closed","template":"templates\/no-sidebar.php","meta":{"_acf_changed":false,"footnotes":""},"class_list":["post-33387","page","type-page","status-publish","hentry","entry","no-media"],"acf":[],"yoast_head":"<!-- This site is optimized with the Yoast SEO plugin v27.5 - https:\/\/yoast.com\/product\/yoast-seo-wordpress\/ -->\n<title>BELEUCHTUNG - Secret Jardin<\/title>\n<meta name=\"description\" content=\"Secret Jardin bietet Beleuchtungstechnologien an : Cosmorrow Kits Ful Spectrum, TNOLED Kits Grow Spectrum, TLED bars, Daisy...\" \/>\n<meta name=\"robots\" content=\"index, follow, max-snippet:-1, max-image-preview:large, max-video-preview:-1\" \/>\n<link rel=\"canonical\" href=\"https:\/\/www.secretjardin.com\/de\/beleuchtung\/\" \/>\n<meta property=\"og:locale\" content=\"de_DE\" \/>\n<meta property=\"og:type\" content=\"article\" \/>\n<meta property=\"og:title\" content=\"BELEUCHTUNG - Secret Jardin\" \/>\n<meta property=\"og:description\" content=\"Secret Jardin bietet Beleuchtungstechnologien an : Cosmorrow Kits Ful Spectrum, TNOLED Kits Grow Spectrum, TLED bars, Daisy...\" \/>\n<meta property=\"og:url\" content=\"https:\/\/www.secretjardin.com\/de\/beleuchtung\/\" \/>\n<meta property=\"og:site_name\" content=\"Secret Jardin\" \/>\n<meta property=\"article:publisher\" content=\"https:\/\/www.facebook.com\/SecretJardin\/\" \/>\n<meta property=\"article:modified_time\" content=\"2023-03-16T15:01:48+00:00\" \/>\n<meta property=\"og:image\" content=\"https:\/\/www.secretjardin.com\/wp-content\/uploads\/2022\/04\/PATENT-300x300.png\" \/>\n<meta name=\"twitter:card\" content=\"summary_large_image\" \/>\n<meta name=\"twitter:label1\" content=\"Gesch\u00e4tzte Lesezeit\" \/>\n\t<meta name=\"twitter:data1\" content=\"6\u00a0Minuten\" \/>\n<script type=\"application\/ld+json\" class=\"yoast-schema-graph\">{\"@context\":\"https:\\\/\\\/schema.org\",\"@graph\":[{\"@type\":\"WebPage\",\"@id\":\"https:\\\/\\\/www.secretjardin.com\\\/de\\\/beleuchtung\\\/\",\"url\":\"https:\\\/\\\/www.secretjardin.com\\\/de\\\/beleuchtung\\\/\",\"name\":\"BELEUCHTUNG - Secret Jardin\",\"isPartOf\":{\"@id\":\"https:\\\/\\\/www.secretjardin.com\\\/de\\\/#website\"},\"primaryImageOfPage\":{\"@id\":\"https:\\\/\\\/www.secretjardin.com\\\/de\\\/beleuchtung\\\/#primaryimage\"},\"image\":{\"@id\":\"https:\\\/\\\/www.secretjardin.com\\\/de\\\/beleuchtung\\\/#primaryimage\"},\"thumbnailUrl\":\"https:\\\/\\\/www.secretjardin.com\\\/wp-content\\\/uploads\\\/2022\\\/04\\\/PATENT-300x300.png\",\"datePublished\":\"2022-08-16T09:21:35+00:00\",\"dateModified\":\"2023-03-16T15:01:48+00:00\",\"description\":\"Secret Jardin bietet Beleuchtungstechnologien an : Cosmorrow Kits Ful Spectrum, TNOLED Kits Grow Spectrum, TLED bars, Daisy...\",\"breadcrumb\":{\"@id\":\"https:\\\/\\\/www.secretjardin.com\\\/de\\\/beleuchtung\\\/#breadcrumb\"},\"inLanguage\":\"de\",\"potentialAction\":[{\"@type\":\"ReadAction\",\"target\":[\"https:\\\/\\\/www.secretjardin.com\\\/de\\\/beleuchtung\\\/\"]}]},{\"@type\":\"ImageObject\",\"inLanguage\":\"de\",\"@id\":\"https:\\\/\\\/www.secretjardin.com\\\/de\\\/beleuchtung\\\/#primaryimage\",\"url\":\"https:\\\/\\\/www.secretjardin.com\\\/wp-content\\\/uploads\\\/2022\\\/04\\\/PATENT-300x300.png\",\"contentUrl\":\"https:\\\/\\\/www.secretjardin.com\\\/wp-content\\\/uploads\\\/2022\\\/04\\\/PATENT-300x300.png\"},{\"@type\":\"BreadcrumbList\",\"@id\":\"https:\\\/\\\/www.secretjardin.com\\\/de\\\/beleuchtung\\\/#breadcrumb\",\"itemListElement\":[{\"@type\":\"ListItem\",\"position\":1,\"name\":\"Home\",\"item\":\"https:\\\/\\\/www.secretjardin.com\\\/de\\\/\"},{\"@type\":\"ListItem\",\"position\":2,\"name\":\"BELEUCHTUNG\"}]},{\"@type\":\"WebSite\",\"@id\":\"https:\\\/\\\/www.secretjardin.com\\\/de\\\/#website\",\"url\":\"https:\\\/\\\/www.secretjardin.com\\\/de\\\/\",\"name\":\"Secret Jardin\",\"description\":\"\",\"publisher\":{\"@id\":\"https:\\\/\\\/www.secretjardin.com\\\/de\\\/#organization\"},\"potentialAction\":[{\"@type\":\"SearchAction\",\"target\":{\"@type\":\"EntryPoint\",\"urlTemplate\":\"https:\\\/\\\/www.secretjardin.com\\\/de\\\/?s={search_term_string}\"},\"query-input\":{\"@type\":\"PropertyValueSpecification\",\"valueRequired\":true,\"valueName\":\"search_term_string\"}}],\"inLanguage\":\"de\"},{\"@type\":\"Organization\",\"@id\":\"https:\\\/\\\/www.secretjardin.com\\\/de\\\/#organization\",\"name\":\"Secret Jardin\",\"url\":\"https:\\\/\\\/www.secretjardin.com\\\/de\\\/\",\"logo\":{\"@type\":\"ImageObject\",\"inLanguage\":\"de\",\"@id\":\"https:\\\/\\\/www.secretjardin.com\\\/de\\\/#\\\/schema\\\/logo\\\/image\\\/\",\"url\":\"https:\\\/\\\/www.secretjardin.com\\\/wp-content\\\/uploads\\\/2019\\\/05\\\/header_logo.png\",\"contentUrl\":\"https:\\\/\\\/www.secretjardin.com\\\/wp-content\\\/uploads\\\/2019\\\/05\\\/header_logo.png\",\"width\":481,\"height\":198,\"caption\":\"Secret Jardin\"},\"image\":{\"@id\":\"https:\\\/\\\/www.secretjardin.com\\\/de\\\/#\\\/schema\\\/logo\\\/image\\\/\"},\"sameAs\":[\"https:\\\/\\\/www.facebook.com\\\/SecretJardin\\\/\",\"https:\\\/\\\/www.instagram.com\\\/secretjardin_\\\/?hl=fr\",\"https:\\\/\\\/www.linkedin.com\\\/company\\\/secret-jardin\\\/about\\\/\"]}]}<\/script>\n<!-- \/ Yoast SEO plugin. -->","yoast_head_json":{"title":"BELEUCHTUNG - Secret Jardin","description":"Secret Jardin bietet Beleuchtungstechnologien an : Cosmorrow Kits Ful Spectrum, TNOLED Kits Grow Spectrum, TLED bars, Daisy...","robots":{"index":"index","follow":"follow","max-snippet":"max-snippet:-1","max-image-preview":"max-image-preview:large","max-video-preview":"max-video-preview:-1"},"canonical":"https:\/\/www.secretjardin.com\/de\/beleuchtung\/","og_locale":"de_DE","og_type":"article","og_title":"BELEUCHTUNG - Secret Jardin","og_description":"Secret Jardin bietet Beleuchtungstechnologien an : Cosmorrow Kits Ful Spectrum, TNOLED Kits Grow Spectrum, TLED bars, Daisy...","og_url":"https:\/\/www.secretjardin.com\/de\/beleuchtung\/","og_site_name":"Secret Jardin","article_publisher":"https:\/\/www.facebook.com\/SecretJardin\/","article_modified_time":"2023-03-16T15:01:48+00:00","og_image":[{"url":"https:\/\/www.secretjardin.com\/wp-content\/uploads\/2022\/04\/PATENT-300x300.png","type":"","width":"","height":""}],"twitter_card":"summary_large_image","twitter_misc":{"Gesch\u00e4tzte Lesezeit":"6\u00a0Minuten"},"schema":{"@context":"https:\/\/schema.org","@graph":[{"@type":"WebPage","@id":"https:\/\/www.secretjardin.com\/de\/beleuchtung\/","url":"https:\/\/www.secretjardin.com\/de\/beleuchtung\/","name":"BELEUCHTUNG - Secret Jardin","isPartOf":{"@id":"https:\/\/www.secretjardin.com\/de\/#website"},"primaryImageOfPage":{"@id":"https:\/\/www.secretjardin.com\/de\/beleuchtung\/#primaryimage"},"image":{"@id":"https:\/\/www.secretjardin.com\/de\/beleuchtung\/#primaryimage"},"thumbnailUrl":"https:\/\/www.secretjardin.com\/wp-content\/uploads\/2022\/04\/PATENT-300x300.png","datePublished":"2022-08-16T09:21:35+00:00","dateModified":"2023-03-16T15:01:48+00:00","description":"Secret Jardin bietet Beleuchtungstechnologien an : Cosmorrow Kits Ful Spectrum, TNOLED Kits Grow Spectrum, TLED bars, Daisy...","breadcrumb":{"@id":"https:\/\/www.secretjardin.com\/de\/beleuchtung\/#breadcrumb"},"inLanguage":"de","potentialAction":[{"@type":"ReadAction","target":["https:\/\/www.secretjardin.com\/de\/beleuchtung\/"]}]},{"@type":"ImageObject","inLanguage":"de","@id":"https:\/\/www.secretjardin.com\/de\/beleuchtung\/#primaryimage","url":"https:\/\/www.secretjardin.com\/wp-content\/uploads\/2022\/04\/PATENT-300x300.png","contentUrl":"https:\/\/www.secretjardin.com\/wp-content\/uploads\/2022\/04\/PATENT-300x300.png"},{"@type":"BreadcrumbList","@id":"https:\/\/www.secretjardin.com\/de\/beleuchtung\/#breadcrumb","itemListElement":[{"@type":"ListItem","position":1,"name":"Home","item":"https:\/\/www.secretjardin.com\/de\/"},{"@type":"ListItem","position":2,"name":"BELEUCHTUNG"}]},{"@type":"WebSite","@id":"https:\/\/www.secretjardin.com\/de\/#website","url":"https:\/\/www.secretjardin.com\/de\/","name":"Secret Jardin","description":"","publisher":{"@id":"https:\/\/www.secretjardin.com\/de\/#organization"},"potentialAction":[{"@type":"SearchAction","target":{"@type":"EntryPoint","urlTemplate":"https:\/\/www.secretjardin.com\/de\/?s={search_term_string}"},"query-input":{"@type":"PropertyValueSpecification","valueRequired":true,"valueName":"search_term_string"}}],"inLanguage":"de"},{"@type":"Organization","@id":"https:\/\/www.secretjardin.com\/de\/#organization","name":"Secret Jardin","url":"https:\/\/www.secretjardin.com\/de\/","logo":{"@type":"ImageObject","inLanguage":"de","@id":"https:\/\/www.secretjardin.com\/de\/#\/schema\/logo\/image\/","url":"https:\/\/www.secretjardin.com\/wp-content\/uploads\/2019\/05\/header_logo.png","contentUrl":"https:\/\/www.secretjardin.com\/wp-content\/uploads\/2019\/05\/header_logo.png","width":481,"height":198,"caption":"Secret Jardin"},"image":{"@id":"https:\/\/www.secretjardin.com\/de\/#\/schema\/logo\/image\/"},"sameAs":["https:\/\/www.facebook.com\/SecretJardin\/","https:\/\/www.instagram.com\/secretjardin_\/?hl=fr","https:\/\/www.linkedin.com\/company\/secret-jardin\/about\/"]}]}},"_links":{"self":[{"href":"https:\/\/www.secretjardin.com\/de\/wp-json\/wp\/v2\/pages\/33387","targetHints":{"allow":["GET"]}}],"collection":[{"href":"https:\/\/www.secretjardin.com\/de\/wp-json\/wp\/v2\/pages"}],"about":[{"href":"https:\/\/www.secretjardin.com\/de\/wp-json\/wp\/v2\/types\/page"}],"author":[{"embeddable":true,"href":"https:\/\/www.secretjardin.com\/de\/wp-json\/wp\/v2\/users\/6"}],"replies":[{"embeddable":true,"href":"https:\/\/www.secretjardin.com\/de\/wp-json\/wp\/v2\/comments?post=33387"}],"version-history":[{"count":0,"href":"https:\/\/www.secretjardin.com\/de\/wp-json\/wp\/v2\/pages\/33387\/revisions"}],"wp:attachment":[{"href":"https:\/\/www.secretjardin.com\/de\/wp-json\/wp\/v2\/media?parent=33387"}],"curies":[{"name":"wp","href":"https:\/\/api.w.org\/{rel}","templated":true}]}}