{"id":31198,"date":"2022-06-09T11:28:59","date_gmt":"2022-06-09T11:28:59","guid":{"rendered":"https:\/\/www.secretjardin.com\/ducting-flange-rubber-duct\/"},"modified":"2022-10-17T10:45:46","modified_gmt":"2022-10-17T10:45:46","slug":"ducting-flange-connectors","status":"publish","type":"page","link":"https:\/\/www.secretjardin.com\/de\/ducting-flange-connectors\/","title":{"rendered":"DUCTING FLANGE &amp; VERBINDER"},"content":{"rendered":"","protected":false},"excerpt":{"rendered":"","protected":false},"author":6,"featured_media":0,"parent":0,"menu_order":0,"comment_status":"closed","ping_status":"closed","template":"template-category.php","meta":{"_acf_changed":false,"footnotes":""},"class_list":["post-31198","page","type-page","status-publish","hentry","entry","no-media"],"acf":[],"yoast_head":"<!-- This site is optimized with the Yoast SEO plugin v26.7 - https:\/\/yoast.com\/wordpress\/plugins\/seo\/ -->\n<title>DUCTING FLANGE &amp; VERBINDER - Secret Jardin<\/title>\n<meta name=\"description\" content=\"Machen Sie Ihr Grow-Zelt flexibler. Mit dem DUCTING FLANGE k\u00f6nnen Sie \u00fcberall in Ihrem Zelt Bel\u00fcftungs\u00f6ffnungen schaffen.\" \/>\n<meta name=\"robots\" content=\"index, follow, max-snippet:-1, max-image-preview:large, max-video-preview:-1\" \/>\n<link rel=\"canonical\" href=\"https:\/\/www.secretjardin.com\/de\/ducting-flange-connectors\/\" \/>\n<meta property=\"og:locale\" content=\"de_DE\" \/>\n<meta property=\"og:type\" content=\"article\" \/>\n<meta property=\"og:title\" content=\"DUCTING FLANGE &amp; VERBINDER - Secret Jardin\" \/>\n<meta property=\"og:description\" content=\"Machen Sie Ihr Grow-Zelt flexibler. Mit dem DUCTING FLANGE k\u00f6nnen Sie \u00fcberall in Ihrem Zelt Bel\u00fcftungs\u00f6ffnungen schaffen.\" \/>\n<meta property=\"og:url\" content=\"https:\/\/www.secretjardin.com\/de\/ducting-flange-connectors\/\" \/>\n<meta property=\"og:site_name\" content=\"Secret Jardin\" \/>\n<meta property=\"article:publisher\" content=\"https:\/\/www.facebook.com\/SecretJardin\/\" \/>\n<meta property=\"article:modified_time\" content=\"2022-10-17T10:45:46+00:00\" \/>\n<meta name=\"twitter:card\" content=\"summary_large_image\" \/>\n<script type=\"application\/ld+json\" class=\"yoast-schema-graph\">{\"@context\":\"https:\/\/schema.org\",\"@graph\":[{\"@type\":\"WebPage\",\"@id\":\"https:\/\/www.secretjardin.com\/de\/ducting-flange-connectors\/\",\"url\":\"https:\/\/www.secretjardin.com\/de\/ducting-flange-connectors\/\",\"name\":\"DUCTING FLANGE &amp; VERBINDER - Secret Jardin\",\"isPartOf\":{\"@id\":\"https:\/\/www.secretjardin.com\/de\/#website\"},\"datePublished\":\"2022-06-09T11:28:59+00:00\",\"dateModified\":\"2022-10-17T10:45:46+00:00\",\"description\":\"Machen Sie Ihr Grow-Zelt flexibler. Mit dem DUCTING FLANGE k\u00f6nnen Sie \u00fcberall in Ihrem Zelt Bel\u00fcftungs\u00f6ffnungen schaffen.\",\"breadcrumb\":{\"@id\":\"https:\/\/www.secretjardin.com\/de\/ducting-flange-connectors\/#breadcrumb\"},\"inLanguage\":\"de\",\"potentialAction\":[{\"@type\":\"ReadAction\",\"target\":[\"https:\/\/www.secretjardin.com\/de\/ducting-flange-connectors\/\"]}]},{\"@type\":\"BreadcrumbList\",\"@id\":\"https:\/\/www.secretjardin.com\/de\/ducting-flange-connectors\/#breadcrumb\",\"itemListElement\":[{\"@type\":\"ListItem\",\"position\":1,\"name\":\"Home\",\"item\":\"https:\/\/www.secretjardin.com\/de\/\"},{\"@type\":\"ListItem\",\"position\":2,\"name\":\"DUCTING FLANGE &amp; VERBINDER\"}]},{\"@type\":\"WebSite\",\"@id\":\"https:\/\/www.secretjardin.com\/de\/#website\",\"url\":\"https:\/\/www.secretjardin.com\/de\/\",\"name\":\"Secret Jardin\",\"description\":\"\",\"publisher\":{\"@id\":\"https:\/\/www.secretjardin.com\/de\/#organization\"},\"potentialAction\":[{\"@type\":\"SearchAction\",\"target\":{\"@type\":\"EntryPoint\",\"urlTemplate\":\"https:\/\/www.secretjardin.com\/de\/?s={search_term_string}\"},\"query-input\":{\"@type\":\"PropertyValueSpecification\",\"valueRequired\":true,\"valueName\":\"search_term_string\"}}],\"inLanguage\":\"de\"},{\"@type\":\"Organization\",\"@id\":\"https:\/\/www.secretjardin.com\/de\/#organization\",\"name\":\"Secret Jardin\",\"url\":\"https:\/\/www.secretjardin.com\/de\/\",\"logo\":{\"@type\":\"ImageObject\",\"inLanguage\":\"de\",\"@id\":\"https:\/\/www.secretjardin.com\/de\/#\/schema\/logo\/image\/\",\"url\":\"https:\/\/www.secretjardin.com\/wp-content\/uploads\/2019\/05\/header_logo.png\",\"contentUrl\":\"https:\/\/www.secretjardin.com\/wp-content\/uploads\/2019\/05\/header_logo.png\",\"width\":481,\"height\":198,\"caption\":\"Secret Jardin\"},\"image\":{\"@id\":\"https:\/\/www.secretjardin.com\/de\/#\/schema\/logo\/image\/\"},\"sameAs\":[\"https:\/\/www.facebook.com\/SecretJardin\/\",\"https:\/\/www.instagram.com\/secretjardin_\/?hl=fr\",\"https:\/\/www.linkedin.com\/company\/secret-jardin\/about\/\"]}]}<\/script>\n<!-- \/ Yoast SEO plugin. -->","yoast_head_json":{"title":"DUCTING FLANGE &amp; VERBINDER - Secret Jardin","description":"Machen Sie Ihr Grow-Zelt flexibler. Mit dem DUCTING FLANGE k\u00f6nnen Sie \u00fcberall in Ihrem Zelt Bel\u00fcftungs\u00f6ffnungen schaffen.","robots":{"index":"index","follow":"follow","max-snippet":"max-snippet:-1","max-image-preview":"max-image-preview:large","max-video-preview":"max-video-preview:-1"},"canonical":"https:\/\/www.secretjardin.com\/de\/ducting-flange-connectors\/","og_locale":"de_DE","og_type":"article","og_title":"DUCTING FLANGE &amp; VERBINDER - Secret Jardin","og_description":"Machen Sie Ihr Grow-Zelt flexibler. Mit dem DUCTING FLANGE k\u00f6nnen Sie \u00fcberall in Ihrem Zelt Bel\u00fcftungs\u00f6ffnungen schaffen.","og_url":"https:\/\/www.secretjardin.com\/de\/ducting-flange-connectors\/","og_site_name":"Secret Jardin","article_publisher":"https:\/\/www.facebook.com\/SecretJardin\/","article_modified_time":"2022-10-17T10:45:46+00:00","twitter_card":"summary_large_image","schema":{"@context":"https:\/\/schema.org","@graph":[{"@type":"WebPage","@id":"https:\/\/www.secretjardin.com\/de\/ducting-flange-connectors\/","url":"https:\/\/www.secretjardin.com\/de\/ducting-flange-connectors\/","name":"DUCTING FLANGE &amp; VERBINDER - Secret Jardin","isPartOf":{"@id":"https:\/\/www.secretjardin.com\/de\/#website"},"datePublished":"2022-06-09T11:28:59+00:00","dateModified":"2022-10-17T10:45:46+00:00","description":"Machen Sie Ihr Grow-Zelt flexibler. Mit dem DUCTING FLANGE k\u00f6nnen Sie \u00fcberall in Ihrem Zelt Bel\u00fcftungs\u00f6ffnungen schaffen.","breadcrumb":{"@id":"https:\/\/www.secretjardin.com\/de\/ducting-flange-connectors\/#breadcrumb"},"inLanguage":"de","potentialAction":[{"@type":"ReadAction","target":["https:\/\/www.secretjardin.com\/de\/ducting-flange-connectors\/"]}]},{"@type":"BreadcrumbList","@id":"https:\/\/www.secretjardin.com\/de\/ducting-flange-connectors\/#breadcrumb","itemListElement":[{"@type":"ListItem","position":1,"name":"Home","item":"https:\/\/www.secretjardin.com\/de\/"},{"@type":"ListItem","position":2,"name":"DUCTING FLANGE &amp; VERBINDER"}]},{"@type":"WebSite","@id":"https:\/\/www.secretjardin.com\/de\/#website","url":"https:\/\/www.secretjardin.com\/de\/","name":"Secret Jardin","description":"","publisher":{"@id":"https:\/\/www.secretjardin.com\/de\/#organization"},"potentialAction":[{"@type":"SearchAction","target":{"@type":"EntryPoint","urlTemplate":"https:\/\/www.secretjardin.com\/de\/?s={search_term_string}"},"query-input":{"@type":"PropertyValueSpecification","valueRequired":true,"valueName":"search_term_string"}}],"inLanguage":"de"},{"@type":"Organization","@id":"https:\/\/www.secretjardin.com\/de\/#organization","name":"Secret Jardin","url":"https:\/\/www.secretjardin.com\/de\/","logo":{"@type":"ImageObject","inLanguage":"de","@id":"https:\/\/www.secretjardin.com\/de\/#\/schema\/logo\/image\/","url":"https:\/\/www.secretjardin.com\/wp-content\/uploads\/2019\/05\/header_logo.png","contentUrl":"https:\/\/www.secretjardin.com\/wp-content\/uploads\/2019\/05\/header_logo.png","width":481,"height":198,"caption":"Secret Jardin"},"image":{"@id":"https:\/\/www.secretjardin.com\/de\/#\/schema\/logo\/image\/"},"sameAs":["https:\/\/www.facebook.com\/SecretJardin\/","https:\/\/www.instagram.com\/secretjardin_\/?hl=fr","https:\/\/www.linkedin.com\/company\/secret-jardin\/about\/"]}]}},"_links":{"self":[{"href":"https:\/\/www.secretjardin.com\/de\/wp-json\/wp\/v2\/pages\/31198","targetHints":{"allow":["GET"]}}],"collection":[{"href":"https:\/\/www.secretjardin.com\/de\/wp-json\/wp\/v2\/pages"}],"about":[{"href":"https:\/\/www.secretjardin.com\/de\/wp-json\/wp\/v2\/types\/page"}],"author":[{"embeddable":true,"href":"https:\/\/www.secretjardin.com\/de\/wp-json\/wp\/v2\/users\/6"}],"replies":[{"embeddable":true,"href":"https:\/\/www.secretjardin.com\/de\/wp-json\/wp\/v2\/comments?post=31198"}],"version-history":[{"count":8,"href":"https:\/\/www.secretjardin.com\/de\/wp-json\/wp\/v2\/pages\/31198\/revisions"}],"predecessor-version":[{"id":37998,"href":"https:\/\/www.secretjardin.com\/de\/wp-json\/wp\/v2\/pages\/31198\/revisions\/37998"}],"wp:attachment":[{"href":"https:\/\/www.secretjardin.com\/de\/wp-json\/wp\/v2\/media?parent=31198"}],"curies":[{"name":"wp","href":"https:\/\/api.w.org\/{rel}","templated":true}]}}