{"id":30102,"date":"2022-04-29T14:17:41","date_gmt":"2022-04-29T14:17:41","guid":{"rendered":"https:\/\/www.secretjardin.com\/ventilation\/"},"modified":"2022-09-21T11:22:15","modified_gmt":"2022-09-21T11:22:15","slug":"ventilation","status":"publish","type":"page","link":"https:\/\/www.secretjardin.com\/de\/ventilation\/","title":{"rendered":"L\u00dcFTUNG"},"content":{"rendered":"[vc_row][vc_column][vc_column_text]\n<h3 class=\"vcex-module vcex-heading wpex-text-1xl wpex-font-normal wpex-m-auto wpex-max-w-100 vcex-heading-plain wpex-block\" style=\"color: #00a1df; font-weight: 600;\">WIE K\u00d6NNEN SIE IHR ANBAUZELT GUT BEL\u00dcFTEN?<\/h3>\n<p>Zur Durchmischung der Luft in Ihrem Zelt m\u00fcssen die Ein- und Ausl\u00e4sse einander diametral gegen\u00fcberliegen und die Luft dazwischen muss durchmischt werden (siehe Fig 1-2-3). In gro\u00dfen Zelten kann man \u00fcber die gesamte L\u00e4nge zwei Luftableiter und zwei Zuleiter verwenden.<\/p>\n<p><a href=\"https:\/\/www.secretjardin.com\/wp-content\/uploads\/2021\/04\/FIG-1-2-3-1.png\"><img loading=\"lazy\" decoding=\"async\" class=\"aligncenter wp-image-15715\" src=\"https:\/\/www.secretjardin.com\/wp-content\/uploads\/2021\/04\/FIG-1-2-3-1.png\" alt=\"\" width=\"700\" height=\"308\" srcset=\"https:\/\/www.secretjardin.com\/wp-content\/uploads\/2021\/04\/FIG-1-2-3-1.png 990w, https:\/\/www.secretjardin.com\/wp-content\/uploads\/2021\/04\/FIG-1-2-3-1-300x132.png 300w, https:\/\/www.secretjardin.com\/wp-content\/uploads\/2021\/04\/FIG-1-2-3-1-768x337.png 768w, https:\/\/www.secretjardin.com\/wp-content\/uploads\/2021\/04\/FIG-1-2-3-1-600x264.png 600w\" sizes=\"auto, (max-width: 700px) 100vw, 700px\" \/><\/a><\/p>\n<h3 class=\"vcex-module vcex-heading wpex-text-1xl wpex-font-normal wpex-m-auto wpex-max-w-100 vcex-heading-plain wpex-block\" style=\"color: #00a1df; font-weight: 600;\">AUF DEN LUFTEXTRAKTOREN UND FILTERN ANGEGEBENE LEISTUNGEN?<\/h3>\n<p>Die auf den Extraktoren angegebenen Kapazit\u00e4ten in m3\/Stunde werden ohne Filter und ohne Aussendruck (also im Freien) gemessen. Man muss einen Filter verwenden, dessen Leistung zumindest der des Extraktors entspricht. Ein Filter reduziert den Durchfluss eines Extraktors um 30 %, und bis zu 50 %, wenn er verbraucht ist. Ein passiver Einzug des Typs \u00ab DUCTING FLANGE &#8211; LIGHT BAFFLE \u00bb reduziert den Durchfluss in einem Secret Jardin Zelt um 40 %. Beispiel in einer DS120 120cmx120cm : 350m<sup>3<\/sup>\/h \/Stunde rein ergibt 275m<sup>3<\/sup>\/h Stunde mit Filter und 160m<sup>3<\/sup>\/h \/Stunde in einem Zelt mit einem Filtre &amp; Light Baffle: Die Luft wird also alle ein bis zwei Minuten ausgetauscht, je nach Zustand des Filters (160m<sup>3<\/sup>\/h \/ 60 min \/ 2.9m<sup>3<\/sup> = Mal pro Min).<\/p>\n<h3 class=\"vcex-module vcex-heading wpex-text-1xl wpex-font-normal wpex-m-auto wpex-max-w-100 vcex-heading-plain wpex-block\" style=\"color: #00a1df; font-weight: 600;\">WELCHE EXTRAKTIONSFREQUENZ SOLL MAN AUSW\u00c4HLEN?<\/h3>\n<p>Wir bieten drei Bel\u00fcftungsstufen an. \u00ab Austausch der Luft im Zelt alle ? \u00bb<br \/>\n\u2022 1 bis 2 Min. : Wachstum &amp; Intensives Wachstum, mit Temperaturproblem (Au\u00dfenluft \u00fcber\u00a0 &gt; 25\u00b0C oder Beleuchtung zu hei\u00df, Typ HPS offen)<br \/>\n\u2022 2 bis 4 Min. : Wachstume &amp; Intensives Wachstum, ohne Temperaturproblem<br \/>\n\u2022 4 bis 8 Min. : Vermehrung, Aussaat, leichtes Wachstum, vegetative Vermehrung, ohne Temperaturproblem<br \/>\nIdeal ist die Verwendung der Luftableitung zu dem einzigen Zweck, die Pflanzen atmen zu lassen. Wir konzipieren unsere Produkte so, dass sie sie nicht \u00ab \u00fcber-bel\u00fcften \u00bb m\u00fcssen, wenn die eintretende Luft zwischen 15\u00b0C and 25\u00b0C betr\u00e4gt und Ihr Beleuchtungssystem wenig W\u00e4rme abgibt (LED oder bel\u00fcftete HPS beispielsweise).<\/p>\n<h3 class=\"vcex-module vcex-heading wpex-text-1xl wpex-font-normal wpex-m-auto wpex-max-w-100 vcex-heading-plain wpex-block\" style=\"color: #00a1df; font-weight: 600;\">WAS TUN, WENN ES ZU WARM IST?<\/h3>\n<p>In bestimmten Situationen steigt die Au\u00dfentemperatur zu sehr an. Die Grafik rechts (Fig 4) gilt f\u00fcr alle Anlagen mit weniger al 5m<sup>3<\/sup>und hilft Ihnen, diese Situationen vorher zu sehen.<\/p>\n<p>Hier einige Anregungen :<br \/>\n\u2022 K\u00fchlen Sie die einstr\u00f6mende Luft oder schlie\u00dfen Sie einen Kanal zu einem k\u00fchleren Ort an.<br \/>\n\u2022 Beleuchtung der Pflanzen in der Nacht, wenn es m\u00f6glichst wenig warm ist.<br \/>\n\u2022 Entfernen Sie Ihren Filter, der die Leistung reduziert, falls m\u00f6glich.<br \/>\n\u2022 Ersatz Ihres Light Baffle durch einen Schlauch, der lang genug ist, um Lichteintritt zu verhindern.<br \/>\n\u2022 Bringen Sie eine oder mehrere \u00ab passive Ableitungen \u00bb an durch Hinzuf\u00fcgen einer DUCTING FLANGE und LIGHT BAFFLE.<br \/>\n\u2022 F\u00fcgen Sie einen \u00ab Extraktor \u00bb hinzu, der Luft in Ihr Zelt hinein pumpt.<\/p>\n<p><a href=\"https:\/\/www.secretjardin.com\/wp-content\/uploads\/2021\/04\/temp-vs-air-1.png\"><img loading=\"lazy\" decoding=\"async\" class=\"aligncenter wp-image-15709\" src=\"https:\/\/www.secretjardin.com\/wp-content\/uploads\/2021\/04\/temp-vs-air-1.png\" alt=\"\" width=\"600\" height=\"351\" srcset=\"https:\/\/www.secretjardin.com\/wp-content\/uploads\/2021\/04\/temp-vs-air-1.png 990w, https:\/\/www.secretjardin.com\/wp-content\/uploads\/2021\/04\/temp-vs-air-1-300x175.png 300w, https:\/\/www.secretjardin.com\/wp-content\/uploads\/2021\/04\/temp-vs-air-1-768x449.png 768w, https:\/\/www.secretjardin.com\/wp-content\/uploads\/2021\/04\/temp-vs-air-1-600x351.png 600w\" sizes=\"auto, (max-width: 600px) 100vw, 600px\" \/><\/a><\/p>\n<h3 class=\"vcex-module vcex-heading wpex-text-1xl wpex-font-normal wpex-m-auto wpex-max-w-100 vcex-heading-plain wpex-block\" style=\"color: #00a1df; font-weight: 600;\">SPACE BOOSTER ODER LUFTZULEITUNG?<\/h3>\n<p>Damit die H\u00fclle ihre Struktur stabil h\u00e4lt, muss im Zelt Unterdruck herrschen. Durch einen Filter vermeidet man auch das Austreten von Ger\u00fcchen. Je gr\u00f6sser das Zelt ist, desto mehr beeintr\u00e4chtigt dieser Unterdruck ihren Anbaubereich und kann in einigen F\u00e4llen sogar zu einer Implosion ihres Zeltes f\u00fchren. Bei zu gro\u00dfen Zelten ist also eine Luftzuleitung vorzunehmen, die nicht \u00fcber 70 % der Extraktion betragen darf, damit der Unterdruck im Zelt aufrecht erhalten\u00a0bleibt. Ohne den Space-Booster, der in unseren vorausger\u00fcsteten Zelten enthalten ist, muss man diese Zuleitung ab 120cmx120cm bzw. ab 100cmx100cm vornehmen. Mit dem SPACE BOOSTER m\u00fcssen Sie diese Zuleitung erst ab 150cmx150cm, vornehmen, bzw. ab einer noch gr\u00f6\u00dferen Gr\u00f6\u00dfe, wenn Sie die Luft nur selten austauschen, wie bei der Vermehrung.[\/vc_column_text][\/vc_column][\/vc_row]\n<p><html><a href=\"https:\/\/www.secretjardin.com\/de\/\"><   Zur\u00fcck zur Startseite<\/a><\/html><\/p>\n","protected":false},"excerpt":{"rendered":"<p>[vc_row][vc_column][vc_column_text] WIE K\u00d6NNEN SIE IHR ANBAUZELT GUT BEL\u00dcFTEN? Zur Durchmischung der Luft in Ihrem Zelt m\u00fcssen die Ein- und Ausl\u00e4sse einander diametral gegen\u00fcberliegen und die Luft dazwischen muss durchmischt werden (siehe Fig 1-2-3). In gro\u00dfen Zelten kann man \u00fcber die&hellip;<\/p>\n","protected":false},"author":2,"featured_media":0,"parent":0,"menu_order":0,"comment_status":"closed","ping_status":"closed","template":"templates\/no-sidebar.php","meta":{"_acf_changed":false,"footnotes":""},"class_list":["post-30102","page","type-page","status-publish","hentry","entry","no-media"],"acf":[],"yoast_head":"<!-- This site is optimized with the Yoast SEO plugin v27.5 - https:\/\/yoast.com\/product\/yoast-seo-wordpress\/ -->\n<title>L\u00dcFTUNG - Secret Jardin<\/title>\n<meta name=\"robots\" content=\"index, follow, max-snippet:-1, max-image-preview:large, max-video-preview:-1\" \/>\n<link rel=\"canonical\" href=\"https:\/\/www.secretjardin.com\/de\/ventilation\/\" \/>\n<meta property=\"og:locale\" content=\"de_DE\" \/>\n<meta property=\"og:type\" content=\"article\" \/>\n<meta property=\"og:title\" content=\"L\u00dcFTUNG - Secret Jardin\" \/>\n<meta property=\"og:description\" content=\"[vc_row][vc_column][vc_column_text] WIE K\u00d6NNEN SIE IHR ANBAUZELT GUT BEL\u00dcFTEN? Zur Durchmischung der Luft in Ihrem Zelt m\u00fcssen die Ein- und Ausl\u00e4sse einander diametral gegen\u00fcberliegen und die Luft dazwischen muss durchmischt werden (siehe Fig 1-2-3). In gro\u00dfen Zelten kann man \u00fcber die&hellip;\" \/>\n<meta property=\"og:url\" content=\"https:\/\/www.secretjardin.com\/de\/ventilation\/\" \/>\n<meta property=\"og:site_name\" content=\"Secret Jardin\" \/>\n<meta property=\"article:publisher\" content=\"https:\/\/www.facebook.com\/SecretJardin\/\" \/>\n<meta property=\"article:modified_time\" content=\"2022-09-21T11:22:15+00:00\" \/>\n<meta property=\"og:image\" content=\"https:\/\/www.secretjardin.com\/wp-content\/uploads\/2021\/04\/FIG-1-2-3-1.png\" \/>\n<meta name=\"twitter:card\" content=\"summary_large_image\" \/>\n<meta name=\"twitter:label1\" content=\"Gesch\u00e4tzte Lesezeit\" \/>\n\t<meta name=\"twitter:data1\" content=\"4\u00a0Minuten\" \/>\n<script type=\"application\/ld+json\" class=\"yoast-schema-graph\">{\"@context\":\"https:\\\/\\\/schema.org\",\"@graph\":[{\"@type\":\"WebPage\",\"@id\":\"https:\\\/\\\/www.secretjardin.com\\\/de\\\/ventilation\\\/\",\"url\":\"https:\\\/\\\/www.secretjardin.com\\\/de\\\/ventilation\\\/\",\"name\":\"L\u00dcFTUNG - Secret Jardin\",\"isPartOf\":{\"@id\":\"https:\\\/\\\/www.secretjardin.com\\\/de\\\/#website\"},\"primaryImageOfPage\":{\"@id\":\"https:\\\/\\\/www.secretjardin.com\\\/de\\\/ventilation\\\/#primaryimage\"},\"image\":{\"@id\":\"https:\\\/\\\/www.secretjardin.com\\\/de\\\/ventilation\\\/#primaryimage\"},\"thumbnailUrl\":\"https:\\\/\\\/www.secretjardin.com\\\/wp-content\\\/uploads\\\/2021\\\/04\\\/FIG-1-2-3-1.png\",\"datePublished\":\"2022-04-29T14:17:41+00:00\",\"dateModified\":\"2022-09-21T11:22:15+00:00\",\"breadcrumb\":{\"@id\":\"https:\\\/\\\/www.secretjardin.com\\\/de\\\/ventilation\\\/#breadcrumb\"},\"inLanguage\":\"de\",\"potentialAction\":[{\"@type\":\"ReadAction\",\"target\":[\"https:\\\/\\\/www.secretjardin.com\\\/de\\\/ventilation\\\/\"]}]},{\"@type\":\"ImageObject\",\"inLanguage\":\"de\",\"@id\":\"https:\\\/\\\/www.secretjardin.com\\\/de\\\/ventilation\\\/#primaryimage\",\"url\":\"https:\\\/\\\/www.secretjardin.com\\\/wp-content\\\/uploads\\\/2021\\\/04\\\/FIG-1-2-3-1.png\",\"contentUrl\":\"https:\\\/\\\/www.secretjardin.com\\\/wp-content\\\/uploads\\\/2021\\\/04\\\/FIG-1-2-3-1.png\"},{\"@type\":\"BreadcrumbList\",\"@id\":\"https:\\\/\\\/www.secretjardin.com\\\/de\\\/ventilation\\\/#breadcrumb\",\"itemListElement\":[{\"@type\":\"ListItem\",\"position\":1,\"name\":\"Home\",\"item\":\"https:\\\/\\\/www.secretjardin.com\\\/de\\\/\"},{\"@type\":\"ListItem\",\"position\":2,\"name\":\"L\u00dcFTUNG\"}]},{\"@type\":\"WebSite\",\"@id\":\"https:\\\/\\\/www.secretjardin.com\\\/de\\\/#website\",\"url\":\"https:\\\/\\\/www.secretjardin.com\\\/de\\\/\",\"name\":\"Secret Jardin\",\"description\":\"\",\"publisher\":{\"@id\":\"https:\\\/\\\/www.secretjardin.com\\\/de\\\/#organization\"},\"potentialAction\":[{\"@type\":\"SearchAction\",\"target\":{\"@type\":\"EntryPoint\",\"urlTemplate\":\"https:\\\/\\\/www.secretjardin.com\\\/de\\\/?s={search_term_string}\"},\"query-input\":{\"@type\":\"PropertyValueSpecification\",\"valueRequired\":true,\"valueName\":\"search_term_string\"}}],\"inLanguage\":\"de\"},{\"@type\":\"Organization\",\"@id\":\"https:\\\/\\\/www.secretjardin.com\\\/de\\\/#organization\",\"name\":\"Secret Jardin\",\"url\":\"https:\\\/\\\/www.secretjardin.com\\\/de\\\/\",\"logo\":{\"@type\":\"ImageObject\",\"inLanguage\":\"de\",\"@id\":\"https:\\\/\\\/www.secretjardin.com\\\/de\\\/#\\\/schema\\\/logo\\\/image\\\/\",\"url\":\"https:\\\/\\\/www.secretjardin.com\\\/wp-content\\\/uploads\\\/2019\\\/05\\\/header_logo.png\",\"contentUrl\":\"https:\\\/\\\/www.secretjardin.com\\\/wp-content\\\/uploads\\\/2019\\\/05\\\/header_logo.png\",\"width\":481,\"height\":198,\"caption\":\"Secret Jardin\"},\"image\":{\"@id\":\"https:\\\/\\\/www.secretjardin.com\\\/de\\\/#\\\/schema\\\/logo\\\/image\\\/\"},\"sameAs\":[\"https:\\\/\\\/www.facebook.com\\\/SecretJardin\\\/\",\"https:\\\/\\\/www.instagram.com\\\/secretjardin_\\\/?hl=fr\",\"https:\\\/\\\/www.linkedin.com\\\/company\\\/secret-jardin\\\/about\\\/\"]}]}<\/script>\n<!-- \/ Yoast SEO plugin. -->","yoast_head_json":{"title":"L\u00dcFTUNG - Secret Jardin","robots":{"index":"index","follow":"follow","max-snippet":"max-snippet:-1","max-image-preview":"max-image-preview:large","max-video-preview":"max-video-preview:-1"},"canonical":"https:\/\/www.secretjardin.com\/de\/ventilation\/","og_locale":"de_DE","og_type":"article","og_title":"L\u00dcFTUNG - Secret Jardin","og_description":"[vc_row][vc_column][vc_column_text] WIE K\u00d6NNEN SIE IHR ANBAUZELT GUT BEL\u00dcFTEN? Zur Durchmischung der Luft in Ihrem Zelt m\u00fcssen die Ein- und Ausl\u00e4sse einander diametral gegen\u00fcberliegen und die Luft dazwischen muss durchmischt werden (siehe Fig 1-2-3). In gro\u00dfen Zelten kann man \u00fcber die&hellip;","og_url":"https:\/\/www.secretjardin.com\/de\/ventilation\/","og_site_name":"Secret Jardin","article_publisher":"https:\/\/www.facebook.com\/SecretJardin\/","article_modified_time":"2022-09-21T11:22:15+00:00","og_image":[{"url":"https:\/\/www.secretjardin.com\/wp-content\/uploads\/2021\/04\/FIG-1-2-3-1.png","type":"","width":"","height":""}],"twitter_card":"summary_large_image","twitter_misc":{"Gesch\u00e4tzte Lesezeit":"4\u00a0Minuten"},"schema":{"@context":"https:\/\/schema.org","@graph":[{"@type":"WebPage","@id":"https:\/\/www.secretjardin.com\/de\/ventilation\/","url":"https:\/\/www.secretjardin.com\/de\/ventilation\/","name":"L\u00dcFTUNG - Secret Jardin","isPartOf":{"@id":"https:\/\/www.secretjardin.com\/de\/#website"},"primaryImageOfPage":{"@id":"https:\/\/www.secretjardin.com\/de\/ventilation\/#primaryimage"},"image":{"@id":"https:\/\/www.secretjardin.com\/de\/ventilation\/#primaryimage"},"thumbnailUrl":"https:\/\/www.secretjardin.com\/wp-content\/uploads\/2021\/04\/FIG-1-2-3-1.png","datePublished":"2022-04-29T14:17:41+00:00","dateModified":"2022-09-21T11:22:15+00:00","breadcrumb":{"@id":"https:\/\/www.secretjardin.com\/de\/ventilation\/#breadcrumb"},"inLanguage":"de","potentialAction":[{"@type":"ReadAction","target":["https:\/\/www.secretjardin.com\/de\/ventilation\/"]}]},{"@type":"ImageObject","inLanguage":"de","@id":"https:\/\/www.secretjardin.com\/de\/ventilation\/#primaryimage","url":"https:\/\/www.secretjardin.com\/wp-content\/uploads\/2021\/04\/FIG-1-2-3-1.png","contentUrl":"https:\/\/www.secretjardin.com\/wp-content\/uploads\/2021\/04\/FIG-1-2-3-1.png"},{"@type":"BreadcrumbList","@id":"https:\/\/www.secretjardin.com\/de\/ventilation\/#breadcrumb","itemListElement":[{"@type":"ListItem","position":1,"name":"Home","item":"https:\/\/www.secretjardin.com\/de\/"},{"@type":"ListItem","position":2,"name":"L\u00dcFTUNG"}]},{"@type":"WebSite","@id":"https:\/\/www.secretjardin.com\/de\/#website","url":"https:\/\/www.secretjardin.com\/de\/","name":"Secret Jardin","description":"","publisher":{"@id":"https:\/\/www.secretjardin.com\/de\/#organization"},"potentialAction":[{"@type":"SearchAction","target":{"@type":"EntryPoint","urlTemplate":"https:\/\/www.secretjardin.com\/de\/?s={search_term_string}"},"query-input":{"@type":"PropertyValueSpecification","valueRequired":true,"valueName":"search_term_string"}}],"inLanguage":"de"},{"@type":"Organization","@id":"https:\/\/www.secretjardin.com\/de\/#organization","name":"Secret Jardin","url":"https:\/\/www.secretjardin.com\/de\/","logo":{"@type":"ImageObject","inLanguage":"de","@id":"https:\/\/www.secretjardin.com\/de\/#\/schema\/logo\/image\/","url":"https:\/\/www.secretjardin.com\/wp-content\/uploads\/2019\/05\/header_logo.png","contentUrl":"https:\/\/www.secretjardin.com\/wp-content\/uploads\/2019\/05\/header_logo.png","width":481,"height":198,"caption":"Secret Jardin"},"image":{"@id":"https:\/\/www.secretjardin.com\/de\/#\/schema\/logo\/image\/"},"sameAs":["https:\/\/www.facebook.com\/SecretJardin\/","https:\/\/www.instagram.com\/secretjardin_\/?hl=fr","https:\/\/www.linkedin.com\/company\/secret-jardin\/about\/"]}]}},"_links":{"self":[{"href":"https:\/\/www.secretjardin.com\/de\/wp-json\/wp\/v2\/pages\/30102","targetHints":{"allow":["GET"]}}],"collection":[{"href":"https:\/\/www.secretjardin.com\/de\/wp-json\/wp\/v2\/pages"}],"about":[{"href":"https:\/\/www.secretjardin.com\/de\/wp-json\/wp\/v2\/types\/page"}],"author":[{"embeddable":true,"href":"https:\/\/www.secretjardin.com\/de\/wp-json\/wp\/v2\/users\/2"}],"replies":[{"embeddable":true,"href":"https:\/\/www.secretjardin.com\/de\/wp-json\/wp\/v2\/comments?post=30102"}],"version-history":[{"count":0,"href":"https:\/\/www.secretjardin.com\/de\/wp-json\/wp\/v2\/pages\/30102\/revisions"}],"wp:attachment":[{"href":"https:\/\/www.secretjardin.com\/de\/wp-json\/wp\/v2\/media?parent=30102"}],"curies":[{"name":"wp","href":"https:\/\/api.w.org\/{rel}","templated":true}]}}