{"id":14946,"date":"2021-04-20T10:05:37","date_gmt":"2021-04-20T10:05:37","guid":{"rendered":"https:\/\/www.secretjardin.com\/ressourcen\/detail-zur-beleuchtung\/"},"modified":"2021-04-27T15:30:59","modified_gmt":"2021-04-27T15:30:59","slug":"detail-zur-beleuchtung","status":"publish","type":"page","link":"https:\/\/www.secretjardin.com\/de\/ressourcen\/detail-zur-beleuchtung\/","title":{"rendered":"Detail zur Beleuchtung"},"content":{"rendered":"[vc_row][vc_column][vc_column_text]Die Einstufung eines Lichts erfolgt aufgrund der Bewertung seiner <strong>EIGENSCHAFT <\/strong>(SPEKTRUM) und seiner <strong>INTENSIT\u00c4T <\/strong>(P.A.R.).[\/vc_column_text][\/vc_column][\/vc_row][vc_row][vc_column]<h3 class=\"vcex-module vcex-heading wpex-text-2xl wpex-font-normal wpex-m-auto wpex-max-w-100 vcex-heading-plain wpex-block\" style=\"color:#ffde00;font-weight:600;\"><span class=\"vcex-heading-inner wpex-inline-block wpex-clr\">EIGENSCHAFT EINES LICHTS<\/span><\/h3>[\/vc_column][\/vc_row][vc_row][vc_column][vc_column_text]Licht besteht aus Photonen, die wie Wellen reagieren, wenn sie sich bewegen. Man ordnet ihnen daher Wellenl\u00e4ngen zu. Photonen, die sich auf Pflanzen auswirken, liegen zwischen Ultraviolett und Infrarot, nahe des f\u00fcr den Menschen Sichtbaren, von 350 bis 750 nm (Abb. 2).<br \/>\n<strong>Nahes UV (350-380 nm):<\/strong> Erlaubt die Bek\u00e4mpfung bestimmter Mikroorganismen und verbessert das Immunsystem der Pflanzen.<br \/>\n<strong>Sichtbar (380-700 nm): <\/strong>Der Bereich, der sich auf die Photosynthese auswirkt. Die Pflanze absorbiert vor allem Blau und Rot. Allgemein f\u00f6rdert die Farbe Blau (430-500) das Wachstum, dir Farbe Rot (630-680) den Bl\u00fcten- und Fruchtansatz.<br \/>\n<strong>Nahes IR (700-750 nm):<\/strong> Auch als \u00abDunkle Rott\u00f6ne\u00bb bezeichnet, wirken wie ein Radiant und f\u00f6rdern das Wachstum von sonnenhungrigen Pflanzen.[\/vc_column_text][\/vc_column][\/vc_row][vc_row][vc_column]<h3 class=\"vcex-module vcex-heading wpex-text-2xl wpex-font-normal wpex-m-auto wpex-max-w-100 vcex-heading-plain wpex-block\" style=\"color:#ffde00;font-weight:600;\"><span class=\"vcex-heading-inner wpex-inline-block wpex-clr\">INTENSIT\u00c4T EINES LICHTS<\/span><\/h3>[\/vc_column][\/vc_row][vc_row][vc_column][vc_column_text]Nur Photonen mit einer Wellenl\u00e4nge zwischen 400 und 700 nm (in der N\u00e4he des f\u00fcr den Menschen Sichtbaren) sind an der Photosynthese beteiligt. Man bezeichnet diese Photone als \u00abPhotosynthetically Active Radiation\u00bb. Die P.A.R. eines Beleuchtungssystems kann man messen, wenn sie alleine ist, (PPF-PPE) oder innerhalb einer vollst\u00e4ndigen Anbau-Konfiguration (PPFD).[\/vc_column_text][\/vc_column][\/vc_row][vc_row][vc_column]<h3 class=\"vcex-module vcex-heading wpex-text-2xl wpex-font-normal wpex-m-auto wpex-max-w-100 vcex-heading-plain wpex-block\" style=\"color:#ffde00;font-weight:600;\"><span class=\"vcex-heading-inner wpex-inline-block wpex-clr\">EINZELBELEUCHTUNG<\/span><\/h3>[\/vc_column][\/vc_row][vc_row][vc_column][vc_column_text]Man stellt die Lampe in einen Bereich \u00e4hnlich einer Ulbricht-Kugel (Abb. 3) und misst alle Photonen, die sie pro Sekunde abgibt. So erh\u00e4lt man den \u00abPhotosynthetic Photon Flux\u00bb, (P.P.F. in \u03bcmol\/s), der die potentielle photosynthetische Kraft des Beleuchtungssystems angibt. Durch Teilen des P.P.F. durch die verbrauchte Leistung erh\u00e4lt man die \u00abPhotosynthetic Photon Efficacy\u00bb (P.P.E. in \u03bcmol\/s\/w oder \u03bcmol\/j), durch die man die potentielle photosynthetische Leistung pro verbrauchtes Watt eines Beleuchtungssystems beurteilen kann. Es folgen einige P.P.E.-Werte: Fluo Compact (CFL, TCL, T5\u2026) = Weniger als 1 \u03bcmol\/s\/w, Entladungslampen (HPS, MH, CMH\u2026) = 1 bis 2 \u03bcmol\/s\/w, Lichtemissiondsdioden (LED): derzeit 2 bis 3 \u03bcmol\/s\/w.[\/vc_column_text][\/vc_column][\/vc_row][vc_row][vc_column]<h3 class=\"vcex-module vcex-heading wpex-text-2xl wpex-font-normal wpex-m-auto wpex-max-w-100 vcex-heading-plain wpex-block\" style=\"color:#ffde00;font-weight:600;\"><span class=\"vcex-heading-inner wpex-inline-block wpex-clr\">KOMPLETTES ANBAUSYSTEM<\/span><\/h3>[\/vc_column][\/vc_row][vc_row][vc_column][vc_column_text]Man misst die Photonen, die pro Sekunde auf einen m2 Anbaufl\u00e4che fallen. Dies wird als \u00abPhotosynthetic Photon Flux Density\u00bb, (P.P.F.D.,in \u03bcmol\/s\/m2) bezeichnet. Auf diese Weise kann man die tats\u00e4chliche photosynthetische Kraft pro m2 auf einer Anbaufl\u00e4che messen. Die P.P.F.D. wird dargestellt durch eine Sicht auf den Anbaubereich von oben, mit Werten, die alle 30 x 30 cm 36&#8243; x 36&#8243; (Abb. 4) erfasst werden. Zur Vereinfachung der Lekt\u00fcre haben wir drei Farben f\u00fcr drei P.P.F.D.-Stufen definiert.<\/p>\n<p style=\"color: #553286;\"><strong>Stufe I:<\/strong> Weniger als 300 \u03bcmol\/s\/m2: Vermehrung, Aussaat, leichtes Wachstum, vegetative Vermehrung.<\/p>\n<p style=\"color: #2f722f;\"><strong>Stufe II: <\/strong>300 bis 600 \u03bcmol\/s\/m2: Anbau von sonnenliebenden Pflanzen, intensive Kultur von schattenliebenden Pflanzen.<\/p>\n<p style=\"color: #941914;\"><strong>Stufe III:<\/strong> \u00dcber 600 \u03bcmol\/s\/m2: Intensive Kultur sonnenliebender Pflanzen.<\/p>\n[\/vc_column_text][\/vc_column][\/vc_row][vc_row][vc_column][vc_single_image image=&#8220;14823&#8243;][\/vc_column][\/vc_row][vc_row][vc_column]<h3 class=\"vcex-module vcex-heading wpex-text-2xl wpex-font-normal wpex-m-auto wpex-max-w-100 vcex-heading-plain wpex-block\" style=\"color:#ffde00;font-weight:600;\"><span class=\"vcex-heading-inner wpex-inline-block wpex-clr\">BEZEICHNUNG DER LED<\/span><\/h3>[\/vc_column][\/vc_row][vc_row][vc_column][vc_column_text]Es gibt zwei Arten von LED. Die <strong>monochromatischen LED<\/strong> geben Photonen ab, die um eine einzige Frequenz vibrieren. Sie werden nach ihrer Wellenl\u00e4nge bezeichnet: 450 nm blau, 660 nm rot\u2026 Die <strong>wei\u00dfen LED<\/strong> weisen ein breiteres Spektrum auf. Sie stammen von einer monochromatischen blauen LED, auf die man eine Luminophorschicht aufgetragen hat, welche das Spektrum verschiebt und abflacht in Richtung Gelb und dabei die Energie bestimmter Protonen reduziert (Abb. 5). Man bezeichnet sie nach ihrer Farbtemperatur in Kelvin: 6500\u00b0K Kaltwei\u00df, 5000\/4000\u00b0K Warmwei\u00df, 3000\/2700\/2100\u00b0K Gelbwei\u00df. Mit dieser Methode erh\u00e4lt man LED, die f\u00fcr die t\u00e4gliche Beleuchtung, aber auch f\u00fcr die Kultur verwendet werden k\u00f6nnen, dank ihres umfassenderen Spektrums.[\/vc_column_text][\/vc_column][\/vc_row][vc_row][vc_column][vc_single_image image=&#8220;14759&#8243;][\/vc_column][\/vc_row]\n","protected":false},"excerpt":{"rendered":"<p>[vc_row][vc_column][vc_column_text]Die Einstufung eines Lichts erfolgt aufgrund der Bewertung seiner EIGENSCHAFT (SPEKTRUM) und seiner INTENSIT\u00c4T (P.A.R.).[\/vc_column_text][\/vc_column][\/vc_row][vc_row][vc_column][\/vc_column][\/vc_row][vc_row][vc_column][vc_column_text]Licht besteht aus Photonen, die wie Wellen reagieren, wenn sie sich bewegen. Man ordnet ihnen daher Wellenl\u00e4ngen zu. Photonen, die sich auf Pflanzen auswirken, liegen zwischen&hellip;<\/p>\n","protected":false},"author":6,"featured_media":0,"parent":7464,"menu_order":8,"comment_status":"closed","ping_status":"closed","template":"templates\/no-sidebar.php","meta":{"_acf_changed":false,"footnotes":""},"class_list":["post-14946","page","type-page","status-publish","hentry","entry","no-media"],"acf":[],"yoast_head":"<!-- This site is optimized with the Yoast SEO plugin v27.4 - https:\/\/yoast.com\/product\/yoast-seo-wordpress\/ -->\n<title>Detail zur Beleuchtung - Secret Jardin<\/title>\n<meta name=\"robots\" content=\"index, follow, max-snippet:-1, max-image-preview:large, max-video-preview:-1\" \/>\n<link rel=\"canonical\" href=\"https:\/\/www.secretjardin.com\/de\/ressourcen\/detail-zur-beleuchtung\/\" \/>\n<meta property=\"og:locale\" content=\"de_DE\" \/>\n<meta property=\"og:type\" content=\"article\" \/>\n<meta property=\"og:title\" content=\"Detail zur Beleuchtung - Secret Jardin\" \/>\n<meta property=\"og:description\" content=\"[vc_row][vc_column][vc_column_text]Die Einstufung eines Lichts erfolgt aufgrund der Bewertung seiner EIGENSCHAFT (SPEKTRUM) und seiner INTENSIT\u00c4T (P.A.R.).[\/vc_column_text][\/vc_column][\/vc_row][vc_row][vc_column][\/vc_column][\/vc_row][vc_row][vc_column][vc_column_text]Licht besteht aus Photonen, die wie Wellen reagieren, wenn sie sich bewegen. Man ordnet ihnen daher Wellenl\u00e4ngen zu. Photonen, die sich auf Pflanzen auswirken, liegen zwischen&hellip;\" \/>\n<meta property=\"og:url\" content=\"https:\/\/www.secretjardin.com\/de\/ressourcen\/detail-zur-beleuchtung\/\" \/>\n<meta property=\"og:site_name\" content=\"Secret Jardin\" \/>\n<meta property=\"article:publisher\" content=\"https:\/\/www.facebook.com\/SecretJardin\/\" \/>\n<meta property=\"article:modified_time\" content=\"2021-04-27T15:30:59+00:00\" \/>\n<meta name=\"twitter:card\" content=\"summary_large_image\" \/>\n<meta name=\"twitter:label1\" content=\"Gesch\u00e4tzte Lesezeit\" \/>\n\t<meta name=\"twitter:data1\" content=\"4\u00a0Minuten\" \/>\n<script type=\"application\/ld+json\" class=\"yoast-schema-graph\">{\"@context\":\"https:\\\/\\\/schema.org\",\"@graph\":[{\"@type\":\"WebPage\",\"@id\":\"https:\\\/\\\/www.secretjardin.com\\\/de\\\/ressourcen\\\/detail-zur-beleuchtung\\\/\",\"url\":\"https:\\\/\\\/www.secretjardin.com\\\/de\\\/ressourcen\\\/detail-zur-beleuchtung\\\/\",\"name\":\"Detail zur Beleuchtung - Secret Jardin\",\"isPartOf\":{\"@id\":\"https:\\\/\\\/www.secretjardin.com\\\/de\\\/#website\"},\"datePublished\":\"2021-04-20T10:05:37+00:00\",\"dateModified\":\"2021-04-27T15:30:59+00:00\",\"breadcrumb\":{\"@id\":\"https:\\\/\\\/www.secretjardin.com\\\/de\\\/ressourcen\\\/detail-zur-beleuchtung\\\/#breadcrumb\"},\"inLanguage\":\"de\",\"potentialAction\":[{\"@type\":\"ReadAction\",\"target\":[\"https:\\\/\\\/www.secretjardin.com\\\/de\\\/ressourcen\\\/detail-zur-beleuchtung\\\/\"]}]},{\"@type\":\"BreadcrumbList\",\"@id\":\"https:\\\/\\\/www.secretjardin.com\\\/de\\\/ressourcen\\\/detail-zur-beleuchtung\\\/#breadcrumb\",\"itemListElement\":[{\"@type\":\"ListItem\",\"position\":1,\"name\":\"Home\",\"item\":\"https:\\\/\\\/www.secretjardin.com\\\/de\\\/\"},{\"@type\":\"ListItem\",\"position\":2,\"name\":\"Ressourcen\",\"item\":\"https:\\\/\\\/www.secretjardin.com\\\/de\\\/ressourcen\\\/\"},{\"@type\":\"ListItem\",\"position\":3,\"name\":\"Detail zur Beleuchtung\"}]},{\"@type\":\"WebSite\",\"@id\":\"https:\\\/\\\/www.secretjardin.com\\\/de\\\/#website\",\"url\":\"https:\\\/\\\/www.secretjardin.com\\\/de\\\/\",\"name\":\"Secret Jardin\",\"description\":\"\",\"publisher\":{\"@id\":\"https:\\\/\\\/www.secretjardin.com\\\/de\\\/#organization\"},\"potentialAction\":[{\"@type\":\"SearchAction\",\"target\":{\"@type\":\"EntryPoint\",\"urlTemplate\":\"https:\\\/\\\/www.secretjardin.com\\\/de\\\/?s={search_term_string}\"},\"query-input\":{\"@type\":\"PropertyValueSpecification\",\"valueRequired\":true,\"valueName\":\"search_term_string\"}}],\"inLanguage\":\"de\"},{\"@type\":\"Organization\",\"@id\":\"https:\\\/\\\/www.secretjardin.com\\\/de\\\/#organization\",\"name\":\"Secret Jardin\",\"url\":\"https:\\\/\\\/www.secretjardin.com\\\/de\\\/\",\"logo\":{\"@type\":\"ImageObject\",\"inLanguage\":\"de\",\"@id\":\"https:\\\/\\\/www.secretjardin.com\\\/de\\\/#\\\/schema\\\/logo\\\/image\\\/\",\"url\":\"https:\\\/\\\/www.secretjardin.com\\\/wp-content\\\/uploads\\\/2019\\\/05\\\/header_logo.png\",\"contentUrl\":\"https:\\\/\\\/www.secretjardin.com\\\/wp-content\\\/uploads\\\/2019\\\/05\\\/header_logo.png\",\"width\":481,\"height\":198,\"caption\":\"Secret Jardin\"},\"image\":{\"@id\":\"https:\\\/\\\/www.secretjardin.com\\\/de\\\/#\\\/schema\\\/logo\\\/image\\\/\"},\"sameAs\":[\"https:\\\/\\\/www.facebook.com\\\/SecretJardin\\\/\",\"https:\\\/\\\/www.instagram.com\\\/secretjardin_\\\/?hl=fr\",\"https:\\\/\\\/www.linkedin.com\\\/company\\\/secret-jardin\\\/about\\\/\"]}]}<\/script>\n<!-- \/ Yoast SEO plugin. -->","yoast_head_json":{"title":"Detail zur Beleuchtung - Secret Jardin","robots":{"index":"index","follow":"follow","max-snippet":"max-snippet:-1","max-image-preview":"max-image-preview:large","max-video-preview":"max-video-preview:-1"},"canonical":"https:\/\/www.secretjardin.com\/de\/ressourcen\/detail-zur-beleuchtung\/","og_locale":"de_DE","og_type":"article","og_title":"Detail zur Beleuchtung - Secret Jardin","og_description":"[vc_row][vc_column][vc_column_text]Die Einstufung eines Lichts erfolgt aufgrund der Bewertung seiner EIGENSCHAFT (SPEKTRUM) und seiner INTENSIT\u00c4T (P.A.R.).[\/vc_column_text][\/vc_column][\/vc_row][vc_row][vc_column][\/vc_column][\/vc_row][vc_row][vc_column][vc_column_text]Licht besteht aus Photonen, die wie Wellen reagieren, wenn sie sich bewegen. Man ordnet ihnen daher Wellenl\u00e4ngen zu. Photonen, die sich auf Pflanzen auswirken, liegen zwischen&hellip;","og_url":"https:\/\/www.secretjardin.com\/de\/ressourcen\/detail-zur-beleuchtung\/","og_site_name":"Secret Jardin","article_publisher":"https:\/\/www.facebook.com\/SecretJardin\/","article_modified_time":"2021-04-27T15:30:59+00:00","twitter_card":"summary_large_image","twitter_misc":{"Gesch\u00e4tzte Lesezeit":"4\u00a0Minuten"},"schema":{"@context":"https:\/\/schema.org","@graph":[{"@type":"WebPage","@id":"https:\/\/www.secretjardin.com\/de\/ressourcen\/detail-zur-beleuchtung\/","url":"https:\/\/www.secretjardin.com\/de\/ressourcen\/detail-zur-beleuchtung\/","name":"Detail zur Beleuchtung - Secret Jardin","isPartOf":{"@id":"https:\/\/www.secretjardin.com\/de\/#website"},"datePublished":"2021-04-20T10:05:37+00:00","dateModified":"2021-04-27T15:30:59+00:00","breadcrumb":{"@id":"https:\/\/www.secretjardin.com\/de\/ressourcen\/detail-zur-beleuchtung\/#breadcrumb"},"inLanguage":"de","potentialAction":[{"@type":"ReadAction","target":["https:\/\/www.secretjardin.com\/de\/ressourcen\/detail-zur-beleuchtung\/"]}]},{"@type":"BreadcrumbList","@id":"https:\/\/www.secretjardin.com\/de\/ressourcen\/detail-zur-beleuchtung\/#breadcrumb","itemListElement":[{"@type":"ListItem","position":1,"name":"Home","item":"https:\/\/www.secretjardin.com\/de\/"},{"@type":"ListItem","position":2,"name":"Ressourcen","item":"https:\/\/www.secretjardin.com\/de\/ressourcen\/"},{"@type":"ListItem","position":3,"name":"Detail zur Beleuchtung"}]},{"@type":"WebSite","@id":"https:\/\/www.secretjardin.com\/de\/#website","url":"https:\/\/www.secretjardin.com\/de\/","name":"Secret Jardin","description":"","publisher":{"@id":"https:\/\/www.secretjardin.com\/de\/#organization"},"potentialAction":[{"@type":"SearchAction","target":{"@type":"EntryPoint","urlTemplate":"https:\/\/www.secretjardin.com\/de\/?s={search_term_string}"},"query-input":{"@type":"PropertyValueSpecification","valueRequired":true,"valueName":"search_term_string"}}],"inLanguage":"de"},{"@type":"Organization","@id":"https:\/\/www.secretjardin.com\/de\/#organization","name":"Secret Jardin","url":"https:\/\/www.secretjardin.com\/de\/","logo":{"@type":"ImageObject","inLanguage":"de","@id":"https:\/\/www.secretjardin.com\/de\/#\/schema\/logo\/image\/","url":"https:\/\/www.secretjardin.com\/wp-content\/uploads\/2019\/05\/header_logo.png","contentUrl":"https:\/\/www.secretjardin.com\/wp-content\/uploads\/2019\/05\/header_logo.png","width":481,"height":198,"caption":"Secret Jardin"},"image":{"@id":"https:\/\/www.secretjardin.com\/de\/#\/schema\/logo\/image\/"},"sameAs":["https:\/\/www.facebook.com\/SecretJardin\/","https:\/\/www.instagram.com\/secretjardin_\/?hl=fr","https:\/\/www.linkedin.com\/company\/secret-jardin\/about\/"]}]}},"_links":{"self":[{"href":"https:\/\/www.secretjardin.com\/de\/wp-json\/wp\/v2\/pages\/14946","targetHints":{"allow":["GET"]}}],"collection":[{"href":"https:\/\/www.secretjardin.com\/de\/wp-json\/wp\/v2\/pages"}],"about":[{"href":"https:\/\/www.secretjardin.com\/de\/wp-json\/wp\/v2\/types\/page"}],"author":[{"embeddable":true,"href":"https:\/\/www.secretjardin.com\/de\/wp-json\/wp\/v2\/users\/6"}],"replies":[{"embeddable":true,"href":"https:\/\/www.secretjardin.com\/de\/wp-json\/wp\/v2\/comments?post=14946"}],"version-history":[{"count":0,"href":"https:\/\/www.secretjardin.com\/de\/wp-json\/wp\/v2\/pages\/14946\/revisions"}],"up":[{"embeddable":true,"href":"https:\/\/www.secretjardin.com\/de\/wp-json\/wp\/v2\/pages\/7464"}],"wp:attachment":[{"href":"https:\/\/www.secretjardin.com\/de\/wp-json\/wp\/v2\/media?parent=14946"}],"curies":[{"name":"wp","href":"https:\/\/api.w.org\/{rel}","templated":true}]}}