{"id":52865,"date":"2024-01-09T15:36:11","date_gmt":"2024-01-09T15:36:11","guid":{"rendered":"https:\/\/www.secretjardin.com\/accessories\/"},"modified":"2024-03-12T15:04:12","modified_gmt":"2024-03-12T15:04:12","slug":"accessories","status":"publish","type":"page","link":"https:\/\/www.secretjardin.com\/cs\/accessories\/","title":{"rendered":"P\u0159\u00edslu\u0161enstv\u00ed"},"content":{"rendered":"[vc_row][vc_column width=&#8220;1\/4&#8243;][vc_single_image image=&#8220;23513&#8243;]<div class=\"textcenter theme-button-expanded-wrap theme-button-wrap wpex-clr\"><a href=\"https:\/\/www.secretjardin.com\/cs\/dryers\/\" class=\"vcex-button theme-button medium align-center expanded expanded\"><span class=\"theme-button-inner\">SU\u0160I\u010cKY<\/span><\/a><\/div> [\/vc_column][vc_column width=&#8220;1\/4&#8243;][vc_single_image image=&#8220;23635&#8243;]<div class=\"textcenter theme-button-expanded-wrap theme-button-wrap wpex-clr\"><a href=\"https:\/\/www.secretjardin.com\/cs\/web-plant-supports\/\" class=\"vcex-button theme-button medium align-center expanded expanded\"><span class=\"theme-button-inner\">SPACE BOOSTER &#038; PAVU\u010cINOV\u00c9 PODP\u011aRY PRO ROSTLINY<\/span><\/a><\/div> [\/vc_column][vc_column width=&#8220;1\/4&#8243;][vc_single_image image=&#8220;55223&#8243;]<div class=\"textcenter theme-button-expanded-wrap theme-button-wrap wpex-clr\"><a href=\"https:\/\/www.secretjardin.com\/cs\/heating-mat\/\" class=\"vcex-button theme-button medium align-center expanded expanded\"><span class=\"theme-button-inner\">TOPN\u00c1 PODLO\u017dKA<\/span><\/a><\/div> [\/vc_column][vc_column width=&#8220;1\/4&#8243;][vc_single_image image=&#8220;24229&#8243;]<div class=\"textcenter theme-button-expanded-wrap theme-button-wrap wpex-clr\"><a href=\"https:\/\/www.secretjardin.com\/cs\/setup-accessories\/\" class=\"vcex-button theme-button medium align-center expanded expanded\"><span class=\"theme-button-inner\">INSTALA\u010cN\u00cd P\u0158\u00cdSLU\u0160ENSTV\u00cd<\/span><\/a><\/div> [\/vc_column][\/vc_row][vc_row][vc_column][vc_column_text]\n<p><a href=\"https:\/\/www.secretjardin.com\/cs\/\">&lt; Zp\u011bt na \u00favodn\u00ed str\u00e1nku<\/a>[\/vc_column_text][\/vc_column][\/vc_row]\n","protected":false},"excerpt":{"rendered":"<p>[vc_row][vc_column width=&#8220;1\/4&#8243;][vc_single_image image=&#8220;23513&#8243;][\/vc_column][vc_column width=&#8220;1\/4&#8243;][vc_single_image image=&#8220;23635&#8243;][\/vc_column][vc_column width=&#8220;1\/4&#8243;][vc_single_image image=&#8220;55223&#8243;][\/vc_column][vc_column width=&#8220;1\/4&#8243;][vc_single_image image=&#8220;24229&#8243;][\/vc_column][\/vc_row][vc_row][vc_column][vc_column_text] &lt; Zp\u011bt na \u00favodn\u00ed str\u00e1nku[\/vc_column_text][\/vc_column][\/vc_row]<\/p>\n","protected":false},"author":6,"featured_media":0,"parent":0,"menu_order":0,"comment_status":"closed","ping_status":"closed","template":"","meta":{"_acf_changed":false,"footnotes":""},"class_list":["post-52865","page","type-page","status-publish","hentry","entry","no-media"],"acf":[],"yoast_head":"<!-- This site is optimized with the Yoast SEO plugin v27.5 - https:\/\/yoast.com\/product\/yoast-seo-wordpress\/ -->\n<title>P\u0159\u00edslu\u0161enstv\u00ed - Secret Jardin<\/title>\n<meta name=\"robots\" content=\"index, follow, max-snippet:-1, max-image-preview:large, max-video-preview:-1\" \/>\n<link rel=\"canonical\" href=\"https:\/\/www.secretjardin.com\/cs\/accessories\/\" \/>\n<meta property=\"og:locale\" content=\"cs_CZ\" \/>\n<meta property=\"og:type\" content=\"article\" \/>\n<meta property=\"og:title\" content=\"P\u0159\u00edslu\u0161enstv\u00ed - Secret Jardin\" \/>\n<meta property=\"og:description\" content=\"[vc_row][vc_column width=&#8220;1\/4&#8243;][vc_single_image image=&#8220;23513&#8243;][\/vc_column][vc_column width=&#8220;1\/4&#8243;][vc_single_image image=&#8220;23635&#8243;][\/vc_column][vc_column width=&#8220;1\/4&#8243;][vc_single_image image=&#8220;55223&#8243;][\/vc_column][vc_column width=&#8220;1\/4&#8243;][vc_single_image image=&#8220;24229&#8243;][\/vc_column][\/vc_row][vc_row][vc_column][vc_column_text] &lt; Zp\u011bt na \u00favodn\u00ed str\u00e1nku[\/vc_column_text][\/vc_column][\/vc_row]\" \/>\n<meta property=\"og:url\" content=\"https:\/\/www.secretjardin.com\/cs\/accessories\/\" \/>\n<meta property=\"og:site_name\" content=\"Secret Jardin\" \/>\n<meta property=\"article:publisher\" content=\"https:\/\/www.facebook.com\/SecretJardin\/\" \/>\n<meta property=\"article:modified_time\" content=\"2024-03-12T15:04:12+00:00\" \/>\n<meta name=\"twitter:card\" content=\"summary_large_image\" \/>\n<meta name=\"twitter:label1\" content=\"Odhadovan\u00e1 doba \u010dten\u00ed\" \/>\n\t<meta name=\"twitter:data1\" content=\"1 minuta\" \/>\n<script type=\"application\/ld+json\" class=\"yoast-schema-graph\">{\"@context\":\"https:\\\/\\\/schema.org\",\"@graph\":[{\"@type\":\"WebPage\",\"@id\":\"https:\\\/\\\/www.secretjardin.com\\\/cs\\\/accessories\\\/\",\"url\":\"https:\\\/\\\/www.secretjardin.com\\\/cs\\\/accessories\\\/\",\"name\":\"P\u0159\u00edslu\u0161enstv\u00ed - Secret Jardin\",\"isPartOf\":{\"@id\":\"https:\\\/\\\/www.secretjardin.com\\\/cs\\\/#website\"},\"datePublished\":\"2024-01-09T15:36:11+00:00\",\"dateModified\":\"2024-03-12T15:04:12+00:00\",\"breadcrumb\":{\"@id\":\"https:\\\/\\\/www.secretjardin.com\\\/cs\\\/accessories\\\/#breadcrumb\"},\"inLanguage\":\"cs\",\"potentialAction\":[{\"@type\":\"ReadAction\",\"target\":[\"https:\\\/\\\/www.secretjardin.com\\\/cs\\\/accessories\\\/\"]}]},{\"@type\":\"BreadcrumbList\",\"@id\":\"https:\\\/\\\/www.secretjardin.com\\\/cs\\\/accessories\\\/#breadcrumb\",\"itemListElement\":[{\"@type\":\"ListItem\",\"position\":1,\"name\":\"Home\",\"item\":\"https:\\\/\\\/www.secretjardin.com\\\/cs\\\/\"},{\"@type\":\"ListItem\",\"position\":2,\"name\":\"P\u0159\u00edslu\u0161enstv\u00ed\"}]},{\"@type\":\"WebSite\",\"@id\":\"https:\\\/\\\/www.secretjardin.com\\\/cs\\\/#website\",\"url\":\"https:\\\/\\\/www.secretjardin.com\\\/cs\\\/\",\"name\":\"Secret Jardin\",\"description\":\"\",\"publisher\":{\"@id\":\"https:\\\/\\\/www.secretjardin.com\\\/cs\\\/#organization\"},\"potentialAction\":[{\"@type\":\"SearchAction\",\"target\":{\"@type\":\"EntryPoint\",\"urlTemplate\":\"https:\\\/\\\/www.secretjardin.com\\\/cs\\\/?s={search_term_string}\"},\"query-input\":{\"@type\":\"PropertyValueSpecification\",\"valueRequired\":true,\"valueName\":\"search_term_string\"}}],\"inLanguage\":\"cs\"},{\"@type\":\"Organization\",\"@id\":\"https:\\\/\\\/www.secretjardin.com\\\/cs\\\/#organization\",\"name\":\"Secret Jardin\",\"url\":\"https:\\\/\\\/www.secretjardin.com\\\/cs\\\/\",\"logo\":{\"@type\":\"ImageObject\",\"inLanguage\":\"cs\",\"@id\":\"https:\\\/\\\/www.secretjardin.com\\\/cs\\\/#\\\/schema\\\/logo\\\/image\\\/\",\"url\":\"https:\\\/\\\/www.secretjardin.com\\\/wp-content\\\/uploads\\\/2019\\\/05\\\/header_logo.png\",\"contentUrl\":\"https:\\\/\\\/www.secretjardin.com\\\/wp-content\\\/uploads\\\/2019\\\/05\\\/header_logo.png\",\"width\":481,\"height\":198,\"caption\":\"Secret Jardin\"},\"image\":{\"@id\":\"https:\\\/\\\/www.secretjardin.com\\\/cs\\\/#\\\/schema\\\/logo\\\/image\\\/\"},\"sameAs\":[\"https:\\\/\\\/www.facebook.com\\\/SecretJardin\\\/\",\"https:\\\/\\\/www.instagram.com\\\/secretjardin_\\\/?hl=fr\",\"https:\\\/\\\/www.linkedin.com\\\/company\\\/secret-jardin\\\/about\\\/\"]}]}<\/script>\n<!-- \/ Yoast SEO plugin. -->","yoast_head_json":{"title":"P\u0159\u00edslu\u0161enstv\u00ed - Secret Jardin","robots":{"index":"index","follow":"follow","max-snippet":"max-snippet:-1","max-image-preview":"max-image-preview:large","max-video-preview":"max-video-preview:-1"},"canonical":"https:\/\/www.secretjardin.com\/cs\/accessories\/","og_locale":"cs_CZ","og_type":"article","og_title":"P\u0159\u00edslu\u0161enstv\u00ed - Secret Jardin","og_description":"[vc_row][vc_column width=&#8220;1\/4&#8243;][vc_single_image image=&#8220;23513&#8243;][\/vc_column][vc_column width=&#8220;1\/4&#8243;][vc_single_image image=&#8220;23635&#8243;][\/vc_column][vc_column width=&#8220;1\/4&#8243;][vc_single_image image=&#8220;55223&#8243;][\/vc_column][vc_column width=&#8220;1\/4&#8243;][vc_single_image image=&#8220;24229&#8243;][\/vc_column][\/vc_row][vc_row][vc_column][vc_column_text] &lt; Zp\u011bt na \u00favodn\u00ed str\u00e1nku[\/vc_column_text][\/vc_column][\/vc_row]","og_url":"https:\/\/www.secretjardin.com\/cs\/accessories\/","og_site_name":"Secret Jardin","article_publisher":"https:\/\/www.facebook.com\/SecretJardin\/","article_modified_time":"2024-03-12T15:04:12+00:00","twitter_card":"summary_large_image","twitter_misc":{"Odhadovan\u00e1 doba \u010dten\u00ed":"1 minuta"},"schema":{"@context":"https:\/\/schema.org","@graph":[{"@type":"WebPage","@id":"https:\/\/www.secretjardin.com\/cs\/accessories\/","url":"https:\/\/www.secretjardin.com\/cs\/accessories\/","name":"P\u0159\u00edslu\u0161enstv\u00ed - Secret Jardin","isPartOf":{"@id":"https:\/\/www.secretjardin.com\/cs\/#website"},"datePublished":"2024-01-09T15:36:11+00:00","dateModified":"2024-03-12T15:04:12+00:00","breadcrumb":{"@id":"https:\/\/www.secretjardin.com\/cs\/accessories\/#breadcrumb"},"inLanguage":"cs","potentialAction":[{"@type":"ReadAction","target":["https:\/\/www.secretjardin.com\/cs\/accessories\/"]}]},{"@type":"BreadcrumbList","@id":"https:\/\/www.secretjardin.com\/cs\/accessories\/#breadcrumb","itemListElement":[{"@type":"ListItem","position":1,"name":"Home","item":"https:\/\/www.secretjardin.com\/cs\/"},{"@type":"ListItem","position":2,"name":"P\u0159\u00edslu\u0161enstv\u00ed"}]},{"@type":"WebSite","@id":"https:\/\/www.secretjardin.com\/cs\/#website","url":"https:\/\/www.secretjardin.com\/cs\/","name":"Secret Jardin","description":"","publisher":{"@id":"https:\/\/www.secretjardin.com\/cs\/#organization"},"potentialAction":[{"@type":"SearchAction","target":{"@type":"EntryPoint","urlTemplate":"https:\/\/www.secretjardin.com\/cs\/?s={search_term_string}"},"query-input":{"@type":"PropertyValueSpecification","valueRequired":true,"valueName":"search_term_string"}}],"inLanguage":"cs"},{"@type":"Organization","@id":"https:\/\/www.secretjardin.com\/cs\/#organization","name":"Secret Jardin","url":"https:\/\/www.secretjardin.com\/cs\/","logo":{"@type":"ImageObject","inLanguage":"cs","@id":"https:\/\/www.secretjardin.com\/cs\/#\/schema\/logo\/image\/","url":"https:\/\/www.secretjardin.com\/wp-content\/uploads\/2019\/05\/header_logo.png","contentUrl":"https:\/\/www.secretjardin.com\/wp-content\/uploads\/2019\/05\/header_logo.png","width":481,"height":198,"caption":"Secret Jardin"},"image":{"@id":"https:\/\/www.secretjardin.com\/cs\/#\/schema\/logo\/image\/"},"sameAs":["https:\/\/www.facebook.com\/SecretJardin\/","https:\/\/www.instagram.com\/secretjardin_\/?hl=fr","https:\/\/www.linkedin.com\/company\/secret-jardin\/about\/"]}]}},"_links":{"self":[{"href":"https:\/\/www.secretjardin.com\/cs\/wp-json\/wp\/v2\/pages\/52865","targetHints":{"allow":["GET"]}}],"collection":[{"href":"https:\/\/www.secretjardin.com\/cs\/wp-json\/wp\/v2\/pages"}],"about":[{"href":"https:\/\/www.secretjardin.com\/cs\/wp-json\/wp\/v2\/types\/page"}],"author":[{"embeddable":true,"href":"https:\/\/www.secretjardin.com\/cs\/wp-json\/wp\/v2\/users\/6"}],"replies":[{"embeddable":true,"href":"https:\/\/www.secretjardin.com\/cs\/wp-json\/wp\/v2\/comments?post=52865"}],"version-history":[{"count":0,"href":"https:\/\/www.secretjardin.com\/cs\/wp-json\/wp\/v2\/pages\/52865\/revisions"}],"wp:attachment":[{"href":"https:\/\/www.secretjardin.com\/cs\/wp-json\/wp\/v2\/media?parent=52865"}],"curies":[{"name":"wp","href":"https:\/\/api.w.org\/{rel}","templated":true}]}}