{"id":31429,"date":"2022-05-25T12:33:00","date_gmt":"2022-05-25T12:33:00","guid":{"rendered":"https:\/\/www.secretjardin.com\/web-plant-supports\/"},"modified":"2023-12-01T13:38:01","modified_gmt":"2023-12-01T13:38:01","slug":"web-plant-supports","status":"publish","type":"page","link":"https:\/\/www.secretjardin.com\/cs\/web-plant-supports\/","title":{"rendered":"SPACE BOOSTER &#038; PAVU\u010cINOV\u00c9 PODP\u011aRY PRO ROSTLINY"},"content":{"rendered":"","protected":false},"excerpt":{"rendered":"","protected":false},"author":6,"featured_media":0,"parent":0,"menu_order":0,"comment_status":"closed","ping_status":"closed","template":"template-category.php","meta":{"_acf_changed":false,"footnotes":""},"class_list":["post-31429","page","type-page","status-publish","hentry","entry","no-media"],"acf":[],"yoast_head":"<!-- This site is optimized with the Yoast SEO plugin v26.7 - https:\/\/yoast.com\/wordpress\/plugins\/seo\/ -->\n<title>SPACE BOOSTER &amp; PAVU\u010cINOV\u00c9 PODP\u011aRY PRO ROSTLINY - Secret Jardin<\/title>\n<meta name=\"description\" content=\"Zvy\u0161te sv\u016fj r\u016fstov\u00fd prostor a\u017e o 25 % s na\u0161\u00edm syst\u00e9mem Space Boster. Udr\u017euje materi\u00e1l p\u011bstebn\u00edho stanu mimo va\u0161e rostliny b\u011bhem extrakce s vysok\u00fdm v\u00fdkonem. Zpevn\u00ed v\u00e1\u0161 stan a zabr\u00e1n\u00ed tomu, aby se zhroutil. M\u016f\u017ee b\u00fdt tak\u00e9 pou\u017eit k udr\u017een\u00ed WebIT na m\u00edst\u011b.\" \/>\n<meta name=\"robots\" content=\"index, follow, max-snippet:-1, max-image-preview:large, max-video-preview:-1\" \/>\n<link rel=\"canonical\" href=\"https:\/\/www.secretjardin.com\/cs\/web-plant-supports\/\" \/>\n<meta property=\"og:locale\" content=\"cs_CZ\" \/>\n<meta property=\"og:type\" content=\"article\" \/>\n<meta property=\"og:title\" content=\"SPACE BOOSTER &amp; PAVU\u010cINOV\u00c9 PODP\u011aRY PRO ROSTLINY - Secret Jardin\" \/>\n<meta property=\"og:description\" content=\"Zvy\u0161te sv\u016fj r\u016fstov\u00fd prostor a\u017e o 25 % s na\u0161\u00edm syst\u00e9mem Space Boster. Udr\u017euje materi\u00e1l p\u011bstebn\u00edho stanu mimo va\u0161e rostliny b\u011bhem extrakce s vysok\u00fdm v\u00fdkonem. Zpevn\u00ed v\u00e1\u0161 stan a zabr\u00e1n\u00ed tomu, aby se zhroutil. M\u016f\u017ee b\u00fdt tak\u00e9 pou\u017eit k udr\u017een\u00ed WebIT na m\u00edst\u011b.\" \/>\n<meta property=\"og:url\" content=\"https:\/\/www.secretjardin.com\/cs\/web-plant-supports\/\" \/>\n<meta property=\"og:site_name\" content=\"Secret Jardin\" \/>\n<meta property=\"article:publisher\" content=\"https:\/\/www.facebook.com\/SecretJardin\/\" \/>\n<meta property=\"article:modified_time\" content=\"2023-12-01T13:38:01+00:00\" \/>\n<meta name=\"twitter:card\" content=\"summary_large_image\" \/>\n<script type=\"application\/ld+json\" class=\"yoast-schema-graph\">{\"@context\":\"https:\/\/schema.org\",\"@graph\":[{\"@type\":\"WebPage\",\"@id\":\"https:\/\/www.secretjardin.com\/cs\/web-plant-supports\/\",\"url\":\"https:\/\/www.secretjardin.com\/cs\/web-plant-supports\/\",\"name\":\"SPACE BOOSTER & PAVU\u010cINOV\u00c9 PODP\u011aRY PRO ROSTLINY - Secret Jardin\",\"isPartOf\":{\"@id\":\"https:\/\/www.secretjardin.com\/cs\/#website\"},\"datePublished\":\"2022-05-25T12:33:00+00:00\",\"dateModified\":\"2023-12-01T13:38:01+00:00\",\"description\":\"Zvy\u0161te sv\u016fj r\u016fstov\u00fd prostor a\u017e o 25 % s na\u0161\u00edm syst\u00e9mem Space Boster. Udr\u017euje materi\u00e1l p\u011bstebn\u00edho stanu mimo va\u0161e rostliny b\u011bhem extrakce s vysok\u00fdm v\u00fdkonem. Zpevn\u00ed v\u00e1\u0161 stan a zabr\u00e1n\u00ed tomu, aby se zhroutil. M\u016f\u017ee b\u00fdt tak\u00e9 pou\u017eit k udr\u017een\u00ed WebIT na m\u00edst\u011b.\",\"breadcrumb\":{\"@id\":\"https:\/\/www.secretjardin.com\/cs\/web-plant-supports\/#breadcrumb\"},\"inLanguage\":\"cs\",\"potentialAction\":[{\"@type\":\"ReadAction\",\"target\":[\"https:\/\/www.secretjardin.com\/cs\/web-plant-supports\/\"]}]},{\"@type\":\"BreadcrumbList\",\"@id\":\"https:\/\/www.secretjardin.com\/cs\/web-plant-supports\/#breadcrumb\",\"itemListElement\":[{\"@type\":\"ListItem\",\"position\":1,\"name\":\"Home\",\"item\":\"https:\/\/www.secretjardin.com\/cs\/\"},{\"@type\":\"ListItem\",\"position\":2,\"name\":\"SPACE BOOSTER &#038; PAVU\u010cINOV\u00c9 PODP\u011aRY PRO ROSTLINY\"}]},{\"@type\":\"WebSite\",\"@id\":\"https:\/\/www.secretjardin.com\/cs\/#website\",\"url\":\"https:\/\/www.secretjardin.com\/cs\/\",\"name\":\"Secret Jardin\",\"description\":\"\",\"publisher\":{\"@id\":\"https:\/\/www.secretjardin.com\/cs\/#organization\"},\"potentialAction\":[{\"@type\":\"SearchAction\",\"target\":{\"@type\":\"EntryPoint\",\"urlTemplate\":\"https:\/\/www.secretjardin.com\/cs\/?s={search_term_string}\"},\"query-input\":{\"@type\":\"PropertyValueSpecification\",\"valueRequired\":true,\"valueName\":\"search_term_string\"}}],\"inLanguage\":\"cs\"},{\"@type\":\"Organization\",\"@id\":\"https:\/\/www.secretjardin.com\/cs\/#organization\",\"name\":\"Secret Jardin\",\"url\":\"https:\/\/www.secretjardin.com\/cs\/\",\"logo\":{\"@type\":\"ImageObject\",\"inLanguage\":\"cs\",\"@id\":\"https:\/\/www.secretjardin.com\/cs\/#\/schema\/logo\/image\/\",\"url\":\"https:\/\/www.secretjardin.com\/wp-content\/uploads\/2019\/05\/header_logo.png\",\"contentUrl\":\"https:\/\/www.secretjardin.com\/wp-content\/uploads\/2019\/05\/header_logo.png\",\"width\":481,\"height\":198,\"caption\":\"Secret Jardin\"},\"image\":{\"@id\":\"https:\/\/www.secretjardin.com\/cs\/#\/schema\/logo\/image\/\"},\"sameAs\":[\"https:\/\/www.facebook.com\/SecretJardin\/\",\"https:\/\/www.instagram.com\/secretjardin_\/?hl=fr\",\"https:\/\/www.linkedin.com\/company\/secret-jardin\/about\/\"]}]}<\/script>\n<!-- \/ Yoast SEO plugin. -->","yoast_head_json":{"title":"SPACE BOOSTER & PAVU\u010cINOV\u00c9 PODP\u011aRY PRO ROSTLINY - Secret Jardin","description":"Zvy\u0161te sv\u016fj r\u016fstov\u00fd prostor a\u017e o 25 % s na\u0161\u00edm syst\u00e9mem Space Boster. Udr\u017euje materi\u00e1l p\u011bstebn\u00edho stanu mimo va\u0161e rostliny b\u011bhem extrakce s vysok\u00fdm v\u00fdkonem. Zpevn\u00ed v\u00e1\u0161 stan a zabr\u00e1n\u00ed tomu, aby se zhroutil. M\u016f\u017ee b\u00fdt tak\u00e9 pou\u017eit k udr\u017een\u00ed WebIT na m\u00edst\u011b.","robots":{"index":"index","follow":"follow","max-snippet":"max-snippet:-1","max-image-preview":"max-image-preview:large","max-video-preview":"max-video-preview:-1"},"canonical":"https:\/\/www.secretjardin.com\/cs\/web-plant-supports\/","og_locale":"cs_CZ","og_type":"article","og_title":"SPACE BOOSTER & PAVU\u010cINOV\u00c9 PODP\u011aRY PRO ROSTLINY - Secret Jardin","og_description":"Zvy\u0161te sv\u016fj r\u016fstov\u00fd prostor a\u017e o 25 % s na\u0161\u00edm syst\u00e9mem Space Boster. Udr\u017euje materi\u00e1l p\u011bstebn\u00edho stanu mimo va\u0161e rostliny b\u011bhem extrakce s vysok\u00fdm v\u00fdkonem. Zpevn\u00ed v\u00e1\u0161 stan a zabr\u00e1n\u00ed tomu, aby se zhroutil. M\u016f\u017ee b\u00fdt tak\u00e9 pou\u017eit k udr\u017een\u00ed WebIT na m\u00edst\u011b.","og_url":"https:\/\/www.secretjardin.com\/cs\/web-plant-supports\/","og_site_name":"Secret Jardin","article_publisher":"https:\/\/www.facebook.com\/SecretJardin\/","article_modified_time":"2023-12-01T13:38:01+00:00","twitter_card":"summary_large_image","schema":{"@context":"https:\/\/schema.org","@graph":[{"@type":"WebPage","@id":"https:\/\/www.secretjardin.com\/cs\/web-plant-supports\/","url":"https:\/\/www.secretjardin.com\/cs\/web-plant-supports\/","name":"SPACE BOOSTER & PAVU\u010cINOV\u00c9 PODP\u011aRY PRO ROSTLINY - Secret Jardin","isPartOf":{"@id":"https:\/\/www.secretjardin.com\/cs\/#website"},"datePublished":"2022-05-25T12:33:00+00:00","dateModified":"2023-12-01T13:38:01+00:00","description":"Zvy\u0161te sv\u016fj r\u016fstov\u00fd prostor a\u017e o 25 % s na\u0161\u00edm syst\u00e9mem Space Boster. Udr\u017euje materi\u00e1l p\u011bstebn\u00edho stanu mimo va\u0161e rostliny b\u011bhem extrakce s vysok\u00fdm v\u00fdkonem. Zpevn\u00ed v\u00e1\u0161 stan a zabr\u00e1n\u00ed tomu, aby se zhroutil. M\u016f\u017ee b\u00fdt tak\u00e9 pou\u017eit k udr\u017een\u00ed WebIT na m\u00edst\u011b.","breadcrumb":{"@id":"https:\/\/www.secretjardin.com\/cs\/web-plant-supports\/#breadcrumb"},"inLanguage":"cs","potentialAction":[{"@type":"ReadAction","target":["https:\/\/www.secretjardin.com\/cs\/web-plant-supports\/"]}]},{"@type":"BreadcrumbList","@id":"https:\/\/www.secretjardin.com\/cs\/web-plant-supports\/#breadcrumb","itemListElement":[{"@type":"ListItem","position":1,"name":"Home","item":"https:\/\/www.secretjardin.com\/cs\/"},{"@type":"ListItem","position":2,"name":"SPACE BOOSTER &#038; PAVU\u010cINOV\u00c9 PODP\u011aRY PRO ROSTLINY"}]},{"@type":"WebSite","@id":"https:\/\/www.secretjardin.com\/cs\/#website","url":"https:\/\/www.secretjardin.com\/cs\/","name":"Secret Jardin","description":"","publisher":{"@id":"https:\/\/www.secretjardin.com\/cs\/#organization"},"potentialAction":[{"@type":"SearchAction","target":{"@type":"EntryPoint","urlTemplate":"https:\/\/www.secretjardin.com\/cs\/?s={search_term_string}"},"query-input":{"@type":"PropertyValueSpecification","valueRequired":true,"valueName":"search_term_string"}}],"inLanguage":"cs"},{"@type":"Organization","@id":"https:\/\/www.secretjardin.com\/cs\/#organization","name":"Secret Jardin","url":"https:\/\/www.secretjardin.com\/cs\/","logo":{"@type":"ImageObject","inLanguage":"cs","@id":"https:\/\/www.secretjardin.com\/cs\/#\/schema\/logo\/image\/","url":"https:\/\/www.secretjardin.com\/wp-content\/uploads\/2019\/05\/header_logo.png","contentUrl":"https:\/\/www.secretjardin.com\/wp-content\/uploads\/2019\/05\/header_logo.png","width":481,"height":198,"caption":"Secret Jardin"},"image":{"@id":"https:\/\/www.secretjardin.com\/cs\/#\/schema\/logo\/image\/"},"sameAs":["https:\/\/www.facebook.com\/SecretJardin\/","https:\/\/www.instagram.com\/secretjardin_\/?hl=fr","https:\/\/www.linkedin.com\/company\/secret-jardin\/about\/"]}]}},"_links":{"self":[{"href":"https:\/\/www.secretjardin.com\/cs\/wp-json\/wp\/v2\/pages\/31429","targetHints":{"allow":["GET"]}}],"collection":[{"href":"https:\/\/www.secretjardin.com\/cs\/wp-json\/wp\/v2\/pages"}],"about":[{"href":"https:\/\/www.secretjardin.com\/cs\/wp-json\/wp\/v2\/types\/page"}],"author":[{"embeddable":true,"href":"https:\/\/www.secretjardin.com\/cs\/wp-json\/wp\/v2\/users\/6"}],"replies":[{"embeddable":true,"href":"https:\/\/www.secretjardin.com\/cs\/wp-json\/wp\/v2\/comments?post=31429"}],"version-history":[{"count":8,"href":"https:\/\/www.secretjardin.com\/cs\/wp-json\/wp\/v2\/pages\/31429\/revisions"}],"predecessor-version":[{"id":52457,"href":"https:\/\/www.secretjardin.com\/cs\/wp-json\/wp\/v2\/pages\/31429\/revisions\/52457"}],"wp:attachment":[{"href":"https:\/\/www.secretjardin.com\/cs\/wp-json\/wp\/v2\/media?parent=31429"}],"curies":[{"name":"wp","href":"https:\/\/api.w.org\/{rel}","templated":true}]}}