{"id":29947,"date":"2022-04-29T14:28:07","date_gmt":"2022-04-29T14:28:07","guid":{"rendered":"https:\/\/www.secretjardin.com\/grow-tent\/"},"modified":"2024-04-24T07:32:45","modified_gmt":"2024-04-24T07:32:45","slug":"grow-tent","status":"publish","type":"page","link":"https:\/\/www.secretjardin.com\/cs\/grow-tent\/","title":{"rendered":"SECRET JARDIN P\u011aSTEBN\u00cd STAN"},"content":{"rendered":"[vc_row][vc_column][vc_single_image image=&#8220;56912&#8243; onclick=&#8220;custom_link&#8220; img_link_target=&#8220;_blank&#8220; link=&#8220;https:\/\/www.secretjardin.com\/wp-content\/uploads\/2024\/04\/Secret-Jardin-Tents-Large.png&#8220; css=&#8220;.vc_custom_1713881701330{margin-bottom: 20px !important;}&#8220;][vc_column_text]\n<p><a href=\"https:\/\/www.secretjardin.com\/wp-content\/uploads\/2022\/11\/202210-ARGUMENTS.png\"><img decoding=\"async\" class=\"alignleft wp-image-16066\" src=\"https:\/\/www.secretjardin.com\/wp-content\/uploads\/2022\/11\/202210-ARGUMENTS.png\" alt=\"\" width=\"380\" height=\"525\" \/><\/a><\/p>\n<p>Stany Secret Jardin jsou p\u0159edem vybaveny tak, aby v\u00e1m umo\u017enily kompletn\u00ed konfiguraci rychle sestavit bez pou\u017eit\u00ed n\u00e1\u0159ad\u00ed. DUCTING FLANGE vytv\u00e1\u0159\u00ed rozhran\u00ed vstup-v\u00fdstup. STRAPIT, CABLEIT, CABLE FLANGE a HANDLING TUBE pom\u00e1haj\u00ed p\u0159i instalaci osv\u011btlen\u00ed, ventilace, kabel\u016f, zavla\u017eovac\u00edho syst\u00e9mu atd. WATER TRAY, flexibiln\u00ed odn\u00edmateln\u00fd z\u00e1sobn\u00edk na zadr\u017eov\u00e1n\u00ed vody, udr\u017euje v\u00e1\u0161 stan \u010dist\u00fd a z\u00e1rove\u0148 zabra\u0148uje riziku jeho zaplaven\u00ed. A kone\u010dn\u011b, SPACE BOOSTER &amp; WEBIT v\u00e1m u\u0161et\u0159\u00ed a\u017e 25 % p\u011bstebn\u00edho prostoru a z\u00e1rove\u0148 rostlin\u00e1m zajist\u00ed pot\u0159ebnou podporu.<\/p>\n<h3 class=\"vcex-module vcex-heading wpex-text-1x1 wpex-font-normal wpex-m-auto wpex-max-w-50 vcex-heading-plain wpex-block\" style=\"color: #dcaa00; font-weight: 600;\">V\u00ddROBN\u00cd MATERI\u00c1LY<\/h3>\n<p>Secret Jardin up\u0159ednost\u0148uje pou\u017eit\u00ed kvalitn\u00edch materi\u00e1l\u016f: Konstrukce se skl\u00e1d\u00e1 z trubek z oceli Q195-nebo nerezov\u00e9 oceli #201. Nam\u00edsto pou\u017eit\u00ed standardn\u00edho sva\u0159ovan\u00e9ho syst\u00e9mu Secret Jardin vyvinul zes\u00edlen\u00e9 plastov\u00e9 rohy, kter\u00e9 jsou odoln\u011bj\u0161\u00ed v\u016f\u010di opakovan\u00fdm variac\u00edm zat\u00ed\u017een\u00ed stan\u016f. Tkanina se skl\u00e1d\u00e1 z Oxford 210D, 400D nebo 900D, z vrstvy PVC o tlou\u0161\u0165ce 0.20mma Mylaru s vysokou odrazivost\u00ed. D\u00edky tomu se sv\u011btlo p\u0159ijat\u00e9 rostlinami zvy\u0161uje z 50% na 100 % a z\u00e1rove\u0148 doch\u00e1z\u00ed k tepeln\u00e9 izolaci stanu. Tkanina je testov\u00e1na podle normy EN 14372:2004 s c\u00edlem zajistit, \u017ee \u017e\u00e1dn\u00e9 toxick\u00e9 slo\u017eky, jako jsou ftal\u00e1ty, nemohou va\u0161e rostliny zab\u00edt. WATER TRAY je vyroben z v\u00fdstelky pro baz\u00e9ny 400g\/m2, odoln\u00e9 v\u016f\u010di 5 let\u016fm intenzivn\u00edho pou\u017e\u00edv\u00e1n\u00ed. Obal na stan je vyroben z robustn\u00edho 600D polyesteru. A kone\u010dn\u011b, pou\u017eit\u00ed nylonov\u00fdch nit\u00ed #30 210D garantuje odolnost \u0161v\u016f.<\/p>\n<h3 class=\"vcex-module vcex-heading wpex-text-1x1 wpex-font-normal wpex-m-auto wpex-max-w-50 vcex-heading-plain wpex-block\" style=\"color: #dcaa00; font-weight: 600; clear:left; margin-top:20px;\">NOV\u00dd SYST\u00c9M ZIPU S DVOJIT\u00ddM P\u0158EKRYT\u00cdM \u201e100 % TEMN\u00c1 KOMORA\u201c<\/h3>\n<p>Zipy dve\u0159\u00ed a oken jsou na\u0159ez\u00e1ny z odli\u0161n\u00fdch d\u00edl\u016f, aby se na ka\u017ed\u00e9 stran\u011b p\u0159ekr\u00fdvaly 3cm D\u00edky tomuto DVOJIT\u00c9MU P\u0158EKRYT\u00cd stan nepropust\u00ed ani ten nejmen\u0161\u00ed slune\u010dn\u00ed paprsek*.<\/p>\n<p><img decoding=\"async\" class=\"aligncenter wp-image-16108 size-medium\" src=\"https:\/\/www.secretjardin.com\/wp-content\/uploads\/2021\/05\/202105-DOUBLE-FLAP-SYSTEM_Plan-de-travail-1-300x153.png\" alt=\"\" width=\"300\" height=\"153\" srcset=\"https:\/\/www.secretjardin.com\/wp-content\/uploads\/2021\/05\/202105-DOUBLE-FLAP-SYSTEM_Plan-de-travail-1-300x153.png 300w, https:\/\/www.secretjardin.com\/wp-content\/uploads\/2021\/05\/202105-DOUBLE-FLAP-SYSTEM_Plan-de-travail-1-1024x523.png 1024w, https:\/\/www.secretjardin.com\/wp-content\/uploads\/2021\/05\/202105-DOUBLE-FLAP-SYSTEM_Plan-de-travail-1-768x392.png 768w, https:\/\/www.secretjardin.com\/wp-content\/uploads\/2021\/05\/202105-DOUBLE-FLAP-SYSTEM_Plan-de-travail-1-1536x785.png 1536w, https:\/\/www.secretjardin.com\/wp-content\/uploads\/2021\/05\/202105-DOUBLE-FLAP-SYSTEM_Plan-de-travail-1-2048x1046.png 2048w, https:\/\/www.secretjardin.com\/wp-content\/uploads\/2021\/05\/202105-DOUBLE-FLAP-SYSTEM_Plan-de-travail-1-600x307.png 600w\" sizes=\"(max-width: 300px) 100vw, 300px\" \/><\/p>\n<h3 class=\"vcex-module vcex-heading wpex-text-1x1 wpex-font-normal wpex-m-auto wpex-max-w-50 vcex-heading-plain wpex-block\" style=\"color: #dcaa00; font-weight: 600;\">T\u0158I \u0158ADY<\/h3>\n<p>Stany Secret Jardin jsou rozd\u011bleny do t\u0159\u00ed \u0159ad:<br \/>\n\u2022 \u0158ada \u201eHigh-Space\u201c se skl\u00e1d\u00e1 z Dark Street (mal\u00fd), Dark Room (st\u0159edn\u00ed) a Intense (velk\u00fd), tyto stany jsou vhodn\u00e9 zejm\u00e9na pro vysok\u00e9 rostliny dosahuj\u00edc\u00ed 50cm a\u017e 150cm.<br \/>\n\u2022 \u0158ada \u201eLow-Space\u201c obsahuje stany Dark Propagator a je ur\u010dena pro rostliny o velikosti men\u0161\u00ed ne\u017e 80cm \u010casto jsou pou\u017e\u00edvan\u00e9 p\u0159i mno\u017een\u00ed a ve f\u00e1zi r\u016fstu, nicm\u00e9n\u011b p\u0159i pou\u017eit\u00ed odpov\u00eddaj\u00edc\u00edho osv\u011btlen\u00ed je lze pou\u017e\u00edti ve f\u00e1zi kv\u011btu u men\u0161\u00edch rostlin.<\/p>\n<p><em>*Pozor: Vzhledem k tomu, \u017ee jsou stany vzduchot\u011bsn\u00e9, nezapome\u0148te p\u0159i zapnut\u00ed odtahu nechat otev\u0159en\u00fd p\u0159\u00edvod vzduchu a zabr\u00e1nit tak podtlaku.<\/em>[\/vc_column_text][\/vc_column][\/vc_row]\n<p>&lt; Zp\u011bt na \u00favodn\u00ed str\u00e1nku<\/p>\n","protected":false},"excerpt":{"rendered":"<p>[vc_row][vc_column][vc_single_image image=&#8220;56912&#8243; onclick=&#8220;custom_link&#8220; img_link_target=&#8220;_blank&#8220; link=&#8220;https:\/\/www.secretjardin.com\/wp-content\/uploads\/2024\/04\/Secret-Jardin-Tents-Large.png&#8220; css=&#8220;.vc_custom_1713881701330{margin-bottom: 20px !important;}&#8220;][vc_column_text] Stany Secret Jardin jsou p\u0159edem vybaveny tak, aby v\u00e1m umo\u017enily kompletn\u00ed konfiguraci rychle sestavit bez pou\u017eit\u00ed n\u00e1\u0159ad\u00ed. DUCTING FLANGE vytv\u00e1\u0159\u00ed rozhran\u00ed vstup-v\u00fdstup. STRAPIT, CABLEIT, CABLE FLANGE a HANDLING TUBE pom\u00e1haj\u00ed p\u0159i instalaci&hellip;<\/p>\n","protected":false},"author":2,"featured_media":0,"parent":0,"menu_order":0,"comment_status":"closed","ping_status":"closed","template":"templates\/no-sidebar.php","meta":{"_acf_changed":false,"footnotes":""},"class_list":["post-29947","page","type-page","status-publish","hentry","entry","no-media"],"acf":[],"yoast_head":"<!-- This site is optimized with the Yoast SEO plugin v26.7 - https:\/\/yoast.com\/wordpress\/plugins\/seo\/ -->\n<title>SECRET JARDIN P\u011aSTEBN\u00cd STAN - Secret Jardin<\/title>\n<meta name=\"robots\" content=\"index, follow, max-snippet:-1, max-image-preview:large, max-video-preview:-1\" \/>\n<link rel=\"canonical\" href=\"https:\/\/www.secretjardin.com\/cs\/grow-tent\/\" \/>\n<meta property=\"og:locale\" content=\"cs_CZ\" \/>\n<meta property=\"og:type\" content=\"article\" \/>\n<meta property=\"og:title\" content=\"SECRET JARDIN P\u011aSTEBN\u00cd STAN - Secret Jardin\" \/>\n<meta property=\"og:description\" content=\"[vc_row][vc_column][vc_single_image image=&#8220;56912&#8243; onclick=&#8220;custom_link&#8220; img_link_target=&#8220;_blank&#8220; link=&#8220;https:\/\/www.secretjardin.com\/wp-content\/uploads\/2024\/04\/Secret-Jardin-Tents-Large.png&#8220; css=&#8220;.vc_custom_1713881701330{margin-bottom: 20px !important;}&#8220;][vc_column_text] Stany Secret Jardin jsou p\u0159edem vybaveny tak, aby v\u00e1m umo\u017enily kompletn\u00ed konfiguraci rychle sestavit bez pou\u017eit\u00ed n\u00e1\u0159ad\u00ed. DUCTING FLANGE vytv\u00e1\u0159\u00ed rozhran\u00ed vstup-v\u00fdstup. STRAPIT, CABLEIT, CABLE FLANGE a HANDLING TUBE pom\u00e1haj\u00ed p\u0159i instalaci&hellip;\" \/>\n<meta property=\"og:url\" content=\"https:\/\/www.secretjardin.com\/cs\/grow-tent\/\" \/>\n<meta property=\"og:site_name\" content=\"Secret Jardin\" \/>\n<meta property=\"article:publisher\" content=\"https:\/\/www.facebook.com\/SecretJardin\/\" \/>\n<meta property=\"article:modified_time\" content=\"2024-04-24T07:32:45+00:00\" \/>\n<meta property=\"og:image\" content=\"https:\/\/www.secretjardin.com\/wp-content\/uploads\/2022\/11\/202210-ARGUMENTS.png\" \/>\n<meta name=\"twitter:card\" content=\"summary_large_image\" \/>\n<meta name=\"twitter:label1\" content=\"Odhadovan\u00e1 doba \u010dten\u00ed\" \/>\n\t<meta name=\"twitter:data1\" content=\"3 minuty\" \/>\n<script type=\"application\/ld+json\" class=\"yoast-schema-graph\">{\"@context\":\"https:\/\/schema.org\",\"@graph\":[{\"@type\":\"WebPage\",\"@id\":\"https:\/\/www.secretjardin.com\/cs\/grow-tent\/\",\"url\":\"https:\/\/www.secretjardin.com\/cs\/grow-tent\/\",\"name\":\"SECRET JARDIN P\u011aSTEBN\u00cd STAN - Secret Jardin\",\"isPartOf\":{\"@id\":\"https:\/\/www.secretjardin.com\/cs\/#website\"},\"primaryImageOfPage\":{\"@id\":\"https:\/\/www.secretjardin.com\/cs\/grow-tent\/#primaryimage\"},\"image\":{\"@id\":\"https:\/\/www.secretjardin.com\/cs\/grow-tent\/#primaryimage\"},\"thumbnailUrl\":\"https:\/\/www.secretjardin.com\/wp-content\/uploads\/2022\/11\/202210-ARGUMENTS.png\",\"datePublished\":\"2022-04-29T14:28:07+00:00\",\"dateModified\":\"2024-04-24T07:32:45+00:00\",\"breadcrumb\":{\"@id\":\"https:\/\/www.secretjardin.com\/cs\/grow-tent\/#breadcrumb\"},\"inLanguage\":\"cs\",\"potentialAction\":[{\"@type\":\"ReadAction\",\"target\":[\"https:\/\/www.secretjardin.com\/cs\/grow-tent\/\"]}]},{\"@type\":\"ImageObject\",\"inLanguage\":\"cs\",\"@id\":\"https:\/\/www.secretjardin.com\/cs\/grow-tent\/#primaryimage\",\"url\":\"https:\/\/www.secretjardin.com\/wp-content\/uploads\/2022\/11\/202210-ARGUMENTS.png\",\"contentUrl\":\"https:\/\/www.secretjardin.com\/wp-content\/uploads\/2022\/11\/202210-ARGUMENTS.png\"},{\"@type\":\"BreadcrumbList\",\"@id\":\"https:\/\/www.secretjardin.com\/cs\/grow-tent\/#breadcrumb\",\"itemListElement\":[{\"@type\":\"ListItem\",\"position\":1,\"name\":\"Home\",\"item\":\"https:\/\/www.secretjardin.com\/cs\/\"},{\"@type\":\"ListItem\",\"position\":2,\"name\":\"SECRET JARDIN P\u011aSTEBN\u00cd STAN\"}]},{\"@type\":\"WebSite\",\"@id\":\"https:\/\/www.secretjardin.com\/cs\/#website\",\"url\":\"https:\/\/www.secretjardin.com\/cs\/\",\"name\":\"Secret Jardin\",\"description\":\"\",\"publisher\":{\"@id\":\"https:\/\/www.secretjardin.com\/cs\/#organization\"},\"potentialAction\":[{\"@type\":\"SearchAction\",\"target\":{\"@type\":\"EntryPoint\",\"urlTemplate\":\"https:\/\/www.secretjardin.com\/cs\/?s={search_term_string}\"},\"query-input\":{\"@type\":\"PropertyValueSpecification\",\"valueRequired\":true,\"valueName\":\"search_term_string\"}}],\"inLanguage\":\"cs\"},{\"@type\":\"Organization\",\"@id\":\"https:\/\/www.secretjardin.com\/cs\/#organization\",\"name\":\"Secret Jardin\",\"url\":\"https:\/\/www.secretjardin.com\/cs\/\",\"logo\":{\"@type\":\"ImageObject\",\"inLanguage\":\"cs\",\"@id\":\"https:\/\/www.secretjardin.com\/cs\/#\/schema\/logo\/image\/\",\"url\":\"https:\/\/www.secretjardin.com\/wp-content\/uploads\/2019\/05\/header_logo.png\",\"contentUrl\":\"https:\/\/www.secretjardin.com\/wp-content\/uploads\/2019\/05\/header_logo.png\",\"width\":481,\"height\":198,\"caption\":\"Secret Jardin\"},\"image\":{\"@id\":\"https:\/\/www.secretjardin.com\/cs\/#\/schema\/logo\/image\/\"},\"sameAs\":[\"https:\/\/www.facebook.com\/SecretJardin\/\",\"https:\/\/www.instagram.com\/secretjardin_\/?hl=fr\",\"https:\/\/www.linkedin.com\/company\/secret-jardin\/about\/\"]}]}<\/script>\n<!-- \/ Yoast SEO plugin. -->","yoast_head_json":{"title":"SECRET JARDIN P\u011aSTEBN\u00cd STAN - Secret Jardin","robots":{"index":"index","follow":"follow","max-snippet":"max-snippet:-1","max-image-preview":"max-image-preview:large","max-video-preview":"max-video-preview:-1"},"canonical":"https:\/\/www.secretjardin.com\/cs\/grow-tent\/","og_locale":"cs_CZ","og_type":"article","og_title":"SECRET JARDIN P\u011aSTEBN\u00cd STAN - Secret Jardin","og_description":"[vc_row][vc_column][vc_single_image image=&#8220;56912&#8243; onclick=&#8220;custom_link&#8220; img_link_target=&#8220;_blank&#8220; link=&#8220;https:\/\/www.secretjardin.com\/wp-content\/uploads\/2024\/04\/Secret-Jardin-Tents-Large.png&#8220; css=&#8220;.vc_custom_1713881701330{margin-bottom: 20px !important;}&#8220;][vc_column_text] Stany Secret Jardin jsou p\u0159edem vybaveny tak, aby v\u00e1m umo\u017enily kompletn\u00ed konfiguraci rychle sestavit bez pou\u017eit\u00ed n\u00e1\u0159ad\u00ed. DUCTING FLANGE vytv\u00e1\u0159\u00ed rozhran\u00ed vstup-v\u00fdstup. STRAPIT, CABLEIT, CABLE FLANGE a HANDLING TUBE pom\u00e1haj\u00ed p\u0159i instalaci&hellip;","og_url":"https:\/\/www.secretjardin.com\/cs\/grow-tent\/","og_site_name":"Secret Jardin","article_publisher":"https:\/\/www.facebook.com\/SecretJardin\/","article_modified_time":"2024-04-24T07:32:45+00:00","og_image":[{"url":"https:\/\/www.secretjardin.com\/wp-content\/uploads\/2022\/11\/202210-ARGUMENTS.png","type":"","width":"","height":""}],"twitter_card":"summary_large_image","twitter_misc":{"Odhadovan\u00e1 doba \u010dten\u00ed":"3 minuty"},"schema":{"@context":"https:\/\/schema.org","@graph":[{"@type":"WebPage","@id":"https:\/\/www.secretjardin.com\/cs\/grow-tent\/","url":"https:\/\/www.secretjardin.com\/cs\/grow-tent\/","name":"SECRET JARDIN P\u011aSTEBN\u00cd STAN - Secret Jardin","isPartOf":{"@id":"https:\/\/www.secretjardin.com\/cs\/#website"},"primaryImageOfPage":{"@id":"https:\/\/www.secretjardin.com\/cs\/grow-tent\/#primaryimage"},"image":{"@id":"https:\/\/www.secretjardin.com\/cs\/grow-tent\/#primaryimage"},"thumbnailUrl":"https:\/\/www.secretjardin.com\/wp-content\/uploads\/2022\/11\/202210-ARGUMENTS.png","datePublished":"2022-04-29T14:28:07+00:00","dateModified":"2024-04-24T07:32:45+00:00","breadcrumb":{"@id":"https:\/\/www.secretjardin.com\/cs\/grow-tent\/#breadcrumb"},"inLanguage":"cs","potentialAction":[{"@type":"ReadAction","target":["https:\/\/www.secretjardin.com\/cs\/grow-tent\/"]}]},{"@type":"ImageObject","inLanguage":"cs","@id":"https:\/\/www.secretjardin.com\/cs\/grow-tent\/#primaryimage","url":"https:\/\/www.secretjardin.com\/wp-content\/uploads\/2022\/11\/202210-ARGUMENTS.png","contentUrl":"https:\/\/www.secretjardin.com\/wp-content\/uploads\/2022\/11\/202210-ARGUMENTS.png"},{"@type":"BreadcrumbList","@id":"https:\/\/www.secretjardin.com\/cs\/grow-tent\/#breadcrumb","itemListElement":[{"@type":"ListItem","position":1,"name":"Home","item":"https:\/\/www.secretjardin.com\/cs\/"},{"@type":"ListItem","position":2,"name":"SECRET JARDIN P\u011aSTEBN\u00cd STAN"}]},{"@type":"WebSite","@id":"https:\/\/www.secretjardin.com\/cs\/#website","url":"https:\/\/www.secretjardin.com\/cs\/","name":"Secret Jardin","description":"","publisher":{"@id":"https:\/\/www.secretjardin.com\/cs\/#organization"},"potentialAction":[{"@type":"SearchAction","target":{"@type":"EntryPoint","urlTemplate":"https:\/\/www.secretjardin.com\/cs\/?s={search_term_string}"},"query-input":{"@type":"PropertyValueSpecification","valueRequired":true,"valueName":"search_term_string"}}],"inLanguage":"cs"},{"@type":"Organization","@id":"https:\/\/www.secretjardin.com\/cs\/#organization","name":"Secret Jardin","url":"https:\/\/www.secretjardin.com\/cs\/","logo":{"@type":"ImageObject","inLanguage":"cs","@id":"https:\/\/www.secretjardin.com\/cs\/#\/schema\/logo\/image\/","url":"https:\/\/www.secretjardin.com\/wp-content\/uploads\/2019\/05\/header_logo.png","contentUrl":"https:\/\/www.secretjardin.com\/wp-content\/uploads\/2019\/05\/header_logo.png","width":481,"height":198,"caption":"Secret Jardin"},"image":{"@id":"https:\/\/www.secretjardin.com\/cs\/#\/schema\/logo\/image\/"},"sameAs":["https:\/\/www.facebook.com\/SecretJardin\/","https:\/\/www.instagram.com\/secretjardin_\/?hl=fr","https:\/\/www.linkedin.com\/company\/secret-jardin\/about\/"]}]}},"_links":{"self":[{"href":"https:\/\/www.secretjardin.com\/cs\/wp-json\/wp\/v2\/pages\/29947","targetHints":{"allow":["GET"]}}],"collection":[{"href":"https:\/\/www.secretjardin.com\/cs\/wp-json\/wp\/v2\/pages"}],"about":[{"href":"https:\/\/www.secretjardin.com\/cs\/wp-json\/wp\/v2\/types\/page"}],"author":[{"embeddable":true,"href":"https:\/\/www.secretjardin.com\/cs\/wp-json\/wp\/v2\/users\/2"}],"replies":[{"embeddable":true,"href":"https:\/\/www.secretjardin.com\/cs\/wp-json\/wp\/v2\/comments?post=29947"}],"version-history":[{"count":20,"href":"https:\/\/www.secretjardin.com\/cs\/wp-json\/wp\/v2\/pages\/29947\/revisions"}],"predecessor-version":[{"id":57018,"href":"https:\/\/www.secretjardin.com\/cs\/wp-json\/wp\/v2\/pages\/29947\/revisions\/57018"}],"wp:attachment":[{"href":"https:\/\/www.secretjardin.com\/cs\/wp-json\/wp\/v2\/media?parent=29947"}],"curies":[{"name":"wp","href":"https:\/\/api.w.org\/{rel}","templated":true}]}}