{"id":29874,"date":"2022-04-29T14:12:09","date_gmt":"2022-04-29T14:12:09","guid":{"rendered":"https:\/\/www.secretjardin.com\/grow-tent-socks\/"},"modified":"2024-04-23T14:34:21","modified_gmt":"2024-04-23T14:34:21","slug":"grow-tent-socks","status":"publish","type":"page","link":"https:\/\/www.secretjardin.com\/cs\/grow-tent-socks\/","title":{"rendered":"HYDRO SHOOT P\u011aSTEBN\u00cd STAN (PONO\u017dKY)"},"content":{"rendered":"[vc_row][vc_column][vc_single_image image=&#8220;56894&#8243; onclick=&#8220;custom_link&#8220; img_link_target=&#8220;_blank&#8220; link=&#8220;https:\/\/www.secretjardin.com\/wp-content\/uploads\/2024\/04\/Hydro-Shoot-Tents-Large.png&#8220; css=&#8220;.vc_custom_1713882637362{margin-bottom: 20px !important;}&#8220;][vc_column_text]\n<h3>THE TENT FOR DO-IT-YOURSELFERS<\/h3>\n<p>Stan Hydro Shoot je ide\u00e1ln\u00ed z\u00e1kladnou pro ka\u017ed\u00e9ho zem\u011bd\u011blce, kter\u00fd si chce vytvo\u0159it vlastn\u00ed konfiguraci. Dod\u00e1v\u00e1 se bez p\u0159\u00edslu\u0161enstv\u00ed, s jednoduch\u00fdm, odn\u00edmateln\u00fdm WATER TRAY Mylar, slou\u017e\u00edc\u00edm jako ochrana proti zaplaven\u00ed. Je vybaven ruk\u00e1vy pro \u0159\u00edzen\u00ed ventilace a veden\u00ed kabel\u016f\/trubek. Tyto ruk\u00e1vy jsou vysoce reflexn\u00ed a sv\u011bteln\u011b nepropustn\u00e9, mohou b\u00fdt mohou b\u00fdt p\u0159izp\u016fsobeny r\u016fzn\u00fdm pr\u016fm\u011br\u016fm pl\u00e1\u0161t\u011b, filtru, odtahu, trubek nebo kabel\u016f.<\/p>\n<h3 class=\"vcex-module vcex-heading wpex-text-1x1 wpex-font-normal wpex-m-auto wpex-max-w-50 vcex-heading-plain wpex-block\" style=\"color: #e2231a; font-weight: 600;\">V\u00ddROBN\u00cd MATERI\u00c1LY<\/h3>\n<p>Pokud jsou stany Hydro Shoot prod\u00e1v\u00e1ny bez p\u0159\u00edslu\u0161enstv\u00ed, nejedn\u00e1 se o stany prvn\u00ed cenov\u00e9 kategorie. Pou\u017eit\u00e9 materi\u00e1ly jsou stejn\u00e9, jako materi\u00e1ly pou\u017eit\u00e9 pro stany Secret Jardin: Mylar M210D, ocel Q195, nerecyklovan\u00e9 plasty, nylonov\u00e1 nit #30 210D atd. Mimo to maj\u00ed stejn\u00e9 n\u00e1hradn\u00ed d\u00edly.<\/p>\n<h3 class=\"vcex-module vcex-heading wpex-text-1x1 wpex-font-normal wpex-m-auto wpex-max-w-50 vcex-heading-plain wpex-block\" style=\"color: #e2231a; font-weight: 600;\">NOV\u00dd SYST\u00c9M ZIPU S DVOJIT\u00ddM P\u0158EKRYT\u00cdM: \u201e100% TEMN\u00c1 KOMORA\u201c<\/h3>\n<p>\u0158ada Hydro Shoot pou\u017e\u00edv\u00e1 stejn\u00fd syst\u00e9m zipu s dvojit\u00fdm p\u0159ekryt\u00edm, jako \u0159ada Secret Jardin, kter\u00fd zaji\u0161\u0165uje 100 % \u00fa\u010dinn\u00e9 zast\u00edn\u011bn\u00ed sv\u011btla*.<\/p>\n<p>&nbsp;<\/p>\n<p><a href=\"https:\/\/www.secretjardin.com\/wp-content\/uploads\/2021\/05\/202105-DOUBLE-FLAP-SYSTEM_Plan-de-travail-1.png\"><img loading=\"lazy\" decoding=\"async\" class=\"size-medium wp-image-16108 aligncenter\" src=\"https:\/\/www.secretjardin.com\/wp-content\/uploads\/2021\/05\/202105-DOUBLE-FLAP-SYSTEM_Plan-de-travail-1-300x153.png\" alt=\"\" width=\"300\" height=\"153\" srcset=\"https:\/\/www.secretjardin.com\/wp-content\/uploads\/2021\/05\/202105-DOUBLE-FLAP-SYSTEM_Plan-de-travail-1-300x153.png 300w, https:\/\/www.secretjardin.com\/wp-content\/uploads\/2021\/05\/202105-DOUBLE-FLAP-SYSTEM_Plan-de-travail-1-1024x523.png 1024w, https:\/\/www.secretjardin.com\/wp-content\/uploads\/2021\/05\/202105-DOUBLE-FLAP-SYSTEM_Plan-de-travail-1-768x392.png 768w, https:\/\/www.secretjardin.com\/wp-content\/uploads\/2021\/05\/202105-DOUBLE-FLAP-SYSTEM_Plan-de-travail-1-1536x785.png 1536w, https:\/\/www.secretjardin.com\/wp-content\/uploads\/2021\/05\/202105-DOUBLE-FLAP-SYSTEM_Plan-de-travail-1-2048x1046.png 2048w, https:\/\/www.secretjardin.com\/wp-content\/uploads\/2021\/05\/202105-DOUBLE-FLAP-SYSTEM_Plan-de-travail-1-600x307.png 600w\" sizes=\"auto, (max-width: 300px) 100vw, 300px\" \/><\/a><\/p>\n<h3 class=\"vcex-module vcex-heading wpex-text-1x1 wpex-font-normal wpex-m-auto wpex-max-w-50 vcex-heading-plain wpex-block\" style=\"color: #e2231a; font-weight: 600;\">DV\u011a \u0158ADY<\/h3>\n<p>Mal\u00e9 velikosti mohou b\u00fdt pou\u017eity vertik\u00e1ln\u011b pro velk\u00e9 rostliny, nebo vodorovn\u011b pro mal\u00e9 rostliny, trubky konstrukce m\u011b\u0159\u00ed v pr\u016fm\u011bru 16mm Po\u010d\u00ednaje HS120 se jejich pr\u016fm\u011br zv\u011bt\u0161uje na 19mm Design horizont\u00e1ln\u00edch dve\u0159\u00ed umo\u017e\u0148uje otev\u0159en\u00ed stanu na 3 stran\u00e1ch pro snadn\u00fd p\u0159\u00edstup na celou p\u011bstebn\u00ed plochu.<\/p>\n<p><em>*Pokud ze stanu ods\u00e1v\u00e1te vzduch, nezapome\u0148te otev\u0159\u00edt alespo\u0148 jeden p\u0159\u00edvod vzduchu, aby se zabr\u00e1nilo implozi stanu, vznikl\u00e9 podtlakem, stejn\u011b tak u stan\u016f Secret Jardin.<\/em>[\/vc_column_text][\/vc_column][\/vc_row]\n<p><html><a href=\"https:\/\/www.secretjardin.com\/cs\/\"><   Zp\u011bt na \u00favodn\u00ed str\u00e1nku<\/a><\/html><\/p>\n","protected":false},"excerpt":{"rendered":"<p>[vc_row][vc_column][vc_single_image image=&#8220;56894&#8243; onclick=&#8220;custom_link&#8220; img_link_target=&#8220;_blank&#8220; link=&#8220;https:\/\/www.secretjardin.com\/wp-content\/uploads\/2024\/04\/Hydro-Shoot-Tents-Large.png&#8220; css=&#8220;.vc_custom_1713882637362{margin-bottom: 20px !important;}&#8220;][vc_column_text] THE TENT FOR DO-IT-YOURSELFERS Stan Hydro Shoot je ide\u00e1ln\u00ed z\u00e1kladnou pro ka\u017ed\u00e9ho zem\u011bd\u011blce, kter\u00fd si chce vytvo\u0159it vlastn\u00ed konfiguraci. Dod\u00e1v\u00e1 se bez p\u0159\u00edslu\u0161enstv\u00ed, s jednoduch\u00fdm, odn\u00edmateln\u00fdm WATER TRAY Mylar, slou\u017e\u00edc\u00edm jako ochrana&hellip;<\/p>\n","protected":false},"author":2,"featured_media":0,"parent":0,"menu_order":0,"comment_status":"closed","ping_status":"closed","template":"templates\/no-sidebar.php","meta":{"_acf_changed":false,"footnotes":""},"class_list":["post-29874","page","type-page","status-publish","hentry","entry","no-media"],"acf":[],"yoast_head":"<!-- This site is optimized with the Yoast SEO plugin v27.4 - https:\/\/yoast.com\/product\/yoast-seo-wordpress\/ -->\n<title>HYDRO SHOOT P\u011aSTEBN\u00cd STAN (PONO\u017dKY) - Secret Jardin<\/title>\n<meta name=\"robots\" content=\"index, follow, max-snippet:-1, max-image-preview:large, max-video-preview:-1\" \/>\n<link rel=\"canonical\" href=\"https:\/\/www.secretjardin.com\/cs\/grow-tent-socks\/\" \/>\n<meta property=\"og:locale\" content=\"cs_CZ\" \/>\n<meta property=\"og:type\" content=\"article\" \/>\n<meta property=\"og:title\" content=\"HYDRO SHOOT P\u011aSTEBN\u00cd STAN (PONO\u017dKY) - Secret Jardin\" \/>\n<meta property=\"og:description\" content=\"[vc_row][vc_column][vc_single_image image=&#8220;56894&#8243; onclick=&#8220;custom_link&#8220; img_link_target=&#8220;_blank&#8220; link=&#8220;https:\/\/www.secretjardin.com\/wp-content\/uploads\/2024\/04\/Hydro-Shoot-Tents-Large.png&#8220; css=&#8220;.vc_custom_1713882637362{margin-bottom: 20px !important;}&#8220;][vc_column_text] THE TENT FOR DO-IT-YOURSELFERS Stan Hydro Shoot je ide\u00e1ln\u00ed z\u00e1kladnou pro ka\u017ed\u00e9ho zem\u011bd\u011blce, kter\u00fd si chce vytvo\u0159it vlastn\u00ed konfiguraci. Dod\u00e1v\u00e1 se bez p\u0159\u00edslu\u0161enstv\u00ed, s jednoduch\u00fdm, odn\u00edmateln\u00fdm WATER TRAY Mylar, slou\u017e\u00edc\u00edm jako ochrana&hellip;\" \/>\n<meta property=\"og:url\" content=\"https:\/\/www.secretjardin.com\/cs\/grow-tent-socks\/\" \/>\n<meta property=\"og:site_name\" content=\"Secret Jardin\" \/>\n<meta property=\"article:publisher\" content=\"https:\/\/www.facebook.com\/SecretJardin\/\" \/>\n<meta property=\"article:modified_time\" content=\"2024-04-23T14:34:21+00:00\" \/>\n<meta property=\"og:image\" content=\"https:\/\/www.secretjardin.com\/wp-content\/uploads\/2021\/05\/202105-DOUBLE-FLAP-SYSTEM_Plan-de-travail-1-300x153.png\" \/>\n<meta name=\"twitter:card\" content=\"summary_large_image\" \/>\n<meta name=\"twitter:label1\" content=\"Odhadovan\u00e1 doba \u010dten\u00ed\" \/>\n\t<meta name=\"twitter:data1\" content=\"2 minuty\" \/>\n<script type=\"application\/ld+json\" class=\"yoast-schema-graph\">{\"@context\":\"https:\\\/\\\/schema.org\",\"@graph\":[{\"@type\":\"WebPage\",\"@id\":\"https:\\\/\\\/www.secretjardin.com\\\/cs\\\/grow-tent-socks\\\/\",\"url\":\"https:\\\/\\\/www.secretjardin.com\\\/cs\\\/grow-tent-socks\\\/\",\"name\":\"HYDRO SHOOT P\u011aSTEBN\u00cd STAN (PONO\u017dKY) - Secret Jardin\",\"isPartOf\":{\"@id\":\"https:\\\/\\\/www.secretjardin.com\\\/cs\\\/#website\"},\"primaryImageOfPage\":{\"@id\":\"https:\\\/\\\/www.secretjardin.com\\\/cs\\\/grow-tent-socks\\\/#primaryimage\"},\"image\":{\"@id\":\"https:\\\/\\\/www.secretjardin.com\\\/cs\\\/grow-tent-socks\\\/#primaryimage\"},\"thumbnailUrl\":\"https:\\\/\\\/www.secretjardin.com\\\/wp-content\\\/uploads\\\/2021\\\/05\\\/202105-DOUBLE-FLAP-SYSTEM_Plan-de-travail-1-300x153.png\",\"datePublished\":\"2022-04-29T14:12:09+00:00\",\"dateModified\":\"2024-04-23T14:34:21+00:00\",\"breadcrumb\":{\"@id\":\"https:\\\/\\\/www.secretjardin.com\\\/cs\\\/grow-tent-socks\\\/#breadcrumb\"},\"inLanguage\":\"cs\",\"potentialAction\":[{\"@type\":\"ReadAction\",\"target\":[\"https:\\\/\\\/www.secretjardin.com\\\/cs\\\/grow-tent-socks\\\/\"]}]},{\"@type\":\"ImageObject\",\"inLanguage\":\"cs\",\"@id\":\"https:\\\/\\\/www.secretjardin.com\\\/cs\\\/grow-tent-socks\\\/#primaryimage\",\"url\":\"https:\\\/\\\/www.secretjardin.com\\\/wp-content\\\/uploads\\\/2021\\\/05\\\/202105-DOUBLE-FLAP-SYSTEM_Plan-de-travail-1-300x153.png\",\"contentUrl\":\"https:\\\/\\\/www.secretjardin.com\\\/wp-content\\\/uploads\\\/2021\\\/05\\\/202105-DOUBLE-FLAP-SYSTEM_Plan-de-travail-1-300x153.png\"},{\"@type\":\"BreadcrumbList\",\"@id\":\"https:\\\/\\\/www.secretjardin.com\\\/cs\\\/grow-tent-socks\\\/#breadcrumb\",\"itemListElement\":[{\"@type\":\"ListItem\",\"position\":1,\"name\":\"Home\",\"item\":\"https:\\\/\\\/www.secretjardin.com\\\/cs\\\/\"},{\"@type\":\"ListItem\",\"position\":2,\"name\":\"HYDRO SHOOT P\u011aSTEBN\u00cd STAN (PONO\u017dKY)\"}]},{\"@type\":\"WebSite\",\"@id\":\"https:\\\/\\\/www.secretjardin.com\\\/cs\\\/#website\",\"url\":\"https:\\\/\\\/www.secretjardin.com\\\/cs\\\/\",\"name\":\"Secret Jardin\",\"description\":\"\",\"publisher\":{\"@id\":\"https:\\\/\\\/www.secretjardin.com\\\/cs\\\/#organization\"},\"potentialAction\":[{\"@type\":\"SearchAction\",\"target\":{\"@type\":\"EntryPoint\",\"urlTemplate\":\"https:\\\/\\\/www.secretjardin.com\\\/cs\\\/?s={search_term_string}\"},\"query-input\":{\"@type\":\"PropertyValueSpecification\",\"valueRequired\":true,\"valueName\":\"search_term_string\"}}],\"inLanguage\":\"cs\"},{\"@type\":\"Organization\",\"@id\":\"https:\\\/\\\/www.secretjardin.com\\\/cs\\\/#organization\",\"name\":\"Secret Jardin\",\"url\":\"https:\\\/\\\/www.secretjardin.com\\\/cs\\\/\",\"logo\":{\"@type\":\"ImageObject\",\"inLanguage\":\"cs\",\"@id\":\"https:\\\/\\\/www.secretjardin.com\\\/cs\\\/#\\\/schema\\\/logo\\\/image\\\/\",\"url\":\"https:\\\/\\\/www.secretjardin.com\\\/wp-content\\\/uploads\\\/2019\\\/05\\\/header_logo.png\",\"contentUrl\":\"https:\\\/\\\/www.secretjardin.com\\\/wp-content\\\/uploads\\\/2019\\\/05\\\/header_logo.png\",\"width\":481,\"height\":198,\"caption\":\"Secret Jardin\"},\"image\":{\"@id\":\"https:\\\/\\\/www.secretjardin.com\\\/cs\\\/#\\\/schema\\\/logo\\\/image\\\/\"},\"sameAs\":[\"https:\\\/\\\/www.facebook.com\\\/SecretJardin\\\/\",\"https:\\\/\\\/www.instagram.com\\\/secretjardin_\\\/?hl=fr\",\"https:\\\/\\\/www.linkedin.com\\\/company\\\/secret-jardin\\\/about\\\/\"]}]}<\/script>\n<!-- \/ Yoast SEO plugin. -->","yoast_head_json":{"title":"HYDRO SHOOT P\u011aSTEBN\u00cd STAN (PONO\u017dKY) - Secret Jardin","robots":{"index":"index","follow":"follow","max-snippet":"max-snippet:-1","max-image-preview":"max-image-preview:large","max-video-preview":"max-video-preview:-1"},"canonical":"https:\/\/www.secretjardin.com\/cs\/grow-tent-socks\/","og_locale":"cs_CZ","og_type":"article","og_title":"HYDRO SHOOT P\u011aSTEBN\u00cd STAN (PONO\u017dKY) - Secret Jardin","og_description":"[vc_row][vc_column][vc_single_image image=&#8220;56894&#8243; onclick=&#8220;custom_link&#8220; img_link_target=&#8220;_blank&#8220; link=&#8220;https:\/\/www.secretjardin.com\/wp-content\/uploads\/2024\/04\/Hydro-Shoot-Tents-Large.png&#8220; css=&#8220;.vc_custom_1713882637362{margin-bottom: 20px !important;}&#8220;][vc_column_text] THE TENT FOR DO-IT-YOURSELFERS Stan Hydro Shoot je ide\u00e1ln\u00ed z\u00e1kladnou pro ka\u017ed\u00e9ho zem\u011bd\u011blce, kter\u00fd si chce vytvo\u0159it vlastn\u00ed konfiguraci. Dod\u00e1v\u00e1 se bez p\u0159\u00edslu\u0161enstv\u00ed, s jednoduch\u00fdm, odn\u00edmateln\u00fdm WATER TRAY Mylar, slou\u017e\u00edc\u00edm jako ochrana&hellip;","og_url":"https:\/\/www.secretjardin.com\/cs\/grow-tent-socks\/","og_site_name":"Secret Jardin","article_publisher":"https:\/\/www.facebook.com\/SecretJardin\/","article_modified_time":"2024-04-23T14:34:21+00:00","og_image":[{"url":"https:\/\/www.secretjardin.com\/wp-content\/uploads\/2021\/05\/202105-DOUBLE-FLAP-SYSTEM_Plan-de-travail-1-300x153.png","type":"","width":"","height":""}],"twitter_card":"summary_large_image","twitter_misc":{"Odhadovan\u00e1 doba \u010dten\u00ed":"2 minuty"},"schema":{"@context":"https:\/\/schema.org","@graph":[{"@type":"WebPage","@id":"https:\/\/www.secretjardin.com\/cs\/grow-tent-socks\/","url":"https:\/\/www.secretjardin.com\/cs\/grow-tent-socks\/","name":"HYDRO SHOOT P\u011aSTEBN\u00cd STAN (PONO\u017dKY) - Secret Jardin","isPartOf":{"@id":"https:\/\/www.secretjardin.com\/cs\/#website"},"primaryImageOfPage":{"@id":"https:\/\/www.secretjardin.com\/cs\/grow-tent-socks\/#primaryimage"},"image":{"@id":"https:\/\/www.secretjardin.com\/cs\/grow-tent-socks\/#primaryimage"},"thumbnailUrl":"https:\/\/www.secretjardin.com\/wp-content\/uploads\/2021\/05\/202105-DOUBLE-FLAP-SYSTEM_Plan-de-travail-1-300x153.png","datePublished":"2022-04-29T14:12:09+00:00","dateModified":"2024-04-23T14:34:21+00:00","breadcrumb":{"@id":"https:\/\/www.secretjardin.com\/cs\/grow-tent-socks\/#breadcrumb"},"inLanguage":"cs","potentialAction":[{"@type":"ReadAction","target":["https:\/\/www.secretjardin.com\/cs\/grow-tent-socks\/"]}]},{"@type":"ImageObject","inLanguage":"cs","@id":"https:\/\/www.secretjardin.com\/cs\/grow-tent-socks\/#primaryimage","url":"https:\/\/www.secretjardin.com\/wp-content\/uploads\/2021\/05\/202105-DOUBLE-FLAP-SYSTEM_Plan-de-travail-1-300x153.png","contentUrl":"https:\/\/www.secretjardin.com\/wp-content\/uploads\/2021\/05\/202105-DOUBLE-FLAP-SYSTEM_Plan-de-travail-1-300x153.png"},{"@type":"BreadcrumbList","@id":"https:\/\/www.secretjardin.com\/cs\/grow-tent-socks\/#breadcrumb","itemListElement":[{"@type":"ListItem","position":1,"name":"Home","item":"https:\/\/www.secretjardin.com\/cs\/"},{"@type":"ListItem","position":2,"name":"HYDRO SHOOT P\u011aSTEBN\u00cd STAN (PONO\u017dKY)"}]},{"@type":"WebSite","@id":"https:\/\/www.secretjardin.com\/cs\/#website","url":"https:\/\/www.secretjardin.com\/cs\/","name":"Secret Jardin","description":"","publisher":{"@id":"https:\/\/www.secretjardin.com\/cs\/#organization"},"potentialAction":[{"@type":"SearchAction","target":{"@type":"EntryPoint","urlTemplate":"https:\/\/www.secretjardin.com\/cs\/?s={search_term_string}"},"query-input":{"@type":"PropertyValueSpecification","valueRequired":true,"valueName":"search_term_string"}}],"inLanguage":"cs"},{"@type":"Organization","@id":"https:\/\/www.secretjardin.com\/cs\/#organization","name":"Secret Jardin","url":"https:\/\/www.secretjardin.com\/cs\/","logo":{"@type":"ImageObject","inLanguage":"cs","@id":"https:\/\/www.secretjardin.com\/cs\/#\/schema\/logo\/image\/","url":"https:\/\/www.secretjardin.com\/wp-content\/uploads\/2019\/05\/header_logo.png","contentUrl":"https:\/\/www.secretjardin.com\/wp-content\/uploads\/2019\/05\/header_logo.png","width":481,"height":198,"caption":"Secret Jardin"},"image":{"@id":"https:\/\/www.secretjardin.com\/cs\/#\/schema\/logo\/image\/"},"sameAs":["https:\/\/www.facebook.com\/SecretJardin\/","https:\/\/www.instagram.com\/secretjardin_\/?hl=fr","https:\/\/www.linkedin.com\/company\/secret-jardin\/about\/"]}]}},"_links":{"self":[{"href":"https:\/\/www.secretjardin.com\/cs\/wp-json\/wp\/v2\/pages\/29874","targetHints":{"allow":["GET"]}}],"collection":[{"href":"https:\/\/www.secretjardin.com\/cs\/wp-json\/wp\/v2\/pages"}],"about":[{"href":"https:\/\/www.secretjardin.com\/cs\/wp-json\/wp\/v2\/types\/page"}],"author":[{"embeddable":true,"href":"https:\/\/www.secretjardin.com\/cs\/wp-json\/wp\/v2\/users\/2"}],"replies":[{"embeddable":true,"href":"https:\/\/www.secretjardin.com\/cs\/wp-json\/wp\/v2\/comments?post=29874"}],"version-history":[{"count":0,"href":"https:\/\/www.secretjardin.com\/cs\/wp-json\/wp\/v2\/pages\/29874\/revisions"}],"wp:attachment":[{"href":"https:\/\/www.secretjardin.com\/cs\/wp-json\/wp\/v2\/media?parent=29874"}],"curies":[{"name":"wp","href":"https:\/\/api.w.org\/{rel}","templated":true}]}}