{"id":29797,"date":"2022-01-13T14:55:08","date_gmt":"2022-01-13T14:55:08","guid":{"rendered":"https:\/\/www.secretjardin.com\/faq\/"},"modified":"2026-03-12T19:10:00","modified_gmt":"2026-03-12T19:10:00","slug":"faq","status":"publish","type":"page","link":"https:\/\/www.secretjardin.com\/cs\/faq\/","title":{"rendered":"\u010cASTO KLADEN\u00c9 DOTAZY"},"content":{"rendered":"[vc_row][vc_column][vc_column_text]<strong>Hled\u00e1te pomoc? Odpov\u011bdi na nej\u010dast\u011bji kladen\u00e9 ot\u00e1zky naleznete v t\u00e9to sekci \u010dasto kladen\u00fdch ot\u00e1zek.<\/strong><\/p>\n<p><strong>V p\u0159\u00edpad\u011b jak\u00fdchkoli dal\u0161\u00edch ot\u00e1zek n\u00e1s pros\u00edm kontaktujte prost\u0159ednictv\u00edm na\u0161eho <\/strong><a href=\"https:\/\/www.secretjardin.com\/contact\/\"><strong>kontaktn\u00ed formul\u00e1\u0159<\/strong><\/a><strong>.<\/strong>[\/vc_column_text][\/vc_column][\/vc_row][vc_row][vc_column][vc_tta_accordion active_section=&#8220;&#8220; title=&#8220;OBECN\u00c9 OT\u00c1ZKY&#8220;][vc_tta_section title=&#8220;Kde mohu zakoupit va\u0161e v\u00fdrobky \/ n\u00e1hradn\u00ed d\u00edly ?&#8220; tab_id=&#8220;1642077249390-fc91fe83-8aba&#8220;][vc_column_text]Growers : Spole\u010dnost Secret Jardin neprod\u00e1v\u00e1 p\u0159\u00edmo koncov\u00fdm u\u017eivatel\u016fm, nav\u0161tivte pros\u00edm na\u0161i str\u00e1nku <a href=\"https:\/\/www.secretjardin.com\/shop-locator\/\">vyhled\u00e1va\u010d prodejen<\/a> kde najdete na\u0161eho nejbli\u017e\u0161\u00edho prodejce.<\/p>\n<p>Prodejci : Na\u0161e s\u00ed\u0165 je v\u00e1m k dispozici, kontaktujte n\u00e1s pro propojen\u00ed.[\/vc_column_text][\/vc_tta_section][vc_tta_section title=&#8220;Jakou m\u00e1m na v\u00fdrobek z\u00e1ruku ? Jak jej pou\u017e\u00edvat, pokud je m\u016fj vadn\u00fd ?&#8220; tab_id=&#8220;1650614297903-8db17ef7-b71c&#8220;][vc_column_text]Na\u0161e v\u00fdrobky jsou pr\u00e1vn\u011b chr\u00e1n\u011bny obchodn\u00ed z\u00e1rukou, kter\u00e1 je podrobn\u011b pops\u00e1na v na\u0161em <a href=\"https:\/\/www.secretjardin.com\/resources\/guarantee\/\">z\u00e1ru\u010dn\u00ed str\u00e1nce<\/a>.<\/p>\n<p>Pokud se uk\u00e1\u017ee, \u017ee je v\u00e1\u0161 v\u00fdrobek vadn\u00fd, vyz\u00fdv\u00e1me v\u00e1s, abyste se obr\u00e1tili na sv\u00e9ho prodejce, kter\u00fd se o n\u011bj postar\u00e1 na m\u00edst\u011b prost\u0159ednictv\u00edm na\u0161\u00ed s\u00edt\u011b.[\/vc_column_text][\/vc_tta_section][\/vc_tta_accordion][\/vc_column][vc_column][vc_tta_accordion active_section=&#8220;&#8220; title=&#8220;DOTAZY K PRODUKT\u016eM&#8220;][vc_tta_section title=&#8220;Jak\u00e9 jsou rozd\u00edly mezi stany Secret Jardin a Hydro Shoot ?&#8220; tab_id=&#8220;1642077249390-042803e0-7022&#8243;][vc_column_text]Vybaven\u00ed a cena, ale ne materi\u00e1ly, viz na\u0161e <a href=\"https:\/\/www.secretjardin.com\/wp-content\/uploads\/2021\/04\/GROW-ROOM-COMPARATIVE-METRIC.pdf\">Srovn\u00e1n\u00ed p\u011bstebn\u00edch m\u00edstnost\u00ed<\/a> pro kompletn\u00ed informace.[\/vc_column_text][\/vc_tta_section][vc_tta_section title=&#8220;Jak\u00e1 je plastov\u00e1 f\u00f3lie na Cosmorrow LED? M\u00e1m to odstranit?&#8220; tab_id=&#8220;1695993475179-64e947ba-b852&#8243;][vc_column_text]\u010cir\u00e1 plastov\u00e1 f\u00f3lie na Cosmorrow LED je d\u016fle\u017eitou sou\u010d\u00e1st\u00ed jeho patentovan\u00e9ho designu. Chr\u00e1n\u00ed LED p\u00e1sek, umo\u017e\u0148uje jeho vod\u011bodolnost a slou\u017e\u00ed k odvodu tepla z LED. <strong>Tento film byste nem\u011bli odstra\u0148ovat!<\/strong>[\/vc_column_text][vc_single_image image=&#8220;28241&#8243; img_size=&#8220;medium&#8220;][\/vc_tta_section][vc_tta_section title=&#8220;Jak\u00e9 jsou spektra a grafy PAR Cosmorrow?&#8220; tab_id=&#8220;1712586718911-59eaecb6-9e4d&#8220;][vc_column_text]<a href=\"https:\/\/www.secretjardin.com\/wp-content\/uploads\/2024\/04\/2024-PPFD-COSMORROW.xlsx\">Klikn\u011bte zde<\/a> pro sta\u017een\u00ed souboru Excel s grafy PAR a spektry pro ka\u017edou \u017e\u00e1rovku a sadu Cosmorrow pro jejich doporu\u010den\u00e9 p\u011bstitelsk\u00e9 oblasti.[\/vc_column_text][\/vc_tta_section][vc_tta_section title=&#8220;Jak\u00fd je rozd\u00edl mezi osv\u011btlen\u00edm Cosmorrow Grow a Full Spectrum?&#8220; tab_id=&#8220;1717579201201-eededeae-76d7&#8243;][vc_column_text]Sv\u011btla Cosmorrow Grow Spectrum produkuj\u00ed 6500k chladn\u00e9 b\u00edl\u00e9 sv\u011btlo, podobn\u00e9 jarn\u00edmu sv\u011btlu. To je vhodn\u00e9 pro \u010dasn\u00fd r\u016fst rostlin (sazenice, \u0159\u00edzky) a vegetativn\u00ed r\u016fst.<\/p>\n<p>Sv\u011btla Cosmorrow Full Spectrum obsahuj\u00ed r\u016fzn\u00e9 LED diody pro \u00fapln\u011bj\u0161\u00ed sv\u011btlo, podobn\u00e9 letn\u00edmu sv\u011btlu, kter\u00e9 je teplej\u0161\u00ed. Nejl\u00e9pe se pou\u017e\u00edvaj\u00ed pro kvetouc\u00ed a plod\u00edc\u00ed rostliny v jejich zral\u00fdch st\u00e1di\u00edch. P\u0159idali jsme trochu chladn\u00e9ho b\u00edl\u00e9ho sv\u011btla 6500k, aby tato sv\u011btla mohla b\u00fdt tak\u00e9 pou\u017eita v po\u010d\u00e1te\u010dn\u00edch f\u00e1z\u00edch r\u016fstu, co\u017e je \u010din\u00ed u\u017eite\u010dn\u00fdmi pro cel\u00fd r\u016fstov\u00fd cyklus.[\/vc_column_text][\/vc_tta_section][vc_tta_section title=&#8220;Jak m\u00e1m pou\u017e\u00edvat Cosmorrow UV a IR Boosters?&#8220; tab_id=&#8220;1717579201788-77518046-0149&#8243;][vc_column_text]Cosmorrow UV a IR Boosters byste m\u011bli v\u017edy pou\u017e\u00edvat spole\u010dn\u011b s b\u011b\u017en\u00fdm osv\u011btlen\u00edm. Nepou\u017e\u00edvejte je samostatn\u011b!<\/p>\n<p>Cosmorrow UV Boosters jsou u\u017eite\u010dn\u00e9 pro prevenci tvorby pl\u00edsn\u00ed a pos\u00edlen\u00ed imunity va\u0161ich rostlin. Podporuj\u00ed r\u016fst s krat\u0161\u00edmi internodii pro hust\u0161\u00ed rostliny. M\u011bly by b\u00fdt pou\u017e\u00edv\u00e1ny maxim\u00e1ln\u011b 2 hodiny denn\u011b b\u011bhem b\u011b\u017en\u00e9ho obdob\u00ed osv\u011btlen\u00ed. Doporu\u010dujeme pou\u017e\u00edvat samostatn\u00fd \u010dasova\u010d pro ovl\u00e1d\u00e1n\u00ed UV osv\u011btlen\u00ed.<\/p>\n<p>Cosmorrow IR Boosters poskytuj\u00ed va\u0161im rostlin\u00e1m trochu dal\u0161\u00edho tepla a podporuj\u00ed v\u00fdvoj vy\u0161\u0161\u00edch rostlin s del\u0161\u00edmi internodii. IR sv\u011btlo m\u016f\u017ee tak\u00e9 pomoci spustit kveten\u00ed. M\u016f\u017eete je pou\u017e\u00edvat spolu s b\u011b\u017en\u00fdm osv\u011btlen\u00edm a pou\u017e\u00edvat je po celou dobu osv\u011btlen\u00ed.[\/vc_column_text][\/vc_tta_section][vc_tta_section title=&#8220;Mohu upgradovat TNOLED sady?&#8220; tab_id=&#8220;1717579202396-7cf5319a-4b2c&#8220;][vc_column_text]Na\u0161e aktu\u00e1ln\u00ed \u0159ada TNOLED sad m\u016f\u017ee b\u00fdt upgradov\u00e1na jednodu\u0161e p\u0159id\u00e1n\u00edm dal\u0161\u00ed \u017e\u00e1rovky. P\u0159ilo\u017een\u00fd nap\u00e1jec\u00ed zdroj m\u00e1 ji\u017e p\u0159ipraven\u00fd dal\u0161\u00ed konektor.<\/p>\n<ul>\n<li><strong>TNO40GR<\/strong>: Lze upgradovat na 60W p\u0159id\u00e1n\u00edm \u017e\u00e1rovky COP2065.<\/li>\n<li><strong>TNO80GR<\/strong>: Lze upgradovat na 120W p\u0159id\u00e1n\u00edm \u017e\u00e1rovky COP4065.<\/li>\n<\/ul>\n<p>Star\u0161\u00ed modely TNO4065, TNO8065, TNO40BL a TNO80BL nelze upgradovat.[\/vc_column_text][\/vc_tta_section][vc_tta_section title=&#8220;Mohu upgradovat Cosmorrow sady?&#8220; tab_id=&#8220;1717579202938-1cb899a4-91dd&#8220;][vc_column_text]Na\u0161e aktu\u00e1ln\u00ed \u0159ada Cosmorrow sad m\u016f\u017ee b\u00fdt upgradov\u00e1na p\u0159id\u00e1n\u00edm dal\u0161\u00edch \u017e\u00e1rovek a dal\u0161\u00edch nap\u00e1jec\u00edch zdroj\u016f.<\/p>\n<ul>\n<li><strong>COM200FS<\/strong>: Lze upgradovat na 280W p\u0159id\u00e1n\u00edm dvou \u017e\u00e1rovek COP40FS a bu\u010f 2x COM40 nebo 1x COM2X40 nap\u00e1jec\u00ed zdroj.<\/li>\n<li><strong>COM100FS<\/strong>: Lze upgradovat na 140W p\u0159id\u00e1n\u00edm dvou \u017e\u00e1rovek COP20FS a bu\u010f 2x COM20 nebo 1x COM2X20 nap\u00e1jec\u00ed zdroj.<\/li>\n<li><strong>COM60FS<\/strong>: Lze upgradovat na 100W p\u0159id\u00e1n\u00edm dvou \u017e\u00e1rovek COP20FS a bu\u010f 2x COM20 nebo 1x COM2X20 nap\u00e1jec\u00ed zdroj.<\/li>\n<\/ul>\n<p>Star\u0161\u00ed modely COM60K a COM100K nelze upgradovat.[\/vc_column_text][\/vc_tta_section][vc_tta_section title=&#8220;Mohu nainstalovat Secret Jardin Extractor vertik\u00e1ln\u011b na strop sv\u00e9ho stanu?&#8220; tab_id=&#8220;1717579203426-e64869bf-f2e1&#8243;][vc_column_text]Ano! Do kter\u00e9hokoli rohu stanu m\u016f\u017eete nainstalovat p\u0159\u00edrubu pro potrub\u00ed. To zahrnuje tak\u00e9 rohy na strop\u011b. Pot\u00e9 m\u016f\u017eete p\u0159ipojit extraktor a filtr stejn\u011b jako na boku stanu bez probl\u00e9m\u016f![\/vc_column_text][vc_single_image image=&#8220;57721&#8243; img_size=&#8220;medium&#8220;][\/vc_tta_section][vc_tta_section title=&#8220;Jak nainstaluji filtr DF16F100 s extraktorem DF16E150?&#8220; tab_id=&#8220;1717579204063-b2793d87-de4c&#8220;][vc_column_text]Filtr DF16F100 je navr\u017een tak, aby se ve\u0161el do p\u0159\u00edruby pro potrub\u00ed DF16 stejn\u011b jako sv\u011bteln\u00fd deflektor. Kv\u016fli tomu mus\u00ed b\u00fdt p\u0159i pou\u017eit\u00ed filtru DF16F100 extraktor um\u00edst\u011bn mimo p\u0159\u00edrubu pro potrub\u00ed. Pokud pot\u0159ebujete udr\u017eet extraktor uvnit\u0159 stanu, doporu\u010dujeme pou\u017e\u00edt v\u011bt\u0161\u00ed filtr DF16F150, kter\u00fd lze p\u0159ipevnit na extraktor.[\/vc_column_text][vc_single_image image=&#8220;57730&#8243; img_size=&#8220;medium&#8220;][\/vc_tta_section][vc_tta_section title=&#8220;Mohu p\u0159ipojit DF16E350 extraktor k p\u0159\u00edrub\u011b pro potrub\u00ed DF25?&#8220; tab_id=&#8220;1717579204704-00a7ca15-b997&#8243;][vc_column_text]Ne p\u0159\u00edmo, ne. DF16E350 extraktor je ur\u010den pro pou\u017eit\u00ed s DF16 p\u0159\u00edrubou pro potrub\u00ed a DF16 konektory. Pokud je v\u00e1\u0161 stan vybaven ty\u010demi o pr\u016fm\u011bru 25 mm a DF25 p\u0159\u00edrubami pro potrub\u00ed, je pr\u016fm\u011br otvoru v\u011bt\u0161\u00ed a extraktor se nevejde. M\u016f\u017eete v\u0161ak vytvo\u0159it rozhran\u00ed pomoc\u00ed Secret Jardin konektor\u016f a gumov\u00fdch kan\u00e1l\u016f, jak je uvedeno n\u00ed\u017ee.<\/p>\n<p>Budete pot\u0159ebovat:<\/p>\n<ul>\n<li><strong>DF16150<\/strong> DF16 konektor pro kan\u00e1ly o pr\u016fm\u011bru 150 mm<\/li>\n<li><strong>RD150<\/strong> Gumov\u00fd kan\u00e1l o pr\u016fm\u011bru 150 mm<\/li>\n<li><strong>DF25150<\/strong> DF25 konektor pro kan\u00e1ly o pr\u016fm\u011bru 150 mm<\/li>\n<\/ul>\n[\/vc_column_text][vc_single_image image=&#8220;50252&#8243; img_size=&#8220;500&#215;500&#8243;][\/vc_tta_section][vc_tta_section title=&#8220;Blik\u00e1 va\u0161e Power Pack LED?&#8220; tab_id=&#8220;1762485944871-6b81d6ca-8f93&#8243;][vc_column_text]To znamen\u00e1, \u017ee elektrick\u00e9 zapojen\u00ed ve va\u0161\u00ed dom\u00e1cnosti je nespr\u00e1vn\u00e9 \u2014 f\u00e1ze a nulov\u00fd vodi\u010d jsou v z\u00e1suvce se t\u0159emi vodi\u010di prohozen\u00e9.<br \/>\nLED syst\u00e9my jsou na toto zapojen\u00ed citliv\u00e9.<\/p>\n<p><strong>\u0158e\u0161en\u00ed:<\/strong><\/p>\n<ol>\n<li>Opravte zapojen\u00ed ve va\u0161\u00ed dom\u00e1cnosti prohozen\u00edm f\u00e1ze a nulov\u00e9ho vodi\u010de v z\u00e1suvce.<\/li>\n<li>Nebo pou\u017eijte bipol\u00e1rn\u00ed \u010dasova\u010d m\u00edsto unipol\u00e1rn\u00edho:\n<ul>\n<li>Unipol\u00e1rn\u00ed: odpojuje pouze f\u00e1zi<\/li>\n<li>Bipol\u00e1rn\u00ed: odpojuje jak f\u00e1zi, tak nulov\u00fd vodi\u010d<\/li>\n<\/ul>\n<\/li>\n<\/ol>\n[\/vc_column_text]<figure class=\"vcex-image vcex-module wpex-clr\"><div class=\"vcex-image-inner wpex-inline-block wpex-relative vc_custom_1762486007759\"><img decoding=\"async\" loading=\"lazy\" class=\"wpex-align-middle\" src=\"https:\/\/www.secretjardin.com\/wp-content\/uploads\/2025\/11\/PP-FLASHING-ISSUES.png\" alt=\"\" width=\"788\" height=\"1000\" \/><\/div><\/figure>[\/vc_tta_section][\/vc_tta_accordion][\/vc_column][vc_column][vc_tta_accordion active_section=&#8220;&#8220; title=&#8220;SECRET JARDIN RAD\u00cd&#8220;][vc_tta_section title=&#8220;Pro\u010d pou\u017e\u00edvat p\u011bstebn\u00ed stan ?&#8220; tab_id=&#8220;1650618388200-a64f56f3-e714&#8243;][vc_column_text]A\u0165 u\u017e jste za\u010d\u00e1te\u010dn\u00edk, kter\u00fd chce vyp\u011bstovat n\u011bkolik rostlin, nebo zku\u0161en\u00fd p\u011bstitel, kter\u00fd hled\u00e1 nejefektivn\u011bj\u0161\u00ed \u0159e\u0161en\u00ed, p\u011bstebn\u00ed stan je tou nejlep\u0161\u00ed volbou. Vynikaj\u00edc\u00ed pom\u011br prostoru a energetick\u00e9 \u00fa\u010dinnosti v\u00e1m umo\u017en\u00ed p\u011bstovat celoro\u010dn\u011b v kontrolovan\u00e9m prost\u0159ed\u00ed, uzamknout sv\u011btlo a pachy a eliminovat nebezpe\u010d\u00ed v\u00fdskytu \u0161k\u016fdc\u016f.[\/vc_column_text][\/vc_tta_section][vc_tta_section title=&#8220;Jak\u00e1 konfigurace osv\u011btlen\u00ed, ods\u00e1v\u00e1n\u00ed a filtru pro m\u016fj p\u011bstebn\u00ed stan ?&#8220; tab_id=&#8220;1642077754160-84e5d40f-2d64&#8243;][vc_column_text]Typ a povaha va\u0161\u00ed plodiny, stejn\u011b jako prost\u0159ed\u00ed, ve kter\u00e9m p\u011bstujete, to v\u0161e jsou parametry, na kter\u00fdch z\u00e1vis\u00ed odpov\u011b\u010f. Rady jsou k dispozici v na\u0161em <a href=\"https:\/\/www.secretjardin.com\/cs\/osvetleni\/\">sekci osv\u011btlen\u00ed<\/a> a v na\u0161\u00ed <a href=\"https:\/\/www.secretjardin.com\/cs\/ventilation\/\">sekci ventilace<\/a> kter\u00e9 v\u00e1m pomohou naj\u00edt \u0159e\u0161en\u00ed odpov\u00eddaj\u00edc\u00ed va\u0161im pot\u0159eb\u00e1m.[\/vc_column_text][\/vc_tta_section][vc_tta_section title=&#8220;M\u016fj stan je p\u0159\u00edli\u0161 hork\u00fd, co m\u00e1m d\u011blat?&#8220; tab_id=&#8220;1642077754160-2102b35c-c174&#8243;][vc_column_text]N\u011bkolik p\u00e1k v\u00e1m umo\u017en\u00ed p\u016fsobit na teplotu ve va\u0161\u00ed p\u011bstebn\u00ed m\u00edstnosti, v\u0161echny na\u0161e rady si m\u016f\u017eete p\u0159e\u010d\u00edst v na\u0161em <a href=\"https:\/\/www.secretjardin.com\/cs\/ventilation\/\">sekci ventilace<\/a>.[\/vc_column_text][\/vc_tta_section][\/vc_tta_accordion][\/vc_column][vc_column][vc_tta_accordion active_section=&#8220;&#8220; title=&#8220;TECHNICK\u00c9 OT\u00c1ZKY&#8220;][vc_tta_section title=&#8220;Mohu propojit jin\u00fd stan ?&#8220; tab_id=&#8220;1642077821769-6085a5a1-3506&#8243;][vc_column_text]P\u011bstebn\u00ed stany Intense jsou nativn\u011b navr\u017eeny tak, aby je bylo mo\u017en\u00e9 propojit ze v\u0161ech 4 stran, viz. <a href=\"https:\/\/www.secretjardin.com\/wp-content\/uploads\/2022\/05\/20220515-CATALOGUE-PAGE-INTENSE-LINKABLE.pdf\/\">ZDE<\/a> r\u016fzn\u00e9 mo\u017enosti propojen\u00ed v z\u00e1vislosti na konfiguraci, kterou pot\u0159ebujete.[\/vc_column_text][\/vc_tta_section][\/vc_tta_accordion][\/vc_column][vc_column][\/vc_column][\/vc_row]\n","protected":false},"excerpt":{"rendered":"<p>[vc_row][vc_column][vc_column_text]Hled\u00e1te pomoc? Odpov\u011bdi na nej\u010dast\u011bji kladen\u00e9 ot\u00e1zky naleznete v t\u00e9to sekci \u010dasto kladen\u00fdch ot\u00e1zek. V p\u0159\u00edpad\u011b jak\u00fdchkoli dal\u0161\u00edch ot\u00e1zek n\u00e1s pros\u00edm kontaktujte prost\u0159ednictv\u00edm na\u0161eho kontaktn\u00ed formul\u00e1\u0159.[\/vc_column_text][\/vc_column][\/vc_row][vc_row][vc_column][vc_tta_accordion active_section=&#8220;&#8220; title=&#8220;OBECN\u00c9 OT\u00c1ZKY&#8220;][vc_tta_section title=&#8220;Kde mohu zakoupit va\u0161e v\u00fdrobky \/ n\u00e1hradn\u00ed d\u00edly ?&#8220; tab_id=&#8220;1642077249390-fc91fe83-8aba&#8220;][vc_column_text]Growers :&hellip;<\/p>\n","protected":false},"author":2,"featured_media":0,"parent":0,"menu_order":0,"comment_status":"closed","ping_status":"closed","template":"templates\/no-sidebar.php","meta":{"_acf_changed":false,"footnotes":""},"class_list":["post-29797","page","type-page","status-publish","hentry","entry","no-media"],"acf":[],"yoast_head":"<!-- This site is optimized with the Yoast SEO plugin v27.5 - https:\/\/yoast.com\/product\/yoast-seo-wordpress\/ -->\n<title>\u010cASTO KLADEN\u00c9 DOTAZY - Secret Jardin<\/title>\n<meta name=\"description\" content=\"Hled\u00e1te pomoc? Najd\u011bte odpov\u011bdi na nej\u010dast\u011bji kladen\u00e9 ot\u00e1zky. V p\u0159\u00edpad\u011b jak\u00fdchkoli dal\u0161\u00edch n\u00e1s kontaktujte prost\u0159ednictv\u00edm kontaktn\u00edho formul\u00e1\u0159e.\" \/>\n<meta name=\"robots\" content=\"index, follow, max-snippet:-1, max-image-preview:large, max-video-preview:-1\" \/>\n<link rel=\"canonical\" href=\"https:\/\/www.secretjardin.com\/cs\/faq\/\" \/>\n<meta property=\"og:locale\" content=\"cs_CZ\" \/>\n<meta property=\"og:type\" content=\"article\" \/>\n<meta property=\"og:title\" content=\"\u010cASTO KLADEN\u00c9 DOTAZY - Secret Jardin\" \/>\n<meta property=\"og:description\" content=\"Hled\u00e1te pomoc? Najd\u011bte odpov\u011bdi na nej\u010dast\u011bji kladen\u00e9 ot\u00e1zky. V p\u0159\u00edpad\u011b jak\u00fdchkoli dal\u0161\u00edch n\u00e1s kontaktujte prost\u0159ednictv\u00edm kontaktn\u00edho formul\u00e1\u0159e.\" \/>\n<meta property=\"og:url\" content=\"https:\/\/www.secretjardin.com\/cs\/faq\/\" \/>\n<meta property=\"og:site_name\" content=\"Secret Jardin\" \/>\n<meta property=\"article:publisher\" content=\"https:\/\/www.facebook.com\/SecretJardin\/\" \/>\n<meta property=\"article:modified_time\" content=\"2026-03-12T19:10:00+00:00\" \/>\n<meta name=\"twitter:card\" content=\"summary_large_image\" \/>\n<meta name=\"twitter:label1\" content=\"Odhadovan\u00e1 doba \u010dten\u00ed\" \/>\n\t<meta name=\"twitter:data1\" content=\"6 minut\" \/>\n<script type=\"application\/ld+json\" class=\"yoast-schema-graph\">{\"@context\":\"https:\\\/\\\/schema.org\",\"@graph\":[{\"@type\":\"WebPage\",\"@id\":\"https:\\\/\\\/www.secretjardin.com\\\/cs\\\/faq\\\/\",\"url\":\"https:\\\/\\\/www.secretjardin.com\\\/cs\\\/faq\\\/\",\"name\":\"\u010cASTO KLADEN\u00c9 DOTAZY - Secret Jardin\",\"isPartOf\":{\"@id\":\"https:\\\/\\\/www.secretjardin.com\\\/cs\\\/#website\"},\"datePublished\":\"2022-01-13T14:55:08+00:00\",\"dateModified\":\"2026-03-12T19:10:00+00:00\",\"description\":\"Hled\u00e1te pomoc? Najd\u011bte odpov\u011bdi na nej\u010dast\u011bji kladen\u00e9 ot\u00e1zky. V p\u0159\u00edpad\u011b jak\u00fdchkoli dal\u0161\u00edch n\u00e1s kontaktujte prost\u0159ednictv\u00edm kontaktn\u00edho formul\u00e1\u0159e.\",\"breadcrumb\":{\"@id\":\"https:\\\/\\\/www.secretjardin.com\\\/cs\\\/faq\\\/#breadcrumb\"},\"inLanguage\":\"cs\",\"potentialAction\":[{\"@type\":\"ReadAction\",\"target\":[\"https:\\\/\\\/www.secretjardin.com\\\/cs\\\/faq\\\/\"]}]},{\"@type\":\"BreadcrumbList\",\"@id\":\"https:\\\/\\\/www.secretjardin.com\\\/cs\\\/faq\\\/#breadcrumb\",\"itemListElement\":[{\"@type\":\"ListItem\",\"position\":1,\"name\":\"Home\",\"item\":\"https:\\\/\\\/www.secretjardin.com\\\/cs\\\/\"},{\"@type\":\"ListItem\",\"position\":2,\"name\":\"\u010cASTO KLADEN\u00c9 DOTAZY\"}]},{\"@type\":\"WebSite\",\"@id\":\"https:\\\/\\\/www.secretjardin.com\\\/cs\\\/#website\",\"url\":\"https:\\\/\\\/www.secretjardin.com\\\/cs\\\/\",\"name\":\"Secret Jardin\",\"description\":\"\",\"publisher\":{\"@id\":\"https:\\\/\\\/www.secretjardin.com\\\/cs\\\/#organization\"},\"potentialAction\":[{\"@type\":\"SearchAction\",\"target\":{\"@type\":\"EntryPoint\",\"urlTemplate\":\"https:\\\/\\\/www.secretjardin.com\\\/cs\\\/?s={search_term_string}\"},\"query-input\":{\"@type\":\"PropertyValueSpecification\",\"valueRequired\":true,\"valueName\":\"search_term_string\"}}],\"inLanguage\":\"cs\"},{\"@type\":\"Organization\",\"@id\":\"https:\\\/\\\/www.secretjardin.com\\\/cs\\\/#organization\",\"name\":\"Secret Jardin\",\"url\":\"https:\\\/\\\/www.secretjardin.com\\\/cs\\\/\",\"logo\":{\"@type\":\"ImageObject\",\"inLanguage\":\"cs\",\"@id\":\"https:\\\/\\\/www.secretjardin.com\\\/cs\\\/#\\\/schema\\\/logo\\\/image\\\/\",\"url\":\"https:\\\/\\\/www.secretjardin.com\\\/wp-content\\\/uploads\\\/2019\\\/05\\\/header_logo.png\",\"contentUrl\":\"https:\\\/\\\/www.secretjardin.com\\\/wp-content\\\/uploads\\\/2019\\\/05\\\/header_logo.png\",\"width\":481,\"height\":198,\"caption\":\"Secret Jardin\"},\"image\":{\"@id\":\"https:\\\/\\\/www.secretjardin.com\\\/cs\\\/#\\\/schema\\\/logo\\\/image\\\/\"},\"sameAs\":[\"https:\\\/\\\/www.facebook.com\\\/SecretJardin\\\/\",\"https:\\\/\\\/www.instagram.com\\\/secretjardin_\\\/?hl=fr\",\"https:\\\/\\\/www.linkedin.com\\\/company\\\/secret-jardin\\\/about\\\/\"]}]}<\/script>\n<!-- \/ Yoast SEO plugin. -->","yoast_head_json":{"title":"\u010cASTO KLADEN\u00c9 DOTAZY - Secret Jardin","description":"Hled\u00e1te pomoc? Najd\u011bte odpov\u011bdi na nej\u010dast\u011bji kladen\u00e9 ot\u00e1zky. V p\u0159\u00edpad\u011b jak\u00fdchkoli dal\u0161\u00edch n\u00e1s kontaktujte prost\u0159ednictv\u00edm kontaktn\u00edho formul\u00e1\u0159e.","robots":{"index":"index","follow":"follow","max-snippet":"max-snippet:-1","max-image-preview":"max-image-preview:large","max-video-preview":"max-video-preview:-1"},"canonical":"https:\/\/www.secretjardin.com\/cs\/faq\/","og_locale":"cs_CZ","og_type":"article","og_title":"\u010cASTO KLADEN\u00c9 DOTAZY - Secret Jardin","og_description":"Hled\u00e1te pomoc? Najd\u011bte odpov\u011bdi na nej\u010dast\u011bji kladen\u00e9 ot\u00e1zky. V p\u0159\u00edpad\u011b jak\u00fdchkoli dal\u0161\u00edch n\u00e1s kontaktujte prost\u0159ednictv\u00edm kontaktn\u00edho formul\u00e1\u0159e.","og_url":"https:\/\/www.secretjardin.com\/cs\/faq\/","og_site_name":"Secret Jardin","article_publisher":"https:\/\/www.facebook.com\/SecretJardin\/","article_modified_time":"2026-03-12T19:10:00+00:00","twitter_card":"summary_large_image","twitter_misc":{"Odhadovan\u00e1 doba \u010dten\u00ed":"6 minut"},"schema":{"@context":"https:\/\/schema.org","@graph":[{"@type":"WebPage","@id":"https:\/\/www.secretjardin.com\/cs\/faq\/","url":"https:\/\/www.secretjardin.com\/cs\/faq\/","name":"\u010cASTO KLADEN\u00c9 DOTAZY - Secret Jardin","isPartOf":{"@id":"https:\/\/www.secretjardin.com\/cs\/#website"},"datePublished":"2022-01-13T14:55:08+00:00","dateModified":"2026-03-12T19:10:00+00:00","description":"Hled\u00e1te pomoc? Najd\u011bte odpov\u011bdi na nej\u010dast\u011bji kladen\u00e9 ot\u00e1zky. V p\u0159\u00edpad\u011b jak\u00fdchkoli dal\u0161\u00edch n\u00e1s kontaktujte prost\u0159ednictv\u00edm kontaktn\u00edho formul\u00e1\u0159e.","breadcrumb":{"@id":"https:\/\/www.secretjardin.com\/cs\/faq\/#breadcrumb"},"inLanguage":"cs","potentialAction":[{"@type":"ReadAction","target":["https:\/\/www.secretjardin.com\/cs\/faq\/"]}]},{"@type":"BreadcrumbList","@id":"https:\/\/www.secretjardin.com\/cs\/faq\/#breadcrumb","itemListElement":[{"@type":"ListItem","position":1,"name":"Home","item":"https:\/\/www.secretjardin.com\/cs\/"},{"@type":"ListItem","position":2,"name":"\u010cASTO KLADEN\u00c9 DOTAZY"}]},{"@type":"WebSite","@id":"https:\/\/www.secretjardin.com\/cs\/#website","url":"https:\/\/www.secretjardin.com\/cs\/","name":"Secret Jardin","description":"","publisher":{"@id":"https:\/\/www.secretjardin.com\/cs\/#organization"},"potentialAction":[{"@type":"SearchAction","target":{"@type":"EntryPoint","urlTemplate":"https:\/\/www.secretjardin.com\/cs\/?s={search_term_string}"},"query-input":{"@type":"PropertyValueSpecification","valueRequired":true,"valueName":"search_term_string"}}],"inLanguage":"cs"},{"@type":"Organization","@id":"https:\/\/www.secretjardin.com\/cs\/#organization","name":"Secret Jardin","url":"https:\/\/www.secretjardin.com\/cs\/","logo":{"@type":"ImageObject","inLanguage":"cs","@id":"https:\/\/www.secretjardin.com\/cs\/#\/schema\/logo\/image\/","url":"https:\/\/www.secretjardin.com\/wp-content\/uploads\/2019\/05\/header_logo.png","contentUrl":"https:\/\/www.secretjardin.com\/wp-content\/uploads\/2019\/05\/header_logo.png","width":481,"height":198,"caption":"Secret Jardin"},"image":{"@id":"https:\/\/www.secretjardin.com\/cs\/#\/schema\/logo\/image\/"},"sameAs":["https:\/\/www.facebook.com\/SecretJardin\/","https:\/\/www.instagram.com\/secretjardin_\/?hl=fr","https:\/\/www.linkedin.com\/company\/secret-jardin\/about\/"]}]}},"_links":{"self":[{"href":"https:\/\/www.secretjardin.com\/cs\/wp-json\/wp\/v2\/pages\/29797","targetHints":{"allow":["GET"]}}],"collection":[{"href":"https:\/\/www.secretjardin.com\/cs\/wp-json\/wp\/v2\/pages"}],"about":[{"href":"https:\/\/www.secretjardin.com\/cs\/wp-json\/wp\/v2\/types\/page"}],"author":[{"embeddable":true,"href":"https:\/\/www.secretjardin.com\/cs\/wp-json\/wp\/v2\/users\/2"}],"replies":[{"embeddable":true,"href":"https:\/\/www.secretjardin.com\/cs\/wp-json\/wp\/v2\/comments?post=29797"}],"version-history":[{"count":0,"href":"https:\/\/www.secretjardin.com\/cs\/wp-json\/wp\/v2\/pages\/29797\/revisions"}],"wp:attachment":[{"href":"https:\/\/www.secretjardin.com\/cs\/wp-json\/wp\/v2\/media?parent=29797"}],"curies":[{"name":"wp","href":"https:\/\/api.w.org\/{rel}","templated":true}]}}