{"id":18529,"date":"2021-07-29T13:28:54","date_gmt":"2021-07-29T13:28:54","guid":{"rendered":"https:\/\/www.secretjardin.com\/certifikace\/"},"modified":"2024-01-16T14:34:44","modified_gmt":"2024-01-16T14:34:44","slug":"certifikace","status":"publish","type":"page","link":"https:\/\/www.secretjardin.com\/cs\/certifikace\/","title":{"rendered":"Certifikace"},"content":{"rendered":"[vc_row][vc_column]<h2 class=\"vcex-module vcex-heading wpex-text-2xl wpex-font-normal wpex-m-auto wpex-max-w-100 vcex-heading-plain wpex-block\"><span class=\"vcex-heading-inner wpex-inline-block wpex-clr\">Z\u00e1ruka certifikace Secret Jardin<\/span><\/h2>[\/vc_column][\/vc_row][vc_row][vc_column][vc_column_text]<strong>Evropsk\u00e1 a mezin\u00e1rodn\u00ed certifikace z\u00e1ruky Secret Jardin<\/strong> u\u017eivatel\u016fm respektov\u00e1n\u00ed platn\u00fdch norem kvality a bezpe\u010dnosti. N\u011bkter\u00e9 na\u0161e stany, osv\u011btlen\u00ed a ve\u0161ker\u00e9 na\u0161e elektrick\u00e9 nebo elektronick\u00e9 p\u0159\u00edslu\u0161enstv\u00ed jsou certifikov\u00e1ny, standardizov\u00e1ny a \/ nebo ozna\u010deny.<\/p>\n<p><strong>Na\u0161e v\u00fdrobky spl\u0148uj\u00ed normy<\/strong> kter\u00e9 zaru\u010duj\u00ed st\u00e1lou a optim\u00e1ln\u00ed kvalitu poskytovan\u00fdch produkt\u016f a slu\u017eeb.<\/p>\n<p><strong>N\u011bkter\u00e9 z na\u0161ich produkt\u016f obsahuj\u00ed \u0161t\u00edtek<\/strong> t\u00fdkaj\u00edc\u00ed se jejich kvalifikace. D\u00edky na\u0161im \u0161t\u00edtk\u016fm najdete v\u0161echny charakteristiky o\u010dek\u00e1van\u00e9 \u00farovn\u011b v\u00fdkonu na\u0161ich produkt\u016f a slu\u017eeb, kter\u00e9 poskytujeme.<\/p>\n<p>Na\u0161e certifikace byly ud\u011bleny p\u0159\u00edslu\u0161n\u00fdmi org\u00e1ny. Na\u0161e certifikovan\u00e9 produkty v\u00e1m zaru\u010duj\u00ed kvalitu nebo slu\u017ebu, kter\u00e1 spl\u0148uje po\u017eadavky uveden\u00e9 v \u00falo\u017ei\u0161ti.<\/p>\n<p><strong>Na\u0161e charterov\u00e1 kvalita<\/strong> je form\u00e1ln\u00ed z\u00e1vazek u\u010din\u011bn\u00fd v\u016f\u010di na\u0161im z\u00e1kazn\u00edk\u016fm, dodavatel\u016fm, zam\u011bstnanc\u016fm a organizac\u00edm, kter\u00e9 vyd\u00e1vaj\u00ed z\u00e1ruky. T\u00edmto smluvn\u00edm dokumentem Secret Jardin vyjad\u0159uje sv\u00e9 hlavn\u00ed znepokojen\u00ed ohledn\u011b spokojenosti sv\u00fdch z\u00e1kazn\u00edk\u016f. Zav\u00e1zali jsme se k neust\u00e1l\u00e9mu obnovov\u00e1n\u00ed kvalitativn\u00edho p\u0159\u00edstupu a mobilizujeme ve\u0161kerou na\u0161i energii k neust\u00e1l\u00e9mu zlep\u0161ov\u00e1n\u00ed na\u0161eho intenzivn\u00edho zem\u011bd\u011blsk\u00e9ho vybaven\u00ed. V neust\u00e1l\u00e9m sebevyhodnocen\u00ed poslouch\u00e1 Secret Jardin v\u0161echny n\u00e1vrhy.[\/vc_column_text][\/vc_column][\/vc_row][vc_row][vc_column]<div class=\"textcenter theme-button-block-wrap wpex-block wpex-clear theme-button-wrap wpex-clr\"><a href=\"https:\/\/www.secretjardin.com\/cs\/zdroje\/certifikace\/certifikovane-dokumenty\/\" class=\"vcex-button theme-button medium align-center block\"><span class=\"theme-button-inner\">Z\u00edskejte p\u0159\u00edstup k certifikac\u00edm podle produktu<span class=\"vcex-icon-wrap theme-button-icon-right\"><span class=\"ticon ticon-angle-right\" aria-hidden=\"true\"><\/span><\/span><\/span><\/a><\/div> [\/vc_column][\/vc_row][vc_row][vc_column width=&#8220;1\/3&#8243;][vc_single_image image=&#8220;18530&#8243; img_size=&#8220;thumbnail&#8220; add_caption=&#8220;yes&#8220; alignment=&#8220;left&#8220; onclick=&#8220;custom_link&#8220; img_link_target=&#8220;_blank&#8220; link=&#8220;https:%2F%2Fwww.fcc.gov%2F|&#8220;][vc_column_text]\n<h3>FEDER\u00c1LN\u00cd KOMISE PRO KOMUNIKACI<\/h3>\n<p>FCC je americk\u00e1 organizace, kter\u00e1 certifikuje a ov\u011b\u0159uje v\u0161echna za\u0159\u00edzen\u00ed, kter\u00e1 vyd\u00e1vaj\u00ed elektromagnetick\u00e9 vlny pro prodej ve Spojen\u00fdch st\u00e1tech. Industry Canada tak\u00e9 p\u0159ij\u00edm\u00e1 zpr\u00e1vy o shod\u011b s americk\u00fdmi FCC. \u017dadatel popisuje, jak jsou normy FCC ve srovn\u00e1n\u00ed s normami Kanady pou\u017eit\u00fdmi na dan\u00e9 za\u0159\u00edzen\u00ed. V p\u0159\u00edpad\u011b odchylek od jin\u00fdch zkou\u0161ek jsou po\u017eadov\u00e1ny.[\/vc_column_text][\/vc_column][vc_column width=&#8220;1\/3&#8243;][vc_single_image image=&#8220;18531&#8243; img_size=&#8220;thumbnail&#8220; add_caption=&#8220;yes&#8220; alignment=&#8220;left&#8220; onclick=&#8220;custom_link&#8220; img_link_target=&#8220;_blank&#8220; link=&#8220;https:%2F%2Fwww.economie.gouv.fr%2Fdgccrf%2FPublications%2FVie-pratique%2FFiches-pratiques%2FLe-marquage-CE|&#8220;][vc_column_text]\n<h3>EVROPSK\u00c1 SHODA<\/h3>\n<p>Zna\u010dka CE je po\u017eadavkem na v\u00fdrobky prod\u00e1van\u00e9 na evropsk\u00e9m trhu. Zna\u010dka ES ozna\u010duje, \u017ee produkt spl\u0148uje po\u017eadavky na zdrav\u00ed a bezpe\u010dnost stanoven\u00e9 v evropsk\u00fdch pr\u00e1vn\u00edch p\u0159edpisech (sm\u011brnic\u00edch), a je povinn\u00e1 pro za\u0159\u00edzen\u00ed provozovan\u00e1 v Evropsk\u00e9 unii (EU). Jakmile produkt obdr\u017e\u00ed zna\u010dku CE, m\u016f\u017ee se voln\u011b pohybovat v zem\u00edch Evropsk\u00e9 unie[\/vc_column_text][\/vc_column][vc_column width=&#8220;1\/3&#8243;][vc_single_image image=&#8220;18532&#8243; img_size=&#8220;thumbnail&#8220; add_caption=&#8220;yes&#8220; alignment=&#8220;left&#8220; onclick=&#8220;custom_link&#8220; img_link_target=&#8220;_blank&#8220; link=&#8220;http:%2F%2Fwww.sgs.com%2F|&#8220;][vc_column_text]\n<h3>SKUPINA SGS<\/h3>\n<p>SGS je sv\u011btov\u00fd l\u00eddr v oblasti kontroly a certifikace. Uzn\u00e1v\u00e1n jako n\u00e1rodn\u011b uzn\u00e1van\u00e1 zku\u0161ebn\u00ed laborato\u0159, testuje v\u00fdrobky podle norem UL, CSA a CE. Produkt ozna\u010den\u00fd zna\u010dkou znamen\u00e1, \u017ee v\u00fdrobn\u00ed z\u00e1vod v\u00fdrobce odpov\u00edd\u00e1 bezpe\u010dnostn\u00edm norm\u00e1m UL a CSA a je pravideln\u011b kontrolov\u00e1n. Spl\u0148uje proto po\u017eadavky bezpe\u010dnostn\u00edch norem.[\/vc_column_text][\/vc_column][\/vc_row][vc_row][vc_column width=&#8220;1\/3&#8243;][vc_single_image image=&#8220;18533&#8243; img_size=&#8220;thumbnail&#8220; add_caption=&#8220;yes&#8220; alignment=&#8220;left&#8220; onclick=&#8220;custom_link&#8220; img_link_target=&#8220;_blank&#8220; link=&#8220;https:%2F%2Fwww.osha.gov%2Fdts%2Fotpca%2Fnrtl%2Ful.html|&#8220;][vc_column_text]\n<h3>PODPISOVATELE LABORATORIES INC.<\/h3>\n<p>Underwriters Laboratories Inc. (<a href=\"https:\/\/www.ul.com\/\" target=\"_blank\" rel=\"noopener noreferrer\"> www.ul.com<\/a> ) je nez\u00e1visl\u00e1 neziskov\u00e1 organizace, kter\u00e1 hodnot\u00ed testovac\u00ed standardy a testuje bezpe\u010dnost produkt\u016f a certifikuje je. Spole\u010dnost UL vyvinula v\u00edce ne\u017e 800 bezpe\u010dnostn\u00edch standard\u016f a miliony produkt\u016f a komponent jsou testov\u00e1ny podle bezpe\u010dnostn\u00edch standard\u016f UL.[\/vc_column_text][\/vc_column][vc_column width=&#8220;1\/3&#8243;][vc_single_image image=&#8220;18534&#8243; img_size=&#8220;thumbnail&#8220; add_caption=&#8220;yes&#8220; alignment=&#8220;left&#8220; onclick=&#8220;custom_link&#8220; img_link_target=&#8220;_blank&#8220; link=&#8220;http:%2F%2Fwww.csagroup.org%2F|&#8220;][vc_column_text]\n<h3>SDRU\u017dEN\u00cd KANADSK\u00ddCH NOREM<\/h3>\n<p>CSA vyv\u00edj\u00ed standardy pro ve\u0159ejnou bezpe\u010dnost a slou\u017e\u00ed podnik\u016fm, glob\u00e1ln\u00edmu trhu a spot\u0159ebitel\u016fm v Kanad\u011b. Tato zku\u0161ebn\u00ed laborato\u0159 je v souladu s po\u017eadavky Spojen\u00fdch st\u00e1t\u016f. Podle p\u0159edpis\u016f americk\u00e9ho ministerstva pr\u00e1ce, spr\u00e1vy bezpe\u010dnosti a ochrany zdrav\u00ed p\u0159i pr\u00e1ci je tato zna\u010dka kvalifikov\u00e1na jako alternativa ke zna\u010dce UL.[\/vc_column_text][\/vc_column][vc_column width=&#8220;1\/3&#8243;][\/vc_column][\/vc_row]\n","protected":false},"excerpt":{"rendered":"<p>[vc_row][vc_column][\/vc_column][\/vc_row][vc_row][vc_column][vc_column_text]Evropsk\u00e1 a mezin\u00e1rodn\u00ed certifikace z\u00e1ruky Secret Jardin u\u017eivatel\u016fm respektov\u00e1n\u00ed platn\u00fdch norem kvality a bezpe\u010dnosti. N\u011bkter\u00e9 na\u0161e stany, osv\u011btlen\u00ed a ve\u0161ker\u00e9 na\u0161e elektrick\u00e9 nebo elektronick\u00e9 p\u0159\u00edslu\u0161enstv\u00ed jsou certifikov\u00e1ny, standardizov\u00e1ny a \/ nebo ozna\u010deny. Na\u0161e v\u00fdrobky spl\u0148uj\u00ed normy kter\u00e9 zaru\u010duj\u00ed st\u00e1lou a&hellip;<\/p>\n","protected":false},"author":2,"featured_media":0,"parent":0,"menu_order":5,"comment_status":"closed","ping_status":"closed","template":"templates\/no-sidebar.php","meta":{"_acf_changed":false,"footnotes":""},"class_list":["post-18529","page","type-page","status-publish","hentry","entry","no-media"],"acf":[],"yoast_head":"<!-- This site is optimized with the Yoast SEO plugin v27.5 - https:\/\/yoast.com\/product\/yoast-seo-wordpress\/ -->\n<title>Certifikace - Secret Jardin<\/title>\n<meta name=\"robots\" content=\"index, follow, max-snippet:-1, max-image-preview:large, max-video-preview:-1\" \/>\n<link rel=\"canonical\" href=\"https:\/\/www.secretjardin.com\/cs\/certifikace\/\" \/>\n<meta property=\"og:locale\" content=\"cs_CZ\" \/>\n<meta property=\"og:type\" content=\"article\" \/>\n<meta property=\"og:title\" content=\"Certifikace - Secret Jardin\" \/>\n<meta property=\"og:description\" content=\"[vc_row][vc_column][\/vc_column][\/vc_row][vc_row][vc_column][vc_column_text]Evropsk\u00e1 a mezin\u00e1rodn\u00ed certifikace z\u00e1ruky Secret Jardin u\u017eivatel\u016fm respektov\u00e1n\u00ed platn\u00fdch norem kvality a bezpe\u010dnosti. N\u011bkter\u00e9 na\u0161e stany, osv\u011btlen\u00ed a ve\u0161ker\u00e9 na\u0161e elektrick\u00e9 nebo elektronick\u00e9 p\u0159\u00edslu\u0161enstv\u00ed jsou certifikov\u00e1ny, standardizov\u00e1ny a \/ nebo ozna\u010deny. Na\u0161e v\u00fdrobky spl\u0148uj\u00ed normy kter\u00e9 zaru\u010duj\u00ed st\u00e1lou a&hellip;\" \/>\n<meta property=\"og:url\" content=\"https:\/\/www.secretjardin.com\/cs\/certifikace\/\" \/>\n<meta property=\"og:site_name\" content=\"Secret Jardin\" \/>\n<meta property=\"article:publisher\" content=\"https:\/\/www.facebook.com\/SecretJardin\/\" \/>\n<meta property=\"article:modified_time\" content=\"2024-01-16T14:34:44+00:00\" \/>\n<meta name=\"twitter:card\" content=\"summary_large_image\" \/>\n<meta name=\"twitter:label1\" content=\"Odhadovan\u00e1 doba \u010dten\u00ed\" \/>\n\t<meta name=\"twitter:data1\" content=\"3 minuty\" \/>\n<script type=\"application\/ld+json\" class=\"yoast-schema-graph\">{\"@context\":\"https:\\\/\\\/schema.org\",\"@graph\":[{\"@type\":\"WebPage\",\"@id\":\"https:\\\/\\\/www.secretjardin.com\\\/cs\\\/certifikace\\\/\",\"url\":\"https:\\\/\\\/www.secretjardin.com\\\/cs\\\/certifikace\\\/\",\"name\":\"Certifikace - Secret Jardin\",\"isPartOf\":{\"@id\":\"https:\\\/\\\/www.secretjardin.com\\\/cs\\\/#website\"},\"datePublished\":\"2021-07-29T13:28:54+00:00\",\"dateModified\":\"2024-01-16T14:34:44+00:00\",\"breadcrumb\":{\"@id\":\"https:\\\/\\\/www.secretjardin.com\\\/cs\\\/certifikace\\\/#breadcrumb\"},\"inLanguage\":\"cs\",\"potentialAction\":[{\"@type\":\"ReadAction\",\"target\":[\"https:\\\/\\\/www.secretjardin.com\\\/cs\\\/certifikace\\\/\"]}]},{\"@type\":\"BreadcrumbList\",\"@id\":\"https:\\\/\\\/www.secretjardin.com\\\/cs\\\/certifikace\\\/#breadcrumb\",\"itemListElement\":[{\"@type\":\"ListItem\",\"position\":1,\"name\":\"Home\",\"item\":\"https:\\\/\\\/www.secretjardin.com\\\/cs\\\/\"},{\"@type\":\"ListItem\",\"position\":2,\"name\":\"Zdroje\",\"item\":\"https:\\\/\\\/www.secretjardin.com\\\/cs\\\/zdroje\\\/\"},{\"@type\":\"ListItem\",\"position\":3,\"name\":\"Certifikace\"}]},{\"@type\":\"WebSite\",\"@id\":\"https:\\\/\\\/www.secretjardin.com\\\/cs\\\/#website\",\"url\":\"https:\\\/\\\/www.secretjardin.com\\\/cs\\\/\",\"name\":\"Secret Jardin\",\"description\":\"\",\"publisher\":{\"@id\":\"https:\\\/\\\/www.secretjardin.com\\\/cs\\\/#organization\"},\"potentialAction\":[{\"@type\":\"SearchAction\",\"target\":{\"@type\":\"EntryPoint\",\"urlTemplate\":\"https:\\\/\\\/www.secretjardin.com\\\/cs\\\/?s={search_term_string}\"},\"query-input\":{\"@type\":\"PropertyValueSpecification\",\"valueRequired\":true,\"valueName\":\"search_term_string\"}}],\"inLanguage\":\"cs\"},{\"@type\":\"Organization\",\"@id\":\"https:\\\/\\\/www.secretjardin.com\\\/cs\\\/#organization\",\"name\":\"Secret Jardin\",\"url\":\"https:\\\/\\\/www.secretjardin.com\\\/cs\\\/\",\"logo\":{\"@type\":\"ImageObject\",\"inLanguage\":\"cs\",\"@id\":\"https:\\\/\\\/www.secretjardin.com\\\/cs\\\/#\\\/schema\\\/logo\\\/image\\\/\",\"url\":\"https:\\\/\\\/www.secretjardin.com\\\/wp-content\\\/uploads\\\/2019\\\/05\\\/header_logo.png\",\"contentUrl\":\"https:\\\/\\\/www.secretjardin.com\\\/wp-content\\\/uploads\\\/2019\\\/05\\\/header_logo.png\",\"width\":481,\"height\":198,\"caption\":\"Secret Jardin\"},\"image\":{\"@id\":\"https:\\\/\\\/www.secretjardin.com\\\/cs\\\/#\\\/schema\\\/logo\\\/image\\\/\"},\"sameAs\":[\"https:\\\/\\\/www.facebook.com\\\/SecretJardin\\\/\",\"https:\\\/\\\/www.instagram.com\\\/secretjardin_\\\/?hl=fr\",\"https:\\\/\\\/www.linkedin.com\\\/company\\\/secret-jardin\\\/about\\\/\"]}]}<\/script>\n<!-- \/ Yoast SEO plugin. -->","yoast_head_json":{"title":"Certifikace - Secret Jardin","robots":{"index":"index","follow":"follow","max-snippet":"max-snippet:-1","max-image-preview":"max-image-preview:large","max-video-preview":"max-video-preview:-1"},"canonical":"https:\/\/www.secretjardin.com\/cs\/certifikace\/","og_locale":"cs_CZ","og_type":"article","og_title":"Certifikace - Secret Jardin","og_description":"[vc_row][vc_column][\/vc_column][\/vc_row][vc_row][vc_column][vc_column_text]Evropsk\u00e1 a mezin\u00e1rodn\u00ed certifikace z\u00e1ruky Secret Jardin u\u017eivatel\u016fm respektov\u00e1n\u00ed platn\u00fdch norem kvality a bezpe\u010dnosti. N\u011bkter\u00e9 na\u0161e stany, osv\u011btlen\u00ed a ve\u0161ker\u00e9 na\u0161e elektrick\u00e9 nebo elektronick\u00e9 p\u0159\u00edslu\u0161enstv\u00ed jsou certifikov\u00e1ny, standardizov\u00e1ny a \/ nebo ozna\u010deny. Na\u0161e v\u00fdrobky spl\u0148uj\u00ed normy kter\u00e9 zaru\u010duj\u00ed st\u00e1lou a&hellip;","og_url":"https:\/\/www.secretjardin.com\/cs\/certifikace\/","og_site_name":"Secret Jardin","article_publisher":"https:\/\/www.facebook.com\/SecretJardin\/","article_modified_time":"2024-01-16T14:34:44+00:00","twitter_card":"summary_large_image","twitter_misc":{"Odhadovan\u00e1 doba \u010dten\u00ed":"3 minuty"},"schema":{"@context":"https:\/\/schema.org","@graph":[{"@type":"WebPage","@id":"https:\/\/www.secretjardin.com\/cs\/certifikace\/","url":"https:\/\/www.secretjardin.com\/cs\/certifikace\/","name":"Certifikace - Secret Jardin","isPartOf":{"@id":"https:\/\/www.secretjardin.com\/cs\/#website"},"datePublished":"2021-07-29T13:28:54+00:00","dateModified":"2024-01-16T14:34:44+00:00","breadcrumb":{"@id":"https:\/\/www.secretjardin.com\/cs\/certifikace\/#breadcrumb"},"inLanguage":"cs","potentialAction":[{"@type":"ReadAction","target":["https:\/\/www.secretjardin.com\/cs\/certifikace\/"]}]},{"@type":"BreadcrumbList","@id":"https:\/\/www.secretjardin.com\/cs\/certifikace\/#breadcrumb","itemListElement":[{"@type":"ListItem","position":1,"name":"Home","item":"https:\/\/www.secretjardin.com\/cs\/"},{"@type":"ListItem","position":2,"name":"Zdroje","item":"https:\/\/www.secretjardin.com\/cs\/zdroje\/"},{"@type":"ListItem","position":3,"name":"Certifikace"}]},{"@type":"WebSite","@id":"https:\/\/www.secretjardin.com\/cs\/#website","url":"https:\/\/www.secretjardin.com\/cs\/","name":"Secret Jardin","description":"","publisher":{"@id":"https:\/\/www.secretjardin.com\/cs\/#organization"},"potentialAction":[{"@type":"SearchAction","target":{"@type":"EntryPoint","urlTemplate":"https:\/\/www.secretjardin.com\/cs\/?s={search_term_string}"},"query-input":{"@type":"PropertyValueSpecification","valueRequired":true,"valueName":"search_term_string"}}],"inLanguage":"cs"},{"@type":"Organization","@id":"https:\/\/www.secretjardin.com\/cs\/#organization","name":"Secret Jardin","url":"https:\/\/www.secretjardin.com\/cs\/","logo":{"@type":"ImageObject","inLanguage":"cs","@id":"https:\/\/www.secretjardin.com\/cs\/#\/schema\/logo\/image\/","url":"https:\/\/www.secretjardin.com\/wp-content\/uploads\/2019\/05\/header_logo.png","contentUrl":"https:\/\/www.secretjardin.com\/wp-content\/uploads\/2019\/05\/header_logo.png","width":481,"height":198,"caption":"Secret Jardin"},"image":{"@id":"https:\/\/www.secretjardin.com\/cs\/#\/schema\/logo\/image\/"},"sameAs":["https:\/\/www.facebook.com\/SecretJardin\/","https:\/\/www.instagram.com\/secretjardin_\/?hl=fr","https:\/\/www.linkedin.com\/company\/secret-jardin\/about\/"]}]}},"_links":{"self":[{"href":"https:\/\/www.secretjardin.com\/cs\/wp-json\/wp\/v2\/pages\/18529","targetHints":{"allow":["GET"]}}],"collection":[{"href":"https:\/\/www.secretjardin.com\/cs\/wp-json\/wp\/v2\/pages"}],"about":[{"href":"https:\/\/www.secretjardin.com\/cs\/wp-json\/wp\/v2\/types\/page"}],"author":[{"embeddable":true,"href":"https:\/\/www.secretjardin.com\/cs\/wp-json\/wp\/v2\/users\/2"}],"replies":[{"embeddable":true,"href":"https:\/\/www.secretjardin.com\/cs\/wp-json\/wp\/v2\/comments?post=18529"}],"version-history":[{"count":0,"href":"https:\/\/www.secretjardin.com\/cs\/wp-json\/wp\/v2\/pages\/18529\/revisions"}],"wp:attachment":[{"href":"https:\/\/www.secretjardin.com\/cs\/wp-json\/wp\/v2\/media?parent=18529"}],"curies":[{"name":"wp","href":"https:\/\/api.w.org\/{rel}","templated":true}]}}