{"id":18519,"date":"2021-07-29T13:28:26","date_gmt":"2021-07-29T13:28:26","guid":{"rendered":"https:\/\/www.secretjardin.com\/zaruka\/"},"modified":"2021-07-29T13:28:36","modified_gmt":"2021-07-29T13:28:36","slug":"zaruka","status":"publish","type":"page","link":"https:\/\/www.secretjardin.com\/cs\/zaruka\/","title":{"rendered":"Z\u00e1ruka"},"content":{"rendered":"[vc_row][vc_column width=&#8220;1\/5&#8243;][vc_single_image image=&#8220;520&#8243; img_size=&#8220;large&#8220; add_caption=&#8220;yes&#8220;][\/vc_column][vc_column width=&#8220;4\/5&#8243;]<h2 class=\"vcex-module vcex-heading wpex-text-2xl wpex-font-normal wpex-m-auto wpex-max-w-100 vcex-heading-plain wpex-block\"><span class=\"vcex-heading-inner wpex-inline-block wpex-clr\">Uplat\u0148ov\u00e1n\u00ed z\u00e1ruky Secret Jardin<\/span><\/h2><div class=\"vcex-spacing wpex-w-100 wpex-clear\" style=\"height:20px\"><\/div>[vc_column_text]\n<p style=\"text-align: justify\"><strong>Secret Jardin zaru\u010duje v\u0161echny sv\u00e9 produkty. V z\u00e1vislosti na zakoupen\u00e9m produktu je z\u00e1konn\u011b chr\u00e1n\u011bn komer\u010dn\u00ed z\u00e1rukou. Jako v\u00fdrobce a s neust\u00e1l\u00fdm z\u00e1jmem o kvalitu a bezpe\u010dnost bychom r\u00e1di poskytli \u00faplnou spokojenost v\u0161em na\u0161im odb\u011bratel\u016fm a prok\u00e1zali tak \u00faplnou transparentnost na\u0161\u00ed techni\u010dnosti.<\/strong><\/p>\n[\/vc_column_text][\/vc_column][\/vc_row][vc_row][vc_column]<h3 class=\"vcex-module vcex-heading wpex-text-2xl wpex-font-normal wpex-m-auto wpex-max-w-100 vcex-heading-plain wpex-block\" style=\"color:#81d742;\"><span class=\"vcex-heading-inner wpex-inline-block wpex-clr\">Uplatn\u011bn\u00ed z\u00e1ruky Secret Jardin<\/span><\/h3>[\/vc_column][\/vc_row][vc_row][vc_column][vc_column_text]Na stany Secret Jardin se vztahuje z\u00e1ruka p\u016fvodn\u00edho majitele na vady materi\u00e1lu a zpracov\u00e1n\u00ed po dobu 2,5 roku od data v\u00fdroby nebo po dobu 2 let od data n\u00e1kupu.<\/p>\n<p>Na spot\u0159ebn\u00ed materi\u00e1l se poskytuje z\u00e1ruka 3 m\u011bs\u00edce od data n\u00e1kupu.<\/p>\n<p>Pokud dojde k poru\u0161e produktu Secret Jardin z d\u016fvodu v\u00fdrobn\u00ed vady, spole\u010dnost Secret Jardin produkt podle sv\u00e9ho uv\u00e1\u017een\u00ed bezplatn\u011b oprav\u00ed nebo vym\u011bn\u00ed.<br \/>\nTato politika se vztahuje pouze na p\u016fvodn\u00ed, nezm\u011bn\u011bn\u00e9 a neupraven\u00e9 materi\u00e1ly a pr\u00e1ci. Tato z\u00e1ruka se nevztahuje na \u0161kody zp\u016fsoben\u00e9 nehodou, \u0161patnou \u00fadr\u017ebou, zanedb\u00e1n\u00edm, b\u011b\u017en\u00fdm opot\u0159eben\u00edm nebo p\u0159irozenou degradac\u00ed materi\u00e1l\u016f po del\u0161\u00ed dobu a p\u0159i dlouhodob\u00e9m pou\u017e\u00edv\u00e1n\u00ed.<br \/>\nTato z\u00e1ruka se nevztahuje na n\u00e1sledn\u00e9 \u0161kody nebo jin\u00e9 ztr\u00e1ty zp\u016fsoben\u00e9 vadou produktu.[\/vc_column_text][\/vc_column][\/vc_row][vc_row][vc_column][vc_column_text]\n<h2 style=\"text-align: center\"><strong>POPT\u00c1VKA NA PRODEJ SLU\u017dEB<\/strong><\/h2>\n[\/vc_column_text][\/vc_column][\/vc_row][vc_row][vc_column]<h3 class=\"vcex-module vcex-heading wpex-text-2xl wpex-font-normal wpex-m-auto wpex-max-w-100 vcex-heading-plain wpex-block\" style=\"color:#81d742;\"><span class=\"vcex-heading-inner wpex-inline-block wpex-clr\">Jste koncov\u00fdm spot\u0159ebitelem a zakoupili jste n\u00e1\u0161 produkt od maloobchodn\u00edka<\/span><\/h3>[\/vc_column][\/vc_row][vc_row][vc_column][vc_column_text]Za spr\u00e1vu po\u017eadavk\u016f poprodejn\u00edho servisu odpov\u00edd\u00e1 v\u00e1\u0161 prodejce. Za \u00fa\u010delem \u0159\u00e1dn\u00e9 spr\u00e1vy va\u0161eho po\u017eadavku za\u0161lete prodejci n\u00e1sleduj\u00edc\u00ed informace s n\u00e1sleduj\u00edc\u00edmi \u00fadaji:<\/p>\n<p><strong>\u2022 N\u00e1zev a popis produktu<\/strong><br \/>\n<strong>\u2022 Podrobn\u00fd popis probl\u00e9m\u016f a obr\u00e1zky po\u0161kozen\u00ed<\/strong><br \/>\n<strong>\u2022 Obr\u00e1zek v\u00fdrobn\u00edho k\u00f3du a data v\u00fdroby uveden\u00fd na \u0161t\u00edtku produktu nebo na \u0161t\u00edtku na\u0161it\u00e9ho na stanu<\/strong><br \/>\n<strong>\u2022 Doklad o zaplacen\u00ed<\/strong><\/p>\n<p>Jakmile budou v\u0161echny informace shrom\u00e1\u017ed\u011bny, bude n\u00e1sledovat vy\u0161et\u0159ov\u00e1n\u00ed. V\u0161echny informace jsou nezbytn\u00e9 pro efektivn\u00ed vy\u0159\u00edzen\u00ed \u017e\u00e1dosti.<br \/>\nNa z\u00e1klad\u011b t\u011bchto kontrol provede prodejce v\u00fdm\u011bnu vadn\u00e9ho produktu nebo dobropis.<br \/>\n\u017d\u00e1dn\u00fd dobropis ani v\u00fdm\u011bna produktu neprovede p\u0159\u00edmo Secret Jardin.[\/vc_column_text][\/vc_column][\/vc_row][vc_row][vc_column]<h3 class=\"vcex-module vcex-heading wpex-text-2xl wpex-font-normal wpex-m-auto wpex-max-w-100 vcex-heading-plain wpex-block\" style=\"color:#81d742;\"><span class=\"vcex-heading-inner wpex-inline-block wpex-clr\">Jste maloobchodn\u00edk a zakoupili jste na\u0161e produkty od autorizovan\u00e9ho distributora Secret Jardin<\/span><\/h3>[\/vc_column][\/vc_row][vc_row][vc_column][vc_column_text]Za spr\u00e1vu po\u017eadavk\u016f poprodejn\u00edho servisu odpov\u00edd\u00e1 v\u00e1\u0161 distributor. Za \u00fa\u010delem \u0159\u00e1dn\u00e9 spr\u00e1vy va\u0161eho po\u017eadavku za\u0161lete pros\u00edm n\u00e1sleduj\u00edc\u00ed informace va\u0161emu distributorovi s n\u00e1sleduj\u00edc\u00edmi \u00fadaji:<\/p>\n<p><strong>\u2022 N\u00e1zev a popis produktu<\/strong><br \/>\n<strong>\u2022 Podrobn\u00fd popis probl\u00e9m\u016f a obr\u00e1zky po\u0161kozen\u00ed<\/strong><br \/>\n<strong>\u2022 Obr\u00e1zek v\u00fdrobn\u00edho k\u00f3du a data v\u00fdroby uveden\u00fd na \u0161t\u00edtku produktu nebo na \u0161t\u00edtku na\u0161it\u00e9ho na stanu.<\/strong><br \/>\n<strong>\u2022 Doklad o zaplacen\u00ed<\/strong><\/p>\n<p>Jakmile budou v\u0161echny informace shrom\u00e1\u017ed\u011bny, bude n\u00e1sledovat vy\u0161et\u0159ov\u00e1n\u00ed. V\u0161echny informace jsou nezbytn\u00e9 pro \u00fa\u010dinn\u00e9 vy\u0159\u00edzen\u00ed st\u00ed\u017enosti.<br \/>\nNa z\u00e1klad\u011b t\u011bchto kontrol bude vystavena v\u00fdm\u011bna vadn\u00e9ho produktu nebo dobropis.<br \/>\n\u017d\u00e1dn\u00fd dobropis ani v\u00fdm\u011bna produktu neprovede p\u0159\u00edmo Secret Jardin.[\/vc_column_text][\/vc_column][\/vc_row]\n","protected":false},"excerpt":{"rendered":"<p>[vc_row][vc_column width=&#8220;1\/5&#8243;][vc_single_image image=&#8220;520&#8243; img_size=&#8220;large&#8220; add_caption=&#8220;yes&#8220;][\/vc_column][vc_column width=&#8220;4\/5&#8243;][vc_column_text] Secret Jardin zaru\u010duje v\u0161echny sv\u00e9 produkty. V z\u00e1vislosti na zakoupen\u00e9m produktu je z\u00e1konn\u011b chr\u00e1n\u011bn komer\u010dn\u00ed z\u00e1rukou. Jako v\u00fdrobce a s neust\u00e1l\u00fdm z\u00e1jmem o kvalitu a bezpe\u010dnost bychom r\u00e1di poskytli \u00faplnou spokojenost v\u0161em na\u0161im odb\u011bratel\u016fm&hellip;<\/p>\n","protected":false},"author":2,"featured_media":0,"parent":0,"menu_order":8,"comment_status":"closed","ping_status":"closed","template":"templates\/no-sidebar.php","meta":{"_acf_changed":false,"footnotes":""},"class_list":["post-18519","page","type-page","status-publish","hentry","entry","no-media"],"acf":[],"yoast_head":"<!-- This site is optimized with the Yoast SEO plugin v27.4 - https:\/\/yoast.com\/product\/yoast-seo-wordpress\/ -->\n<title>Z\u00e1ruka - Secret Jardin<\/title>\n<meta name=\"robots\" content=\"index, follow, max-snippet:-1, max-image-preview:large, max-video-preview:-1\" \/>\n<link rel=\"canonical\" href=\"https:\/\/www.secretjardin.com\/cs\/zaruka\/\" \/>\n<meta property=\"og:locale\" content=\"cs_CZ\" \/>\n<meta property=\"og:type\" content=\"article\" \/>\n<meta property=\"og:title\" content=\"Z\u00e1ruka - Secret Jardin\" \/>\n<meta property=\"og:description\" content=\"[vc_row][vc_column width=&#8220;1\/5&#8243;][vc_single_image image=&#8220;520&#8243; img_size=&#8220;large&#8220; add_caption=&#8220;yes&#8220;][\/vc_column][vc_column width=&#8220;4\/5&#8243;][vc_column_text] Secret Jardin zaru\u010duje v\u0161echny sv\u00e9 produkty. V z\u00e1vislosti na zakoupen\u00e9m produktu je z\u00e1konn\u011b chr\u00e1n\u011bn komer\u010dn\u00ed z\u00e1rukou. Jako v\u00fdrobce a s neust\u00e1l\u00fdm z\u00e1jmem o kvalitu a bezpe\u010dnost bychom r\u00e1di poskytli \u00faplnou spokojenost v\u0161em na\u0161im odb\u011bratel\u016fm&hellip;\" \/>\n<meta property=\"og:url\" content=\"https:\/\/www.secretjardin.com\/cs\/zaruka\/\" \/>\n<meta property=\"og:site_name\" content=\"Secret Jardin\" \/>\n<meta property=\"article:publisher\" content=\"https:\/\/www.facebook.com\/SecretJardin\/\" \/>\n<meta property=\"article:modified_time\" content=\"2021-07-29T13:28:36+00:00\" \/>\n<meta name=\"twitter:card\" content=\"summary_large_image\" \/>\n<meta name=\"twitter:label1\" content=\"Odhadovan\u00e1 doba \u010dten\u00ed\" \/>\n\t<meta name=\"twitter:data1\" content=\"3 minuty\" \/>\n<script type=\"application\/ld+json\" class=\"yoast-schema-graph\">{\"@context\":\"https:\\\/\\\/schema.org\",\"@graph\":[{\"@type\":\"WebPage\",\"@id\":\"https:\\\/\\\/www.secretjardin.com\\\/cs\\\/zaruka\\\/\",\"url\":\"https:\\\/\\\/www.secretjardin.com\\\/cs\\\/zaruka\\\/\",\"name\":\"Z\u00e1ruka - Secret Jardin\",\"isPartOf\":{\"@id\":\"https:\\\/\\\/www.secretjardin.com\\\/cs\\\/#website\"},\"datePublished\":\"2021-07-29T13:28:26+00:00\",\"dateModified\":\"2021-07-29T13:28:36+00:00\",\"breadcrumb\":{\"@id\":\"https:\\\/\\\/www.secretjardin.com\\\/cs\\\/zaruka\\\/#breadcrumb\"},\"inLanguage\":\"cs\",\"potentialAction\":[{\"@type\":\"ReadAction\",\"target\":[\"https:\\\/\\\/www.secretjardin.com\\\/cs\\\/zaruka\\\/\"]}]},{\"@type\":\"BreadcrumbList\",\"@id\":\"https:\\\/\\\/www.secretjardin.com\\\/cs\\\/zaruka\\\/#breadcrumb\",\"itemListElement\":[{\"@type\":\"ListItem\",\"position\":1,\"name\":\"Home\",\"item\":\"https:\\\/\\\/www.secretjardin.com\\\/cs\\\/\"},{\"@type\":\"ListItem\",\"position\":2,\"name\":\"Zdroje\",\"item\":\"https:\\\/\\\/www.secretjardin.com\\\/cs\\\/zdroje\\\/\"},{\"@type\":\"ListItem\",\"position\":3,\"name\":\"Z\u00e1ruka\"}]},{\"@type\":\"WebSite\",\"@id\":\"https:\\\/\\\/www.secretjardin.com\\\/cs\\\/#website\",\"url\":\"https:\\\/\\\/www.secretjardin.com\\\/cs\\\/\",\"name\":\"Secret Jardin\",\"description\":\"\",\"publisher\":{\"@id\":\"https:\\\/\\\/www.secretjardin.com\\\/cs\\\/#organization\"},\"potentialAction\":[{\"@type\":\"SearchAction\",\"target\":{\"@type\":\"EntryPoint\",\"urlTemplate\":\"https:\\\/\\\/www.secretjardin.com\\\/cs\\\/?s={search_term_string}\"},\"query-input\":{\"@type\":\"PropertyValueSpecification\",\"valueRequired\":true,\"valueName\":\"search_term_string\"}}],\"inLanguage\":\"cs\"},{\"@type\":\"Organization\",\"@id\":\"https:\\\/\\\/www.secretjardin.com\\\/cs\\\/#organization\",\"name\":\"Secret Jardin\",\"url\":\"https:\\\/\\\/www.secretjardin.com\\\/cs\\\/\",\"logo\":{\"@type\":\"ImageObject\",\"inLanguage\":\"cs\",\"@id\":\"https:\\\/\\\/www.secretjardin.com\\\/cs\\\/#\\\/schema\\\/logo\\\/image\\\/\",\"url\":\"https:\\\/\\\/www.secretjardin.com\\\/wp-content\\\/uploads\\\/2019\\\/05\\\/header_logo.png\",\"contentUrl\":\"https:\\\/\\\/www.secretjardin.com\\\/wp-content\\\/uploads\\\/2019\\\/05\\\/header_logo.png\",\"width\":481,\"height\":198,\"caption\":\"Secret Jardin\"},\"image\":{\"@id\":\"https:\\\/\\\/www.secretjardin.com\\\/cs\\\/#\\\/schema\\\/logo\\\/image\\\/\"},\"sameAs\":[\"https:\\\/\\\/www.facebook.com\\\/SecretJardin\\\/\",\"https:\\\/\\\/www.instagram.com\\\/secretjardin_\\\/?hl=fr\",\"https:\\\/\\\/www.linkedin.com\\\/company\\\/secret-jardin\\\/about\\\/\"]}]}<\/script>\n<!-- \/ Yoast SEO plugin. -->","yoast_head_json":{"title":"Z\u00e1ruka - Secret Jardin","robots":{"index":"index","follow":"follow","max-snippet":"max-snippet:-1","max-image-preview":"max-image-preview:large","max-video-preview":"max-video-preview:-1"},"canonical":"https:\/\/www.secretjardin.com\/cs\/zaruka\/","og_locale":"cs_CZ","og_type":"article","og_title":"Z\u00e1ruka - Secret Jardin","og_description":"[vc_row][vc_column width=&#8220;1\/5&#8243;][vc_single_image image=&#8220;520&#8243; img_size=&#8220;large&#8220; add_caption=&#8220;yes&#8220;][\/vc_column][vc_column width=&#8220;4\/5&#8243;][vc_column_text] Secret Jardin zaru\u010duje v\u0161echny sv\u00e9 produkty. V z\u00e1vislosti na zakoupen\u00e9m produktu je z\u00e1konn\u011b chr\u00e1n\u011bn komer\u010dn\u00ed z\u00e1rukou. Jako v\u00fdrobce a s neust\u00e1l\u00fdm z\u00e1jmem o kvalitu a bezpe\u010dnost bychom r\u00e1di poskytli \u00faplnou spokojenost v\u0161em na\u0161im odb\u011bratel\u016fm&hellip;","og_url":"https:\/\/www.secretjardin.com\/cs\/zaruka\/","og_site_name":"Secret Jardin","article_publisher":"https:\/\/www.facebook.com\/SecretJardin\/","article_modified_time":"2021-07-29T13:28:36+00:00","twitter_card":"summary_large_image","twitter_misc":{"Odhadovan\u00e1 doba \u010dten\u00ed":"3 minuty"},"schema":{"@context":"https:\/\/schema.org","@graph":[{"@type":"WebPage","@id":"https:\/\/www.secretjardin.com\/cs\/zaruka\/","url":"https:\/\/www.secretjardin.com\/cs\/zaruka\/","name":"Z\u00e1ruka - Secret Jardin","isPartOf":{"@id":"https:\/\/www.secretjardin.com\/cs\/#website"},"datePublished":"2021-07-29T13:28:26+00:00","dateModified":"2021-07-29T13:28:36+00:00","breadcrumb":{"@id":"https:\/\/www.secretjardin.com\/cs\/zaruka\/#breadcrumb"},"inLanguage":"cs","potentialAction":[{"@type":"ReadAction","target":["https:\/\/www.secretjardin.com\/cs\/zaruka\/"]}]},{"@type":"BreadcrumbList","@id":"https:\/\/www.secretjardin.com\/cs\/zaruka\/#breadcrumb","itemListElement":[{"@type":"ListItem","position":1,"name":"Home","item":"https:\/\/www.secretjardin.com\/cs\/"},{"@type":"ListItem","position":2,"name":"Zdroje","item":"https:\/\/www.secretjardin.com\/cs\/zdroje\/"},{"@type":"ListItem","position":3,"name":"Z\u00e1ruka"}]},{"@type":"WebSite","@id":"https:\/\/www.secretjardin.com\/cs\/#website","url":"https:\/\/www.secretjardin.com\/cs\/","name":"Secret Jardin","description":"","publisher":{"@id":"https:\/\/www.secretjardin.com\/cs\/#organization"},"potentialAction":[{"@type":"SearchAction","target":{"@type":"EntryPoint","urlTemplate":"https:\/\/www.secretjardin.com\/cs\/?s={search_term_string}"},"query-input":{"@type":"PropertyValueSpecification","valueRequired":true,"valueName":"search_term_string"}}],"inLanguage":"cs"},{"@type":"Organization","@id":"https:\/\/www.secretjardin.com\/cs\/#organization","name":"Secret Jardin","url":"https:\/\/www.secretjardin.com\/cs\/","logo":{"@type":"ImageObject","inLanguage":"cs","@id":"https:\/\/www.secretjardin.com\/cs\/#\/schema\/logo\/image\/","url":"https:\/\/www.secretjardin.com\/wp-content\/uploads\/2019\/05\/header_logo.png","contentUrl":"https:\/\/www.secretjardin.com\/wp-content\/uploads\/2019\/05\/header_logo.png","width":481,"height":198,"caption":"Secret Jardin"},"image":{"@id":"https:\/\/www.secretjardin.com\/cs\/#\/schema\/logo\/image\/"},"sameAs":["https:\/\/www.facebook.com\/SecretJardin\/","https:\/\/www.instagram.com\/secretjardin_\/?hl=fr","https:\/\/www.linkedin.com\/company\/secret-jardin\/about\/"]}]}},"_links":{"self":[{"href":"https:\/\/www.secretjardin.com\/cs\/wp-json\/wp\/v2\/pages\/18519","targetHints":{"allow":["GET"]}}],"collection":[{"href":"https:\/\/www.secretjardin.com\/cs\/wp-json\/wp\/v2\/pages"}],"about":[{"href":"https:\/\/www.secretjardin.com\/cs\/wp-json\/wp\/v2\/types\/page"}],"author":[{"embeddable":true,"href":"https:\/\/www.secretjardin.com\/cs\/wp-json\/wp\/v2\/users\/2"}],"replies":[{"embeddable":true,"href":"https:\/\/www.secretjardin.com\/cs\/wp-json\/wp\/v2\/comments?post=18519"}],"version-history":[{"count":0,"href":"https:\/\/www.secretjardin.com\/cs\/wp-json\/wp\/v2\/pages\/18519\/revisions"}],"wp:attachment":[{"href":"https:\/\/www.secretjardin.com\/cs\/wp-json\/wp\/v2\/media?parent=18519"}],"curies":[{"name":"wp","href":"https:\/\/api.w.org\/{rel}","templated":true}]}}