{"id":18470,"date":"2021-07-29T13:28:09","date_gmt":"2021-07-29T13:28:09","guid":{"rendered":"https:\/\/www.secretjardin.com\/certifikovane-dokumenty\/"},"modified":"2024-03-29T13:31:46","modified_gmt":"2024-03-29T13:31:46","slug":"certifikovane-dokumenty","status":"publish","type":"page","link":"https:\/\/www.secretjardin.com\/cs\/certifikace\/certifikovane-dokumenty\/","title":{"rendered":"Certifikovan\u00e9 dokumenty"},"content":{"rendered":"[vc_row][vc_column][vc_column_text]<strong>Secret Jardin v\u00e1m d\u00e1v\u00e1 p\u0159\u00edstup k r\u016fzn\u00fdm certifika\u010dn\u00edm dokument\u016fm t\u00fdkaj\u00edc\u00edm se jeho fanou\u0161k\u016f a osv\u011btlen\u00ed, aby byl s r\u016fzn\u00fdmi \u00fa\u010dastn\u00edky naprosto transparentn\u00ed.<\/strong><\/p>\n<p>Tyto certifikace zaru\u010duj\u00ed optim\u00e1ln\u00ed kvalitu a bezpe\u010dnost va\u0161ich n\u00e1kup\u016f. Aby byl zaji\u0161t\u011bn efektivn\u00ed provoz va\u0161eho za\u0159\u00edzen\u00ed, spole\u010dnost Secret Jardin doporu\u010duje, abyste dodr\u017eovali platn\u00e9 elektrick\u00e9 p\u0159edpisy[\/vc_column_text][\/vc_column][\/vc_row][vc_row][vc_column width=&#8220;1\/3&#8243;]<h3 class=\"vcex-module vcex-heading wpex-text-2xl wpex-font-normal wpex-m-auto wpex-max-w-100 vcex-heading-plain wpex-block wpex-text-left\"><span class=\"vcex-heading-inner wpex-inline-block wpex-clr\">P\u011aSTEBN\u00cd STAN<\/span><\/h3>[vc_single_image image=&#8220;18490&#8243; img_size=&#8220;large&#8220; add_caption=&#8220;yes&#8220;][vc_column_text]<em><strong>P\u011aSTOVAT STANY<\/strong><\/em><\/p>\n<p><a href=\"https:\/\/www.secretjardin.com\/wp-content\/uploads\/2019\/05\/szx18ec18892647f-0.pdf\">Kontrola nebezpe\u010dn\u00fdch l\u00e1tek DR &amp; DS &#8211; Mylar<\/a><br \/>\n<a href=\"https:\/\/www.secretjardin.com\/wp-content\/uploads\/2019\/05\/int-mylar-fabric-tests-against-hazardous-substances.pdf\">Kontrola nebezpe\u010dn\u00fdch l\u00e1tek INTENSE &#8211; Mylar<\/a><br \/>\n<a href=\"https:\/\/www.secretjardin.com\/wp-content\/uploads\/2019\/05\/dr-and-ds-mylar-fabric-tests-against-hazardous-substances.pdf\">Kontrola nebezpe\u010dn\u00fdch l\u00e1tek INTENSE &#8211; podlaha<\/a><br \/>\n<a href=\"https:\/\/www.secretjardin.com\/wp-content\/uploads\/2021\/06\/202103-WT-PVC-15P.pdf\">Zkontrolujte p\u0159\u00edtomnost nebezpe\u010dn\u00fdch l\u00e1tek <\/a><br \/>\n<em>&gt; All Hazardous sub. jsou kontrolov\u00e1ny ka\u017ed\u00e9 3 m\u011bs\u00edce<\/em><\/p>\n<p>&#8212;<br \/>\n<a href=\"https:\/\/www.secretjardin.com\/wp-content\/uploads\/2021\/04\/20210204-FIRE-RATING-MYLAR-SJ.pdf\">Zkou\u0161ka odolnosti proti ohni Mylar<\/a><br \/>\n<a href=\"https:\/\/www.secretjardin.com\/wp-content\/uploads\/2019\/05\/201810-sj-tents-compliance-for-indoor-culture.pdf\">Dodr\u017eov\u00e1n\u00ed a bezpe\u010dnost vnit\u0159n\u00ed kultury<\/a><br \/>\n<a href=\"https:\/\/www.secretjardin.com\/wp-content\/uploads\/2020\/11\/20201117-NORMES-SECURITY.pdf\">OPAT\u0158EN\u00cd PRO PO\u017d\u00c1R A VENTILACI<\/a>[\/vc_column_text][\/vc_column][vc_column width=&#8220;1\/3&#8243;]<h3 class=\"vcex-module vcex-heading wpex-text-2xl wpex-font-normal wpex-m-auto wpex-max-w-100 vcex-heading-plain wpex-block wpex-text-left\"><span class=\"vcex-heading-inner wpex-inline-block wpex-clr\">GROW STANICE<\/span><\/h3>[vc_single_image image=&#8220;55968&#8243; img_size=&#8220;large&#8220; add_caption=&#8220;yes&#8220;][vc_column_text]<em><strong>GROW STANICE<\/strong><\/em><\/p>\n<p><a href=\"https:\/\/www.secretjardin.com\/wp-content\/uploads\/2024\/03\/GR60-DSS_SZEM2402001392AT-Ver_CE.pdf\">Ov\u011b\u0159en\u00ed EMC CE GR60<\/a><br \/>\n<a href=\"https:\/\/www.secretjardin.com\/wp-content\/uploads\/2024\/03\/GR60-DSS_SZEM2402001392AT-Ver_UKCA-EMC.pdf\">Ov\u011b\u0159en\u00ed EMC UKCA GR60<\/a><\/p>\n<p><a href=\"https:\/\/www.secretjardin.com\/wp-content\/uploads\/2024\/03\/FS100-DSS_SZEM2402001393AT-Ver_CE.pdf\">Ov\u011b\u0159en\u00ed EMC CE FS100<\/a><br \/>\n<a href=\"https:\/\/www.secretjardin.com\/wp-content\/uploads\/2024\/03\/FS100-DSS_SZEM2402001393AT-Ver_UKCA-EMC.pdf\">Ov\u011b\u0159en\u00ed EMC UKCA FS100<\/a><\/p>\n<p><em><strong>TOPN\u00c1 PODLO\u017dKA<\/strong><\/em><\/p>\n<p><a href=\"https:\/\/www.secretjardin.com\/wp-content\/uploads\/2024\/03\/HM20-DSS_SZEM2402001394AT-Ver_CE.pdf\">Ov\u011b\u0159en\u00ed EMC CE HM20<\/a><br \/>\n<a href=\"https:\/\/www.secretjardin.com\/wp-content\/uploads\/2024\/03\/HM20-DSS_SZEM2402001394AT-Ver_UKCA-EMC.pdf\">Ov\u011b\u0159en\u00ed EMC UKCA HM20<\/a>[\/vc_column_text][\/vc_column][vc_column width=&#8220;1\/3&#8243;]<h3 class=\"vcex-module vcex-heading wpex-text-2xl wpex-font-normal wpex-m-auto wpex-max-w-100 vcex-heading-plain wpex-block wpex-text-left\"><span class=\"vcex-heading-inner wpex-inline-block wpex-clr\">V\u011aTR\u00c1N\u00cd<\/span><\/h3>[vc_single_image image=&#8220;18488&#8243; img_size=&#8220;large&#8220; add_caption=&#8220;yes&#8220;][vc_column_text]<em><strong>MONKEY FAN 110-220V<\/strong><\/em><\/p>\n<p><a href=\"https:\/\/www.secretjardin.com\/wp-content\/uploads\/2023\/06\/20230412-CE-DECLARATION-OF-CONFORMITY-MONKEY-FAN.pdf\">Prohl\u00e1\u0161en\u00ed o shod\u011b CE MF16 MFO20 MF30<\/a><\/p>\n<p><a href=\"https:\/\/www.secretjardin.com\/wp-content\/uploads\/2021\/04\/20180613-CERTIFICATE-MF16-MFO20-LVD.pdf\">CE (LVD) MF16-MFO20<\/a><br \/>\n<a href=\"https:\/\/www.secretjardin.com\/wp-content\/uploads\/2021\/04\/20181108-CERTIFICATE-MF30-LVD.pdf\">CE (LVD) MF30<\/a><br \/>\n<a href=\"https:\/\/www.secretjardin.com\/wp-content\/uploads\/2021\/04\/20180930-CERTIFICATE-MONKEY-FAN-EMC.pdf\">CE (EMC) MF16-MFO20-MF30<\/a><\/p>\n<p><a href=\"https:\/\/www.secretjardin.com\/wp-content\/uploads\/2019\/05\/mf16-mfo20-mf30-fcc.pdf\">Ov\u011b\u0159en\u00ed FCC &#8211; MF16-MFO20-MF30<\/a><\/p>\n<p><a href=\"https:\/\/www.secretjardin.com\/wp-content\/uploads\/2021\/12\/20211123-CERTIFICATE-MONKEY-FAN-QMARK.pdf\">UL &amp; CSA Monkey Fan<\/a><\/p>\n<p><em><strong>MONKEY FAN 24V<\/strong><\/em><\/p>\n<p><a href=\"https:\/\/www.secretjardin.com\/wp-content\/uploads\/2024\/03\/MF120-DSS_SZEM2311007188HS-Ver_CE.pdf\">Ov\u011b\u0159en\u00ed EMC CE MF120<\/a><br \/>\n<a href=\"https:\/\/www.secretjardin.com\/wp-content\/uploads\/2024\/03\/MF120-DSS_SZEM2311007188HS-UKCA-VOC.pdf\">Ov\u011b\u0159en\u00ed EMC UKCA MF120<\/a><br \/>\n<a href=\"https:\/\/www.secretjardin.com\/wp-content\/uploads\/2024\/03\/MF120-DSS_SZEM2311007189HS-Ver_FCC-SDOC.pdf\">Ov\u011b\u0159en\u00ed EMC FCC MF120<\/a><\/p>\n<p><a href=\"https:\/\/www.secretjardin.com\/wp-content\/uploads\/2024\/03\/MF2X120-DSS_SZEM2311007191HS-Ver_CE.pdf\">Ov\u011b\u0159en\u00ed EMC CE MF2X120<\/a><br \/>\n<a href=\"https:\/\/www.secretjardin.com\/wp-content\/uploads\/2024\/03\/MF2X120-DSS_SZEM2311007191HS-UKCA-VOC.pdf\">Ov\u011b\u0159en\u00ed EMC UKCA MF2X120<\/a><br \/>\n<a href=\"https:\/\/www.secretjardin.com\/wp-content\/uploads\/2024\/03\/MF2X120-DSS_SZEM2311007192HS-Ver_FCC-SDOC.pdf\">Ov\u011b\u0159en\u00ed EMC FCC MF2X120<\/a><\/p>\n<p><em><strong>GUMOV\u00c9 V\u00ddROBKY<\/strong><\/em><\/p>\n<p><a href=\"https:\/\/www.secretjardin.com\/wp-content\/uploads\/2019\/05\/15p-test-for-rubber-ducting-from-jk-sun.pdf\">Protokol o zkou\u0161ce Gumov\u00e9 kan\u00e1ly SGS<em> (kontrola ka\u017ed\u00e9 3 m\u011bs\u00edce)<\/em><\/a>[\/vc_column_text][\/vc_column][\/vc_row][vc_row][vc_column width=&#8220;1\/3&#8243;]<h3 class=\"vcex-module vcex-heading wpex-text-2xl wpex-font-normal wpex-m-auto wpex-max-w-100 vcex-heading-plain wpex-block wpex-text-left\"><span class=\"vcex-heading-inner wpex-inline-block wpex-clr\">EXTRAKTORY A FILTRY<\/span><\/h3>[vc_single_image image=&#8220;18237&#8243; img_size=&#8220;large&#8220; add_caption=&#8220;yes&#8220;][vc_column_text]<em><strong>EXTRAKTORY<\/strong><\/em><\/p>\n<p><a href=\"https:\/\/www.secretjardin.com\/wp-content\/uploads\/2021\/06\/202106-CE-EXTRACTOR-DF16E350.pdf\">Prohl\u00e1\u0161en\u00ed o shod\u011b CE DF16E350<\/a><\/p>\n<p><a href=\"https:\/\/www.secretjardin.com\/wp-content\/uploads\/2022\/07\/20210722-CERTIFICATE-DF16E350-CE-EMC-DSS_SZEM2207005295AT-Ver_CE-1.pdf\">EMC CE Certifik\u00e1t DF16E350<\/a><br \/>\n<a href=\"https:\/\/www.secretjardin.com\/wp-content\/uploads\/2021\/06\/20210517-CERTIFICATE-DF16E350-FCC-DSS_SZEM2103002261Ver_FCC-SDOC.pdf\">Certifik\u00e1t FCC DF16E350<\/a><br \/>\n<a href=\"https:\/\/www.secretjardin.com\/wp-content\/uploads\/2022\/07\/20220722-CERTIFICATE-DF16E350-UKCA-DSS_SZEM2207005295AT-UKCA-VOC-1.pdf\">UKCA Certifik\u00e1t DF16E350<\/a><\/p>\n<p><a href=\"https:\/\/www.secretjardin.com\/wp-content\/uploads\/2022\/06\/20220603-CERTIFICATE-DF16E150-CE-DSS_SZEM2205003748-Ver_CE.pdf\">DSS CE Certifik\u00e1t DF16E150<\/a><br \/>\n<a href=\"https:\/\/www.secretjardin.com\/wp-content\/uploads\/2022\/06\/20220603-CERTIFICATE-DF16E150-FCC-DSS_SZEM2205003749Ver_FCC-SDOC.pdf\">FCC Certifik\u00e1t DF16E150<\/a><br \/>\n<a href=\"https:\/\/www.secretjardin.com\/wp-content\/uploads\/2022\/06\/20220603-CERTIFICATE-DF16E150-UKCA-DSS_SZEM2205003748Ver_UKCA-2.pdf\">UKCA Certifik\u00e1t DF16E150<\/a><\/p>\n<p><em><strong>FILTRY<\/strong><\/em><\/p>\n<p><a href=\"https:\/\/www.secretjardin.com\/wp-content\/uploads\/2021\/06\/202104-TEST-FILTER-DF16-CTC-official.pdf\">TEST CTC80 Carbon<em> (Zkontrolujte ka\u017ed\u00e9 3 m\u011bs\u00edce)<\/em><\/a>[\/vc_column_text][\/vc_column][vc_column width=&#8220;1\/3&#8243;]<h3 class=\"vcex-module vcex-heading wpex-text-2xl wpex-font-normal wpex-m-auto wpex-max-w-100 vcex-heading-plain wpex-block wpex-text-left\"><span class=\"vcex-heading-inner wpex-inline-block wpex-clr\">OSV\u011aTLEN\u00cd<\/span><\/h3>[vc_single_image image=&#8220;18485&#8243; img_size=&#8220;large&#8220; add_caption=&#8220;yes&#8220;][vc_column_text]<em><strong>SEDMIKR\u00c1SKA<\/strong><\/em><\/p>\n<p><a href=\"https:\/\/www.secretjardin.com\/wp-content\/uploads\/2019\/05\/daisy-instruction-certificat.pdf\">Prohl\u00e1\u0161en\u00ed o shod\u011b CE DAISY<\/a><br \/>\n<a href=\"https:\/\/www.secretjardin.com\/wp-content\/uploads\/2019\/05\/gzem1709005811lmv.pdf\">FCC Verification Daisy<\/a><br \/>\n<a href=\"https:\/\/www.secretjardin.com\/wp-content\/uploads\/2019\/05\/sgsna-18-gz-00100.pdf\">Osv\u011bd\u010den\u00ed UL a CSA Daisy<\/a><\/p>\n<p><em><strong>VARIDRIVE<\/strong><\/em><\/p>\n<p><a href=\"https:\/\/www.secretjardin.com\/wp-content\/uploads\/2021\/05\/Varidrive-2021-EU-Declaration-of-Conformity.pdf\">Prohl\u00e1\u0161en\u00ed o shod\u011b CE VariDrive<\/a><\/p>\n<p><em><strong>TNEON<\/strong><\/em><\/p>\n<p><a href=\"https:\/\/www.secretjardin.com\/wp-content\/uploads\/2019\/05\/ce-ngrow.pdf\">Prohl\u00e1\u0161en\u00ed o shod\u011b CE TNEON<\/a>[\/vc_column_text][\/vc_column][vc_column width=&#8220;1\/3&#8243;]<h3 class=\"vcex-module vcex-heading wpex-text-2xl wpex-font-normal wpex-m-auto wpex-max-w-100 vcex-heading-plain wpex-block wpex-text-left\"><span class=\"vcex-heading-inner wpex-inline-block wpex-clr\">OSV\u011aTLEN\u00cd<\/span><\/h3>[vc_single_image image=&#8220;18486&#8243; img_size=&#8220;large&#8220; add_caption=&#8220;yes&#8220;][vc_column_text]<em><strong>TLED<\/strong><\/em><\/p>\n<p><a href=\"https:\/\/www.secretjardin.com\/wp-content\/uploads\/2023\/08\/20200924-CE-DECLARATION-OF-CONFORMITY-TLED.pdf\">Prohl\u00e1\u0161en\u00ed o shod\u011b CE TLED<\/a><\/p>\n<p><a href=\"https:\/\/www.secretjardin.com\/wp-content\/uploads\/2019\/05\/tled26-ce-emc-1.pdf\">EMC CE certifik\u00e1t TLED26<\/a><br \/>\n<a href=\"https:\/\/www.secretjardin.com\/wp-content\/uploads\/2019\/05\/tled26-ce-lvd.pdf\">Certifik\u00e1t LVD CE TLED26<\/a><br \/>\n<a href=\"https:\/\/www.secretjardin.com\/wp-content\/uploads\/2019\/05\/tled26-fcc-1.pdf\">Ov\u011b\u0159en\u00ed FCC TLED26<\/a><br \/>\n<a href=\"https:\/\/www.secretjardin.com\/wp-content\/uploads\/2019\/05\/tled42-ce-emc.pdf\">EMC CE certifik\u00e1t TLED42<\/a><br \/>\n<a href=\"https:\/\/www.secretjardin.com\/wp-content\/uploads\/2019\/05\/tled42-ce-lvd.pdf\">Certifik\u00e1t LVD CE TLED42<\/a><br \/>\n<a href=\"https:\/\/www.secretjardin.com\/wp-content\/uploads\/2019\/05\/tled42-fcc.pdf\">Ov\u011b\u0159en\u00ed FCC TLED42<\/a><br \/>\n<a href=\"https:\/\/www.secretjardin.com\/wp-content\/uploads\/2019\/05\/ulcsa-certificate-tled.pdf\">UL &amp; CSA TLED26 \/ 42W<\/a><\/p>\n<p><em><strong>LED COSMORROW<\/strong><\/em><\/p>\n<p><a href=\"https:\/\/www.secretjardin.com\/wp-content\/uploads\/2020\/05\/201912-CERTIFICATE-COSMORROW-LED-CE-EMC.pdf\">EMC CE certifik\u00e1t COL<\/a><br \/>\n<a href=\"https:\/\/www.secretjardin.com\/wp-content\/uploads\/2020\/05\/201912-CERTIFICATE-COSMORROW-LED-IP65.pdf\">IP65 CE certifik\u00e1t COL<\/a><br \/>\n<a href=\"https:\/\/www.secretjardin.com\/wp-content\/uploads\/2020\/05\/201912-CERTIFICATE-COSMORROW-LED-CE-FCC.pdf\">Ov\u011b\u0159en\u00ed FCC COL<\/a><br \/>\n<a href=\"https:\/\/www.secretjardin.com\/wp-content\/uploads\/2020\/05\/201912-CERTIFICATE-COSMORROW-LED-ROHS.pdf\">ROHS certifik\u00e1t COL<\/a><\/p>\n<p><em><strong>TNOLED KIT<\/strong><\/em><\/p>\n<p><a href=\"https:\/\/www.secretjardin.com\/wp-content\/uploads\/2024\/03\/TNO40GR-DSS_SZEM2311007259LM-Ver_CE.pdf\">Ov\u011b\u0159en\u00ed EMC CE TNO40GR<\/a><br \/>\n<a href=\"https:\/\/www.secretjardin.com\/wp-content\/uploads\/2024\/03\/TNO40GR-DSS_SZEM2311007259LM-UKCA-VOC.pdf\">Ov\u011b\u0159en\u00ed EMC UKCA TNO40GR<\/a><br \/>\n<a href=\"https:\/\/www.secretjardin.com\/wp-content\/uploads\/2024\/03\/TNO40GR-DSS_SZEM2311007260LM-Ver_FCC-SDOC.pdf\">Ov\u011b\u0159en\u00ed EMC FCC TNO40GR<\/a><\/p>\n<p><a href=\"https:\/\/www.secretjardin.com\/wp-content\/uploads\/2024\/03\/TNO80GR-DSS_SZEM2311007262LM-Ver_CE.pdf\">Ov\u011b\u0159en\u00ed EMC CE TNO80GR<\/a><br \/>\n<a href=\"https:\/\/www.secretjardin.com\/wp-content\/uploads\/2024\/03\/TNO80GR-DSS_SZEM2311007262LM-UKCA-VOC.pdf\">Ov\u011b\u0159en\u00ed EMC UKCA TNO80GR<\/a><br \/>\n<a href=\"https:\/\/www.secretjardin.com\/wp-content\/uploads\/2024\/03\/TNO80GR-DSS_SZEM2311007263LM-Ver_FCC-SDOC.pdf\">Ov\u011b\u0159en\u00ed EMC FCC TNO80GR<\/a>[\/vc_column_text][\/vc_column][\/vc_row][vc_row][vc_column width=&#8220;1\/3&#8243;]<h3 class=\"vcex-module vcex-heading wpex-text-2xl wpex-font-normal wpex-m-auto wpex-max-w-100 vcex-heading-plain wpex-block wpex-text-left\"><span class=\"vcex-heading-inner wpex-inline-block wpex-clr\">OSV\u011aTLEN\u00cd<\/span><\/h3>[vc_single_image image=&#8220;18487&#8243; img_size=&#8220;large&#8220; add_caption=&#8220;yes&#8220;][vc_column_text]<em><strong>COSMORROW POWER<\/strong><\/em><\/p>\n<p><a href=\"https:\/\/www.secretjardin.com\/wp-content\/uploads\/2023\/06\/202005-CE-DECLARATION-OF-CONFORMITY-COSMORROW-1.pdf\">Prohl\u00e1\u0161en\u00ed o shod\u011b CE COM20 COM40 COM40D COM80D<\/a><\/p>\n<p><a href=\"https:\/\/www.secretjardin.com\/wp-content\/uploads\/2020\/05\/24W36W-ROHS-certificate.pdf\">Certifik\u00e1t ROHS V\u0160ECHNY SKV\u011aL\u00c9<\/a><br \/>\n<a href=\"https:\/\/www.secretjardin.com\/wp-content\/uploads\/2020\/05\/24W36W-CE-EMC-Cert.-18year.pdf\">EMC CE certifik\u00e1t COM20<\/a><br \/>\n<a href=\"https:\/\/www.secretjardin.com\/wp-content\/uploads\/2020\/05\/24W36W-CE-LVD-cert.-18-year.pdf\">LVD CE certifik\u00e1t COM20<\/a><br \/>\n<a href=\"https:\/\/www.secretjardin.com\/wp-content\/uploads\/2020\/05\/36W24W-FCC-Certificate.pdf\">Ov\u011b\u0159en\u00ed FCC COM20<\/a><br \/>\n<a href=\"https:\/\/www.secretjardin.com\/wp-content\/uploads\/2020\/05\/24W36WUL.pdf\">UL certifik\u00e1t COM20<\/a><br \/>\n<a href=\"https:\/\/www.secretjardin.com\/wp-content\/uploads\/2020\/05\/36W-GS-Certificate.pdf\">GS certifik\u00e1t COM20<\/a><\/p>\n<p><a href=\"https:\/\/www.secretjardin.com\/wp-content\/uploads\/2020\/05\/72W-CE-EMC-Cert..pdf\">EMC CE certifik\u00e1t COM40 COM40D<\/a><br \/>\n<a href=\"https:\/\/www.secretjardin.com\/wp-content\/uploads\/2020\/05\/72W-CE-LVD-Cert.pdf\">Certifik\u00e1t LVD CE COM40 COM40D<\/a><br \/>\n<a href=\"https:\/\/www.secretjardin.com\/wp-content\/uploads\/2020\/05\/72W-FCC-Cert..pdf\">Ov\u011b\u0159en\u00ed FCC COM40 COM40D<\/a><br \/>\n<a href=\"https:\/\/www.secretjardin.com\/wp-content\/uploads\/2020\/05\/72W-C8-UL-certificate.pdf\">UL certifik\u00e1t COM40 COM40D<\/a><br \/>\n<a href=\"https:\/\/www.secretjardin.com\/wp-content\/uploads\/2020\/05\/72W-SAA-certificate.pdf\">Certifik\u00e1t SAA COM40 COM40D<\/a><\/p>\n<p><a href=\"https:\/\/www.secretjardin.com\/wp-content\/uploads\/2020\/05\/120W-CE-EMC-Cert..pdf\">EMC CE certifik\u00e1t COM80D<\/a><br \/>\n<a href=\"https:\/\/www.secretjardin.com\/wp-content\/uploads\/2020\/05\/120W-CE-LVD-Cert.pdf\">Certifik\u00e1t LVD CE COM80D<\/a><br \/>\n<a href=\"https:\/\/www.secretjardin.com\/wp-content\/uploads\/2020\/05\/120W-FCC-Cert..pdf\">Ov\u011b\u0159en\u00ed FCC COM80D<\/a><br \/>\n<a href=\"https:\/\/www.secretjardin.com\/wp-content\/uploads\/2020\/05\/120W-UL-Certificate.pdf\">UL certifik\u00e1t COM80D<\/a><br \/>\n<a href=\"https:\/\/www.secretjardin.com\/wp-content\/uploads\/2020\/05\/120W-SAA-Cert-Class-II.pdf\">Certifik\u00e1t SAA COM80D<\/a>[\/vc_column_text][\/vc_column][vc_column width=&#8220;1\/3&#8243;][\/vc_column][vc_column width=&#8220;1\/3&#8243;][\/vc_column][\/vc_row]\n","protected":false},"excerpt":{"rendered":"<p>[vc_row][vc_column][vc_column_text]Secret Jardin v\u00e1m d\u00e1v\u00e1 p\u0159\u00edstup k r\u016fzn\u00fdm certifika\u010dn\u00edm dokument\u016fm t\u00fdkaj\u00edc\u00edm se jeho fanou\u0161k\u016f a osv\u011btlen\u00ed, aby byl s r\u016fzn\u00fdmi \u00fa\u010dastn\u00edky naprosto transparentn\u00ed. Tyto certifikace zaru\u010duj\u00ed optim\u00e1ln\u00ed kvalitu a bezpe\u010dnost va\u0161ich n\u00e1kup\u016f. Aby byl zaji\u0161t\u011bn efektivn\u00ed provoz va\u0161eho za\u0159\u00edzen\u00ed, spole\u010dnost Secret&hellip;<\/p>\n","protected":false},"author":2,"featured_media":0,"parent":18529,"menu_order":1,"comment_status":"closed","ping_status":"closed","template":"templates\/no-sidebar.php","meta":{"_acf_changed":false,"footnotes":""},"class_list":["post-18470","page","type-page","status-publish","hentry","entry","no-media"],"acf":[],"yoast_head":"<!-- This site is optimized with the Yoast SEO plugin v27.5 - https:\/\/yoast.com\/product\/yoast-seo-wordpress\/ -->\n<title>Certifikovan\u00e9 dokumenty - Secret Jardin<\/title>\n<meta name=\"robots\" content=\"index, follow, max-snippet:-1, max-image-preview:large, max-video-preview:-1\" \/>\n<link rel=\"canonical\" href=\"https:\/\/www.secretjardin.com\/cs\/certifikace\/certifikovane-dokumenty\/\" \/>\n<meta property=\"og:locale\" content=\"cs_CZ\" \/>\n<meta property=\"og:type\" content=\"article\" \/>\n<meta property=\"og:title\" content=\"Certifikovan\u00e9 dokumenty - Secret Jardin\" \/>\n<meta property=\"og:description\" content=\"[vc_row][vc_column][vc_column_text]Secret Jardin v\u00e1m d\u00e1v\u00e1 p\u0159\u00edstup k r\u016fzn\u00fdm certifika\u010dn\u00edm dokument\u016fm t\u00fdkaj\u00edc\u00edm se jeho fanou\u0161k\u016f a osv\u011btlen\u00ed, aby byl s r\u016fzn\u00fdmi \u00fa\u010dastn\u00edky naprosto transparentn\u00ed. Tyto certifikace zaru\u010duj\u00ed optim\u00e1ln\u00ed kvalitu a bezpe\u010dnost va\u0161ich n\u00e1kup\u016f. Aby byl zaji\u0161t\u011bn efektivn\u00ed provoz va\u0161eho za\u0159\u00edzen\u00ed, spole\u010dnost Secret&hellip;\" \/>\n<meta property=\"og:url\" content=\"https:\/\/www.secretjardin.com\/cs\/certifikace\/certifikovane-dokumenty\/\" \/>\n<meta property=\"og:site_name\" content=\"Secret Jardin\" \/>\n<meta property=\"article:publisher\" content=\"https:\/\/www.facebook.com\/SecretJardin\/\" \/>\n<meta property=\"article:modified_time\" content=\"2024-03-29T13:31:46+00:00\" \/>\n<meta name=\"twitter:card\" content=\"summary_large_image\" \/>\n<meta name=\"twitter:label1\" content=\"Odhadovan\u00e1 doba \u010dten\u00ed\" \/>\n\t<meta name=\"twitter:data1\" content=\"3 minuty\" \/>\n<script type=\"application\/ld+json\" class=\"yoast-schema-graph\">{\"@context\":\"https:\\\/\\\/schema.org\",\"@graph\":[{\"@type\":\"WebPage\",\"@id\":\"https:\\\/\\\/www.secretjardin.com\\\/cs\\\/certifikace\\\/certifikovane-dokumenty\\\/\",\"url\":\"https:\\\/\\\/www.secretjardin.com\\\/cs\\\/certifikace\\\/certifikovane-dokumenty\\\/\",\"name\":\"Certifikovan\u00e9 dokumenty - Secret Jardin\",\"isPartOf\":{\"@id\":\"https:\\\/\\\/www.secretjardin.com\\\/cs\\\/#website\"},\"datePublished\":\"2021-07-29T13:28:09+00:00\",\"dateModified\":\"2024-03-29T13:31:46+00:00\",\"breadcrumb\":{\"@id\":\"https:\\\/\\\/www.secretjardin.com\\\/cs\\\/certifikace\\\/certifikovane-dokumenty\\\/#breadcrumb\"},\"inLanguage\":\"cs\",\"potentialAction\":[{\"@type\":\"ReadAction\",\"target\":[\"https:\\\/\\\/www.secretjardin.com\\\/cs\\\/certifikace\\\/certifikovane-dokumenty\\\/\"]}]},{\"@type\":\"BreadcrumbList\",\"@id\":\"https:\\\/\\\/www.secretjardin.com\\\/cs\\\/certifikace\\\/certifikovane-dokumenty\\\/#breadcrumb\",\"itemListElement\":[{\"@type\":\"ListItem\",\"position\":1,\"name\":\"Home\",\"item\":\"https:\\\/\\\/www.secretjardin.com\\\/cs\\\/\"},{\"@type\":\"ListItem\",\"position\":2,\"name\":\"Zdroje\",\"item\":\"https:\\\/\\\/www.secretjardin.com\\\/cs\\\/zdroje\\\/\"},{\"@type\":\"ListItem\",\"position\":3,\"name\":\"Certifikace\",\"item\":\"https:\\\/\\\/www.secretjardin.com\\\/cs\\\/zdroje\\\/certifikace\\\/\"},{\"@type\":\"ListItem\",\"position\":4,\"name\":\"Certifikovan\u00e9 dokumenty\"}]},{\"@type\":\"WebSite\",\"@id\":\"https:\\\/\\\/www.secretjardin.com\\\/cs\\\/#website\",\"url\":\"https:\\\/\\\/www.secretjardin.com\\\/cs\\\/\",\"name\":\"Secret Jardin\",\"description\":\"\",\"publisher\":{\"@id\":\"https:\\\/\\\/www.secretjardin.com\\\/cs\\\/#organization\"},\"potentialAction\":[{\"@type\":\"SearchAction\",\"target\":{\"@type\":\"EntryPoint\",\"urlTemplate\":\"https:\\\/\\\/www.secretjardin.com\\\/cs\\\/?s={search_term_string}\"},\"query-input\":{\"@type\":\"PropertyValueSpecification\",\"valueRequired\":true,\"valueName\":\"search_term_string\"}}],\"inLanguage\":\"cs\"},{\"@type\":\"Organization\",\"@id\":\"https:\\\/\\\/www.secretjardin.com\\\/cs\\\/#organization\",\"name\":\"Secret Jardin\",\"url\":\"https:\\\/\\\/www.secretjardin.com\\\/cs\\\/\",\"logo\":{\"@type\":\"ImageObject\",\"inLanguage\":\"cs\",\"@id\":\"https:\\\/\\\/www.secretjardin.com\\\/cs\\\/#\\\/schema\\\/logo\\\/image\\\/\",\"url\":\"https:\\\/\\\/www.secretjardin.com\\\/wp-content\\\/uploads\\\/2019\\\/05\\\/header_logo.png\",\"contentUrl\":\"https:\\\/\\\/www.secretjardin.com\\\/wp-content\\\/uploads\\\/2019\\\/05\\\/header_logo.png\",\"width\":481,\"height\":198,\"caption\":\"Secret Jardin\"},\"image\":{\"@id\":\"https:\\\/\\\/www.secretjardin.com\\\/cs\\\/#\\\/schema\\\/logo\\\/image\\\/\"},\"sameAs\":[\"https:\\\/\\\/www.facebook.com\\\/SecretJardin\\\/\",\"https:\\\/\\\/www.instagram.com\\\/secretjardin_\\\/?hl=fr\",\"https:\\\/\\\/www.linkedin.com\\\/company\\\/secret-jardin\\\/about\\\/\"]}]}<\/script>\n<!-- \/ Yoast SEO plugin. -->","yoast_head_json":{"title":"Certifikovan\u00e9 dokumenty - Secret Jardin","robots":{"index":"index","follow":"follow","max-snippet":"max-snippet:-1","max-image-preview":"max-image-preview:large","max-video-preview":"max-video-preview:-1"},"canonical":"https:\/\/www.secretjardin.com\/cs\/certifikace\/certifikovane-dokumenty\/","og_locale":"cs_CZ","og_type":"article","og_title":"Certifikovan\u00e9 dokumenty - Secret Jardin","og_description":"[vc_row][vc_column][vc_column_text]Secret Jardin v\u00e1m d\u00e1v\u00e1 p\u0159\u00edstup k r\u016fzn\u00fdm certifika\u010dn\u00edm dokument\u016fm t\u00fdkaj\u00edc\u00edm se jeho fanou\u0161k\u016f a osv\u011btlen\u00ed, aby byl s r\u016fzn\u00fdmi \u00fa\u010dastn\u00edky naprosto transparentn\u00ed. Tyto certifikace zaru\u010duj\u00ed optim\u00e1ln\u00ed kvalitu a bezpe\u010dnost va\u0161ich n\u00e1kup\u016f. Aby byl zaji\u0161t\u011bn efektivn\u00ed provoz va\u0161eho za\u0159\u00edzen\u00ed, spole\u010dnost Secret&hellip;","og_url":"https:\/\/www.secretjardin.com\/cs\/certifikace\/certifikovane-dokumenty\/","og_site_name":"Secret Jardin","article_publisher":"https:\/\/www.facebook.com\/SecretJardin\/","article_modified_time":"2024-03-29T13:31:46+00:00","twitter_card":"summary_large_image","twitter_misc":{"Odhadovan\u00e1 doba \u010dten\u00ed":"3 minuty"},"schema":{"@context":"https:\/\/schema.org","@graph":[{"@type":"WebPage","@id":"https:\/\/www.secretjardin.com\/cs\/certifikace\/certifikovane-dokumenty\/","url":"https:\/\/www.secretjardin.com\/cs\/certifikace\/certifikovane-dokumenty\/","name":"Certifikovan\u00e9 dokumenty - Secret Jardin","isPartOf":{"@id":"https:\/\/www.secretjardin.com\/cs\/#website"},"datePublished":"2021-07-29T13:28:09+00:00","dateModified":"2024-03-29T13:31:46+00:00","breadcrumb":{"@id":"https:\/\/www.secretjardin.com\/cs\/certifikace\/certifikovane-dokumenty\/#breadcrumb"},"inLanguage":"cs","potentialAction":[{"@type":"ReadAction","target":["https:\/\/www.secretjardin.com\/cs\/certifikace\/certifikovane-dokumenty\/"]}]},{"@type":"BreadcrumbList","@id":"https:\/\/www.secretjardin.com\/cs\/certifikace\/certifikovane-dokumenty\/#breadcrumb","itemListElement":[{"@type":"ListItem","position":1,"name":"Home","item":"https:\/\/www.secretjardin.com\/cs\/"},{"@type":"ListItem","position":2,"name":"Zdroje","item":"https:\/\/www.secretjardin.com\/cs\/zdroje\/"},{"@type":"ListItem","position":3,"name":"Certifikace","item":"https:\/\/www.secretjardin.com\/cs\/zdroje\/certifikace\/"},{"@type":"ListItem","position":4,"name":"Certifikovan\u00e9 dokumenty"}]},{"@type":"WebSite","@id":"https:\/\/www.secretjardin.com\/cs\/#website","url":"https:\/\/www.secretjardin.com\/cs\/","name":"Secret Jardin","description":"","publisher":{"@id":"https:\/\/www.secretjardin.com\/cs\/#organization"},"potentialAction":[{"@type":"SearchAction","target":{"@type":"EntryPoint","urlTemplate":"https:\/\/www.secretjardin.com\/cs\/?s={search_term_string}"},"query-input":{"@type":"PropertyValueSpecification","valueRequired":true,"valueName":"search_term_string"}}],"inLanguage":"cs"},{"@type":"Organization","@id":"https:\/\/www.secretjardin.com\/cs\/#organization","name":"Secret Jardin","url":"https:\/\/www.secretjardin.com\/cs\/","logo":{"@type":"ImageObject","inLanguage":"cs","@id":"https:\/\/www.secretjardin.com\/cs\/#\/schema\/logo\/image\/","url":"https:\/\/www.secretjardin.com\/wp-content\/uploads\/2019\/05\/header_logo.png","contentUrl":"https:\/\/www.secretjardin.com\/wp-content\/uploads\/2019\/05\/header_logo.png","width":481,"height":198,"caption":"Secret Jardin"},"image":{"@id":"https:\/\/www.secretjardin.com\/cs\/#\/schema\/logo\/image\/"},"sameAs":["https:\/\/www.facebook.com\/SecretJardin\/","https:\/\/www.instagram.com\/secretjardin_\/?hl=fr","https:\/\/www.linkedin.com\/company\/secret-jardin\/about\/"]}]}},"_links":{"self":[{"href":"https:\/\/www.secretjardin.com\/cs\/wp-json\/wp\/v2\/pages\/18470","targetHints":{"allow":["GET"]}}],"collection":[{"href":"https:\/\/www.secretjardin.com\/cs\/wp-json\/wp\/v2\/pages"}],"about":[{"href":"https:\/\/www.secretjardin.com\/cs\/wp-json\/wp\/v2\/types\/page"}],"author":[{"embeddable":true,"href":"https:\/\/www.secretjardin.com\/cs\/wp-json\/wp\/v2\/users\/2"}],"replies":[{"embeddable":true,"href":"https:\/\/www.secretjardin.com\/cs\/wp-json\/wp\/v2\/comments?post=18470"}],"version-history":[{"count":0,"href":"https:\/\/www.secretjardin.com\/cs\/wp-json\/wp\/v2\/pages\/18470\/revisions"}],"up":[{"embeddable":true,"href":"https:\/\/www.secretjardin.com\/cs\/wp-json\/wp\/v2\/pages\/18529"}],"wp:attachment":[{"href":"https:\/\/www.secretjardin.com\/cs\/wp-json\/wp\/v2\/media?parent=18470"}],"curies":[{"name":"wp","href":"https:\/\/api.w.org\/{rel}","templated":true}]}}